{"id":43274,"date":"2025-10-27T13:18:24","date_gmt":"2025-10-27T06:18:24","guid":{"rendered":"https:\/\/havamall.vn\/?post_type=product&#038;p=43274"},"modified":"2025-10-27T13:18:25","modified_gmt":"2025-10-27T06:18:25","slug":"banh-quy-kep-kem-socola-nhap-khau-nhat-ban-hop-98g-nabisco-oreo-original-socola-cream","status":"publish","type":"product","link":"https:\/\/havamall.vn\/en\/shop\/banh-quy-kep-kem-socola-nhap-khau-nhat-ban-hop-98g-nabisco-oreo-original-socola-cream\/","title":{"rendered":"B\u00e1nh Quy K\u1eb9p Kem Socola Nh\u1eadp Kh\u1ea9u Nh\u1eadt B\u1ea3n H\u1ed9p 98g \u2013 Nabisco Oreo Original Socola Cream"},"content":{"rendered":"<blockquote>\n<h2><em><strong>TH\u00d4NG TIN CHUNG<\/strong><\/em><\/h2>\n<\/blockquote>\n<table style=\"width: 51.4916%;height: 164px\">\n<tbody>\n<tr>\n<td><b>Th\u01b0\u01a1ng hi\u1ec7u<\/b><\/td>\n<td>NABISCO<\/td>\n<\/tr>\n<tr>\n<td><b>Xu\u1ea5t x\u1ee9<\/b><\/td>\n<td>Nh\u1eadt B\u1ea3n<\/td>\n<\/tr>\n<tr>\n<td><b>Th\u00e0nh ph\u1ea7n<\/b><\/td>\n<td>Xem tr\u1ef1c ti\u1ebfp tr\u00ean bao b\u00ec<\/td>\n<\/tr>\n<tr>\n<td><b>H\u1ea1n s\u1eed d\u1ee5ng<\/b><\/td>\n<td>Xem tr\u1ef1c ti\u1ebfp tr\u00ean bao b\u00ec<\/td>\n<\/tr>\n<tr>\n<td><b>B\u1ea3o qu\u1ea3n<\/b><\/td>\n<td>B\u1ea3o qu\u1ea3n n\u01a1i kh\u00f4 r\u00e1o, tho\u00e1ng m\u00e1t<\/td>\n<\/tr>\n<tr>\n<td><b>Kh\u1ed1i l\u01b0\u1ee3ng<\/b><\/td>\n<td>98g<\/td>\n<\/tr>\n<\/tbody>\n<\/table>\n<p data-start=\"417\" data-end=\"831\">B\u00e1nh Quy K\u1eb9p Kem Socola Nabisco Oreo Chocolate Cream l\u00e0 phi\u00ean b\u1ea3n \u0111\u01b0\u1ee3c s\u1ea3n xu\u1ea5t d\u00e0nh ri\u00eang cho th\u1ecb tr\u01b0\u1eddng Nh\u1eadt B\u1ea3n, mang trong m\u00ecnh s\u1ef1 h\u00f2a quy\u1ec7n gi\u1eefa v\u1ecb cacao \u0111\u1eadm \u0111\u1eb7c v\u00e0 h\u01b0\u01a1ng kem socola b\u00e9o m\u1ecbn, quy\u1ebfn r\u0169. Kh\u00e1c v\u1edbi nhi\u1ec1u d\u00f2ng Oreo ph\u1ed5 bi\u1ebfn tr\u00ean th\u1ebf gi\u1edbi, phi\u00ean b\u1ea3n Nh\u1eadt n\u1ed5i b\u1eadt b\u1edfi \u0111\u1ed9 ng\u1ecdt \u0111\u01b0\u1ee3c ti\u1ebft ch\u1ebf tinh t\u1ebf, k\u1ebft h\u1ee3p v\u1edbi l\u1edbp b\u00e1nh quy gi\u00f2n x\u1ed1p, \u0111em l\u1ea1i c\u1ea3m gi\u00e1c c\u00e2n b\u1eb1ng v\u00e0 d\u1ec5 ch\u1ecbu ngay t\u1eeb mi\u1ebfng c\u1eafn \u0111\u1ea7u ti\u00ean.<\/p>\n<p data-start=\"417\" data-end=\"831\"><img fetchpriority=\"high\" decoding=\"async\" class=\"aligncenter  wp-image-42976\" src=\"https:\/\/havamall.com\/wp-content\/uploads\/2025\/10\/two-of-my-oreos-were-assembled-backwards-v0-89lnyckxbdle1.webp\" alt=\"\" width=\"801\" height=\"445\" \/><\/p>\n<p data-start=\"833\" data-end=\"1376\">L\u1edbp b\u00e1nh quy m\u00e0u cacao \u0111en \u0111\u01b0\u1ee3c n\u01b0\u1edbng \u1edf nhi\u1ec7t \u0111\u1ed9 chu\u1ea9n x\u00e1c \u0111\u1ec3 gi\u1eef tr\u1ecdn h\u01b0\u01a1ng th\u01a1m t\u1ef1 nhi\u00ean c\u1ee7a b\u1ed9t cacao, v\u1eeba \u0111\u1ee7 \u0111\u1eadm \u0111\u1ec3 l\u00e0m n\u1ed5i b\u1eadt ph\u1ea7n nh\u00e2n kem socola \u1edf gi\u1eefa. Khi th\u01b0\u1edfng th\u1ee9c, c\u00f3 th\u1ec3 c\u1ea3m nh\u1eadn r\u00f5 \u0111\u1ed9 gi\u00f2n m\u1ecbn c\u1ee7a b\u00e1nh xen l\u1eabn v\u1edbi \u0111\u1ed9 m\u01b0\u1ee3t m\u00e0 c\u1ee7a kem \u2013 m\u1ed9t s\u1ef1 t\u01b0\u01a1ng ph\u1ea3n \u0111\u01b0\u1ee3c h\u00f2a quy\u1ec7n ho\u00e0n h\u1ea3o. Ch\u00ednh s\u1ef1 h\u00f2a quy\u1ec7n \u1ea5y t\u1ea1o n\u00ean h\u01b0\u01a1ng v\u1ecb ri\u00eang bi\u1ec7t, v\u1eeba c\u00f3 chi\u1ec1u s\u00e2u c\u1ee7a cacao, v\u1eeba c\u00f3 s\u1ef1 b\u00e9o ng\u1ecdt c\u1ee7a kem socola, kh\u00f4ng qu\u00e1 g\u1eaft, kh\u00f4ng g\u00e2y ng\u1ea5y, \u0111\u1ec3 l\u1ea1i d\u01b0 v\u1ecb \u0111\u1eadm \u0111\u00e0 v\u00e0 \u1ea5m \u00e1p n\u01a1i \u0111\u1ea7u l\u01b0\u1ee1i, khi\u1ebfn ng\u01b0\u1eddi \u0103n d\u1ec5 d\u00e0ng y\u00eau th\u00edch d\u00f9 ch\u1ec9 l\u00e0 l\u1ea7n \u0111\u1ea7u n\u1ebfm th\u1eed.<\/p>\n<p data-start=\"833\" data-end=\"1376\"><img decoding=\"async\" class=\"aligncenter  wp-image-42977\" src=\"https:\/\/havamall.com\/wp-content\/uploads\/2025\/10\/abd062ce6ea74542b8b7808d9d452819.jpg\" alt=\"\" width=\"801\" height=\"801\" \/><\/p>\n<p data-start=\"1378\" data-end=\"1889\">Th\u00e0nh ph\u1ea7n c\u1ee7a Oreo Nh\u1eadt B\u1ea3n \u0111\u01b0\u1ee3c l\u1ef1a ch\u1ecdn k\u1ef9 l\u01b0\u1ee1ng, \u0111\u00e1p \u1ee9ng ti\u00eau chu\u1ea9n kh\u1eaft khe trong quy tr\u00ecnh s\u1ea3n xu\u1ea5t th\u1ef1c ph\u1ea9m c\u1ee7a Nh\u1eadt. B\u1ed9t m\u00ec tinh luy\u1ec7n, b\u1ed9t cacao nguy\u00ean ch\u1ea5t, b\u01a1 th\u1ef1c v\u1eadt, s\u1eefa b\u1ed9t v\u00e0 kem socola \u0111\u01b0\u1ee3c ph\u1ed1i tr\u1ed9n theo c\u00f4ng th\u1ee9c ri\u00eang, \u0111\u1ea3m b\u1ea3o h\u01b0\u01a1ng v\u1ecb \u0111\u1ed3ng nh\u1ea5t v\u00e0 ch\u1ea5t l\u01b0\u1ee3ng \u1ed5n \u0111\u1ecbnh. Nabisco \u0111\u1eb7c bi\u1ec7t ch\u00fa tr\u1ecdng \u0111\u1ebfn \u0111\u1ed9 gi\u00f2n x\u1ed1p c\u1ee7a ph\u1ea7n b\u00e1nh, v\u00ec \u0111\u00e2y l\u00e0 y\u1ebfu t\u1ed1 t\u1ea1o n\u00ean linh h\u1ed3n c\u1ee7a chi\u1ebfc Oreo: m\u1ed7i chi\u1ebfc b\u00e1nh ph\u1ea3i \u0111\u1ea1t \u0111\u1ebfn \u0111\u1ed9 \u201csnap\u201d nh\u1eb9 khi b\u1ebb \u0111\u00f4i, v\u00e0 v\u1eabn gi\u1eef nguy\u00ean k\u1ebft c\u1ea5u d\u00f9 \u0111\u01b0\u1ee3c nh\u00fang s\u1eefa hay \u0103n ri\u00eang.<\/p>\n<p data-start=\"1378\" data-end=\"1889\"><img decoding=\"async\" class=\"aligncenter  wp-image-42978\" src=\"https:\/\/havamall.com\/wp-content\/uploads\/2025\/10\/banh-quy-oreo-kem-socola-goi-1235g-202301311555568676-396-1730543662273.jpg\" alt=\"\" width=\"800\" height=\"600\" \/><\/p>\n<p data-start=\"1891\" data-end=\"2590\">Oreo Nabisco kh\u00f4ng ch\u1ec9 \u0111\u01a1n thu\u1ea7n l\u00e0 m\u00f3n b\u00e1nh \u0103n v\u1eb7t, m\u00e0 c\u00f2n l\u00e0 nguy\u00ean li\u1ec7u linh ho\u1ea1t trong nhi\u1ec1u m\u00f3n tr\u00e1ng mi\u1ec7ng hi\u1ec7n \u0111\u1ea1i. Ph\u1ea7n b\u00e1nh quy nghi\u1ec1n nh\u1ecf c\u00f3 th\u1ec3 \u0111\u01b0\u1ee3c d\u00f9ng l\u00e0m \u0111\u1ebf cho cheesecake, mousse socola ho\u1eb7c tiramisu l\u1ea1nh; ph\u1ea7n nh\u00e2n kem socola tan ch\u1ea3y h\u00f2a c\u00f9ng kem t\u01b0\u01a1i hay s\u1eefa l\u1ea1nh t\u1ea1o th\u00e0nh l\u1edbp h\u01b0\u01a1ng ng\u1ecdt ng\u00e0o, s\u00e2u v\u1ecb. Khi nh\u00fang b\u00e1nh v\u00e0o s\u1eefa, l\u1edbp kem m\u1ec1m ra, ph\u1ea7n b\u00e1nh cacao th\u1ea5m \u1ea9m nh\u1eb9 \u2013 \u0111\u00f3 l\u00e0 c\u00e1ch m\u00e0 nhi\u1ec1u ng\u01b0\u1eddi Nh\u1eadt l\u1ef1a ch\u1ecdn \u0111\u1ec3 th\u01b0\u1edfng th\u1ee9c, v\u1eeba c\u1ed5 \u0111i\u1ec3n v\u1eeba tinh t\u1ebf.<br data-start=\"2363\" data-end=\"2366\" \/>\u2013 \u0102n tr\u1ef1c ti\u1ebfp \u0111\u1ec3 c\u1ea3m nh\u1eadn r\u00f5 s\u1ef1 t\u01b0\u01a1ng ph\u1ea3n gi\u1eefa gi\u00f2n v\u00e0 m\u1ecbn.<br data-start=\"2427\" data-end=\"2430\" \/>\u2013 D\u00f9ng k\u00e8m v\u1edbi s\u1eefa l\u1ea1nh ho\u1eb7c c\u00e0 ph\u00ea \u0111\u1ec3 t\u0103ng chi\u1ec1u s\u00e2u h\u01b0\u01a1ng v\u1ecb.<br data-start=\"2493\" data-end=\"2496\" \/>\u2013 K\u1ebft h\u1ee3p trong c\u00e1c m\u00f3n tr\u00e1ng mi\u1ec7ng nh\u01b0 mousse, b\u00e1nh l\u1ea1nh, parfait ho\u1eb7c sinh t\u1ed1 Oreo socola.<\/p>\n<p data-start=\"1891\" data-end=\"2590\"><img loading=\"lazy\" decoding=\"async\" class=\"aligncenter\" src=\"https:\/\/havamall.com\/wp-content\/uploads\/2025\/10\/3c46a2bc-1837-4738-9777-04d7bf33bb30.e65134ebcba515950d7b89af7a9ccba6.jpg\" alt=\"OREO Chocolate Creme Chocolate Sandwich Cookies, Family Size, 18.71 oz \u2013  LOOP MX\" width=\"801\" height=\"801\" \/><\/p>\n<p data-start=\"2592\" data-end=\"3104\">T\u1eebng chi\u1ebfc b\u00e1nh Oreo nh\u1ecf b\u00e9 ch\u1ee9a \u0111\u1ef1ng c\u1ea3 m\u1ed9t qu\u00e1 tr\u00ecnh t\u1ec9 m\u1ec9: t\u1eeb vi\u1ec7c ch\u1ecdn nguy\u00ean li\u1ec7u, canh ch\u1ec9nh nhi\u1ec7t \u0111\u1ed9 n\u01b0\u1edbng, \u0111\u1ebfn kh\u00e2u k\u1eb9p kem v\u00e0 \u0111\u00f3ng g\u00f3i. M\u1ecdi chi ti\u1ebft \u0111\u1ec1u tu\u00e2n theo ti\u00eau chu\u1ea9n nghi\u00eam ng\u1eb7t, nh\u1eb1m gi\u1eef nguy\u00ean h\u01b0\u01a1ng v\u1ecb nguy\u00ean b\u1ea3n nh\u1ea5t. Khi c\u1eafn v\u00e0o, l\u1edbp b\u00e1nh cacao t\u00e1ch nh\u1eb9, \u0111\u1ec3 l\u1ed9 ph\u1ea7n kem socola m\u1ecbn b\u00ean trong, tan d\u1ea7n n\u01a1i \u0111\u1ea7u l\u01b0\u1ee1i v\u00e0 \u0111\u1ec3 l\u1ea1i d\u01b0 v\u1ecb b\u00e9o d\u1ecbu, tho\u1ea3ng h\u01b0\u01a1ng cacao n\u1ed3ng n\u00e0n. C\u1ea3m gi\u00e1c \u1ea5y, d\u00f9 quen thu\u1ed9c, v\u1eabn lu\u00f4n khi\u1ebfn ng\u01b0\u1eddi th\u01b0\u1edfng th\u1ee9c m\u1ec9m c\u01b0\u1eddi \u2013 nh\u01b0 m\u1ed9t \u0111i\u1ec1u nh\u1ecf b\u00e9 nh\u01b0ng \u0111\u1ea7y tr\u1ecdn v\u1eb9n trong ng\u00e0y.<\/p>\n<p data-start=\"3106\" data-end=\"3249\"><strong data-start=\"3106\" data-end=\"3249\">B\u00e1nh Quy K\u1eb9p Kem Socola Nh\u1eadp Kh\u1ea9u Nh\u1eadt B\u1ea3n Nabisco Oreo Chocolate Cream 5\u00d72 \u2013 Nabisco Oreo Chocolate Cream hi\u1ec7n \u0111ang \u0111\u01b0\u1ee3c b\u00e1n t\u1ea1i Havamall.<\/strong><\/p>","protected":false},"excerpt":{"rendered":"<p>TH\u00d4NG TIN CHUNG Th\u01b0\u01a1ng hi\u1ec7u NABISCO Xu\u1ea5t x\u1ee9 Nh\u1eadt B\u1ea3n Th\u00e0nh ph\u1ea7n Xem tr\u1ef1c ti\u1ebfp tr\u00ean bao b\u00ec H\u1ea1n s\u1eed<\/p>","protected":false},"featured_media":43275,"comment_status":"open","ping_status":"closed","template":"","meta":[],"product_brand":[],"product_cat":[675,133],"product_tag":[],"class_list":{"0":"post-43274","1":"product","2":"type-product","3":"status-publish","4":"has-post-thumbnail","6":"product_cat-nhap-khau-nhat-ban","7":"product_cat-banh-keo-chocolate","9":"first","10":"instock","11":"sale","12":"shipping-taxable","13":"purchasable","14":"product-type-simple"},"_links":{"self":[{"href":"https:\/\/havamall.vn\/en\/wp-json\/wp\/v2\/product\/43274"}],"collection":[{"href":"https:\/\/havamall.vn\/en\/wp-json\/wp\/v2\/product"}],"about":[{"href":"https:\/\/havamall.vn\/en\/wp-json\/wp\/v2\/types\/product"}],"replies":[{"embeddable":true,"href":"https:\/\/havamall.vn\/en\/wp-json\/wp\/v2\/comments?post=43274"}],"version-history":[{"count":0,"href":"https:\/\/havamall.vn\/en\/wp-json\/wp\/v2\/product\/43274\/revisions"}],"wp:featuredmedia":[{"embeddable":true,"href":"https:\/\/havamall.vn\/en\/wp-json\/wp\/v2\/media\/43275"}],"wp:attachment":[{"href":"https:\/\/havamall.vn\/en\/wp-json\/wp\/v2\/media?parent=43274"}],"wp:term":[{"taxonomy":"product_brand","embeddable":true,"href":"https:\/\/havamall.vn\/en\/wp-json\/wp\/v2\/product_brand?post=43274"},{"taxonomy":"product_cat","embeddable":true,"href":"https:\/\/havamall.vn\/en\/wp-json\/wp\/v2\/product_cat?post=43274"},{"taxonomy":"product_tag","embeddable":true,"href":"https:\/\/havamall.vn\/en\/wp-json\/wp\/v2\/product_tag?post=43274"}],"curies":[{"name":"wp","href":"https:\/\/api.w.org\/{rel}","templated":true}]}}