{"id":43249,"date":"2025-10-24T09:49:59","date_gmt":"2025-10-24T02:49:59","guid":{"rendered":"https:\/\/havamall.vn\/?post_type=product&#038;p=43249"},"modified":"2025-10-24T09:50:00","modified_gmt":"2025-10-24T02:50:00","slug":"set-2-chai-ruou-phuc-bon-tu-han-quoc-gochang-bokbunja-375ml-korean-raspberry-wine","status":"publish","type":"product","link":"https:\/\/havamall.vn\/en\/shop\/set-2-chai-ruou-phuc-bon-tu-han-quoc-gochang-bokbunja-375ml-korean-raspberry-wine\/","title":{"rendered":"Set 2 Chai R\u01b0\u1ee3u Ph\u00fac B\u1ed3n T\u1eed H\u00e0n Qu\u1ed1c Gochang Bokbunja 375ml \u2013 Korean Raspberry Wine"},"content":{"rendered":"<h2><strong>TH\u00d4NG TIN CHUNG<\/strong><\/h2>\n<table style=\"width: 55.7509%;height: 142px\">\n<tbody>\n<tr>\n<td>Th\u01b0\u01a1ng hi\u1ec7u<\/td>\n<td><b>Jinro<\/b>\u00a0(HiteJinro)<\/td>\n<\/tr>\n<tr>\n<td>Xu\u1ea5t x\u1ee9<\/td>\n<td>H\u00e0n Qu\u1ed1c<\/td>\n<\/tr>\n<tr>\n<td>Th\u00e0nh ph\u1ea7n<\/td>\n<td>Qu\u1ea3 Ph\u00fac B\u1ed3n T\u1eed (M\u00e2m x\u00f4i \u0111en H\u00e0n Qu\u1ed1c), \u0111\u01b0\u1ee3c \u1ee7\/l\u00ean men.<\/td>\n<\/tr>\n<tr>\n<td>B\u1ea3o qu\u1ea3n<\/td>\n<td>\u0110\u1ec3 n\u01a1i kh\u00f4 r\u00e1o, tho\u00e1ng m\u00e1t, tr\u00e1nh \u00e1nh n\u1eafng tr\u1ef1c ti\u1ebfp<\/td>\n<\/tr>\n<tr>\n<td>Th\u1ec3 t\u00edch<\/td>\n<td>375ml x 2<\/td>\n<\/tr>\n<\/tbody>\n<\/table>\n<p data-start=\"886\" data-end=\"1329\">Kh\u00f4ng gi\u1ed1ng d\u00f2ng r\u01b0\u1ee3u tr\u00e1i c\u00e2y th\u00f4ng th\u01b0\u1eddng, Gochang Bokbunja l\u00e0 k\u1ebft qu\u1ea3 c\u1ee7a qu\u00e1 tr\u00ecnh\u00a0<strong data-start=\"973\" data-end=\"1015\">l\u00ean men t\u1ef1 nhi\u00ean b\u1eb1ng men truy\u1ec1n th\u1ed1ng<\/strong>, k\u1ebf th\u1eeba k\u1ef9 ngh\u1ec7 \u1ee7 r\u01b0\u1ee3u l\u00e2u \u0111\u1eddi c\u1ee7a ng\u01b0\u1eddi H\u00e0n. M\u1ed7i chai \u0111\u1ec1u \u0111\u01b0\u1ee3c ch\u0103m ch\u00fat t\u1eeb kh\u00e2u ch\u1ecdn qu\u1ea3, r\u1eeda s\u1ea1ch, \u00e9p v\u00e0 l\u00ean men trong m\u00f4i tr\u01b0\u1eddng ki\u1ec3m so\u00e1t nhi\u1ec7t \u0111\u1ed9 nghi\u00eam ng\u1eb7t. Qu\u1ea3 ph\u00fac b\u1ed3n t\u1eed \u0111\u01b0\u1ee3c ch\u1ecdn ph\u1ea3i ch\u00edn t\u1edbi \u0111\u1ed9 ho\u00e0n h\u1ea3o \u2013 n\u01a1i s\u1eafc t\u00edm chuy\u1ec3n d\u1ea7n sang \u0111\u1ecf ruby, v\u1ecb chua thanh c\u00e2n b\u1eb1ng c\u00f9ng \u0111\u1ed9 ng\u1ecdt t\u1ef1 nhi\u00ean c\u1ee7a tr\u00e1i.<\/p>\n<p data-start=\"886\" data-end=\"1329\"><img fetchpriority=\"high\" decoding=\"async\" class=\"aligncenter  wp-image-42948\" src=\"https:\/\/havamall.com\/wp-content\/uploads\/2025\/10\/503704092_2758827360984669_8275404455993563707_n.jpg\" alt=\"\" width=\"800\" height=\"922\" \/><\/p>\n<p data-start=\"1331\" data-end=\"1736\">H\u01b0\u01a1ng v\u1ecb c\u1ee7a Gochang Bokbunja m\u1edf ra b\u1eb1ng\u00a0<strong data-start=\"1372\" data-end=\"1413\">s\u1ef1 ng\u1ecdt d\u1ecbu \u0111\u1eb7c tr\u01b0ng c\u1ee7a ph\u00fac b\u1ed3n t\u1eed<\/strong>, xen ch\u00fat v\u1ecb chua thanh tao r\u1ed3i d\u1ea7n k\u1ebft l\u1ea1i b\u1eb1ng h\u1eadu v\u1ecb m\u1ec1m m\u01b0\u1ee3t, l\u01b0u h\u01b0\u01a1ng nh\u1eb9 nh\u01b0 l\u1edbp s\u01b0\u01a1ng s\u1edbm. Ch\u00ednh nh\u1edd qu\u00e1 tr\u00ecnh \u1ee7 t\u1ef1 nhi\u00ean, r\u01b0\u1ee3u c\u00f3 \u0111\u1ed9 c\u1ed3n v\u1eeba ph\u1ea3i, d\u1ec5 u\u1ed1ng, kh\u00f4ng g\u1eaft, \u0111\u1ec3 l\u1ea1i c\u1ea3m gi\u00e1c \u1ea5m \u00e1p v\u00e0 th\u01b0 gi\u00e3n. D\u00f9 d\u00f9ng ri\u00eang l\u1ebb hay k\u1ebft h\u1ee3p c\u00f9ng m\u00f3n \u0103n, h\u01b0\u01a1ng r\u01b0\u1ee3u v\u1eabn gi\u1eef \u0111\u01b0\u1ee3c s\u1ef1 tinh t\u1ebf, gi\u00fap c\u00e2n b\u1eb1ng kh\u1ea9u v\u1ecb ho\u00e0n h\u1ea3o.<\/p>\n<p data-start=\"1331\" data-end=\"1736\"><img decoding=\"async\" class=\"aligncenter\" src=\"https:\/\/havamall.com\/wp-content\/uploads\/2025\/10\/51311800328_c342fde524_b.jpg\" alt=\"Korean Fruit (Beginners Guide to Korean Fruits) - Carving A Journey\" width=\"800\" height=\"601\" \/><\/p>\n<p data-start=\"1738\" data-end=\"2171\">Trong v\u0103n h\u00f3a H\u00e0n Qu\u1ed1c, Bokbunja c\u00f2n \u0111\u01b0\u1ee3c xem l\u00e0 lo\u1ea1i r\u01b0\u1ee3u bi\u1ec3u tr\u01b0ng cho s\u1ef1 tao nh\u00e3 v\u00e0 ch\u1eaft l\u1ecdc c\u1ee7a thi\u00ean nhi\u00ean. Ng\u01b0\u1eddi H\u00e0n th\u01b0\u1eddng d\u00f9ng r\u01b0\u1ee3u n\u00e0y trong c\u00e1c d\u1ecbp l\u1ec5 t\u1ebft, chi\u00eau \u0111\u00e3i kh\u00e1ch qu\u00fd ho\u1eb7c l\u00e0m qu\u00e0 bi\u1ebfu sang tr\u1ecdng. Nh\u1edd h\u01b0\u01a1ng v\u1ecb nh\u1eb9 nh\u00e0ng, r\u01b0\u1ee3u ph\u00fac b\u1ed3n t\u1eed kh\u00f4ng ch\u1ec9 h\u1ee3p v\u1edbi c\u00e1c m\u00f3n th\u1ecbt n\u01b0\u1edbng, h\u1ea3i s\u1ea3n hay \u0111\u1ed3 ngu\u1ed9i m\u00e0 c\u00f2n \u0111\u1eb7c bi\u1ec7t h\u00f2a quy\u1ec7n c\u00f9ng\u00a0<strong data-start=\"2086\" data-end=\"2129\">m\u00f3n tr\u00e1ng mi\u1ec7ng, ph\u00f4 mai, tr\u00e1i c\u00e2y t\u01b0\u01a1i<\/strong>\u00a0\u2013 t\u1ea1o n\u00ean tr\u1ea3i nghi\u1ec7m v\u1ecb gi\u00e1c tr\u00f2n \u0111\u1ea7y.<\/p>\n<p data-start=\"1738\" data-end=\"2171\"><img decoding=\"async\" class=\"aligncenter  wp-image-42950\" src=\"https:\/\/havamall.com\/wp-content\/uploads\/2025\/10\/111.png\" alt=\"\" width=\"802\" height=\"1069\" \/><\/p>\n<p data-start=\"2173\" data-end=\"2484\">M\u00e0u r\u01b0\u1ee3u l\u00e0 m\u1ed9t \u0111i\u1ec3m cu\u1ed1n h\u00fat ri\u00eang:\u00a0<strong data-start=\"2210\" data-end=\"2232\">s\u1eafc \u0111\u1ecf \u0111\u1eadm \u00e1nh t\u00edm<\/strong>, trong tr\u1ebbo v\u00e0 b\u1eaft s\u00e1ng, g\u1ee3i li\u00ean t\u01b0\u1edfng \u0111\u1ebfn nh\u1eefng bu\u1ed5i chi\u1ec1u m\u00f9a h\u1ea1 v\u00f9ng Gochang, n\u01a1i t\u1eebng gi\u1ecdt n\u1eafng l\u1ea5p l\u00e1nh tr\u00ean ru\u1ed9ng ph\u00fac b\u1ed3n t\u1eed \u0111ang ch\u00edn. Ch\u1ec9 c\u1ea7n nghi\u00eang nh\u1eb9 ly, m\u00f9i th\u01a1m ng\u1ecdt ng\u00e0o c\u1ee7a tr\u00e1i ch\u00edn s\u1ebd lan t\u1ecfa, \u0111\u1ec3 l\u1ea1i d\u01b0 v\u1ecb v\u1eeba l\u00e3ng m\u1ea1n v\u1eeba \u1ea5m \u00e1p.<\/p>\n<p data-start=\"2173\" data-end=\"2484\"><img loading=\"lazy\" decoding=\"async\" class=\"aligncenter\" src=\"https:\/\/havamall.com\/wp-content\/uploads\/2025\/10\/7255d4f0cf93ea51bc95d3b47f905da8.png\" alt=\"Gochang Bokbunja Korean Raspberry Wine Acl 15% 375ml Yellow Soil Cave  Fermentation Local Supplier Warranty Chilsan Front Sea Raspberries - Lazada  | Lazada PH\" width=\"800\" height=\"650\" \/><\/p>\n<p data-start=\"2486\" data-end=\"2766\">Kh\u00f4ng ch\u1ec9 l\u00e0 \u0111\u1ed3 u\u1ed1ng, Gochang Bokbunja c\u00f2n mang trong m\u00ecnh \u00fd ngh\u0129a c\u1ee7a s\u1ef1 tr\u00e2n tr\u1ecdng t\u1ef1 nhi\u00ean v\u00e0 s\u1ef1 t\u1ec9 m\u1ec9 trong t\u1eebng c\u00f4ng \u0111o\u1ea1n ch\u1ebf t\u00e1c. \u0110\u00f3 l\u00e0 bi\u1ec3u t\u01b0\u1ee3ng c\u1ee7a\u00a0<strong data-start=\"2643\" data-end=\"2691\">r\u01b0\u1ee3u H\u00e0n Qu\u1ed1c truy\u1ec1n th\u1ed1ng \u0111\u01b0\u1ee3c hi\u1ec7n \u0111\u1ea1i h\u00f3a<\/strong>, k\u1ebft h\u1ee3p gi\u1eefa tinh th\u1ea7n g\u00ecn gi\u1eef b\u1ea3n s\u1eafc v\u00e0 s\u1ef1 s\u00e1ng t\u1ea1o c\u1ee7a th\u1eddi \u0111\u1ea1i m\u1edbi.\u00a0Nh\u1eefng ai y\u00eau th\u00edch r\u01b0\u1ee3u nh\u1eb9, d\u1ec5 th\u01b0\u1edfng th\u1ee9c nh\u01b0ng v\u1eabn sang tr\u1ecdng th\u00ec Bokbunja l\u00e0 l\u1ef1a ch\u1ecdn kh\u00f3 thay th\u1ebf. M\u1ed9t ly nh\u1ecf tr\u01b0\u1edbc b\u1eefa \u0103n gi\u00fap \u0111\u00e1nh th\u1ee9c v\u1ecb gi\u00e1c, m\u1ed9t ly gi\u1eefa bu\u1ed5i ti\u1ec7c t\u1ea1o \u0111i\u1ec3m nh\u1ea5n duy\u00ean d\u00e1ng, v\u00e0 \u0111\u00f4i khi, ch\u1ec9 c\u1ea7n nh\u1ea5p nh\u1eb9 v\u00e0o bu\u1ed5i t\u1ed1i t\u0129nh l\u1eb7ng c\u0169ng \u0111\u1ee7 \u0111\u1ec3 c\u1ea3m nh\u1eadn s\u1ef1 d\u1ecbu d\u00e0ng c\u1ee7a th\u1eddi gian trong t\u1eebng gi\u1ecdt r\u01b0\u1ee3u.<\/p>\n<p data-start=\"2486\" data-end=\"2766\"><img loading=\"lazy\" decoding=\"async\" class=\"aligncenter  wp-image-42949\" src=\"https:\/\/havamall.com\/wp-content\/uploads\/2025\/10\/222.png\" alt=\"\" width=\"801\" height=\"1068\" \/><\/p>\n<p data-start=\"3091\" data-end=\"3309\"><strong data-start=\"3091\" data-end=\"3167\">R\u01b0\u1ee3u Ph\u00fac B\u1ed3n T\u1eed H\u00e0n Qu\u1ed1c Gochang Bokbunja 375ml \u2013 Korean Raspberry Wine<\/strong>\u00a0l\u00e0 g\u1ee3i \u00fd ho\u00e0n h\u1ea3o cho nh\u1eefng ai mu\u1ed1n t\u00ecm ki\u1ebfm n\u00e9t giao h\u00f2a gi\u1eefa v\u1ecb ng\u1ecdt thanh v\u00e0 phong v\u1ecb truy\u1ec1n th\u1ed1ng. Hi\u1ec7n \u0111ang \u0111\u01b0\u1ee3c b\u00e1n t\u1ea1i\u00a0<strong data-start=\"3294\" data-end=\"3306\">Havamall<\/strong>.<\/p>","protected":false},"excerpt":{"rendered":"<p>TH\u00d4NG TIN CHUNG Th\u01b0\u01a1ng hi\u1ec7u Jinro\u00a0(HiteJinro) Xu\u1ea5t x\u1ee9 H\u00e0n Qu\u1ed1c Th\u00e0nh ph\u1ea7n Qu\u1ea3 Ph\u00fac B\u1ed3n T\u1eed (M\u00e2m x\u00f4i \u0111en H\u00e0n<\/p>","protected":false},"featured_media":43250,"comment_status":"open","ping_status":"closed","template":"","meta":[],"product_brand":[],"product_cat":[409,676,135],"product_tag":[],"class_list":{"0":"post-43249","1":"product","2":"type-product","3":"status-publish","4":"has-post-thumbnail","6":"product_cat-hop-qua-set-qua","7":"product_cat-nhap-khau-han-quoc","8":"product_cat-sua-do-uong","10":"first","11":"instock","12":"sale","13":"shipping-taxable","14":"purchasable","15":"product-type-simple"},"_links":{"self":[{"href":"https:\/\/havamall.vn\/en\/wp-json\/wp\/v2\/product\/43249"}],"collection":[{"href":"https:\/\/havamall.vn\/en\/wp-json\/wp\/v2\/product"}],"about":[{"href":"https:\/\/havamall.vn\/en\/wp-json\/wp\/v2\/types\/product"}],"replies":[{"embeddable":true,"href":"https:\/\/havamall.vn\/en\/wp-json\/wp\/v2\/comments?post=43249"}],"version-history":[{"count":0,"href":"https:\/\/havamall.vn\/en\/wp-json\/wp\/v2\/product\/43249\/revisions"}],"wp:featuredmedia":[{"embeddable":true,"href":"https:\/\/havamall.vn\/en\/wp-json\/wp\/v2\/media\/43250"}],"wp:attachment":[{"href":"https:\/\/havamall.vn\/en\/wp-json\/wp\/v2\/media?parent=43249"}],"wp:term":[{"taxonomy":"product_brand","embeddable":true,"href":"https:\/\/havamall.vn\/en\/wp-json\/wp\/v2\/product_brand?post=43249"},{"taxonomy":"product_cat","embeddable":true,"href":"https:\/\/havamall.vn\/en\/wp-json\/wp\/v2\/product_cat?post=43249"},{"taxonomy":"product_tag","embeddable":true,"href":"https:\/\/havamall.vn\/en\/wp-json\/wp\/v2\/product_tag?post=43249"}],"curies":[{"name":"wp","href":"https:\/\/api.w.org\/{rel}","templated":true}]}}