{"id":43228,"date":"2025-10-23T08:13:36","date_gmt":"2025-10-23T01:13:36","guid":{"rendered":"https:\/\/havamall.vn\/?post_type=product&#038;p=43228"},"modified":"2025-11-04T09:01:19","modified_gmt":"2025-11-04T02:01:19","slug":"sua-chua-hoa-qua-it-beo-fruttis-0-1-vi-dua-dua-luoi-qua-mong-loc-4-hu-x110g-fruttis-low-fat-fruit-yogurt","status":"publish","type":"product","link":"https:\/\/havamall.vn\/en\/shop\/sua-chua-hoa-qua-it-beo-fruttis-0-1-vi-dua-dua-luoi-qua-mong-loc-4-hu-x110g-fruttis-low-fat-fruit-yogurt\/","title":{"rendered":"S\u1eefa Chua Hoa Qu\u1ea3 \u00cdt B\u00e9o Fruttis 0.1% V\u1ecb D\u1ee9a &amp; D\u01b0a L\u01b0\u1edbi \/ Qu\u1ea3 M\u1ecdng L\u1ed1c 4 H\u0169 x110g \u2013 Fruttis Low-Fat Fruit Yogurt"},"content":{"rendered":"<blockquote>\n<h3><em><strong>TH\u00d4NG TIN S\u1ea2N PH\u1ea8M<\/strong><\/em><\/h3>\n<\/blockquote>\n<table>\n<tbody>\n<tr>\n<td>Th\u01b0\u01a1ng hi\u1ec7u<\/td>\n<td>Fruttis<\/td>\n<\/tr>\n<tr>\n<td>Xu\u1ea5t x\u1ee9<\/td>\n<td>Nga<\/td>\n<\/tr>\n<tr>\n<td>Th\u00e0nh ph\u1ea7n<\/td>\n<td>S\u1eefa, protein s\u1eefa, ch\u1ea5t l\u00e0m \u0111\u1ea7y, vitamin, lactose,\u2026<\/td>\n<\/tr>\n<tr>\n<td>H\u1ea1n s\u1eed d\u1ee5ng<\/td>\n<td>5 th\u00e1ng k\u1ec3 t\u1eeb ng\u00e0y s\u1ea3n xu\u1ea5t.<\/td>\n<\/tr>\n<tr>\n<td>B\u1ea3o qu\u1ea3n<\/td>\n<td>B\u1ea3o qu\u1ea3n \u1edf nhi\u1ec7t \u0111\u1ed9 2 \u2013 8 \u0111\u1ed9 C<\/td>\n<\/tr>\n<tr>\n<td>Kh\u1ed1i l\u01b0\u1ee3ng<\/td>\n<td>110g x 4 h\u1ed9p<\/td>\n<\/tr>\n<\/tbody>\n<\/table>\n<p data-start=\"844\" data-end=\"1080\">Fruttis 0.1% \u0111\u01b0\u1ee3c l\u00e0m t\u1eeb s\u1eefa t\u01b0\u01a1i ti\u1ec7t tr\u00f9ng ch\u1ecdn l\u1ecdc, l\u00ean men t\u1ef1 nhi\u00ean c\u00f9ng ch\u1ee7ng men \u0111\u1eb7c tr\u01b0ng gi\u00fap t\u1ea1o n\u00ean \u0111\u1ed9 s\u00e1nh nh\u1eb9 v\u00e0 v\u1ecb chua d\u1ecbu tinh t\u1ebf. Khi k\u1ebft h\u1ee3p v\u1edbi h\u01b0\u01a1ng v\u1ecb tr\u00e1i c\u00e2y th\u1eadt, m\u1ed7i lo\u1ea1i mang \u0111\u1ebfn m\u1ed9t tr\u1ea3i nghi\u1ec7m v\u1ecb gi\u00e1c ri\u00eang:<\/p>\n<p data-start=\"1082\" data-end=\"1482\">\u2013\u00a0<strong data-start=\"1084\" data-end=\"1102\">D\u1ee9a &amp; D\u01b0a l\u01b0\u1edbi<\/strong>: thanh m\u00e1t, ng\u1ecdt nh\u1eb9, g\u1ee3i nh\u1edb nh\u1eefng bu\u1ed5i s\u00e1ng \u0111\u1ea7y n\u1eafng v\u00f9ng \u0110\u1ecba Trung H\u1ea3i. V\u1ecb d\u1ee9a v\u00e0ng h\u00f2a c\u00f9ng d\u01b0a l\u01b0\u1edbi ch\u00edn m\u1ecdng t\u1ea1o n\u00ean t\u1ea7ng h\u01b0\u01a1ng nhi\u1ec7t \u0111\u1edbi d\u1ecbu d\u00e0ng, v\u1eeba \u0111\u1ee7 t\u01b0\u01a1i m\u1edbi m\u00e0 kh\u00f4ng g\u1eaft.<br data-start=\"1286\" data-end=\"1289\" \/>\u2013\u00a0<strong data-start=\"1291\" data-end=\"1308\">Qu\u1ea3 m\u1ecdng r\u1eebng<\/strong>: chua nh\u1eb9, th\u01a1m s\u00e2u, v\u1edbi s\u1ef1 g\u00f3p m\u1eb7t c\u1ee7a vi\u1ec7t qu\u1ea5t, m\u00e2m x\u00f4i v\u00e0 l\u00fd chua \u0111en \u2013 nh\u1eefng lo\u1ea1i qu\u1ea3 n\u1ed5i ti\u1ebfng nh\u1edd gi\u00e0u ch\u1ea5t ch\u1ed1ng oxy h\u00f3a v\u00e0 h\u01b0\u01a1ng th\u01a1m \u0111\u1eb7c tr\u01b0ng c\u1ee7a m\u00f9a h\u00e8 B\u1eafc \u00c2u.<\/p>\n<p data-start=\"1082\" data-end=\"1482\"><img fetchpriority=\"high\" decoding=\"async\" class=\"aligncenter wp-image-42921\" src=\"https:\/\/havamall.com\/wp-content\/uploads\/2025\/10\/BQB_Campina_1.jpg\" alt=\"\" width=\"800\" height=\"450\" \/><\/p>\n<p data-start=\"1721\" data-end=\"1940\">Kh\u00f4ng c\u1ea7n \u0111\u1ebfn l\u01b0\u1ee3ng b\u00e9o cao, Fruttis 0.1% v\u1eabn \u0111em l\u1ea1i c\u1ea3m gi\u00e1c no nh\u1eb9 v\u00e0 ngu\u1ed3n n\u0103ng l\u01b0\u1ee3ng v\u1eeba \u0111\u1ee7 cho c\u01a1 th\u1ec3. L\u01b0\u1ee3ng\u00a0<strong data-start=\"1836\" data-end=\"1864\">ch\u1ea5t b\u00e9o c\u1ef1c th\u1ea5p (0.1%)<\/strong>\u00a0gi\u00fap h\u1ea1n ch\u1ebf calo, nh\u01b0ng v\u1eabn gi\u1eef \u0111\u01b0\u1ee3c \u0111\u1ed9 b\u00e9o m\u01b0\u1ee3t \u0111\u1eb7c tr\u01b0ng c\u1ee7a s\u1eefa chua. B\u00ean trong m\u1ed7i h\u1ed9p l\u00e0 s\u1ef1 k\u1ebft h\u1ee3p c\u00e2n b\u1eb1ng gi\u1eefa:<br data-start=\"1988\" data-end=\"1991\" \/>\u2013 L\u1ee3i khu\u1ea9n t\u1ef1 nhi\u00ean gi\u00fap h\u1ec7 ti\u00eau h\u00f3a kh\u1ecfe m\u1ea1nh.<br data-start=\"2039\" data-end=\"2042\" \/>\u2013 Canxi v\u00e0 vitamin D h\u1ed7 tr\u1ee3 h\u1ea5p thu dinh d\u01b0\u1ee1ng.<br data-start=\"2089\" data-end=\"2092\" \/>\u2013 Vitamin nh\u00f3m B gi\u00fap duy tr\u00ec n\u0103ng l\u01b0\u1ee3ng v\u00e0 s\u1ef1 t\u01b0\u01a1i t\u1ec9nh trong ng\u00e0y.<\/p>\n<p data-start=\"1721\" data-end=\"1940\"><img decoding=\"async\" class=\"aligncenter wp-image-43231\" src=\"https:\/\/havamall.com\/wp-content\/uploads\/2025\/10\/BQB_Campina_10.jpg\" alt=\"\" width=\"800\" height=\"450\" srcset=\"https:\/\/havamall.vn\/wp-content\/uploads\/2025\/10\/BQB_Campina_10.jpg 2000w, https:\/\/havamall.vn\/wp-content\/uploads\/2025\/10\/BQB_Campina_10-400x225.jpg 400w, https:\/\/havamall.vn\/wp-content\/uploads\/2025\/10\/BQB_Campina_10-1300x731.jpg 1300w, https:\/\/havamall.vn\/wp-content\/uploads\/2025\/10\/BQB_Campina_10-768x432.jpg 768w, https:\/\/havamall.vn\/wp-content\/uploads\/2025\/10\/BQB_Campina_10-1536x864.jpg 1536w, https:\/\/havamall.vn\/wp-content\/uploads\/2025\/10\/BQB_Campina_10-18x10.jpg 18w, https:\/\/havamall.vn\/wp-content\/uploads\/2025\/10\/BQB_Campina_10-430x242.jpg 430w, https:\/\/havamall.vn\/wp-content\/uploads\/2025\/10\/BQB_Campina_10-700x394.jpg 700w, https:\/\/havamall.vn\/wp-content\/uploads\/2025\/10\/BQB_Campina_10-150x84.jpg 150w\" sizes=\"(max-width: 800px) 100vw, 800px\" \/><\/p>\n<p data-start=\"1942\" data-end=\"2162\">Fruttis 0.1% ngon nh\u1ea5t khi d\u00f9ng l\u1ea1nh. Ch\u1ec9 c\u1ea7n m\u1edf n\u1eafp, h\u01b0\u01a1ng tr\u00e1i c\u00e2y d\u1ecbu m\u00e1t lan t\u1ecfa c\u00f9ng l\u1edbp s\u1eefa chua m\u1ec1m m\u1ecbn tan n\u01a1i \u0111\u1ea7u l\u01b0\u1ee1i. C\u00f3 th\u1ec3 th\u01b0\u1edfng th\u1ee9c ri\u00eang \u0111\u1ec3 l\u00e0m d\u1ecbu v\u1ecb gi\u00e1c, ho\u1eb7c k\u1ebft h\u1ee3p c\u00f9ng granola, y\u1ebfn m\u1ea1ch, h\u1ea1t chia hay tr\u00e1i c\u00e2y t\u01b0\u01a1i \u0111\u1ec3 t\u1ea1o n\u00ean b\u1eefa s\u00e1ng nh\u1eb9 nh\u00e0ng m\u00e0 \u0111\u1ee7 d\u01b0\u1ee1ng ch\u1ea5t. V\u1edbi thi\u1ebft k\u1ebf h\u1ed9p nh\u1ecf g\u1ecdn (4x110g), Fruttis 0.1% d\u1ec5 d\u00e0ng mang theo trong balo, t\u1ee7 l\u1ea1nh v\u0103n ph\u00f2ng hay b\u1eefa \u0103n sau t\u1eadp \u2013 m\u1ed9t ni\u1ec1m vui gi\u1ea3n d\u1ecb nh\u01b0ng tr\u1ecdn v\u1ecb.<\/p>\n<p data-start=\"2856\" data-end=\"3263\"><img decoding=\"async\" class=\"aligncenter wp-image-42923\" src=\"https:\/\/havamall.com\/wp-content\/uploads\/2025\/10\/BQB_Campina_6.jpg\" alt=\"\" width=\"800\" height=\"450\" \/><\/p>\n<p data-start=\"3265\" data-end=\"3519\">M\u1ed9t b\u1eefa nh\u1eb9 nh\u01b0ng tr\u1ecdn v\u1ecb, m\u1ed9t ngu\u1ed3n n\u0103ng l\u01b0\u1ee3ng thanh m\u00e1t t\u1eeb thi\u00ean nhi\u00ean \u2013 \u0111\u00f3 l\u00e0 \u0111i\u1ec1u Fruttis 0.1% mang \u0111\u1ebfn trong t\u1eebng h\u1ed9p nh\u1ecf.<br data-start=\"3392\" data-end=\"3395\" \/><strong data-start=\"3395\" data-end=\"3519\">S\u1eefa Chua Tr\u00e1i C\u00e2y \u00cdt B\u00e9o Nh\u1eadp Kh\u1ea9u Fruttis 0.1% (4x110g) \u2013 V\u1ecb D\u1ee9a &amp; D\u01b0a L\u01b0\u1edbi \/ Qu\u1ea3 M\u1ecdng hi\u1ec7n \u0111ang \u0111\u01b0\u1ee3c b\u00e1n t\u1ea1i Havamall.<\/strong><\/p>","protected":false},"excerpt":{"rendered":"<p>TH\u00d4NG TIN S\u1ea2N PH\u1ea8M Th\u01b0\u01a1ng hi\u1ec7u Fruttis Xu\u1ea5t x\u1ee9 Nga Th\u00e0nh ph\u1ea7n S\u1eefa, protein s\u1eefa, ch\u1ea5t l\u00e0m \u0111\u1ea7y, vitamin, lactose,\u2026<\/p>","protected":false},"featured_media":43229,"comment_status":"open","ping_status":"closed","template":"","meta":[],"product_brand":[],"product_cat":[673,135],"product_tag":[],"class_list":{"0":"post-43228","1":"product","2":"type-product","3":"status-publish","4":"has-post-thumbnail","6":"product_cat-nhap-khau-nga","7":"product_cat-sua-do-uong","9":"first","10":"instock","11":"sale","12":"shipping-taxable","13":"purchasable","14":"product-type-simple"},"_links":{"self":[{"href":"https:\/\/havamall.vn\/en\/wp-json\/wp\/v2\/product\/43228"}],"collection":[{"href":"https:\/\/havamall.vn\/en\/wp-json\/wp\/v2\/product"}],"about":[{"href":"https:\/\/havamall.vn\/en\/wp-json\/wp\/v2\/types\/product"}],"replies":[{"embeddable":true,"href":"https:\/\/havamall.vn\/en\/wp-json\/wp\/v2\/comments?post=43228"}],"version-history":[{"count":0,"href":"https:\/\/havamall.vn\/en\/wp-json\/wp\/v2\/product\/43228\/revisions"}],"wp:featuredmedia":[{"embeddable":true,"href":"https:\/\/havamall.vn\/en\/wp-json\/wp\/v2\/media\/43229"}],"wp:attachment":[{"href":"https:\/\/havamall.vn\/en\/wp-json\/wp\/v2\/media?parent=43228"}],"wp:term":[{"taxonomy":"product_brand","embeddable":true,"href":"https:\/\/havamall.vn\/en\/wp-json\/wp\/v2\/product_brand?post=43228"},{"taxonomy":"product_cat","embeddable":true,"href":"https:\/\/havamall.vn\/en\/wp-json\/wp\/v2\/product_cat?post=43228"},{"taxonomy":"product_tag","embeddable":true,"href":"https:\/\/havamall.vn\/en\/wp-json\/wp\/v2\/product_tag?post=43228"}],"curies":[{"name":"wp","href":"https:\/\/api.w.org\/{rel}","templated":true}]}}