{"id":43216,"date":"2025-10-20T15:45:47","date_gmt":"2025-10-20T08:45:47","guid":{"rendered":"https:\/\/havamall.vn\/?post_type=product&#038;p=43216"},"modified":"2025-10-20T15:45:51","modified_gmt":"2025-10-20T08:45:51","slug":"chanh-day-vang-tuoi-loai-1-hop-1kg-size-8-12-trai-fresh-yellow-passion-fruit","status":"publish","type":"product","link":"https:\/\/havamall.vn\/en\/shop\/chanh-day-vang-tuoi-loai-1-hop-1kg-size-8-12-trai-fresh-yellow-passion-fruit\/","title":{"rendered":"Chanh D\u00e2y V\u00e0ng T\u01b0\u01a1i Lo\u1ea1i 1 H\u1ed9p 1kg (Size 8 &#8211; 12 Tr\u00e1i) &#8211; Fresh Yellow Passion Fruit"},"content":{"rendered":"<p data-start=\"83\" data-end=\"400\">Gi\u1eefa mu\u00f4n lo\u00e0i tr\u00e1i c\u00e2y v\u00f9ng nhi\u1ec7t \u0111\u1edbi, chanh d\u00e2y v\u00e0ng lu\u00f4n n\u1ed5i b\u1eadt v\u1edbi s\u1eafc v\u1ecf \u00f3ng \u00e1nh nh\u01b0 \u00e1nh n\u1eafng ban mai v\u00e0 h\u01b0\u01a1ng th\u01a1m n\u1ed3ng n\u00e0n lan t\u1ecfa ngay khi v\u1eeba t\u00e1ch v\u1ecf. M\u1ed7i qu\u1ea3 ch\u1ee9a \u0111\u1ef1ng tinh t\u00fay c\u1ee7a \u0111\u1ea5t tr\u1eddi \u2013 l\u1edbp v\u1ecf v\u00e0ng b\u00f3ng c\u0103ng m\u1ecdng, ph\u1ea7n ru\u1ed9t s\u00f3ng s\u00e1nh m\u00e0u cam h\u1ed5 ph\u00e1ch, quy\u1ec7n c\u00f9ng h\u01b0\u01a1ng chua ng\u1ecdt thanh tao kh\u00f3 qu\u00ean.<\/p>\n<p data-start=\"83\" data-end=\"400\"><img fetchpriority=\"high\" decoding=\"async\" class=\"aligncenter  wp-image-42897\" src=\"https:\/\/havamall.com\/wp-content\/uploads\/2025\/10\/chanh-day-hoang-kim-5-e1746892635408.webp\" alt=\"\" width=\"800\" height=\"800\" \/><\/p>\n<p data-start=\"402\" data-end=\"784\">Kh\u00f4ng gi\u1ed1ng v\u1ecb chanh d\u00e2y t\u00edm th\u01b0\u1eddng th\u1ea5y,\u00a0<strong data-start=\"444\" data-end=\"497\">chanh d\u00e2y v\u00e0ng mang s\u1eafc v\u1ecb d\u1ecbu nh\u1eb9 v\u00e0 tinh t\u1ebf h\u01a1n<\/strong>. V\u1ecb chua \u0111\u01b0\u1ee3c ti\u1ebft ch\u1ebf, ng\u1ecdt h\u1eadu r\u00f5 r\u1ec7t, h\u01b0\u01a1ng th\u01a1m l\u1ea1i \u0111\u1eadm \u0111\u00e0, t\u1ef1 nhi\u00ean nh\u01b0 th\u1ec3 c\u00f3 th\u1ec3 ch\u1ea1m th\u1ea5y h\u01a1i th\u1edf c\u1ee7a n\u1eafng v\u00e0 gi\u00f3 trong t\u1eebng gi\u1ecdt n\u01b0\u1edbc v\u00e0ng s\u00e1nh. Khi th\u01b0\u1edfng th\u1ee9c, ch\u1ea5t ru\u1ed9t m\u1ec1m m\u01b0\u1ee3t, h\u1ea1t gi\u00f2n nh\u1eb9, m\u1ed7i th\u00eca nh\u1ecf \u0111\u1ec1u b\u1eebng v\u1ecb m\u00e1t l\u1ea1nh, s\u1ea3ng kho\u00e1i, khi\u1ebfn c\u01a1 th\u1ec3 nh\u01b0 \u0111\u01b0\u1ee3c \u0111\u00e1nh th\u1ee9c.<\/p>\n<p data-start=\"402\" data-end=\"784\"><img decoding=\"async\" class=\"aligncenter  wp-image-42898\" src=\"https:\/\/havamall.com\/wp-content\/uploads\/2025\/10\/chanh-day-mat-ong-3-16526193479501473869925.png\" alt=\"\" width=\"802\" height=\"501\" \/><\/p>\n<p data-start=\"786\" data-end=\"1203\">Ph\u00eda sau h\u01b0\u01a1ng v\u1ecb \u0111\u1ea7y s\u1ee9c h\u00fat \u1ea5y l\u00e0 qu\u00e1 tr\u00ecnh tr\u1ed3ng tr\u1ecdt c\u1ea9n tr\u1ecdng. Chanh d\u00e2y v\u00e0ng \u0111\u01b0\u1ee3c tr\u1ed3ng \u1edf nh\u1eefng v\u00f9ng cao c\u00f3 kh\u00ed h\u1eadu m\u00e1t m\u1ebb, \u0111\u1ea5t \u0111ai t\u01a1i x\u1ed1p v\u00e0 ngu\u1ed3n n\u01b0\u1edbc trong l\u00e0nh, gi\u00fap qu\u1ea3 ph\u00e1t tri\u1ec3n \u0111\u1ed3ng \u0111\u1ec1u, v\u1ecf s\u00e1ng \u0111\u1eb9p, th\u1ecbt d\u00e0y v\u00e0 nhi\u1ec1u n\u01b0\u1edbc. Ng\u01b0\u1eddi tr\u1ed3ng lu\u00f4n ch\u1ecdn h\u00e1i khi qu\u1ea3 v\u1eeba \u0111\u1ea1t \u0111\u1ed9 ch\u00edn ho\u00e0n h\u1ea3o \u2013 l\u1edbp v\u1ecf chuy\u1ec3n v\u00e0ng t\u01b0\u01a1i t\u1ef1 nhi\u00ean, b\u00ean trong \u0111\u1eadm v\u1ecb, h\u01b0\u01a1ng th\u01a1m \u0111\u1ea1t \u0111\u1ebfn m\u1ee9c c\u00e2n b\u1eb1ng gi\u1eefa chua \u2013 ng\u1ecdt \u2013 thanh \u2013 b\u00e9o.<\/p>\n<p data-start=\"1205\" data-end=\"1594\">Kh\u00f4ng ch\u1ec9 ngon mi\u1ec7ng, chanh d\u00e2y v\u00e0ng c\u00f2n l\u00e0\u00a0<strong data-start=\"1249\" data-end=\"1295\">ngu\u1ed3n dinh d\u01b0\u1ee1ng gi\u00e0u l\u1ee3i \u00edch cho s\u1ee9c kh\u1ecfe<\/strong>:<br data-start=\"1296\" data-end=\"1299\" \/>\u2013 Gi\u00e0u vitamin C, A v\u00e0 c\u00e1c ch\u1ea5t ch\u1ed1ng oxy h\u00f3a gi\u00fap t\u0103ng \u0111\u1ec1 kh\u00e1ng, l\u00e0m s\u00e1ng da v\u00e0 ch\u1ed1ng l\u00e3o h\u00f3a.<br data-start=\"1394\" data-end=\"1397\" \/>\u2013 Ch\u1ee9a kali, s\u1eaft v\u00e0 ch\u1ea5t x\u01a1 t\u1ef1 nhi\u00ean h\u1ed7 tr\u1ee3 h\u1ec7 ti\u00eau h\u00f3a, \u0111i\u1ec1u h\u00f2a huy\u1ebft \u00e1p v\u00e0 c\u1ea3i thi\u1ec7n gi\u1ea5c ng\u1ee7.<br data-start=\"1494\" data-end=\"1497\" \/>\u2013 H\u00e0m l\u01b0\u1ee3ng flavonoid cao gi\u00fap th\u01b0 gi\u00e3n th\u1ea7n kinh, gi\u1ea3m c\u0103ng th\u1eb3ng v\u00e0 t\u0103ng c\u01b0\u1eddng tu\u1ea7n ho\u00e0n m\u00e1u.<\/p>\n<p data-start=\"1205\" data-end=\"1594\"><img decoding=\"async\" class=\"aligncenter\" src=\"https:\/\/havamall.com\/wp-content\/uploads\/2025\/10\/yellowgoldenpassionfruitinthebowl_1000x1000.jpg\" alt=\"Golden Passionfruit (Lilikoi) *Pre-Order* \u2013 Miami Fruit\" width=\"801\" height=\"801\" \/><\/p>\n<p data-start=\"1596\" data-end=\"2067\">V\u1edbi h\u01b0\u01a1ng v\u1ecb \u0111\u1eb7c tr\u01b0ng c\u00f9ng c\u00f4ng d\u1ee5ng \u0111a d\u1ea1ng, chanh d\u00e2y v\u00e0ng c\u00f3 th\u1ec3 \u0111\u01b0\u1ee3c th\u01b0\u1edfng th\u1ee9c theo nhi\u1ec1u c\u00e1ch:<br data-start=\"1698\" data-end=\"1701\" \/>\u2013 \u00c9p l\u1ea5y n\u01b0\u1edbc, th\u00eam ch\u00fat m\u1eadt ong ho\u1eb7c \u0111\u00e1 l\u1ea1nh cho th\u1ee9c u\u1ed1ng thanh m\u00e1t, gi\u1ea3i nhi\u1ec7t t\u1ee9c th\u00ec.<br data-start=\"1791\" data-end=\"1794\" \/>\u2013 Pha c\u00f9ng soda ho\u1eb7c tr\u00e0 \u0111\u1ec3 t\u1ea1o v\u1ecb chua ng\u1ecdt t\u1ef1 nhi\u00ean, th\u01a1m nh\u1eb9 v\u00e0 s\u1ea3ng kho\u00e1i.<br data-start=\"1872\" data-end=\"1875\" \/>\u2013 D\u00f9ng l\u00e0m s\u1ed1t ph\u1ee7 b\u00e1nh mousse, panna cotta, hay salad tr\u00e1i c\u00e2y, t\u1ea1o \u0111i\u1ec3m nh\u1ea5n chua thanh, quy\u1ebfn r\u0169.<br data-start=\"1975\" data-end=\"1978\" \/>\u2013 K\u1ebft h\u1ee3p v\u1edbi s\u1eefa chua ho\u1eb7c sinh t\u1ed1 gi\u00fap t\u0103ng h\u01b0\u01a1ng v\u1ecb v\u00e0 b\u1ed5 sung n\u0103ng l\u01b0\u1ee3ng l\u00e0nh m\u1ea1nh.<\/p>\n<p data-start=\"1596\" data-end=\"2067\"><img loading=\"lazy\" decoding=\"async\" class=\"aligncenter\" src=\"https:\/\/img.delicious.com.au\/lcSgRXW-\/del\/2021\/10\/passionfruit-cheesecake-slice-bars-158586-2.jpg\" alt=\"Passionfruit cheesecake slice bars recipe\" width=\"801\" height=\"535\" \/><\/p>\n<p data-start=\"2069\" data-end=\"2286\">T\u01b0\u01a1i m\u00e1t, d\u1ecbu nh\u1eb9 v\u00e0 \u0111\u1ea7y n\u0103ng l\u01b0\u1ee3ng, chanh d\u00e2y v\u00e0ng t\u01b0\u01a1i mang \u0111\u1ebfn m\u1ed9t kh\u1edfi \u0111\u1ea7u \u0111\u1ea7y sinh kh\u00ed cho m\u1ed7i ng\u00e0y. V\u1ecb chua thanh xen ng\u1ecdt d\u1ecbu nh\u01b0 b\u1ea3n h\u00f2a ca c\u1ee7a n\u1eafng v\u00e0 gi\u00f3 mi\u1ec1n nhi\u1ec7t \u0111\u1edbi \u2013 thu\u1ea7n khi\u1ebft, t\u1ef1 nhi\u00ean v\u00e0 tr\u1ecdn v\u1eb9n.<\/p>\n<p data-start=\"2288\" data-end=\"2438\">Chanh d\u00e2y v\u00e0ng t\u01b0\u01a1i \u2013 l\u1ef1a ch\u1ecdn r\u1ef1c r\u1ee1 v\u00e0 t\u01b0\u01a1i m\u1edbi cho nh\u1eefng ai y\u00eau th\u00edch h\u01b0\u01a1ng v\u1ecb t\u1ef1 nhi\u00ean chu\u1ea9n v\u1ecb v\u00f9ng nhi\u1ec7t \u0111\u1edbi,\u00a0<em><strong>hi\u1ec7n \u0111ang \u0111\u01b0\u1ee3c b\u00e1n t\u1ea1i Havamall.<\/strong><\/em><\/p>","protected":false},"excerpt":{"rendered":"<p>Gi\u1eefa mu\u00f4n lo\u00e0i tr\u00e1i c\u00e2y v\u00f9ng nhi\u1ec7t \u0111\u1edbi, chanh d\u00e2y v\u00e0ng lu\u00f4n n\u1ed5i b\u1eadt v\u1edbi s\u1eafc v\u1ecf \u00f3ng \u00e1nh nh\u01b0<\/p>","protected":false},"featured_media":43217,"comment_status":"open","ping_status":"closed","template":"","meta":[],"product_brand":[],"product_cat":[677],"product_tag":[],"class_list":{"0":"post-43216","1":"product","2":"type-product","3":"status-publish","4":"has-post-thumbnail","6":"product_cat-cac-nuoc-khac","8":"first","9":"instock","10":"sale","11":"shipping-taxable","12":"purchasable","13":"product-type-simple"},"_links":{"self":[{"href":"https:\/\/havamall.vn\/en\/wp-json\/wp\/v2\/product\/43216"}],"collection":[{"href":"https:\/\/havamall.vn\/en\/wp-json\/wp\/v2\/product"}],"about":[{"href":"https:\/\/havamall.vn\/en\/wp-json\/wp\/v2\/types\/product"}],"replies":[{"embeddable":true,"href":"https:\/\/havamall.vn\/en\/wp-json\/wp\/v2\/comments?post=43216"}],"version-history":[{"count":0,"href":"https:\/\/havamall.vn\/en\/wp-json\/wp\/v2\/product\/43216\/revisions"}],"wp:featuredmedia":[{"embeddable":true,"href":"https:\/\/havamall.vn\/en\/wp-json\/wp\/v2\/media\/43217"}],"wp:attachment":[{"href":"https:\/\/havamall.vn\/en\/wp-json\/wp\/v2\/media?parent=43216"}],"wp:term":[{"taxonomy":"product_brand","embeddable":true,"href":"https:\/\/havamall.vn\/en\/wp-json\/wp\/v2\/product_brand?post=43216"},{"taxonomy":"product_cat","embeddable":true,"href":"https:\/\/havamall.vn\/en\/wp-json\/wp\/v2\/product_cat?post=43216"},{"taxonomy":"product_tag","embeddable":true,"href":"https:\/\/havamall.vn\/en\/wp-json\/wp\/v2\/product_tag?post=43216"}],"curies":[{"name":"wp","href":"https:\/\/api.w.org\/{rel}","templated":true}]}}