{"id":43212,"date":"2025-10-20T15:21:30","date_gmt":"2025-10-20T08:21:30","guid":{"rendered":"https:\/\/havamall.vn\/?post_type=product&#038;p=43212"},"modified":"2025-10-20T15:21:32","modified_gmt":"2025-10-20T08:21:32","slug":"dau-tay-nhat-tuoi-size-49-hop-500g-fresh-japanese-strawberry-size-49","status":"publish","type":"product","link":"https:\/\/havamall.vn\/en\/shop\/dau-tay-nhat-tuoi-size-49-hop-500g-fresh-japanese-strawberry-size-49\/","title":{"rendered":"D\u00e2u T\u00e2y Nh\u1eadt T\u01b0\u01a1i Size 49 H\u1ed9p 500g &#8211; Fresh Japanese Strawberry Size 49"},"content":{"rendered":"<p data-start=\"317\" data-end=\"684\">Gi\u1eefa nh\u1eefng s\u1eafc m\u00e0u r\u1ef1c r\u1ee1 c\u1ee7a m\u00f9a xu\u00e2n, d\u00e2u t\u00e2y Nh\u1eadt lu\u00f4n mang m\u1ed9t n\u00e9t tinh kh\u00f4i kh\u00f3 l\u1eabn. T\u1eebng tr\u00e1i \u0111\u1ecf th\u1eafm, b\u00f3ng m\u1ecbn, t\u1ecfa h\u01b0\u01a1ng ng\u1ecdt d\u1ecbu nh\u01b0 v\u1eeba \u0111\u01b0\u1ee3c h\u00e1i kh\u1ecfi lu\u1ed1ng d\u00e2u ph\u1ee7 s\u01b0\u01a1ng mai. D\u00e2u t\u00e2y t\u01b0\u01a1i Nh\u1eadt size 49 \u0111\u01b0\u1ee3c xem l\u00e0 m\u1ed9t trong nh\u1eefng gi\u1ed1ng d\u00e2u cao c\u1ea5p, k\u1ebft tinh t\u1eeb kh\u00ed h\u1eadu \u00f4n h\u00f2a, ngu\u1ed3n \u0111\u1ea5t s\u1ea1ch v\u00e0 k\u1ef9 thu\u1eadt tr\u1ed3ng tr\u1ecdt t\u1ec9 m\u1ec9 \u0111\u1eb7c tr\u01b0ng c\u1ee7a n\u00f4ng nghi\u1ec7p Nh\u1eadt B\u1ea3n.<\/p>\n<p data-start=\"317\" data-end=\"684\"><img fetchpriority=\"high\" decoding=\"async\" class=\"aligncenter  wp-image-42890\" src=\"https:\/\/havamall.com\/wp-content\/uploads\/2025\/10\/shutterstock_1305832231_1_2048x2048.webp\" alt=\"\" width=\"800\" height=\"533\" \/><\/p>\n<p data-start=\"686\" data-end=\"1146\">\u0110i\u1ec1u l\u00e0m n\u00ean s\u1ee9c h\u1ea5p d\u1eabn \u0111\u1eb7c bi\u1ec7t c\u1ee7a d\u00e2u Nh\u1eadt n\u1eb1m \u1edf\u00a0<strong data-start=\"739\" data-end=\"784\">\u0111\u1ed9 \u0111\u1ed3ng \u0111\u1ec1u v\u00e0 ho\u00e0n h\u1ea3o \u0111\u1ebfn t\u1eebng chi ti\u1ebft<\/strong>. M\u1ed7i qu\u1ea3 c\u00f3 h\u00ecnh d\u00e1ng chu\u1ea9n, k\u00edch th\u01b0\u1edbc v\u1eeba v\u1eb7n trong l\u00f2ng b\u00e0n tay, ph\u1ea7n v\u1ecf c\u0103ng m\u1ecdng, \u0111\u1ecf t\u01b0\u01a1i r\u1ef1c r\u1ee1, ph\u1ee7 l\u1edbp h\u1ea1t nh\u1ecf li ti \u0111\u1ec1u \u0111\u1eb7n. Khi c\u1eafn nh\u1eb9, v\u1ecb ng\u1ecdt thanh h\u00f2a quy\u1ec7n c\u00f9ng h\u01b0\u01a1ng chua nh\u1eb9 nh\u00e0ng lan t\u1ecfa kh\u1eafp v\u00f2m mi\u1ec7ng, mang \u0111\u1ebfn c\u1ea3m gi\u00e1c t\u01b0\u01a1i m\u00e1t v\u00e0 tinh t\u1ebf. Kh\u00f4ng g\u1eaft, kh\u00f4ng qu\u00e1 \u0111\u1eadm, ch\u1ec9 l\u00e0 th\u1ee9 v\u1ecb ng\u1ecdt trong veo, thanh tho\u00e1t \u2013 \u0111\u00fang ch\u1ea5t \u201cv\u1ecb ng\u1ecdt Nh\u1eadt B\u1ea3n\u201d.<\/p>\n<p data-start=\"686\" data-end=\"1146\"><img decoding=\"async\" class=\"aligncenter  wp-image-42891\" src=\"https:\/\/havamall.com\/wp-content\/uploads\/2025\/10\/02jpg_2025-01-08-05-39-42-scaled.jpg\" alt=\"\" width=\"802\" height=\"534\" \/><\/p>\n<p data-start=\"1148\" data-end=\"1527\">Ph\u00eda sau h\u01b0\u01a1ng v\u1ecb \u1ea5y l\u00e0 c\u1ea3 m\u1ed9t qu\u00e1 tr\u00ecnh ch\u0103m s\u00f3c t\u1ec9 m\u1ec9. D\u00e2u Nh\u1eadt \u0111\u01b0\u1ee3c tr\u1ed3ng trong m\u00f4i tr\u01b0\u1eddng ki\u1ec3m so\u00e1t nghi\u00eam ng\u1eb7t v\u1ec1 nhi\u1ec7t \u0111\u1ed9, \u00e1nh s\u00e1ng v\u00e0 \u0111\u1ed9 \u1ea9m. Ng\u01b0\u1eddi n\u00f4ng d\u00e2n Nh\u1eadt B\u1ea3n ch\u00fa tr\u1ecdng \u0111\u1ebfn t\u1eebng giai \u0111o\u1ea1n ph\u00e1t tri\u1ec3n, t\u1eeb ch\u1ecdn gi\u1ed1ng, gieo tr\u1ed3ng cho \u0111\u1ebfn thu ho\u1ea1ch. T\u1eebng qu\u1ea3 \u0111\u1ec1u \u0111\u01b0\u1ee3c h\u00e1i b\u1eb1ng tay khi \u0111\u1ea1t \u0111\u1ed9 ch\u00edn t\u1ed1i \u01b0u \u2013 th\u1eddi \u0111i\u1ec3m m\u00e0 h\u01b0\u01a1ng v\u1ecb, \u0111\u1ed9 ng\u1ecdt v\u00e0 d\u01b0\u1ee1ng ch\u1ea5t \u0111\u1ea1t \u0111\u1ec9nh cao nh\u1ea5t.<\/p>\n<p data-start=\"1529\" data-end=\"1998\">Kh\u00f4ng ch\u1ec9 \u0111\u1eb9p v\u00e0 ngon, d\u00e2u t\u00e2y Nh\u1eadt c\u00f2n l\u00e0 ngu\u1ed3n dinh d\u01b0\u1ee1ng t\u1ef1 nhi\u00ean d\u1ed3i d\u00e0o.<br data-start=\"1606\" data-end=\"1609\" \/>\u2013 Cung c\u1ea5p l\u01b0\u1ee3ng vitamin C cao g\u1ea5p nhi\u1ec1u l\u1ea7n cam, gi\u00fap t\u0103ng s\u1ee9c \u0111\u1ec1 kh\u00e1ng v\u00e0 l\u00e0m s\u00e1ng da.<br data-start=\"1697\" data-end=\"1700\" \/>\u2013 Ch\u1ee9a nhi\u1ec1u ch\u1ea5t ch\u1ed1ng oxy h\u00f3a nh\u01b0 anthocyanin v\u00e0 ellagic acid, gi\u00fap l\u00e0m ch\u1eadm qu\u00e1 tr\u00ecnh l\u00e3o h\u00f3a v\u00e0 b\u1ea3o v\u1ec7 t\u1ebf b\u00e0o.<br data-start=\"1814\" data-end=\"1817\" \/>\u2013 B\u1ed5 sung kali, mangan, folate, g\u00f3p ph\u1ea7n c\u00e2n b\u1eb1ng huy\u1ebft \u00e1p v\u00e0 h\u1ed7 tr\u1ee3 ho\u1ea1t \u0111\u1ed9ng tim m\u1ea1ch.<br data-start=\"1905\" data-end=\"1908\" \/>\u2013 H\u00e0m l\u01b0\u1ee3ng ch\u1ea5t x\u01a1 t\u1ef1 nhi\u00ean h\u1ed7 tr\u1ee3 h\u1ec7 ti\u00eau h\u00f3a, mang l\u1ea1i c\u1ea3m gi\u00e1c nh\u1eb9 nh\u00e0ng, thanh l\u1ecdc.<\/p>\n<p data-start=\"1529\" data-end=\"1998\"><img decoding=\"async\" class=\"aligncenter  wp-image-42892\" src=\"https:\/\/havamall.com\/wp-content\/uploads\/2025\/10\/2a.jpg\" alt=\"\" width=\"800\" height=\"538\" \/><\/p>\n<p data-start=\"2000\" data-end=\"2310\">D\u00e2u t\u00e2y Nh\u1eadt size 49 c\u00f2n \u0111\u01b0\u1ee3c y\u00eau th\u00edch nh\u1edd\u00a0<strong data-start=\"2044\" data-end=\"2070\">\u0111\u1ed9 gi\u00f2n m\u1ecdng \u0111\u1eb7c tr\u01b0ng<\/strong>, ph\u1ea7n th\u1ecbt ch\u1eafc, kh\u00f4ng b\u1edf v\u00e0 c\u00f3 h\u1eadu ng\u1ecdt k\u00e9o d\u00e0i. Khi d\u00f9ng l\u1ea1nh, v\u1ecb ng\u1ecdt c\u00e0ng n\u1ed5i b\u1eadt, lan t\u1ecfa trong mi\u1ec7ng v\u1edbi c\u1ea3m gi\u00e1c m\u00e1t l\u00e0nh, s\u1ea3ng kho\u00e1i. \u0110\u00e2y l\u00e0 lo\u1ea1i d\u00e2u l\u00fd t\u01b0\u1edfng \u0111\u1ec3 th\u01b0\u1edfng th\u1ee9c tr\u1ef1c ti\u1ebfp, ho\u1eb7c d\u00f9ng trong c\u00e1c m\u00f3n tr\u00e1ng mi\u1ec7ng cao c\u1ea5p.<\/p>\n<p data-start=\"2312\" data-end=\"2603\">\u2013 \u0102n t\u01b0\u01a1i \u0111\u1ec3 c\u1ea3m nh\u1eadn tr\u1ecdn v\u1eb9n h\u01b0\u01a1ng v\u1ecb t\u1ef1 nhi\u00ean.<br data-start=\"2361\" data-end=\"2364\" \/>\u2013 K\u1ebft h\u1ee3p v\u1edbi s\u1eefa chua ho\u1eb7c kem t\u01b0\u01a1i cho b\u1eefa s\u00e1ng nh\u1eb9 thanh m\u00e1t.<br data-start=\"2428\" data-end=\"2431\" \/>\u2013 Trang tr\u00ed b\u00e1nh ng\u1ecdt, mousse ho\u1eb7c tart \u0111\u1ec3 t\u1ea1o \u0111i\u1ec3m nh\u1ea5n h\u01b0\u01a1ng v\u1ecb v\u00e0 m\u00e0u s\u1eafc.<br data-start=\"2508\" data-end=\"2511\" \/>\u2013 \u00c9p l\u1ea5y n\u01b0\u1edbc ho\u1eb7c xay sinh t\u1ed1 c\u00f9ng s\u1eefa h\u1ea1nh nh\u00e2n \u2013 v\u1eeba \u0111\u1eb9p da, v\u1eeba t\u0103ng c\u01b0\u1eddng n\u0103ng l\u01b0\u1ee3ng.<\/p>\n<p data-start=\"2312\" data-end=\"2603\"><img loading=\"lazy\" decoding=\"async\" class=\"aligncenter\" src=\"https:\/\/thebutteryfairytale.com\/wp-content\/uploads\/2025\/01\/korean-strawberry-milk-recipe-final-1.webp\" alt=\"BEST Korean Strawberry Milk Recipe: with Fresh Strawberries!\" width=\"800\" height=\"1200\" \/><\/p>\n<p data-start=\"2605\" data-end=\"2957\">V\u1edbi h\u01b0\u01a1ng v\u1ecb tinh t\u1ebf, h\u00ecnh d\u00e1ng \u0111\u1eb9p m\u1eaft v\u00e0 ch\u1ea5t l\u01b0\u1ee3ng v\u01b0\u1ee3t tr\u1ed9i, d\u00e2u t\u00e2y Nh\u1eadt size 49 kh\u00f4ng ch\u1ec9 l\u00e0 m\u00f3n \u0103n, m\u00e0 c\u00f2n l\u00e0 bi\u1ec3u t\u01b0\u1ee3ng c\u1ee7a s\u1ef1 tr\u00e2n tr\u1ecdng \u2013 th\u1ee9 tr\u00e1i c\u00e2y \u0111\u01b0\u1ee3c ch\u0103m s\u00f3c nh\u01b0 m\u1ed9t t\u00e1c ph\u1ea9m ngh\u1ec7 thu\u1eadt. M\u1ed7i qu\u1ea3 d\u00e2u mang trong m\u00ecnh h\u01b0\u01a1ng v\u1ecb c\u1ee7a s\u1ef1 tinh t\u1ebf, ng\u1ecdt ng\u00e0o v\u00e0 chu\u1ea9n m\u1ef1c m\u00e0 ch\u1ec9 c\u00f3 th\u1ec3 t\u00ecm th\u1ea5y trong phong c\u00e1ch canh t\u00e1c t\u1ec9 m\u1ec9 c\u1ee7a ng\u01b0\u1eddi Nh\u1eadt,\u00a0hi\u1ec7n \u0111ang \u0111\u01b0\u1ee3c b\u00e1n t\u1ea1i Havamall.<\/p>","protected":false},"excerpt":{"rendered":"<p>Gi\u1eefa nh\u1eefng s\u1eafc m\u00e0u r\u1ef1c r\u1ee1 c\u1ee7a m\u00f9a xu\u00e2n, d\u00e2u t\u00e2y Nh\u1eadt lu\u00f4n mang m\u1ed9t n\u00e9t tinh kh\u00f4i kh\u00f3 l\u1eabn.<\/p>","protected":false},"featured_media":43213,"comment_status":"open","ping_status":"closed","template":"","meta":[],"product_brand":[],"product_cat":[677],"product_tag":[],"class_list":{"0":"post-43212","1":"product","2":"type-product","3":"status-publish","4":"has-post-thumbnail","6":"product_cat-cac-nuoc-khac","8":"first","9":"instock","10":"sale","11":"shipping-taxable","12":"purchasable","13":"product-type-simple"},"_links":{"self":[{"href":"https:\/\/havamall.vn\/en\/wp-json\/wp\/v2\/product\/43212"}],"collection":[{"href":"https:\/\/havamall.vn\/en\/wp-json\/wp\/v2\/product"}],"about":[{"href":"https:\/\/havamall.vn\/en\/wp-json\/wp\/v2\/types\/product"}],"replies":[{"embeddable":true,"href":"https:\/\/havamall.vn\/en\/wp-json\/wp\/v2\/comments?post=43212"}],"version-history":[{"count":0,"href":"https:\/\/havamall.vn\/en\/wp-json\/wp\/v2\/product\/43212\/revisions"}],"wp:featuredmedia":[{"embeddable":true,"href":"https:\/\/havamall.vn\/en\/wp-json\/wp\/v2\/media\/43213"}],"wp:attachment":[{"href":"https:\/\/havamall.vn\/en\/wp-json\/wp\/v2\/media?parent=43212"}],"wp:term":[{"taxonomy":"product_brand","embeddable":true,"href":"https:\/\/havamall.vn\/en\/wp-json\/wp\/v2\/product_brand?post=43212"},{"taxonomy":"product_cat","embeddable":true,"href":"https:\/\/havamall.vn\/en\/wp-json\/wp\/v2\/product_cat?post=43212"},{"taxonomy":"product_tag","embeddable":true,"href":"https:\/\/havamall.vn\/en\/wp-json\/wp\/v2\/product_tag?post=43212"}],"curies":[{"name":"wp","href":"https:\/\/api.w.org\/{rel}","templated":true}]}}