{"id":43203,"date":"2025-10-20T15:04:44","date_gmt":"2025-10-20T08:04:44","guid":{"rendered":"https:\/\/havamall.vn\/?post_type=product&#038;p=43203"},"modified":"2025-10-20T15:04:51","modified_gmt":"2025-10-20T08:04:51","slug":"dau-tam-tuoi-nhap-khau-hop-1kg-fresh-mulberry","status":"publish","type":"product","link":"https:\/\/havamall.vn\/en\/shop\/dau-tam-tuoi-nhap-khau-hop-1kg-fresh-mulberry\/","title":{"rendered":"D\u00e2u T\u1eb1m T\u01b0\u01a1i Nh\u1eadp Kh\u1ea9u H\u1ed9p 1kg \u2013 Fresh Mulberry"},"content":{"rendered":"<p data-start=\"388\" data-end=\"728\">Gi\u1eefa nh\u1eefng ng\u00e0y n\u1eafng nh\u1eb9, khi b\u01b0\u1edbc qua nh\u1eefng con \u0111\u01b0\u1eddng qu\u00ea c\u00f3 h\u00e0ng d\u00e2u sai tr\u0129u qu\u1ea3, h\u1eb3n ai t\u1eebng m\u1ed9t l\u1ea7n n\u1ebfm th\u1eed d\u00e2u t\u1eb1m ch\u00edn \u0111\u1ec1u kh\u00f4ng qu\u00ean \u0111\u01b0\u1ee3c v\u1ecb ng\u1ecdt thanh pha ch\u00fat chua d\u1ecbu n\u01a1i \u0111\u1ea7u l\u01b0\u1ee1i. Nh\u1eefng qu\u1ea3 d\u00e2u \u0111en b\u00f3ng, m\u1ecdng n\u01b0\u1edbc, nh\u1ecf nh\u1eafn nh\u01b0ng \u1ea9n ch\u1ee9a b\u00ean trong c\u1ea3 h\u01b0\u01a1ng v\u1ecb tu\u1ed5i th\u01a1, c\u1ea3 tinh t\u00fay thi\u00ean nhi\u00ean ban t\u1eb7ng cho s\u1ee9c kh\u1ecfe v\u00e0 l\u00e0n da.<\/p>\n<p data-start=\"388\" data-end=\"728\"><img fetchpriority=\"high\" decoding=\"async\" class=\"aligncenter\" src=\"https:\/\/havamall.com\/wp-content\/uploads\/2025\/10\/ImageForNews_800121_17370214314136560.jpg\" alt=\"Could mulberry extract be the key to fighting obesity-induced reproductive  dysfunction?\" width=\"802\" height=\"534\" \/><\/p>\n<p data-start=\"730\" data-end=\"1120\">D\u00e2u t\u1eb1m l\u00e0 lo\u1ea1i qu\u1ea3 m\u1ecdng \u0111\u01b0\u1ee3c tr\u1ed3ng ph\u1ed5 bi\u1ebfn t\u1ea1i nhi\u1ec1u v\u00f9ng kh\u00ed h\u1eadu \u00f4n h\u00f2a. Khi c\u00f2n non, qu\u1ea3 c\u00f3 m\u00e0u \u0111\u1ecf t\u01b0\u01a1i, v\u00e0 d\u1ea7n chuy\u1ec3n t\u00edm s\u1eabm ho\u1eb7c \u0111en khi ch\u00edn. C\u1ea5u tr\u00fac \u0111\u1eb7c tr\u01b0ng g\u1ed3m nhi\u1ec1u m\u00fai nh\u1ecf li\u00ean k\u1ebft, t\u1ea1o n\u00ean l\u1edbp v\u1ecf l\u1ea5p l\u00e1nh t\u1ef1 nhi\u00ean, c\u0103ng m\u1ecdng d\u01b0\u1edbi n\u1eafng. Khi c\u1eafn nh\u1eb9, l\u1edbp th\u1ecbt m\u1ec1m tan ngay trong mi\u1ec7ng, v\u1ecb ng\u1ecdt m\u00e1t h\u00f2a c\u00f9ng ch\u00fat chua thanh t\u1ea1o c\u1ea3m gi\u00e1c s\u1ea3ng kho\u00e1i, v\u1eeba d\u00e2n d\u00e3 v\u1eeba thanh l\u1ecbch.<\/p>\n<p data-start=\"730\" data-end=\"1120\"><img decoding=\"async\" class=\"aligncenter\" src=\"https:\/\/havamall.com\/wp-content\/uploads\/2025\/10\/black-mulberry-50-seeds-packet-seed-therapy-2889817.png\" alt=\"Mulberry, Black (Morus nigra) - 50 Seeds - Seed Therapy \u2013 Southern Seeds\" width=\"802\" height=\"802\" \/><\/p>\n<p data-start=\"1122\" data-end=\"1561\">Kh\u00f4ng ch\u1ec9 \u0111\u01b0\u1ee3c y\u00eau th\u00edch v\u00ec h\u01b0\u01a1ng v\u1ecb, d\u00e2u t\u1eb1m c\u00f2n \u0111\u01b0\u1ee3c xem l\u00e0 m\u1ed9t ngu\u1ed3n dinh d\u01b0\u1ee1ng qu\u00fd gi\u00e1 trong t\u1ef1 nhi\u00ean. T\u1eebng qu\u1ea3 nh\u1ecf ch\u1ee9a h\u00e0m l\u01b0\u1ee3ng cao c\u00e1c vitamin v\u00e0 kho\u00e1ng ch\u1ea5t thi\u1ebft y\u1ebfu \u2013 vitamin C, K, E, s\u1eaft, kali v\u00e0 mangan \u2013 t\u1ea5t c\u1ea3 \u0111\u1ec1u g\u00f3p ph\u1ea7n n\u00e2ng \u0111\u1ee1 c\u01a1 th\u1ec3 t\u1eeb b\u00ean trong. \u0110\u1eb7c bi\u1ec7t, s\u1eafc t\u00edm s\u1eabm c\u1ee7a d\u00e2u t\u1eb1m \u0111\u1ebfn t\u1eeb anthocyanin \u2013 m\u1ed9t ch\u1ea5t ch\u1ed1ng oxy h\u00f3a t\u1ef1 nhi\u00ean m\u1ea1nh m\u1ebd, gi\u00fap b\u1ea3o v\u1ec7 t\u1ebf b\u00e0o, l\u00e0m ch\u1eadm qu\u00e1 tr\u00ecnh l\u00e3o h\u00f3a v\u00e0 duy tr\u00ec l\u00e0n da s\u00e1ng kh\u1ecfe.<\/p>\n<p data-start=\"1563\" data-end=\"2005\">\u2013 Gi\u00fap t\u0103ng c\u01b0\u1eddng s\u1ee9c \u0111\u1ec1 kh\u00e1ng, h\u1ed7 tr\u1ee3 h\u1ec7 mi\u1ec5n d\u1ecbch ch\u1ed1ng l\u1ea1i t\u00e1c nh\u00e2n g\u00e2y h\u1ea1i t\u1eeb m\u00f4i tr\u01b0\u1eddng.<br data-start=\"1656\" data-end=\"1659\" \/>\u2013 Th\u00fac \u0111\u1ea9y qu\u00e1 tr\u00ecnh tu\u1ea7n ho\u00e0n m\u00e1u, gi\u00fap da d\u1ebb h\u1ed3ng h\u00e0o v\u00e0 c\u1ea3i thi\u1ec7n s\u1ee9c kh\u1ecfe tim m\u1ea1ch.<br data-start=\"1746\" data-end=\"1749\" \/>\u2013 Gi\u00fap \u1ed5n \u0111\u1ecbnh \u0111\u01b0\u1eddng huy\u1ebft, nh\u1edd l\u01b0\u1ee3ng ch\u1ea5t x\u01a1 h\u00f2a tan c\u00f3 kh\u1ea3 n\u0103ng c\u00e2n b\u1eb1ng h\u1ea5p thu \u0111\u01b0\u1eddng t\u1ef1 nhi\u00ean.<br data-start=\"1847\" data-end=\"1850\" \/>\u2013 T\u0103ng c\u01b0\u1eddng s\u1ee9c kh\u1ecfe x\u01b0\u01a1ng v\u00e0 c\u1ea3i thi\u1ec7n tr\u00ed nh\u1edb nh\u1edd h\u00e0m l\u01b0\u1ee3ng vitamin K v\u00e0 s\u1eaft d\u1ed3i d\u00e0o.<br data-start=\"1938\" data-end=\"1941\" \/>\u2013 B\u1ea3o v\u1ec7 t\u1ebf b\u00e0o gan, gi\u00fap thanh l\u1ecdc c\u01a1 th\u1ec3 v\u00e0 l\u00e0m d\u1ecbu m\u1ec7t m\u1ecfi.<\/p>\n<p data-start=\"1563\" data-end=\"2005\"><img decoding=\"async\" class=\"aligncenter\" src=\"https:\/\/res.cloudinary.com\/babylon\/image\/fetch\/c_thumb,w_600,h_600,dpr_2,f_auto\/https:\/\/storage.googleapis.com\/mediabucket-prod-00fecdb9\/babylonstoren\/image\/df9e9758829b1a659032a979c0b1349c4e38.jpg\" alt=\"Mulberries | Shop Babylonstoren\" width=\"800\" height=\"800\" \/><\/p>\n<p data-start=\"2007\" data-end=\"2381\">Kh\u00f4ng ch\u1ec9 t\u1ed1t cho s\u1ee9c kh\u1ecfe, d\u00e2u t\u1eb1m c\u00f2n \u0111\u01b0\u1ee3c bi\u1ebft \u0111\u1ebfn nh\u01b0 m\u1ed9t \u201cb\u00ed quy\u1ebft l\u00e0m \u0111\u1eb9p\u201d \u0111\u1ebfn t\u1eeb thi\u00ean nhi\u00ean. Nh\u1edd ch\u1ee9a nhi\u1ec1u ch\u1ea5t ch\u1ed1ng oxy h\u00f3a v\u00e0 vitamin C, lo\u1ea1i qu\u1ea3 n\u00e0y g\u00f3p ph\u1ea7n k\u00edch th\u00edch s\u1ea3n sinh collagen, gi\u00fap l\u00e0n da duy tr\u00ec \u0111\u1ed9 \u0111\u00e0n h\u1ed3i v\u00e0 s\u00e1ng t\u1ef1 nhi\u00ean. Vi\u1ec7c b\u1ed5 sung d\u00e2u t\u1eb1m t\u01b0\u01a1i th\u01b0\u1eddng xuy\u00ean trong ch\u1ebf \u0111\u1ed9 \u0103n u\u1ed1ng gi\u00fap c\u01a1 th\u1ec3 h\u1ea5p thu d\u01b0\u1ee1ng ch\u1ea5t m\u1ed9t c\u00e1ch tr\u1ecdn v\u1eb9n v\u00e0 l\u00e0nh m\u1ea1nh.<\/p>\n<p data-start=\"2007\" data-end=\"2381\"><img loading=\"lazy\" decoding=\"async\" class=\"aligncenter\" src=\"https:\/\/havamall.com\/wp-content\/uploads\/2025\/10\/67631306.jpg\" alt=\"Perfect Plants 1-Gallon Fruit Dwarf Everbearing Mulberry In Pot (With Soil)  LOMULBERRY1G at Lowes.com\" width=\"802\" height=\"802\" \/><\/p>\n<p data-start=\"2383\" data-end=\"2714\">C\u00e1ch th\u01b0\u1edfng th\u1ee9c d\u00e2u t\u1eb1m t\u01b0\u01a1i c\u0169ng \u0111a d\u1ea1ng kh\u00f4ng k\u00e9m. Nhi\u1ec1u ng\u01b0\u1eddi th\u00edch d\u00f9ng tr\u1ef1c ti\u1ebfp \u0111\u1ec3 gi\u1eef tr\u1ecdn h\u01b0\u01a1ng v\u1ecb nguy\u00ean b\u1ea3n \u2013 v\u1ecb ng\u1ecdt d\u1ecbu v\u00e0 chua thanh lan t\u1ecfa nh\u1eb9 n\u01a1i v\u00f2m mi\u1ec7ng. V\u1edbi nh\u1eefng ai y\u00eau \u1ea9m th\u1ef1c s\u00e1ng t\u1ea1o, d\u00e2u t\u1eb1m c\u00f3 th\u1ec3 k\u1ebft h\u1ee3p c\u00f9ng s\u1eefa chua, granola, ho\u1eb7c l\u00e0m topping cho b\u00e1nh pancake, tart, mousse, v\u1eeba \u0111\u1eb9p m\u1eaft v\u1eeba h\u1ea5p d\u1eabn.<\/p>\n<p data-start=\"2716\" data-end=\"3082\">M\u1ed9t s\u1ed1 ng\u01b0\u1eddi c\u00f2n \u01b0a chu\u1ed9ng ng\u00e2m d\u00e2u t\u1eb1m v\u1edbi m\u1eadt ong ho\u1eb7c \u0111\u01b0\u1eddng ph\u00e8n, t\u1ea1o n\u00ean m\u00f3n siro t\u1ef1 nhi\u00ean th\u01a1m d\u1ecbu, d\u00f9ng pha n\u01b0\u1edbc u\u1ed1ng m\u00e1t l\u1ea1nh ho\u1eb7c r\u01b0\u1edbi l\u00ean \u0111\u00e1 b\u00e0o, kem vani. Ngo\u00e0i ra, d\u00e2u t\u1eb1m c\u00f2n \u0111\u01b0\u1ee3c d\u00f9ng \u0111\u1ec3 l\u00e0m m\u1ee9t, n\u1ea5u n\u01b0\u1edbc \u00e9p, l\u00ean men th\u00e0nh r\u01b0\u1ee3u vang nh\u1eb9 \u2013 m\u1ed7i c\u00e1ch \u0111\u1ec1u mang l\u1ea1i tr\u1ea3i nghi\u1ec7m h\u01b0\u01a1ng v\u1ecb kh\u00e1c nhau, nh\u01b0ng \u0111\u1ec1u l\u01b0u l\u1ea1i v\u1ecb ng\u1ecdt h\u1eadu s\u00e2u v\u00e0 h\u01b0\u01a1ng th\u01a1m r\u1ea5t ri\u00eang.<\/p>\n<p data-start=\"2716\" data-end=\"3082\"><img loading=\"lazy\" decoding=\"async\" class=\"aligncenter\" src=\"https:\/\/havamall.com\/wp-content\/uploads\/2025\/10\/mulberryicebox02.jpg\" alt=\"Mulberry Icebox Cake - The Two Bananas\" width=\"802\" height=\"534\" \/><\/p>\n<p data-start=\"3084\" data-end=\"3395\">V\u1edbi s\u1eafc t\u00edm \u0111\u1eadm quy\u1ebfn r\u0169 v\u00e0 gi\u00e1 tr\u1ecb dinh d\u01b0\u1ee1ng v\u01b0\u1ee3t tr\u1ed9i, d\u00e2u t\u1eb1m t\u01b0\u01a1i kh\u00f4ng ch\u1ec9 l\u00e0 m\u1ed9t lo\u1ea1i qu\u1ea3 \u0103n ch\u01a1i d\u00e2n d\u00e3 m\u00e0 c\u00f2n l\u00e0 m\u00f3n qu\u00e0 l\u00e0nh m\u1ea1nh t\u1eeb thi\u00ean nhi\u00ean \u2013 v\u1eeba ngon, v\u1eeba \u0111\u1eb9p, v\u1eeba t\u1ed1t cho c\u01a1 th\u1ec3. M\u1ed9t ch\u00f9m d\u00e2u nh\u1ecf, nh\u01b0ng ch\u1ee9a trong \u0111\u00f3 c\u1ea3 v\u1ecb ng\u1ecdt c\u1ee7a \u0111\u1ea5t, h\u01b0\u01a1ng th\u01a1m c\u1ee7a n\u1eafng, v\u00e0 tinh t\u00fay c\u1ee7a s\u1ee9c s\u1ed1ng t\u1ef1 nhi\u00ean.<\/p>\n<p data-start=\"3397\" data-end=\"3577\">D\u00e2u t\u1eb1m t\u01b0\u01a1i \u2013 l\u1ef1a ch\u1ecdn cho nh\u1eefng ai y\u00eau th\u00edch v\u1ecb ng\u1ecdt thu\u1ea7n khi\u1ebft, t\u00ecm ki\u1ebfm ngu\u1ed3n n\u0103ng l\u01b0\u1ee3ng trong l\u00e0nh v\u00e0 mu\u1ed1n nu\u00f4i d\u01b0\u1ee1ng v\u1ebb \u0111\u1eb9p t\u1eeb b\u00ean trong \u2013 hi\u1ec7n \u0111ang \u0111\u01b0\u1ee3c b\u00e1n t\u1ea1i Havamall.<\/p>","protected":false},"excerpt":{"rendered":"<p>Gi\u1eefa nh\u1eefng ng\u00e0y n\u1eafng nh\u1eb9, khi b\u01b0\u1edbc qua nh\u1eefng con \u0111\u01b0\u1eddng qu\u00ea c\u00f3 h\u00e0ng d\u00e2u sai tr\u0129u qu\u1ea3, h\u1eb3n ai<\/p>","protected":false},"featured_media":43204,"comment_status":"open","ping_status":"closed","template":"","meta":[],"product_brand":[],"product_cat":[677],"product_tag":[],"class_list":{"0":"post-43203","1":"product","2":"type-product","3":"status-publish","4":"has-post-thumbnail","6":"product_cat-cac-nuoc-khac","8":"first","9":"instock","10":"sale","11":"shipping-taxable","12":"purchasable","13":"product-type-simple"},"_links":{"self":[{"href":"https:\/\/havamall.vn\/en\/wp-json\/wp\/v2\/product\/43203"}],"collection":[{"href":"https:\/\/havamall.vn\/en\/wp-json\/wp\/v2\/product"}],"about":[{"href":"https:\/\/havamall.vn\/en\/wp-json\/wp\/v2\/types\/product"}],"replies":[{"embeddable":true,"href":"https:\/\/havamall.vn\/en\/wp-json\/wp\/v2\/comments?post=43203"}],"version-history":[{"count":0,"href":"https:\/\/havamall.vn\/en\/wp-json\/wp\/v2\/product\/43203\/revisions"}],"wp:featuredmedia":[{"embeddable":true,"href":"https:\/\/havamall.vn\/en\/wp-json\/wp\/v2\/media\/43204"}],"wp:attachment":[{"href":"https:\/\/havamall.vn\/en\/wp-json\/wp\/v2\/media?parent=43203"}],"wp:term":[{"taxonomy":"product_brand","embeddable":true,"href":"https:\/\/havamall.vn\/en\/wp-json\/wp\/v2\/product_brand?post=43203"},{"taxonomy":"product_cat","embeddable":true,"href":"https:\/\/havamall.vn\/en\/wp-json\/wp\/v2\/product_cat?post=43203"},{"taxonomy":"product_tag","embeddable":true,"href":"https:\/\/havamall.vn\/en\/wp-json\/wp\/v2\/product_tag?post=43203"}],"curies":[{"name":"wp","href":"https:\/\/api.w.org\/{rel}","templated":true}]}}