{"id":43191,"date":"2025-10-20T14:05:16","date_gmt":"2025-10-20T07:05:16","guid":{"rendered":"https:\/\/havamall.vn\/?post_type=product&#038;p=43191"},"modified":"2025-10-20T14:05:20","modified_gmt":"2025-10-20T07:05:20","slug":"mam-xoi-den-tuoi-phuc-bon-tu-den-nhap-khau-hop-250g-fresh-blackberry","status":"publish","type":"product","link":"https:\/\/havamall.vn\/en\/shop\/mam-xoi-den-tuoi-phuc-bon-tu-den-nhap-khau-hop-250g-fresh-blackberry\/","title":{"rendered":"M\u00e2m X\u00f4i \u0110en T\u01b0\u01a1i (Ph\u00fac B\u1ed3n T\u1eed \u0110en) Nh\u1eadp Kh\u1ea9u H\u1ed9p 250g \u2013 Fresh Blackberry"},"content":{"rendered":"<p data-start=\"370\" data-end=\"776\">Gi\u1eefa v\u00f4 s\u1ed1 lo\u1ea1i qu\u1ea3 m\u1ecdng mang s\u1eafc m\u00e0u r\u1ef1c r\u1ee1 c\u1ee7a t\u1ef1 nhi\u00ean, m\u00e2m x\u00f4i \u0111en v\u1eabn lu\u00f4n n\u1ed5i b\u1eadt b\u1edfi v\u1ebb \u0111\u1eb9p tr\u1ea7m s\u00e2u v\u00e0 h\u01b0\u01a1ng v\u1ecb kh\u00f3 qu\u00ean. Nh\u1eefng ch\u00f9m qu\u1ea3 c\u0103ng m\u1ecdng \u00e1nh t\u00edm than, b\u00f3ng nh\u1eb9 d\u01b0\u1edbi \u00e1nh n\u1eafng, g\u1ee3i c\u1ea3m gi\u00e1c v\u1ec1 m\u1ed9t khu v\u01b0\u1eddn m\u00f9a h\u1ea1 \u0111ang \u0111\u1ed9 ch\u00edn. Khi n\u1ebfm, v\u1ecb chua thanh quy\u1ec7n c\u00f9ng v\u1ecb ng\u1ecdt d\u1ecbu lan d\u1ea7n n\u01a1i \u0111\u1ea7u l\u01b0\u1ee1i, \u0111\u1ec3 l\u1ea1i d\u01b0 v\u1ecb m\u00e1t l\u00e0nh, v\u1eeba m\u1ea1nh m\u1ebd v\u1eeba tinh t\u1ebf \u2013 m\u1ed9t c\u1ea3m gi\u00e1c r\u1ea5t ri\u00eang ch\u1ec9 c\u00f3 \u1edf m\u00e2m x\u00f4i \u0111en.<\/p>\n<p><img fetchpriority=\"high\" decoding=\"async\" class=\"wp-image-42867\" src=\"https:\/\/havamall.com\/wp-content\/uploads\/2025\/10\/qua-mam-xoi-den.jpg\" alt=\"\" width=\"800\" height=\"800\" \/><\/p>\n<p data-start=\"778\" data-end=\"1246\">Lo\u1ea1i qu\u1ea3 n\u00e0y \u0111\u01b0\u1ee3c tr\u1ed3ng t\u1ea1i nh\u1eefng v\u00f9ng c\u00f3 kh\u00ed h\u1eadu \u00f4n h\u00f2a, \u0111\u1ea5t gi\u00e0u dinh d\u01b0\u1ee1ng v\u00e0 ngu\u1ed3n n\u01b0\u1edbc tinh khi\u1ebft. T\u1eebng c\u00e2y \u0111\u01b0\u1ee3c ch\u0103m s\u00f3c t\u1ef1 nhi\u00ean, kh\u00f4ng qua x\u1eed l\u00fd h\u00f3a h\u1ecdc, \u0111\u1ec3 m\u1ed7i qu\u1ea3 khi ch\u00edn \u0111\u1ea1t \u0111\u1ebfn \u0111\u1ed9 m\u1ec1m, c\u0103ng v\u00e0 th\u01a1m tr\u1ecdn v\u1eb9n. Khi thu ho\u1ea1ch, ng\u01b0\u1eddi n\u00f4ng d\u00e2n h\u00e1i th\u1ee7 c\u00f4ng v\u00e0o bu\u1ed5i s\u1edbm, l\u00fac s\u01b0\u01a1ng v\u1eabn c\u00f2n \u0111\u1ecdng tr\u00ean l\u00e1 \u2013 th\u1eddi \u0111i\u1ec3m m\u00e0 m\u00f9i h\u01b0\u01a1ng v\u00e0 v\u1ecb ng\u1ecdt \u0111\u1ea1t m\u1ee9c c\u00e2n b\u1eb1ng nh\u1ea5t. Ch\u00ednh nh\u1edd s\u1ef1 ch\u1ec9n chu \u1ea5y m\u00e0 m\u00e2m x\u00f4i \u0111en gi\u1eef \u0111\u01b0\u1ee3c v\u1ebb nguy\u00ean b\u1ea3n c\u1ee7a thi\u00ean nhi\u00ean trong t\u1eebng th\u1edb qu\u1ea3.<\/p>\n<p data-start=\"778\" data-end=\"1246\"><img decoding=\"async\" class=\"aligncenter\" src=\"https:\/\/havamall.com\/wp-content\/uploads\/2025\/10\/Wild_Blackberry_fruit.jpg\" alt=\"Order Wild Blackberry Shrubs Online | Productive Berry Bush \u2013 Tennessee  Wholesale Nursery\" width=\"800\" height=\"800\" \/><\/p>\n<p data-start=\"1248\" data-end=\"1837\">\u2013 M\u00e0u \u0111en t\u00edm \u0111\u1eb7c tr\u01b0ng kh\u00f4ng ch\u1ec9 \u0111\u1eb9p m\u1eaft m\u00e0 c\u00f2n ch\u1ee9a l\u01b0\u1ee3ng anthocyanin d\u1ed3i d\u00e0o \u2013 ch\u1ea5t ch\u1ed1ng oxy h\u00f3a t\u1ef1 nhi\u00ean gi\u00fap l\u00e0m ch\u1eadm qu\u00e1 tr\u00ecnh l\u00e3o h\u00f3a, h\u1ed7 tr\u1ee3 tim m\u1ea1ch v\u00e0 c\u1ea3i thi\u1ec7n tr\u00ed nh\u1edb.<br data-start=\"1428\" data-end=\"1431\" \/>\u2013 H\u00e0m l\u01b0\u1ee3ng vitamin C cao t\u0103ng c\u01b0\u1eddng s\u1ee9c \u0111\u1ec1 kh\u00e1ng, k\u1ebft h\u1ee3p c\u00f9ng ch\u1ea5t x\u01a1 v\u00e0 mangan gi\u00fap h\u1ed7 tr\u1ee3 ti\u00eau h\u00f3a, duy tr\u00ec n\u0103ng l\u01b0\u1ee3ng \u1ed5n \u0111\u1ecbnh.<br data-start=\"1562\" data-end=\"1565\" \/>\u2013 Trong y h\u1ecdc c\u1ed5 truy\u1ec1n, m\u00e2m x\u00f4i \u0111en c\u00f2n \u0111\u01b0\u1ee3c xem l\u00e0 lo\u1ea1i qu\u1ea3 \u201cb\u1ed5 huy\u1ebft \u2013 d\u01b0\u1ee1ng da \u2013 s\u00e1ng m\u1eaft\u201d, th\u00edch h\u1ee3p cho ng\u01b0\u1eddi th\u01b0\u1eddng xuy\u00ean l\u00e0m vi\u1ec7c c\u0103ng th\u1eb3ng ho\u1eb7c ti\u1ebfp x\u00fac v\u1edbi m\u00e0n h\u00ecnh.<br data-start=\"1741\" data-end=\"1744\" \/>\u2013 L\u01b0\u1ee3ng \u0111\u01b0\u1eddng t\u1ef1 nhi\u00ean th\u1ea5p, ph\u00f9 h\u1ee3p cho ng\u01b0\u1eddi \u0103n ki\u00eang ho\u1eb7c \u0111ang duy tr\u00ec l\u1ed1i s\u1ed1ng healthy.<\/p>\n<p data-start=\"1248\" data-end=\"1837\"><img decoding=\"async\" class=\"aligncenter\" src=\"https:\/\/havamall.com\/wp-content\/uploads\/2025\/10\/Untitleddesign-2025-02-28T133156.238.jpg\" alt=\"Thornless Blackberry Cane | Mr Fothergill's\" width=\"800\" height=\"1037\" \/><\/p>\n<blockquote>\n<p data-start=\"1839\" data-end=\"2380\"><strong><em><span style=\"font-size: 14pt\">C\u00e1ch th\u01b0\u1edfng th\u1ee9c m\u00e2m x\u00f4i \u0111en r\u1ea5t phong ph\u00fa, t\u00f9y theo c\u1ea3m h\u1ee9ng v\u00e0 th\u00f3i quen \u1ea9m th\u1ef1c.<\/span><\/em><\/strong><\/p>\n<\/blockquote>\n<p data-start=\"1839\" data-end=\"2380\">\u2013 D\u00f9ng t\u01b0\u01a1i tr\u1ef1c ti\u1ebfp \u0111\u1ec3 c\u1ea3m nh\u1eadn tr\u1ecdn v\u1eb9n v\u1ecb nguy\u00ean s\u01a1 c\u1ee7a qu\u1ea3, \u0111\u1eb7c bi\u1ec7t ngon khi \u01b0\u1edbp l\u1ea1nh nh\u1eb9.<br data-start=\"2021\" data-end=\"2024\" \/>\u2013 K\u1ebft h\u1ee3p c\u00f9ng s\u1eefa chua Hy L\u1ea1p, ng\u0169 c\u1ed1c, granola ho\u1eb7c b\u00e1nh pancake \u0111\u1ec3 t\u1ea1o n\u00ean b\u1eefa s\u00e1ng \u0111\u1ea7y n\u0103ng l\u01b0\u1ee3ng.<br data-start=\"2126\" data-end=\"2129\" \/>\u2013 \u00c9p l\u1ea5y n\u01b0\u1edbc, l\u00e0m sinh t\u1ed1 c\u00f9ng chu\u1ed1i, t\u00e1o ho\u1eb7c cam, v\u1eeba \u0111\u1eb9p m\u1eaft v\u1eeba gi\u00fap thanh l\u1ecdc c\u01a1 th\u1ec3.<br data-start=\"2220\" data-end=\"2223\" \/>\u2013 D\u00f9ng l\u00e0m topping cho b\u00e1nh mousse, cheesecake, panna cotta hay c\u00e1c lo\u1ea1i tr\u00e0 tr\u00e1i c\u00e2y cao c\u1ea5p \u2013 m\u1ed7i s\u1ef1 k\u1ebft h\u1ee3p \u0111\u1ec1u \u0111em l\u1ea1i c\u1ea3m gi\u00e1c sang tr\u1ecdng v\u00e0 t\u01b0\u01a1i m\u1edbi.<\/p>\n<p data-start=\"1839\" data-end=\"2380\"><img loading=\"lazy\" decoding=\"async\" class=\"aligncenter\" src=\"https:\/\/hips.hearstapps.com\/hmg-prod\/images\/blackberry-coconut-tart-wd-64650333985e9.jpeg?crop=0.663xw:0.664xh;0.168xw,0.152xh\" alt=\"30 Easy Blackberry Recipes - Best Recipes With Blackberries\" width=\"801\" height=\"1203\" \/><\/p>\n<p data-start=\"2382\" data-end=\"2695\">Kh\u00f4ng ch\u1ec9 l\u00e0 m\u1ed9t lo\u1ea1i qu\u1ea3 \u0111\u1ec3 th\u01b0\u1edfng th\u1ee9c, m\u00e2m x\u00f4i \u0111en c\u00f2n mang \u0111\u1ebfn c\u1ea3m gi\u00e1c th\u01b0 th\u00e1i cho v\u1ecb gi\u00e1c v\u00e0 ngu\u1ed3n n\u0103ng l\u01b0\u1ee3ng trong l\u00e0nh cho c\u01a1 th\u1ec3. V\u1ebb \u0111\u1eb9p m\u1ed9c m\u1ea1c, v\u1ecb ngon thanh tho\u00e1t c\u00f9ng gi\u00e1 tr\u1ecb dinh d\u01b0\u1ee1ng cao khi\u1ebfn n\u00f3 tr\u1edf th\u00e0nh m\u1ed9t ph\u1ea7n kh\u00f3 thi\u1ebfu trong th\u1ef1c \u0111\u01a1n c\u1ee7a nh\u1eefng ai y\u00eau thi\u00ean nhi\u00ean v\u00e0 quan t\u00e2m \u0111\u1ebfn s\u1ee9c kh\u1ecfe.<\/p>\n<p data-start=\"2697\" data-end=\"2750\"><strong data-start=\"2697\" data-end=\"2750\">M\u00e2m X\u00f4i \u0110en T\u01b0\u01a1i hi\u1ec7n \u0111ang \u0111\u01b0\u1ee3c b\u00e1n t\u1ea1i Havamall.<\/strong><\/p>","protected":false},"excerpt":{"rendered":"<p>Gi\u1eefa v\u00f4 s\u1ed1 lo\u1ea1i qu\u1ea3 m\u1ecdng mang s\u1eafc m\u00e0u r\u1ef1c r\u1ee1 c\u1ee7a t\u1ef1 nhi\u00ean, m\u00e2m x\u00f4i \u0111en v\u1eabn lu\u00f4n n\u1ed5i<\/p>","protected":false},"featured_media":43192,"comment_status":"open","ping_status":"closed","template":"","meta":[],"product_brand":[],"product_cat":[677],"product_tag":[],"class_list":{"0":"post-43191","1":"product","2":"type-product","3":"status-publish","4":"has-post-thumbnail","6":"product_cat-cac-nuoc-khac","8":"first","9":"instock","10":"sale","11":"shipping-taxable","12":"purchasable","13":"product-type-simple"},"_links":{"self":[{"href":"https:\/\/havamall.vn\/en\/wp-json\/wp\/v2\/product\/43191"}],"collection":[{"href":"https:\/\/havamall.vn\/en\/wp-json\/wp\/v2\/product"}],"about":[{"href":"https:\/\/havamall.vn\/en\/wp-json\/wp\/v2\/types\/product"}],"replies":[{"embeddable":true,"href":"https:\/\/havamall.vn\/en\/wp-json\/wp\/v2\/comments?post=43191"}],"version-history":[{"count":0,"href":"https:\/\/havamall.vn\/en\/wp-json\/wp\/v2\/product\/43191\/revisions"}],"wp:featuredmedia":[{"embeddable":true,"href":"https:\/\/havamall.vn\/en\/wp-json\/wp\/v2\/media\/43192"}],"wp:attachment":[{"href":"https:\/\/havamall.vn\/en\/wp-json\/wp\/v2\/media?parent=43191"}],"wp:term":[{"taxonomy":"product_brand","embeddable":true,"href":"https:\/\/havamall.vn\/en\/wp-json\/wp\/v2\/product_brand?post=43191"},{"taxonomy":"product_cat","embeddable":true,"href":"https:\/\/havamall.vn\/en\/wp-json\/wp\/v2\/product_cat?post=43191"},{"taxonomy":"product_tag","embeddable":true,"href":"https:\/\/havamall.vn\/en\/wp-json\/wp\/v2\/product_tag?post=43191"}],"curies":[{"name":"wp","href":"https:\/\/api.w.org\/{rel}","templated":true}]}}