{"id":43168,"date":"2025-10-18T16:55:14","date_gmt":"2025-10-18T09:55:14","guid":{"rendered":"https:\/\/havamall.vn\/?post_type=product&#038;p=43168"},"modified":"2025-10-31T16:39:09","modified_gmt":"2025-10-31T09:39:09","slug":"banh-mochi-kem-lanh-vi-socola-yukimi-daifuku-270ml-lotte-japanese-mochi-frozen-dessert-chocolate","status":"publish","type":"product","link":"https:\/\/havamall.vn\/en\/shop\/banh-mochi-kem-lanh-vi-socola-yukimi-daifuku-270ml-lotte-japanese-mochi-frozen-dessert-chocolate\/","title":{"rendered":"B\u00e1nh Mochi Kem L\u1ea1nh V\u1ecb Socola Yukimi Daifuku 270ml \u2013 Lotte Japanese Mochi Frozen Dessert Chocolate"},"content":{"rendered":"<blockquote>\n<h2><em><strong>TH\u00d4NG TIN CHUNG<\/strong><\/em><\/h2>\n<\/blockquote>\n<table style=\"width: 89.9225%;height: 227px\">\n<tbody>\n<tr>\n<td><b>Th\u01b0\u01a1ng hi\u1ec7u<\/b><\/td>\n<td>Lotte<\/td>\n<\/tr>\n<tr>\n<td><b>Xu\u1ea5t x\u1ee9<\/b><\/td>\n<td>Nh\u1eadt B\u1ea3n<\/td>\n<\/tr>\n<tr>\n<td><b>Th\u00e0nh ph\u1ea7n<\/b><\/td>\n<td>Xem tr\u1ef1c ti\u1ebfp tr\u00ean bao b\u00ec<\/td>\n<\/tr>\n<tr>\n<td><b>H\u1ea1n s\u1eed d\u1ee5ng<\/b><\/td>\n<td>Xem tr\u1ef1c ti\u1ebfp tr\u00ean bao b\u00ec<\/td>\n<\/tr>\n<tr>\n<td><b>B\u1ea3o qu\u1ea3n<\/b><\/td>\n<td>B\u1ea3o qu\u1ea3n \u0111\u00f4ng ho\u1eb7c ng\u0103n m\u00e1t t\u1ee7 l\u1ea1nh<\/td>\n<\/tr>\n<tr>\n<td><b>Kh\u1ed1i l\u01b0\u1ee3ng<\/b><\/td>\n<td>270ml<\/td>\n<\/tr>\n<\/tbody>\n<\/table>\n<p data-start=\"397\" data-end=\"832\">Gi\u1eefa nh\u1eefng bu\u1ed5i chi\u1ec1u hanh l\u1ea1nh, khi c\u01a1n gi\u00f3 kh\u1ebd l\u01b0\u1edbt qua khung c\u1eeda, c\u1ea3m gi\u00e1c c\u1eafn m\u1ed9t mi\u1ebfng mochi Yukimi Daifuku m\u00e1t l\u1ea1nh nh\u01b0 mang theo ch\u00fat tinh t\u1ebf r\u1ea5t ri\u00eang c\u1ee7a \u1ea9m th\u1ef1c Nh\u1eadt B\u1ea3n. D\u00f2ng b\u00e1nh kem l\u1ea1nh tr\u1ee9 danh c\u1ee7a Lotte kh\u00f4ng ch\u1ec9 n\u1ed5i ti\u1ebfng v\u00ec v\u1ecb ngon nh\u1eb9 nh\u00e0ng m\u00e0 c\u00f2n b\u1edfi s\u1ef1 c\u1ea7u k\u1ef3 trong t\u1eebng c\u00f4ng \u0111o\u1ea1n ch\u1ebf bi\u1ebfn \u2013 n\u01a1i truy\u1ec1n th\u1ed1ng v\u00e0 c\u00f4ng ngh\u1ec7 giao thoa, t\u1ea1o n\u00ean m\u1ed9t m\u00f3n tr\u00e1ng mi\u1ec7ng khi\u1ebfn ng\u01b0\u1eddi ta ph\u1ea3i ch\u1eadm l\u1ea1i \u0111\u1ec3 th\u01b0\u1edfng th\u1ee9c tr\u1ecdn v\u1eb9n.<\/p>\n<p data-start=\"397\" data-end=\"832\"><img fetchpriority=\"high\" decoding=\"async\" class=\"aligncenter wp-image-42843\" src=\"https:\/\/havamall.com\/wp-content\/uploads\/2025\/10\/492544894_1236846261779534_2577010722858755765_n.jpg\" alt=\"\" width=\"800\" height=\"800\" \/><\/p>\n<p data-start=\"834\" data-end=\"1277\">B\u00e1nh\u00a0<strong data-start=\"839\" data-end=\"867\">Yukimi Daifuku v\u1ecb socola<\/strong>\u00a0\u0111\u01b0\u1ee3c l\u00e0m t\u1eeb l\u1edbp b\u1ed9t n\u1ebfp d\u1ebbo m\u1ecbn, \u0111\u01b0\u1ee3c nh\u00e0o k\u1ef9 b\u1eb1ng g\u1ea1o Nh\u1eadt ch\u1ecdn l\u1ecdc. Khi n\u1ea5u ch\u00edn v\u00e0 gi\u00e3 b\u1eb1ng k\u1ef9 thu\u1eadt \u201cmochi-tsuki\u201d truy\u1ec1n th\u1ed1ng, kh\u1ed1i b\u1ed9t tr\u1edf n\u00ean d\u1ebbo m\u01b0\u1edbt, \u0111\u00e0n h\u1ed3i v\u00e0 c\u00f3 \u0111\u1ed9 dai v\u1eeba ph\u1ea3i \u2013 \u0111\u00f3 ch\u00ednh l\u00e0 b\u00ed quy\u1ebft \u0111\u1ec3 v\u1ecf mochi gi\u1eef \u0111\u01b0\u1ee3c k\u1ebft c\u1ea5u m\u1ecbn m\u00e0ng d\u00f9 \u0111\u01b0\u1ee3c b\u1ea3o qu\u1ea3n \u1edf nhi\u1ec7t \u0111\u1ed9 \u00e2m s\u00e2u. Sau \u0111\u00f3, l\u1edbp v\u1ecf \u0111\u01b0\u1ee3c ph\u1ee7 m\u1ed9t l\u1edbp b\u1ed9t g\u1ea1o rang m\u1ecfng nh\u01b0 s\u01b0\u01a1ng \u0111\u1ec3 kh\u00f4ng d\u00ednh tay, r\u1ed3i kh\u00e9o l\u00e9o b\u1ecdc quanh ph\u1ea7n nh\u00e2n kem l\u1ea1nh.<\/p>\n<p data-start=\"834\" data-end=\"1277\"><img decoding=\"async\" class=\"aligncenter wp-image-42844\" src=\"https:\/\/havamall.com\/wp-content\/uploads\/2025\/10\/476557233_547258775034619_1290421375337364592_n.jpg\" alt=\"\" width=\"801\" height=\"801\" \/><\/p>\n<p data-start=\"1279\" data-end=\"1650\">B\u00ean trong l\u00e0 l\u1edbp\u00a0<strong data-start=\"1296\" data-end=\"1318\">kem socola m\u1ecbn tan<\/strong>\u00a0\u2013 \u0111\u01b0\u1ee3c l\u00e0m t\u1eeb s\u1eefa t\u01b0\u01a1i h\u00f2a c\u00f9ng cacao nguy\u00ean ch\u1ea5t, mang v\u1ecb ng\u1ecdt b\u00e9o d\u1ecbu nh\u1eb9 nh\u01b0ng v\u1eabn gi\u1eef \u0111\u01b0\u1ee3c chi\u1ec1u s\u00e2u c\u1ee7a socola \u0111\u1eafng. Khi \u0111\u1ec3 b\u00e1nh ra kh\u1ecfi ng\u0103n \u0111\u00f4ng v\u00e0i ph\u00fat, l\u1edbp mochi d\u1ea7n m\u1ec1m l\u1ea1i, \u00f4m s\u00e1t l\u1edbp kem \u0111ang tan ch\u1eadm b\u00ean trong, t\u1ea1o n\u00ean s\u1ef1 t\u01b0\u01a1ng ph\u1ea3n th\u00fa v\u1ecb: b\u00ean ngo\u00e0i d\u1ebbo \u1ea5m, b\u00ean trong l\u1ea1nh m\u00e1t \u2013 m\u1ed9t tr\u1ea3i nghi\u1ec7m v\u1eeba l\u1ea1 v\u1eeba h\u00e0i h\u00f2a.<\/p>\n<p data-start=\"1279\" data-end=\"1650\"><img decoding=\"async\" class=\"aligncenter wp-image-42845\" src=\"https:\/\/havamall.com\/wp-content\/uploads\/2025\/10\/476836962_547233358370494_7793827043663818982_n.jpg\" alt=\"\" width=\"800\" height=\"800\" \/><\/p>\n<p data-start=\"1652\" data-end=\"2109\">\u0110i\u1ec1u khi\u1ebfn Yukimi kh\u00e1c bi\u1ec7t ch\u00ednh l\u00e0 c\u00e1ch m\u00e0\u00a0<strong data-start=\"1697\" data-end=\"1706\">Lotte<\/strong>\u00a0g\u00ecn gi\u1eef tinh th\u1ea7n \u201c\u1ea9m th\u1ef1c m\u00f9a tuy\u1ebft\u201d trong t\u1eebng vi\u00ean b\u00e1nh. C\u00e1i t\u00ean\u00a0<em data-start=\"1775\" data-end=\"1791\">Yukimi Daifuku<\/em>\u00a0\u2013 ngh\u0129a l\u00e0 \u201cni\u1ec1m vui ng\u1eafm tuy\u1ebft\u201d \u2013 nh\u01b0 l\u1eddi g\u1ee3i nh\u1eafc v\u1ec1 khung c\u1ea3nh m\u00f9a \u0111\u00f4ng Nh\u1eadt B\u1ea3n, n\u01a1i t\u1eebng vi\u00ean mochi tr\u1eafng m\u1ec1m t\u01b0\u1ee3ng tr\u01b0ng cho nh\u1eefng b\u00f4ng tuy\u1ebft v\u1eeba r\u01a1i. V\u1ecb socola \u1ea5m n\u1ed3ng trong l\u00f2ng mochi l\u1ea1nh \u1ea5y l\u1ea1i c\u00e0ng l\u00e0m r\u00f5 h\u01a1n c\u1ea3m gi\u00e1c \u0111\u1ed1i l\u1eadp \u0111\u1ea7y th\u00fa v\u1ecb: ng\u1ecdt ng\u00e0o nh\u01b0ng thanh m\u00e1t, m\u1ec1m d\u1ebbo m\u00e0 v\u1eabn tan nhanh tr\u00ean \u0111\u1ea7u l\u01b0\u1ee1i.<\/p>\n<p data-start=\"2111\" data-end=\"2409\">\u2013 L\u1edbp v\u1ecf mochi \u0111\u01b0\u1ee3c l\u00e0m t\u1eeb g\u1ea1o Nh\u1eadt cao c\u1ea5p, d\u1ebbo m\u1ecbn, kh\u00f4ng b\u1ecb d\u00ednh tay.<br data-start=\"2183\" data-end=\"2186\" \/>\u2013 Nh\u00e2n kem socola l\u1ea1nh s\u00e2u, tan ch\u1eadm, v\u1ecb cacao \u0111\u1eadm nh\u01b0ng c\u00e2n b\u1eb1ng.<br data-start=\"2252\" data-end=\"2255\" \/>\u2013 Th\u01b0\u1edfng th\u1ee9c ngon nh\u1ea5t sau khi r\u00e3 \u0111\u00f4ng 2\u20133 ph\u00fat \u0111\u1ec3 l\u1edbp mochi \u0111\u1ea1t \u0111\u1ed9 m\u1ec1m ho\u00e0n h\u1ea3o.<br data-start=\"2337\" data-end=\"2340\" \/>\u2013 C\u00f3 th\u1ec3 d\u00f9ng k\u00e8m tr\u00e0 xanh ho\u1eb7c c\u00e0 ph\u00ea n\u00f3ng \u0111\u1ec3 t\u0103ng chi\u1ec1u h\u01b0\u01a1ng v\u1ecb.<\/p>\n<p data-start=\"2111\" data-end=\"2409\"><img loading=\"lazy\" decoding=\"async\" class=\"aligncenter wp-image-42846\" src=\"https:\/\/havamall.com\/wp-content\/uploads\/2025\/10\/474586018_533491759744654_1481083279225315874_n.jpg\" alt=\"\" width=\"800\" height=\"800\" \/><\/p>\n<p data-start=\"2411\" data-end=\"2684\">Kh\u00f4ng ch\u1ec9 l\u00e0 m\u00f3n tr\u00e1ng mi\u1ec7ng,\u00a0<strong data-start=\"2441\" data-end=\"2459\">Yukimi Daifuku<\/strong>\u00a0c\u00f2n l\u00e0 m\u1ed9t l\u00e1t c\u1eaft nh\u1ecf c\u1ee7a v\u0103n h\u00f3a Nh\u1eadt \u2013 n\u01a1i ng\u01b0\u1eddi ta t\u00ecm th\u1ea5y ni\u1ec1m vui gi\u1ea3n d\u1ecb t\u1eeb s\u1ef1 kh\u00e9o l\u00e9o v\u00e0 tinh t\u1ebf. M\u1ed9t vi\u00ean mochi nh\u1ecf b\u00e9, trong \u0111\u00f3 \u1ea9n ch\u1ee9a c\u1ea3m gi\u00e1c l\u1ea1nh \u0111\u1ea7u m\u00f9a, h\u01b0\u01a1ng cacao d\u00ecu d\u1ecbu v\u00e0 ch\u00fat \u1ea5m \u00e1p n\u01a1i l\u00f2ng b\u00e0n tay.<\/p>\n<p data-start=\"2686\" data-end=\"2767\"><strong data-start=\"2686\" data-end=\"2767\">B\u00e1nh Mochi Kem L\u1ea1nh V\u1ecb Socola Yukimi Daifuku hi\u1ec7n \u0111ang \u0111\u01b0\u1ee3c b\u00e1n t\u1ea1i Havamall.<\/strong><\/p>","protected":false},"excerpt":{"rendered":"<p><b>L\u01afU \u00dd QUAN TR\u1eccNG:\u00a0<span style=\"font-size: 18pt\">\u0110\u00c2Y L\u00c0 S\u1ea2N PH\u1ea8M \u0110\u00d4NG L\u1ea0NH<\/span><\/b><\/p>\n<ul>\n<li>\u0110\u1ec3 \u0111\u1ea3m b\u1ea3o ch\u1ea5t l\u01b0\u1ee3ng, c\u00e1c s\u1ea3n ph\u1ea9m tr\u00e1i c\u00e2y \u0111\u00f4ng l\u1ea1nh v\u00e0 \u0111\u1ed3 \u0111\u00f4ng l\u1ea1nh\u00a0<b>ch\u1ec9 \u0111\u01b0\u1ee3c giao h\u1ecfa t\u1ed1c<\/b>\u00a0trong khu v\u1ef1c\u00a0<strong>TP.HCM<\/strong>.<\/li>\n<li><b>Ph\u00ed ship:<\/b>\n<ul>\n<li>D\u01b0\u1edbi 5km: 30.000\u20ab<\/li>\n<li>Tr\u00ean 5km: Ph\u00ed giao h\u00e0ng s\u1ebd t\u00ednh theo gi\u00e1 c\u1ee7a \u1ee9ng d\u1ee5ng d\u1ecbch v\u1ee5 v\u1eadn chuy\u1ec3n.<\/li>\n<\/ul>\n<\/li>\n<li><b>\u0110\u1ecba ch\u1ec9 c\u1eeda h\u00e0ng:<\/b>\u00a0H\u1ebbm 112, s\u1ed1 114A B\u1ea1ch \u0110\u1eb1ng, Ph\u01b0\u1eddng 2, Qu\u1eadn T\u00e2n B\u00ecnh. B\u1ea1n c\u00f3 th\u1ec3 ki\u1ec3m tra kho\u1ea3ng c\u00e1ch tr\u01b0\u1edbc khi \u0111\u1eb7t h\u00e0ng.<\/li>\n<li><b>Mi\u1ec5n ph\u00ed giao h\u00e0ng:<\/b>\u00a0\u00c1p d\u1ee5ng cho \u0111\u01a1n h\u00e0ng tr\u00e1i c\u00e2y \u0111\u00f4ng l\u1ea1nh t\u1eeb 4kg ho\u1eb7c c\u00f3 gi\u00e1 tr\u1ecb t\u1eeb 1.500.000\u20ab.<\/li>\n<\/ul>","protected":false},"featured_media":43333,"comment_status":"open","ping_status":"closed","template":"","meta":[],"product_brand":[],"product_cat":[684,675],"product_tag":[],"class_list":{"0":"post-43168","1":"product","2":"type-product","3":"status-publish","4":"has-post-thumbnail","6":"product_cat-kem-lanh","7":"product_cat-nhap-khau-nhat-ban","9":"first","10":"instock","11":"sale","12":"shipping-taxable","13":"purchasable","14":"product-type-simple"},"_links":{"self":[{"href":"https:\/\/havamall.vn\/en\/wp-json\/wp\/v2\/product\/43168"}],"collection":[{"href":"https:\/\/havamall.vn\/en\/wp-json\/wp\/v2\/product"}],"about":[{"href":"https:\/\/havamall.vn\/en\/wp-json\/wp\/v2\/types\/product"}],"replies":[{"embeddable":true,"href":"https:\/\/havamall.vn\/en\/wp-json\/wp\/v2\/comments?post=43168"}],"version-history":[{"count":0,"href":"https:\/\/havamall.vn\/en\/wp-json\/wp\/v2\/product\/43168\/revisions"}],"wp:featuredmedia":[{"embeddable":true,"href":"https:\/\/havamall.vn\/en\/wp-json\/wp\/v2\/media\/43333"}],"wp:attachment":[{"href":"https:\/\/havamall.vn\/en\/wp-json\/wp\/v2\/media?parent=43168"}],"wp:term":[{"taxonomy":"product_brand","embeddable":true,"href":"https:\/\/havamall.vn\/en\/wp-json\/wp\/v2\/product_brand?post=43168"},{"taxonomy":"product_cat","embeddable":true,"href":"https:\/\/havamall.vn\/en\/wp-json\/wp\/v2\/product_cat?post=43168"},{"taxonomy":"product_tag","embeddable":true,"href":"https:\/\/havamall.vn\/en\/wp-json\/wp\/v2\/product_tag?post=43168"}],"curies":[{"name":"wp","href":"https:\/\/api.w.org\/{rel}","templated":true}]}}