{"id":43152,"date":"2025-10-18T10:19:30","date_gmt":"2025-10-18T03:19:30","guid":{"rendered":"https:\/\/havamall.vn\/?post_type=product&#038;p=43152"},"modified":"2025-10-18T10:19:31","modified_gmt":"2025-10-18T03:19:31","slug":"thach-rau-cau-konjac-orihiro-halloween-nho-cam-goi-240g-12-cai-orihiro-purunto-konnyaku-jelly-happy-halloween","status":"publish","type":"product","link":"https:\/\/havamall.vn\/en\/shop\/thach-rau-cau-konjac-orihiro-halloween-nho-cam-goi-240g-12-cai-orihiro-purunto-konnyaku-jelly-happy-halloween\/","title":{"rendered":"Th\u1ea1ch Rau C\u00e2u Konjac ORIHIRO Halloween (Nho &amp; Cam) G\u00f3i 240g (12 C\u00e1i) \u2013 Orihiro Purunto Konnyaku Jelly Happy Halloween"},"content":{"rendered":"<blockquote>\n<h2><em><strong>TH\u00d4NG TIN CHUNG<\/strong><\/em><\/h2>\n<\/blockquote>\n<table style=\"width: 63.9106%;height: 104px\">\n<tbody>\n<tr>\n<td><b>Th\u01b0\u01a1ng hi\u1ec7u<\/b><\/td>\n<td><b>ORIHIRO<\/b><\/td>\n<\/tr>\n<tr>\n<td><b>Xu\u1ea5t x\u1ee9<\/b><\/td>\n<td>Nh\u1eadt B\u1ea3n<\/td>\n<\/tr>\n<tr>\n<td><b>Th\u00e0nh ph\u1ea7n<\/b><\/td>\n<td>Xem tr\u1ef1c ti\u1ebfp tr\u00ean bao b\u00ec<\/td>\n<\/tr>\n<tr>\n<td><b>H\u1ea1n s\u1eed d\u1ee5ng<\/b><\/td>\n<td>Xem tr\u1ef1c ti\u1ebfp tr\u00ean bao b\u00ec<\/td>\n<\/tr>\n<tr>\n<td><b>B\u1ea3o qu\u1ea3n<\/b><\/td>\n<td>B\u1ea3o qu\u1ea3n n\u01a1i kh\u00f4 r\u00e1o, tho\u00e1ng m\u00e1t<\/td>\n<\/tr>\n<tr>\n<td><b>Kh\u1ed1i l\u01b0\u1ee3ng<\/b><\/td>\n<td>240g\u00a0(12 g\u00f3i nh\u1ecf)<\/td>\n<\/tr>\n<\/tbody>\n<\/table>\n<p data-start=\"399\" data-end=\"734\">Kh\u00f4ng kh\u00ed l\u1ec5 h\u1ed9i tr\u1edf n\u00ean ng\u1ecdt ng\u00e0o v\u00e0 r\u1ed9n r\u00e0ng h\u01a1n bao gi\u1edd h\u1ebft v\u1edbi\u00a0<strong data-start=\"466\" data-end=\"500\">Th\u1ea1ch Konjac Halloween Orihiro<\/strong>\u00a0\u2013 phi\u00ean b\u1ea3n gi\u1edbi h\u1ea1n mang s\u1eafc m\u00e0u Halloween vui nh\u1ed9n t\u1eeb th\u01b0\u01a1ng hi\u1ec7u\u00a0<strong data-start=\"569\" data-end=\"580\">Orihiro<\/strong>\u00a0n\u1ed5i ti\u1ebfng c\u1ee7a Nh\u1eadt B\u1ea3n. D\u00f2ng th\u1ea1ch konjac n\u00e0y kh\u00f4ng ch\u1ec9 thu h\u00fat b\u1edfi thi\u1ebft k\u1ebf sinh \u0111\u1ed9ng, m\u00e0 c\u00f2n b\u1edfi h\u01b0\u01a1ng v\u1ecb thanh m\u00e1t, d\u1ec5 \u0103n, ph\u00f9 h\u1ee3p cho m\u1ecdi l\u1ee9a tu\u1ed5i.<\/p>\n<p data-start=\"399\" data-end=\"734\"><img fetchpriority=\"high\" decoding=\"async\" class=\"aligncenter  wp-image-42809\" src=\"https:\/\/havamall.com\/wp-content\/uploads\/2025\/10\/558386289_1227369572750617_9101808549685241184_n.jpg\" alt=\"\" width=\"800\" height=\"1003\" \/><\/p>\n<p data-start=\"736\" data-end=\"1160\">\u0110\u01b0\u1ee3c l\u00e0m t\u1eeb\u00a0<strong data-start=\"748\" data-end=\"771\">b\u1ed9t konjac t\u1ef1 nhi\u00ean<\/strong>, lo\u1ea1i th\u1ea1ch n\u00e0y c\u00f3 k\u1ebft c\u1ea5u m\u1ec1m dai, kh\u00f4ng ng\u1ecdt g\u1eaft, mang l\u1ea1i c\u1ea3m gi\u00e1c t\u01b0\u01a1i m\u00e1t khi th\u01b0\u1edfng th\u1ee9c. M\u1ed7i g\u00f3i g\u1ed3m hai h\u01b0\u01a1ng v\u1ecb \u0111\u1eb7c tr\u01b0ng \u2013\u00a0<strong data-start=\"905\" data-end=\"928\">nho t\u00edm v\u00e0 cam t\u01b0\u01a1i<\/strong>, k\u1ebft h\u1ee3p gi\u1eefa v\u1ecb tr\u00e1i c\u00e2y t\u1ef1 nhi\u00ean v\u00e0 \u0111\u1ed9 dai nh\u1eb9 c\u1ee7a konjac, t\u1ea1o n\u00ean c\u1ea3m gi\u00e1c v\u1eeba ngon mi\u1ec7ng v\u1eeba th\u00fa v\u1ecb. \u0110\u00e2y c\u0169ng l\u00e0 \u0111i\u1ec3m khi\u1ebfn Orihiro lu\u00f4n \u0111\u01b0\u1ee3c tin ch\u1ecdn t\u1ea1i Nh\u1eadt B\u1ea3n \u2013 n\u01a1i \u01b0a chu\u1ed9ng s\u1ef1 c\u00e2n b\u1eb1ng gi\u1eefa v\u1ecb ngon v\u00e0 l\u1ee3i \u00edch s\u1ee9c kh\u1ecfe.<\/p>\n<p data-start=\"1162\" data-end=\"1595\">\u2013\u00a0<strong data-start=\"1164\" data-end=\"1195\">Nguy\u00ean li\u1ec7u konjac t\u1ef1 nhi\u00ean<\/strong>, \u00edt calo, ph\u00f9 h\u1ee3p v\u1edbi ng\u01b0\u1eddi \u0103n ki\u00eang ho\u1eb7c tr\u1ebb nh\u1ecf.<br data-start=\"1246\" data-end=\"1249\" \/>\u2013\u00a0<strong data-start=\"1251\" data-end=\"1285\">Hai h\u01b0\u01a1ng v\u1ecb tr\u00e1i c\u00e2y t\u01b0\u01a1i m\u00e1t<\/strong>: nho v\u00e0 cam, h\u00e0i h\u00f2a v\u1ecb ng\u1ecdt thanh t\u1ef1 nhi\u00ean.<br data-start=\"1330\" data-end=\"1333\" \/>\u2013\u00a0<strong data-start=\"1335\" data-end=\"1365\">Bao b\u00ec phi\u00ean b\u1ea3n Halloween<\/strong>, nhi\u1ec1u h\u00ecnh ng\u1ed9 ngh\u0129nh, mang kh\u00f4ng kh\u00ed l\u1ec5 h\u1ed9i.<br data-start=\"1412\" data-end=\"1415\" \/>\u2013\u00a0<strong data-start=\"1417\" data-end=\"1443\">D\u1ea1ng t\u00fai mini ti\u1ec7n l\u1ee3i<\/strong>, d\u1ec5 chia s\u1ebb, th\u00edch h\u1ee3p cho ti\u1ec7c, d\u00e3 ngo\u1ea1i ho\u1eb7c l\u00e0m qu\u00e0.<br data-start=\"1499\" data-end=\"1502\" \/>\u2013\u00a0<strong data-start=\"1504\" data-end=\"1543\">Th\u01b0\u01a1ng hi\u1ec7u Orihiro uy t\u00edn c\u1ee7a Nh\u1eadt<\/strong>, n\u1ed5i ti\u1ebfng v\u1edbi c\u00e1c s\u1ea3n ph\u1ea9m dinh d\u01b0\u1ee1ng l\u00e0nh m\u1ea1nh.<\/p>\n<p data-start=\"1162\" data-end=\"1595\"><img decoding=\"async\" class=\"aligncenter  wp-image-42810\" src=\"https:\/\/havamall.com\/wp-content\/uploads\/2025\/10\/558979866_1273460731490349_5010600863300034647_n.jpg\" alt=\"\" width=\"800\" height=\"1001\" \/><\/p>\n<p data-start=\"1597\" data-end=\"1892\">\u0110i\u1ec1u l\u00e0m n\u00ean s\u1ee9c h\u00fat c\u1ee7a\u00a0<strong data-start=\"1622\" data-end=\"1656\">Th\u1ea1ch Konjac Halloween Orihiro<\/strong>\u00a0kh\u00f4ng ch\u1ec9 n\u1eb1m \u1edf h\u01b0\u01a1ng v\u1ecb nh\u1eb9 nh\u00e0ng, m\u00e0 c\u00f2n \u1edf c\u1ea3m gi\u00e1c vui t\u01b0\u01a1i m\u00e0 t\u1eebng g\u00f3i nh\u1ecf mang l\u1ea1i. Nh\u1eefng h\u00ecnh \u1ea3nh b\u00ed ng\u00f4, ma nh\u1ecf v\u00e0 ph\u00f9 th\u1ee7y d\u1ec5 th\u01b0\u01a1ng \u0111\u01b0\u1ee3c in tr\u00ean bao b\u00ec khi\u1ebfn ng\u01b0\u1eddi l\u1edbn c\u0169ng th\u1ea5y th\u00edch th\u00fa, tr\u1ebb nh\u1ecf th\u00ec h\u00e1o h\u1ee9c m\u1ed7i khi m\u1edf g\u00f3i.<\/p>\n<p data-start=\"1597\" data-end=\"1892\"><img decoding=\"async\" class=\"aligncenter  wp-image-42811\" src=\"https:\/\/havamall.com\/wp-content\/uploads\/2025\/10\/558768665_1227369539417287_6087600234941373404_n.jpg\" alt=\"\" width=\"801\" height=\"1004\" \/><\/p>\n<p data-start=\"1894\" data-end=\"2201\">S\u1ef1 t\u01b0\u01a1i m\u00e1t c\u1ee7a tr\u00e1i c\u00e2y, v\u1ecb dai gi\u00f2n c\u1ee7a th\u1ea1ch konjac v\u00e0 s\u1ef1 ch\u1ec9n chu trong t\u1eebng chi ti\u1ebft \u0111\u00f3ng g\u00f3i \u0111\u1ec1u th\u1ec3 hi\u1ec7n tinh th\u1ea7n \u201cngon \u2013 l\u00e0nh \u2013 vui\u201d \u0111\u1eb7c tr\u01b0ng c\u1ee7a Orihiro. D\u00f9 l\u00e0 d\u00f9ng trong nh\u1eefng b\u1eefa nh\u1eb9, bu\u1ed5i d\u00e3 ngo\u1ea1i hay l\u00e0m m\u00f3n qu\u00e0 xinh x\u1eafn m\u00f9a l\u1ec5 h\u1ed9i, th\u1ea1ch Orihiro lu\u00f4n mang \u0111\u1ebfn c\u1ea3m gi\u00e1c t\u01b0\u01a1i m\u1edbi v\u00e0 d\u1ec5 ch\u1ecbu.<\/p>\n<p data-start=\"1894\" data-end=\"2201\"><img loading=\"lazy\" decoding=\"async\" class=\"aligncenter  wp-image-42812\" src=\"https:\/\/havamall.com\/wp-content\/uploads\/2025\/10\/561904518_18193142050324952_713228320659745285_n.jpg\" alt=\"\" width=\"801\" height=\"1065\" \/><\/p>\n<p data-start=\"2203\" data-end=\"2385\"><strong data-start=\"2203\" data-end=\"2297\">Th\u1ea1ch Konjac Halloween Orihiro 240g \u2013 Orihiro Konjac Jelly Happy Halloween Edition (Japan),\u00a0<\/strong>phi\u00ean b\u1ea3n gi\u1edbi h\u1ea1n ng\u1ecdt ng\u00e0o, vui nh\u1ed9n v\u00e0 \u0111\u1ea7y s\u1eafc m\u00e0u \u2013 m\u00f3n qu\u00e0 nh\u1ecf tr\u1ecdn v\u1ecb l\u1ec5 h\u1ed9i.\u00a0Hi\u1ec7n \u0111ang \u0111\u01b0\u1ee3c b\u00e1n t\u1ea1i\u00a0<strong data-start=\"2410\" data-end=\"2422\">Havamall<\/strong>.<\/p>","protected":false},"excerpt":{"rendered":"<p>TH\u00d4NG TIN CHUNG Th\u01b0\u01a1ng hi\u1ec7u ORIHIRO Xu\u1ea5t x\u1ee9 Nh\u1eadt B\u1ea3n Th\u00e0nh ph\u1ea7n Xem tr\u1ef1c ti\u1ebfp tr\u00ean bao b\u00ec H\u1ea1n s\u1eed<\/p>","protected":false},"featured_media":43153,"comment_status":"open","ping_status":"closed","template":"","meta":[],"product_brand":[],"product_cat":[675,133],"product_tag":[],"class_list":{"0":"post-43152","1":"product","2":"type-product","3":"status-publish","4":"has-post-thumbnail","6":"product_cat-nhap-khau-nhat-ban","7":"product_cat-banh-keo-chocolate","9":"first","10":"instock","11":"sale","12":"shipping-taxable","13":"purchasable","14":"product-type-simple"},"_links":{"self":[{"href":"https:\/\/havamall.vn\/en\/wp-json\/wp\/v2\/product\/43152"}],"collection":[{"href":"https:\/\/havamall.vn\/en\/wp-json\/wp\/v2\/product"}],"about":[{"href":"https:\/\/havamall.vn\/en\/wp-json\/wp\/v2\/types\/product"}],"replies":[{"embeddable":true,"href":"https:\/\/havamall.vn\/en\/wp-json\/wp\/v2\/comments?post=43152"}],"version-history":[{"count":0,"href":"https:\/\/havamall.vn\/en\/wp-json\/wp\/v2\/product\/43152\/revisions"}],"wp:featuredmedia":[{"embeddable":true,"href":"https:\/\/havamall.vn\/en\/wp-json\/wp\/v2\/media\/43153"}],"wp:attachment":[{"href":"https:\/\/havamall.vn\/en\/wp-json\/wp\/v2\/media?parent=43152"}],"wp:term":[{"taxonomy":"product_brand","embeddable":true,"href":"https:\/\/havamall.vn\/en\/wp-json\/wp\/v2\/product_brand?post=43152"},{"taxonomy":"product_cat","embeddable":true,"href":"https:\/\/havamall.vn\/en\/wp-json\/wp\/v2\/product_cat?post=43152"},{"taxonomy":"product_tag","embeddable":true,"href":"https:\/\/havamall.vn\/en\/wp-json\/wp\/v2\/product_tag?post=43152"}],"curies":[{"name":"wp","href":"https:\/\/api.w.org\/{rel}","templated":true}]}}