{"id":43134,"date":"2025-10-17T16:06:24","date_gmt":"2025-10-17T09:06:24","guid":{"rendered":"https:\/\/havamall.vn\/?post_type=product&#038;p=43134"},"modified":"2025-10-17T16:06:24","modified_gmt":"2025-10-17T09:06:24","slug":"com-an-lien-nhat-ban-sato-200g-sato-no-gohan-kirara-397-hokkaido-rice","status":"publish","type":"product","link":"https:\/\/havamall.vn\/en\/shop\/com-an-lien-nhat-ban-sato-200g-sato-no-gohan-kirara-397-hokkaido-rice\/","title":{"rendered":"C\u01a1m \u0102n Li\u1ec1n Nh\u1eadt B\u1ea3n Sato 200g \u2013 Sato no Gohan Kirara 397 (Hokkaido Rice)"},"content":{"rendered":"<blockquote>\n<h2><em><strong>TH\u00d4NG TIN CHUNG<\/strong><\/em><\/h2>\n<\/blockquote>\n<table>\n<tbody>\n<tr>\n<td><b>Xu\u1ea5t x\u1ee9<\/b><\/td>\n<td>Nh\u1eadt B\u1ea3n<\/td>\n<\/tr>\n<tr>\n<td><b>Th\u00e0nh ph\u1ea7n<\/b><\/td>\n<td>Xem tr\u1ef1c ti\u1ebfp tr\u00ean bao b\u00ec<\/td>\n<\/tr>\n<tr>\n<td><b>H\u1ea1n s\u1eed d\u1ee5ng<\/b><\/td>\n<td>Xem tr\u1ef1c ti\u1ebfp tr\u00ean bao b\u00ec<\/td>\n<\/tr>\n<tr>\n<td><b>B\u1ea3o qu\u1ea3n<\/b><\/td>\n<td>B\u1ea3o qu\u1ea3n n\u01a1i kh\u00f4 r\u00e1o, tho\u00e1ng m\u00e1t<\/td>\n<\/tr>\n<tr>\n<td><b>Kh\u1ed1i l\u01b0\u1ee3ng<\/b><\/td>\n<td>200g<\/td>\n<\/tr>\n<\/tbody>\n<\/table>\n<p data-start=\"766\" data-end=\"1163\">Lo\u1ea1i c\u01a1m n\u00e0y \u0111\u01b0\u1ee3c ch\u1ebf bi\u1ebfn t\u1eeb\u00a0<strong data-start=\"796\" data-end=\"814\">g\u1ea1o Kirara 397<\/strong>\u00a0\u2013 gi\u1ed1ng g\u1ea1o n\u1ed5i ti\u1ebfng v\u00f9ng\u00a0<strong data-start=\"842\" data-end=\"854\">Hokkaido<\/strong>, n\u01a1i c\u00f3 kh\u00ed h\u1eadu m\u00e1t l\u1ea1nh v\u00e0 ngu\u1ed3n n\u01b0\u1edbc tinh khi\u1ebft, t\u1ea1o n\u00ean nh\u1eefng h\u1ea1t g\u1ea1o tr\u00f2n \u0111\u1ea7y, tr\u1eafng trong, gi\u00e0u \u0111\u1ed9 ng\u1ecdt t\u1ef1 nhi\u00ean. Kirara 397 l\u00e0 m\u1ed9t trong nh\u1eefng gi\u1ed1ng g\u1ea1o cao c\u1ea5p \u0111\u01b0\u1ee3c ng\u01b0\u1eddi Nh\u1eadt \u01b0a chu\u1ed9ng v\u00ec\u00a0<strong data-start=\"1051\" data-end=\"1102\">\u0111\u1ed9 d\u1ebbo nh\u1eb9, h\u01b0\u01a1ng th\u01a1m d\u1ecbu v\u00e0 h\u1eadu v\u1ecb ng\u1ecdt thanh<\/strong>, \u0111\u1eb7c tr\u01b0ng kh\u00e1c bi\u1ec7t h\u1eb3n so v\u1edbi c\u00e1c lo\u1ea1i g\u1ea1o th\u00f4ng th\u01b0\u1eddng.<\/p>\n<p data-start=\"766\" data-end=\"1163\"><img fetchpriority=\"high\" decoding=\"async\" class=\"aligncenter  wp-image-42776\" src=\"https:\/\/havamall.com\/wp-content\/uploads\/2025\/10\/IMG_5550.webp\" alt=\"\" width=\"800\" height=\"600\" \/><\/p>\n<p data-start=\"1165\" data-end=\"1558\">\u0110i\u1ec1u khi\u1ebfn\u00a0<strong data-start=\"1176\" data-end=\"1193\">Sato no Gohan<\/strong>\u00a0tr\u1edf n\u00ean \u0111\u1eb7c bi\u1ec7t kh\u00f4ng ch\u1ec9 n\u1eb1m \u1edf nguy\u00ean li\u1ec7u, m\u00e0 c\u00f2n \u1edf\u00a0<strong data-start=\"1249\" data-end=\"1287\">quy tr\u00ecnh h\u1ea5p ti\u1ec7t tr\u00f9ng \u0111\u1ed9c quy\u1ec1n<\/strong>. Ngay sau khi g\u1ea1o \u0111\u01b0\u1ee3c n\u1ea5u ch\u00edn b\u1eb1ng h\u01a1i n\u01b0\u1edbc \u00e1p su\u1ea5t cao, t\u1eebng h\u1ed9p c\u01a1m \u0111\u01b0\u1ee3c \u0111\u00f3ng k\u00edn trong m\u00f4i tr\u01b0\u1eddng v\u00f4 tr\u00f9ng, gi\u00fap\u00a0<strong data-start=\"1406\" data-end=\"1471\">gi\u1eef tr\u1ecdn h\u01b0\u01a1ng v\u1ecb v\u00e0 k\u1ebft c\u1ea5u c\u01a1m t\u01b0\u01a1i m\u1edbi nh\u01b0 v\u1eeba n\u1ea5u t\u1ea1i nh\u00e0<\/strong>. Nh\u1edd \u0111\u00f3, m\u1ed7i h\u1ea1t c\u01a1m khi h\u00e2m n\u00f3ng l\u1ea1i v\u1eabn m\u1ec1m, b\u00f3ng, t\u01a1i, d\u1ebbo v\u1eeba ph\u1ea3i m\u00e0 kh\u00f4ng n\u00e1t.<\/p>\n<p data-start=\"1560\" data-end=\"1924\">\u2013\u00a0<strong data-start=\"1562\" data-end=\"1598\">G\u1ea1o Hokkaido Kirara 397 tr\u1ee9 danh<\/strong>, d\u1ebbo th\u01a1m v\u00e0 ng\u1ecdt t\u1ef1 nhi\u00ean.<br data-start=\"1626\" data-end=\"1629\" \/>\u2013\u00a0<strong data-start=\"1631\" data-end=\"1668\">C\u00f4ng ngh\u1ec7 h\u1ea5p ti\u1ec7t tr\u00f9ng hi\u1ec7n \u0111\u1ea1i<\/strong>, b\u1ea3o to\u00e0n h\u01b0\u01a1ng v\u1ecb c\u01a1m t\u01b0\u01a1i.<br data-start=\"1697\" data-end=\"1700\" \/>\u2013\u00a0<strong data-start=\"1702\" data-end=\"1752\">Kh\u00f4ng ch\u1ea5t b\u1ea3o qu\u1ea3n, kh\u00f4ng h\u01b0\u01a1ng li\u1ec7u nh\u00e2n t\u1ea1o<\/strong>, an to\u00e0n cho s\u1ee9c kh\u1ecfe.<br data-start=\"1775\" data-end=\"1778\" \/>\u2013\u00a0<strong data-start=\"1780\" data-end=\"1802\">Ti\u1ec7n l\u1ee3i tuy\u1ec7t \u0111\u1ed1i<\/strong>, ch\u1ec9 c\u1ea7n v\u00e0i ph\u00fat h\u00e2m n\u00f3ng b\u1eb1ng l\u00f2 vi s\u00f3ng ho\u1eb7c n\u01b0\u1edbc s\u00f4i.<br data-start=\"1860\" data-end=\"1863\" \/>\u2013\u00a0<strong data-start=\"1865\" data-end=\"1897\">H\u01b0\u01a1ng v\u1ecb nguy\u00ean b\u1ea3n Nh\u1eadt B\u1ea3n<\/strong>, ph\u00f9 h\u1ee3p cho m\u1ecdi b\u1eefa \u0103n.<\/p>\n<p data-start=\"1560\" data-end=\"1924\"><img decoding=\"async\" class=\"aligncenter  wp-image-42777\" src=\"https:\/\/havamall.com\/wp-content\/uploads\/2025\/10\/9cae5e93-7708-46df-bf93-bb1204001006.jpg\" alt=\"\" width=\"801\" height=\"534\" \/><\/p>\n<p data-start=\"1926\" data-end=\"2202\">Ch\u1ec9 c\u1ea7n\u00a0<strong data-start=\"1934\" data-end=\"1974\">1\u20132 ph\u00fat trong l\u00f2 vi s\u00f3ng (500\u2013600W)<\/strong>\u00a0ho\u1eb7c\u00a0<strong data-start=\"1980\" data-end=\"2019\">ng\u00e2m h\u1ed9p c\u01a1m trong n\u01b0\u1edbc s\u00f4i 15 ph\u00fat<\/strong>, l\u00e0 h\u01b0\u01a1ng th\u01a1m c\u01a1m Nh\u1eadt lan t\u1ecfa kh\u1eafp kh\u00f4ng gian. C\u01a1m n\u00f3ng h\u1ed5i, t\u1eebng h\u1ea1t m\u1ec1m b\u00f3ng, v\u1eeba d\u1ebbo v\u1eeba t\u01a1i, c\u00f3 th\u1ec3 \u0103n k\u00e8m v\u1edbi b\u1ea5t k\u1ef3 m\u00f3n n\u00e0o: c\u00e1 n\u01b0\u1edbng, tr\u1ee9ng, s\u00fap miso hay \u0111\u1ed3 kho ki\u1ec3u Nh\u1eadt.<\/p>\n<p data-start=\"1926\" data-end=\"2202\"><img decoding=\"async\" class=\"aligncenter  wp-image-42778\" src=\"https:\/\/havamall.com\/wp-content\/uploads\/2025\/10\/sub-buzz-5087-1658976827-11.webp\" alt=\"\" width=\"800\" height=\"800\" \/><\/p>\n<p data-start=\"1926\" data-end=\"2202\">Nh\u1edd c\u00f4ng ngh\u1ec7 \u0111\u00f3ng g\u00f3i ch\u00e2n kh\u00f4ng v\u00e0 ti\u1ec7t tr\u00f9ng,\u00a0<strong data-start=\"2507\" data-end=\"2548\">Sato no Gohan kh\u00f4ng c\u1ea7n b\u1ea3o qu\u1ea3n l\u1ea1nh<\/strong>\u00a0m\u00e0 v\u1eabn gi\u1eef nguy\u00ean ch\u1ea5t l\u01b0\u1ee3ng.\u00a0<strong data-start=\"3030\" data-end=\"3058\">Sato no Gohan Kirara 397<\/strong>\u00a0c\u00f2n l\u00e0 l\u1ef1a ch\u1ecdn tuy\u1ec7t v\u1eddi cho nh\u1eefng ai mu\u1ed1n th\u01b0\u1edfng th\u1ee9c c\u01a1m Nh\u1eadt chu\u1ea9n v\u1ecb m\u00e0 kh\u00f4ng c\u1ea7n n\u1ed3i n\u1ea5u. C\u00f3 th\u1ec3 d\u00f9ng ri\u00eang, ho\u1eb7c k\u1ebft h\u1ee3p v\u1edbi c\u00e1c m\u00f3n Nh\u1eadt \u0111\u00f3ng g\u00f3i kh\u00e1c nh\u01b0 s\u00fap b\u1eafp, c\u00e0 ri, c\u00e1 saba s\u1ed1t miso&#8230; \u0111\u1ec3 t\u1ea1o th\u00e0nh m\u1ed9t b\u1eefa \u0103n tr\u1ecdn v\u1eb9n, \u0111\u1ea7y dinh d\u01b0\u1ee1ng ch\u1ec9 trong v\u00e0i ph\u00fat.<\/p>\n<p data-start=\"1926\" data-end=\"2202\"><img loading=\"lazy\" decoding=\"async\" class=\"aligncenter  wp-image-42779\" src=\"https:\/\/havamall.com\/wp-content\/uploads\/2025\/10\/pixta_77415274_M_2.jpg\" alt=\"\" width=\"800\" height=\"533\" \/><\/p>\n<p data-start=\"3330\" data-end=\"3673\">T\u1eebng h\u1ed9p c\u01a1m l\u00e0 k\u1ebft tinh c\u1ee7a s\u1ef1 k\u1ebft h\u1ee3p gi\u1eefa\u00a0<strong data-start=\"3375\" data-end=\"3414\">n\u00f4ng s\u1ea3n ch\u1ea5t l\u01b0\u1ee3ng cao t\u1eeb Hokkaido<\/strong>\u00a0v\u00e0\u00a0<strong data-start=\"3418\" data-end=\"3461\">k\u1ef9 ngh\u1ec7 ch\u1ebf bi\u1ebfn tinh vi c\u1ee7a Sato Foods<\/strong>\u00a0\u2013 th\u01b0\u01a1ng hi\u1ec7u Nh\u1eadt B\u1ea3n uy t\u00edn v\u1edbi nhi\u1ec1u n\u0103m kinh nghi\u1ec7m trong l\u0129nh v\u1ef1c th\u1ef1c ph\u1ea9m ti\u1ec7n l\u1ee3i. Kh\u00f4ng ch\u1ec9 cung c\u1ea5p s\u1ef1 ti\u1ec7n l\u1ee3i, Sato c\u00f2n mang \u0111\u1ebfn m\u1ed9t ti\u00eau chu\u1ea9n m\u1edbi v\u1ec1 c\u01a1m \u0103n li\u1ec1n: s\u1ea1ch, chu\u1ea9n v\u1ecb, v\u00e0 \u0111\u1eadm ch\u1ea5t Nh\u1eadt.<\/p>\n<p data-start=\"3854\" data-end=\"3901\">Hi\u1ec7n s\u1ea3n ph\u1ea9m \u0111ang \u0111\u01b0\u1ee3c b\u00e1n t\u1ea1i\u00a0<strong data-start=\"3886\" data-end=\"3898\">Havamall<\/strong>.<\/p>","protected":false},"excerpt":{"rendered":"<h3>\u0110\u1eccC K\u1ef8 ~ Ch\u00ednh s\u00e1ch giao h\u00e0ng t\u1ea1i Havamall<\/h3>\n<h4><b>1. Giao h\u00e0ng t\u1ea1i TP.HCM<\/b><\/h4>\n<ul>\n<li><b>\u0110\u1ed3 kh\u00f4 (Giao trong 1-2 ng\u00e0y sau khi \u0111\u01b0\u1ee3c g\u1ecdi x\u00e1c nh\u1eadn \u0111\u01a1n):<\/b>\n<ul>\n<li><b>Mi\u1ec5n ph\u00ed ship<\/b>\u00a0v\u1edbi \u0111\u01a1n\u00a0<em><strong>tr\u00ean 500.000\u20ab.\u00a0<\/strong>C<\/em>\u00e1c \u0111\u01a1n\u00a0<strong><em>d\u01b0\u1edbi 500.000\u20ab<\/em><\/strong>, ph\u00ed ship l\u00e0\u00a0<b>30.000\u20ab<\/b>.\u00a0<strong>Kh\u00f4ng \u00e1p d\u1ee5ng cho \u0111\u01a1n s\u1ec9, \u0111\u01a1n h\u00e0ng tr\u00ean 10kg, \u0111\u1ed3 \u0111\u00f4ng l\u1ea1nh ho\u1eb7c tr\u00e1i c\u00e2y.<\/strong><\/li>\n<\/ul>\n<\/li>\n<\/ul>\n<h4><b>2. Giao h\u00e0ng to\u00e0n qu\u1ed1c ( Ch\u1ec9\u00a0<\/b><b>\u0110\u1ed3 kh\u00f4: nh\u1eadn h\u00e0ng sau 3 \u2013 5 ng\u00e0y)<\/b><\/h4>\n<ul>\n<li><em>*Kh\u00f4ng \u00e1p d\u1ee5ng cho \u0111\u01a1n s\u1ec9, \u0111\u01a1n h\u00e0ng tr\u00ean 10kg*:\u00a0<\/em>Ph\u00ed ship m\u1eb7c \u0111\u1ecbnh\u00a0<b>30.000\u20ab.\u00a0<\/b>\u0110\u01a1n h\u00e0ng\u00a0<strong><em>tr\u00ean 2.000.000\u20ab ch\u1ec9 ch\u1ea5p nh\u1eadn thanh to\u00e1n chuy\u1ec3n kho\u1ea3n.<\/em><\/strong><\/li>\n<\/ul>\n<h4><b>3. L\u01b0u \u00fd chung<\/b><\/h4>\n<ul>\n<li>C\u00e1c m\u1eb7t h\u00e0ng c\u1ed3ng k\u1ec1nh, n\u1eb7ng tr\u00ean 5kg c\u00f3 th\u1ec3 ph\u00e1t sinh ph\u1ee5 ph\u00ed.<\/li>\n<li>M\u1ecdi th\u1eafc m\u1eafc kh\u00e1c vui l\u00f2ng li\u00ean h\u1ec7\u00a0<b>Hotline: 0946229642<\/b>\u00a0\u0111\u1ec3 \u0111\u01b0\u1ee3c h\u1ed7 tr\u1ee3.<\/li>\n<\/ul>","protected":false},"featured_media":43139,"comment_status":"open","ping_status":"closed","template":"","meta":[],"product_brand":[],"product_cat":[675,134,143],"product_tag":[],"class_list":{"0":"post-43134","1":"product","2":"type-product","3":"status-publish","4":"has-post-thumbnail","6":"product_cat-nhap-khau-nhat-ban","7":"product_cat-thucpham-saykho","8":"product_cat-thuc-pham-dong-hop","10":"first","11":"instock","12":"sale","13":"shipping-taxable","14":"purchasable","15":"product-type-simple"},"_links":{"self":[{"href":"https:\/\/havamall.vn\/en\/wp-json\/wp\/v2\/product\/43134"}],"collection":[{"href":"https:\/\/havamall.vn\/en\/wp-json\/wp\/v2\/product"}],"about":[{"href":"https:\/\/havamall.vn\/en\/wp-json\/wp\/v2\/types\/product"}],"replies":[{"embeddable":true,"href":"https:\/\/havamall.vn\/en\/wp-json\/wp\/v2\/comments?post=43134"}],"version-history":[{"count":0,"href":"https:\/\/havamall.vn\/en\/wp-json\/wp\/v2\/product\/43134\/revisions"}],"wp:featuredmedia":[{"embeddable":true,"href":"https:\/\/havamall.vn\/en\/wp-json\/wp\/v2\/media\/43139"}],"wp:attachment":[{"href":"https:\/\/havamall.vn\/en\/wp-json\/wp\/v2\/media?parent=43134"}],"wp:term":[{"taxonomy":"product_brand","embeddable":true,"href":"https:\/\/havamall.vn\/en\/wp-json\/wp\/v2\/product_brand?post=43134"},{"taxonomy":"product_cat","embeddable":true,"href":"https:\/\/havamall.vn\/en\/wp-json\/wp\/v2\/product_cat?post=43134"},{"taxonomy":"product_tag","embeddable":true,"href":"https:\/\/havamall.vn\/en\/wp-json\/wp\/v2\/product_tag?post=43134"}],"curies":[{"name":"wp","href":"https:\/\/api.w.org\/{rel}","templated":true}]}}