{"id":43129,"date":"2025-10-17T15:09:50","date_gmt":"2025-10-17T08:09:50","guid":{"rendered":"https:\/\/havamall.vn\/?post_type=product&#038;p=43129"},"modified":"2025-10-17T15:09:57","modified_gmt":"2025-10-17T08:09:57","slug":"sup-bap-hoa-tan-nhat-ban-hop-8-goi-corn-potage-instant-soup","status":"publish","type":"product","link":"https:\/\/havamall.vn\/en\/shop\/sup-bap-hoa-tan-nhat-ban-hop-8-goi-corn-potage-instant-soup\/","title":{"rendered":"S\u00fap B\u1eafp H\u00f2a Tan Nh\u1eadt B\u1ea3n H\u1ed9p 8 g\u00f3i \u2013 Corn Potage Instant Soup"},"content":{"rendered":"<blockquote>\n<h2><em><strong>TH\u00d4NG TIN CHUNG<\/strong><\/em><\/h2>\n<\/blockquote>\n<table style=\"width: 46.0672%;height: 176px\">\n<tbody>\n<tr>\n<td><b>Xu\u1ea5t x\u1ee9<\/b><\/td>\n<td>Nh\u1eadt B\u1ea3n<\/td>\n<\/tr>\n<tr>\n<td><b>Th\u00e0nh ph\u1ea7n<\/b><\/td>\n<td>Xem tr\u1ef1c ti\u1ebfp tr\u00ean bao b\u00ec<\/td>\n<\/tr>\n<tr>\n<td><b>H\u1ea1n s\u1eed d\u1ee5ng<\/b><\/td>\n<td>Xem tr\u1ef1c ti\u1ebfp tr\u00ean bao b\u00ec<\/td>\n<\/tr>\n<tr>\n<td><b>B\u1ea3o qu\u1ea3n<\/b><\/td>\n<td>B\u1ea3o qu\u1ea3n n\u01a1i kh\u00f4 r\u00e1o, tho\u00e1ng m\u00e1t<\/td>\n<\/tr>\n<tr>\n<td><b>Kh\u1ed1i l\u01b0\u1ee3ng<\/b><\/td>\n<td>8 g\u00f3i<\/td>\n<\/tr>\n<\/tbody>\n<\/table>\n<p data-start=\"771\" data-end=\"1188\"><strong>Corn Potage<\/strong>, hay s\u00fap b\u1eafp kem, v\u1ed1n l\u00e0 m\u00f3n \u0103n ph\u1ed5 bi\u1ebfn t\u1ea1i Nh\u1eadt, th\u01b0\u1eddng xu\u1ea5t hi\u1ec7n trong nh\u1eefng ng\u00e0y se l\u1ea1nh. D\u1ea1ng s\u00fap h\u00f2a tan n\u00e0y \u0111\u01b0\u1ee3c ch\u1ebf bi\u1ebfn t\u1eeb\u00a0<strong data-start=\"915\" data-end=\"980\">b\u1eafp ng\u1ecdt nghi\u1ec1n nhuy\u1ec5n k\u1ebft h\u1ee3p v\u1edbi s\u1eefa, kem b\u00e9o v\u00e0 gia v\u1ecb nh\u1eb9<\/strong>, t\u1ea1o n\u00ean k\u1ebft c\u1ea5u s\u00e1nh m\u1ecbn, v\u1ecb ng\u1ecdt d\u1ecbu v\u00e0 h\u01b0\u01a1ng th\u01a1m \u1ea5m \u00e1p. Khi h\u00f2a v\u1edbi n\u01b0\u1edbc n\u00f3ng, t\u1eebng h\u1ea1t b\u1eafp v\u00e0ng t\u01b0\u01a1i m\u1ec1m nh\u1eb9 n\u1ed5i l\u00ean trong l\u1edbp s\u00fap s\u00e1nh m\u1ecbn, g\u1ee3i c\u1ea3m gi\u00e1c nh\u01b0 v\u1eeba \u0111\u01b0\u1ee3c n\u1ea5u t\u1eeb n\u1ed3i s\u00fap t\u01b0\u01a1i t\u1ea1i nh\u00e0 h\u00e0ng.<\/p>\n<p data-start=\"771\" data-end=\"1188\"><img fetchpriority=\"high\" decoding=\"async\" class=\"aligncenter  wp-image-42769\" src=\"https:\/\/havamall.com\/wp-content\/uploads\/2025\/10\/71-7MQqNUGL.jpg\" alt=\"\" width=\"801\" height=\"801\" \/><\/p>\n<p data-start=\"1190\" data-end=\"1646\">\u0110i\u1ec1u \u0111\u1eb7c bi\u1ec7t khi\u1ebfn lo\u1ea1i s\u00fap n\u00e0y \u0111\u01b0\u1ee3c y\u00eau th\u00edch n\u1eb1m \u1edf\u00a0<strong data-start=\"1244\" data-end=\"1279\">c\u00f4ng th\u1ee9c c\u00f4 \u0111\u1eb7c v\u00e0 c\u00e2n b\u1eb1ng v\u1ecb, b<\/strong>\u1eafp \u0111\u01b0\u1ee3c ch\u1ecdn t\u1eeb nh\u1eefng v\u00f9ng tr\u1ed3ng gi\u00e0u n\u1eafng, sau \u0111\u00f3 s\u1ea5y kh\u00f4 b\u1eb1ng c\u00f4ng ngh\u1ec7 hi\u1ec7n \u0111\u1ea1i \u0111\u1ec3 gi\u1eef nguy\u00ean h\u01b0\u01a1ng v\u1ecb t\u1ef1 nhi\u00ean. B\u1ed9t s\u1eefa v\u00e0 kem \u0111\u01b0\u1ee3c ph\u1ed1i tr\u1ed9n theo t\u1ef7 l\u1ec7 tinh t\u1ebf, t\u1ea1o n\u00ean \u0111\u1ed9 b\u00e9o v\u1eeba ph\u1ea3i m\u00e0 kh\u00f4ng ng\u1ea5y, m\u1ed7i g\u00f3i nh\u1ecf ch\u1ee9a \u0111\u1ee7 l\u01b0\u1ee3ng s\u00fap cho m\u1ed9t b\u00e1t \u0111\u1ea7y, ch\u1ec9 c\u1ea7n th\u00eam n\u01b0\u1edbc s\u00f4i, khu\u1ea5y \u0111\u1ec1u v\u00e0 ch\u1edd v\u00e0i ch\u1ee5c gi\u00e2y l\u00e0 h\u01b0\u01a1ng th\u01a1m ng\u1ecdt ng\u00e0o c\u1ee7a b\u1eafp lan t\u1ecfa kh\u1eafp kh\u00f4ng gian.<\/p>\n<p data-start=\"1648\" data-end=\"2024\">\u2013\u00a0<strong data-start=\"1650\" data-end=\"1689\">H\u01b0\u01a1ng v\u1ecb t\u1ef1 nhi\u00ean c\u1ee7a b\u1eafp ng\u1ecdt t\u01b0\u01a1i<\/strong>, h\u00f2a quy\u1ec7n c\u00f9ng kem v\u00e0 s\u1eefa b\u00e9o nh\u1eb9.<br data-start=\"1725\" data-end=\"1728\" \/>\u2013\u00a0<strong data-start=\"1730\" data-end=\"1767\">K\u1ebft c\u1ea5u s\u00e1nh m\u1ecbn, c\u00f3 h\u1ea1t b\u1eafp th\u1eadt<\/strong>, t\u1ea1o c\u1ea3m gi\u00e1c nh\u01b0 s\u00fap n\u1ea5u th\u1ee7 c\u00f4ng.<br data-start=\"1803\" data-end=\"1806\" \/>\u2013\u00a0<strong data-start=\"1808\" data-end=\"1833\">Ti\u1ec7n l\u1ee3i, nhanh ch\u00f3ng<\/strong>, ch\u1ec9 c\u1ea7n n\u01b0\u1edbc n\u00f3ng l\u00e0 c\u00f3 ngay m\u00f3n s\u00fap \u1ea5m n\u00f3ng.<br data-start=\"1880\" data-end=\"1883\" \/>\u2013\u00a0<strong data-start=\"1885\" data-end=\"1945\">Th\u00edch h\u1ee3p cho b\u1eefa s\u00e1ng, b\u1eefa x\u1ebf ho\u1eb7c l\u00e0m m\u00f3n khai v\u1ecb nh\u1eb9.<\/strong><br data-start=\"1945\" data-end=\"1948\" \/>\u2013\u00a0<strong data-start=\"1950\" data-end=\"1972\">\u0110\u00f3ng g\u00f3i 8 g\u00f3i nh\u1ecf<\/strong>, d\u1ec5 b\u1ea3o qu\u1ea3n, ti\u1ec7n mang theo khi \u0111i l\u00e0m, du l\u1ecbch.<\/p>\n<p data-start=\"1648\" data-end=\"2024\"><img decoding=\"async\" class=\"aligncenter  wp-image-42770\" src=\"https:\/\/havamall.com\/wp-content\/uploads\/2025\/10\/Forest_Mushroom_Soup.webp\" alt=\"\" width=\"800\" height=\"800\" \/><\/p>\n<p data-start=\"2026\" data-end=\"2440\">Kh\u00f4ng ch\u1ec9 l\u00e0 m\u00f3n s\u00fap \u0103n nhanh,\u00a0<strong data-start=\"2057\" data-end=\"2081\">Corn Potage Nh\u1eadt B\u1ea3n<\/strong>\u00a0c\u00f2n th\u1ec3 hi\u1ec7n r\u00f5 tinh th\u1ea7n \u201c\u0111\u01a1n gi\u1ea3n m\u00e0 tr\u1ecdn v\u1eb9n\u201d trong c\u00e1ch ng\u01b0\u1eddi Nh\u1eadt ti\u1ebfp c\u1eadn \u1ea9m th\u1ef1c. M\u1ed9t b\u00e1t s\u00fap nh\u1ecf nh\u01b0ng ch\u1ee9a \u0111\u1ee7 h\u01b0\u01a1ng v\u1ecb c\u00e2n b\u1eb1ng gi\u1eefa v\u1ecb ng\u1ecdt t\u1ef1 nhi\u00ean c\u1ee7a b\u1eafp, v\u1ecb b\u00e9o nh\u1eb9 c\u1ee7a s\u1eefa v\u00e0 ch\u00fat m\u1eb7n tinh t\u1ebf t\u1eeb gia v\u1ecb.\u00a0Ngo\u00e0i c\u00e1ch d\u00f9ng truy\u1ec1n th\u1ed1ng, s\u00fap b\u1eafp h\u00f2a tan c\u00f2n c\u00f3 th\u1ec3 bi\u1ebfn t\u1ea5u linh ho\u1ea1t. C\u00f3 th\u1ec3 d\u00f9ng l\u00e0m\u00a0<strong data-start=\"2535\" data-end=\"2602\">n\u01b0\u1edbc s\u1ed1t cho m\u00ec \u00dd, base cho c\u00e1c m\u00f3n h\u1ea7m ho\u1eb7c tr\u1ed9n c\u00f9ng c\u01a1m n\u00f3ng<\/strong>\u00a0\u0111\u1ec3 t\u1ea1o th\u00e0nh m\u00f3n \u201ccorn risotto\u201d nhanh g\u1ecdn m\u00e0 v\u1eabn th\u01a1m ngon. Trong ng\u00e0nh l\u00e0m b\u00e1nh, m\u1ed9t s\u1ed1 \u0111\u1ea7u b\u1ebfp c\u00f2n d\u00f9ng b\u1ed9t s\u00fap b\u1eafp n\u00e0y \u0111\u1ec3 t\u1ea1o h\u01b0\u01a1ng b\u1eafp nh\u1eb9 trong b\u00e1nh m\u1eb7n ho\u1eb7c b\u00e1nh m\u00ec s\u1eefa Nh\u1eadt.<\/p>\n<p data-start=\"2026\" data-end=\"2440\"><img decoding=\"async\" class=\"aligncenter\" src=\"https:\/\/havamall.com\/wp-content\/uploads\/2025\/10\/corn-risotto-2-1-of-1.jpg\" alt=\"Corn and Bacon Risotto\" width=\"800\" height=\"1200\" \/><\/p>\n<p data-start=\"3112\" data-end=\"3370\">M\u1ed9t b\u00e1t s\u00fap b\u1eafp h\u00f2a tan c\u00f3 th\u1ec3 xem l\u00e0 kho\u1ea3nh kh\u1eafc nh\u1ecf \u0111\u1ec3 ch\u1ea1m \u0111\u1ebfn s\u1ef1 an y\u00ean ki\u1ec3u Nh\u1eadt: \u1ea5m \u00e1p, nh\u1eb9 nh\u00e0ng, \u0111\u1ea7y d\u01b0\u1ee1ng ch\u1ea5t. D\u00f9 l\u00e0 bu\u1ed5i s\u00e1ng b\u1eadn r\u1ed9n, gi\u1edd ngh\u1ec9 tr\u01b0a n\u01a1i c\u00f4ng s\u1edf hay m\u1ed9t bu\u1ed5i t\u1ed1i th\u01b0 gi\u00e3n, ch\u1ec9 c\u1ea7n v\u00e0i ph\u00fat l\u00e0 \u0111\u00e3 c\u00f3 m\u00f3n \u0103n khi\u1ebfn tinh th\u1ea7n d\u1ecbu l\u1ea1i.\u00a0<strong data-start=\"3372\" data-end=\"3435\">S\u00fap B\u1eafp H\u00f2a Tan Nh\u1eadt B\u1ea3n \u2013 Corn Potage Instant Soup (8 g\u00f3i)<\/strong>\u00a0l\u00e0 l\u1ef1a ch\u1ecdn tuy\u1ec7t v\u1eddi cho nh\u1eefng ai y\u00eau th\u00edch s\u1ef1 ti\u1ec7n l\u1ee3i nh\u01b0ng kh\u00f4ng mu\u1ed1n \u0111\u00e1nh \u0111\u1ed5i ch\u1ea5t l\u01b0\u1ee3ng. M\u1ed9t h\u01b0\u01a1ng v\u1ecb v\u1eeba gi\u1ea3n d\u1ecb, v\u1eeba sang tr\u1ecdng \u2013 t\u01b0\u1ee3ng tr\u01b0ng cho n\u00e9t tinh t\u1ebf \u0111\u1eb7c tr\u01b0ng c\u1ee7a \u1ea9m th\u1ef1c Nh\u1eadt.<\/p>\n<p data-start=\"3633\" data-end=\"3680\">Hi\u1ec7n s\u1ea3n ph\u1ea9m \u0111ang \u0111\u01b0\u1ee3c b\u00e1n t\u1ea1i\u00a0<strong data-start=\"3665\" data-end=\"3677\">Havamall<\/strong>.<\/p>","protected":false},"excerpt":{"rendered":"<h3>\u0110\u1eccC K\u1ef8 ~ Ch\u00ednh s\u00e1ch giao h\u00e0ng t\u1ea1i Havamall<\/h3>\n<h4><b>1. Giao h\u00e0ng t\u1ea1i TP.HCM<\/b><\/h4>\n<ul>\n<li><b>\u0110\u1ed3 kh\u00f4 (Giao trong 1-2 ng\u00e0y sau khi \u0111\u01b0\u1ee3c g\u1ecdi x\u00e1c nh\u1eadn \u0111\u01a1n):<\/b>\n<ul>\n<li><b>Mi\u1ec5n ph\u00ed ship<\/b>\u00a0v\u1edbi \u0111\u01a1n\u00a0<em><strong>tr\u00ean 500.000\u20ab.\u00a0<\/strong>C<\/em>\u00e1c \u0111\u01a1n\u00a0<strong><em>d\u01b0\u1edbi 500.000\u20ab<\/em><\/strong>, ph\u00ed ship l\u00e0\u00a0<b>30.000\u20ab<\/b>.\u00a0<strong>Kh\u00f4ng \u00e1p d\u1ee5ng cho \u0111\u01a1n s\u1ec9, \u0111\u01a1n h\u00e0ng tr\u00ean 10kg, \u0111\u1ed3 \u0111\u00f4ng l\u1ea1nh ho\u1eb7c tr\u00e1i c\u00e2y.<\/strong><\/li>\n<\/ul>\n<\/li>\n<\/ul>\n<h4><b>2. Giao h\u00e0ng to\u00e0n qu\u1ed1c ( Ch\u1ec9\u00a0<\/b><b>\u0110\u1ed3 kh\u00f4: nh\u1eadn h\u00e0ng sau 3 \u2013 5 ng\u00e0y)<\/b><\/h4>\n<ul>\n<li><em>*Kh\u00f4ng \u00e1p d\u1ee5ng cho \u0111\u01a1n s\u1ec9, \u0111\u01a1n h\u00e0ng tr\u00ean 10kg*:\u00a0<\/em>Ph\u00ed ship m\u1eb7c \u0111\u1ecbnh\u00a0<b>30.000\u20ab.\u00a0<\/b>\u0110\u01a1n h\u00e0ng\u00a0<strong><em>tr\u00ean 2.000.000\u20ab ch\u1ec9 ch\u1ea5p nh\u1eadn thanh to\u00e1n chuy\u1ec3n kho\u1ea3n.<\/em><\/strong><\/li>\n<\/ul>\n<h4><b>3. L\u01b0u \u00fd chung<\/b><\/h4>\n<ul>\n<li>C\u00e1c m\u1eb7t h\u00e0ng c\u1ed3ng k\u1ec1nh, n\u1eb7ng tr\u00ean 5kg c\u00f3 th\u1ec3 ph\u00e1t sinh ph\u1ee5 ph\u00ed.<\/li>\n<li>M\u1ecdi th\u1eafc m\u1eafc kh\u00e1c vui l\u00f2ng li\u00ean h\u1ec7\u00a0<b>Hotline: 0946229642<\/b>\u00a0\u0111\u1ec3 \u0111\u01b0\u1ee3c h\u1ed7 tr\u1ee3.<\/li>\n<\/ul>","protected":false},"featured_media":43130,"comment_status":"open","ping_status":"closed","template":"","meta":[],"product_brand":[],"product_cat":[675,143],"product_tag":[],"class_list":{"0":"post-43129","1":"product","2":"type-product","3":"status-publish","4":"has-post-thumbnail","6":"product_cat-nhap-khau-nhat-ban","7":"product_cat-thuc-pham-dong-hop","9":"first","10":"instock","11":"sale","12":"shipping-taxable","13":"purchasable","14":"product-type-simple"},"_links":{"self":[{"href":"https:\/\/havamall.vn\/en\/wp-json\/wp\/v2\/product\/43129"}],"collection":[{"href":"https:\/\/havamall.vn\/en\/wp-json\/wp\/v2\/product"}],"about":[{"href":"https:\/\/havamall.vn\/en\/wp-json\/wp\/v2\/types\/product"}],"replies":[{"embeddable":true,"href":"https:\/\/havamall.vn\/en\/wp-json\/wp\/v2\/comments?post=43129"}],"version-history":[{"count":0,"href":"https:\/\/havamall.vn\/en\/wp-json\/wp\/v2\/product\/43129\/revisions"}],"wp:featuredmedia":[{"embeddable":true,"href":"https:\/\/havamall.vn\/en\/wp-json\/wp\/v2\/media\/43130"}],"wp:attachment":[{"href":"https:\/\/havamall.vn\/en\/wp-json\/wp\/v2\/media?parent=43129"}],"wp:term":[{"taxonomy":"product_brand","embeddable":true,"href":"https:\/\/havamall.vn\/en\/wp-json\/wp\/v2\/product_brand?post=43129"},{"taxonomy":"product_cat","embeddable":true,"href":"https:\/\/havamall.vn\/en\/wp-json\/wp\/v2\/product_cat?post=43129"},{"taxonomy":"product_tag","embeddable":true,"href":"https:\/\/havamall.vn\/en\/wp-json\/wp\/v2\/product_tag?post=43129"}],"curies":[{"name":"wp","href":"https:\/\/api.w.org\/{rel}","templated":true}]}}