{"id":43126,"date":"2025-10-17T13:54:36","date_gmt":"2025-10-17T06:54:36","guid":{"rendered":"https:\/\/havamall.vn\/?post_type=product&#038;p=43126"},"modified":"2026-03-02T08:52:40","modified_gmt":"2026-03-02T01:52:40","slug":"bot-cacao-nguyen-chat-morinaga-110g-morinaga-pure-cocoa-japan","status":"publish","type":"product","link":"https:\/\/havamall.vn\/en\/shop\/bot-cacao-nguyen-chat-morinaga-110g-morinaga-pure-cocoa-japan\/","title":{"rendered":"B\u1ed9t Cacao Nguy\u00ean Ch\u1ea5t Morinaga 110g \u2013 Morinaga Pure Cocoa (Japan)"},"content":{"rendered":"<blockquote>\n<h2><em><strong>TH\u00d4NG TIN CHUNG<\/strong><\/em><\/h2>\n<\/blockquote>\n<table style=\"width: 53.3799%;height: 144px\">\n<tbody>\n<tr>\n<td><b>Th\u01b0\u01a1ng hi\u1ec7u<\/b><\/td>\n<td>Morinaga<\/td>\n<\/tr>\n<tr>\n<td><b>Xu\u1ea5t x\u1ee9<\/b><\/td>\n<td>Nh\u1eadt B\u1ea3n<\/td>\n<\/tr>\n<tr>\n<td><b>Th\u00e0nh ph\u1ea7n<\/b><\/td>\n<td>Xem tr\u1ef1c ti\u1ebfp tr\u00ean bao b\u00ec<\/td>\n<\/tr>\n<tr>\n<td><b>H\u1ea1n s\u1eed d\u1ee5ng<\/b><\/td>\n<td>Xem tr\u1ef1c ti\u1ebfp tr\u00ean bao b\u00ec<\/td>\n<\/tr>\n<tr>\n<td><b>B\u1ea3o qu\u1ea3n<\/b><\/td>\n<td>B\u1ea3o qu\u1ea3n n\u01a1i kh\u00f4 r\u00e1o, tho\u00e1ng m\u00e1t<\/td>\n<\/tr>\n<tr>\n<td><b>Kh\u1ed1i l\u01b0\u1ee3ng<\/b><\/td>\n<td>110g<\/td>\n<\/tr>\n<\/tbody>\n<\/table>\n<p><strong><em>Morinaga<\/em>\u00a0<\/strong>l\u00e0 th\u01b0\u01a1ng hi\u1ec7u c\u00f3 h\u01a1n m\u1ed9t th\u1ebf k\u1ef7 l\u1ecbch s\u1eed trong ng\u00e0nh th\u1ef1c ph\u1ea9m Nh\u1eadt B\u1ea3n, n\u1ed5i ti\u1ebfng v\u1edbi nh\u1eefng d\u00f2ng s\u1ea3n ph\u1ea9m t\u1eeb s\u00f4 c\u00f4 la v\u00e0 s\u1eefa cao c\u1ea5p. Kh\u00e1c v\u1edbi nhi\u1ec1u lo\u1ea1i b\u1ed9t cacao th\u00f4ng th\u01b0\u1eddng, b\u1ed9t cacao Morinaga kh\u00f4ng pha \u0111\u01b0\u1eddng, kh\u00f4ng h\u01b0\u01a1ng li\u1ec7u, kh\u00f4ng ch\u1ea5t ph\u1ee5 gia. \u0110\u01b0\u1ee3c s\u1ea3n xu\u1ea5t ho\u00e0n to\u00e0n t\u1eeb\u00a0<strong data-start=\"863\" data-end=\"893\">100% h\u1ea1t cacao nguy\u00ean ch\u1ea5t<\/strong>, kh\u00f4ng pha \u0111\u01b0\u1eddng, kh\u00f4ng h\u01b0\u01a1ng li\u1ec7u hay ch\u1ea5t b\u1ea3o qu\u1ea3n, Morinaga Pure Cocoa gi\u1eef tr\u1ecdn h\u01b0\u01a1ng v\u1ecb cacao nguy\u00ean s\u01a1 \u2013 \u0111\u1eadm \u0111\u00e0, s\u00e2u v\u00e0 c\u00e2n b\u1eb1ng.<\/p>\n<p><img fetchpriority=\"high\" decoding=\"async\" class=\"aligncenter wp-image-42762\" src=\"https:\/\/havamall.com\/wp-content\/uploads\/2025\/10\/cacao-beans-and-cacao-powder-royalty-free-image-1663876144.avif\" alt=\"\" width=\"801\" height=\"800\" \/><\/p>\n<p>B\u1ed9t \u0111\u01b0\u1ee3c nghi\u1ec1n si\u00eau m\u1ecbn, t\u01a1i x\u1ed1p v\u00e0 d\u1ec5 h\u00f2a tan, nh\u1edd \u0111\u00f3 khi pha c\u00f9ng n\u01b0\u1edbc n\u00f3ng ho\u1eb7c s\u1eefa \u1ea5m, h\u1ed7n h\u1ee3p t\u1ea1o ra c\u00f3 k\u1ebft c\u1ea5u m\u01b0\u1ee3t, kh\u00f4ng v\u00f3n c\u1ee5c, kh\u00f4ng c\u1eb7n. Ch\u00ednh \u0111\u1ed9 m\u1ecbn ho\u00e0n h\u1ea3o n\u00e0y gi\u00fap b\u1ed9t cacao Morinaga \u0111\u01b0\u1ee3c \u01b0a chu\u1ed9ng kh\u00f4ng ch\u1ec9 trong pha ch\u1ebf m\u00e0 c\u1ea3 trong c\u00e1c c\u00f4ng th\u1ee9c b\u00e1nh, mousse, tiramisu hay kem l\u1ea1nh.\u00a0M\u00e0u s\u1eafc c\u1ee7a b\u1ed9t cacao Morinaga mang s\u1eafc n\u00e2u s\u1eabm t\u1ef1 nhi\u00ean, kh\u00f4ng g\u1eaft, t\u1ea1o n\u00ean t\u00f4ng m\u00e0u \u1ea5m v\u00e0 sang tr\u1ecdng khi d\u00f9ng trong trang tr\u00ed m\u00f3n tr\u00e1ng mi\u1ec7ng. H\u01b0\u01a1ng th\u01a1m nh\u1eb9 nh\u01b0ng r\u00f5, mang \u0111\u1eb7c tr\u01b0ng cacao thu\u1ea7n khi\u1ebft \u2013 kh\u00f4ng h\u1eafc, kh\u00f4ng g\u1eaft, m\u00e0 d\u1ecbu v\u00e0 s\u00e2u, t\u1ea1o c\u1ea3m gi\u00e1c c\u00e2n b\u1eb1ng khi th\u01b0\u1edfng th\u1ee9c.<\/p>\n<p><img decoding=\"async\" class=\"aligncenter wp-image-42763\" src=\"https:\/\/havamall.com\/wp-content\/uploads\/2025\/10\/Coconut-Hot-Chocolate-superJumbo.jpg\" alt=\"\" width=\"799\" height=\"532\" \/><\/p>\n<p data-start=\"1334\" data-end=\"1757\">V\u1ecb cacao \u0111\u1eafng nh\u1eb9, kh\u00f4ng chua, h\u1eadu v\u1ecb \u1ea5m, gi\u00fap d\u1ec5 d\u00e0ng k\u1ebft h\u1ee3p v\u1edbi s\u1eefa, m\u1eadt ong ho\u1eb7c c\u00e1c nguy\u00ean li\u1ec7u kh\u00e1c \u0111\u1ec3 \u0111i\u1ec1u ch\u1ec9nh v\u1ecb ng\u1ecdt theo \u00fd mu\u1ed1n.<\/p>\n<p data-start=\"1759\" data-end=\"2110\">\u2013\u00a0<strong data-start=\"1761\" data-end=\"1787\">100% cacao nguy\u00ean ch\u1ea5t<\/strong>, kh\u00f4ng ph\u1ee5 gia, kh\u00f4ng pha t\u1ea1p.<br data-start=\"1818\" data-end=\"1821\" \/>\u2013\u00a0<strong data-start=\"1823\" data-end=\"1852\">K\u1ebft c\u1ea5u m\u1ecbn v\u00e0 d\u1ec5 h\u00f2a tan<\/strong>, ph\u00f9 h\u1ee3p cho pha ch\u1ebf v\u00e0 l\u00e0m b\u00e1nh.<br data-start=\"1886\" data-end=\"1889\" \/>\u2013\u00a0<strong data-start=\"1891\" data-end=\"1913\">M\u00e0u cacao t\u1ef1 nhi\u00ean<\/strong>, t\u1ea1o \u0111i\u1ec3m nh\u1ea5n tinh t\u1ebf cho m\u00f3n \u0103n.<br data-start=\"1948\" data-end=\"1951\" \/>\u2013\u00a0<strong data-start=\"1953\" data-end=\"1987\">H\u01b0\u01a1ng th\u01a1m v\u00e0 v\u1ecb \u0111\u1eafng c\u00e2n b\u1eb1ng<\/strong>, mang \u0111\u1eadm phong c\u00e1ch Nh\u1eadt B\u1ea3n.<br data-start=\"2018\" data-end=\"2021\" \/>\u2013\u00a0<strong data-start=\"2023\" data-end=\"2047\">Th\u01b0\u01a1ng hi\u1ec7u Morinaga<\/strong>\u00a0\u2013 bi\u1ec3u t\u01b0\u1ee3ng h\u01a1n 100 n\u0103m trong ng\u00e0nh cacao v\u00e0 s\u00f4 c\u00f4 la Nh\u1eadt.<\/p>\n<p data-start=\"1759\" data-end=\"2110\"><img decoding=\"async\" class=\"aligncenter wp-image-42764\" src=\"https:\/\/havamall.com\/wp-content\/uploads\/2025\/10\/Cold-cocoa-1024x744-1.jpg\" alt=\"\" width=\"800\" height=\"581\" \/><\/p>\n<p data-start=\"2552\" data-end=\"2823\">D\u00f9 pha u\u1ed1ng, l\u00e0m b\u00e1nh hay trang tr\u00ed,\u00a0<strong data-start=\"2589\" data-end=\"2623\">B\u1ed9t Cacao Nguy\u00ean Ch\u1ea5t Morinaga<\/strong>\u00a0lu\u00f4n mang l\u1ea1i c\u1ea3m gi\u00e1c thu\u1ea7n khi\u1ebft v\u00e0 sang tr\u1ecdng. M\u1ed9t nguy\u00ean li\u1ec7u nh\u1ecf nh\u01b0ng \u0111\u1ee7 t\u1ea1o n\u00ean s\u1ef1 kh\u00e1c bi\u1ec7t r\u00f5 r\u00e0ng trong h\u01b0\u01a1ng v\u1ecb cu\u1ed1i c\u00f9ng \u2013 \u0111\u00f3 ch\u00ednh l\u00e0 l\u00fd do Morinaga v\u1eabn \u0111\u01b0\u1ee3c tin d\u00f9ng qua nhi\u1ec1u th\u1ebf h\u1ec7.<\/p>\n<p data-start=\"2825\" data-end=\"2933\">Hi\u1ec7n\u00a0<strong data-start=\"2830\" data-end=\"2899\">B\u1ed9t Cacao Nguy\u00ean Ch\u1ea5t Morinaga 110g \u2013 Morinaga Pure Cocoa (Japan)<\/strong>\u00a0\u0111ang \u0111\u01b0\u1ee3c b\u00e1n t\u1ea1i\u00a0<strong data-start=\"2918\" data-end=\"2930\">Havamall<\/strong>.<\/p>","protected":false},"excerpt":{"rendered":"<h3>\u0110\u1eccC K\u1ef8 ~ Ch\u00ednh s\u00e1ch giao h\u00e0ng t\u1ea1i Havamall<\/h3>\n<h4><b>1. Giao h\u00e0ng t\u1ea1i TP.HCM<\/b><\/h4>\n<ul>\n<li><b>\u0110\u1ed3 kh\u00f4 (Giao trong 1-2 ng\u00e0y sau khi \u0111\u01b0\u1ee3c g\u1ecdi x\u00e1c nh\u1eadn \u0111\u01a1n):<\/b>\n<ul>\n<li><b>Mi\u1ec5n ph\u00ed ship<\/b>\u00a0v\u1edbi \u0111\u01a1n\u00a0<em><strong>tr\u00ean 500.000\u20ab.\u00a0<\/strong>C<\/em>\u00e1c \u0111\u01a1n\u00a0<strong><em>d\u01b0\u1edbi 500.000\u20ab<\/em><\/strong>, ph\u00ed ship l\u00e0\u00a0<b>30.000\u20ab<\/b>.\u00a0<strong>Kh\u00f4ng \u00e1p d\u1ee5ng cho \u0111\u01a1n s\u1ec9, \u0111\u01a1n h\u00e0ng tr\u00ean 10kg, \u0111\u1ed3 \u0111\u00f4ng l\u1ea1nh ho\u1eb7c tr\u00e1i c\u00e2y.<\/strong><\/li>\n<\/ul>\n<\/li>\n<\/ul>\n<h4><b>2. Giao h\u00e0ng to\u00e0n qu\u1ed1c ( Ch\u1ec9\u00a0<\/b><b>\u0110\u1ed3 kh\u00f4: nh\u1eadn h\u00e0ng sau 3 \u2013 5 ng\u00e0y)<\/b><\/h4>\n<ul>\n<li><em>*Kh\u00f4ng \u00e1p d\u1ee5ng cho \u0111\u01a1n s\u1ec9, \u0111\u01a1n h\u00e0ng tr\u00ean 10kg*:\u00a0<\/em>Ph\u00ed ship m\u1eb7c \u0111\u1ecbnh\u00a0<b>30.000\u20ab.\u00a0<\/b>\u0110\u01a1n h\u00e0ng\u00a0<strong><em>tr\u00ean 2.000.000\u20ab ch\u1ec9 ch\u1ea5p nh\u1eadn thanh to\u00e1n chuy\u1ec3n kho\u1ea3n.<\/em><\/strong><\/li>\n<\/ul>\n<h4><b>3. L\u01b0u \u00fd chung<\/b><\/h4>\n<ul>\n<li>C\u00e1c m\u1eb7t h\u00e0ng c\u1ed3ng k\u1ec1nh, n\u1eb7ng tr\u00ean 5kg c\u00f3 th\u1ec3 ph\u00e1t sinh ph\u1ee5 ph\u00ed.<\/li>\n<li>M\u1ecdi th\u1eafc m\u1eafc kh\u00e1c vui l\u00f2ng li\u00ean h\u1ec7\u00a0<b>Hotline: 0946229642<\/b>\u00a0\u0111\u1ec3 \u0111\u01b0\u1ee3c h\u1ed7 tr\u1ee3.<\/li>\n<\/ul>","protected":false},"featured_media":43127,"comment_status":"open","ping_status":"closed","template":"","meta":[],"product_brand":[],"product_cat":[675],"product_tag":[],"class_list":{"0":"post-43126","1":"product","2":"type-product","3":"status-publish","4":"has-post-thumbnail","6":"product_cat-nhap-khau-nhat-ban","8":"first","9":"outofstock","10":"sale","11":"shipping-taxable","12":"purchasable","13":"product-type-simple"},"_links":{"self":[{"href":"https:\/\/havamall.vn\/en\/wp-json\/wp\/v2\/product\/43126"}],"collection":[{"href":"https:\/\/havamall.vn\/en\/wp-json\/wp\/v2\/product"}],"about":[{"href":"https:\/\/havamall.vn\/en\/wp-json\/wp\/v2\/types\/product"}],"replies":[{"embeddable":true,"href":"https:\/\/havamall.vn\/en\/wp-json\/wp\/v2\/comments?post=43126"}],"version-history":[{"count":0,"href":"https:\/\/havamall.vn\/en\/wp-json\/wp\/v2\/product\/43126\/revisions"}],"wp:featuredmedia":[{"embeddable":true,"href":"https:\/\/havamall.vn\/en\/wp-json\/wp\/v2\/media\/43127"}],"wp:attachment":[{"href":"https:\/\/havamall.vn\/en\/wp-json\/wp\/v2\/media?parent=43126"}],"wp:term":[{"taxonomy":"product_brand","embeddable":true,"href":"https:\/\/havamall.vn\/en\/wp-json\/wp\/v2\/product_brand?post=43126"},{"taxonomy":"product_cat","embeddable":true,"href":"https:\/\/havamall.vn\/en\/wp-json\/wp\/v2\/product_cat?post=43126"},{"taxonomy":"product_tag","embeddable":true,"href":"https:\/\/havamall.vn\/en\/wp-json\/wp\/v2\/product_tag?post=43126"}],"curies":[{"name":"wp","href":"https:\/\/api.w.org\/{rel}","templated":true}]}}