{"id":43122,"date":"2025-10-15T13:13:06","date_gmt":"2025-10-15T06:13:06","guid":{"rendered":"https:\/\/havamall.vn\/?post_type=product&#038;p=43122"},"modified":"2025-10-15T13:13:10","modified_gmt":"2025-10-15T06:13:10","slug":"com-dua-non-dong-lanh-1kg-frozen-young-coconut-meat-aro-1kg","status":"publish","type":"product","link":"https:\/\/havamall.vn\/en\/shop\/com-dua-non-dong-lanh-1kg-frozen-young-coconut-meat-aro-1kg\/","title":{"rendered":"C\u01a1m D\u1eeba Non \u0110\u00f4ng L\u1ea1nh 1kg \u2013 Frozen Young Coconut Meat ARO 1kg"},"content":{"rendered":"<h2><strong>TH\u00d4NG TIN CHUNG<\/strong><\/h2>\n<table style=\"width: 61.6783%;height: 170px\">\n<tbody>\n<tr>\n<td>Th\u01b0\u01a1ng hi\u1ec7u<\/td>\n<td>ARO<\/td>\n<\/tr>\n<tr>\n<td>Xu\u1ea5t x\u1ee9<\/td>\n<td>Trung Qu\u1ed1c<\/td>\n<\/tr>\n<tr>\n<td>Th\u00e0nh ph\u1ea7n<\/td>\n<td>C\u01a1m d\u1eeba non t\u01b0\u01a1i c\u1eaft mi\u1ebfng<\/td>\n<\/tr>\n<tr>\n<td>H\u1ea1n s\u1eed d\u1ee5ng<\/td>\n<td>Xem tr\u1ef1c ti\u1ebfp tr\u00ean bao b\u00ec<\/td>\n<\/tr>\n<tr>\n<td>B\u1ea3o qu\u1ea3n<\/td>\n<td>B\u1ea3o qu\u1ea3n \u0111\u00f4ng l\u1ea1nh<\/td>\n<\/tr>\n<tr>\n<td>Kh\u1ed1i l\u01b0\u1ee3ng<\/td>\n<td>1kg<\/td>\n<\/tr>\n<\/tbody>\n<\/table>\n<p data-start=\"297\" data-end=\"786\">C\u01a1m d\u1eeba non lu\u00f4n gi\u1eef m\u1ed9t v\u1ecb tr\u00ed ri\u00eang bi\u1ec7t gi\u1eefa v\u00f4 v\u00e0n nguy\u00ean li\u1ec7u nhi\u1ec7t \u0111\u1edbi \u2013 v\u1eeba quen thu\u1ed9c v\u1eeba mang s\u1ee9c h\u00fat t\u1ef1 nhi\u00ean nh\u1edd h\u01b0\u01a1ng v\u1ecb b\u00e9o d\u1ecbu, thanh m\u00e1t v\u00e0 k\u1ebft c\u1ea5u m\u1ec1m d\u1ebbo \u0111\u1eb7c tr\u01b0ng. \u0110\u1ec3 l\u01b0u gi\u1eef tr\u1ecdn v\u1eb9n ch\u1ea5t l\u01b0\u1ee3ng t\u01b0\u01a1i ngon \u1ea5y, c\u01a1m d\u1eeba \u0111\u01b0\u1ee3c tuy\u1ec3n ch\u1ecdn t\u1eeb nh\u1eefng tr\u00e1i d\u1eeba non v\u1eeba \u0111\u1ed9, t\u00e1ch l\u1ea5y ph\u1ea7n c\u00f9i tr\u1eafng non r\u1ed3i \u0111\u01b0a ngay v\u00e0o quy tr\u00ecnh c\u1ea5p \u0111\u00f4ng nhanh. Ph\u01b0\u01a1ng ph\u00e1p n\u00e0y gi\u00fap t\u1eebng mi\u1ebfng c\u01a1m d\u1eeba gi\u1eef nguy\u00ean m\u00e0u tr\u1eafng ng\u00e0, \u0111\u1ed9 gi\u00f2n m\u1ec1m t\u1ef1 nhi\u00ean c\u00f9ng h\u01b0\u01a1ng th\u01a1m thu\u1ea7n khi\u1ebft \u0111\u1eb7c tr\u01b0ng c\u1ee7a d\u1eeba t\u01b0\u01a1i.<\/p>\n<p data-start=\"788\" data-end=\"1158\">Kh\u00e1c v\u1edbi c\u01a1m d\u1eeba gi\u00e0 th\u01b0\u1eddng c\u1ee9ng v\u00e0 nhi\u1ec1u d\u1ea7u, c\u01a1m d\u1eeba non mang c\u1ea5u tr\u00fac m\u1ecbn, h\u01a1i dai, v\u1ecb ng\u1ecdt thanh nh\u1eb9 \u2013 th\u00edch h\u1ee3p d\u00f9ng trong nhi\u1ec1u m\u00f3n tr\u00e1ng mi\u1ec7ng, th\u1ee9c u\u1ed1ng hay m\u00f3n \u0103n m\u1eb7n ki\u1ec3u nhi\u1ec7t \u0111\u1edbi. D\u01b0\u1edbi nhi\u1ec7t \u0111\u1ed9 \u0111\u00f4ng s\u00e2u, c\u00e1c th\u1edb d\u1eeba \u0111\u01b0\u1ee3c b\u1ea3o qu\u1ea3n t\u1ed1i \u01b0u m\u00e0 kh\u00f4ng c\u1ea7n th\u00eam ch\u1ea5t b\u1ea3o qu\u1ea3n, gi\u00fap ng\u01b0\u1eddi d\u00f9ng c\u00f3 th\u1ec3 th\u01b0\u1edfng th\u1ee9c tr\u1ecdn v\u1ecb t\u01b0\u01a1i t\u1ef1 nhi\u00ean ch\u1ec9 b\u1eb1ng c\u00e1ch r\u00e3 \u0111\u00f4ng \u0111\u01a1n gi\u1ea3n.<\/p>\n<p data-start=\"788\" data-end=\"1158\"><img fetchpriority=\"high\" decoding=\"async\" class=\"aligncenter  wp-image-42734\" src=\"https:\/\/havamall.com\/wp-content\/uploads\/2025\/10\/is-this-highlighter-neon-substance-on-coconut-meat-mold-v0-e047qorqotlf1.webp\" alt=\"\" width=\"800\" height=\"1067\" \/><\/p>\n<blockquote>\n<p data-start=\"1160\" data-end=\"1654\"><span style=\"font-size: 18pt\"><em><strong data-start=\"1160\" data-end=\"1180\">\u0110\u1eb7c \u0111i\u1ec3m n\u1ed5i b\u1eadt<\/strong><\/em><\/span><\/p>\n<\/blockquote>\n<p data-start=\"1160\" data-end=\"1654\">\u2013 C\u01a1m d\u1eeba t\u01b0\u01a1i nguy\u00ean ch\u1ea5t, thu ho\u1ea1ch t\u1eeb d\u1eeba non v\u1eeba t\u1edbi, c\u00f3 \u0111\u1ed9 gi\u00f2n nh\u1eb9 v\u00e0 d\u1ebbo t\u1ef1 nhi\u00ean.<br data-start=\"1272\" data-end=\"1275\" \/>\u2013 \u0110\u01b0\u1ee3c c\u1ea5p \u0111\u00f4ng ngay sau khi t\u00e1ch, gi\u1eef nguy\u00ean h\u01b0\u01a1ng th\u01a1m, \u0111\u1ed9 \u1ea9m v\u00e0 gi\u00e1 tr\u1ecb dinh d\u01b0\u1ee1ng.<br data-start=\"1361\" data-end=\"1364\" \/>\u2013 Kh\u00f4ng ch\u1ea5t b\u1ea3o qu\u1ea3n, kh\u00f4ng ph\u1ee5 gia, \u0111\u1ea3m b\u1ea3o \u0111\u1ed9 nguy\u00ean b\u1ea3n c\u1ee7a nguy\u00ean li\u1ec7u.<br data-start=\"1440\" data-end=\"1443\" \/>\u2013 M\u00e0u tr\u1eafng ng\u00e0 t\u1ef1 nhi\u00ean, m\u1ec1m h\u01a1n c\u01a1m d\u1eeba gi\u00e0 nh\u01b0ng v\u1eabn \u0111\u1ee7 dai \u0111\u1ec3 d\u00f9ng trong nhi\u1ec1u c\u00e1ch ch\u1ebf bi\u1ebfn kh\u00e1c nhau.<br data-start=\"1550\" data-end=\"1553\" \/>\u2013 Quy c\u00e1ch 1kg ti\u1ec7n l\u1ee3i cho c\u1ea3 gia \u0111\u00ecnh, qu\u00e1n c\u00e0 ph\u00ea, nh\u00e0 h\u00e0ng ho\u1eb7c c\u01a1 s\u1edf l\u00e0m b\u00e1nh, ch\u1ebf bi\u1ebfn \u0111\u1ed3 u\u1ed1ng.<\/p>\n<p data-start=\"1160\" data-end=\"1654\"><img decoding=\"async\" class=\"aligncenter  wp-image-42735\" src=\"https:\/\/havamall.com\/wp-content\/uploads\/2025\/10\/ccm-bag-scaled-1.jpg\" alt=\"\" width=\"800\" height=\"881\" \/><\/p>\n<blockquote>\n<p data-start=\"1656\" data-end=\"2176\"><em><span style=\"font-size: 18pt\"><strong data-start=\"1656\" data-end=\"1672\">C\u00e1ch s\u1eed d\u1ee5ng<\/strong><\/span><\/em><\/p>\n<\/blockquote>\n<p data-start=\"1656\" data-end=\"2176\">\u2013\u00a0<strong data-start=\"1677\" data-end=\"1689\">R\u00e3 \u0111\u00f4ng:<\/strong>\u00a0L\u1ea5y l\u01b0\u1ee3ng c\u01a1m d\u1eeba c\u1ea7n d\u00f9ng, r\u00e3 \u0111\u00f4ng t\u1ef1 nhi\u00ean \u1edf nhi\u1ec7t ph\u00f2ng kho\u1ea3ng 15\u201320 ph\u00fat ho\u1eb7c ng\u00e2m c\u1ea3 t\u00fai trong n\u01b0\u1edbc m\u00e1t \u0111\u1ebfn khi mi\u1ebfng d\u1eeba t\u00e1ch r\u1eddi, m\u1ec1m d\u1ebbo.<br data-start=\"1835\" data-end=\"1838\" \/>\u2013\u00a0<strong data-start=\"1840\" data-end=\"1854\">D\u00f9ng l\u1ea1nh:<\/strong>\u00a0Cho tr\u1ef1c ti\u1ebfp v\u00e0o sinh t\u1ed1, s\u1eefa d\u1eeba, ch\u00e8 ho\u1eb7c yogurt \u0111\u1ec3 t\u0103ng v\u1ecb b\u00e9o v\u00e0 \u0111\u1ed9 s\u00e1nh.<br data-start=\"1933\" data-end=\"1936\" \/>\u2013\u00a0<strong data-start=\"1938\" data-end=\"1951\">N\u1ea5u ch\u00edn:<\/strong>\u00a0D\u1eeba non c\u00f3 th\u1ec3 n\u1ea5u c\u00f9ng ch\u00e8, s\u00fap, m\u00f3n c\u00e0 ri ho\u1eb7c c\u00e1c m\u00f3n ki\u1ec3u Th\u00e1i nh\u01b0 tom kha gai, gi\u00fap m\u00f3n \u0103n th\u00eam v\u1ecb ng\u1ecdt b\u00e9o t\u1ef1 nhi\u00ean.<br data-start=\"2074\" data-end=\"2077\" \/>\u2013\u00a0<strong data-start=\"2079\" data-end=\"2095\">L\u00e0m topping:<\/strong>\u00a0C\u1eaft s\u1ee3i ho\u1eb7c mi\u1ebfng nh\u1ecf, tr\u1ed9n c\u00f9ng tr\u00e1i c\u00e2y, n\u01b0\u1edbc c\u1ed1t d\u1eeba, th\u1ea1ch ho\u1eb7c kem l\u1ea1nh.<\/p>\n<p data-start=\"1656\" data-end=\"2176\"><img decoding=\"async\" class=\"aligncenter  wp-image-42736\" src=\"https:\/\/havamall.com\/wp-content\/uploads\/2025\/10\/DSC00058.webp\" alt=\"\" width=\"800\" height=\"1000\" \/><\/p>\n<blockquote>\n<p data-start=\"2178\" data-end=\"2430\"><span style=\"font-size: 18pt\"><em><strong data-start=\"2178\" data-end=\"2196\">G\u1ee3i \u00fd ch\u1ebf bi\u1ebfn<\/strong><\/em><\/span><\/p>\n<\/blockquote>\n<p data-start=\"2178\" data-end=\"2430\">\u2013 Sinh t\u1ed1 xo\u00e0i d\u1eeba non ho\u1eb7c b\u01a1 d\u1eeba m\u00e1t l\u1ea1nh.<br data-start=\"2243\" data-end=\"2246\" \/>\u2013 Ch\u00e8 kh\u00fac b\u1ea1ch, ch\u00e8 d\u1eeba non h\u1ea1t \u00e9, ch\u00e8 th\u00e1i.<br data-start=\"2291\" data-end=\"2294\" \/>\u2013 Kem d\u1eeba t\u01b0\u01a1i ho\u1eb7c s\u1eefa chua d\u1eeba non.<br data-start=\"2331\" data-end=\"2334\" \/>\u2013 Topping cho tr\u00e0 s\u1eefa ho\u1eb7c n\u01b0\u1edbc \u00e9p tr\u00e1i c\u00e2y.<br data-start=\"2378\" data-end=\"2381\" \/>\u2013 M\u00f3n m\u1eb7n nh\u01b0 c\u00e0 ri g\u00e0 d\u1eeba non, s\u00fap d\u1eeba th\u01a1m b\u00e9o.<\/p>\n<p data-start=\"2178\" data-end=\"2430\"><img loading=\"lazy\" decoding=\"async\" class=\"aligncenter\" src=\"https:\/\/images.squarespace-cdn.com\/content\/v1\/539cc3c1e4b045b6dc9898db\/1518477317495-77EHWLOVCBIQKFMYN6XD\/image-asset.jpeg\" alt=\"Pastry Affair | Pineapple Coconut Smoothie Bowl\" width=\"800\" height=\"1232\" \/><\/p>\n<blockquote>\n<p data-start=\"2432\" data-end=\"2853\"><span style=\"font-size: 18pt\"><em><strong data-start=\"2432\" data-end=\"2454\">Gi\u00e1 tr\u1ecb dinh d\u01b0\u1ee1ng<\/strong><\/em><\/span><\/p>\n<\/blockquote>\n<p data-start=\"2432\" data-end=\"2853\">C\u01a1m d\u1eeba non l\u00e0 ngu\u1ed3n cung c\u1ea5p t\u1ef1 nhi\u00ean c\u1ee7a ch\u1ea5t b\u00e9o t\u1ed1t, kho\u00e1ng ch\u1ea5t v\u00e0 ch\u1ea5t x\u01a1. Trong \u0111\u00f3, acid lauric \u2013 lo\u1ea1i ch\u1ea5t b\u00e9o c\u00f3 trong d\u1ea7u d\u1eeba \u2013 h\u1ed7 tr\u1ee3 t\u0103ng c\u01b0\u1eddng s\u1ee9c \u0111\u1ec1 kh\u00e1ng v\u00e0 gi\u00fap chuy\u1ec3n h\u00f3a n\u0103ng l\u01b0\u1ee3ng hi\u1ec7u qu\u1ea3. C\u01a1m d\u1eeba non c\u0169ng ch\u1ee9a nhi\u1ec1u kali v\u00e0 mangan, t\u1ed1t cho tim m\u1ea1ch v\u00e0 h\u1ec7 x\u01b0\u01a1ng. So v\u1edbi c\u01a1m d\u1eeba gi\u00e0, l\u01b0\u1ee3ng calo trong d\u1eeba non th\u1ea5p h\u01a1n, ph\u00f9 h\u1ee3p v\u1edbi ch\u1ebf \u0111\u1ed9 \u0103n l\u00e0nh m\u1ea1nh ho\u1eb7c th\u1ef1c \u0111\u01a1n eat clean.<\/p>\n<p data-start=\"2432\" data-end=\"2853\"><img loading=\"lazy\" decoding=\"async\" class=\"aligncenter\" src=\"https:\/\/images.squarespace-cdn.com\/content\/v1\/533f584fe4b0f77e1bd2e4d1\/1595373653892-MEFNUDH6574OGPB2V2P6\/toasted.coconut.ice.cream_butteryum\" width=\"800\" height=\"530\" \/><\/p>\n<p data-start=\"2432\" data-end=\"2853\">C\u01a1m D\u1eeba Non \u0110\u00f4ng L\u1ea1nh 1kg \u2013 Frozen Young Coconut Meat 1kg l\u00e0 nguy\u00ean li\u1ec7u tinh khi\u1ebft, ti\u1ec7n d\u1ee5ng v\u00e0 \u0111a n\u0103ng, gi\u00fap gi\u1eef tr\u1ecdn v\u1ecb ng\u1ecdt b\u00e9o m\u00e1t l\u00e0nh c\u1ee7a d\u1eeba non trong t\u1eebng m\u00f3n \u0103n. T\u1eeb ly sinh t\u1ed1 bu\u1ed5i s\u00e1ng \u0111\u1ebfn ch\u00e9n ch\u00e8 chi\u1ec1u, t\u1eeb topping l\u1ea1nh cho m\u00f3n tr\u00e1ng mi\u1ec7ng \u0111\u1ebfn \u0111i\u1ec3m nh\u1ea5n trong m\u00f3n m\u1eb7n, lo\u1ea1i d\u1eeba n\u00e0y mang \u0111\u1ebfn c\u1ea3m gi\u00e1c t\u01b0\u01a1i m\u1edbi v\u00e0 phong v\u1ecb nhi\u1ec7t \u0111\u1edbi \u0111\u1eb7c tr\u01b0ng. Hi\u1ec7n \u0111ang \u0111\u01b0\u1ee3c b\u00e1n t\u1ea1i\u00a0<strong data-start=\"3920\" data-end=\"3932\">Havamall<\/strong>.<\/p>","protected":false},"excerpt":{"rendered":"<p><b>L\u01afU \u00dd QUAN TR\u1eccNG V\u1ec0 GIAO H\u00c0NG<\/b><\/p>\n<ul>\n<li>\u0110\u1ec3 \u0111\u1ea3m b\u1ea3o ch\u1ea5t l\u01b0\u1ee3ng, c\u00e1c s\u1ea3n ph\u1ea9m tr\u00e1i c\u00e2y \u0111\u00f4ng l\u1ea1nh\u00a0<b>ch\u1ec9 \u0111\u01b0\u1ee3c giao h\u1ecfa t\u1ed1c<\/b>\u00a0trong khu v\u1ef1c\u00a0<strong>TP.HCM<\/strong>.<\/li>\n<li><b>Ph\u00ed ship:<\/b>\n<ul>\n<li>D\u01b0\u1edbi 5km: 30.000\u20ab<\/li>\n<li>Tr\u00ean 5km: Ph\u00ed giao h\u00e0ng s\u1ebd t\u00ednh theo gi\u00e1 c\u1ee7a \u1ee9ng d\u1ee5ng d\u1ecbch v\u1ee5 v\u1eadn chuy\u1ec3n.<\/li>\n<\/ul>\n<\/li>\n<li><b>\u0110\u1ecba ch\u1ec9 c\u1eeda h\u00e0ng:<\/b>\u00a0H\u1ebbm 112, s\u1ed1 114A B\u1ea1ch \u0110\u1eb1ng, Ph\u01b0\u1eddng 2, Qu\u1eadn T\u00e2n B\u00ecnh. B\u1ea1n c\u00f3 th\u1ec3 ki\u1ec3m tra kho\u1ea3ng c\u00e1ch tr\u01b0\u1edbc khi \u0111\u1eb7t h\u00e0ng.<\/li>\n<li><b>Mi\u1ec5n ph\u00ed ship<\/b>\u00a0cho \u0111\u01a1n t\u1eeb 4kg ho\u1eb7c 1.500.000\u20ab.\u00a0<strong><em>RI\u00caNG:<\/em><\/strong>\u00a0H\u1ed7 tr\u1ee3\u00a0<strong><em>t\u1ed1i \u0111a<\/em><\/strong>\u00a0<b>30.000\u20ab<\/b>\u00a0ph\u00ed ship cho \u0111\u01a1n \u0111i c\u00e1c\u00a0<em><strong>khu v\u1ef1c xa nh\u01b0 H\u00f3c M\u00f4n, C\u1ee7 Chi, Qu\u1eadn 9<\/strong><\/em>. Qu\u00fd kh\u00e1ch\u00a0<strong>vui l\u00f2ng chuy\u1ec3n kho\u1ea3n tr\u01b0\u1edbc ti\u1ec1n ship ho\u1eb7c ti\u1ec1n h\u00e0ng.<\/strong><\/li>\n<\/ul>","protected":false},"featured_media":43123,"comment_status":"open","ping_status":"closed","template":"","meta":[],"product_brand":[],"product_cat":[674,678],"product_tag":[],"class_list":{"0":"post-43122","1":"product","2":"type-product","3":"status-publish","4":"has-post-thumbnail","6":"product_cat-nhap-khau-trung-quoc","7":"product_cat-trai-cay-dong-lanh","9":"first","10":"instock","11":"sale","12":"shipping-taxable","13":"purchasable","14":"product-type-simple"},"_links":{"self":[{"href":"https:\/\/havamall.vn\/en\/wp-json\/wp\/v2\/product\/43122"}],"collection":[{"href":"https:\/\/havamall.vn\/en\/wp-json\/wp\/v2\/product"}],"about":[{"href":"https:\/\/havamall.vn\/en\/wp-json\/wp\/v2\/types\/product"}],"replies":[{"embeddable":true,"href":"https:\/\/havamall.vn\/en\/wp-json\/wp\/v2\/comments?post=43122"}],"version-history":[{"count":0,"href":"https:\/\/havamall.vn\/en\/wp-json\/wp\/v2\/product\/43122\/revisions"}],"wp:featuredmedia":[{"embeddable":true,"href":"https:\/\/havamall.vn\/en\/wp-json\/wp\/v2\/media\/43123"}],"wp:attachment":[{"href":"https:\/\/havamall.vn\/en\/wp-json\/wp\/v2\/media?parent=43122"}],"wp:term":[{"taxonomy":"product_brand","embeddable":true,"href":"https:\/\/havamall.vn\/en\/wp-json\/wp\/v2\/product_brand?post=43122"},{"taxonomy":"product_cat","embeddable":true,"href":"https:\/\/havamall.vn\/en\/wp-json\/wp\/v2\/product_cat?post=43122"},{"taxonomy":"product_tag","embeddable":true,"href":"https:\/\/havamall.vn\/en\/wp-json\/wp\/v2\/product_tag?post=43122"}],"curies":[{"name":"wp","href":"https:\/\/api.w.org\/{rel}","templated":true}]}}