{"id":43104,"date":"2025-10-13T15:39:02","date_gmt":"2025-10-13T08:39:02","guid":{"rendered":"https:\/\/havamall.vn\/?post_type=product&#038;p=43104"},"modified":"2025-10-13T16:23:54","modified_gmt":"2025-10-13T09:23:54","slug":"pho-mai-cuu-tay-ban-nha-nam-truffle-den-olmeda-origenes-khoi-200g-olmeda-origenes-sheep-cheese-with-black-truffle","status":"publish","type":"product","link":"https:\/\/havamall.vn\/en\/shop\/pho-mai-cuu-tay-ban-nha-nam-truffle-den-olmeda-origenes-khoi-200g-olmeda-origenes-sheep-cheese-with-black-truffle\/","title":{"rendered":"Ph\u00f4 Mai C\u1eebu T\u00e2y Ban Nha N\u1ea5m Truffle \u0110en Olmeda Or\u00edgenes Kh\u1ed1i 200g \u2013 Olmeda Or\u00edgenes Sheep Cheese with Black Truffle"},"content":{"rendered":"<blockquote>\n<h3><em><strong>TH\u00d4NG TIN S\u1ea2N PH\u1ea8M<\/strong><\/em><\/h3>\n<\/blockquote>\n<table style=\"width: 61.261%;height: 148px\">\n<tbody>\n<tr>\n<td>Th\u01b0\u01a1ng hi\u1ec7u<\/td>\n<td>Olmeda Or\u00edgenes<\/td>\n<\/tr>\n<tr>\n<td>Xu\u1ea5t x\u1ee9<\/td>\n<td>T\u00e2y Ban Nha<\/td>\n<\/tr>\n<tr>\n<td>Th\u00e0nh ph\u1ea7n<\/td>\n<td>S\u1eefa c\u1eebu t\u01b0\u01a1i, mu\u1ed1i, n\u1ea5m truffle \u0111en, men vi sinh\u2026<\/td>\n<\/tr>\n<tr>\n<td>H\u1ea1n s\u1eed d\u1ee5ng<\/td>\n<td>Xem tr\u00ean bao b\u00ec<\/td>\n<\/tr>\n<tr>\n<td>B\u1ea3o qu\u1ea3n<\/td>\n<td>Tr\u1eef \u0111\u00f4ng \u1edf nhi\u1ec7t \u0111\u1ed9 -18\u00b0C<\/td>\n<\/tr>\n<tr>\n<td>Kh\u1ed1i l\u01b0\u1ee3ng<\/td>\n<td>200g<\/td>\n<\/tr>\n<\/tbody>\n<\/table>\n<p data-start=\"519\" data-end=\"891\">\u1ea8m th\u1ef1c T\u00e2y Ban Nha t\u1eeb l\u00e2u \u0111\u00e3 n\u1ed5i ti\u1ebfng v\u1edbi s\u1ef1 tinh t\u1ebf trong t\u1eebng nguy\u00ean li\u1ec7u, v\u00e0 ph\u00f4 mai ch\u00ednh l\u00e0 linh h\u1ed3n c\u1ee7a n\u1ec1n \u1ea9m th\u1ef1c \u1ea5y. T\u1eeb v\u00f9ng La Mancha \u2013 n\u01a1i nh\u1eefng \u0111\u00e0n c\u1eebu \u0111\u01b0\u1ee3c nu\u00f4i th\u1ea3 t\u1ef1 nhi\u00ean gi\u1eefa cao nguy\u00ean \u0111\u1ea7y n\u1eafng gi\u00f3 \u2013 <strong data-start=\"739\" data-end=\"758\">Olmeda Or\u00edgenes<\/strong> mang \u0111\u1ebfn m\u1ed9t lo\u1ea1i ph\u00f4 mai mang d\u1ea5u \u1ea5n \u0111\u1eb7c tr\u01b0ng c\u1ee7a \u0111\u1ea5t n\u01b0\u1edbc n\u00e0y: \u0111\u1eadm v\u1ecb, b\u00e9o m\u1ecbn, xen l\u1eabn h\u01b0\u01a1ng truffle \u0111en qu\u00fd hi\u1ebfm \u0111\u1ea7y m\u00ea ho\u1eb7c.<\/p>\n<p data-start=\"519\" data-end=\"891\"><img fetchpriority=\"high\" decoding=\"async\" class=\"aligncenter wp-image-42702\" src=\"https:\/\/havamall.com\/wp-content\/uploads\/2025\/10\/la-antigua-sheep-milk-cheese-with-white-truffles-aged-6-months-112648-1S-12648.jpg\" alt=\"\" width=\"800\" height=\"800\" \/><\/p>\n<p data-start=\"893\" data-end=\"1338\">Ph\u00f4 mai \u0111\u01b0\u1ee3c ch\u1ebf bi\u1ebfn th\u1ee7 c\u00f4ng t\u1eeb <strong data-start=\"927\" data-end=\"955\">s\u1eefa c\u1eebu t\u01b0\u01a1i nguy\u00ean ch\u1ea5t<\/strong>, s\u1eed d\u1ee5ng c\u00f4ng th\u1ee9c truy\u1ec1n th\u1ed1ng l\u00e2u \u0111\u1eddi, k\u1ebft h\u1ee3p v\u1edbi <strong data-start=\"1009\" data-end=\"1049\">n\u1ea5m truffle \u0111en (Tuber melanosporum)<\/strong> \u2013 lo\u1ea1i n\u1ea5m ch\u1ec9 m\u1ecdc v\u00e0o m\u00f9a \u0111\u00f4ng \u1edf mi\u1ec1n B\u1eafc T\u00e2y Ban Nha v\u00e0 mi\u1ec1n Nam n\u01b0\u1edbc Ph\u00e1p. Kh\u00f4ng gi\u1ed1ng nh\u01b0 ph\u00f4 mai b\u00f2 hay d\u00ea,\u00a0<strong data-start=\"1424\" data-end=\"1435\">s\u1eefa c\u1eebu<\/strong> ch\u1ee9a h\u00e0m l\u01b0\u1ee3ng ch\u1ea5t b\u00e9o v\u00e0 protein cao h\u01a1n, cho c\u1ea5u tr\u00fac ph\u00f4 mai ch\u1eafc, m\u1ecbn v\u00e0 h\u1eadu v\u1ecb ng\u1ecdt t\u1ef1 nhi\u00ean. \u1ede La Mancha, c\u1eebu \u0111\u01b0\u1ee3c nu\u00f4i th\u1ea3 t\u1ef1 do, \u0103n c\u1ecf non, h\u1ea1t ng\u0169 c\u1ed1c v\u00e0 hoa d\u1ea1i \u2013 t\u1ea1o ra ngu\u1ed3n s\u1eefa c\u00f3 h\u01b0\u01a1ng c\u1ecf v\u00e0 v\u1ecb b\u00e9o \u0111\u1eb7c tr\u01b0ng, l\u00e0m n\u1ec1n ho\u00e0n h\u1ea3o cho lo\u1ea1i ph\u00f4 mai cao c\u1ea5p n\u00e0y. Qu\u00e1 tr\u00ecnh ch\u1ebf bi\u1ebfn \u0111\u01b0\u1ee3c th\u1ef1c hi\u1ec7n ho\u00e0n to\u00e0n\u00a0<strong data-start=\"1753\" data-end=\"1765\">th\u1ee7 c\u00f4ng<\/strong>: s\u1eefa \u0111\u01b0\u1ee3c l\u00ean men t\u1ef1 nhi\u00ean v\u1edbi ch\u1ee7ng vi sinh b\u1ea3n \u0111\u1ecba, \u00e9p khu\u00f4n, \u1ee7 ch\u00edn v\u00e0 b\u1ea3o qu\u1ea3n trong \u0111i\u1ec1u ki\u1ec7n nhi\u1ec7t \u0111\u1ed9 ki\u1ec3m so\u00e1t.<\/p>\n<p data-start=\"893\" data-end=\"1338\"><img decoding=\"async\" class=\"aligncenter wp-image-42703\" src=\"https:\/\/havamall.com\/wp-content\/uploads\/2025\/10\/bw0fv3yu4xn0dpw68k60b0urozbk.jpg\" alt=\"\" width=\"800\" height=\"450\" \/><\/p>\n<blockquote>\n<h3 data-start=\"2769\" data-end=\"2793\"><span style=\"font-size: 18pt\"><em><strong data-start=\"2773\" data-end=\"2793\">C\u00e1ch th\u01b0\u1edfng th\u1ee9c<\/strong><\/em><\/span><\/h3>\n<\/blockquote>\n<p data-start=\"2794\" data-end=\"3512\">Ph\u00f4 mai c\u1eebu n\u1ea5m truffle \u0111en Olmeda Or\u00edgenes l\u00e0 m\u1ed9t lo\u1ea1i ph\u00f4 mai c\u00f3 th\u1ec3\u00a0<strong data-start=\"2865\" data-end=\"2916\">th\u01b0\u1edfng th\u1ee9c tr\u1ef1c ti\u1ebfp ho\u1eb7c ch\u1ebf bi\u1ebfn c\u00f9ng m\u00f3n \u0103n<\/strong>. Khi \u0103n \u1edf nhi\u1ec7t \u0111\u1ed9 ph\u00f2ng, ph\u00f4 mai s\u1ebd m\u1ec1m d\u1ea7n, ti\u1ebft ra m\u00f9i th\u01a1m m\u1ea1nh m\u1ebd h\u01a1n c\u1ee7a truffle v\u00e0 v\u1ecb s\u1eefa b\u00e9o r\u00f5 r\u1ec7t h\u01a1n.<br data-start=\"3029\" data-end=\"3032\" \/>\u2013\u00a0<strong data-start=\"3034\" data-end=\"3060\">Th\u01b0\u1edfng th\u1ee9c tr\u1ef1c ti\u1ebfp:<\/strong>\u00a0C\u1eaft l\u00e1t m\u1ecfng, d\u00f9ng k\u00e8m r\u01b0\u1ee3u vang tr\u1eafng, vang \u0111\u1ecf nh\u1eb9 ho\u1eb7c champagne \u0111\u1ec3 c\u1ea3m nh\u1eadn tr\u1ecdn v\u1eb9n v\u1ecb b\u00e9o v\u00e0 h\u01b0\u01a1ng truffle.<br data-start=\"3173\" data-end=\"3176\" \/>\u2013\u00a0<strong data-start=\"3178\" data-end=\"3203\">K\u1ebft h\u1ee3p trong m\u00f3n \u0103n:<\/strong>\u00a0B\u00e0o m\u1ecfng ph\u1ee7 l\u00ean pasta, risotto, tr\u1ee9ng ch\u1ea7n, pizza ho\u1eb7c khoai nghi\u1ec1n. H\u01b0\u01a1ng truffle s\u1ebd lan t\u1ecfa khi g\u1eb7p nhi\u1ec7t, l\u00e0m n\u1ed5i b\u1eadt v\u1ecb umami t\u1ef1 nhi\u00ean c\u1ee7a s\u1eefa c\u1eebu.<br data-start=\"3356\" data-end=\"3359\" \/>\u2013\u00a0<strong data-start=\"3361\" data-end=\"3404\">D\u00f9ng trong ti\u1ec7c ph\u00f4 mai (cheese board):<\/strong>\u00a0K\u1ebft h\u1ee3p c\u00f9ng tr\u00e1i c\u00e2y kh\u00f4, m\u1eadt ong, h\u1ea1t \u00f3c ch\u00f3 ho\u1eb7c b\u00e1nh m\u00ec n\u01b0\u1edbng \u0111\u1ec3 t\u1ea1o c\u00e2n b\u1eb1ng gi\u1eefa b\u00e9o, ng\u1ecdt v\u00e0 th\u01a1m.<\/p>\n<p><img decoding=\"async\" class=\"wp-image-42704 aligncenter\" src=\"https:\/\/havamall.com\/wp-content\/uploads\/2025\/10\/truffle-ewe-life-3.jpg\" alt=\"\" width=\"801\" height=\"534\" \/><\/p>\n<blockquote>\n<h3 data-start=\"3519\" data-end=\"3543\"><em><span style=\"font-size: 18pt\"><strong data-start=\"3523\" data-end=\"3543\">B\u1ea3o qu\u1ea3n &amp; l\u01b0u \u00fd<\/strong><\/span><\/em><\/h3>\n<\/blockquote>\n<p data-start=\"3544\" data-end=\"3809\">\u2013 Gi\u1eef l\u1ea1nh \u1edf nhi\u1ec7t \u0111\u1ed9 2\u00b0C \u2013 8\u00b0C, tr\u00e1nh \u0111\u1ec3 ph\u00f4 mai b\u1ecb kh\u00f4 ho\u1eb7c h\u1ea5p h\u01a1i.<br data-start=\"3614\" data-end=\"3617\" \/>\u2013 Sau khi m\u1edf bao b\u00ec, n\u00ean b\u1ecdc k\u00edn b\u1eb1ng gi\u1ea5y ph\u00f4 mai ho\u1eb7c m\u00e0ng b\u1ecdc th\u1ef1c ph\u1ea9m \u0111\u1ec3 h\u1ea1n ch\u1ebf ti\u1ebfp x\u00fac kh\u00f4ng kh\u00ed.<br data-start=\"3722\" data-end=\"3725\" \/>\u2013 D\u00f9ng trong v\u00f2ng 5\u20137 ng\u00e0y sau khi m\u1edf \u0111\u1ec3 \u0111\u1ea3m b\u1ea3o \u0111\u1ed9 t\u01b0\u01a1i v\u00e0 h\u01b0\u01a1ng truffle r\u00f5 nh\u1ea5t.<\/p>\n<p data-start=\"3875\" data-end=\"4172\">Kh\u00f4ng ch\u1ec9 \u0111\u01a1n thu\u1ea7n l\u00e0 th\u1ef1c ph\u1ea9m, ph\u00f4 mai c\u1eebu n\u1ea5m truffle Olmeda Or\u00edgenes l\u00e0\u00a0<strong data-start=\"3952\" data-end=\"4015\">k\u1ebft tinh c\u1ee7a truy\u1ec1n th\u1ed1ng, thi\u00ean nhi\u00ean v\u00e0 tay ngh\u1ec1 th\u1ee7 c\u00f4ng<\/strong>. M\u1ed7i l\u00e1t ph\u00f4 mai l\u00e0 m\u1ed9t ph\u1ea7n c\u00e2u chuy\u1ec7n \u2013 v\u1ec1 \u0111\u1ed3ng c\u1ecf La Mancha, v\u1ec1 m\u00f9i truffle \u1ea9n trong l\u00f2ng \u0111\u1ea5t, v\u1ec1 ni\u1ec1m t\u1ef1 h\u00e0o c\u1ee7a nh\u1eefng ngh\u1ec7 nh\u00e2n gi\u1eef ngh\u1ec1 h\u00e0ng th\u1ebf h\u1ec7.<\/p>\n<p><img loading=\"lazy\" decoding=\"async\" class=\"wp-image-42705 aligncenter\" src=\"https:\/\/havamall.com\/wp-content\/uploads\/2025\/10\/truffle-ewe-close.jpg\" alt=\"\" width=\"801\" height=\"534\" \/><\/p>\n<p data-start=\"4174\" data-end=\"4388\">H\u01b0\u01a1ng v\u1ecb c\u1ee7a n\u00f3 v\u1eeba g\u1ee3i nh\u1edb \u0111\u1ebfn s\u1ef1 m\u1ed9c m\u1ea1c c\u1ee7a \u0111\u1ed3ng qu\u00ea, v\u1eeba mang n\u00e9t xa x\u1ec9 \u0111\u1eb7c tr\u01b0ng c\u1ee7a \u1ea9m th\u1ef1c ch\u00e2u \u00c2u. V\u1edbi Olmeda Or\u00edgenes, ng\u01b0\u1eddi ta kh\u00f4ng ch\u1ec9 \u0103n ph\u00f4 mai \u2013 m\u00e0 c\u00f2n \u0111ang th\u01b0\u1edfng th\u1ee9c\u00a0<strong data-start=\"4358\" data-end=\"4385\">m\u1ed9t di s\u1ea3n \u1ea9m th\u1ef1c s\u1ed1ng<\/strong>.<\/p>\n<p data-start=\"4390\" data-end=\"4484\">Ph\u00f4 Mai C\u1eebu T\u00e2y Ban Nha N\u1ea5m Truffle \u0110en Olmeda Or\u00edgenes hi\u1ec7n \u0111ang \u0111\u01b0\u1ee3c b\u00e1n t\u1ea1i\u00a0<strong data-start=\"4469\" data-end=\"4481\">Havamall<\/strong>.<\/p>","protected":false},"excerpt":{"rendered":"<p><b>L\u01afU \u00dd QUAN TR\u1eccNG V\u1ec0 GIAO H\u00c0NG<\/b><\/p>\n<ul>\n<li>\u0110\u1ec3 \u0111\u1ea3m b\u1ea3o ch\u1ea5t l\u01b0\u1ee3ng, c\u00e1c s\u1ea3n ph\u1ea9m tr\u00e1i c\u00e2y \u0111\u00f4ng l\u1ea1nh v\u00e0 \u0111\u1ed3 \u0111\u00f4ng l\u1ea1i\u00a0<b>ch\u1ec9 \u0111\u01b0\u1ee3c giao h\u1ecfa t\u1ed1c<\/b>\u00a0trong khu v\u1ef1c\u00a0<strong>TP.HCM<\/strong>.<\/li>\n<li><b>Ph\u00ed ship:<\/b>\n<ul>\n<li>D\u01b0\u1edbi 5km: 30.000\u20ab<\/li>\n<li>Tr\u00ean 5km: Ph\u00ed giao h\u00e0ng s\u1ebd t\u00ednh theo gi\u00e1 c\u1ee7a \u1ee9ng d\u1ee5ng d\u1ecbch v\u1ee5 v\u1eadn chuy\u1ec3n.<\/li>\n<\/ul>\n<\/li>\n<li><b>\u0110\u1ecba ch\u1ec9 c\u1eeda h\u00e0ng:<\/b>\u00a0H\u1ebbm 112, s\u1ed1 114A B\u1ea1ch \u0110\u1eb1ng, Ph\u01b0\u1eddng 2, Qu\u1eadn T\u00e2n B\u00ecnh. B\u1ea1n c\u00f3 th\u1ec3 ki\u1ec3m tra kho\u1ea3ng c\u00e1ch tr\u01b0\u1edbc khi \u0111\u1eb7t h\u00e0ng.<\/li>\n<li><b>Mi\u1ec5n ph\u00ed giao h\u00e0ng:<\/b>\u00a0\u00c1p d\u1ee5ng cho \u0111\u01a1n h\u00e0ng tr\u00e1i c\u00e2y \u0111\u00f4ng l\u1ea1nh t\u1eeb 4kg ho\u1eb7c c\u00f3 gi\u00e1 tr\u1ecb t\u1eeb 1.500.000\u20ab.<\/li>\n<\/ul>","protected":false},"featured_media":43105,"comment_status":"open","ping_status":"closed","template":"","meta":[],"product_brand":[],"product_cat":[683,275],"product_tag":[],"class_list":{"0":"post-43104","1":"product","2":"type-product","3":"status-publish","4":"has-post-thumbnail","6":"product_cat-nhap-khau-tay-ban-nha","7":"product_cat-thuc-pham-dong-lanh","9":"first","10":"instock","11":"sale","12":"shipping-taxable","13":"purchasable","14":"product-type-simple"},"_links":{"self":[{"href":"https:\/\/havamall.vn\/en\/wp-json\/wp\/v2\/product\/43104"}],"collection":[{"href":"https:\/\/havamall.vn\/en\/wp-json\/wp\/v2\/product"}],"about":[{"href":"https:\/\/havamall.vn\/en\/wp-json\/wp\/v2\/types\/product"}],"replies":[{"embeddable":true,"href":"https:\/\/havamall.vn\/en\/wp-json\/wp\/v2\/comments?post=43104"}],"version-history":[{"count":0,"href":"https:\/\/havamall.vn\/en\/wp-json\/wp\/v2\/product\/43104\/revisions"}],"wp:featuredmedia":[{"embeddable":true,"href":"https:\/\/havamall.vn\/en\/wp-json\/wp\/v2\/media\/43105"}],"wp:attachment":[{"href":"https:\/\/havamall.vn\/en\/wp-json\/wp\/v2\/media?parent=43104"}],"wp:term":[{"taxonomy":"product_brand","embeddable":true,"href":"https:\/\/havamall.vn\/en\/wp-json\/wp\/v2\/product_brand?post=43104"},{"taxonomy":"product_cat","embeddable":true,"href":"https:\/\/havamall.vn\/en\/wp-json\/wp\/v2\/product_cat?post=43104"},{"taxonomy":"product_tag","embeddable":true,"href":"https:\/\/havamall.vn\/en\/wp-json\/wp\/v2\/product_tag?post=43104"}],"curies":[{"name":"wp","href":"https:\/\/api.w.org\/{rel}","templated":true}]}}