{"id":43100,"date":"2025-10-13T13:57:12","date_gmt":"2025-10-13T06:57:12","guid":{"rendered":"https:\/\/havamall.vn\/?post_type=product&#038;p=43100"},"modified":"2025-10-13T13:57:12","modified_gmt":"2025-10-13T06:57:12","slug":"pho-mai-cheddar-sua-bo-va-nam-truffle-den-nhap-khau-anh-quoc-150g-coombe-castle-truffle-noir-cheddar-with-black-truffle","status":"publish","type":"product","link":"https:\/\/havamall.vn\/en\/shop\/pho-mai-cheddar-sua-bo-va-nam-truffle-den-nhap-khau-anh-quoc-150g-coombe-castle-truffle-noir-cheddar-with-black-truffle\/","title":{"rendered":"Ph\u00f4 Mai Cheddar S\u1eefa B\u00f2 V\u00e0 N\u1ea5m Truffle \u0110en Nh\u1eadp Kh\u1ea9u Anh Qu\u1ed1c 150g \u2013 Coombe Castle Truffle Noir Cheddar with Black Truffle"},"content":{"rendered":"<blockquote>\n<h3><em><strong>TH\u00d4NG TIN S\u1ea2N PH\u1ea8M<\/strong><\/em><\/h3>\n<\/blockquote>\n<table style=\"width: 65.4107%;height: 156px\">\n<tbody>\n<tr style=\"height: 24px\">\n<td style=\"height: 24px\">Th\u01b0\u01a1ng hi\u1ec7u<\/td>\n<td style=\"height: 24px\">Coombe Castle<\/td>\n<\/tr>\n<tr style=\"height: 24px\">\n<td style=\"height: 24px\">Xu\u1ea5t x\u1ee9<\/td>\n<td style=\"height: 24px\">Anh<\/td>\n<\/tr>\n<tr style=\"height: 36px\">\n<td style=\"height: 36px\">Th\u00e0nh ph\u1ea7n<\/td>\n<td style=\"height: 36px\">S\u1eefa, mu\u1ed1i, n\u1ea5m truffle \u0111en,&#8230;<\/td>\n<\/tr>\n<tr style=\"height: 24px\">\n<td style=\"height: 24px\">H\u1ea1n s\u1eed d\u1ee5ng<\/td>\n<td style=\"height: 24px\">Xem tr\u00ean bao b\u00ec<\/td>\n<\/tr>\n<tr style=\"height: 24px\">\n<td style=\"height: 24px\">B\u1ea3o qu\u1ea3n<\/td>\n<td style=\"height: 24px\">Tr\u1eef \u0111\u00f4ng \u1edf nhi\u1ec7t \u0111\u1ed9 -18\u00b0C<\/td>\n<\/tr>\n<tr style=\"height: 24px\">\n<td style=\"height: 24px\">Kh\u1ed1i l\u01b0\u1ee3ng<\/td>\n<td style=\"height: 24px\">150g<\/td>\n<\/tr>\n<\/tbody>\n<\/table>\n<p data-start=\"508\" data-end=\"896\">Trong th\u1ebf gi\u1edbi ph\u00f4 mai phong ph\u00fa, c\u00f3 nh\u1eefng h\u01b0\u01a1ng v\u1ecb \u0111\u01b0\u1ee3c t\u1ea1o ra kh\u00f4ng ch\u1ec9 \u0111\u1ec3 \u0103n, m\u00e0 \u0111\u1ec3 c\u1ea3m nh\u1eadn, gi\u1eefa v\u00f4 v\u00e0n l\u1ef1a ch\u1ecdn, <strong data-start=\"627\" data-end=\"686\">Coombe Castle Truffle Noir \u2013 Cheddar with Black Truffle<\/strong>\u00a0n\u1ed5i b\u1eadt nh\u01b0 m\u1ed9t bi\u1ec3u t\u01b0\u1ee3ng c\u1ee7a s\u1ef1 tinh t\u1ebf: ph\u00f4 mai cheddar truy\u1ec1n th\u1ed1ng t\u1eeb s\u1eefa b\u00f2 h\u00f2a quy\u1ec7n c\u00f9ng n\u1ea5m truffle \u0111en qu\u00fd hi\u1ebfm, mang \u0111\u1ebfn tr\u1ea3i nghi\u1ec7m \u0111\u1eadm ch\u1ea5t ch\u00e2u \u00c2u, n\u01a1i v\u1ecb b\u00e9o ng\u1eady g\u1eb7p g\u1ee1 h\u01b0\u01a1ng r\u1eebng s\u00e2u huy\u1ec1n b\u00ed.<\/p>\n<p data-start=\"508\" data-end=\"896\"><img fetchpriority=\"high\" decoding=\"async\" class=\"aligncenter  wp-image-42694\" src=\"https:\/\/havamall.com\/wp-content\/uploads\/2025\/10\/CC-Truffle-Noir-4-scaled-1.webp\" alt=\"\" width=\"803\" height=\"312\" \/><\/p>\n<p data-start=\"898\" data-end=\"1409\">Sinh ra t\u1eeb v\u00f9ng \u0111\u1ed3ng qu\u00ea n\u01b0\u1edbc Anh \u2013 n\u01a1i cheddar \u0111\u01b0\u1ee3c xem l\u00e0 ni\u1ec1m t\u1ef1 h\u00e0o qu\u1ed1c gia \u2013\u00a0<strong data-start=\"981\" data-end=\"997\">Truffle Noir<\/strong>\u00a0k\u1ebf th\u1eeba tr\u1ecdn v\u1eb9n n\u00e9t \u0111\u1eb7c tr\u01b0ng c\u1ed5 \u0111i\u1ec3n c\u1ee7a ph\u00f4 mai cheddar: d\u1ebbo m\u1ecbn, b\u00e9o v\u1eeba, ng\u1eady m\u00e0 kh\u00f4ng ng\u00e1n. Nh\u01b0ng \u0111i\u1ec1u khi\u1ebfn lo\u1ea1i ph\u00f4 mai n\u00e0y tr\u1edf n\u00ean \u0111\u1eb7c bi\u1ec7t ch\u00ednh l\u00e0 s\u1ef1 xu\u1ea5t hi\u1ec7n c\u1ee7a\u00a0<strong data-start=\"1173\" data-end=\"1192\">n\u1ea5m truffle \u0111en<\/strong> \u2013 \u201ckim c\u01b0\u01a1ng \u0111en\u201d trong th\u1ebf gi\u1edbi \u1ea9m th\u1ef1c, khi hai y\u1ebfu t\u1ed1 n\u00e0y h\u00f2a quy\u1ec7n, m\u1ed9t b\u1ea3n giao h\u01b0\u1edfng v\u1ecb gi\u00e1c tinh t\u1ebf \u0111\u01b0\u1ee3c m\u1edf ra: cheddar m\u1ec1m m\u01b0\u1ee3t, b\u00f9i b\u00e9o v\u00e0 truffle \u0111en n\u1ed3ng n\u00e0n, t\u1ea1o n\u00ean chi\u1ec1u s\u00e2u h\u01b0\u01a1ng v\u1ecb kh\u00f4ng th\u1ec3 nh\u1ea7m l\u1eabn.<\/p>\n<p data-start=\"898\" data-end=\"1409\"><img decoding=\"async\" class=\"aligncenter  wp-image-42698\" src=\"https:\/\/havamall.com\/wp-content\/uploads\/2025\/10\/509438101_10058704267528050_8891419690332389446_n.jpg\" alt=\"\" width=\"800\" height=\"862\" \/><\/p>\n<p data-start=\"1411\" data-end=\"1820\">Ch\u1ec9 c\u1ea7n m\u1edf bao, h\u01b0\u01a1ng th\u01a1m \u0111\u1eb7c tr\u01b0ng \u0111\u00e3 lan t\u1ecfa \u2013 v\u1eeba ph\u1ea3ng ph\u1ea5t m\u00f9i \u0111\u1ea5t \u1ea9m t\u1eeb n\u1ea5m truffle, v\u1eeba thoang tho\u1ea3ng v\u1ecb s\u1eefa b\u00e9o \u1ea5m \u00e1p. Khi c\u1eaft l\u00e1t, ph\u00f4 mai \u00e1nh v\u00e0ng nh\u1eb9, xen nh\u1eefng \u0111\u01b0\u1eddng v\u00e2n \u0111en \u00f3ng \u00e1nh c\u1ee7a n\u1ea5m truffle, \u0111\u1eb9p nh\u01b0 m\u1ed9t b\u1ee9c tranh \u1ea9m th\u1ef1c ch\u1ea1m kh\u1eafc t\u1eeb t\u1ef1 nhi\u00ean, \u0111\u01b0a v\u00e0o mi\u1ec7ng, v\u1ecb cheddar tan d\u1ea7n, nh\u01b0\u1eddng ch\u1ed7 cho h\u01b0\u01a1ng truffle \u0111en d\u00e2ng l\u00ean, n\u1ed3ng n\u00e0n m\u00e0 sang tr\u1ecdng \u2013 m\u1ed9t c\u1ea3m gi\u00e1c k\u00e9o d\u00e0i, s\u00e2u v\u00e0 \u0111\u1ea7y m\u00ea ho\u1eb7c.<\/p>\n<p data-start=\"1411\" data-end=\"1820\"><img decoding=\"async\" class=\"aligncenter  wp-image-42696\" src=\"https:\/\/havamall.com\/wp-content\/uploads\/2025\/10\/9f71ccf4e47637886fa82a5f490d4e27.jpg\" alt=\"\" width=\"800\" height=\"800\" \/><\/p>\n<p data-start=\"1822\" data-end=\"2346\">Kh\u00f4ng ch\u1ec9 d\u1eebng \u1edf vi\u1ec7c th\u01b0\u1edfng th\u1ee9c tr\u1ef1c ti\u1ebfp,\u00a0<strong data-start=\"1867\" data-end=\"1897\">Coombe Castle Truffle Noir<\/strong>\u00a0c\u00f2n \u0111\u01b0\u1ee3c xem l\u00e0 \u201cgia v\u1ecb c\u1ee7a s\u1ef1 xa x\u1ec9\u201d trong nhi\u1ec1u m\u00f3n \u0103n:<br \/>\n\u2013 \u0102n k\u00e8m b\u00e1nh quy, tr\u00e1i c\u00e2y kh\u00f4 ho\u1eb7c r\u01b0\u1ee3u vang \u0111\u1ecf, \u0111\u1eb7c bi\u1ec7t l\u00e0 d\u00f2ng Cabernet Sauvignon hay Pinot Noir.<br data-start=\"2058\" data-end=\"2061\" \/>\u2013 B\u00e0o m\u1ecbn ph\u1ee7 l\u00ean pizza, m\u00ec \u00dd, risotto ho\u1eb7c tr\u1ee9ng chi\u00ean gi\u00fap m\u00f3n \u0103n d\u1eady h\u01b0\u01a1ng sang tr\u1ecdng.<br data-start=\"2150\" data-end=\"2153\" \/>\u2013 D\u00f9ng trong c\u00e1c b\u1eefa ti\u1ec7c ph\u00f4 mai l\u1ea1nh (cheese platter), t\u1ea1o \u0111i\u1ec3m nh\u1ea5n h\u01b0\u01a1ng v\u1ecb kh\u00e1c bi\u1ec7t v\u00e0 \u1ea5n t\u01b0\u1ee3ng.<br data-start=\"2255\" data-end=\"2258\" \/>\u2013 K\u1ebft h\u1ee3p c\u00f9ng khoai t\u00e2y n\u01b0\u1edbng ho\u1eb7c b\u00e1nh m\u00ec n\u01b0\u1edbng \u0111\u1ec3 t\u0103ng chi\u1ec1u s\u00e2u cho m\u00f3n \u0103n \u0111\u01a1n gi\u1ea3n.<\/p>\n<p data-start=\"1822\" data-end=\"2346\"><img loading=\"lazy\" decoding=\"async\" class=\"aligncenter  wp-image-42697\" src=\"https:\/\/havamall.com\/wp-content\/uploads\/2025\/10\/Godminster-cheddar-truffle-003.jpg\" alt=\"\" width=\"800\" height=\"533\" \/><\/p>\n<p data-start=\"2348\" data-end=\"2768\">Th\u01b0\u01a1ng hi\u1ec7u\u00a0<strong data-start=\"2360\" data-end=\"2377\">Coombe Castle<\/strong>\u00a0\u2013 bi\u1ec3u t\u01b0\u1ee3ng c\u1ee7a ph\u00f4 mai cao c\u1ea5p Anh Qu\u1ed1c t\u1eeb n\u0103m 1980 \u2013 v\u1eabn gi\u1eef tr\u1ecdn tinh th\u1ea7n \u201cadventures in dairy\u201d: t\u00f4n tr\u1ecdng truy\u1ec1n th\u1ed1ng nh\u01b0ng kh\u00f4ng ng\u1eebng s\u00e1ng t\u1ea1o.\u00a0<strong data-start=\"2531\" data-end=\"2555\">Truffle Noir Cheddar<\/strong>\u00a0l\u00e0 minh ch\u1ee9ng r\u00f5 r\u00e0ng cho tri\u1ebft l\u00fd \u1ea5y \u2013 m\u1ed9t s\u1ef1 k\u1ebft h\u1ee3p tinh t\u1ebf gi\u1eefa cheddar c\u1ed5 \u0111i\u1ec3n v\u00e0 n\u1ea5m truffle \u0111en sang tr\u1ecdng c\u1ee7a ch\u00e2u \u00c2u, t\u1ea1o n\u00ean phong v\u1ecb h\u00f2a quy\u1ec7n gi\u1eefa Anh v\u00e0 Ph\u00e1p, c\u1ed5 \u0111i\u1ec3n m\u00e0 hi\u1ec7n \u0111\u1ea1i, m\u1ea1nh m\u1ebd m\u00e0 tinh t\u1ebf.<\/p>\n<p data-start=\"2348\" data-end=\"2768\"><img loading=\"lazy\" decoding=\"async\" class=\"aligncenter  wp-image-42695\" src=\"https:\/\/havamall.com\/wp-content\/uploads\/2025\/10\/542290450_18399987115186560_6925830517607826454_n.jpg\" alt=\"\" width=\"800\" height=\"1000\" \/><\/p>\n<p data-start=\"2770\" data-end=\"3047\">N\u1ebfu ph\u00f4 mai cheddar th\u00f4ng th\u01b0\u1eddng g\u1ee3i c\u1ea3m gi\u00e1c g\u1ea7n g\u0169i, th\u00ec\u00a0<strong data-start=\"2829\" data-end=\"2859\">Coombe Castle Truffle Noir<\/strong>\u00a0l\u1ea1i mang s\u1eafc th\u00e1i c\u1ee7a nh\u1eefng b\u1eefa ti\u1ec7c tinh t\u1ebf \u2013 n\u01a1i m\u1ed7i l\u00e1t ph\u00f4 mai l\u00e0 \u0111i\u1ec3m nh\u1ea5n c\u1ee7a \u0111\u1eb3ng c\u1ea5p. M\u1ed9t h\u01b0\u01a1ng v\u1ecb d\u00e0nh cho ng\u01b0\u1eddi s\u00e0nh, y\u00eau s\u1ef1 kh\u00e1c bi\u1ec7t v\u00e0 tr\u00e2n tr\u1ecdng c\u00e1i \u0111\u1eb9p trong t\u1eebng chi ti\u1ebft.<\/p>\n<p data-start=\"3049\" data-end=\"3205\"><strong data-start=\"3049\" data-end=\"3168\">Ph\u00f4 Mai Cheddar S\u1eefa B\u00f2 &amp; N\u1ea5m Truffle \u0110en Nh\u1eadp Kh\u1ea9u Anh Qu\u1ed1c \u2013 Coombe Castle Truffle Noir Cheddar with Black Truffle<\/strong>\u00a0hi\u1ec7n \u0111ang \u0111\u01b0\u1ee3c b\u00e1n t\u1ea1i\u00a0<strong data-start=\"3192\" data-end=\"3204\">Havamall<\/strong>.<\/p>","protected":false},"excerpt":{"rendered":"<p><b>L\u01afU \u00dd QUAN TR\u1eccNG V\u1ec0 GIAO H\u00c0NG<\/b><\/p>\n<ul>\n<li>\u0110\u1ec3 \u0111\u1ea3m b\u1ea3o ch\u1ea5t l\u01b0\u1ee3ng, c\u00e1c s\u1ea3n ph\u1ea9m tr\u00e1i c\u00e2y \u0111\u00f4ng l\u1ea1nh v\u00e0 \u0111\u1ed3 \u0111\u00f4ng l\u1ea1i\u00a0<b>ch\u1ec9 \u0111\u01b0\u1ee3c giao h\u1ecfa t\u1ed1c<\/b>\u00a0trong khu v\u1ef1c\u00a0<strong>TP.HCM<\/strong>.<\/li>\n<li><b>Ph\u00ed ship:<\/b>\n<ul>\n<li>D\u01b0\u1edbi 5km: 30.000\u20ab<\/li>\n<li>Tr\u00ean 5km: Ph\u00ed giao h\u00e0ng s\u1ebd t\u00ednh theo gi\u00e1 c\u1ee7a \u1ee9ng d\u1ee5ng d\u1ecbch v\u1ee5 v\u1eadn chuy\u1ec3n.<\/li>\n<\/ul>\n<\/li>\n<li><b>\u0110\u1ecba ch\u1ec9 c\u1eeda h\u00e0ng:<\/b>\u00a0H\u1ebbm 112, s\u1ed1 114A B\u1ea1ch \u0110\u1eb1ng, Ph\u01b0\u1eddng 2, Qu\u1eadn T\u00e2n B\u00ecnh. B\u1ea1n c\u00f3 th\u1ec3 ki\u1ec3m tra kho\u1ea3ng c\u00e1ch tr\u01b0\u1edbc khi \u0111\u1eb7t h\u00e0ng.<\/li>\n<li><b>Mi\u1ec5n ph\u00ed giao h\u00e0ng:<\/b>\u00a0\u00c1p d\u1ee5ng cho \u0111\u01a1n h\u00e0ng tr\u00e1i c\u00e2y \u0111\u00f4ng l\u1ea1nh t\u1eeb 4kg ho\u1eb7c c\u00f3 gi\u00e1 tr\u1ecb t\u1eeb 1.500.000\u20ab.<\/li>\n<\/ul>","protected":false},"featured_media":43101,"comment_status":"open","ping_status":"closed","template":"","meta":[],"product_brand":[],"product_cat":[672,275],"product_tag":[],"class_list":{"0":"post-43100","1":"product","2":"type-product","3":"status-publish","4":"has-post-thumbnail","6":"product_cat-nhap-khau-y","7":"product_cat-thuc-pham-dong-lanh","9":"first","10":"instock","11":"sale","12":"shipping-taxable","13":"purchasable","14":"product-type-simple"},"_links":{"self":[{"href":"https:\/\/havamall.vn\/en\/wp-json\/wp\/v2\/product\/43100"}],"collection":[{"href":"https:\/\/havamall.vn\/en\/wp-json\/wp\/v2\/product"}],"about":[{"href":"https:\/\/havamall.vn\/en\/wp-json\/wp\/v2\/types\/product"}],"replies":[{"embeddable":true,"href":"https:\/\/havamall.vn\/en\/wp-json\/wp\/v2\/comments?post=43100"}],"version-history":[{"count":0,"href":"https:\/\/havamall.vn\/en\/wp-json\/wp\/v2\/product\/43100\/revisions"}],"wp:featuredmedia":[{"embeddable":true,"href":"https:\/\/havamall.vn\/en\/wp-json\/wp\/v2\/media\/43101"}],"wp:attachment":[{"href":"https:\/\/havamall.vn\/en\/wp-json\/wp\/v2\/media?parent=43100"}],"wp:term":[{"taxonomy":"product_brand","embeddable":true,"href":"https:\/\/havamall.vn\/en\/wp-json\/wp\/v2\/product_brand?post=43100"},{"taxonomy":"product_cat","embeddable":true,"href":"https:\/\/havamall.vn\/en\/wp-json\/wp\/v2\/product_cat?post=43100"},{"taxonomy":"product_tag","embeddable":true,"href":"https:\/\/havamall.vn\/en\/wp-json\/wp\/v2\/product_tag?post=43100"}],"curies":[{"name":"wp","href":"https:\/\/api.w.org\/{rel}","templated":true}]}}