{"id":43096,"date":"2025-10-13T10:40:01","date_gmt":"2025-10-13T03:40:01","guid":{"rendered":"https:\/\/havamall.vn\/?post_type=product&#038;p=43096"},"modified":"2025-10-13T10:40:02","modified_gmt":"2025-10-13T03:40:02","slug":"pho-mai-sua-trau-nhap-khau-y-granarolo-125g-granarolo-buffalos-milk-mozzarella-125g","status":"publish","type":"product","link":"https:\/\/havamall.vn\/en\/shop\/pho-mai-sua-trau-nhap-khau-y-granarolo-125g-granarolo-buffalos-milk-mozzarella-125g\/","title":{"rendered":"Ph\u00f4 Mai S\u1eefa Tr\u00e2u Nh\u1eadp Kh\u1ea9u \u00dd Granarolo 125g \u2013 Granarolo Buffalo\u2019s Milk Mozzarella 125g"},"content":{"rendered":"<blockquote>\n<h3><span style=\"font-size: 18pt\"><em><strong>TH\u00d4NG TIN S\u1ea2N PH\u1ea8M<\/strong><\/em><\/span><\/h3>\n<\/blockquote>\n<table style=\"width: 56.2176%;height: 203px\">\n<tbody>\n<tr>\n<td>Th\u01b0\u01a1ng hi\u1ec7u<\/td>\n<td>Granarola<\/td>\n<\/tr>\n<tr>\n<td>Xu\u1ea5t x\u1ee9<\/td>\n<td>\u00dd<\/td>\n<\/tr>\n<tr>\n<td>Th\u00e0nh ph\u1ea7n<\/td>\n<td>\n<div class=\"noidungchitiet dtct\">\n<p>S\u1eefa, mu\u1ed1i, men, \u0111i\u1ec1u ch\u1ec9nh nhi\u1ec7t \u0111\u1ed9 acid 330<\/p>\n<\/div>\n<\/td>\n<\/tr>\n<tr>\n<td>H\u1ea1n s\u1eed d\u1ee5ng<\/td>\n<td>Xem tr\u00ean bao b\u00ec<\/td>\n<\/tr>\n<tr>\n<td>B\u1ea3o qu\u1ea3n<\/td>\n<td>Tr\u1eef \u0111\u00f4ng \u1edf nhi\u1ec7t \u0111\u1ed9 -18\u00b0C<\/td>\n<\/tr>\n<tr>\n<td>Kh\u1ed1i l\u01b0\u1ee3ng<\/td>\n<td>125g<\/td>\n<\/tr>\n<\/tbody>\n<\/table>\n<p data-start=\"382\" data-end=\"863\">Trong b\u1ea3n h\u00f2a t\u1ea5u c\u1ee7a \u1ea9m th\u1ef1c \u00dd, mozzarella lu\u00f4n l\u00e0 n\u1ed1t nh\u1ea1c m\u1ec1m m\u1ea1i v\u00e0 tinh t\u1ebf nh\u1ea5t, t\u1eeb nh\u1eefng l\u00e1t pizza v\u00e0ng \u01b0\u01a1m \u0111\u1ebfn \u0111\u0129a salad t\u01b0\u01a1i m\u00e1t, lo\u1ea1i ph\u00f4 mai n\u00e0y g\u00f3p ph\u1ea7n t\u1ea1o n\u00ean linh h\u1ed3n c\u1ee7a b\u1eefa \u0103n. Nh\u01b0ng gi\u1eefa v\u00f4 s\u1ed1 bi\u1ebfn th\u1ec3,\u00a0<strong data-start=\"602\" data-end=\"632\">mozzarella l\u00e0m t\u1eeb s\u1eefa tr\u00e2u<\/strong>\u00a0v\u1eabn \u0111\u01b0\u1ee3c xem l\u00e0 phi\u00ean b\u1ea3n cao c\u1ea5p v\u00e0 nguy\u00ean b\u1ea3n nh\u1ea5t, v\u1edbi\u00a0<strong data-start=\"691\" data-end=\"730\">Granarolo Buffalo\u2019s Milk Mozzarella<\/strong>, h\u01b0\u01a1ng v\u1ecb truy\u1ec1n th\u1ed1ng \u1ea5y \u0111\u01b0\u1ee3c t\u00e1i hi\u1ec7n tr\u1ecdn v\u1eb9n \u2013 \u0111\u1eadm \u0111\u00e0, m\u1ecbn m\u00e0ng v\u00e0 tinh khi\u1ebft nh\u01b0 c\u00e1ch ng\u01b0\u1eddi \u00dd v\u1eabn l\u00e0m su\u1ed1t h\u00e0ng tr\u0103m n\u0103m qua.<\/p>\n<p data-start=\"382\" data-end=\"863\"><img fetchpriority=\"high\" decoding=\"async\" class=\"aligncenter  wp-image-42688\" src=\"https:\/\/havamall.com\/wp-content\/uploads\/2025\/10\/Freshmozzarella-A6-Ottimacheese-scaled.jpg\" alt=\"\" width=\"799\" height=\"532\" \/><\/p>\n<p data-start=\"865\" data-end=\"1307\"><strong><em>Granarolo<\/em>\u00a0<\/strong>l\u00e0 th\u01b0\u01a1ng hi\u1ec7u s\u1eefa v\u00e0 ph\u00f4 mai h\u00e0ng \u0111\u1ea7u t\u1ea1i \u00dd, n\u1ed5i ti\u1ebfng nh\u1edd s\u1ef1 k\u1ebft h\u1ee3p gi\u1eefa c\u00f4ng ngh\u1ec7 hi\u1ec7n \u0111\u1ea1i v\u00e0 b\u00ed quy\u1ebft truy\u1ec1n th\u1ed1ng. Ngu\u1ed3n s\u1eefa tr\u00e2u t\u01b0\u01a1i \u0111\u01b0\u1ee3c thu ho\u1ea1ch h\u1eb1ng ng\u00e0y t\u1eeb c\u00e1c trang tr\u1ea1i \u1edf mi\u1ec1n Nam \u2013 v\u00f9ng \u0111\u1ea5t n\u01a1i tr\u00e2u s\u1eefa \u0111\u01b0\u1ee3c nu\u00f4i d\u01b0\u1ee1ng trong m\u00f4i tr\u01b0\u1eddng kh\u00ed h\u1eadu \u00f4n h\u00f2a, \u0111\u1ed3ng c\u1ecf xanh t\u1ed1t v\u00e0 quy tr\u00ecnh ch\u0103n nu\u00f4i kh\u00e9p k\u00edn, m\u1ed7i m\u1ebb s\u1eefa \u0111\u01b0\u1ee3c ki\u1ec3m tra nghi\u00eam ng\u1eb7t tr\u01b0\u1edbc khi \u0111\u01b0a v\u00e0o s\u1ea3n xu\u1ea5t, \u0111\u1ea3m b\u1ea3o \u0111\u1ed9 t\u01b0\u01a1i, \u0111\u1ed9 b\u00e9o v\u00e0 h\u01b0\u01a1ng s\u1eefa \u0111\u1eb7c tr\u01b0ng.<\/p>\n<p data-start=\"1309\" data-end=\"1703\">Quy tr\u00ecnh ch\u1ebf bi\u1ebfn\u00a0<strong data-start=\"1328\" data-end=\"1367\">Granarolo Buffalo\u2019s Milk Mozzarella<\/strong>\u00a0v\u1eabn gi\u1eef tinh th\u1ea7n th\u1ee7 c\u00f4ng \u00dd c\u1ed5 \u0111i\u1ec3n, s\u1eefa tr\u00e2u \u0111\u01b0\u1ee3c l\u00e0m \u1ea5m nh\u1eb9, k\u1ebft t\u1ee7a t\u1ef1 nhi\u00ean r\u1ed3i k\u00e9o s\u1ee3i th\u1ee7 c\u00f4ng (stretching) \u0111\u1ec3 t\u1ea1o n\u00ean k\u1ebft c\u1ea5u d\u1ebbo m\u1ecbn, \u0111\u00e0n h\u1ed3i nh\u1eb9 m\u00e0 kh\u00f4ng b\u1ecb v\u1ee5n. Khi c\u1eaft ra, t\u1eebng l\u1edbp ph\u00f4 mai hi\u1ec7n r\u00f5, m\u1ecbn v\u00e0 m\u1ec1m nh\u01b0 kem, h\u01b0\u01a1ng th\u01a1m s\u1eefa t\u01b0\u01a1i d\u1ecbu nh\u1eb9, b\u00e9o m\u00e0 kh\u00f4ng g\u1eaft, th\u1ea5m d\u1ea7n tr\u00ean \u0111\u1ea7u l\u01b0\u1ee1i, \u0111\u1ec3 l\u1ea1i d\u01b0 v\u1ecb thanh ng\u1ecdt tinh t\u1ebf.<\/p>\n<p data-start=\"1309\" data-end=\"1703\"><img decoding=\"async\" class=\"aligncenter  wp-image-42686\" src=\"https:\/\/havamall.com\/wp-content\/uploads\/2025\/10\/mozzarella-di-bufala-campana-pdo.jpg\" alt=\"\" width=\"801\" height=\"601\" \/><\/p>\n<blockquote>\n<p data-start=\"1705\" data-end=\"2049\"><span style=\"font-size: 18pt\"><em><strong data-start=\"1705\" data-end=\"1726\">\u0110\u1eb7c \u0111i\u1ec3m n\u1ed5i b\u1eadt:<\/strong><\/em><\/span><\/p>\n<\/blockquote>\n<p data-start=\"1705\" data-end=\"2049\">\u2013 L\u00e0m 100% t\u1eeb s\u1eefa tr\u00e2u t\u01b0\u01a1i \u00dd \u2013 kh\u00f4ng pha s\u1eefa b\u00f2.<br data-start=\"1778\" data-end=\"1781\" \/>\u2013 K\u1ebft c\u1ea5u ph\u00f4 mai t\u01b0\u01a1i m\u1ec1m m\u01b0\u1ee3t, c\u00f3 \u0111\u1ed9 \u0111\u00e0n h\u1ed3i nh\u1eb9, d\u1ec5 c\u1eaft v\u00e0 tan \u0111\u1ec1u khi n\u01b0\u1edbng.<br data-start=\"1861\" data-end=\"1864\" \/>\u2013 H\u01b0\u01a1ng v\u1ecb s\u1eefa tr\u00e2u b\u00e9o \u0111\u1eb7c tr\u01b0ng, h\u1eadu v\u1ecb thanh, kh\u00f4ng ng\u1eady.<br data-start=\"1924\" data-end=\"1927\" \/>\u2013 Gi\u00e0u canxi, protein, vitamin B12 v\u00e0 ph\u1ed1t pho t\u1ef1 nhi\u00ean.<br data-start=\"1983\" data-end=\"1986\" \/>\u2013 Kh\u00f4ng ch\u1ee9a ch\u1ea5t b\u1ea3o qu\u1ea3n, ph\u1ea9m m\u00e0u hay h\u01b0\u01a1ng li\u1ec7u t\u1ed5ng h\u1ee3p.<\/p>\n<p data-start=\"2051\" data-end=\"2393\">Kh\u00e1c v\u1edbi lo\u1ea1i mozzarella kh\u00f4 d\u00f9ng ph\u1ed5 bi\u1ebfn tr\u00ean pizza,\u00a0<strong data-start=\"2106\" data-end=\"2145\">Granarolo Buffalo\u2019s Milk Mozzarella<\/strong>\u00a0l\u00e0 ph\u00f4 mai t\u01b0\u01a1i (fresh mozzarella) \u2013 lo\u1ea1i \u0111\u01b0\u1ee3c ng\u00e2m trong dung d\u1ecbch mu\u1ed1i nh\u1eb9 \u0111\u1ec3 gi\u1eef nguy\u00ean \u0111\u1ed9 \u1ea9m v\u00e0 \u0111\u1ed9 m\u1ec1m, ch\u00ednh nh\u1edd v\u1eady m\u00e0 khi c\u1eafn v\u00e0o, ph\u00f4 mai nh\u01b0 tan ch\u1ea3y trong mi\u1ec7ng, \u0111\u1ec3 l\u1ea1i c\u1ea3m gi\u00e1c b\u00e9o s\u1eefa thanh tho\u00e1t, ph\u00f9 h\u1ee3p cho c\u1ea3 m\u00f3n l\u1ea1nh v\u00e0 m\u00f3n n\u00f3ng.<\/p>\n<div id=\"attachment_42687\" style=\"width: 812px\" class=\"wp-caption aligncenter\"><img decoding=\"async\" aria-describedby=\"caption-attachment-42687\" class=\"wp-image-42687\" src=\"https:\/\/havamall.com\/wp-content\/uploads\/2025\/10\/mozzarella-Depositphotos_71220887_L.jpg\" alt=\"\" width=\"802\" height=\"534\" \/><p id=\"caption-attachment-42687\" class=\"wp-caption-text\">Buffalo mozzarella<\/p><\/div>\n<blockquote>\n<p data-start=\"2395\" data-end=\"3239\"><span style=\"font-size: 18pt\"><em><strong data-start=\"2395\" data-end=\"2418\">C\u00e1ch s\u1eed d\u1ee5ng g\u1ee3i \u00fd:<\/strong><\/em><\/span><\/p>\n<\/blockquote>\n<p data-start=\"2395\" data-end=\"3239\">\u2013\u00a0<strong data-start=\"2423\" data-end=\"2446\">M\u00f3n khai v\u1ecb ki\u1ec3u \u00dd:<\/strong>\u00a0C\u1eaft l\u00e1t mozzarella t\u01b0\u01a1i, k\u1ebft h\u1ee3p v\u1edbi c\u00e0 chua bi, l\u00e1 h\u00fang qu\u1ebf v\u00e0 d\u1ea7u olive extra virgin \u2013 m\u00f3n Caprese salad c\u1ed5 \u0111i\u1ec3n mang \u0111\u1ee7 s\u1eafc, h\u01b0\u01a1ng v\u00e0 v\u1ecb.<br data-start=\"2587\" data-end=\"2590\" \/>\u2013\u00a0<strong data-start=\"2592\" data-end=\"2611\">Pizza v\u00e0 pasta:<\/strong>\u00a0Khi n\u01b0\u1edbng, mozzarella tr\u00e2u tan ch\u1ea3y th\u00e0nh l\u1edbp s\u1ee3i tr\u1eafng m\u1ecbn, k\u00e9o d\u00e0i \u0111\u1eb7c tr\u01b0ng m\u00e0 v\u1eabn gi\u1eef v\u1ecb s\u1eefa t\u01b0\u01a1i ng\u1ecdt d\u1ecbu \u2013 \u0111i\u1ec3m nh\u1ea5n cho nh\u1eefng chi\u1ebfc pizza Margarita, lasagna hay baked ziti.<br data-start=\"2791\" data-end=\"2794\" \/>\u2013\u00a0<strong data-start=\"2796\" data-end=\"2817\">Sandwich, panini:<\/strong>\u00a0K\u1eb9p gi\u1eefa b\u00e1nh m\u00ec n\u00f3ng c\u00f9ng c\u00e0 chua n\u01b0\u1edbng v\u00e0 h\u00fang qu\u1ebf \u2013 m\u00f3n \u0103n nhanh nh\u01b0ng tinh t\u1ebf chu\u1ea9n phong c\u00e1ch \u00dd.<br data-start=\"2919\" data-end=\"2922\" \/>\u2013\u00a0<strong data-start=\"2924\" data-end=\"2941\">\u1ea8m th\u1ef1c Vi\u1ec7t:<\/strong>\u00a0D\u00f9ng k\u00e8m b\u00e1nh m\u00ec n\u01b0\u1edbng, salad rau c\u1ee7 ho\u1eb7c tr\u00e1i c\u00e2y, ph\u00f4 mai t\u01b0\u01a1i mang \u0111\u1ebfn v\u1ecb b\u00e9o m\u1ec1m t\u1ef1 nhi\u00ean, l\u00e0m n\u1ed5i b\u1eadt v\u1ecb ng\u1ecdt c\u1ee7a nguy\u00ean li\u1ec7u Vi\u1ec7t.<br data-start=\"3078\" data-end=\"3081\" \/>\u2013\u00a0<strong data-start=\"3083\" data-end=\"3103\">M\u00f3n tr\u00e1ng mi\u1ec7ng:<\/strong>\u00a0C\u1eaft l\u00e1t mozzarella, d\u00f9ng c\u00f9ng m\u1eadt ong v\u00e0 h\u1ea1t \u00f3c ch\u00f3 ho\u1eb7c tr\u00e1i c\u00e2y t\u01b0\u01a1i \u2013 v\u1ecb b\u00e9o thanh quy\u1ec7n v\u1ecb ng\u1ecdt d\u1ecbu t\u1ea1o n\u00ean s\u1ef1 c\u00e2n b\u1eb1ng ho\u00e0n h\u1ea3o.<\/p>\n<p data-start=\"2395\" data-end=\"3239\"><img loading=\"lazy\" decoding=\"async\" class=\"aligncenter  wp-image-42689\" src=\"https:\/\/havamall.com\/wp-content\/uploads\/2025\/10\/Freshmozzarella-A1-Ottimacheese-scaled.jpg\" alt=\"\" width=\"804\" height=\"535\" \/><\/p>\n<blockquote>\n<p data-start=\"3241\" data-end=\"3614\"><span style=\"font-size: 18pt\"><em><strong data-start=\"3241\" data-end=\"3277\">M\u1eb9o nh\u1ecf khi b\u1ea3o qu\u1ea3n v\u00e0 s\u1eed d\u1ee5ng:<\/strong><\/em><\/span><\/p>\n<\/blockquote>\n<p data-start=\"3241\" data-end=\"3614\">\u2013 Gi\u1eef l\u1ea1nh \u1edf 0\u20134\u00b0C, n\u00ean \u0111\u1ec3 trong ph\u1ea7n dung d\u1ecbch mu\u1ed1i \u0111\u1ec3 ph\u00f4 mai kh\u00f4ng b\u1ecb kh\u00f4.<br data-start=\"3357\" data-end=\"3360\" \/>\u2013 Khi d\u00f9ng, \u0111\u1ec3 ra ngo\u00e0i nhi\u1ec7t \u0111\u1ed9 ph\u00f2ng 10\u201315 ph\u00fat \u0111\u1ec3 ph\u00f4 mai \u0111\u1ea1t \u0111\u1ed9 m\u1ec1m t\u1ef1 nhi\u00ean.<br data-start=\"3441\" data-end=\"3444\" \/>\u2013 Sau khi m\u1edf g\u00f3i, d\u00f9ng h\u1ebft trong ng\u00e0y \u0111\u1ec3 gi\u1eef tr\u1ecdn h\u01b0\u01a1ng v\u1ecb chu\u1ea9n \u00dd.<br data-start=\"3511\" data-end=\"3514\" \/>\u2013 N\u1ebfu d\u00f9ng cho m\u00f3n n\u01b0\u1edbng, n\u00ean th\u1ea5m nh\u1eb9 b\u1edbt n\u01b0\u1edbc tr\u01b0\u1edbc khi r\u1ea3i l\u00ean b\u00e1nh \u0111\u1ec3 tr\u00e1nh ra n\u01b0\u1edbc khi n\u01b0\u1edbng.<\/p>\n<p data-start=\"3241\" data-end=\"3614\"><img loading=\"lazy\" decoding=\"async\" class=\"aligncenter  wp-image-42690\" src=\"https:\/\/havamall.com\/wp-content\/uploads\/2025\/10\/bocconcino_mozzarella_de_bufala_330g_1412_1_dff877f4d421314a8ca36aa237eb3f4b.webp\" alt=\"\" width=\"801\" height=\"801\" \/><\/p>\n<p data-start=\"3616\" data-end=\"3979\">T\u1eebng vi\u00ean ph\u00f4 mai tr\u1eafng ng\u00e0, tr\u00f2n tr\u1ecba c\u1ee7a\u00a0<strong data-start=\"3659\" data-end=\"3672\">Granarolo<\/strong>\u00a0kh\u00f4ng ch\u1ec9 l\u00e0 nguy\u00ean li\u1ec7u m\u00e0 c\u00f2n l\u00e0 l\u00e1t c\u1eaft nh\u1ecf c\u1ee7a v\u0103n h\u00f3a \u1ea9m th\u1ef1c \u00dd \u2013 gi\u1ea3n d\u1ecb nh\u01b0ng tinh t\u1ebf, thu\u1ea7n khi\u1ebft m\u00e0 \u0111\u1ea7y c\u1ea3m x\u00fac. Khi \u0111\u01b0\u1ee3c th\u01b0\u1edfng th\u1ee9c \u0111\u00fang c\u00e1ch, h\u01b0\u01a1ng v\u1ecb s\u1eefa tr\u00e2u b\u00e9o d\u1ecbu \u1ea5y khi\u1ebfn ng\u01b0\u1eddi ta c\u1ea3m nh\u1eadn r\u00f5 tinh th\u1ea7n \u201cLa Dolce Vita\u201d \u2013 s\u1ed1ng ch\u1eadm, t\u1eadn h\u01b0\u1edfng v\u00e0 tr\u00e2n tr\u1ecdng t\u1eebng chi ti\u1ebft nh\u1ecf trong b\u1eefa \u0103n.\u00a0<strong data-start=\"3981\" data-end=\"4061\">Ph\u00f4 Mai S\u1eefa Tr\u00e2u Nh\u1eadp Kh\u1ea9u \u00dd Granarolo 125g hi\u1ec7n \u0111ang \u0111\u01b0\u1ee3c b\u00e1n t\u1ea1i Havamall.<\/strong><\/p>","protected":false},"excerpt":{"rendered":"<p><b>L\u01afU \u00dd QUAN TR\u1eccNG V\u1ec0 GIAO H\u00c0NG<\/b><\/p>\n<ul>\n<li>\u0110\u1ec3 \u0111\u1ea3m b\u1ea3o ch\u1ea5t l\u01b0\u1ee3ng, c\u00e1c s\u1ea3n ph\u1ea9m tr\u00e1i c\u00e2y \u0111\u00f4ng l\u1ea1nh v\u00e0 \u0111\u1ed3 \u0111\u00f4ng l\u1ea1i\u00a0<b>ch\u1ec9 \u0111\u01b0\u1ee3c giao h\u1ecfa t\u1ed1c<\/b>\u00a0trong khu v\u1ef1c\u00a0<strong>TP.HCM<\/strong>.<\/li>\n<li><b>Ph\u00ed ship:<\/b>\n<ul>\n<li>D\u01b0\u1edbi 5km: 30.000\u20ab<\/li>\n<li>Tr\u00ean 5km: Ph\u00ed giao h\u00e0ng s\u1ebd t\u00ednh theo gi\u00e1 c\u1ee7a \u1ee9ng d\u1ee5ng d\u1ecbch v\u1ee5 v\u1eadn chuy\u1ec3n.<\/li>\n<\/ul>\n<\/li>\n<li><b>\u0110\u1ecba ch\u1ec9 c\u1eeda h\u00e0ng:<\/b>\u00a0H\u1ebbm 112, s\u1ed1 114A B\u1ea1ch \u0110\u1eb1ng, Ph\u01b0\u1eddng 2, Qu\u1eadn T\u00e2n B\u00ecnh. B\u1ea1n c\u00f3 th\u1ec3 ki\u1ec3m tra kho\u1ea3ng c\u00e1ch tr\u01b0\u1edbc khi \u0111\u1eb7t h\u00e0ng.<\/li>\n<li><b>Mi\u1ec5n ph\u00ed giao h\u00e0ng:<\/b>\u00a0\u00c1p d\u1ee5ng cho \u0111\u01a1n h\u00e0ng tr\u00e1i c\u00e2y \u0111\u00f4ng l\u1ea1nh t\u1eeb 4kg ho\u1eb7c c\u00f3 gi\u00e1 tr\u1ecb t\u1eeb 1.500.000\u20ab.<\/li>\n<\/ul>","protected":false},"featured_media":43097,"comment_status":"open","ping_status":"closed","template":"","meta":[],"product_brand":[],"product_cat":[672,275],"product_tag":[],"class_list":{"0":"post-43096","1":"product","2":"type-product","3":"status-publish","4":"has-post-thumbnail","6":"product_cat-nhap-khau-y","7":"product_cat-thuc-pham-dong-lanh","9":"first","10":"instock","11":"sale","12":"shipping-taxable","13":"purchasable","14":"product-type-simple"},"_links":{"self":[{"href":"https:\/\/havamall.vn\/en\/wp-json\/wp\/v2\/product\/43096"}],"collection":[{"href":"https:\/\/havamall.vn\/en\/wp-json\/wp\/v2\/product"}],"about":[{"href":"https:\/\/havamall.vn\/en\/wp-json\/wp\/v2\/types\/product"}],"replies":[{"embeddable":true,"href":"https:\/\/havamall.vn\/en\/wp-json\/wp\/v2\/comments?post=43096"}],"version-history":[{"count":0,"href":"https:\/\/havamall.vn\/en\/wp-json\/wp\/v2\/product\/43096\/revisions"}],"wp:featuredmedia":[{"embeddable":true,"href":"https:\/\/havamall.vn\/en\/wp-json\/wp\/v2\/media\/43097"}],"wp:attachment":[{"href":"https:\/\/havamall.vn\/en\/wp-json\/wp\/v2\/media?parent=43096"}],"wp:term":[{"taxonomy":"product_brand","embeddable":true,"href":"https:\/\/havamall.vn\/en\/wp-json\/wp\/v2\/product_brand?post=43096"},{"taxonomy":"product_cat","embeddable":true,"href":"https:\/\/havamall.vn\/en\/wp-json\/wp\/v2\/product_cat?post=43096"},{"taxonomy":"product_tag","embeddable":true,"href":"https:\/\/havamall.vn\/en\/wp-json\/wp\/v2\/product_tag?post=43096"}],"curies":[{"name":"wp","href":"https:\/\/api.w.org\/{rel}","templated":true}]}}