{"id":4277,"date":"2018-05-16T16:52:52","date_gmt":"2018-05-16T09:52:52","guid":{"rendered":"https:\/\/havamall.vn\/?post_type=product&#038;p=4277"},"modified":"2022-04-05T10:56:49","modified_gmt":"2022-04-05T03:56:49","slug":"dua-say-dole-dole-dried-pineapple-80g","status":"publish","type":"product","link":"https:\/\/havamall.vn\/en\/shop\/dua-say-dole-dole-dried-pineapple-80g\/","title":{"rendered":"D\u1ee9a S\u1ea5y Dole"},"content":{"rendered":"<p>Tr\u00e1i c\u00e2y nhi\u1ec7t \u0111\u1edbi s\u1ea5y Dole\u00a0\u0111\u01b0\u1ee3c l\u00e0m t\u1eeb 100% tr\u00e1i c\u00e2y t\u01b0\u01a1i, ngon. V\u1edbi h\u01b0\u01a1ng v\u1ecb tr\u00e1i c\u00e2y ng\u1ecdt, th\u01a1m n\u00ean s\u1ea3n ph\u1ea9m l\u00e0 m\u1ed9t trong nh\u1eefng m\u00f3n \u0103n v\u1eb7t ph\u1ed5 bi\u1ebfn c\u1ee7a gi\u1edbi tr\u1ebb hi\u1ec7n nay. S\u1ea3n ph\u1ea9m \u0111\u00e3 \u0111\u01b0\u1ee3c \u0111\u00f3ng g\u00f3i d\u1ea1ng t\u00fai c\u00f3 kh\u00f3a m\u00fat k\u00e9o c\u1ea9n th\u1eadn n\u00ean r\u1ea5t ti\u1ec7n l\u1ee3i khi b\u1ea3o qu\u1ea3n c\u0169ng nh\u01b0 th\u01b0\u1edfng th\u1ee9c. B\u00ean c\u1ea1nh \u0111\u00f3, s\u1ea3n ph\u1ea9m kh\u00f4ng s\u1eed d\u1ee5ng ch\u1ea5t ph\u1ee5 gia v\u00e0 m\u00e0u nh\u00e2n t\u1ea1o n\u00ean tuy\u1ec7t \u0111\u1ed1i an to\u00e0n \u0111\u1ed1i v\u1edbi s\u1ee9c kh\u1ecfe ng\u01b0\u1eddi s\u1eed d\u1ee5ng.<\/p>\n<p><img fetchpriority=\"high\" decoding=\"async\" class=\"wp-image-12555 aligncenter\" src=\"https:\/\/havamall.vn\/wp-content\/uploads\/2018\/05\/dole-dried-pineapple-best-price.jpg_300x300.jpg\" alt=\"\" width=\"367\" height=\"367\" srcset=\"https:\/\/havamall.vn\/wp-content\/uploads\/2018\/05\/dole-dried-pineapple-best-price.jpg_300x300.jpg 300w, https:\/\/havamall.vn\/wp-content\/uploads\/2018\/05\/dole-dried-pineapple-best-price.jpg_300x300-150x150.jpg 150w, https:\/\/havamall.vn\/wp-content\/uploads\/2018\/05\/dole-dried-pineapple-best-price.jpg_300x300-100x100.jpg 100w\" sizes=\"(max-width: 367px) 100vw, 367px\" \/><\/p>\n<p>Th\u00f4ng tin s\u1ea3n ph\u1ea9m<span class=\"panel-serial-number\">\u00a0<\/span><\/p>\n<div id=\"js-product-detail__specs\" class=\"product-detail__specs\">\n<div class=\"row\">\n<div class=\"col-sm-12\">\n<div class=\"product-specs__table\">\n<table>\n<tbody>\n<tr>\n<td class=\"specs-table__property\">Kh\u1ed1i l\u01b0\u1ee3ng<\/td>\n<td class=\"specs-table__value\">80g<\/td>\n<\/tr>\n<tr>\n<td class=\"specs-table__property\">Quy c\u00e1ch \u0111\u00f3ng g\u00f3i<\/td>\n<td class=\"specs-table__value\">G\u00f3i<\/td>\n<\/tr>\n<tr>\n<td class=\"specs-table__property\">Xu\u1ea5t x\u1ee9<\/td>\n<td class=\"specs-table__value\">Philippines<\/td>\n<\/tr>\n<tr>\n<td class=\"specs-table__property\">Ngu\u1ed3n g\u1ed1c<\/td>\n<td class=\"specs-table__value\">Nh\u1eadp kh\u1ea9u<\/td>\n<\/tr>\n<tr>\n<td class=\"specs-table__property\">H\u01b0\u1edbng d\u1eabn s\u1eed d\u1ee5ng<\/td>\n<td class=\"specs-table__value\">D\u00f9ng tr\u1ef1c ti\u1ebfp<\/td>\n<\/tr>\n<tr>\n<td class=\"specs-table__property\">Th\u00e0nh ph\u1ea7n nguy\u00ean li\u1ec7u<\/td>\n<td class=\"specs-table__value\">D\u1ee9a, \u0111u \u0111\u1ee7, xo\u00e0i, d\u1eeba non, \u0111\u01b0\u1eddng<\/td>\n<\/tr>\n<tr>\n<td class=\"specs-table__property\">H\u01b0\u1edbng d\u1eabn b\u1ea3o qu\u1ea3n<\/td>\n<td class=\"specs-table__value\">B\u1ea3o qu\u1ea3n n\u01a1i kh\u00f4 r\u00e1o tho\u00e1ng m\u00e1t, sau khi m\u1edf b\u00ec, b\u1ea3o qu\u1ea3n l\u1ea1nh \u0111\u1ec3 gi\u1eef h\u01b0\u01a1ng v\u1ecb t\u1ed1t, s\u1eed d\u1ee5ng trong hai ng\u00e0y<\/td>\n<\/tr>\n<\/tbody>\n<\/table>\n<\/div>\n<\/div>\n<\/div>\n<\/div>\n<p>&nbsp;<\/p>\n<p>&nbsp;<\/p>\n<p>&nbsp;<\/p>\n<p>&nbsp;<\/p>","protected":false},"excerpt":{"rendered":"<p>Tr\u00e1i c\u00e2y nhi\u1ec7t \u0111\u1edbi s\u1ea5y Dole\u00a0\u0111\u01b0\u1ee3c l\u00e0m t\u1eeb 100% tr\u00e1i c\u00e2y t\u01b0\u01a1i, ngon. V\u1edbi h\u01b0\u01a1ng v\u1ecb tr\u00e1i c\u00e2y ng\u1ecdt, th\u01a1m<\/p>","protected":false},"featured_media":4338,"comment_status":"open","ping_status":"closed","template":"","meta":[],"product_brand":[],"product_cat":[626],"product_tag":[],"class_list":{"0":"post-4277","1":"product","2":"type-product","3":"status-publish","4":"has-post-thumbnail","6":"product_cat-het-hang","7":"pa_brand-dole","9":"first","10":"outofstock","11":"sale","12":"shipping-taxable","13":"purchasable","14":"product-type-simple"},"_links":{"self":[{"href":"https:\/\/havamall.vn\/en\/wp-json\/wp\/v2\/product\/4277"}],"collection":[{"href":"https:\/\/havamall.vn\/en\/wp-json\/wp\/v2\/product"}],"about":[{"href":"https:\/\/havamall.vn\/en\/wp-json\/wp\/v2\/types\/product"}],"replies":[{"embeddable":true,"href":"https:\/\/havamall.vn\/en\/wp-json\/wp\/v2\/comments?post=4277"}],"version-history":[{"count":0,"href":"https:\/\/havamall.vn\/en\/wp-json\/wp\/v2\/product\/4277\/revisions"}],"wp:featuredmedia":[{"embeddable":true,"href":"https:\/\/havamall.vn\/en\/wp-json\/wp\/v2\/media\/4338"}],"wp:attachment":[{"href":"https:\/\/havamall.vn\/en\/wp-json\/wp\/v2\/media?parent=4277"}],"wp:term":[{"taxonomy":"product_brand","embeddable":true,"href":"https:\/\/havamall.vn\/en\/wp-json\/wp\/v2\/product_brand?post=4277"},{"taxonomy":"product_cat","embeddable":true,"href":"https:\/\/havamall.vn\/en\/wp-json\/wp\/v2\/product_cat?post=4277"},{"taxonomy":"product_tag","embeddable":true,"href":"https:\/\/havamall.vn\/en\/wp-json\/wp\/v2\/product_tag?post=4277"}],"curies":[{"name":"wp","href":"https:\/\/api.w.org\/{rel}","templated":true}]}}