{"id":4258,"date":"2018-05-16T16:01:03","date_gmt":"2018-05-16T09:01:03","guid":{"rendered":"https:\/\/havamall.vn\/?post_type=product&#038;p=4258"},"modified":"2019-11-14T16:14:16","modified_gmt":"2019-11-14T09:14:16","slug":"nuoc-tao-ep-co-thach-dua-dole-dole-island-apple-juice","status":"publish","type":"product","link":"https:\/\/havamall.vn\/en\/shop\/nuoc-tao-ep-co-thach-dua-dole-dole-island-apple-juice\/","title":{"rendered":"N\u01b0\u1edbc T\u00e1o \u00c9p C\u00f3 Th\u1ea1ch D\u1eeba Dole &#8211; Dole Island Apple Juice"},"content":{"rendered":"<p><strong>N\u01b0\u1edbc \u00e9p t\u00e1o c\u00f3 th\u1ea1ch d\u1eeba Dole<\/strong><strong>\u00a0<\/strong>\u0111\u01b0\u1ee3c s\u1ea3n xu\u1ea5t t\u1eeb th\u00e0nh ph\u1ea7n tr\u00e1i c\u00e2y v\u00e0 th\u1ea1ch t\u1ef1 nhi\u00ean, th\u01a1m ngon, b\u1ed5 d\u01b0\u1ee1ng, ph\u00f9 h\u1ee3p v\u1edbi kh\u1ea9u v\u1ecb c\u1ee7a ng\u01b0\u1eddi Vi\u1ec7t. S\u1ea3n ph\u1ea9m kh\u00f4ng ch\u1ee9a ph\u1ea9m m\u00e0u, kh\u00f4ng ch\u1ee9a h\u1ee3p ch\u1ea5t h\u00f3a h\u1ecdc, an to\u00e0n cho s\u1ee9c kh\u1ecfe ng\u01b0\u1eddi d\u00f9ng.\u00a0<strong>N\u01b0\u1edbc \u00e9p t\u00e1o c\u00f3 th\u1ea1ch d\u1eeba Dole<\/strong>\u00a0cung c\u1ea5p n\u01b0\u1edbc v\u00e0 c\u00e1c vitamin thi\u1ebft y\u1ebfu cho c\u01a1 th\u1ec3, mang l\u1ea1i cho b\u1ea1n v\u00f3c d\u00e1ng v\u00e0 l\u00e0n da ho\u00e0n h\u1ea3o. S\u1ea3n ph\u1ea9m kh\u00f4ng ch\u1ee9a cholesterol, t\u1ed1t cho s\u1ee9c kh\u1ecfe ng\u01b0\u1eddi ti\u00eau d\u00f9ng.<\/p>\n<p><strong>N\u01b0\u1edbc \u00e9p t\u00e1o c\u00f3 th\u1ea1ch d\u1eeba Dole<\/strong>\u00a0\u0111\u01b0\u1ee3c s\u1ea3n xu\u1ea5t tr\u00ean d\u00e2y chuy\u1ec1n c\u00f4ng ngh\u1ec7 hi\u1ec7n \u0111\u1ea1i, \u0111\u1ea3m b\u1ea3o an to\u00e0n v\u1ec7 sinh. S\u1ea3n ph\u1ea9m \u0111\u01b0\u1ee3c thi\u1ebft k\u1ebf d\u1ea1ng lon ti\u1ec7n d\u1ee5ng, d\u1ec5 mang theo khi du l\u1ecbch, d\u00e3 ngo\u1ea1i.<\/p>\n<p><img fetchpriority=\"high\" decoding=\"async\" class=\"wp-image-12558 aligncenter\" src=\"https:\/\/havamall.vn\/wp-content\/uploads\/2018\/05\/1475486891827_3932630-1000x700-300x210.jpg\" alt=\"\" width=\"526\" height=\"368\" srcset=\"https:\/\/havamall.vn\/wp-content\/uploads\/2018\/05\/1475486891827_3932630-1000x700-300x210.jpg 300w, https:\/\/havamall.vn\/wp-content\/uploads\/2018\/05\/1475486891827_3932630-1000x700-430x301.jpg 430w, https:\/\/havamall.vn\/wp-content\/uploads\/2018\/05\/1475486891827_3932630-1000x700-150x105.jpg 150w, https:\/\/havamall.vn\/wp-content\/uploads\/2018\/05\/1475486891827_3932630-1000x700-700x490.jpg 700w, https:\/\/havamall.vn\/wp-content\/uploads\/2018\/05\/1475486891827_3932630-1000x700-768x538.jpg 768w, https:\/\/havamall.vn\/wp-content\/uploads\/2018\/05\/1475486891827_3932630-1000x700-220x154.jpg 220w, https:\/\/havamall.vn\/wp-content\/uploads\/2018\/05\/1475486891827_3932630-1000x700-600x420.jpg 600w, https:\/\/havamall.vn\/wp-content\/uploads\/2018\/05\/1475486891827_3932630-1000x700.jpg 1000w\" sizes=\"(max-width: 526px) 100vw, 526px\" \/><\/p>\n<table>\n<tbody>\n<tr>\n<td class=\"specs-table__property\">Xu\u1ea5t x\u1ee9<\/td>\n<td class=\"specs-table__value\">Philippines<\/td>\n<\/tr>\n<tr>\n<td class=\"specs-table__property\">Quy c\u00e1ch \u0111\u00f3ng g\u00f3i<\/td>\n<td class=\"specs-table__value\">Lon<\/td>\n<\/tr>\n<tr>\n<td class=\"specs-table__property\">Dung t\u00edch<\/td>\n<td class=\"specs-table__value\">240ml<\/td>\n<\/tr>\n<tr>\n<td class=\"specs-table__property\">H\u01b0\u1edbng d\u1eabn b\u1ea3o qu\u1ea3n<\/td>\n<td class=\"specs-table__value\">N\u01a1i kh\u00f4 r\u00e1o tho\u00e1ng m\u00e1t, tr\u00e1nh \u00e1nh n\u1eafng m\u1eb7t tr\u1eddi, gi\u1eef l\u1ea1nh khi m\u1edf n\u1eafp<\/td>\n<\/tr>\n<tr>\n<td class=\"specs-table__property\">H\u01b0\u1edbng d\u1eabn s\u1eed d\u1ee5ng<\/td>\n<td class=\"specs-table__value\">D\u00f9ng tr\u1ef1c ti\u1ebfp, ngon h\u01a1n khi u\u1ed1ng l\u1ea1nh<\/td>\n<\/tr>\n<tr>\n<td class=\"specs-table__property\">Th\u00e0nh ph\u1ea7n nguy\u00ean li\u1ec7u<\/td>\n<td class=\"specs-table__value\">N\u01b0\u1edbc, \u0111\u01b0\u1eddng, n\u01b0\u1edbc t\u00e1o \u00e9p, n\u01b0\u1edbc d\u1ee9a c\u00f4 \u0111\u1eb7c, th\u1ea1ch d\u1eeba, h\u01b0\u01a1ng t\u00e1o, ch\u1ea5t \u0111i\u1ec1u ch\u1ec9nh \u0111\u1ed9 chua<\/td>\n<\/tr>\n<\/tbody>\n<\/table>\n<p>&nbsp;<\/p>\n<p>&nbsp;<\/p>\n<p>&nbsp;<\/p>","protected":false},"excerpt":{"rendered":"<p>N\u01b0\u1edbc \u00e9p t\u00e1o c\u00f3 th\u1ea1ch d\u1eeba Dole\u00a0\u0111\u01b0\u1ee3c s\u1ea3n xu\u1ea5t t\u1eeb th\u00e0nh ph\u1ea7n tr\u00e1i c\u00e2y v\u00e0 th\u1ea1ch t\u1ef1 nhi\u00ean, th\u01a1m ngon,<\/p>","protected":false},"featured_media":4259,"comment_status":"open","ping_status":"closed","template":"","meta":[],"product_brand":[],"product_cat":[626],"product_tag":[],"class_list":{"0":"post-4258","1":"product","2":"type-product","3":"status-publish","4":"has-post-thumbnail","6":"product_cat-het-hang","7":"pa_brand-dole","9":"first","10":"outofstock","11":"shipping-taxable","12":"purchasable","13":"product-type-simple"},"_links":{"self":[{"href":"https:\/\/havamall.vn\/en\/wp-json\/wp\/v2\/product\/4258"}],"collection":[{"href":"https:\/\/havamall.vn\/en\/wp-json\/wp\/v2\/product"}],"about":[{"href":"https:\/\/havamall.vn\/en\/wp-json\/wp\/v2\/types\/product"}],"replies":[{"embeddable":true,"href":"https:\/\/havamall.vn\/en\/wp-json\/wp\/v2\/comments?post=4258"}],"version-history":[{"count":0,"href":"https:\/\/havamall.vn\/en\/wp-json\/wp\/v2\/product\/4258\/revisions"}],"wp:featuredmedia":[{"embeddable":true,"href":"https:\/\/havamall.vn\/en\/wp-json\/wp\/v2\/media\/4259"}],"wp:attachment":[{"href":"https:\/\/havamall.vn\/en\/wp-json\/wp\/v2\/media?parent=4258"}],"wp:term":[{"taxonomy":"product_brand","embeddable":true,"href":"https:\/\/havamall.vn\/en\/wp-json\/wp\/v2\/product_brand?post=4258"},{"taxonomy":"product_cat","embeddable":true,"href":"https:\/\/havamall.vn\/en\/wp-json\/wp\/v2\/product_cat?post=4258"},{"taxonomy":"product_tag","embeddable":true,"href":"https:\/\/havamall.vn\/en\/wp-json\/wp\/v2\/product_tag?post=4258"}],"curies":[{"name":"wp","href":"https:\/\/api.w.org\/{rel}","templated":true}]}}