{"id":42489,"date":"2025-10-05T11:23:12","date_gmt":"2025-10-05T04:23:12","guid":{"rendered":"https:\/\/havamall.vn\/?post_type=product&#038;p=42489"},"modified":"2025-10-05T11:23:13","modified_gmt":"2025-10-05T04:23:13","slug":"keo-abekko-ramune-day-10-goi-4g-abekko-ramune-candy-stick-pack","status":"publish","type":"product","link":"https:\/\/havamall.vn\/en\/shop\/keo-abekko-ramune-day-10-goi-4g-abekko-ramune-candy-stick-pack\/","title":{"rendered":"K\u1eb9o Abekko Ramune D\u00e2y 10 G\u00f3i 4g \u2013 Abekko Ramune Candy Stick Pack"},"content":{"rendered":"<blockquote>\n<h2><em><strong>TH\u00d4NG TIN CHUNG<\/strong><\/em><\/h2>\n<\/blockquote>\n<table style=\"width: 46.5531%;height: 133px\">\n<tbody>\n<tr>\n<td><b>Th\u01b0\u01a1ng hi\u1ec7u<\/b><\/td>\n<td>Abekko<\/td>\n<\/tr>\n<tr>\n<td><b>Xu\u1ea5t x\u1ee9<\/b><\/td>\n<td>Nh\u1eadt B\u1ea3n<\/td>\n<\/tr>\n<tr>\n<td><b>Th\u00e0nh ph\u1ea7n<\/b><\/td>\n<td>Xem tr\u1ef1c ti\u1ebfp tr\u00ean bao b\u00ec<\/td>\n<\/tr>\n<tr>\n<td><b>H\u1ea1n s\u1eed d\u1ee5ng<\/b><\/td>\n<td>Xem tr\u1ef1c ti\u1ebfp tr\u00ean bao b\u00ec<\/td>\n<\/tr>\n<tr>\n<td><b>B\u1ea3o qu\u1ea3n<\/b><\/td>\n<td>B\u1ea3o qu\u1ea3n n\u01a1i kh\u00f4 r\u00e1o, tho\u00e1ng m\u00e1t<\/td>\n<\/tr>\n<tr>\n<td><b>Kh\u1ed1i l\u01b0\u1ee3ng<\/b><\/td>\n<td>D\u00e2y 10 G\u00f3i 4g<\/td>\n<\/tr>\n<\/tbody>\n<\/table>\n<p data-start=\"359\" data-end=\"715\">Gi\u1eefa v\u00f4 v\u00e0n m\u00f3n ng\u1ecdt d\u00e0nh cho tr\u1ebb em, c\u00f3 nh\u1eefng lo\u1ea1i k\u1eb9o kh\u00f4ng ch\u1ec9 khi\u1ebfn c\u00e1c b\u00e9 th\u00edch th\u00fa v\u00ec v\u1ecb ngon, m\u00e0 c\u00f2n \u0111\u01b0\u1ee3c y\u00eau th\u00edch b\u1edfi s\u1ef1 d\u1ec5 th\u01b0\u01a1ng v\u00e0 c\u00e1ch th\u01b0\u1edfng th\u1ee9c th\u00fa v\u1ecb. K\u1eb9o Abekko Ramune D\u00e2y 10 G\u00f3i 4g \u2013 Abekko Ramune Candy Stick Pack l\u00e0 m\u1ed9t trong nh\u1eefng m\u00f3n qu\u00e0 v\u1eb7t nh\u01b0 th\u1ebf: nh\u1ecf xinh, nh\u1eb9 nh\u00e0ng, nh\u01b0ng l\u1ea1i \u0111\u1ee7 s\u1ee9c khi\u1ebfn tr\u1ebb nh\u1ecf h\u00e1o h\u1ee9c m\u1ed7i l\u1ea7n \u0111\u01b0\u1ee3c b\u00f3c g\u00f3i.<\/p>\n<p data-start=\"717\" data-end=\"1117\">Xu\u1ea5t x\u1ee9 t\u1eeb Nh\u1eadt B\u1ea3n \u2013 n\u01a1i lu\u00f4n \u0111\u1eb7t ti\u00eau ch\u00ed an to\u00e0n, tinh t\u1ebf v\u00e0 ni\u1ec1m vui trong t\u1eebng m\u00f3n \u0103n \u2013 k\u1eb9o Abekko Ramune kh\u00f4ng ch\u1ec9 l\u00e0 m\u00f3n \u0103n v\u1eb7t, m\u00e0 c\u00f2n l\u00e0 m\u1ed9t ph\u1ea7n k\u00fd \u1ee9c tu\u1ed5i th\u01a1 c\u1ee7a nhi\u1ec1u th\u1ebf h\u1ec7 tr\u1ebb em Nh\u1eadt. Lo\u1ea1i k\u1eb9o n\u00e0y thu\u1ed9c d\u00f2ng\u00a0<strong data-start=\"941\" data-end=\"954\">\u201cdagashi\u201d<\/strong>\u00a0\u2013 nh\u1eefng m\u00f3n ng\u1ecdt truy\u1ec1n th\u1ed1ng, nh\u1ecf g\u1ecdn, gi\u00e1 d\u1ec5 ch\u1ecbu, th\u01b0\u1eddng \u0111\u01b0\u1ee3c b\u00e1n trong c\u00e1c c\u1eeda h\u00e0ng t\u1ea1p h\u00f3a \u0111\u1ecba ph\u01b0\u01a1ng, g\u1eafn li\u1ec1n v\u1edbi h\u00ecnh \u1ea3nh h\u1ed3n nhi\u00ean v\u00e0 \u1ea5m \u00e1p c\u1ee7a tu\u1ed5i nh\u1ecf.<\/p>\n<p data-start=\"717\" data-end=\"1117\"><img fetchpriority=\"high\" decoding=\"async\" class=\"aligncenter  wp-image-42513\" src=\"https:\/\/havamall.com\/wp-content\/uploads\/2025\/10\/w640_large-9f5d0071c9c3c68e5c97e28f826a4bda.jpg\" alt=\"\" width=\"801\" height=\"598\" \/><\/p>\n<p data-start=\"1119\" data-end=\"1486\">Abekko Ramune \u0111\u1eb7c bi\u1ec7t n\u1eb1m \u1edf\u00a0<strong data-start=\"1168\" data-end=\"1189\">k\u1ebft c\u1ea5u tan nhanh,\u00a0<\/strong>ch\u1ec9 c\u1ea7n \u0111\u1eb7t trong mi\u1ec7ng, vi\u00ean k\u1eb9o l\u1eadp t\u1ee9c tan ra m\u1ec1m m\u1ecbn nh\u01b0 b\u1ecdt soda, mang \u0111\u1ebfn c\u1ea3m gi\u00e1c m\u00e1t l\u1ea1nh v\u00e0 d\u1ec5 ch\u1ecbu. Kh\u00f4ng d\u00ednh r\u0103ng, kh\u00f4ng qu\u00e1 ng\u1ecdt g\u1eaft, v\u1ecb k\u1eb9o nh\u1eb9 nh\u00e0ng lan t\u1ecfa nh\u01b0 l\u00e0n gi\u00f3 m\u00f9a h\u00e8 \u2013 \u0111\u00f3 c\u0169ng l\u00e0 l\u00fd do n\u00f3 \u0111\u01b0\u1ee3c g\u1ecdi l\u00e0 \u201cRamune\u201d, l\u1ea5y c\u1ea3m h\u1ee9ng t\u1eeb lo\u1ea1i n\u01b0\u1edbc ng\u1ecdt s\u1ee7i b\u1ecdt n\u1ed5i ti\u1ebfng c\u1ee7a Nh\u1eadt.<\/p>\n<p data-start=\"1488\" data-end=\"1887\">M\u1ed7i d\u00e2y g\u1ed3m\u00a0<strong data-start=\"1500\" data-end=\"1514\">10 g\u00f3i nh\u1ecf<\/strong>, b\u00ean trong l\u00e0 c\u00e1c vi\u00ean k\u1eb9o v\u1edbi\u00a0<strong data-start=\"1546\" data-end=\"1573\">5 v\u1ecb tr\u00e1i c\u00e2y kh\u00e1c nhau<\/strong>: d\u00e2u, cam, chanh, nho v\u00e0 d\u01b0a l\u01b0\u1edbi, s\u1ef1 \u0111a d\u1ea1ng n\u00e0y kh\u00f4ng ch\u1ec9 gi\u00fap tr\u1ebb d\u1ec5 d\u00e0ng thay \u0111\u1ed5i kh\u1ea9u v\u1ecb m\u00e0 c\u00f2n k\u00edch th\u00edch v\u1ecb gi\u00e1c \u2013 \u0111i\u1ec1u r\u1ea5t c\u00f3 \u00edch \u0111\u1ed1i v\u1edbi nh\u1eefng b\u00e9 bi\u1ebfng \u0103n, ng\u1ea1i th\u1eed m\u00f3n m\u1edbi, vi\u1ec7c \u0111\u01b0\u1ee3c ch\u1ecdn l\u1ef1a h\u01b0\u01a1ng v\u1ecb y\u00eau th\u00edch m\u1ed7i l\u1ea7n b\u00f3c g\u00f3i t\u1ea1o c\u1ea3m gi\u00e1c vui nh\u01b0 m\u1ed9t tr\u00f2 ch\u01a1i nh\u1ecf, khi\u1ebfn vi\u1ec7c \u0103n tr\u1edf n\u00ean h\u1ee9ng th\u00fa h\u01a1n.<\/p>\n<p data-start=\"1488\" data-end=\"1887\"><img decoding=\"async\" class=\"aligncenter  wp-image-42514\" src=\"https:\/\/havamall.com\/wp-content\/uploads\/2025\/10\/1139eca4e50242ac110002.webp\" alt=\"\" width=\"800\" height=\"800\" \/><\/p>\n<p data-start=\"1889\" data-end=\"2360\">Kh\u00f4ng ch\u1ec9 thu h\u00fat b\u1edfi h\u01b0\u01a1ng v\u1ecb,\u00a0<strong>Abekko Ramune<\/strong>\u00a0c\u00f2n \u0111\u01b0\u1ee3c y\u00eau th\u00edch nh\u1edd\u00a0<strong data-start=\"1958\" data-end=\"1982\">th\u00e0nh ph\u1ea7n l\u00e0nh t\u00ednh,\u00a0<\/strong>k\u1eb9o \u0111\u01b0\u1ee3c l\u00e0m t\u1eeb \u0111\u01b0\u1eddng glucose, tinh b\u1ed9t ng\u00f4 v\u00e0 h\u01b0\u01a1ng li\u1ec7u t\u1ef1 nhi\u00ean. M\u00e0u s\u1eafc trong t\u1eebng vi\u00ean k\u1eb9o kh\u00f4ng \u0111\u1ebfn t\u1eeb ph\u1ea9m m\u00e0u c\u00f4ng nghi\u1ec7p m\u00e0 t\u1eeb\u00a0<strong data-start=\"2120\" data-end=\"2143\">chi\u1ebft xu\u1ea5t th\u1ef1c v\u1eadt<\/strong>\u00a0nh\u01b0 anthocyanin (nho t\u00edm), gardenia (m\u00e0u xanh), annatto (m\u00e0u cam) v\u00e0 spirulina (m\u00e0u lam t\u1ef1 nhi\u00ean). Ch\u00ednh nh\u1edd v\u1eady m\u00e0 Abekko Ramune \u0111\u01b0\u1ee3c \u0111\u00e1nh gi\u00e1 l\u00e0 lo\u1ea1i k\u1eb9o\u00a0<strong data-start=\"2300\" data-end=\"2357\">an to\u00e0n, kh\u00f4ng ch\u1ee9a ch\u1ea5t b\u1ea3o qu\u1ea3n hay d\u1ecb \u1ee9ng ph\u1ed5 bi\u1ebfn<\/strong>.<\/p>\n<p data-start=\"1889\" data-end=\"2360\"><img decoding=\"async\" class=\"aligncenter  wp-image-42515\" src=\"https:\/\/havamall.com\/wp-content\/uploads\/2025\/10\/131315491_1083937835459584_8877658025815381250_n.jpg\" alt=\"\" width=\"800\" height=\"800\" \/><\/p>\n<p data-start=\"2362\" data-end=\"2741\">M\u1ed9t \u0111i\u1ec3m \u0111\u00e1ng ch\u00fa \u00fd kh\u00e1c l\u00e0\u00a0<strong data-start=\"2390\" data-end=\"2423\">h\u00e0m l\u01b0\u1ee3ng n\u0103ng l\u01b0\u1ee3ng v\u1eeba ph\u1ea3i<\/strong>. M\u1ed7i g\u00f3i 4g ch\u1ec9 ch\u1ee9a kho\u1ea3ng 15\u201320 kcal, g\u1ea7n nh\u01b0 kh\u00f4ng c\u00f3 ch\u1ea5t b\u00e9o v\u00e0 protein. \u0110i\u1ec1u n\u00e0y gi\u00fap cha m\u1eb9 y\u00ean t\u00e2m khi cho tr\u1ebb \u0103n m\u00e0 kh\u00f4ng lo v\u01b0\u1ee3t qu\u00e1 l\u01b0\u1ee3ng \u0111\u01b0\u1eddng khuy\u1ebfn ngh\u1ecb trong ng\u00e0y. V\u1edbi c\u1ea5u tr\u00fac k\u1eb9o tan nhanh, Abekko Ramune c\u0169ng kh\u00f4ng g\u00e2y nguy c\u01a1 h\u00f3c ho\u1eb7c d\u00ednh r\u0103ng, ph\u00f9 h\u1ee3p cho tr\u1ebb nh\u1ecf d\u01b0\u1edbi s\u1ef1 gi\u00e1m s\u00e1t c\u1ee7a ng\u01b0\u1eddi l\u1edbn.<\/p>\n<p data-start=\"2362\" data-end=\"2741\"><img loading=\"lazy\" decoding=\"async\" class=\"aligncenter  wp-image-42490\" src=\"https:\/\/havamall.com\/wp-content\/uploads\/2025\/10\/o0810108014838055741.jpg\" alt=\"\" width=\"800\" height=\"1067\" srcset=\"https:\/\/havamall.vn\/wp-content\/uploads\/2025\/10\/o0810108014838055741.jpg 810w, https:\/\/havamall.vn\/wp-content\/uploads\/2025\/10\/o0810108014838055741-225x300.jpg 225w, https:\/\/havamall.vn\/wp-content\/uploads\/2025\/10\/o0810108014838055741-600x800.jpg 600w, https:\/\/havamall.vn\/wp-content\/uploads\/2025\/10\/o0810108014838055741-768x1024.jpg 768w, https:\/\/havamall.vn\/wp-content\/uploads\/2025\/10\/o0810108014838055741-9x12.jpg 9w, https:\/\/havamall.vn\/wp-content\/uploads\/2025\/10\/o0810108014838055741-430x573.jpg 430w, https:\/\/havamall.vn\/wp-content\/uploads\/2025\/10\/o0810108014838055741-700x933.jpg 700w, https:\/\/havamall.vn\/wp-content\/uploads\/2025\/10\/o0810108014838055741-150x200.jpg 150w\" sizes=\"(max-width: 800px) 100vw, 800px\" \/><\/p>\n<p data-start=\"2743\" data-end=\"3169\">Nhi\u1ec1u ph\u1ee5 huynh t\u1ea1i Nh\u1eadt xem Abekko Ramune nh\u01b0\u00a0<strong data-start=\"2790\" data-end=\"2834\">m\u1ed9t \u201cm\u1eb9o nh\u1ecf\u201d gi\u00fap tr\u1ebb \u0103n ngon mi\u1ec7ng h\u01a1n<\/strong>. Khi b\u00e9 bi\u1ebfng \u0103n, vi\u1ec7c cho ng\u1eadm m\u1ed9t vi\u00ean k\u1eb9o Ramune v\u1ecb chanh ho\u1eb7c d\u00e2u tr\u01b0\u1edbc b\u1eefa \u0103n c\u00f3 th\u1ec3 k\u00edch th\u00edch v\u1ecb gi\u00e1c, t\u1ea1o c\u1ea3m gi\u00e1c th\u00e8m \u0103n nh\u1eb9. Tuy nhi\u00ean, \u0111\u00e2y kh\u00f4ng ph\u1ea3i l\u00e0 k\u1eb9o dinh d\u01b0\u1ee1ng hay thu\u1ed1c h\u1ed7 tr\u1ee3 ti\u00eau h\u00f3a \u2013 n\u00ean li\u1ec1u l\u01b0\u1ee3ng lu\u00f4n c\u1ea7n \u0111i\u1ec1u ch\u1ec9nh h\u1ee3p l\u00fd. Tr\u1ebb t\u1eeb 2 tu\u1ed5i tr\u1edf l\u00ean c\u00f3 th\u1ec3 \u0103n 1\u20132 vi\u00ean m\u1ed7i l\u1ea7n, kh\u00f4ng qu\u00e1 3\u20134 g\u00f3i nh\u1ecf m\u1ed7i ng\u00e0y.<\/p>\n<p data-start=\"2743\" data-end=\"3169\"><img loading=\"lazy\" decoding=\"async\" class=\"aligncenter size-full wp-image-42516\" src=\"https:\/\/havamall.com\/wp-content\/uploads\/2025\/10\/000000005250_7MAO1X1.jpg\" alt=\"\" width=\"800\" height=\"800\" \/><\/p>\n<p data-start=\"3171\" data-end=\"3501\">Kh\u00f4ng ch\u1ec9 d\u00e0nh cho tr\u1ebb nh\u1ecf, Abekko Ramune c\u0169ng \u0111\u01b0\u1ee3c nhi\u1ec1u ng\u01b0\u1eddi l\u1edbn y\u00eau th\u00edch b\u1edfi c\u1ea3m gi\u00e1c \u201cho\u00e0i ni\u1ec7m\u201d m\u00e0 n\u00f3 mang l\u1ea1i. V\u1ecb ng\u1ecdt d\u1ecbu, h\u01b0\u01a1ng tr\u00e1i c\u00e2y t\u1ef1 nhi\u00ean c\u00f9ng bao b\u00ec \u0111\u1ea7y m\u00e0u s\u1eafc d\u1ec5 th\u01b0\u01a1ng \u2013 t\u1ea5t c\u1ea3 khi\u1ebfn m\u00f3n k\u1eb9o n\u00e0y tr\u1edf th\u00e0nh m\u1ed9t l\u1ef1a ch\u1ecdn l\u00fd t\u01b0\u1edfng \u0111\u1ec3 chia s\u1ebb trong gia \u0111\u00ecnh, ho\u1eb7c nh\u01b0 m\u1ed9t m\u00f3n qu\u00e0 nh\u1ecf g\u1eedi \u0111\u1ebfn ng\u01b0\u1eddi th\u00e2n, b\u1ea1n b\u00e8.<\/p>\n<p data-start=\"4321\" data-end=\"4585\">K\u1eb9o Abekko Ramune D\u00e2y 10 G\u00f3i 4g \u2013 Abekko Ramune Candy Stick Pack mang \u0111\u1ebfn ni\u1ec1m vui gi\u1ea3n d\u1ecb, tr\u1ecdn v\u1eb9n v\u00e0 \u0111\u00e1ng tin c\u1eady t\u1eeb x\u1ee9 s\u1edf hoa anh \u0111\u00e0o \u2013 m\u1ed9t m\u00f3n ng\u1ecdt nh\u1ecf, nh\u01b0ng \u0111\u1ee7 khi\u1ebfn m\u1ed7i kho\u1ea3nh kh\u1eafc tr\u1edf n\u00ean nh\u1eb9 nh\u00e0ng v\u00e0 vui t\u01b0\u01a1i h\u01a1n.<br data-start=\"4544\" data-end=\"4547\" \/>Hi\u1ec7n \u0111ang \u0111\u01b0\u1ee3c b\u00e1n t\u1ea1i\u00a0<strong data-start=\"4570\" data-end=\"4582\">Havamall<\/strong>.<\/p>","protected":false},"excerpt":{"rendered":"<h3>\u0110\u1eccC K\u1ef8 ~ Ch\u00ednh s\u00e1ch giao h\u00e0ng t\u1ea1i Havamall<\/h3>\n<h4><b>1. Giao h\u00e0ng t\u1ea1i TP.HCM<\/b><\/h4>\n<ul>\n<li><b>\u0110\u1ed3 kh\u00f4 (Giao trong 1-2 ng\u00e0y sau khi \u0111\u01b0\u1ee3c g\u1ecdi x\u00e1c nh\u1eadn \u0111\u01a1n):<\/b>\n<ul>\n<li><b>Mi\u1ec5n ph\u00ed ship<\/b>\u00a0v\u1edbi \u0111\u01a1n\u00a0<em><strong>tr\u00ean 500.000\u20ab.\u00a0<\/strong>C<\/em>\u00e1c \u0111\u01a1n\u00a0<strong><em>d\u01b0\u1edbi 500.000\u20ab<\/em><\/strong>, ph\u00ed ship l\u00e0\u00a0<b>30.000\u20ab<\/b>.\u00a0<strong>Kh\u00f4ng \u00e1p d\u1ee5ng cho \u0111\u01a1n s\u1ec9, \u0111\u01a1n h\u00e0ng tr\u00ean 10kg, \u0111\u1ed3 \u0111\u00f4ng l\u1ea1nh ho\u1eb7c tr\u00e1i c\u00e2y.<\/strong><\/li>\n<\/ul>\n<\/li>\n<\/ul>\n<h4><b>2. Giao h\u00e0ng to\u00e0n qu\u1ed1c ( Ch\u1ec9\u00a0<\/b><b>\u0110\u1ed3 kh\u00f4: nh\u1eadn h\u00e0ng sau 3 \u2013 5 ng\u00e0y)<\/b><\/h4>\n<ul>\n<li><em>*Kh\u00f4ng \u00e1p d\u1ee5ng cho \u0111\u01a1n s\u1ec9, \u0111\u01a1n h\u00e0ng tr\u00ean 10kg*:\u00a0<\/em>Ph\u00ed ship m\u1eb7c \u0111\u1ecbnh\u00a0<b>30.000\u20ab.\u00a0<\/b>\u0110\u01a1n h\u00e0ng\u00a0<strong><em>tr\u00ean 2.000.000\u20ab ch\u1ec9 ch\u1ea5p nh\u1eadn thanh to\u00e1n chuy\u1ec3n kho\u1ea3n.<\/em><\/strong><\/li>\n<\/ul>\n<h4><b>3. L\u01b0u \u00fd chung<\/b><\/h4>\n<ul>\n<li>C\u00e1c m\u1eb7t h\u00e0ng c\u1ed3ng k\u1ec1nh, n\u1eb7ng tr\u00ean 5kg c\u00f3 th\u1ec3 ph\u00e1t sinh ph\u1ee5 ph\u00ed.<\/li>\n<li>M\u1ecdi th\u1eafc m\u1eafc kh\u00e1c vui l\u00f2ng li\u00ean h\u1ec7\u00a0<b>Hotline: 0946229642<\/b>\u00a0\u0111\u1ec3 \u0111\u01b0\u1ee3c h\u1ed7 tr\u1ee3.<\/li>\n<\/ul>","protected":false},"featured_media":42491,"comment_status":"open","ping_status":"closed","template":"","meta":[],"product_brand":[],"product_cat":[675,133],"product_tag":[],"class_list":{"0":"post-42489","1":"product","2":"type-product","3":"status-publish","4":"has-post-thumbnail","6":"product_cat-nhap-khau-nhat-ban","7":"product_cat-banh-keo-chocolate","9":"first","10":"instock","11":"sale","12":"shipping-taxable","13":"purchasable","14":"product-type-simple"},"_links":{"self":[{"href":"https:\/\/havamall.vn\/en\/wp-json\/wp\/v2\/product\/42489"}],"collection":[{"href":"https:\/\/havamall.vn\/en\/wp-json\/wp\/v2\/product"}],"about":[{"href":"https:\/\/havamall.vn\/en\/wp-json\/wp\/v2\/types\/product"}],"replies":[{"embeddable":true,"href":"https:\/\/havamall.vn\/en\/wp-json\/wp\/v2\/comments?post=42489"}],"version-history":[{"count":0,"href":"https:\/\/havamall.vn\/en\/wp-json\/wp\/v2\/product\/42489\/revisions"}],"wp:featuredmedia":[{"embeddable":true,"href":"https:\/\/havamall.vn\/en\/wp-json\/wp\/v2\/media\/42491"}],"wp:attachment":[{"href":"https:\/\/havamall.vn\/en\/wp-json\/wp\/v2\/media?parent=42489"}],"wp:term":[{"taxonomy":"product_brand","embeddable":true,"href":"https:\/\/havamall.vn\/en\/wp-json\/wp\/v2\/product_brand?post=42489"},{"taxonomy":"product_cat","embeddable":true,"href":"https:\/\/havamall.vn\/en\/wp-json\/wp\/v2\/product_cat?post=42489"},{"taxonomy":"product_tag","embeddable":true,"href":"https:\/\/havamall.vn\/en\/wp-json\/wp\/v2\/product_tag?post=42489"}],"curies":[{"name":"wp","href":"https:\/\/api.w.org\/{rel}","templated":true}]}}