{"id":42472,"date":"2025-10-04T15:40:07","date_gmt":"2025-10-04T08:40:07","guid":{"rendered":"https:\/\/havamall.vn\/?post_type=product&#038;p=42472"},"modified":"2025-10-04T15:40:09","modified_gmt":"2025-10-04T08:40:09","slug":"mat-ong-nguyen-chat-nhat-ban-chai-250g-pure-honey-japan","status":"publish","type":"product","link":"https:\/\/havamall.vn\/en\/shop\/mat-ong-nguyen-chat-nhat-ban-chai-250g-pure-honey-japan\/","title":{"rendered":"M\u1eadt Ong Nguy\u00ean Ch\u1ea5t Nh\u1eadt B\u1ea3n Chai 250g \u2013 Pure Honey Japan"},"content":{"rendered":"<blockquote>\n<h2><em><strong>TH\u00d4NG TIN CHUNG<\/strong><\/em><\/h2>\n<\/blockquote>\n<table>\n<tbody>\n<tr>\n<td><b>Xu\u1ea5t x\u1ee9<\/b><\/td>\n<td>Nh\u1eadt B\u1ea3n<\/td>\n<\/tr>\n<tr>\n<td><b>Th\u00e0nh ph\u1ea7n<\/b><\/td>\n<td>Xem tr\u1ef1c ti\u1ebfp tr\u00ean bao b\u00ec<\/td>\n<\/tr>\n<tr>\n<td><b>H\u1ea1n s\u1eed d\u1ee5ng<\/b><\/td>\n<td>Xem tr\u1ef1c ti\u1ebfp tr\u00ean bao b\u00ec<\/td>\n<\/tr>\n<tr>\n<td><b>B\u1ea3o qu\u1ea3n<\/b><\/td>\n<td>B\u1ea3o qu\u1ea3n n\u01a1i kh\u00f4 r\u00e1o, tho\u00e1ng m\u00e1t<\/td>\n<\/tr>\n<tr>\n<td><b>Kh\u1ed1i l\u01b0\u1ee3ng<\/b><\/td>\n<td>250g<\/td>\n<\/tr>\n<\/tbody>\n<\/table>\n<p data-start=\"314\" data-end=\"748\">Trong th\u1ebf gi\u1edbi \u1ea9m th\u1ef1c v\u00e0 dinh d\u01b0\u1ee1ng, m\u1eadt ong lu\u00f4n \u0111\u01b0\u1ee3c xem l\u00e0 m\u00f3n qu\u00e0 tinh t\u00fay thi\u00ean nhi\u00ean ban t\u1eb7ng. V\u1ecb ng\u1ecdt thanh, h\u01b0\u01a1ng th\u01a1m d\u1ecbu c\u00f9ng gi\u00e1 tr\u1ecb dinh d\u01b0\u1ee1ng d\u1ed3i d\u00e0o khi\u1ebfn m\u1eadt ong tr\u1edf th\u00e0nh nguy\u00ean li\u1ec7u v\u1eeba quen thu\u1ed9c v\u1eeba cao c\u1ea5p, \u0111\u1eb7c bi\u1ec7t, m\u1eadt ong nguy\u00ean ch\u1ea5t Nh\u1eadt B\u1ea3n mang \u0111\u1ebfn s\u1ef1 y\u00ean t\u00e2m nh\u1edd quy tr\u00ecnh nu\u00f4i ong, thu ho\u1ea1ch v\u00e0 \u0111\u00f3ng g\u00f3i \u0111\u01b0\u1ee3c th\u1ef1c hi\u1ec7n nghi\u00eam ng\u1eb7t, \u0111\u1ea3m b\u1ea3o gi\u1eef nguy\u00ean v\u1eb9n s\u1ef1 tinh khi\u1ebft v\u00e0 ch\u1ea5t l\u01b0\u1ee3ng trong t\u1eebng gi\u1ecdt m\u1eadt.<\/p>\n<p data-start=\"314\" data-end=\"748\"><img fetchpriority=\"high\" decoding=\"async\" class=\"aligncenter  wp-image-42478\" src=\"https:\/\/havamall.com\/wp-content\/uploads\/2025\/10\/DSC_2744.webp\" alt=\"\" width=\"801\" height=\"534\" \/><\/p>\n<p data-start=\"750\" data-end=\"1033\">M\u1eadt ong Nh\u1eadt n\u1ed5i b\u1eadt b\u1edfi m\u00e0u v\u00e0ng \u00f3ng trong, v\u1ecb ng\u1ecdt thanh kh\u00f4ng g\u1eaft, c\u00f3 h\u1eadu v\u1ecb d\u1ecbu nh\u1eb9 v\u00e0 h\u01b0\u01a1ng th\u01a1m t\u1ef1 nhi\u00ean, \u0111\u00e2y kh\u00f4ng ch\u1ec9 l\u00e0 ch\u1ea5t t\u1ea1o ng\u1ecdt an to\u00e0n thay th\u1ebf \u0111\u01b0\u1eddng tinh luy\u1ec7n m\u00e0 c\u00f2n l\u00e0 ngu\u1ed3n dinh d\u01b0\u1ee1ng qu\u00fd gi\u00e1, \u0111\u01b0\u1ee3c s\u1eed d\u1ee5ng r\u1ed9ng r\u00e3i t\u1eeb \u1ea9m th\u1ef1c cho \u0111\u1ebfn ch\u0103m s\u00f3c s\u1ee9c kh\u1ecfe, s\u1eafc \u0111\u1eb9p.<\/p>\n<blockquote>\n<h3 data-start=\"1035\" data-end=\"1092\"><span style=\"font-size: 18pt\"><strong><em>Gi\u00e1 tr\u1ecb dinh d\u01b0\u1ee1ng c\u1ee7a m\u1eadt ong nguy\u00ean ch\u1ea5t Nh\u1eadt B\u1ea3n<\/em><\/strong><\/span><\/h3>\n<\/blockquote>\n<p data-start=\"1093\" data-end=\"1488\">\u2013 \u0110\u01b0\u1eddng t\u1ef1 nhi\u00ean (fructose, glucose) gi\u00fap b\u1ed5 sung n\u0103ng l\u01b0\u1ee3ng nhanh ch\u00f3ng.<br data-start=\"1256\" data-end=\"1259\" \/>\u2013 Enzyme t\u1ef1 nhi\u00ean h\u1ed7 tr\u1ee3 ti\u00eau h\u00f3a v\u00e0 t\u0103ng c\u01b0\u1eddng trao \u0111\u1ed5i ch\u1ea5t.<br data-start=\"1321\" data-end=\"1324\" \/>\u2013 C\u00e1c vitamin nh\u00f3m B, vitamin C, c\u00f9ng kho\u00e1ng ch\u1ea5t nh\u01b0 s\u1eaft, kali, magie c\u00f3 l\u1ee3i cho s\u1ee9c kh\u1ecfe.<br data-start=\"1415\" data-end=\"1418\" \/>\u2013 Ch\u1ea5t ch\u1ed1ng oxy h\u00f3a t\u1ef1 nhi\u00ean gi\u00fap ng\u0103n ng\u1eeba l\u00e3o h\u00f3a, b\u1ea3o v\u1ec7 t\u1ebf b\u00e0o.<\/p>\n<p data-start=\"1093\" data-end=\"1488\"><img decoding=\"async\" class=\"aligncenter  wp-image-42480\" src=\"https:\/\/havamall.com\/wp-content\/uploads\/2025\/10\/96397355_3261147670564991_1309324314943684608_n.jpg\" alt=\"\" width=\"801\" height=\"534\" \/><\/p>\n<blockquote>\n<h3 data-start=\"1585\" data-end=\"1622\"><strong><em>\u1ee8ng d\u1ee5ng \u0111a d\u1ea1ng trong \u0111\u1eddi s\u1ed1ng<\/em><\/strong><\/h3>\n<\/blockquote>\n<p data-start=\"1623\" data-end=\"2116\">\u2013 Pha c\u00f9ng n\u01b0\u1edbc \u1ea5m \u0111\u1ec3 kh\u1edfi \u0111\u1ea7u ng\u00e0y m\u1edbi nh\u1eb9 nh\u00e0ng, thanh l\u1ecdc c\u01a1 th\u1ec3.<br data-start=\"1764\" data-end=\"1767\" \/>\u2013 K\u1ebft h\u1ee3p v\u1edbi chanh, g\u1eebng th\u00e0nh th\u1ee9c u\u1ed1ng t\u0103ng \u0111\u1ec1 kh\u00e1ng, h\u1ed7 tr\u1ee3 gi\u1ea3m ho, \u0111au h\u1ecdng.<br data-start=\"1849\" data-end=\"1852\" \/>\u2013 D\u00f9ng l\u00e0m ch\u1ea5t t\u1ea1o ng\u1ecdt t\u1ef1 nhi\u00ean trong tr\u00e0, c\u00e0 ph\u00ea, sinh t\u1ed1 ho\u1eb7c n\u01b0\u1edbc \u00e9p tr\u00e1i c\u00e2y.<br data-start=\"1935\" data-end=\"1938\" \/>\u2013 Ph\u1ebft tr\u1ef1c ti\u1ebfp l\u00ean b\u00e1nh m\u00ec, pancake, b\u00e1nh ng\u0169 c\u1ed1c, mang l\u1ea1i b\u1eefa s\u00e1ng gi\u00e0u n\u0103ng l\u01b0\u1ee3ng.<br data-start=\"2025\" data-end=\"2028\" \/>\u2013 S\u1eed d\u1ee5ng trong ch\u1ebf bi\u1ebfn c\u00e1c m\u00f3n n\u01b0\u1edbng, tr\u00e1ng mi\u1ec7ng, n\u01b0\u1edbc s\u1ed1t gi\u00fap m\u00f3n \u0103n th\u00eam \u0111\u1eadm \u0111\u00e0.<br \/>\n\u2013 \u0110\u1eafp m\u1eb7t n\u1ea1 m\u1eadt ong v\u1edbi s\u1eefa chua hay b\u1ed9t y\u1ebfn m\u1ea1ch gi\u00fap d\u01b0\u1ee1ng \u1ea9m, l\u00e0m d\u1ecbu da v\u00e0 h\u1ed7 tr\u1ee3 kh\u00e1ng khu\u1ea9n t\u1ef1 nhi\u00ean.<\/p>\n<p data-start=\"1623\" data-end=\"2116\"><img decoding=\"async\" class=\"aligncenter  wp-image-42479\" src=\"https:\/\/havamall.com\/wp-content\/uploads\/2025\/10\/chanh-mat-ong-1249-1656395868.webp\" alt=\"\" width=\"801\" height=\"534\" \/><\/p>\n<blockquote>\n<h3 data-start=\"2285\" data-end=\"2328\"><em><strong>Nh\u1eefng l\u00fd do n\u00ean ch\u1ecdn m\u1eadt ong Nh\u1eadt B\u1ea3n<\/strong><\/em><\/h3>\n<\/blockquote>\n<p data-start=\"2329\" data-end=\"2619\">\u2013 Quy tr\u00ecnh nu\u00f4i ong s\u1ea1ch, kh\u00f4ng h\u00f3a ch\u1ea5t, kh\u00f4ng pha t\u1ea1p.<br data-start=\"2437\" data-end=\"2440\" \/>\u2013 Ki\u1ec3m \u0111\u1ecbnh nghi\u00eam ng\u1eb7t trong t\u1eebng kh\u00e2u s\u1ea3n xu\u1ea5t, \u0111\u00f3ng g\u00f3i.<br data-start=\"2499\" data-end=\"2502\" \/>\u2013 H\u01b0\u01a1ng v\u1ecb tinh khi\u1ebft, \u1ed5n \u0111\u1ecbnh, kh\u00f4ng l\u1eabn t\u1ea1p ch\u1ea5t.<br data-start=\"2553\" data-end=\"2556\" \/>\u2013 Bao b\u00ec ti\u1ec7n d\u1ee5ng, d\u1ec5 b\u1ea3o qu\u1ea3n, gi\u1eef tr\u1ecdn ch\u1ea5t l\u01b0\u1ee3ng d\u00e0i l\u00e2u.<\/p>\n<p data-start=\"2329\" data-end=\"2619\"><img loading=\"lazy\" decoding=\"async\" class=\"aligncenter\" src=\"https:\/\/havamall.com\/wp-content\/uploads\/2025\/10\/c35af3abe56c66bc03973c6fb01cfcc41.jpg\" alt=\"Honey tteokbokki snack\" width=\"803\" height=\"452\" \/><\/p>\n<blockquote>\n<h3 data-start=\"2774\" data-end=\"2816\"><em><strong>G\u1ee3i \u00fd s\u1eed d\u1ee5ng \u0111\u1ec3 \u0111\u1ea1t hi\u1ec7u qu\u1ea3 t\u1ed1i \u01b0u<\/strong><\/em><\/h3>\n<\/blockquote>\n<p data-start=\"2817\" data-end=\"3006\">\u2013 Kh\u00f4ng pha m\u1eadt ong v\u1edbi n\u01b0\u1edbc qu\u00e1 n\u00f3ng \u0111\u1ec3 tr\u00e1nh m\u1ea5t d\u01b0\u1ee1ng ch\u1ea5t.<br data-start=\"2879\" data-end=\"2882\" \/>\u2013 B\u1ea3o qu\u1ea3n n\u01a1i kh\u00f4 r\u00e1o, tho\u00e1ng m\u00e1t, tr\u00e1nh \u00e1nh n\u1eafng tr\u1ef1c ti\u1ebfp.<br data-start=\"2943\" data-end=\"2946\" \/>\u2013 D\u00f9ng m\u1ed7i ng\u00e0y 1\u20132 th\u00eca nh\u1ecf \u0111\u1ec3 b\u1ed5 sung dinh d\u01b0\u1ee1ng h\u1ee3p l\u00fd.<\/p>\n<p data-start=\"3431\" data-end=\"3712\"><strong data-start=\"3431\" data-end=\"3482\">M\u1eadt Ong Nguy\u00ean Ch\u1ea5t Nh\u1eadt B\u1ea3n \u2013 Pure Honey Japan<\/strong>\u00a0l\u00e0 l\u1ef1a ch\u1ecdn l\u00fd t\u01b0\u1edfng cho s\u1ee9c kh\u1ecfe v\u00e0 \u1ea9m th\u1ef1c h\u00e0ng ng\u00e0y. V\u1ecb ng\u1ecdt thanh, h\u01b0\u01a1ng th\u01a1m t\u1ef1 nhi\u00ean c\u00f9ng gi\u00e1 tr\u1ecb dinh d\u01b0\u1ee1ng d\u1ed3i d\u00e0o khi\u1ebfn n\u00f3 tr\u1edf th\u00e0nh nguy\u00ean li\u1ec7u kh\u00f3 thay th\u1ebf trong m\u1ed7i c\u0103n b\u1ebfp. S\u1ea3n ph\u1ea9m hi\u1ec7n \u0111ang \u0111\u01b0\u1ee3c b\u00e1n t\u1ea1i Havamall.<\/p>","protected":false},"excerpt":{"rendered":"<h3>\u0110\u1eccC K\u1ef8 ~ Ch\u00ednh s\u00e1ch giao h\u00e0ng t\u1ea1i Havamall<\/h3>\n<h4><b>1. Giao h\u00e0ng t\u1ea1i TP.HCM<\/b><\/h4>\n<ul>\n<li><b>\u0110\u1ed3 kh\u00f4 (Giao trong 1-2 ng\u00e0y sau khi \u0111\u01b0\u1ee3c g\u1ecdi x\u00e1c nh\u1eadn \u0111\u01a1n):<\/b>\n<ul>\n<li><b>Mi\u1ec5n ph\u00ed ship<\/b>\u00a0v\u1edbi \u0111\u01a1n\u00a0<em><strong>tr\u00ean 500.000\u20ab.\u00a0<\/strong>C<\/em>\u00e1c \u0111\u01a1n\u00a0<strong><em>d\u01b0\u1edbi 500.000\u20ab<\/em><\/strong>, ph\u00ed ship l\u00e0\u00a0<b>30.000\u20ab<\/b>.\u00a0<strong>Kh\u00f4ng \u00e1p d\u1ee5ng cho \u0111\u01a1n s\u1ec9, \u0111\u01a1n h\u00e0ng tr\u00ean 10kg, \u0111\u1ed3 \u0111\u00f4ng l\u1ea1nh ho\u1eb7c tr\u00e1i c\u00e2y.<\/strong><\/li>\n<\/ul>\n<\/li>\n<\/ul>\n<h4><b>2. Giao h\u00e0ng to\u00e0n qu\u1ed1c ( Ch\u1ec9\u00a0<\/b><b>\u0110\u1ed3 kh\u00f4: nh\u1eadn h\u00e0ng sau 3 \u2013 5 ng\u00e0y)<\/b><\/h4>\n<ul>\n<li><em>*Kh\u00f4ng \u00e1p d\u1ee5ng cho \u0111\u01a1n s\u1ec9, \u0111\u01a1n h\u00e0ng tr\u00ean 10kg*:\u00a0<\/em>Ph\u00ed ship m\u1eb7c \u0111\u1ecbnh\u00a0<b>30.000\u20ab.\u00a0<\/b>\u0110\u01a1n h\u00e0ng\u00a0<strong><em>tr\u00ean 2.000.000\u20ab ch\u1ec9 ch\u1ea5p nh\u1eadn thanh to\u00e1n chuy\u1ec3n kho\u1ea3n.<\/em><\/strong><\/li>\n<\/ul>\n<h4><b>3. L\u01b0u \u00fd chung<\/b><\/h4>\n<ul>\n<li>C\u00e1c m\u1eb7t h\u00e0ng c\u1ed3ng k\u1ec1nh, n\u1eb7ng tr\u00ean 5kg c\u00f3 th\u1ec3 ph\u00e1t sinh ph\u1ee5 ph\u00ed.<\/li>\n<li>M\u1ecdi th\u1eafc m\u1eafc kh\u00e1c vui l\u00f2ng li\u00ean h\u1ec7\u00a0<b>Hotline: 0946229642<\/b>\u00a0\u0111\u1ec3 \u0111\u01b0\u1ee3c h\u1ed7 tr\u1ee3.<\/li>\n<\/ul>","protected":false},"featured_media":42473,"comment_status":"open","ping_status":"closed","template":"","meta":[],"product_brand":[],"product_cat":[255,675,154,131],"product_tag":[],"class_list":{"0":"post-42472","1":"product","2":"type-product","3":"status-publish","4":"has-post-thumbnail","6":"product_cat-nguyen-lieu-lam-banh","7":"product_cat-nhap-khau-nhat-ban","8":"product_cat-gia-vi","9":"product_cat-nguyen-lieu-lam-bep","11":"first","12":"instock","13":"sale","14":"shipping-taxable","15":"purchasable","16":"product-type-simple"},"_links":{"self":[{"href":"https:\/\/havamall.vn\/en\/wp-json\/wp\/v2\/product\/42472"}],"collection":[{"href":"https:\/\/havamall.vn\/en\/wp-json\/wp\/v2\/product"}],"about":[{"href":"https:\/\/havamall.vn\/en\/wp-json\/wp\/v2\/types\/product"}],"replies":[{"embeddable":true,"href":"https:\/\/havamall.vn\/en\/wp-json\/wp\/v2\/comments?post=42472"}],"version-history":[{"count":0,"href":"https:\/\/havamall.vn\/en\/wp-json\/wp\/v2\/product\/42472\/revisions"}],"wp:featuredmedia":[{"embeddable":true,"href":"https:\/\/havamall.vn\/en\/wp-json\/wp\/v2\/media\/42473"}],"wp:attachment":[{"href":"https:\/\/havamall.vn\/en\/wp-json\/wp\/v2\/media?parent=42472"}],"wp:term":[{"taxonomy":"product_brand","embeddable":true,"href":"https:\/\/havamall.vn\/en\/wp-json\/wp\/v2\/product_brand?post=42472"},{"taxonomy":"product_cat","embeddable":true,"href":"https:\/\/havamall.vn\/en\/wp-json\/wp\/v2\/product_cat?post=42472"},{"taxonomy":"product_tag","embeddable":true,"href":"https:\/\/havamall.vn\/en\/wp-json\/wp\/v2\/product_tag?post=42472"}],"curies":[{"name":"wp","href":"https:\/\/api.w.org\/{rel}","templated":true}]}}