{"id":42467,"date":"2025-10-04T14:59:45","date_gmt":"2025-10-04T07:59:45","guid":{"rendered":"https:\/\/havamall.vn\/?post_type=product&#038;p=42467"},"modified":"2026-02-25T09:07:55","modified_gmt":"2026-02-25T02:07:55","slug":"ruoc-ca-hoi-nhap-khau-nhat-ban-120g-japanese-salmon-flakes","status":"publish","type":"product","link":"https:\/\/havamall.vn\/en\/shop\/ruoc-ca-hoi-nhap-khau-nhat-ban-120g-japanese-salmon-flakes\/","title":{"rendered":"Ru\u1ed1c C\u00e1 H\u1ed3i Nh\u1eadp Kh\u1ea9u Nh\u1eadt B\u1ea3n 120g \u2013 Japanese Salmon Flakes"},"content":{"rendered":"<blockquote>\n<h2><em><strong>TH\u00d4NG TIN CHUNG<\/strong><\/em><\/h2>\n<\/blockquote>\n<table style=\"width: 56.3899%;height: 161px\">\n<tbody>\n<tr>\n<td><b>Xu\u1ea5t x\u1ee9<\/b><\/td>\n<td>Nh\u1eadt B\u1ea3n<\/td>\n<\/tr>\n<tr>\n<td><b>Th\u00e0nh ph\u1ea7n<\/b><\/td>\n<td>Xem tr\u1ef1c ti\u1ebfp tr\u00ean bao b\u00ec<\/td>\n<\/tr>\n<tr>\n<td><b>H\u1ea1n s\u1eed d\u1ee5ng<\/b><\/td>\n<td>Xem tr\u1ef1c ti\u1ebfp tr\u00ean bao b\u00ec<\/td>\n<\/tr>\n<tr>\n<td><b>B\u1ea3o qu\u1ea3n<\/b><\/td>\n<td>B\u1ea3o qu\u1ea3n n\u01a1i kh\u00f4 r\u00e1o, tho\u00e1ng m\u00e1t<\/td>\n<\/tr>\n<tr>\n<td><b>Kh\u1ed1i l\u01b0\u1ee3ng<\/b><\/td>\n<td>120g<\/td>\n<\/tr>\n<\/tbody>\n<\/table>\n<p>Trong th\u1ebf gi\u1edbi \u1ea9m th\u1ef1c Nh\u1eadt B\u1ea3n,\u00a0<strong><em>nh\u1eefng h\u1ea1t ru\u1ed1c c\u00e1<\/em><\/strong>\u00a0\u2013 c\u00f2n g\u1ecdi l\u00e0\u00a0<strong><em>\u201csalmon flakes\u201d (\u9bad\u30d5\u30ec\u30fc\u30af)<\/em><\/strong>\u00a0\u2013 l\u00e0 m\u1ed9t trong nh\u1eefng gia v\u1ecb nh\u1ecf b\u00e9 nh\u01b0ng v\u00f4 c\u00f9ng linh ho\u1ea1t, d\u1ecbu \u00eam mang \u0111\u1ebfn chi\u1ec1u s\u00e2u cho nhi\u1ec1u m\u00f3n \u0103n th\u01b0\u1eddng nh\u1eadt. Kh\u00f4ng c\u1ea7n c\u1ea7u k\u1ef3, ch\u1ec9 c\u1ea7n r\u1eafc v\u00e0i th\u00eca l\u00ean c\u01a1m n\u00f3ng, tr\u1ed9n c\u00f9ng ch\u00e1o ho\u1eb7c d\u00f9ng l\u00e0m topping cho m\u00ec, ru\u1ed1c c\u00e1 h\u1ed3i ngay l\u1eadp t\u1ee9c n\u00e2ng n\u00e2ng kh\u1ea9u v\u1ecb, khi\u1ebfn m\u00f3n \u0103n tr\u1edf n\u00ean th\u01a1m ngon v\u00e0 gi\u00e0u dinh d\u01b0\u1ee1ng h\u01a1n.<\/p>\n<p><img fetchpriority=\"high\" decoding=\"async\" class=\"aligncenter wp-image-42472\" src=\"https:\/\/havamall.com\/wp-content\/uploads\/2025\/10\/ruoc-ca-hoi-maruha-nichiro.jpg\" alt=\"\" width=\"800\" height=\"805\" \/><\/p>\n<p><strong><em>Ru\u1ed1c c\u00e1 h\u1ed3i Nh\u1eadt B\u1ea3n<\/em><\/strong>\u00a0\u0111\u01b0\u1ee3c ch\u1ebf bi\u1ebfn t\u1eeb\u00a0<strong><em>c\u00e1 h\u1ed3i n\u1ea1c<\/em><\/strong>, \u0111\u01b0\u1ee3c\u00a0<strong><em>h\u1ea5p ho\u1eb7c n\u1ea5u ch\u00edn<\/em><\/strong>\u00a0r\u1ed3i x\u00e9 nh\u1ecf th\u00e0nh t\u1eebng s\u1ee3i tinh t\u1ebf, s\u1ea5y ho\u1eb7c l\u00e0m kh\u00f4 \u0111\u1ec3 b\u1ea3o qu\u1ea3n l\u00e2u d\u00e0i m\u00e0 v\u1eabn gi\u1eef \u0111\u01b0\u1ee3c h\u01b0\u01a1ng v\u1ecb \u0111\u1eb7c tr\u01b0ng. Trong m\u1ed7i s\u1ee3i ru\u1ed1c, ng\u01b0\u1eddi ta v\u1eabn c\u00f3 th\u1ec3 c\u1ea3m nh\u1eadn \u0111\u01b0\u1ee3c v\u1ecb ng\u1ecdt t\u1ef1 nhi\u00ean c\u1ee7a c\u00e1 h\u1ed3i \u2013 kh\u00f4ng b\u1ecb \u00e1t b\u1edfi gia v\u1ecb \u2013 c\u00f9ng m\u00f9i th\u01a1m nh\u1eb9 nh\u00e0ng, m\u1eb1n m\u1eb7n \u0111\u1eb7c tr\u01b0ng, l\u00e0 nguy\u00ean li\u1ec7u kh\u00f4ng th\u1ec3 thi\u1ebfu trong bento, c\u01a1m n\u1eafm onigiri, ho\u1eb7c d\u00f9ng cho c\u00e1c m\u00f3n \u0103n d\u1eb7m v\u00e0 th\u00eam v\u00e0o salad, m\u00ec.<\/p>\n<p><img decoding=\"async\" class=\"aligncenter\" src=\"https:\/\/havamall.com\/wp-content\/uploads\/2026\/02\/IMG_7897.jpg\" alt=\"Ochazuke Recipe\" width=\"800\" height=\"533\" \/><\/p>\n<p data-start=\"1023\" data-end=\"1368\">Kh\u00f4ng c\u1ea7n ph\u1ea3i s\u01a1 ch\u1ebf c\u00e1, r\u1eeda x\u01b0\u01a1ng, t\u1ea9m \u01b0\u1edbp c\u1ea7u k\u1ef3 \u2013 ch\u1ec9 m\u1edf n\u1eafp l\u1ecd, m\u00fac ra, r\u1eafc ho\u1eb7c tr\u1ed9n v\u00e0o m\u00f3n \u0103n l\u00e0 c\u00f3 th\u1ec3 d\u00f9ng ngay. Khi ti\u1ebfp x\u00fac v\u1edbi h\u01a1i n\u00f3ng t\u1eeb c\u01a1m ho\u1eb7c ch\u00e1o, ru\u1ed1c c\u00e1 lan t\u1ecfa m\u00f9i th\u01a1m r\u1ea5t nh\u1eb9, k\u00edch th\u00edch v\u1ecb gi\u00e1c m\u00e0 kh\u00f4ng l\u00e0m \u00e1t m\u1ea5t h\u01b0\u01a1ng th\u01a1m ch\u00ednh c\u1ee7a th\u1ee9c \u0103n n\u1ec1n.\u00a0V\u1ec1 m\u1eb7t dinh d\u01b0\u1ee1ng, ru\u1ed1c c\u00e1 h\u1ed3i l\u00e0 ngu\u1ed3n cung c\u1ea5p protein ch\u1ea5t l\u01b0\u1ee3ng cao, omega-3 (DHA\/EPA), vitamin D v\u00e0 nhi\u1ec1u kho\u00e1ng ch\u1ea5t thi\u1ebft y\u1ebfu. V\u00ec v\u1eady, n\u00f3 th\u01b0\u1eddng \u0111\u01b0\u1ee3c d\u00f9ng trong th\u1ef1c \u0111\u01a1n cho b\u00e9 \u0103n d\u1eb7m, gi\u00fap b\u1ed5 sung d\u01b0\u1ee1ng ch\u1ea5t c\u1ea7n thi\u1ebft m\u00e0 kh\u00f4ng l\u00e0m n\u1eb7ng b\u1ee5ng.<\/p>\n<p data-start=\"1023\" data-end=\"1368\"><img decoding=\"async\" class=\"aligncenter wp-image-42473\" src=\"https:\/\/havamall.com\/wp-content\/uploads\/2025\/10\/Ruoc-ca-hoi-2000x1333-1.jpg\" alt=\"\" width=\"800\" height=\"533\" \/><\/p>\n<p data-start=\"1661\" data-end=\"1973\">Khi th\u01b0\u1edfng th\u1ee9c, b\u1ea1n c\u00f3 th\u1ec3 d\u00f9ng ru\u1ed1c c\u00e1 h\u1ed3i r\u1ea3i l\u00ean c\u01a1m tr\u1eafng n\u00f3ng, \u0103n c\u00f9ng ch\u00e1o, tr\u1ed9n v\u00e0o m\u00ec n\u01b0\u1edbc, r\u1eafc l\u00ean b\u00e1nh m\u00ec n\u01b0\u1edbng hay salad. V\u1edbi m\u1ed7i c\u00e1ch d\u00f9ng, b\u1ea1n s\u1ebd c\u1ea3m nh\u1eadn \u0111\u01b0\u1ee3c s\u1ef1 kh\u00e1c bi\u1ec7t nh\u1ecf trong \u0111\u1ed9 m\u1ec1m, gi\u00f2n v\u00e0 m\u00f9i th\u01a1m \u2013 nh\u01b0ng \u0111i\u1ec3m chung l\u00e0 ru\u1ed1c c\u00e1 l\u00e0m t\u0103ng h\u01b0\u01a1ng v\u1ecb umami, khi\u1ebfn m\u00f3n \u0103n tr\u1edf n\u00ean tr\u00f2n v\u1ecb h\u01a1n.\u00a0V\u00ed d\u1ee5, b\u1ea1n c\u00f3 th\u1ec3 nghi\u1ec1n ru\u1ed1c m\u1ecbn, tr\u1ed9n c\u00f9ng mayonnaise ho\u1eb7c yogurt \u0111\u1ec3 l\u00e0m s\u1ed1t ru\u1ed1c \u0103n k\u00e8m rau c\u1ee7; ho\u1eb7c d\u00f9ng l\u00e0m nh\u00e2n cho b\u00e1nh sandwich, c\u01a1m cu\u1ed9n. V\u1edbi nh\u1eefng ai th\u00edch \u1ea9m th\u1ef1c fusion, ru\u1ed1c c\u00e1 h\u1ed3i c\u00f2n c\u00f3 th\u1ec3 d\u00f9ng \u0111\u1ec3 t\u0103ng v\u1ecb cho pasta, b\u00e1nh tr\u00e1ng n\u01b0\u1edbng, ho\u1eb7c r\u1eafc l\u00ean tr\u1ee9ng chi\u00ean ki\u1ec3u Nh\u1eadt.<\/p>\n<p data-start=\"1661\" data-end=\"1973\"><img loading=\"lazy\" decoding=\"async\" class=\"aligncenter\" src=\"https:\/\/havamall.com\/wp-content\/uploads\/2025\/10\/img_product_04.jpg\" alt=\"Processed Salmon Products | Product Information | OKAMURA FOODS CO., LTD.\" width=\"801\" height=\"408\" \/><\/p>\n<p data-start=\"2352\" data-end=\"2592\">M\u1ed9t \u0111\u1eb7c \u0111i\u1ec3m m\u00e0 nhi\u1ec1u ng\u01b0\u1eddi th\u00edch v\u1ec1 ru\u1ed1c c\u00e1 h\u1ed3i l\u00e0 \u0111\u1ed9 nh\u1eb9 nh\u00e0ng: d\u00f9 l\u00e0 c\u00e1 nh\u01b0ng h\u01b0\u01a1ng v\u1ecb kh\u00f4ng qu\u00e1 n\u1ed3ng, kh\u00f4ng g\u00e2y c\u1ea3m gi\u00e1c \u201cc\u00e1 tanh\u201d n\u1ebfu s\u1eed d\u1ee5ng lo\u1ea1i ch\u1ea5t l\u01b0\u1ee3ng. \u0110\u00e2y ch\u00ednh l\u00e0 \u0111i\u1ec3m khi\u1ebfn ru\u1ed1c c\u00e1 h\u1ed3i th\u00edch h\u1ee3p cho c\u1ea3 ng\u01b0\u1eddi l\u1edbn v\u00e0 tr\u1ebb nh\u1ecf.\u00a0Ru\u1ed1c c\u00e1 h\u1ed3i Nh\u1eadt B\u1ea3n \u2013 Japanese Salmon Flakes mang \u0111\u1ebfn tr\u1ea3i nghi\u1ec7m nh\u1ecf nh\u01b0ng gi\u00e0u \u00fd ngh\u0129a: t\u00f4 \u0111i\u1ec3m cho b\u1eefa c\u01a1m h\u00e0ng ng\u00e0y, t\u0103ng th\u00eam dinh d\u01b0\u1ee1ng, v\u00e0 m\u1edf r\u1ed9ng kh\u1ea3 n\u0103ng s\u00e1ng t\u1ea1o trong b\u1ebfp. S\u1ea3n ph\u1ea9m hi\u1ec7n \u0111ang \u0111\u01b0\u1ee3c b\u00e1n t\u1ea1i Havamall.<\/p>","protected":false},"excerpt":{"rendered":"<h3>\u0110\u1eccC K\u1ef8 ~ Ch\u00ednh s\u00e1ch giao h\u00e0ng t\u1ea1i Havamall<\/h3>\n<h4><b>1. Giao h\u00e0ng t\u1ea1i TP.HCM<\/b><\/h4>\n<ul>\n<li><b>\u0110\u1ed3 kh\u00f4 (Giao trong 1-2 ng\u00e0y sau khi \u0111\u01b0\u1ee3c g\u1ecdi x\u00e1c nh\u1eadn \u0111\u01a1n):<\/b>\n<ul>\n<li><b>Mi\u1ec5n ph\u00ed ship<\/b>\u00a0v\u1edbi \u0111\u01a1n\u00a0<em><strong>tr\u00ean 500.000\u20ab.\u00a0<\/strong>C<\/em>\u00e1c \u0111\u01a1n\u00a0<strong><em>d\u01b0\u1edbi 500.000\u20ab<\/em><\/strong>, ph\u00ed ship l\u00e0\u00a0<b>30.000\u20ab<\/b>.\u00a0<strong>Kh\u00f4ng \u00e1p d\u1ee5ng cho \u0111\u01a1n s\u1ec9, \u0111\u01a1n h\u00e0ng tr\u00ean 10kg, \u0111\u1ed3 \u0111\u00f4ng l\u1ea1nh ho\u1eb7c tr\u00e1i c\u00e2y.<\/strong><\/li>\n<\/ul>\n<\/li>\n<\/ul>\n<h4><b>2. Giao h\u00e0ng to\u00e0n qu\u1ed1c ( Ch\u1ec9\u00a0<\/b><b>\u0110\u1ed3 kh\u00f4: nh\u1eadn h\u00e0ng sau 3 \u2013 5 ng\u00e0y)<\/b><\/h4>\n<ul>\n<li><em>*Kh\u00f4ng \u00e1p d\u1ee5ng cho \u0111\u01a1n s\u1ec9, \u0111\u01a1n h\u00e0ng tr\u00ean 10kg*:\u00a0<\/em>Ph\u00ed ship m\u1eb7c \u0111\u1ecbnh\u00a0<b>30.000\u20ab.\u00a0<\/b>\u0110\u01a1n h\u00e0ng\u00a0<strong><em>tr\u00ean 2.000.000\u20ab ch\u1ec9 ch\u1ea5p nh\u1eadn thanh to\u00e1n chuy\u1ec3n kho\u1ea3n.<\/em><\/strong><\/li>\n<\/ul>\n<h4><b>3. L\u01b0u \u00fd chung<\/b><\/h4>\n<ul>\n<li>C\u00e1c m\u1eb7t h\u00e0ng c\u1ed3ng k\u1ec1nh, n\u1eb7ng tr\u00ean 5kg c\u00f3 th\u1ec3 ph\u00e1t sinh ph\u1ee5 ph\u00ed.<\/li>\n<li>M\u1ecdi th\u1eafc m\u1eafc kh\u00e1c vui l\u00f2ng li\u00ean h\u1ec7\u00a0<b>Hotline: 0946229642<\/b>\u00a0\u0111\u1ec3 \u0111\u01b0\u1ee3c h\u1ed7 tr\u1ee3.<\/li>\n<\/ul>","protected":false},"featured_media":42468,"comment_status":"open","ping_status":"closed","template":"","meta":[],"product_brand":[],"product_cat":[675,143],"product_tag":[],"class_list":{"0":"post-42467","1":"product","2":"type-product","3":"status-publish","4":"has-post-thumbnail","6":"product_cat-nhap-khau-nhat-ban","7":"product_cat-thuc-pham-dong-hop","9":"first","10":"outofstock","11":"sale","12":"shipping-taxable","13":"purchasable","14":"product-type-simple"},"_links":{"self":[{"href":"https:\/\/havamall.vn\/en\/wp-json\/wp\/v2\/product\/42467"}],"collection":[{"href":"https:\/\/havamall.vn\/en\/wp-json\/wp\/v2\/product"}],"about":[{"href":"https:\/\/havamall.vn\/en\/wp-json\/wp\/v2\/types\/product"}],"replies":[{"embeddable":true,"href":"https:\/\/havamall.vn\/en\/wp-json\/wp\/v2\/comments?post=42467"}],"version-history":[{"count":0,"href":"https:\/\/havamall.vn\/en\/wp-json\/wp\/v2\/product\/42467\/revisions"}],"wp:featuredmedia":[{"embeddable":true,"href":"https:\/\/havamall.vn\/en\/wp-json\/wp\/v2\/media\/42468"}],"wp:attachment":[{"href":"https:\/\/havamall.vn\/en\/wp-json\/wp\/v2\/media?parent=42467"}],"wp:term":[{"taxonomy":"product_brand","embeddable":true,"href":"https:\/\/havamall.vn\/en\/wp-json\/wp\/v2\/product_brand?post=42467"},{"taxonomy":"product_cat","embeddable":true,"href":"https:\/\/havamall.vn\/en\/wp-json\/wp\/v2\/product_cat?post=42467"},{"taxonomy":"product_tag","embeddable":true,"href":"https:\/\/havamall.vn\/en\/wp-json\/wp\/v2\/product_tag?post=42467"}],"curies":[{"name":"wp","href":"https:\/\/api.w.org\/{rel}","templated":true}]}}