{"id":42462,"date":"2025-10-04T14:02:33","date_gmt":"2025-10-04T07:02:33","guid":{"rendered":"https:\/\/havamall.vn\/?post_type=product&#038;p=42462"},"modified":"2025-10-04T14:06:53","modified_gmt":"2025-10-04T07:06:53","slug":"bot-chien-tempura-nhat-ban-250g-japanese-tempura-batter-mix","status":"publish","type":"product","link":"https:\/\/havamall.vn\/en\/shop\/bot-chien-tempura-nhat-ban-250g-japanese-tempura-batter-mix\/","title":{"rendered":"B\u1ed9t Chi\u00ean Tempura Nh\u1eadt B\u1ea3n 250g \u2013 Japanese Tempura Batter Mix"},"content":{"rendered":"<blockquote>\n<h2><em><strong>TH\u00d4NG TIN CHUNG<\/strong><\/em><\/h2>\n<\/blockquote>\n<table style=\"width: 60.3754%;height: 165px\">\n<tbody>\n<tr>\n<td><b>Xu\u1ea5t x\u1ee9<\/b><\/td>\n<td>Nh\u1eadt B\u1ea3n<\/td>\n<\/tr>\n<tr>\n<td><b>Th\u00e0nh ph\u1ea7n<\/b><\/td>\n<td>Xem tr\u1ef1c ti\u1ebfp tr\u00ean bao b\u00ec<\/td>\n<\/tr>\n<tr>\n<td><b>H\u1ea1n s\u1eed d\u1ee5ng<\/b><\/td>\n<td>Xem tr\u1ef1c ti\u1ebfp tr\u00ean bao b\u00ec<\/td>\n<\/tr>\n<tr>\n<td><b>B\u1ea3o qu\u1ea3n<\/b><\/td>\n<td>B\u1ea3o qu\u1ea3n n\u01a1i kh\u00f4 r\u00e1o, tho\u00e1ng m\u00e1t<\/td>\n<\/tr>\n<tr>\n<td><b>Kh\u1ed1i l\u01b0\u1ee3ng<\/b><\/td>\n<td>250g<\/td>\n<\/tr>\n<\/tbody>\n<\/table>\n<p data-start=\"213\" data-end=\"666\">Trong ngh\u1ec7 thu\u1eadt \u1ea9m th\u1ef1c Nh\u1eadt B\u1ea3n, tempura l\u00e0 m\u1ed9t trong nh\u1eefng m\u00f3n \u0103n g\u1eafn li\u1ec1n v\u1edbi n\u00e9t tinh t\u1ebf v\u00e0 s\u1ef1 kh\u00e9o l\u00e9o c\u1ee7a ng\u01b0\u1eddi \u0111\u1ea7u b\u1ebfp, t\u1eeb nh\u1eefng nguy\u00ean li\u1ec7u quen thu\u1ed9c nh\u01b0 t\u00f4m, c\u00e1 hay rau c\u1ee7, qua l\u1edbp b\u1ed9t chi\u00ean v\u00e0ng gi\u00f2n, m\u00f3n \u0103n tr\u1edf n\u00ean \u0111\u1eb7c bi\u1ec7t h\u01a1n, v\u1eeba gi\u1eef \u0111\u01b0\u1ee3c v\u1ecb ng\u1ecdt t\u1ef1 nhi\u00ean b\u00ean trong, v\u1eeba mang \u0111\u1ebfn c\u1ea3m gi\u00e1c gi\u00f2n r\u1ee5m b\u00ean ngo\u00e0i. B\u00ed quy\u1ebft \u0111\u1ec3 c\u00f3 m\u1ed9t l\u1edbp \u00e1o ho\u00e0n h\u1ea3o ch\u00ednh l\u00e0 b\u1ed9t chi\u00ean tempura \u2013 y\u1ebfu t\u1ed1 quy\u1ebft \u0111\u1ecbnh h\u01b0\u01a1ng v\u1ecb, m\u00e0u s\u1eafc v\u00e0 \u0111\u1ed9 gi\u00f2n tan c\u1ee7a m\u00f3n \u0103n.<\/p>\n<p data-start=\"213\" data-end=\"666\"><img fetchpriority=\"high\" decoding=\"async\" class=\"aligncenter wp-image-42464\" src=\"https:\/\/havamall.com\/wp-content\/uploads\/2025\/10\/noi_dung_doan_van_ban_cua_ban__4__2704aa7a5dad47a7af8bd784aed9042d_master.png\" alt=\"\" width=\"800\" height=\"533\" \/><\/p>\n<p data-start=\"668\" data-end=\"959\">B\u1ed9t Chi\u00ean Tempura Nh\u1eadt B\u1ea3n \u0111\u01b0\u1ee3c s\u1ea3n xu\u1ea5t theo c\u00f4ng th\u1ee9c truy\u1ec1n th\u1ed1ng, k\u1ebft h\u1ee3p s\u1ef1 ch\u1ecdn l\u1ecdc nguy\u00ean li\u1ec7u k\u1ef9 l\u01b0\u1ee1ng v\u00e0 c\u00f4ng ngh\u1ec7 ch\u1ebf bi\u1ebfn hi\u1ec7n \u0111\u1ea1i, \u0111em \u0111\u1ebfn k\u1ebft qu\u1ea3 l\u00e0 lo\u1ea1i b\u1ed9t m\u1ecbn, tr\u1eafng ng\u00e0, khi pha c\u00f9ng n\u01b0\u1edbc l\u1ea1nh t\u1ea1o n\u00ean h\u1ed7n h\u1ee3p s\u00e1nh nh\u1eb9, d\u1ec5 bao ph\u1ee7 nguy\u00ean li\u1ec7u v\u00e0 gi\u1eef \u0111\u01b0\u1ee3c \u0111\u1ed9 gi\u00f2n l\u00e2u sau khi chi\u00ean.\u00a0\u0110i\u1ec3m n\u1ed5i b\u1eadt c\u1ee7a lo\u1ea1i b\u1ed9t n\u00e0y n\u1eb1m \u1edf s\u1ef1 c\u00e2n b\u1eb1ng gi\u1eefa \u0111\u1ed9 x\u1ed1p v\u00e0 gi\u00f2n, l\u1edbp b\u1ed9t chi\u00ean kh\u00f4ng qu\u00e1 d\u00e0y, kh\u00f4ng h\u00fat d\u1ea7u nhi\u1ec1u, nh\u1edd v\u1eady khi \u0103n kh\u00f4ng g\u00e2y c\u1ea3m gi\u00e1c ng\u1ea5y. Ch\u1ec9 c\u1ea7n m\u1ed9t l\u1edbp \u00e1o m\u1ecfng c\u0169ng \u0111\u1ee7 l\u00e0m n\u1ed5i b\u1eadt \u0111\u1ed9 t\u01b0\u01a1i ngon c\u1ee7a h\u1ea3i s\u1ea3n hay \u0111\u1ed9 ng\u1ecdt thanh c\u1ee7a rau c\u1ee7.<\/p>\n<p data-start=\"668\" data-end=\"959\"><img decoding=\"async\" class=\"aligncenter wp-image-42465\" src=\"https:\/\/havamall.com\/wp-content\/uploads\/2025\/10\/tom-chien-tempura-9-jpeg-scaled.webp\" alt=\"\" width=\"801\" height=\"534\" \/><\/p>\n<p data-start=\"1350\" data-end=\"1714\">C\u00e1ch s\u1eed d\u1ee5ng b\u1ed9t chi\u00ean tempura r\u1ea5t \u0111\u01a1n gi\u1ea3n, ch\u1ec9 c\u1ea7n h\u00f2a b\u1ed9t v\u1edbi n\u01b0\u1edbc l\u1ea1nh theo t\u1ec9 l\u1ec7 ph\u00f9 h\u1ee3p, sau \u0111\u00f3 nh\u00fang nguy\u00ean li\u1ec7u v\u00e0o v\u00e0 cho v\u00e0o d\u1ea7u s\u00f4i. Khi ti\u1ebfp x\u00fac v\u1edbi d\u1ea7u n\u00f3ng, l\u1edbp b\u1ed9t nhanh ch\u00f3ng t\u1ea1o th\u00e0nh v\u1ecf ngo\u00e0i gi\u00f2n r\u1ee5m, bao b\u1ecdc l\u1ea5y ph\u1ea7n nh\u00e2n m\u1ec1m b\u00ean trong. B\u1ed9t chi\u00ean tempura kh\u00f4ng ch\u1ec9 gi\u1edbi h\u1ea1n cho m\u00f3n t\u00f4m hay rau c\u1ee7, m\u00e0 c\u00f3 th\u1ec3 s\u00e1ng t\u1ea1o v\u1edbi nhi\u1ec1u nguy\u00ean li\u1ec7u kh\u00e1c nhau nh\u01b0 n\u1ea5m, khoai lang, b\u00ed \u0111\u1ecf, c\u00e1 phi l\u00ea, th\u1eadm ch\u00ed c\u1ea3 l\u00e1 t\u00eda t\u00f4 ho\u1eb7c tr\u1ee9ng c\u00fat,&#8230; m\u1ed7i nguy\u00ean li\u1ec7u mang \u0111\u1ebfn m\u1ed9t tr\u1ea3i nghi\u1ec7m v\u1ecb gi\u00e1c ri\u00eang nh\u01b0ng v\u1eabn gi\u1eef nguy\u00ean \u0111i\u1ec3m chung l\u00e0 l\u1edbp v\u1ecf v\u00e0ng gi\u00f2n h\u1ea5p d\u1eabn.<\/p>\n<p data-start=\"1350\" data-end=\"1714\"><img decoding=\"async\" class=\"aligncenter wp-image-42466\" src=\"https:\/\/havamall.com\/wp-content\/uploads\/2025\/10\/cach-lam-tempura-nhat-8-910x618-1.jpg\" alt=\"\" width=\"800\" height=\"543\" \/><\/p>\n<p data-start=\"2035\" data-end=\"2320\">B\u00ean c\u1ea1nh s\u1ef1 ti\u1ec7n l\u1ee3i trong ch\u1ebf bi\u1ebfn, b\u1ed9t chi\u00ean tempura Nh\u1eadt B\u1ea3n c\u00f2n \u0111\u1ea3m b\u1ea3o t\u00ednh an to\u00e0n v\u00e0 ch\u1ea5t l\u01b0\u1ee3ng nh\u1edd quy tr\u00ecnh s\u1ea3n xu\u1ea5t nghi\u00eam ng\u1eb7t, kh\u00f4ng ch\u1ee9a ph\u1ee5 gia \u0111\u1ed9c h\u1ea1i, gi\u1eef tr\u1ecdn h\u01b0\u01a1ng v\u1ecb t\u1ef1 nhi\u00ean, lo\u1ea1i b\u1ed9t n\u00e0y ph\u00f9 h\u1ee3p cho c\u1ea3 b\u1eefa \u0103n gia \u0111\u00ecnh th\u01b0\u1eddng ng\u00e0y l\u1eabn c\u00e1c b\u1eefa ti\u1ec7c c\u1ea7n s\u1ef1 tinh t\u1ebf.\u00a0 \u1ea8m th\u1ef1c Nh\u1eadt B\u1ea3n lu\u00f4n nh\u1ea5n m\u1ea1nh v\u00e0o vi\u1ec7c t\u00f4n tr\u1ecdng h\u01b0\u01a1ng v\u1ecb nguy\u00ean b\u1ea3n c\u1ee7a nguy\u00ean li\u1ec7u. L\u1edbp b\u1ed9t chi\u00ean ch\u1ec9 nh\u01b0 m\u1ed9t \u201cchi\u1ebfc \u00e1o m\u1ecfng\u201d, l\u00e0m n\u1ec1n \u0111\u1ec3 nguy\u00ean li\u1ec7u t\u1ecfa s\u00e1ng ch\u1ee9 kh\u00f4ng l\u1ea5n \u00e1t, v\u00ec v\u1eady, m\u00f3n tempura kh\u00f4ng n\u1eb7ng n\u1ec1 nh\u01b0 nhi\u1ec1u lo\u1ea1i chi\u00ean r\u00e1n kh\u00e1c, m\u00e0 v\u1eabn thanh nh\u00e3, nh\u1eb9 nh\u00e0ng \u2013 \u0111\u00fang tinh th\u1ea7n \u1ea9m th\u1ef1c Nh\u1eadt.<\/p>\n<p data-start=\"2035\" data-end=\"2320\"><img loading=\"lazy\" decoding=\"async\" class=\"aligncenter wp-image-42467\" src=\"https:\/\/havamall.com\/wp-content\/uploads\/2025\/10\/1260411416.jpg\" alt=\"\" width=\"801\" height=\"601\" \/><\/p>\n<p data-start=\"2636\" data-end=\"2965\">T\u1eeb l\u00e2u, tempura \u0111\u00e3 kh\u00f4ng ch\u1ec9 l\u00e0 m\u1ed9t m\u00f3n \u0103n m\u00e0 c\u00f2n l\u00e0 m\u1ed9t ph\u1ea7n v\u0103n h\u00f3a. B\u1eefa c\u01a1m c\u00f3 th\u00eam \u0111\u0129a tempura v\u00e0ng gi\u00f2n s\u1ebd tr\u1edf n\u00ean h\u1ea5p d\u1eabn h\u01a1n, g\u1ee3i c\u1ea3m gi\u00e1c sum v\u1ea7y v\u00e0 \u1ea5m \u00e1p. V\u1edbi b\u1ed9t chi\u00ean tempura Nh\u1eadt B\u1ea3n, vi\u1ec7c t\u00e1i hi\u1ec7n m\u00f3n \u0103n truy\u1ec1n th\u1ed1ng n\u00e0y ngay trong c\u0103n b\u1ebfp gia \u0111\u00ecnh tr\u1edf n\u00ean d\u1ec5 d\u00e0ng, nhanh g\u1ecdn nh\u01b0ng v\u1eabn gi\u1eef \u0111\u01b0\u1ee3c h\u01b0\u01a1ng v\u1ecb chu\u1ea9n m\u1ef1c.\u00a0B\u1ed9t Chi\u00ean Tempura Nh\u1eadt B\u1ea3n 450g \u2013 Japanese Tempura Batter Mix hi\u1ec7n \u0111ang \u0111\u01b0\u1ee3c b\u00e1n t\u1ea1i Havamall.<\/p>","protected":false},"excerpt":{"rendered":"<h3>\u0110\u1eccC K\u1ef8 ~ Ch\u00ednh s\u00e1ch giao h\u00e0ng t\u1ea1i Havamall<\/h3>\n<h4><b>1. Giao h\u00e0ng t\u1ea1i TP.HCM<\/b><\/h4>\n<ul>\n<li><b>\u0110\u1ed3 kh\u00f4 (Giao trong 1-2 ng\u00e0y sau khi \u0111\u01b0\u1ee3c g\u1ecdi x\u00e1c nh\u1eadn \u0111\u01a1n):<\/b>\n<ul>\n<li><b>Mi\u1ec5n ph\u00ed ship<\/b>\u00a0v\u1edbi \u0111\u01a1n\u00a0<em><strong>tr\u00ean 500.000\u20ab.\u00a0<\/strong>C<\/em>\u00e1c \u0111\u01a1n\u00a0<strong><em>d\u01b0\u1edbi 500.000\u20ab<\/em><\/strong>, ph\u00ed ship l\u00e0\u00a0<b>30.000\u20ab<\/b>.\u00a0<strong>Kh\u00f4ng \u00e1p d\u1ee5ng cho \u0111\u01a1n s\u1ec9, \u0111\u01a1n h\u00e0ng tr\u00ean 10kg, \u0111\u1ed3 \u0111\u00f4ng l\u1ea1nh ho\u1eb7c tr\u00e1i c\u00e2y.<\/strong><\/li>\n<\/ul>\n<\/li>\n<\/ul>\n<h4><b>2. Giao h\u00e0ng to\u00e0n qu\u1ed1c ( Ch\u1ec9\u00a0<\/b><b>\u0110\u1ed3 kh\u00f4: nh\u1eadn h\u00e0ng sau 3 \u2013 5 ng\u00e0y)<\/b><\/h4>\n<ul>\n<li><em>*Kh\u00f4ng \u00e1p d\u1ee5ng cho \u0111\u01a1n s\u1ec9, \u0111\u01a1n h\u00e0ng tr\u00ean 10kg*:\u00a0<\/em>Ph\u00ed ship m\u1eb7c \u0111\u1ecbnh\u00a0<b>30.000\u20ab.\u00a0<\/b>\u0110\u01a1n h\u00e0ng\u00a0<strong><em>tr\u00ean 2.000.000\u20ab ch\u1ec9 ch\u1ea5p nh\u1eadn thanh to\u00e1n chuy\u1ec3n kho\u1ea3n.<\/em><\/strong><\/li>\n<\/ul>\n<h4><b>3. L\u01b0u \u00fd chung<\/b><\/h4>\n<ul>\n<li>C\u00e1c m\u1eb7t h\u00e0ng c\u1ed3ng k\u1ec1nh, n\u1eb7ng tr\u00ean 5kg c\u00f3 th\u1ec3 ph\u00e1t sinh ph\u1ee5 ph\u00ed.<\/li>\n<li>M\u1ecdi th\u1eafc m\u1eafc kh\u00e1c vui l\u00f2ng li\u00ean h\u1ec7\u00a0<b>Hotline: 0946229642<\/b>\u00a0\u0111\u1ec3 \u0111\u01b0\u1ee3c h\u1ed7 tr\u1ee3.<\/li>\n<\/ul>","protected":false},"featured_media":42463,"comment_status":"open","ping_status":"closed","template":"","meta":[],"product_brand":[],"product_cat":[675,154,134],"product_tag":[],"class_list":{"0":"post-42462","1":"product","2":"type-product","3":"status-publish","4":"has-post-thumbnail","6":"product_cat-nhap-khau-nhat-ban","7":"product_cat-gia-vi","8":"product_cat-thucpham-saykho","10":"first","11":"instock","12":"sale","13":"shipping-taxable","14":"purchasable","15":"product-type-simple"},"_links":{"self":[{"href":"https:\/\/havamall.vn\/en\/wp-json\/wp\/v2\/product\/42462"}],"collection":[{"href":"https:\/\/havamall.vn\/en\/wp-json\/wp\/v2\/product"}],"about":[{"href":"https:\/\/havamall.vn\/en\/wp-json\/wp\/v2\/types\/product"}],"replies":[{"embeddable":true,"href":"https:\/\/havamall.vn\/en\/wp-json\/wp\/v2\/comments?post=42462"}],"version-history":[{"count":0,"href":"https:\/\/havamall.vn\/en\/wp-json\/wp\/v2\/product\/42462\/revisions"}],"wp:featuredmedia":[{"embeddable":true,"href":"https:\/\/havamall.vn\/en\/wp-json\/wp\/v2\/media\/42463"}],"wp:attachment":[{"href":"https:\/\/havamall.vn\/en\/wp-json\/wp\/v2\/media?parent=42462"}],"wp:term":[{"taxonomy":"product_brand","embeddable":true,"href":"https:\/\/havamall.vn\/en\/wp-json\/wp\/v2\/product_brand?post=42462"},{"taxonomy":"product_cat","embeddable":true,"href":"https:\/\/havamall.vn\/en\/wp-json\/wp\/v2\/product_cat?post=42462"},{"taxonomy":"product_tag","embeddable":true,"href":"https:\/\/havamall.vn\/en\/wp-json\/wp\/v2\/product_tag?post=42462"}],"curies":[{"name":"wp","href":"https:\/\/api.w.org\/{rel}","templated":true}]}}