{"id":42459,"date":"2025-10-04T11:50:58","date_gmt":"2025-10-04T04:50:58","guid":{"rendered":"https:\/\/havamall.vn\/?post_type=product&#038;p=42459"},"modified":"2025-10-04T11:50:58","modified_gmt":"2025-10-04T04:50:58","slug":"sup-hon-hop-rong-bien-dau-hu-kho-va-hanh-nhat-ban-marukome-100g-marukome-miso-soup-mix","status":"publish","type":"product","link":"https:\/\/havamall.vn\/en\/shop\/sup-hon-hop-rong-bien-dau-hu-kho-va-hanh-nhat-ban-marukome-100g-marukome-miso-soup-mix\/","title":{"rendered":"S\u00fap H\u1ed7n H\u1ee3p Rong Bi\u1ec3n, \u0110\u1eadu H\u0169 Kh\u00f4 V\u00e0 H\u00e0nh Nh\u1eadt B\u1ea3n Marukome 100g \u2013 Marukome Miso Soup Mix"},"content":{"rendered":"<blockquote>\n<h2><em><strong>TH\u00d4NG TIN CHUNG<\/strong><\/em><\/h2>\n<\/blockquote>\n<table style=\"width: 54.5419%;height: 171px\">\n<tbody>\n<tr>\n<td><b>Th\u01b0\u01a1ng hi\u1ec7u<\/b><\/td>\n<td>Marukome<\/td>\n<\/tr>\n<tr>\n<td><b>Xu\u1ea5t x\u1ee9<\/b><\/td>\n<td>Nh\u1eadt B\u1ea3n<\/td>\n<\/tr>\n<tr>\n<td><b>Th\u00e0nh ph\u1ea7n<\/b><\/td>\n<td>Xem tr\u1ef1c ti\u1ebfp tr\u00ean bao b\u00ec<\/td>\n<\/tr>\n<tr>\n<td><b>H\u1ea1n s\u1eed d\u1ee5ng<\/b><\/td>\n<td>Xem tr\u1ef1c ti\u1ebfp tr\u00ean bao b\u00ec<\/td>\n<\/tr>\n<tr>\n<td><b>B\u1ea3o qu\u1ea3n<\/b><\/td>\n<td>B\u1ea3o qu\u1ea3n n\u01a1i kh\u00f4 r\u00e1o, tho\u00e1ng m\u00e1t<\/td>\n<\/tr>\n<tr>\n<td><b>Kh\u1ed1i l\u01b0\u1ee3ng<\/b><\/td>\n<td>100g<\/td>\n<\/tr>\n<\/tbody>\n<\/table>\n<p>Trong v\u0103n h\u00f3a\u00a0<strong><em>\u1ea9m th\u1ef1c Nh\u1eadt B\u1ea3n<\/em><\/strong>,\u00a0<strong><em>canh miso<\/em><\/strong>\u00a0kh\u00f4ng ch\u1ec9 l\u00e0 m\u1ed9t m\u00f3n \u0103n quen thu\u1ed9c m\u00e0 c\u00f2n \u0111\u01b0\u1ee3c xem nh\u01b0 linh h\u1ed3n c\u1ee7a b\u1eefa c\u01a1m h\u1eb1ng ng\u00e0y. T\u1eeb nh\u1eefng qu\u00e1n \u0103n nh\u1ecf b\u00ean \u0111\u01b0\u1eddng cho \u0111\u1ebfn b\u00e0n ti\u1ec7c gia \u0111\u00ecnh, b\u00e1t canh n\u00f3ng h\u1ed5i, tho\u1ea3ng h\u01b0\u01a1ng miso d\u1ecbu nh\u1eb9 lu\u00f4n hi\u1ec7n di\u1ec7n, mang l\u1ea1i c\u1ea3m gi\u00e1c \u1ea5m \u00e1p v\u00e0 c\u00e2n b\u1eb1ng, b\u1edfi v\u00ec \u0111i\u1ec3m \u0111\u1eb7c bi\u1ec7t c\u1ee7a m\u00f3n \u0103n n\u00e0y n\u1eb1m \u1edf c\u00e1ch k\u1ebft h\u1ee3p kh\u00e9o l\u00e9o nh\u1eefng nguy\u00ean li\u1ec7u t\u1ef1 nhi\u00ean, \u0111\u01a1n gi\u1ea3n nh\u01b0ng gi\u00e0u gi\u00e1 tr\u1ecb dinh d\u01b0\u1ee1ng, trong \u0111\u00f3 kh\u00f4ng th\u1ec3 thi\u1ebfu\u00a0<em><strong>rong bi\u1ec3n, h\u00e0nh l\u00e1 v\u00e0 nh\u1eefng mi\u1ebfng \u0111\u1eadu h\u0169 kh\u00f4.<\/strong><\/em><\/p>\n<p><img fetchpriority=\"high\" decoding=\"async\" class=\"aligncenter  wp-image-42457\" src=\"https:\/\/havamall.com\/wp-content\/uploads\/2025\/10\/sup_dau_hu_rong_bien_20k__miso_soup__98734a29bd4b48d986dfefa25a308a0a_master.jpg\" alt=\"\" width=\"800\" height=\"533\" \/><\/p>\n<p><strong><em>H\u1ed7n h\u1ee3p rong bi\u1ec3n, \u0111\u1eadu h\u0169 kh\u00f4 v\u00e0 h\u00e0nh Nh\u1eadt B\u1ea3n Marukome<\/em><\/strong>\u00a0ra \u0111\u1eddi \u0111\u1ec3 g\u00f3i g\u1ecdn tinh th\u1ea7n \u1ea5y trong t\u1eebng l\u00e1t nguy\u00ean li\u1ec7u, ch\u1ec9 c\u1ea7n th\u1ea3 v\u00e0i nh\u00fam nh\u1ecf v\u00e0o n\u1ed3i n\u01b0\u1edbc n\u00f3ng ho\u1eb7c n\u01b0\u1edbc d\u00f9ng miso, t\u1ea5t c\u1ea3 s\u1ebd n\u1edf ra, t\u00e1i hi\u1ec7n tr\u1ecdn v\u1eb9n h\u01b0\u01a1ng v\u1ecb v\u00e0 k\u1ebft c\u1ea5u nh\u01b0 khi \u0111\u01b0\u1ee3c ch\u1ebf bi\u1ebfn t\u01b0\u01a1i.\u00a0Rong bi\u1ec3n sau khi ng\u00e2m n\u01b0\u1edbc s\u1ebd tr\u1edf n\u00ean m\u1ec1m m\u1ea1i, v\u1eeba d\u1ebbo v\u1eeba gi\u00f2n, h\u00f2a quy\u1ec7n c\u00f9ng n\u01b0\u1edbc canh \u0111\u1ec3 t\u1ea1o n\u00ean v\u1ecb umami \u0111\u1eb7c tr\u01b0ng. B\u00ean c\u1ea1nh \u0111\u00f3, t\u1eebng l\u00e1t \u0111\u1eadu h\u0169 kh\u00f4 v\u1edbi k\u1ebft c\u1ea5u x\u1ed1p nh\u1eb9 l\u1ea1i c\u00f3 kh\u1ea3 n\u0103ng h\u00fat n\u01b0\u1edbc tuy\u1ec7t v\u1eddi, khi n\u1edf ra m\u1ec1m m\u1ecbn, th\u1ea5m tr\u1ecdn h\u01b0\u01a1ng v\u1ecb c\u1ee7a miso v\u00e0 gia v\u1ecb trong canh. H\u00e0nh l\u00e1 th\u00e1i nh\u1ecf, tuy \u0111\u01a1n gi\u1ea3n nh\u01b0ng l\u1ea1i l\u00e0 chi ti\u1ebft ho\u00e0n thi\u1ec7n m\u00f3n \u0103n, th\u00eam ch\u00fat h\u01b0\u01a1ng th\u01a1m t\u01b0\u01a1i m\u00e1t v\u00e0 v\u1ecb cay nh\u1eb9, gi\u00fap b\u00e1t canh tr\u1edf n\u00ean tr\u00f2n v\u1ecb.<\/p>\n<p><img decoding=\"async\" class=\"aligncenter  wp-image-42459\" src=\"https:\/\/havamall.com\/wp-content\/uploads\/2025\/10\/miyeokguk-birdsdeye.webp\" alt=\"\" width=\"800\" height=\"600\" \/><\/p>\n<p>S\u1ef1 k\u1ebft h\u1ee3p c\u1ee7a ba nguy\u00ean li\u1ec7u n\u00e0y t\u1ea1o n\u00ean m\u1ed9t n\u1ec1n t\u1ea3ng h\u00e0i h\u00f2a, v\u1eeba c\u00e2n b\u1eb1ng dinh d\u01b0\u1ee1ng v\u1eeba \u0111\u00e1p \u1ee9ng kh\u1ea9u v\u1ecb: rong bi\u1ec3n gi\u00e0u ch\u1ea5t x\u01a1, kho\u00e1ng ch\u1ea5t nh\u01b0 i-\u1ed1t, canxi; \u0111\u1eadu h\u0169 kh\u00f4 cung c\u1ea5p protein t\u1eeb th\u1ef1c v\u1eadt; c\u00f2n h\u00e0nh l\u00e1 l\u1ea1i b\u1ed5 sung th\u00eam vitamin, \u0111\u1ed3ng th\u1eddi l\u00e0m d\u1ecbu \u0111i v\u1ecb b\u00e9o c\u1ee7a miso, l\u00e0 s\u1ef1 h\u00f2a quy\u1ec7n tinh t\u1ebf m\u00e0 ng\u01b0\u1eddi Nh\u1eadt \u0111\u00e3 g\u00ecn gi\u1eef qua nhi\u1ec1u th\u1ebf h\u1ec7.\u00a0Thay v\u00ec ph\u1ea3i chu\u1ea9n b\u1ecb t\u1eebng lo\u1ea1i rau, rong bi\u1ec3n hay \u0111\u1eadu h\u0169 ri\u00eang l\u1ebb, h\u1ed7n h\u1ee3p n\u00e0y \u0111\u00e3 \u0111\u01b0\u1ee3c s\u1ea5y kh\u00f4 v\u00e0 c\u1eaft s\u1eb5n, ch\u1ec9 trong v\u00e0i ph\u00fat, b\u1ea1n \u0111\u00e3 c\u00f3 nguy\u00ean li\u1ec7u ho\u00e0n ch\u1ec9nh \u0111\u1ec3 ch\u1ebf bi\u1ebfn m\u1ed9t b\u00e1t canh chu\u1ea9n v\u1ecbc cho d\u00f9 b\u1eadn r\u1ed9n \u0111\u1ebfn \u0111\u00e2u, m\u1ed9t b\u1eefa \u0103n \u1ea5m \u00e1p v\u00e0 c\u00e2n b\u1eb1ng v\u1eabn n\u1eb1m trong t\u1ea7m tay. Kh\u00f4ng ch\u1ec9 gi\u1edbi h\u1ea1n \u1edf s\u00fap miso, h\u1ed7n h\u1ee3p c\u00f2n c\u00f3 th\u1ec3 d\u00f9ng \u0111\u1ec3 th\u00eam v\u00e0o m\u00ec udon, ramen, ho\u1eb7c n\u1ea5u canh thanh \u0111\u1ea1m v\u1edbi n\u01b0\u1edbc d\u00f9ng g\u00e0, c\u00e1.<\/p>\n<p><img decoding=\"async\" class=\"aligncenter  wp-image-42458\" src=\"https:\/\/havamall.com\/wp-content\/uploads\/2025\/10\/Sup-Dau-Non-Trung-Rong-Bien-Process-11.jpg\" alt=\"\" width=\"800\" height=\"800\" \/><\/p>\n<p data-start=\"2793\" data-end=\"3085\">M\u1ed9t b\u00e1t s\u00fap miso \u1ea5m n\u00f3ng th\u01b0\u1eddng \u0111\u01b0\u1ee3c ng\u01b0\u1eddi Nh\u1eadt d\u00f9ng v\u00e0o bu\u1ed5i s\u00e1ng \u0111\u1ec3 kh\u1edfi \u0111\u1ea7u ng\u00e0y m\u1edbi, ho\u1eb7c trong b\u1eefa t\u1ed1i \u0111\u1ec3 kh\u00e9p l\u1ea1i nh\u1ecbp s\u1ed1ng h\u1ed1i h\u1ea3. Gi\u1edd \u0111\u00e2y, v\u1edbi h\u1ed7n h\u1ee3p rong bi\u1ec3n, \u0111\u1eadu h\u0169 kh\u00f4 v\u00e0 h\u00e0nh t\u1eeb Marukome, tr\u1ea3i nghi\u1ec7m \u1ea5y tr\u1edf n\u00ean g\u1ea7n g\u0169i v\u00e0 d\u1ec5 d\u00e0ng h\u01a1n, ngay c\u1ea3 trong gian b\u1ebfp gia \u0111\u00ecnh Vi\u1ec7t Nam.\u00a0H\u1ed7n H\u1ee3p Rong Bi\u1ec3n, \u0110\u1eadu H\u0169 Kh\u00f4 V\u00e0 H\u00e0nh Nh\u1eadt B\u1ea3n Marukome 100g \u2013 Marukome Miso Soup Mix hi\u1ec7n \u0111ang \u0111\u01b0\u1ee3c b\u00e1n t\u1ea1i Havamall.<\/p>","protected":false},"excerpt":{"rendered":"<h3>\u0110\u1eccC K\u1ef8 ~ Ch\u00ednh s\u00e1ch giao h\u00e0ng t\u1ea1i Havamall<\/h3>\n<h4><b>1. Giao h\u00e0ng t\u1ea1i TP.HCM<\/b><\/h4>\n<ul>\n<li><b>\u0110\u1ed3 kh\u00f4 (Giao trong 1-2 ng\u00e0y sau khi \u0111\u01b0\u1ee3c g\u1ecdi x\u00e1c nh\u1eadn \u0111\u01a1n):<\/b>\n<ul>\n<li><b>Mi\u1ec5n ph\u00ed ship<\/b>\u00a0v\u1edbi \u0111\u01a1n\u00a0<em><strong>tr\u00ean 500.000\u20ab.\u00a0<\/strong>C<\/em>\u00e1c \u0111\u01a1n\u00a0<strong><em>d\u01b0\u1edbi 500.000\u20ab<\/em><\/strong>, ph\u00ed ship l\u00e0\u00a0<b>30.000\u20ab<\/b>.\u00a0<strong>Kh\u00f4ng \u00e1p d\u1ee5ng cho \u0111\u01a1n s\u1ec9, \u0111\u01a1n h\u00e0ng tr\u00ean 10kg, \u0111\u1ed3 \u0111\u00f4ng l\u1ea1nh ho\u1eb7c tr\u00e1i c\u00e2y.<\/strong><\/li>\n<\/ul>\n<\/li>\n<\/ul>\n<h4><b>2. Giao h\u00e0ng to\u00e0n qu\u1ed1c ( Ch\u1ec9\u00a0<\/b><b>\u0110\u1ed3 kh\u00f4: nh\u1eadn h\u00e0ng sau 3 \u2013 5 ng\u00e0y)<\/b><\/h4>\n<ul>\n<li><em>*Kh\u00f4ng \u00e1p d\u1ee5ng cho \u0111\u01a1n s\u1ec9, \u0111\u01a1n h\u00e0ng tr\u00ean 10kg*:\u00a0<\/em>Ph\u00ed ship m\u1eb7c \u0111\u1ecbnh\u00a0<b>30.000\u20ab.\u00a0<\/b>\u0110\u01a1n h\u00e0ng\u00a0<strong><em>tr\u00ean 2.000.000\u20ab ch\u1ec9 ch\u1ea5p nh\u1eadn thanh to\u00e1n chuy\u1ec3n kho\u1ea3n.<\/em><\/strong><\/li>\n<\/ul>\n<h4><b>3. L\u01b0u \u00fd chung<\/b><\/h4>\n<ul>\n<li>C\u00e1c m\u1eb7t h\u00e0ng c\u1ed3ng k\u1ec1nh, n\u1eb7ng tr\u00ean 5kg c\u00f3 th\u1ec3 ph\u00e1t sinh ph\u1ee5 ph\u00ed.<\/li>\n<li>M\u1ecdi th\u1eafc m\u1eafc kh\u00e1c vui l\u00f2ng li\u00ean h\u1ec7\u00a0<b>Hotline: 0946229642<\/b>\u00a0\u0111\u1ec3 \u0111\u01b0\u1ee3c h\u1ed7 tr\u1ee3.<\/li>\n<\/ul>","protected":false},"featured_media":42460,"comment_status":"open","ping_status":"closed","template":"","meta":[],"product_brand":[],"product_cat":[595,675],"product_tag":[],"class_list":{"0":"post-42459","1":"product","2":"type-product","3":"status-publish","4":"has-post-thumbnail","6":"product_cat-gia-vi-va-che-bien","7":"product_cat-nhap-khau-nhat-ban","9":"first","10":"instock","11":"sale","12":"shipping-taxable","13":"purchasable","14":"product-type-simple"},"_links":{"self":[{"href":"https:\/\/havamall.vn\/en\/wp-json\/wp\/v2\/product\/42459"}],"collection":[{"href":"https:\/\/havamall.vn\/en\/wp-json\/wp\/v2\/product"}],"about":[{"href":"https:\/\/havamall.vn\/en\/wp-json\/wp\/v2\/types\/product"}],"replies":[{"embeddable":true,"href":"https:\/\/havamall.vn\/en\/wp-json\/wp\/v2\/comments?post=42459"}],"version-history":[{"count":0,"href":"https:\/\/havamall.vn\/en\/wp-json\/wp\/v2\/product\/42459\/revisions"}],"wp:featuredmedia":[{"embeddable":true,"href":"https:\/\/havamall.vn\/en\/wp-json\/wp\/v2\/media\/42460"}],"wp:attachment":[{"href":"https:\/\/havamall.vn\/en\/wp-json\/wp\/v2\/media?parent=42459"}],"wp:term":[{"taxonomy":"product_brand","embeddable":true,"href":"https:\/\/havamall.vn\/en\/wp-json\/wp\/v2\/product_brand?post=42459"},{"taxonomy":"product_cat","embeddable":true,"href":"https:\/\/havamall.vn\/en\/wp-json\/wp\/v2\/product_cat?post=42459"},{"taxonomy":"product_tag","embeddable":true,"href":"https:\/\/havamall.vn\/en\/wp-json\/wp\/v2\/product_tag?post=42459"}],"curies":[{"name":"wp","href":"https:\/\/api.w.org\/{rel}","templated":true}]}}