{"id":42456,"date":"2025-10-04T11:05:58","date_gmt":"2025-10-04T04:05:58","guid":{"rendered":"https:\/\/havamall.vn\/?post_type=product&#038;p=42456"},"modified":"2026-03-26T15:39:28","modified_gmt":"2026-03-26T08:39:28","slug":"pho-mai-camembert-nhap-khau-phap-president-petit-hop-125g-president-petit-camembert-soft-ripened-cheese","status":"publish","type":"product","link":"https:\/\/havamall.vn\/en\/shop\/pho-mai-camembert-nhap-khau-phap-president-petit-hop-125g-president-petit-camembert-soft-ripened-cheese\/","title":{"rendered":"Ph\u00f4 Mai Camembert Nh\u1eadp Kh\u1ea9u Ph\u00e1p Pr\u00e9sident Petit H\u1ed9p 125g \u2013 Pr\u00e9sident Petit Camembert Soft-Ripened Cheese"},"content":{"rendered":"<blockquote>\n<h2><em><strong>TH\u00d4NG TIN CHUNG<\/strong><\/em><\/h2>\n<\/blockquote>\n<table style=\"width: 52.4358%;height: 168px\">\n<tbody>\n<tr>\n<td><b>Th\u01b0\u01a1ng hi\u1ec7u<\/b><\/td>\n<td>Pr\u00e9sident Petit<\/td>\n<\/tr>\n<tr>\n<td><b>Xu\u1ea5t x\u1ee9<\/b><\/td>\n<td>Ph\u00e1p<\/td>\n<\/tr>\n<tr>\n<td><b>Th\u00e0nh ph\u1ea7n<\/b><\/td>\n<td>Xem tr\u1ef1c ti\u1ebfp tr\u00ean bao b\u00ec<\/td>\n<\/tr>\n<tr>\n<td><b>H\u1ea1n s\u1eed d\u1ee5ng<\/b><\/td>\n<td>Xem tr\u1ef1c ti\u1ebfp tr\u00ean bao b\u00ec<\/td>\n<\/tr>\n<tr>\n<td><b>B\u1ea3o qu\u1ea3n<\/b><\/td>\n<td>B\u1ea3o qu\u1ea3n n\u01a1i kh\u00f4 r\u00e1o, tho\u00e1ng m\u00e1t<\/td>\n<\/tr>\n<tr>\n<td><b>Kh\u1ed1i l\u01b0\u1ee3ng<\/b><\/td>\n<td>125g<\/td>\n<\/tr>\n<\/tbody>\n<\/table>\n<p data-start=\"357\" data-end=\"773\">Trong kho t\u00e0ng \u1ea9m th\u1ef1c Ph\u00e1p, ph\u00f4 mai lu\u00f4n chi\u1ebfm m\u1ed9t v\u1ecb tr\u00ed \u0111\u1eb7c bi\u1ec7t, \u0111\u01b0\u1ee3c coi nh\u01b0 tinh hoa c\u1ee7a s\u1ef1 tinh t\u1ebf v\u00e0 s\u00e1ng t\u1ea1o. Gi\u1eefa h\u00e0ng tr\u0103m lo\u1ea1i ph\u00f4 mai v\u1edbi h\u01b0\u01a1ng v\u1ecb v\u00e0 k\u1ebft c\u1ea5u kh\u00e1c nhau, Camembert l\u00e0 m\u1ed9t trong nh\u1eefng c\u00e1i t\u00ean \u0111\u01b0\u1ee3c y\u00eau th\u00edch nh\u1ea5t. V\u1edbi l\u1edbp v\u1ecf m\u1ed1c tr\u1eafng \u0111\u1eb7c tr\u01b0ng v\u00e0 ph\u1ea7n ru\u1ed9t m\u1ec1m m\u1ecbn, Camembert mang \u0111\u1ebfn tr\u1ea3i nghi\u1ec7m h\u01b0\u01a1ng v\u1ecb v\u1eeba tinh t\u1ebf v\u1eeba g\u1ea7n g\u0169i, tr\u1edf th\u00e0nh bi\u1ec3u t\u01b0\u1ee3ng c\u1ee7a s\u1ef1 c\u00e2n b\u1eb1ng trong \u1ea9m th\u1ef1c Ph\u00e1p.<\/p>\n<p data-start=\"775\" data-end=\"1114\">Petit Camembert Pr\u00e9sident ch\u00ednh l\u00e0 m\u1ed9t trong nh\u1eefng l\u1ef1a ch\u1ecdn ti\u00eau bi\u1ec3u, \u0111\u01b0\u1ee3c s\u1ea3n xu\u1ea5t t\u1ea1i Ph\u00e1p v\u1edbi k\u1ef9 thu\u1eadt ch\u1ebf bi\u1ebfn chu\u1ea9n m\u1ef1c, l\u01b0u gi\u1eef tr\u1ecdn v\u1eb9n phong c\u00e1ch ph\u00f4 mai m\u1ec1m ch\u00edn t\u1edbi (soft-ripened cheese). Nh\u1ecf g\u1ecdn nh\u01b0ng \u0111\u1ea7y \u0111\u1ee7 h\u01b0\u01a1ng v\u1ecb, lo\u1ea1i ph\u00f4 mai n\u00e0y th\u00edch h\u1ee3p cho c\u1ea3 nh\u1eefng ai \u0111\u00e3 quen thu\u1ed9c l\u1eabn nh\u1eefng ng\u01b0\u1eddi m\u1edbi b\u1eaft \u0111\u1ea7u kh\u00e1m ph\u00e1 ph\u00f4 mai Ph\u00e1p.<\/p>\n<p data-start=\"775\" data-end=\"1114\"><img fetchpriority=\"high\" decoding=\"async\" class=\"aligncenter wp-image-42451\" src=\"https:\/\/havamall.com\/wp-content\/uploads\/2025\/10\/1000628155001_i2_1200.avif\" alt=\"\" width=\"800\" height=\"800\" \/><\/p>\n<blockquote>\n<h2 data-start=\"1121\" data-end=\"1157\"><em><strong data-start=\"1124\" data-end=\"1157\">\u0110\u1eb7c tr\u01b0ng h\u01b0\u01a1ng v\u1ecb v\u00e0 k\u1ebft c\u1ea5u<\/strong><\/em><\/h2>\n<\/blockquote>\n<p data-start=\"1159\" data-end=\"1392\">Camembert thu\u1ed9c nh\u00f3m ph\u00f4 mai m\u1ec1m, \u0111\u01b0\u1ee3c ph\u1ee7 ngo\u00e0i b\u1eb1ng l\u1edbp m\u1ed1c tr\u1eafng (Penicillium camemberti) gi\u00fap qu\u00e1 tr\u00ecnh ch\u00edn di\u1ec5n ra t\u1eeb ngo\u00e0i v\u00e0o trong. Khi c\u1eaft mi\u1ebfng ph\u00f4 mai, c\u00f3 th\u1ec3 th\u1ea5y r\u00f5 ph\u1ea7n v\u1ecf m\u1ecbn nh\u1eb9 \u00f4m l\u1ea5y ph\u1ea7n ru\u1ed9t v\u00e0ng ng\u00e0 b\u00ean trong.<\/p>\n<p data-start=\"1394\" data-end=\"1632\">\u2013 Ph\u1ea7n ru\u1ed9t: m\u1ec1m m\u01b0\u1ee3t, d\u1ebbo v\u00e0 c\u00f3 \u0111\u1ed9 ch\u1ea3y nh\u1eb9 khi \u0111\u1ec3 \u1edf nhi\u1ec7t \u0111\u1ed9 ph\u00f2ng. V\u1ecb b\u00e9o ng\u1eady nh\u01b0ng kh\u00f4ng qu\u00e1 n\u1eb7ng, xen l\u1eabn ch\u00fat ng\u1ecdt v\u00e0 h\u1eadu v\u1ecb tho\u1ea3ng v\u1ecb n\u1ea5m.<br data-start=\"1540\" data-end=\"1543\" \/>\u2013 Ph\u1ea7n v\u1ecf: m\u1ecfng, tinh t\u1ebf, mang h\u01b0\u01a1ng nh\u1eb9 nh\u00e0ng, g\u00f3p ph\u1ea7n l\u00e0m c\u00e2n b\u1eb1ng v\u1ecb b\u00e9o b\u00ean trong.<\/p>\n<p data-start=\"1634\" data-end=\"1891\">H\u01b0\u01a1ng v\u1ecb c\u1ee7a Petit Camembert Pr\u00e9sident ph\u00e1t tri\u1ec3n d\u1ea7n theo th\u1eddi gian ch\u00edn, t\u1eeb v\u1ecb d\u1ecbu nh\u1eb9, t\u01b0\u01a1i m\u00e1t, d\u1ec5 \u0103n, khi \u0111\u1ec3 l\u00e2u h\u01a1n, ph\u00f4 mai tr\u1edf n\u00ean \u0111\u1eadm \u0111\u00e0, h\u01b0\u01a1ng n\u1ed3ng h\u01a1n v\u00e0 mang s\u1eafc th\u00e1i tr\u00f2n \u0111\u1ea7y, ph\u00f9 h\u1ee3p v\u1edbi nh\u1eefng ng\u01b0\u1eddi y\u00eau th\u00edch v\u1ecb ph\u00f4 mai c\u00e1 t\u00ednh.<\/p>\n<p data-start=\"1634\" data-end=\"1891\"><img decoding=\"async\" class=\"aligncenter wp-image-42452\" src=\"https:\/\/havamall.com\/wp-content\/uploads\/2025\/10\/1000628155001_i4_1200.avif\" alt=\"\" width=\"801\" height=\"801\" \/><\/p>\n<blockquote>\n<h2 data-start=\"1898\" data-end=\"1931\"><em><strong data-start=\"1901\" data-end=\"1931\">C\u00e1ch th\u01b0\u1edfng th\u1ee9c Camembert<\/strong><\/em><\/h2>\n<\/blockquote>\n<p data-start=\"1933\" data-end=\"2146\">Ph\u00f4 mai Camembert th\u01b0\u1eddng \u0111\u01b0\u1ee3c d\u00f9ng theo c\u00e1ch \u0111\u01a1n gi\u1ea3n nh\u1ea5t: c\u1eaft th\u00e0nh mi\u1ebfng nh\u1ecf, \u0103n c\u00f9ng b\u00e1nh m\u00ec n\u01b0\u1edbng gi\u00f2n ho\u1eb7c b\u00e1nh quy m\u1eb7n. V\u1ecb b\u00e9o m\u01b0\u1ee3t c\u1ee7a ph\u00f4 mai k\u1ebft h\u1ee3p v\u1edbi \u0111\u1ed9 gi\u00f2n nh\u1eb9 c\u1ee7a b\u00e1nh t\u1ea1o n\u00ean s\u1ef1 h\u00e0i h\u00f2a d\u1ec5 ch\u1ecbu.<\/p>\n<p data-start=\"2148\" data-end=\"2393\">\u2013 \u0102n k\u00e8m b\u00e1nh m\u00ec baguette \u2013 ki\u1ec3u k\u1ebft h\u1ee3p c\u1ed5 \u0111i\u1ec3n t\u1ea1i Ph\u00e1p.<br data-start=\"2206\" data-end=\"2209\" \/>\u2013 D\u00f9ng v\u1edbi qu\u1ea3 \u00f3c ch\u00f3, nho kh\u00f4 ho\u1eb7c m\u1ee9t tr\u00e1i c\u00e2y \u0111\u1ec3 c\u00e2n b\u1eb1ng v\u1ecb b\u00e9o.<br data-start=\"2277\" data-end=\"2280\" \/>\u2013 Th\u01b0\u1edfng th\u1ee9c c\u00f9ng r\u01b0\u1ee3u vang tr\u1eafng nh\u01b0 Chardonnay, Sauvignon Blanc ho\u1eb7c m\u1ed9t ly r\u01b0\u1ee3u vang \u0111\u1ecf nh\u1eb9 nh\u01b0 Pinot Noir.<\/p>\n<p data-start=\"2395\" data-end=\"2604\">Ngo\u00e0i c\u00e1ch \u0103n tr\u1ef1c ti\u1ebfp, Camembert c\u00f2n c\u00f3 th\u1ec3 \u0111\u01b0\u1ee3c d\u00f9ng trong n\u1ea5u n\u01b0\u1edbng: n\u01b0\u1edbng nguy\u00ean b\u00e1nh cho l\u1edbp v\u1ecf gi\u00f2n nh\u1eb9, ru\u1ed9t tan ch\u1ea3y; l\u00e0m nh\u00e2n b\u00e1nh m\u1eb7n; ho\u1eb7c th\u00eam v\u00e0o c\u00e1c m\u00f3n salad, pasta \u0111\u1ec3 t\u1ea1o chi\u1ec1u s\u00e2u h\u01b0\u01a1ng v\u1ecb.<\/p>\n<p data-start=\"2395\" data-end=\"2604\"><img decoding=\"async\" class=\"aligncenter wp-image-42453\" src=\"https:\/\/havamall.com\/wp-content\/uploads\/2025\/10\/1000628155001_i1_1200.avif\" alt=\"\" width=\"801\" height=\"801\" \/><\/p>\n<p data-start=\"2649\" data-end=\"3099\">Camembert kh\u00f4ng ch\u1ec9 \u0111\u01a1n thu\u1ea7n l\u00e0 m\u1ed9t lo\u1ea1i ph\u00f4 mai, m\u00e0 c\u00f2n l\u00e0 bi\u1ec3u t\u01b0\u1ee3ng c\u1ee7a phong c\u00e1ch s\u1ed1ng Ph\u00e1p \u2013 tinh t\u1ebf, gi\u1ea3n d\u1ecb v\u00e0 g\u1ea7n g\u0169i. M\u1ed9t b\u1eefa \u0103n nh\u1eb9 v\u1edbi b\u00e1nh m\u00ec, ph\u00f4 mai v\u00e0 ly r\u01b0\u1ee3u vang l\u00e0 h\u00ecnh \u1ea3nh th\u01b0\u1eddng th\u1ea5y trong \u0111\u1eddi s\u1ed1ng th\u01b0\u1eddng nh\u1eadt t\u1ea1i nhi\u1ec1u v\u00f9ng \u0111\u1ea5t c\u1ee7a n\u01b0\u1edbc Ph\u00e1p. Petit Camembert Pr\u00e9sident, v\u1edbi k\u00edch c\u1ee1 v\u1eeba v\u1eb7n v\u00e0 h\u01b0\u01a1ng v\u1ecb chu\u1ea9n m\u1ef1c, mang l\u1ea1i s\u1ef1 ti\u1ec7n l\u1ee3i \u0111\u1ec3 b\u1ea5t c\u1ee9 ai c\u0169ng c\u00f3 th\u1ec3 c\u1ea3m nh\u1eadn ph\u1ea7n n\u00e0o tinh th\u1ea7n \u1ea9m th\u1ef1c \u1ea5y ngay trong b\u1eefa \u0103n h\u00e0ng ng\u00e0y.<\/p>\n<p data-start=\"2649\" data-end=\"3099\"><img loading=\"lazy\" decoding=\"async\" class=\"aligncenter wp-image-42450\" src=\"https:\/\/havamall.com\/wp-content\/uploads\/2025\/10\/1000628155001_i3_1200.webp\" alt=\"\" width=\"801\" height=\"801\" \/><\/p>\n<p data-start=\"3478\" data-end=\"3762\">V\u1edbi Petit Camembert Pr\u00e9sident, m\u1ed7i mi\u1ebfng ph\u00f4 mai \u0111\u1ec1u l\u00e0 m\u1ed9t l\u00e1t c\u1eaft nh\u1ecf mang theo h\u01b0\u01a1ng v\u1ecb truy\u1ec1n th\u1ed1ng Ph\u00e1p. M\u1ec1m, m\u01b0\u1ee3t, b\u00e9o ng\u1eady nh\u01b0ng tinh t\u1ebf, lo\u1ea1i ph\u00f4 mai n\u00e0y kh\u00f4ng ch\u1ec9 l\u00e0m phong ph\u00fa th\u00eam b\u1eefa \u0103n, m\u00e0 c\u00f2n m\u1edf ra c\u00e1nh c\u1eeda \u0111\u1ec3 c\u1ea3m nh\u1eadn tinh th\u1ea7n \u1ea9m th\u1ef1c ch\u00e2u \u00c2u theo c\u00e1ch g\u1ea7n g\u0169i nh\u1ea5t. Petit Camembert Pr\u00e9sident \u2013 ph\u00f4 mai m\u1ec1m ch\u00edn t\u1edbi chu\u1ea9n Ph\u00e1p, hi\u1ec7n \u0111ang \u0111\u01b0\u1ee3c b\u00e1n t\u1ea1i Havamall.<\/p>","protected":false},"excerpt":{"rendered":"<p><b>L\u01afU \u00dd QUAN TR\u1eccNG V\u1ec0 GIAO H\u00c0NG<\/b><\/p>\n<ul>\n<li>\u0110\u1ec3 \u0111\u1ea3m b\u1ea3o ch\u1ea5t l\u01b0\u1ee3ng, c\u00e1c s\u1ea3n ph\u1ea9m tr\u00e1i c\u00e2y \u0111\u00f4ng l\u1ea1nh v\u00e0 \u0111\u1ed3 \u0111\u00f4ng l\u1ea1i\u00a0<b>ch\u1ec9 \u0111\u01b0\u1ee3c giao h\u1ecfa t\u1ed1c<\/b>\u00a0trong khu v\u1ef1c\u00a0<strong>TP.HCM<\/strong>.<\/li>\n<li><b>Ph\u00ed ship:<\/b>\n<ul>\n<li>D\u01b0\u1edbi 5km: 30.000\u20ab<\/li>\n<li>Tr\u00ean 5km: Ph\u00ed giao h\u00e0ng s\u1ebd t\u00ednh theo gi\u00e1 c\u1ee7a \u1ee9ng d\u1ee5ng d\u1ecbch v\u1ee5 v\u1eadn chuy\u1ec3n.<\/li>\n<\/ul>\n<\/li>\n<li><b>\u0110\u1ecba ch\u1ec9 c\u1eeda h\u00e0ng:<\/b>\u00a0H\u1ebbm 112, s\u1ed1 114A B\u1ea1ch \u0110\u1eb1ng, Ph\u01b0\u1eddng 2, Qu\u1eadn T\u00e2n B\u00ecnh. B\u1ea1n c\u00f3 th\u1ec3 ki\u1ec3m tra kho\u1ea3ng c\u00e1ch tr\u01b0\u1edbc khi \u0111\u1eb7t h\u00e0ng.<\/li>\n<li><b>Mi\u1ec5n ph\u00ed giao h\u00e0ng:<\/b>\u00a0\u00c1p d\u1ee5ng cho \u0111\u01a1n h\u00e0ng tr\u00e1i c\u00e2y \u0111\u00f4ng l\u1ea1nh t\u1eeb 4kg ho\u1eb7c c\u00f3 gi\u00e1 tr\u1ecb t\u1eeb 1.500.000\u20ab.<\/li>\n<\/ul>","protected":false},"featured_media":44743,"comment_status":"open","ping_status":"closed","template":"","meta":[],"product_brand":[],"product_cat":[671,275],"product_tag":[],"class_list":{"0":"post-42456","1":"product","2":"type-product","3":"status-publish","4":"has-post-thumbnail","6":"product_cat-nhap-khau-phap","7":"product_cat-thuc-pham-dong-lanh","9":"first","10":"instock","11":"sale","12":"shipping-taxable","13":"purchasable","14":"product-type-simple"},"_links":{"self":[{"href":"https:\/\/havamall.vn\/en\/wp-json\/wp\/v2\/product\/42456"}],"collection":[{"href":"https:\/\/havamall.vn\/en\/wp-json\/wp\/v2\/product"}],"about":[{"href":"https:\/\/havamall.vn\/en\/wp-json\/wp\/v2\/types\/product"}],"replies":[{"embeddable":true,"href":"https:\/\/havamall.vn\/en\/wp-json\/wp\/v2\/comments?post=42456"}],"version-history":[{"count":0,"href":"https:\/\/havamall.vn\/en\/wp-json\/wp\/v2\/product\/42456\/revisions"}],"wp:featuredmedia":[{"embeddable":true,"href":"https:\/\/havamall.vn\/en\/wp-json\/wp\/v2\/media\/44743"}],"wp:attachment":[{"href":"https:\/\/havamall.vn\/en\/wp-json\/wp\/v2\/media?parent=42456"}],"wp:term":[{"taxonomy":"product_brand","embeddable":true,"href":"https:\/\/havamall.vn\/en\/wp-json\/wp\/v2\/product_brand?post=42456"},{"taxonomy":"product_cat","embeddable":true,"href":"https:\/\/havamall.vn\/en\/wp-json\/wp\/v2\/product_cat?post=42456"},{"taxonomy":"product_tag","embeddable":true,"href":"https:\/\/havamall.vn\/en\/wp-json\/wp\/v2\/product_tag?post=42456"}],"curies":[{"name":"wp","href":"https:\/\/api.w.org\/{rel}","templated":true}]}}