{"id":41773,"date":"2025-09-26T15:56:56","date_gmt":"2025-09-26T08:56:56","guid":{"rendered":"https:\/\/havamall.vn\/?post_type=product&#038;p=41773"},"modified":"2025-09-26T15:58:39","modified_gmt":"2025-09-26T08:58:39","slug":"banh-xop-vi-vani-nhap-khau-y-loacker-quadratini-125g-loacker-quadratini-vani","status":"publish","type":"product","link":"https:\/\/havamall.vn\/en\/shop\/banh-xop-vi-vani-nhap-khau-y-loacker-quadratini-125g-loacker-quadratini-vani\/","title":{"rendered":"B\u00e1nh X\u1ed1p V\u1ecb Vani Nh\u1eadp Kh\u1ea9u \u00dd Loacker Quadratini 125g \u2013 Loacker Quadratini Vani"},"content":{"rendered":"<blockquote>\n<h2><em><strong>TH\u00d4NG TIN CHUNG<\/strong><\/em><\/h2>\n<\/blockquote>\n<table style=\"width: 58.8268%;height: 141px\">\n<tbody>\n<tr>\n<td><b>Th\u01b0\u01a1ng hi\u1ec7u<\/b><\/td>\n<td>Loacker<\/td>\n<\/tr>\n<tr>\n<td><b>Xu\u1ea5t x\u1ee9<\/b><\/td>\n<td>\u00dd<\/td>\n<\/tr>\n<tr>\n<td><b>Th\u00e0nh ph\u1ea7n<\/b><\/td>\n<td>Xem tr\u1ef1c ti\u1ebfp tr\u00ean bao b\u00ec<\/td>\n<\/tr>\n<tr>\n<td><b>H\u1ea1n s\u1eed d\u1ee5ng<\/b><\/td>\n<td>Xem tr\u1ef1c ti\u1ebfp tr\u00ean bao b\u00ec<\/td>\n<\/tr>\n<tr>\n<td><b>B\u1ea3o qu\u1ea3n<\/b><\/td>\n<td>B\u1ea3o qu\u1ea3n n\u01a1i kh\u00f4 r\u00e1o, tho\u00e1ng m\u00e1t<\/td>\n<\/tr>\n<tr>\n<td><b>Kh\u1ed1i l\u01b0\u1ee3ng<\/b><\/td>\n<td>125g<\/td>\n<\/tr>\n<\/tbody>\n<\/table>\n<p data-start=\"157\" data-end=\"725\">\u1ea8m th\u1ef1c ng\u1ecdt ng\u00e0o c\u1ee7a n\u01b0\u1edbc \u00dd kh\u00f4ng ch\u1ec9 d\u1eebng l\u1ea1i \u1edf nh\u1eefng chi\u1ebfc gelato m\u00e1t l\u1ea1nh hay tiramisu tinh t\u1ebf, m\u00e0 c\u00f2n hi\u1ec7n di\u1ec7n trong nh\u1eefng chi\u1ebfc b\u00e1nh nh\u1ecf b\u00e9 nh\u01b0ng \u1ea9n ch\u1ee9a c\u1ea3 m\u1ed9t h\u00e0nh tr\u00ecnh s\u00e1ng t\u1ea1o l\u00e2u \u0111\u1eddi, n\u01a1i m\u00e0 b\u1ed9t, b\u01a1, \u0111\u01b0\u1eddng v\u00e0 h\u01b0\u01a1ng li\u1ec7u t\u1ef1 nhi\u00ean h\u00f2a quy\u1ec7n v\u1edbi nhau \u0111\u1ec3 mang \u0111\u1ebfn s\u1ef1 c\u00e2n b\u1eb1ng gi\u1eefa v\u1ecb gi\u00f2n tan v\u00e0 h\u01b0\u01a1ng ng\u1ecdt thanh khi ch\u1ea1m v\u00e0o \u0111\u1ea7u l\u01b0\u1ee1i. M\u1ed9t trong nh\u1eefng bi\u1ec3u t\u01b0\u1ee3ng \u0111\u01b0\u1ee3c nh\u1eafc \u0111\u1ebfn nhi\u1ec1u trong d\u00f2ng b\u00e1nh wafer \u00dd ch\u00ednh l\u00e0 nh\u1eefng kh\u1ed1i b\u00e1nh vu\u00f4ng v\u1ee9c, nh\u1ecf nh\u1eafn, mang theo h\u01b0\u01a1ng vanilla nh\u1eb9 nh\u00e0ng, t\u1ea1o n\u00ean s\u1ef1 g\u1eafn k\u1ebft gi\u1eefa truy\u1ec1n th\u1ed1ng v\u00e0 hi\u1ec7n \u0111\u1ea1i trong t\u1eebng l\u1edbp b\u00e1nh.<\/p>\n<p data-start=\"157\" data-end=\"725\"><img fetchpriority=\"high\" decoding=\"async\" class=\"aligncenter wp-image-42298\" src=\"https:\/\/havamall.com\/wp-content\/uploads\/2025\/09\/336971620_1251222652471330_2363721846147141578_n.jpg\" alt=\"\" width=\"800\" height=\"800\" \/><\/p>\n<p data-start=\"727\" data-end=\"1215\">B\u00e1nh wafer vanilla Loacker Quadratini l\u00e0 minh ch\u1ee9ng r\u00f5 r\u1ec7t cho ngh\u1ec7 thu\u1eadt ch\u1ebf bi\u1ebfn b\u00e1nh ng\u1ecdt \u00dd, n\u01a1i h\u00ecnh d\u00e1ng \u0111\u01b0\u1ee3c thi\u1ebft k\u1ebf th\u00e0nh t\u1eebng kh\u1ed1i vu\u00f4ng nh\u1ecf xinh, k\u1ebft c\u1ea5u v\u1edbi nhi\u1ec1u l\u1edbp wafer m\u1ecfng \u0111\u01b0\u1ee3c n\u01b0\u1edbng v\u00e0ng \u0111\u1ec1u, kh\u00f4ng qu\u00e1 c\u1ee9ng c\u0169ng kh\u00f4ng qu\u00e1 m\u1ec1m, gi\u1eef \u0111\u01b0\u1ee3c \u0111\u1ed9 gi\u00f2n l\u00e2u ngay c\u1ea3 khi \u0111\u1ec3 b\u00ean ngo\u00e0i kh\u00f4ng kh\u00ed. L\u1edbp kem vanilla \u0111\u01b0\u1ee3c k\u1eb9p \u1edf gi\u1eefa c\u00f3 \u0111\u1ed9 d\u00e0y v\u1eeba ph\u1ea3i, v\u1ecb ng\u1ecdt d\u1ecbu v\u00e0 thanh, kh\u00f4ng g\u00e2y ng\u1ea5y, m\u00e0 thay v\u00e0o \u0111\u00f3 l\u00e0 c\u1ea3m gi\u00e1c b\u00e9o m\u1ecbn v\u00e0 h\u01b0\u01a1ng th\u01a1m nh\u1eb9, h\u00f2a quy\u1ec7n nh\u1ecbp nh\u00e0ng c\u00f9ng t\u1eebng l\u1edbp b\u00e1nh.<\/p>\n<p data-start=\"727\" data-end=\"1215\"><img decoding=\"async\" class=\"aligncenter wp-image-42310\" src=\"https:\/\/havamall.com\/wp-content\/uploads\/2025\/09\/367985913_1098476407782152_948464971465838257_n.jpg\" alt=\"\" width=\"800\" height=\"800\" \/><\/p>\n<p data-start=\"1217\" data-end=\"1705\">H\u01b0\u01a1ng vanilla trong Quadratini mang \u0111\u1ebfn s\u1ef1 d\u1ec5 ch\u1ecbu, g\u1ee3i nh\u1edb \u0111\u1ebfn s\u1ef1 tinh khi\u1ebft v\u00e0 d\u1ecbu d\u00e0ng, kh\u00f4ng n\u1ed3ng g\u1eaft m\u00e0 thoang tho\u1ea3ng, l\u00e0m cho m\u00f3n b\u00e1nh tr\u1edf n\u00ean thanh tho\u00e1t v\u00e0 d\u1ec5 \u0103n, kh\u00f4ng b\u1ecb nh\u00e0m ch\u00e1n d\u00f9 th\u01b0\u1edfng th\u1ee9c nhi\u1ec1u l\u1ea7n. V\u1ecb ng\u1ecdt nh\u1eb9 \u1edf h\u1eadu v\u1ecb lan t\u1ecfa \u00eam \u00e1i, \u0111\u1ec3 l\u1ea1i c\u1ea3m gi\u00e1c c\u00e2n b\u1eb1ng v\u00e0 tho\u1ea3i m\u00e1i, khi\u1ebfn ng\u01b0\u1eddi \u0103n d\u1ec5 d\u00e0ng mu\u1ed1n nh\u00e2m nhi th\u00eam. M\u1ed7i vi\u00ean b\u00e1nh nh\u01b0 m\u1ed9t s\u1ef1 k\u1ebft h\u1ee3p h\u00e0i h\u00f2a gi\u1eefa \u0111\u1ed9 gi\u00f2n, \u0111\u1ed9 m\u1ecbn v\u00e0 h\u01b0\u01a1ng th\u01a1m vanilla \u0111\u1eb7c tr\u01b0ng, t\u1ea5t c\u1ea3 quy\u1ec7n l\u1ea1i th\u00e0nh m\u1ed9t t\u1ed5ng th\u1ec3 nh\u1eb9 nh\u00e0ng m\u00e0 tinh t\u1ebf.<\/p>\n<p data-start=\"1217\" data-end=\"1705\"><img decoding=\"async\" class=\"aligncenter\" src=\"https:\/\/havamall.com\/wp-content\/uploads\/2025\/09\/8000380005949.3.jpg\" alt=\"B\u00e1nh x\u1ed1p k\u1eb9p kem v\u1ecb vani Loacker Quadratini 250g\" width=\"801\" height=\"801\" \/><\/p>\n<p data-start=\"1707\" data-end=\"2144\">Kh\u00f4ng ch\u1ec9 h\u1ea5p d\u1eabn b\u1edfi h\u01b0\u01a1ng v\u1ecb, Loacker Quadratini c\u00f2n mang \u0111\u1ebfn s\u1ef1 ti\u1ec7n l\u1ee3i trong c\u00e1ch th\u01b0\u1edfng th\u1ee9c, b\u00e1nh th\u00edch h\u1ee3p \u0111\u1ec3 \u0103n v\u1eb7t h\u1eb1ng ng\u00e0y, d\u00f9ng k\u00e8m tr\u00e0 ho\u1eb7c c\u00e0 ph\u00ea, ho\u1eb7c tr\u1edf th\u00e0nh m\u00f3n tr\u00e1ng mi\u1ec7ng nh\u1eb9 nh\u00e0ng sau b\u1eefa \u0103n; khi k\u1ebft h\u1ee3p v\u1edbi c\u00e0 ph\u00ea espresso \u00dd, v\u1ecb thanh d\u1ecbu c\u1ee7a vanilla n\u1ed5i b\u1eadt tr\u00ean n\u1ec1n \u0111\u1eafng, t\u1ea1o s\u1ef1 c\u00e2n b\u1eb1ng th\u00fa v\u1ecb; khi th\u01b0\u1edfng th\u1ee9c c\u00f9ng tr\u00e0 xanh, h\u01b0\u01a1ng th\u01a1m vanilla l\u1ea1i c\u00e0ng th\u00eam tinh t\u1ebf, l\u00e0m kh\u1ea9u v\u1ecb tr\u1edf n\u00ean phong ph\u00fa v\u00e0 m\u1edbi m\u1ebb.<\/p>\n<p data-start=\"1707\" data-end=\"2144\"><img loading=\"lazy\" decoding=\"async\" class=\"aligncenter wp-image-42311\" src=\"https:\/\/havamall.com\/wp-content\/uploads\/2025\/09\/547997393_18377575087180982_1171980645850813649_n.jpg\" alt=\"\" width=\"800\" height=\"999\" \/><\/p>\n<p data-start=\"2146\" data-end=\"2545\">Truy\u1ec1n th\u1ed1ng l\u00e0m b\u00e1nh wafer \u00dd v\u1ed1n \u0111\u00e3 n\u1ed5i ti\u1ebfng t\u1eeb l\u00e2u, v\u00e0 Quadratini mang trong m\u00ecnh tinh th\u1ea7n \u1ea5y m\u1ed9t c\u00e1ch r\u00f5 n\u00e9t. N\u00f3 kh\u00f4ng t\u00ecm c\u00e1ch tr\u1edf n\u00ean qu\u00e1 c\u1ea7u k\u1ef3, kh\u00f4ng c\u1ea7n l\u1edbp trang tr\u00ed ph\u1ee9c t\u1ea1p, ch\u1ec9 \u0111\u01a1n gi\u1ea3n l\u00e0 s\u1ef1 k\u1ebft h\u1ee3p kh\u00e9o l\u00e9o gi\u1eefa b\u00e1nh gi\u00f2n v\u00e0 kem vanilla, nh\u01b0ng l\u1ea1i \u0111\u1ea1t \u0111\u1ebfn s\u1ef1 c\u00e2n b\u1eb1ng m\u00e0 kh\u00f4ng ph\u1ea3i lo\u1ea1i b\u00e1nh n\u00e0o c\u0169ng l\u00e0m \u0111\u01b0\u1ee3c. B\u00e1nh wafer vanilla Loacker Quadratini hi\u1ec7n \u0111ang \u0111\u01b0\u1ee3c b\u00e1n t\u1ea1i Havamall.<\/p>","protected":false},"excerpt":{"rendered":"<h3>\u0110\u1eccC K\u1ef8 ~ Ch\u00ednh s\u00e1ch giao h\u00e0ng t\u1ea1i Havamall<\/h3>\n<h4><b>1. Giao h\u00e0ng t\u1ea1i TP.HCM<\/b><\/h4>\n<ul>\n<li><b>\u0110\u1ed3 kh\u00f4 (Giao trong 1-2 ng\u00e0y sau khi \u0111\u01b0\u1ee3c g\u1ecdi x\u00e1c nh\u1eadn \u0111\u01a1n):<\/b>\n<ul>\n<li><b>Mi\u1ec5n ph\u00ed ship<\/b>\u00a0v\u1edbi \u0111\u01a1n\u00a0<em><strong>tr\u00ean 500.000\u20ab.\u00a0<\/strong>C<\/em>\u00e1c \u0111\u01a1n\u00a0<strong><em>d\u01b0\u1edbi 500.000\u20ab<\/em><\/strong>, ph\u00ed ship l\u00e0\u00a0<b>30.000\u20ab<\/b>.\u00a0<strong>Kh\u00f4ng \u00e1p d\u1ee5ng cho \u0111\u01a1n s\u1ec9, \u0111\u01a1n h\u00e0ng tr\u00ean 10kg, \u0111\u1ed3 \u0111\u00f4ng l\u1ea1nh ho\u1eb7c tr\u00e1i c\u00e2y.<\/strong><\/li>\n<\/ul>\n<\/li>\n<\/ul>\n<h4><b>2. Giao h\u00e0ng to\u00e0n qu\u1ed1c ( Ch\u1ec9\u00a0<\/b><b>\u0110\u1ed3 kh\u00f4: nh\u1eadn h\u00e0ng sau 3 \u2013 5 ng\u00e0y)<\/b><\/h4>\n<ul>\n<li><em>*Kh\u00f4ng \u00e1p d\u1ee5ng cho \u0111\u01a1n s\u1ec9, \u0111\u01a1n h\u00e0ng tr\u00ean 10kg*:\u00a0<\/em>Ph\u00ed ship m\u1eb7c \u0111\u1ecbnh\u00a0<b>30.000\u20ab.\u00a0<\/b>\u0110\u01a1n h\u00e0ng\u00a0<strong><em>tr\u00ean 2.000.000\u20ab ch\u1ec9 ch\u1ea5p nh\u1eadn thanh to\u00e1n chuy\u1ec3n kho\u1ea3n.<\/em><\/strong><\/li>\n<\/ul>\n<h4><b>3. L\u01b0u \u00fd chung<\/b><\/h4>\n<ul>\n<li>C\u00e1c m\u1eb7t h\u00e0ng c\u1ed3ng k\u1ec1nh, n\u1eb7ng tr\u00ean 5kg c\u00f3 th\u1ec3 ph\u00e1t sinh ph\u1ee5 ph\u00ed.<\/li>\n<li>M\u1ecdi th\u1eafc m\u1eafc kh\u00e1c vui l\u00f2ng li\u00ean h\u1ec7\u00a0<b>Hotline: 0946229642<\/b>\u00a0\u0111\u1ec3 \u0111\u01b0\u1ee3c h\u1ed7 tr\u1ee3.<\/li>\n<\/ul>","protected":false},"featured_media":41774,"comment_status":"open","ping_status":"closed","template":"","meta":[],"product_brand":[],"product_cat":[672,133],"product_tag":[],"class_list":{"0":"post-41773","1":"product","2":"type-product","3":"status-publish","4":"has-post-thumbnail","6":"product_cat-nhap-khau-y","7":"product_cat-banh-keo-chocolate","9":"first","10":"instock","11":"sale","12":"shipping-taxable","13":"purchasable","14":"product-type-simple"},"_links":{"self":[{"href":"https:\/\/havamall.vn\/en\/wp-json\/wp\/v2\/product\/41773"}],"collection":[{"href":"https:\/\/havamall.vn\/en\/wp-json\/wp\/v2\/product"}],"about":[{"href":"https:\/\/havamall.vn\/en\/wp-json\/wp\/v2\/types\/product"}],"replies":[{"embeddable":true,"href":"https:\/\/havamall.vn\/en\/wp-json\/wp\/v2\/comments?post=41773"}],"version-history":[{"count":0,"href":"https:\/\/havamall.vn\/en\/wp-json\/wp\/v2\/product\/41773\/revisions"}],"wp:featuredmedia":[{"embeddable":true,"href":"https:\/\/havamall.vn\/en\/wp-json\/wp\/v2\/media\/41774"}],"wp:attachment":[{"href":"https:\/\/havamall.vn\/en\/wp-json\/wp\/v2\/media?parent=41773"}],"wp:term":[{"taxonomy":"product_brand","embeddable":true,"href":"https:\/\/havamall.vn\/en\/wp-json\/wp\/v2\/product_brand?post=41773"},{"taxonomy":"product_cat","embeddable":true,"href":"https:\/\/havamall.vn\/en\/wp-json\/wp\/v2\/product_cat?post=41773"},{"taxonomy":"product_tag","embeddable":true,"href":"https:\/\/havamall.vn\/en\/wp-json\/wp\/v2\/product_tag?post=41773"}],"curies":[{"name":"wp","href":"https:\/\/api.w.org\/{rel}","templated":true}]}}