{"id":41751,"date":"2025-09-22T11:56:11","date_gmt":"2025-09-22T04:56:11","guid":{"rendered":"https:\/\/havamall.vn\/?post_type=product&#038;p=41751"},"modified":"2025-09-22T11:56:11","modified_gmt":"2025-09-22T04:56:11","slug":"thit-heo-chien-xu-kieu-nhat-ajinomoto-240g-ajinomoto-tonkatsu","status":"publish","type":"product","link":"https:\/\/havamall.vn\/en\/shop\/thit-heo-chien-xu-kieu-nhat-ajinomoto-240g-ajinomoto-tonkatsu\/","title":{"rendered":"Th\u1ecbt Heo Chi\u00ean X\u00f9 Ki\u1ec3u Nh\u1eadt Ajinomoto 240g \u2013 Ajinomoto Tonkatsu"},"content":{"rendered":"<blockquote>\n<h2><em><strong>TH\u00d4NG TIN CHUNG<\/strong><\/em><\/h2>\n<\/blockquote>\n<table style=\"width: 67.1974%;height: 187px\">\n<tbody>\n<tr>\n<td><b>Th\u01b0\u01a1ng hi\u1ec7u<\/b><\/td>\n<td>Ajinomoto<\/td>\n<\/tr>\n<tr>\n<td><b>Xu\u1ea5t x\u1ee9<\/b><\/td>\n<td>S\u1ea3n xu\u1ea5t t\u1ea1i Vi\u1ec7t Nam (theo c\u00f4ng ngh\u1ec7 Nh\u1eadt B\u1ea3n)<\/td>\n<\/tr>\n<tr>\n<td><b>Th\u00e0nh ph\u1ea7n<\/b><\/td>\n<td>Th\u1ecbt heo, b\u1ed9t chi\u00ean x\u00f9 (b\u1ed9t Panko)<\/td>\n<\/tr>\n<tr>\n<td><b>H\u1ea1n s\u1eed d\u1ee5ng<\/b><\/td>\n<td>Xem tr\u1ef1c ti\u1ebfp tr\u00ean bao b\u00ec<\/td>\n<\/tr>\n<tr>\n<td><b>B\u1ea3o qu\u1ea3n<\/b><\/td>\n<td>B\u1ea3o qu\u1ea3n \u0111\u00f4ng l\u1ea1nh (d\u01b0\u1edbi -18\u00b0C)<\/td>\n<\/tr>\n<tr>\n<td><b>Kh\u1ed1i l\u01b0\u1ee3ng<\/b><\/td>\n<td>240g (2 mi\u1ebfng)<\/td>\n<\/tr>\n<\/tbody>\n<\/table>\n<p data-start=\"215\" data-end=\"786\">\u1ea8m th\u1ef1c Nh\u1eadt B\u1ea3n t\u1eeb l\u00e2u \u0111\u00e3 n\u1ed5i ti\u1ebfng v\u1edbi s\u1ef1 tinh t\u1ebf, h\u00e0i h\u00f2a v\u00e0 gi\u00e0u b\u1ea3n s\u1eafc, trong \u0111\u00f3 Tonkatsu \u2013 m\u00f3n th\u1ecbt heo chi\u00ean x\u00f9 ki\u1ec3u Nh\u1eadt \u2013 lu\u00f4n gi\u1eef m\u1ed9t v\u1ecb tr\u00ed \u0111\u1eb7c bi\u1ec7t trong l\u00f2ng th\u1ef1c kh\u00e1ch nh\u1edd l\u1edbp v\u1ecf v\u00e0ng gi\u00f2n r\u1ee5m k\u1ebft h\u1ee3p c\u00f9ng ph\u1ea7n th\u1ecbt m\u1ec1m ng\u1ecdt b\u00ean trong, t\u1ea1o n\u00ean h\u01b0\u01a1ng v\u1ecb v\u1eeba \u0111\u1eadm \u0111\u00e0 v\u1eeba d\u1ec5 \u0103n, khi\u1ebfn ai t\u1eebng th\u01b0\u1edfng th\u1ee9c m\u1ed9t l\u1ea7n \u0111\u1ec1u kh\u00f3 qu\u00ean. Tonkatsu v\u1ed1n l\u00e0 m\u00f3n \u0103n c\u00f3 s\u1ef1 lan t\u1ecfa m\u1ea1nh m\u1ebd t\u1ea1i Nh\u1eadt B\u1ea3n, th\u01b0\u1eddng xu\u1ea5t hi\u1ec7n trong c\u00e1c qu\u00e1n \u0103n, nh\u00e0 h\u00e0ng, b\u1eefa c\u01a1m gia \u0111\u00ecnh hay c\u1ea3 trong h\u1ed9p c\u01a1m Bento mang \u0111i l\u00e0m, \u0111i h\u1ecdc, s\u1ef1 ph\u1ed5 bi\u1ebfn \u0111\u00f3 m\u1ed9t ph\u1ea7n \u0111\u1ebfn t\u1eeb h\u01b0\u01a1ng v\u1ecb g\u1ea7n g\u0169i d\u1ec5 \u0103n, ph\u1ea7n kh\u00e1c \u0111\u1ebfn t\u1eeb s\u1ef1 ti\u1ec7n l\u1ee3i khi ch\u1ebf bi\u1ebfn, v\u00e0 Ajinomoto \u0111\u00e3 kh\u00e9o l\u00e9o \u0111\u01b0a tinh th\u1ea7n \u1ea5y v\u00e0o s\u1ea3n ph\u1ea9m n\u00e0y, \u0111\u1ec3 ngay t\u1ea1i Vi\u1ec7t Nam, ng\u01b0\u1eddi ti\u00eau d\u00f9ng c\u0169ng c\u00f3 th\u1ec3 d\u1ec5 d\u00e0ng tr\u1ea3i nghi\u1ec7m m\u00f3n \u0103n tr\u1ecdn v\u1ecb m\u00e0 kh\u00f4ng c\u1ea7n nhi\u1ec1u c\u00f4ng \u0111o\u1ea1n ch\u1ebf bi\u1ebfn ph\u1ee9c t\u1ea1p.<\/p>\n<p data-start=\"215\" data-end=\"786\"><img fetchpriority=\"high\" decoding=\"async\" class=\"aligncenter  wp-image-42209\" src=\"https:\/\/havamall.com\/wp-content\/uploads\/2025\/09\/BG-Pork-Tonkatsu-2.jpg\" alt=\"\" width=\"800\" height=\"600\" \/><\/p>\n<p data-start=\"215\" data-end=\"786\">T\u1eebng mi\u1ebfng th\u1ecbt heo \u0111\u01b0\u1ee3c c\u1eaft l\u00e1t d\u00e0y v\u1eeba \u0111\u1ee7 \u0111\u1ec3 khi chi\u00ean l\u00ean gi\u1eef \u0111\u01b0\u1ee3c s\u1ef1 c\u00e2n b\u1eb1ng gi\u1eefa \u0111\u1ed9 gi\u00f2n c\u1ee7a l\u1edbp b\u1ed9t x\u00f9 v\u00e0 \u0111\u1ed9 m\u1ec1m m\u1ecdng c\u1ee7a th\u1edb th\u1ecbt, kh\u00f4ng qu\u00e1 d\u00e0y khi\u1ebfn ng\u00e1n m\u00e0 c\u0169ng kh\u00f4ng qu\u00e1 m\u1ecfng l\u00e0m m\u1ea5t \u0111i s\u1ef1 th\u1ecfa m\u00e3n khi c\u1eafn, l\u1edbp \u00e1o b\u1ed9t ph\u1ee7 ngo\u00e0i s\u1eed d\u1ee5ng lo\u1ea1i b\u1ed9t chi\u00ean x\u00f9 Nh\u1eadt B\u1ea3n c\u00f3 h\u1ea1t to v\u00e0 \u0111\u1ec1u, khi chi\u00ean l\u00ean t\u1ea1o n\u00ean m\u1ed9t m\u00e0u v\u00e0ng \u00f3ng b\u1eaft m\u1eaft, t\u1eebng mi\u1ebfng th\u1ecbt x\u1ebfp ngay ng\u1eafn v\u1edbi l\u1edbp b\u1ed9t gi\u00f2n bao ph\u1ee7 to\u00e0n b\u1ed9 b\u1ec1 m\u1eb7t, khi\u1ebfn m\u00f3n \u0103n tr\u1edf n\u00ean h\u1ea5p d\u1eabn ngay t\u1eeb \u00e1nh nh\u00ecn \u0111\u1ea7u ti\u00ean.<\/p>\n<p data-start=\"215\" data-end=\"786\"><img decoding=\"async\" class=\"aligncenter  wp-image-42210\" src=\"https:\/\/havamall.com\/wp-content\/uploads\/2025\/09\/tonkatsu.webp\" alt=\"\" width=\"800\" height=\"800\" \/><\/p>\n<p data-start=\"1321\" data-end=\"1805\">H\u01b0\u01a1ng v\u1ecb c\u1ee7a Tonkatsu Ajinomoto mang \u0111\u1eadm n\u00e9t tinh t\u1ebf trong \u1ea9m th\u1ef1c Nh\u1eadt, l\u1edbp th\u1ecbt b\u00ean trong v\u1eabn gi\u1eef \u0111\u01b0\u1ee3c \u0111\u1ed9 ng\u1ecdt t\u1ef1 nhi\u00ean nh\u1edd c\u00e1ch x\u1eed l\u00fd v\u00e0 b\u1ea3o qu\u1ea3n l\u1ea1nh hi\u1ec7n \u0111\u1ea1i, khi chi\u00ean l\u00ean l\u1edbp b\u1ed9t gi\u00f2n b\u00ean ngo\u00e0i kh\u00f4ng h\u00fat qu\u00e1 nhi\u1ec1u d\u1ea7u n\u00ean mi\u1ebfng th\u1ecbt v\u1eabn gi\u1eef \u0111\u01b0\u1ee3c s\u1ef1 thanh nh\u1eb9, kh\u00f4ng g\u00e2y c\u1ea3m gi\u00e1c ng\u1ea5y, s\u1ef1 k\u1ebft h\u1ee3p h\u00e0i h\u00f2a gi\u1eefa l\u1edbp v\u1ecf gi\u00f2n tan v\u00e0 ph\u1ea7n th\u1ecbt heo th\u01a1m ng\u1ecdt m\u1ecdng n\u01b0\u1edbc t\u1ea1o n\u00ean tr\u1ea3i nghi\u1ec7m \u0103n u\u1ed1ng c\u00e2n b\u1eb1ng, v\u1eeba quen thu\u1ed9c v\u1edbi kh\u1ea9u v\u1ecb ng\u01b0\u1eddi Vi\u1ec7t v\u1eeba mang s\u1eafc th\u00e1i chu\u1ea9n Nh\u1eadt \u0111\u1ed9c \u0111\u00e1o.<\/p>\n<p data-start=\"1321\" data-end=\"1805\"><img decoding=\"async\" class=\"aligncenter  wp-image-42211\" src=\"https:\/\/havamall.com\/wp-content\/uploads\/2025\/09\/Tonkatsu-2.jpg\" alt=\"\" width=\"801\" height=\"534\" \/><\/p>\n<p data-start=\"1321\" data-end=\"1805\">Th\u1ecbt heo \u0111\u01b0\u1ee3c ch\u1ecdn l\u1ecdc t\u1eeb ngu\u1ed3n nguy\u00ean li\u1ec7u an to\u00e0n, tr\u1ea3i qua quy tr\u00ecnh ki\u1ec3m \u0111\u1ecbnh nghi\u00eam ng\u1eb7t \u0111\u1ec3 \u0111\u1ea3m b\u1ea3o \u0111\u1ed9 t\u01b0\u01a1i ngon, th\u1edb th\u1ecbt s\u0103n ch\u1eafc, \u00edt m\u1ee1 th\u1eeba, k\u1ebft h\u1ee3p c\u00f9ng l\u1edbp b\u1ed9t chi\u00ean \u0111\u01b0\u1ee3c s\u1ea3n xu\u1ea5t t\u1eeb l\u00faa m\u00ec ch\u1ea5t l\u01b0\u1ee3ng cao t\u1ea1o n\u00ean l\u1edbp \u00e1o b\u1ed9t gi\u00f2n l\u00e2u, kh\u00f4ng d\u1ec5 b\u1ecb m\u1ec1m nh\u0169n khi \u0111\u1ec3 ngu\u1ed9i, nh\u1edd v\u1eady m\u00f3n \u0103n gi\u1eef \u0111\u01b0\u1ee3c \u0111\u1ed9 ngon ngay c\u1ea3 khi kh\u00f4ng d\u00f9ng ngay sau khi chi\u00ean.<\/p>\n<p data-start=\"1321\" data-end=\"1805\"><img loading=\"lazy\" decoding=\"async\" class=\"aligncenter  wp-image-42212\" src=\"https:\/\/havamall.com\/wp-content\/uploads\/2025\/09\/tonkatsu-scaled.jpg\" alt=\"\" width=\"801\" height=\"534\" \/><\/p>\n<p data-start=\"1321\" data-end=\"1805\">Th\u1ecbt Heo Chi\u00ean X\u00f9 Ki\u1ec3u Nh\u1eadt Ajinomoto \u0111\u01b0\u1ee3c ch\u1ebf bi\u1ebfn s\u1eb5n, kh\u00f4ng c\u1ea7n r\u00e3 \u0111\u00f4ng, ch\u1ec9 c\u1ea7n chi\u00ean trong d\u1ea7u n\u00f3ng trong 6 &#8211; 8 ph\u00fat l\u00e0 \u0111\u00e3 c\u00f3 ngay m\u00f3n Tonkatsu chu\u1ea9n v\u1ecb, ti\u1ec7n l\u1ee3i cho nh\u1eefng b\u1eefa \u0103n gia \u0111\u00ecnh b\u1eadn r\u1ed9n m\u00e0 v\u1eabn \u0111\u1ea3m b\u1ea3o dinh d\u01b0\u1ee1ng v\u00e0 h\u01b0\u01a1ng v\u1ecb, c\u00f3 th\u1ec3 k\u1ebft h\u1ee3p c\u00f9ng c\u01a1m tr\u1eafng, b\u1eafp c\u1ea3i b\u00e0o s\u1ee3i, n\u01b0\u1edbc s\u1ed1t tonkatsu ho\u1eb7c ch\u1ea5m k\u00e8m mayonnaise \u0111\u1ec3 t\u0103ng th\u00eam \u0111\u1ed9 h\u1ea5p d\u1eabn, th\u1eadm ch\u00ed c\u00f2n c\u00f3 th\u1ec3 s\u00e1ng t\u1ea1o b\u1eb1ng c\u00e1ch l\u00e0m sandwich Tonkatsu ho\u1eb7c c\u1eaft mi\u1ebfng nh\u1ecf \u0103n k\u00e8m m\u00ec Udon, t\u1ea1o n\u00ean nhi\u1ec1u bi\u1ebfn t\u1ea5u th\u00fa v\u1ecb.<\/p>\n<p data-start=\"1321\" data-end=\"1805\"><img loading=\"lazy\" decoding=\"async\" class=\"aligncenter  wp-image-42213\" src=\"https:\/\/havamall.com\/wp-content\/uploads\/2025\/09\/danie-japonskie-tonkatsu.jpg\" alt=\"\" width=\"801\" height=\"534\" \/><\/p>\n<p data-start=\"3968\" data-end=\"4418\">S\u1ef1 k\u1ebft h\u1ee3p gi\u1eefa truy\u1ec1n th\u1ed1ng Nh\u1eadt B\u1ea3n v\u00e0 s\u1ef1 ti\u1ec7n l\u1ee3i hi\u1ec7n \u0111\u1ea1i \u0111\u00e3 l\u00e0m n\u00ean \u0111i\u1ec3m kh\u00e1c bi\u1ec7t c\u1ee7a Th\u1ecbt Heo Chi\u00ean X\u00f9 Ki\u1ec3u Nh\u1eadt Ajinomoto \u2013 Ajinomoto Tonkatsu, kh\u00f4ng ch\u1ec9 \u0111\u01a1n thu\u1ea7n l\u00e0 m\u00f3n \u0103n ngon m\u00e0 c\u00f2n l\u00e0 s\u1ef1 k\u1ebft n\u1ed1i v\u0103n h\u00f3a \u1ea9m th\u1ef1c gi\u1eefa hai qu\u1ed1c gia, t\u1ea1o \u0111i\u1ec1u ki\u1ec7n \u0111\u1ec3 ng\u01b0\u1eddi Vi\u1ec7t d\u1ec5 d\u00e0ng ti\u1ebfp c\u1eadn v\u00e0 th\u01b0\u1edfng th\u1ee9c m\u00f3n ngon Nh\u1eadt B\u1ea3n ngay t\u1ea1i nh\u00e0, v\u1eeba ti\u1ebft ki\u1ec7m th\u1eddi gian n\u1ea5u n\u01b0\u1edbng v\u1eeba mang \u0111\u1ebfn tr\u1ea3i nghi\u1ec7m tr\u1ecdn v\u1eb9n, v\u00e0 s\u1ea3n ph\u1ea9m hi\u1ec7n \u0111ang \u0111\u01b0\u1ee3c b\u00e1n t\u1ea1i Havamall.<\/p>","protected":false},"excerpt":{"rendered":"<h3>\u0110\u1eccC K\u1ef8 ~ Ch\u00ednh s\u00e1ch giao h\u00e0ng t\u1ea1i Havamall<\/h3>\n<h4><b>1. Giao h\u00e0ng t\u1ea1i TP.HCM<\/b><\/h4>\n<ul>\n<li><b>\u0110\u1ed3 \u0111\u00f4ng l\u1ea1nh v\u00e0 tr\u00e1i c\u00e2y (B\u1eaft Bu\u1ed9c H\u1ecfa t\u1ed1c):<\/b>\n<ul>\n<li>Ph\u00ed\u00a0<strong><em>ship d\u01b0\u1edbi 5km<\/em><\/strong>\u00a0l\u00e0\u00a0<b>30.000\u20ab<\/b>.\u00a0<strong><em>Tr\u00ean 5km<\/em><\/strong>, ph\u00ed ship\u00a0<strong><em>t\u00ednh theo app.\u00a0<\/em><\/strong>C\u1eeda h\u00e0ng:\u00a0<strong><em>H\u1ebbm 112, s\u1ed1 114A B\u1ea1ch \u0110\u1eb1ng, P.2, Q. T\u00e2n B\u00ecnh.\u00a0<\/em><\/strong><em>Kh\u00e1ch h\u00e0ng c\u00f3 th\u1ec3 t\u1ef1 ki\u1ec3m tra kho\u1ea3ng c\u00e1ch tr\u01b0\u1edbc khi \u0111\u1eb7t.<\/em><\/li>\n<li><b>Mi\u1ec5n ph\u00ed ship<\/b>\u00a0cho \u0111\u01a1n t\u1eeb 4kg ho\u1eb7c 1.500.000\u20ab.\u00a0<strong><em>RI\u00caNG:<\/em><\/strong>\u00a0H\u1ed7 tr\u1ee3\u00a0<strong><em>t\u1ed1i \u0111a<\/em><\/strong>\u00a0<b>30.000\u20ab<\/b>\u00a0ph\u00ed ship cho \u0111\u01a1n \u0111i c\u00e1c\u00a0<em><strong>khu v\u1ef1c xa nh\u01b0 H\u00f3c M\u00f4n, C\u1ee7 Chi, Qu\u1eadn 9<\/strong><\/em>. Qu\u00fd kh\u00e1ch\u00a0<strong>vui l\u00f2ng chuy\u1ec3n kho\u1ea3n tr\u01b0\u1edbc ti\u1ec1n ship ho\u1eb7c ti\u1ec1n h\u00e0ng.<\/strong><\/li>\n<\/ul>\n<\/li>\n<li><b>\u0110\u1ed3 kh\u00f4 (Giao trong 1-2 ng\u00e0y sau khi \u0111\u01b0\u1ee3c g\u1ecdi x\u00e1c nh\u1eadn \u0111\u01a1n):<\/b>\n<ul>\n<li><b>Mi\u1ec5n ph\u00ed ship<\/b>\u00a0v\u1edbi \u0111\u01a1n\u00a0<em><strong>tr\u00ean 500.000\u20ab.\u00a0<\/strong>C<\/em>\u00e1c \u0111\u01a1n\u00a0<strong><em>d\u01b0\u1edbi 500.000\u20ab<\/em><\/strong>, ph\u00ed ship l\u00e0\u00a0<b>30.000\u20ab<\/b>.\u00a0<strong>Kh\u00f4ng \u00e1p d\u1ee5ng cho \u0111\u01a1n s\u1ec9, \u0111\u01a1n h\u00e0ng tr\u00ean 10kg, \u0111\u1ed3 \u0111\u00f4ng l\u1ea1nh ho\u1eb7c tr\u00e1i c\u00e2y.<\/strong><\/li>\n<\/ul>\n<\/li>\n<\/ul>\n<h4><b>2. Giao h\u00e0ng to\u00e0n qu\u1ed1c ( Ch\u1ec9\u00a0<\/b><b>\u0110\u1ed3 kh\u00f4: nh\u1eadn h\u00e0ng sau 3 \u2013 5 ng\u00e0y)<\/b><\/h4>\n<ul>\n<li><em>*Kh\u00f4ng \u00e1p d\u1ee5ng cho \u0111\u01a1n s\u1ec9, \u0111\u01a1n h\u00e0ng tr\u00ean 10kg*:\u00a0<\/em>Ph\u00ed ship m\u1eb7c \u0111\u1ecbnh\u00a0<b>30.000\u20ab.\u00a0<\/b>\u0110\u01a1n h\u00e0ng\u00a0<strong><em>tr\u00ean 2.000.000\u20ab ch\u1ec9 ch\u1ea5p nh\u1eadn thanh to\u00e1n chuy\u1ec3n kho\u1ea3n.<\/em><\/strong><\/li>\n<\/ul>\n<h4><b>3. L\u01b0u \u00fd chung<\/b><\/h4>\n<ul>\n<li>C\u00e1c m\u1eb7t h\u00e0ng c\u1ed3ng k\u1ec1nh, n\u1eb7ng tr\u00ean 5kg c\u00f3 th\u1ec3 ph\u00e1t sinh ph\u1ee5 ph\u00ed.<\/li>\n<li>M\u1ecdi th\u1eafc m\u1eafc kh\u00e1c vui l\u00f2ng li\u00ean h\u1ec7\u00a0<b>Hotline: 0946229642<\/b>\u00a0\u0111\u1ec3 \u0111\u01b0\u1ee3c h\u1ed7 tr\u1ee3.<\/li>\n<\/ul>","protected":false},"featured_media":41752,"comment_status":"open","ping_status":"closed","template":"","meta":[],"product_brand":[],"product_cat":[675,275],"product_tag":[],"class_list":{"0":"post-41751","1":"product","2":"type-product","3":"status-publish","4":"has-post-thumbnail","6":"product_cat-nhap-khau-nhat-ban","7":"product_cat-thuc-pham-dong-lanh","9":"first","10":"instock","11":"sale","12":"shipping-taxable","13":"purchasable","14":"product-type-simple"},"_links":{"self":[{"href":"https:\/\/havamall.vn\/en\/wp-json\/wp\/v2\/product\/41751"}],"collection":[{"href":"https:\/\/havamall.vn\/en\/wp-json\/wp\/v2\/product"}],"about":[{"href":"https:\/\/havamall.vn\/en\/wp-json\/wp\/v2\/types\/product"}],"replies":[{"embeddable":true,"href":"https:\/\/havamall.vn\/en\/wp-json\/wp\/v2\/comments?post=41751"}],"version-history":[{"count":0,"href":"https:\/\/havamall.vn\/en\/wp-json\/wp\/v2\/product\/41751\/revisions"}],"wp:featuredmedia":[{"embeddable":true,"href":"https:\/\/havamall.vn\/en\/wp-json\/wp\/v2\/media\/41752"}],"wp:attachment":[{"href":"https:\/\/havamall.vn\/en\/wp-json\/wp\/v2\/media?parent=41751"}],"wp:term":[{"taxonomy":"product_brand","embeddable":true,"href":"https:\/\/havamall.vn\/en\/wp-json\/wp\/v2\/product_brand?post=41751"},{"taxonomy":"product_cat","embeddable":true,"href":"https:\/\/havamall.vn\/en\/wp-json\/wp\/v2\/product_cat?post=41751"},{"taxonomy":"product_tag","embeddable":true,"href":"https:\/\/havamall.vn\/en\/wp-json\/wp\/v2\/product_tag?post=41751"}],"curies":[{"name":"wp","href":"https:\/\/api.w.org\/{rel}","templated":true}]}}