{"id":41748,"date":"2025-09-22T10:32:47","date_gmt":"2025-09-22T03:32:47","guid":{"rendered":"https:\/\/havamall.vn\/?post_type=product&#038;p=41748"},"modified":"2025-09-22T10:32:47","modified_gmt":"2025-09-22T03:32:47","slug":"khau-trang-y-te-cao-cap-unicharm-3d-mask-hop-100-mieng-unicharm-3d-medical-mask","status":"publish","type":"product","link":"https:\/\/havamall.vn\/en\/shop\/khau-trang-y-te-cao-cap-unicharm-3d-mask-hop-100-mieng-unicharm-3d-medical-mask\/","title":{"rendered":"Kh\u1ea9u Trang Y T\u1ebf Cao C\u1ea5p Unicharm 3D Mask H\u1ed9p 100 Mi\u1ebfng \u2013 Unicharm 3D Medical Mask"},"content":{"rendered":"<blockquote>\n<h2><em><strong>TH\u00d4NG TIN CHUNG<\/strong><\/em><\/h2>\n<\/blockquote>\n<table style=\"width: 70.1265%;height: 190px\">\n<tbody>\n<tr>\n<td><b>Th\u01b0\u01a1ng hi\u1ec7u<\/b><\/td>\n<td>Unicharm<\/td>\n<\/tr>\n<tr>\n<td><b>Xu\u1ea5t x\u1ee9<\/b><\/td>\n<td>Nh\u1eadt B\u1ea3n<\/td>\n<\/tr>\n<tr>\n<td><b>Th\u00e0nh ph\u1ea7n<\/b><\/td>\n<td>S\u1ee3i v\u1ea3i kh\u00f4ng d\u1ec7t<\/td>\n<\/tr>\n<tr>\n<td><b>H\u1ea1n s\u1eed d\u1ee5ng<\/b><\/td>\n<td>Xem tr\u1ef1c ti\u1ebfp tr\u00ean bao b\u00ec<\/td>\n<\/tr>\n<tr>\n<td><b>B\u1ea3o qu\u1ea3n<\/b><\/td>\n<td>N\u01a1i kh\u00f4 r\u00e1o, tho\u00e1ng m\u00e1t, tr\u00e1nh nhi\u1ec7t \u0111\u1ed9 cao v\u00e0 \u00e1nh n\u1eafng m\u1eb7t tr\u1eddi<\/td>\n<\/tr>\n<tr>\n<td><b>S\u1ed1 l\u01b0\u1ee3ng<\/b><\/td>\n<td>100 c\u00e1i<\/td>\n<\/tr>\n<\/tbody>\n<\/table>\n<p data-start=\"379\" data-end=\"783\">Kh\u1ea9u trang y t\u1ebf Unicharm 3D Mask \u0111\u01b0\u1ee3c thi\u1ebft k\u1ebf theo c\u1ea5u tr\u00fac ba chi\u1ec1u \u0111\u1eb7c tr\u01b0ng v\u1edbi b\u1ec1 m\u1eb7t tr\u1eafng tinh g\u1ecdn g\u00e0ng v\u00e0 \u0111\u01b0\u1eddng vi\u1ec1n d\u1eadp n\u1ed5i s\u1eafc n\u00e9t, t\u1ea1o n\u00ean form \u00f4m v\u1eeba v\u1eb7n khu\u00f4n m\u1eb7t nh\u01b0ng v\u1eabn gi\u1eef kho\u1ea3ng tr\u1ed1ng tho\u00e1ng kh\u00ed b\u00ean trong, nh\u1edd \u0111\u00f3 ng\u01b0\u1eddi \u0111eo kh\u00f4ng c\u1ea3m th\u1ea5y b\u00ed b\u00e1ch khi h\u00edt th\u1edf hay khi n\u00f3i chuy\u1ec7n trong th\u1eddi gian d\u00e0i, \u0111\u1ed3ng th\u1eddi h\u1ea1n ch\u1ebf vi\u1ec7c son m\u00f4i ho\u1eb7c l\u1edbp trang \u0111i\u1ec3m b\u1ecb lem d\u00ednh v\u00e0o b\u1ec1 m\u1eb7t kh\u1ea9u trang.<\/p>\n<p data-start=\"379\" data-end=\"783\"><img fetchpriority=\"high\" decoding=\"async\" class=\"aligncenter  wp-image-42200\" src=\"https:\/\/havamall.com\/wp-content\/uploads\/2025\/09\/bd6dd611ee94b3f5a057243d0eadf4b0.jpg\" alt=\"\" width=\"800\" height=\"1067\" \/><\/p>\n<p data-start=\"785\" data-end=\"1396\">Ch\u1ea5t li\u1ec7u c\u1ea5u th\u00e0nh s\u1ea3n ph\u1ea9m l\u00e0 s\u1ee3i v\u1ea3i kh\u00f4ng d\u1ec7t cao c\u1ea5p nh\u1eadp kh\u1ea9u t\u1eeb Nh\u1eadt B\u1ea3n, m\u1ec1m m\u1ecbn v\u00e0 d\u1ecbu nh\u1eb9 khi ti\u1ebfp x\u00fac v\u1edbi da, ngay c\u1ea3 l\u00e0n da nh\u1ea1y c\u1ea3m c\u0169ng kh\u00f4ng b\u1ecb k\u00edch \u1ee9ng, trong khi \u0111\u00f3 l\u1edbp l\u1ecdc t\u0129nh \u0111i\u1ec7n nhi\u1ec1u l\u1edbp n\u1eb1m b\u00ean trong ho\u1ea1t \u0111\u1ed9ng nh\u01b0 m\u1ed9t t\u1ea5m l\u00e1 ch\u1eafn gi\u00fap ng\u0103n ch\u1eb7n b\u1ee5i m\u1ecbn, kh\u00f3i \u00f4 nhi\u1ec5m, ph\u1ea5n hoa v\u00e0 vi khu\u1ea9n, b\u1ea3o v\u1ec7 \u0111\u01b0\u1eddng h\u00f4 h\u1ea5p t\u1ed1i \u01b0u trong \u0111i\u1ec1u ki\u1ec7n m\u00f4i tr\u01b0\u1eddng nhi\u1ec1u r\u1ee7i ro. Ph\u1ea7n quai \u0111eo \u0111\u01b0\u1ee3c thi\u1ebft k\u1ebf b\u1eb1ng s\u1ee3i \u0111\u00e0n h\u1ed3i d\u1ebbo dai, c\u00f3 \u0111\u1ed9 co gi\u00e3n t\u1ed1t v\u00e0 kh\u00f4ng \u0111\u1ec3 l\u1ea1i v\u1ebft h\u1eb1n sau nhi\u1ec1u gi\u1edd s\u1eed d\u1ee5ng, \u0111\u1ed3ng th\u1eddi \u0111\u01b0\u1ee3c g\u1eafn li\u1ec1n ch\u1eafc ch\u1eafn v\u00e0o th\u00e2n kh\u1ea9u trang \u0111\u1ec3 h\u1ea1n ch\u1ebf t\u00ecnh tr\u1ea1ng bung, r\u00e1ch khi \u0111eo ho\u1eb7c th\u00e1o ra.<\/p>\n<p data-start=\"785\" data-end=\"1396\"><img decoding=\"async\" class=\"aligncenter  wp-image-42202\" src=\"https:\/\/havamall.com\/wp-content\/uploads\/2025\/09\/54bb103272223cd63b0a37dde8f079e0.jpg\" alt=\"\" width=\"800\" height=\"800\" \/><\/p>\n<p data-start=\"1398\" data-end=\"1838\">H\u00ecnh d\u00e1ng kh\u1ea9u trang n\u1ed5i b\u1eadt v\u1edbi ki\u1ec3u d\u00e1ng 3D \u0111\u1ed9c quy\u1ec1n c\u1ee7a Unicharm, kh\u00f4ng ch\u1ec9 t\u1ea1o c\u1ea3m gi\u00e1c tho\u1ea3i m\u00e1i m\u00e0 c\u00f2n mang t\u00ednh th\u1ea9m m\u1ef9 cao, gi\u00fap khu\u00f4n m\u1eb7t tr\u00f4ng g\u1ecdn g\u00e0ng h\u01a1n, kh\u00e1c bi\u1ec7t h\u1eb3n v\u1edbi lo\u1ea1i kh\u1ea9u trang ph\u1eb3ng th\u00f4ng th\u01b0\u1eddng d\u1ec5 b\u1ecb d\u00ednh s\u00e1t v\u00e0o mi\u1ec7ng khi h\u00edt th\u1edf m\u1ea1nh. K\u00edch th\u01b0\u1edbc \u0111\u01b0\u1ee3c c\u00e2n \u0111\u1ed1i \u0111\u1ec3 ph\u00f9 h\u1ee3p v\u1edbi nhi\u1ec1u g\u01b0\u01a1ng m\u1eb7t kh\u00e1c nhau, c\u1ea3 nam v\u00e0 n\u1eef \u0111\u1ec1u c\u00f3 th\u1ec3 s\u1eed d\u1ee5ng trong sinh ho\u1ea1t h\u00e0ng ng\u00e0y, khi \u0111i l\u00e0m, \u0111i h\u1ecdc ho\u1eb7c khi di chuy\u1ec3n ngo\u00e0i tr\u1eddi.<\/p>\n<p data-start=\"1398\" data-end=\"1838\"><img decoding=\"async\" class=\"aligncenter  wp-image-42205\" src=\"https:\/\/havamall.com\/wp-content\/uploads\/2025\/09\/51cmfNOg4aL.jpg\" alt=\"\" width=\"801\" height=\"801\" \/><\/p>\n<p data-start=\"1840\" data-end=\"2229\">Unicharm 3D Mask \u0111\u01b0\u1ee3c \u0111\u00f3ng g\u00f3i trong h\u1ed9p gi\u1ea5y xanh \u2013 tr\u1eafng \u0111\u01a1n gi\u1ea3n nh\u01b0ng s\u1ea1ch s\u1ebd v\u00e0 ch\u1eafc ch\u1eafn, b\u00ean trong l\u00e0 100 chi\u1ebfc kh\u1ea9u trang s\u1eafp x\u1ebfp g\u1ecdn g\u00e0ng, thu\u1eadn ti\u1ec7n cho vi\u1ec7c l\u1ea5y ra t\u1eebng c\u00e1i khi c\u1ea7n d\u00f9ng m\u00e0 kh\u00f4ng g\u00e2y m\u1ea5t v\u1ec7 sinh. S\u1ed1 l\u01b0\u1ee3ng 100 mi\u1ebfng trong m\u1ed9t h\u1ed9p gi\u00fap ng\u01b0\u1eddi d\u00f9ng c\u00f3 th\u1ec3 s\u1eed d\u1ee5ng l\u00e2u d\u00e0i, v\u1eeba ti\u1ebft ki\u1ec7m v\u1eeba \u0111\u1ea3m b\u1ea3o lu\u00f4n c\u00f3 s\u1eb5n kh\u1ea9u trang d\u1ef1 ph\u00f2ng trong gia \u0111\u00ecnh ho\u1eb7c n\u01a1i l\u00e0m vi\u1ec7c.<\/p>\n<p data-start=\"1840\" data-end=\"2229\"><img loading=\"lazy\" decoding=\"async\" class=\"aligncenter  wp-image-42201\" src=\"https:\/\/havamall.com\/wp-content\/uploads\/2025\/09\/z4816398426033-b5c78a25ec22b75df626c3690efb5f21.jpg\" alt=\"\" width=\"801\" height=\"750\" \/><\/p>\n<p data-start=\"2231\" data-end=\"2688\">M\u1ed9t \u01b0u \u0111i\u1ec3m kh\u00e1c n\u1eb1m \u1edf kh\u1ea3 n\u0103ng duy tr\u00ec s\u1ef1 kh\u00f4 tho\u00e1ng c\u1ee7a kh\u1ea9u trang, ch\u1ea5t li\u1ec7u v\u1ea3i kh\u00f4ng d\u1ec7t k\u1ebft h\u1ee3p l\u1edbp l\u1ecdc th\u00f4ng kh\u00ed t\u1ed1t gi\u00fap gi\u1ea3m t\u00ecnh tr\u1ea1ng h\u1ea5p h\u01a1i n\u01b0\u1edbc, v\u00ec v\u1eady khi \u0111eo trong th\u1eddi ti\u1ebft n\u00f3ng b\u1ee9c ho\u1eb7c khi v\u1eadn \u0111\u1ed9ng, kh\u1ea9u trang v\u1eabn kh\u00f4ng b\u1ecb \u1ea9m \u01b0\u1edbt kh\u00f3 ch\u1ecbu, \u0111\u1ed3ng th\u1eddi h\u1ea1n ch\u1ebf m\u00f9i h\u00f4i t\u00edch t\u1ee5. Ng\u01b0\u1eddi s\u1eed d\u1ee5ng c\u00f3 th\u1ec3 y\u00ean t\u00e2m khi tham gia giao th\u00f4ng, ho\u1ea1t \u0111\u1ed9ng ngo\u00e0i tr\u1eddi hay trong kh\u00f4ng gian \u0111\u00f4ng \u0111\u00fac b\u1edfi kh\u1ea3 n\u0103ng l\u1ecdc khu\u1ea9n v\u00e0 b\u1ee5i m\u1ecbn hi\u1ec7u qu\u1ea3 c\u1ee7a s\u1ea3n ph\u1ea9m.<\/p>\n<p data-start=\"2231\" data-end=\"2688\"><img loading=\"lazy\" decoding=\"async\" class=\"aligncenter  wp-image-42204\" src=\"https:\/\/havamall.com\/wp-content\/uploads\/2025\/09\/abee4e1e2417eeabe95a451294b5fa48-1.jpg\" alt=\"\" width=\"801\" height=\"1101\" \/><\/p>\n<p data-start=\"2690\" data-end=\"3060\">Kh\u1ea9u trang y t\u1ebf cao c\u1ea5p Unicharm 3D Mask H\u1ed9p 100 Mi\u1ebfng \u2013 Unicharm 3D Medical Mask mang \u0111\u1ebfn s\u1ef1 k\u1ebft h\u1ee3p h\u00e0i h\u00f2a gi\u1eefa t\u00ednh n\u0103ng b\u1ea3o v\u1ec7, s\u1ef1 tho\u1ea3i m\u00e1i v\u00e0 ki\u1ec3u d\u00e1ng th\u1ea9m m\u1ef9, x\u1ee9ng \u0111\u00e1ng tr\u1edf th\u00e0nh v\u1eadt d\u1ee5ng thi\u1ebft y\u1ebfu trong \u0111\u1eddi s\u1ed1ng h\u00e0ng ng\u00e0y, \u0111\u1eb7c bi\u1ec7t trong b\u1ed1i c\u1ea3nh m\u00f4i tr\u01b0\u1eddng \u00f4 nhi\u1ec5m v\u00e0 nhu c\u1ea7u b\u1ea3o v\u1ec7 s\u1ee9c kh\u1ecfe ng\u00e0y c\u00e0ng \u0111\u01b0\u1ee3c \u0111\u1eb7t l\u00ean h\u00e0ng \u0111\u1ea7u, hi\u1ec7n \u0111ang \u0111\u01b0\u1ee3c b\u00e1n t\u1ea1i Havamall.<\/p>","protected":false},"excerpt":{"rendered":"<h3>\u0110\u1eccC K\u1ef8 ~ Ch\u00ednh s\u00e1ch giao h\u00e0ng t\u1ea1i Havamall<\/h3>\n<h4><b>1. Giao h\u00e0ng t\u1ea1i TP.HCM<\/b><\/h4>\n<ul>\n<li><b>\u0110\u1ed3 \u0111\u00f4ng l\u1ea1nh v\u00e0 tr\u00e1i c\u00e2y (B\u1eaft Bu\u1ed9c H\u1ecfa t\u1ed1c):<\/b>\n<ul>\n<li>Ph\u00ed\u00a0<strong><em>ship d\u01b0\u1edbi 5km<\/em><\/strong>\u00a0l\u00e0\u00a0<b>30.000\u20ab<\/b>.\u00a0<strong><em>Tr\u00ean 5km<\/em><\/strong>, ph\u00ed ship\u00a0<strong><em>t\u00ednh theo app.\u00a0<\/em><\/strong>C\u1eeda h\u00e0ng:\u00a0<strong><em>H\u1ebbm 112, s\u1ed1 114A B\u1ea1ch \u0110\u1eb1ng, P.2, Q. T\u00e2n B\u00ecnh.\u00a0<\/em><\/strong><em>Kh\u00e1ch h\u00e0ng c\u00f3 th\u1ec3 t\u1ef1 ki\u1ec3m tra kho\u1ea3ng c\u00e1ch tr\u01b0\u1edbc khi \u0111\u1eb7t.<\/em><\/li>\n<li><b>Mi\u1ec5n ph\u00ed ship<\/b>\u00a0cho \u0111\u01a1n t\u1eeb 4kg ho\u1eb7c 1.500.000\u20ab.\u00a0<strong><em>RI\u00caNG:<\/em><\/strong>\u00a0H\u1ed7 tr\u1ee3\u00a0<strong><em>t\u1ed1i \u0111a<\/em><\/strong>\u00a0<b>30.000\u20ab<\/b>\u00a0ph\u00ed ship cho \u0111\u01a1n \u0111i c\u00e1c\u00a0<em><strong>khu v\u1ef1c xa nh\u01b0 H\u00f3c M\u00f4n, C\u1ee7 Chi, Qu\u1eadn 9<\/strong><\/em>. Qu\u00fd kh\u00e1ch\u00a0<strong>vui l\u00f2ng chuy\u1ec3n kho\u1ea3n tr\u01b0\u1edbc ti\u1ec1n ship ho\u1eb7c ti\u1ec1n h\u00e0ng.<\/strong><\/li>\n<\/ul>\n<\/li>\n<li><b>\u0110\u1ed3 kh\u00f4 (Giao trong 1-2 ng\u00e0y sau khi \u0111\u01b0\u1ee3c g\u1ecdi x\u00e1c nh\u1eadn \u0111\u01a1n):<\/b>\n<ul>\n<li><b>Mi\u1ec5n ph\u00ed ship<\/b>\u00a0v\u1edbi \u0111\u01a1n\u00a0<em><strong>tr\u00ean 500.000\u20ab.\u00a0<\/strong>C<\/em>\u00e1c \u0111\u01a1n\u00a0<strong><em>d\u01b0\u1edbi 500.000\u20ab<\/em><\/strong>, ph\u00ed ship l\u00e0\u00a0<b>30.000\u20ab<\/b>.\u00a0<strong>Kh\u00f4ng \u00e1p d\u1ee5ng cho \u0111\u01a1n s\u1ec9, \u0111\u01a1n h\u00e0ng tr\u00ean 10kg, \u0111\u1ed3 \u0111\u00f4ng l\u1ea1nh ho\u1eb7c tr\u00e1i c\u00e2y.<\/strong><\/li>\n<\/ul>\n<\/li>\n<\/ul>\n<h4><b>2. Giao h\u00e0ng to\u00e0n qu\u1ed1c ( Ch\u1ec9\u00a0<\/b><b>\u0110\u1ed3 kh\u00f4: nh\u1eadn h\u00e0ng sau 3 \u2013 5 ng\u00e0y)<\/b><\/h4>\n<ul>\n<li><em>*Kh\u00f4ng \u00e1p d\u1ee5ng cho \u0111\u01a1n s\u1ec9, \u0111\u01a1n h\u00e0ng tr\u00ean 10kg*:\u00a0<\/em>Ph\u00ed ship m\u1eb7c \u0111\u1ecbnh\u00a0<b>30.000\u20ab.\u00a0<\/b>\u0110\u01a1n h\u00e0ng\u00a0<strong><em>tr\u00ean 2.000.000\u20ab ch\u1ec9 ch\u1ea5p nh\u1eadn thanh to\u00e1n chuy\u1ec3n kho\u1ea3n.<\/em><\/strong><\/li>\n<\/ul>\n<h4><b>3. L\u01b0u \u00fd chung<\/b><\/h4>\n<ul>\n<li>C\u00e1c m\u1eb7t h\u00e0ng c\u1ed3ng k\u1ec1nh, n\u1eb7ng tr\u00ean 5kg c\u00f3 th\u1ec3 ph\u00e1t sinh ph\u1ee5 ph\u00ed.<\/li>\n<li>M\u1ecdi th\u1eafc m\u1eafc kh\u00e1c vui l\u00f2ng li\u00ean h\u1ec7\u00a0<b>Hotline: 0946229642<\/b>\u00a0\u0111\u1ec3 \u0111\u01b0\u1ee3c h\u1ed7 tr\u1ee3.<\/li>\n<\/ul>","protected":false},"featured_media":41749,"comment_status":"open","ping_status":"closed","template":"","meta":[],"product_brand":[],"product_cat":[675],"product_tag":[],"class_list":{"0":"post-41748","1":"product","2":"type-product","3":"status-publish","4":"has-post-thumbnail","6":"product_cat-nhap-khau-nhat-ban","8":"first","9":"instock","10":"sale","11":"shipping-taxable","12":"purchasable","13":"product-type-simple"},"_links":{"self":[{"href":"https:\/\/havamall.vn\/en\/wp-json\/wp\/v2\/product\/41748"}],"collection":[{"href":"https:\/\/havamall.vn\/en\/wp-json\/wp\/v2\/product"}],"about":[{"href":"https:\/\/havamall.vn\/en\/wp-json\/wp\/v2\/types\/product"}],"replies":[{"embeddable":true,"href":"https:\/\/havamall.vn\/en\/wp-json\/wp\/v2\/comments?post=41748"}],"version-history":[{"count":0,"href":"https:\/\/havamall.vn\/en\/wp-json\/wp\/v2\/product\/41748\/revisions"}],"wp:featuredmedia":[{"embeddable":true,"href":"https:\/\/havamall.vn\/en\/wp-json\/wp\/v2\/media\/41749"}],"wp:attachment":[{"href":"https:\/\/havamall.vn\/en\/wp-json\/wp\/v2\/media?parent=41748"}],"wp:term":[{"taxonomy":"product_brand","embeddable":true,"href":"https:\/\/havamall.vn\/en\/wp-json\/wp\/v2\/product_brand?post=41748"},{"taxonomy":"product_cat","embeddable":true,"href":"https:\/\/havamall.vn\/en\/wp-json\/wp\/v2\/product_cat?post=41748"},{"taxonomy":"product_tag","embeddable":true,"href":"https:\/\/havamall.vn\/en\/wp-json\/wp\/v2\/product_tag?post=41748"}],"curies":[{"name":"wp","href":"https:\/\/api.w.org\/{rel}","templated":true}]}}