{"id":41731,"date":"2025-09-21T10:52:44","date_gmt":"2025-09-21T03:52:44","guid":{"rendered":"https:\/\/havamall.vn\/?post_type=product&#038;p=41731"},"modified":"2025-11-05T09:25:32","modified_gmt":"2025-11-05T02:25:32","slug":"banh-ngu-coc-an-dam-vi-socola-ginbis-60g-ginbis-shimi-choco-corn","status":"publish","type":"product","link":"https:\/\/havamall.vn\/en\/shop\/banh-ngu-coc-an-dam-vi-socola-ginbis-60g-ginbis-shimi-choco-corn\/","title":{"rendered":"B\u00e1nh Ng\u0169 C\u1ed1c \u0102n D\u1eb7m V\u1ecb Socola Ginbis 60g \u2013 Ginbis Shimi Choco Corn"},"content":{"rendered":"<blockquote>\n<h2><em><strong>TH\u00d4NG TIN CHUNG<\/strong><\/em><\/h2>\n<\/blockquote>\n<table style=\"width: 60.5204%;height: 143px\">\n<tbody>\n<tr>\n<td><b>Th\u01b0\u01a1ng hi\u1ec7u<\/b><\/td>\n<td>Ginbis<\/td>\n<\/tr>\n<tr>\n<td><b>Xu\u1ea5t x\u1ee9<\/b><\/td>\n<td>Nh\u1eadt B\u1ea3n<\/td>\n<\/tr>\n<tr>\n<td><b>Th\u00e0nh ph\u1ea7n<\/b><\/td>\n<td>B\u1ed9t ng\u00f4, b\u1ed9t l\u00faa m\u00ec nguy\u00ean c\u00e1m, s\u00f4 c\u00f4 la<\/td>\n<\/tr>\n<tr>\n<td><b>H\u1ea1n s\u1eed d\u1ee5ng<\/b><\/td>\n<td>Xem tr\u1ef1c ti\u1ebfp tr\u00ean bao b\u00ec<\/td>\n<\/tr>\n<tr>\n<td><b>B\u1ea3o qu\u1ea3n<\/b><\/td>\n<td>B\u1ea3o qu\u1ea3n n\u01a1i kh\u00f4 r\u00e1o, tho\u00e1ng m\u00e1t, tr\u00e1nh \u00e1nh n\u1eafng tr\u1ef1c ti\u1ebfp<\/td>\n<\/tr>\n<tr>\n<td><b>Kh\u1ed1i l\u01b0\u1ee3ng<\/b><\/td>\n<td>60g<\/td>\n<\/tr>\n<\/tbody>\n<\/table>\n<p data-start=\"444\" data-end=\"1016\">\u1ea8m th\u1ef1c Nh\u1eadt B\u1ea3n lu\u00f4n bi\u1ebft c\u00e1ch khi\u1ebfn ng\u01b0\u1eddi th\u01b0\u1edfng th\u1ee9c b\u1ea5t ng\u1edd b\u1eb1ng s\u1ef1 tinh t\u1ebf, s\u00e1ng t\u1ea1o v\u00e0 s\u1ef1 c\u00e2n nh\u1eafc trong t\u1eebng chi ti\u1ebft nh\u1ecf v\u00e0 b\u00e1nh ng\u00f4 \u0103n d\u1eb7m ng\u00e2m socola v\u1ecb l\u00faa m\u00ec Ginbis Shimi Choco Corn ch\u00ednh l\u00e0 m\u1ed9t minh ch\u1ee9ng r\u00f5 r\u1ec7t cho \u0111i\u1ec1u n\u00e0y. Kh\u00f4ng \u0111\u01a1n thu\u1ea7n ch\u1ec9 l\u00e0 m\u1ed9t lo\u1ea1i b\u00e1nh ng\u1ecdt, m\u00f3n \u0103n v\u1eb7t n\u00e0y c\u00f2n g\u00f3i tr\u1ecdn trong m\u00ecnh n\u00e9t tinh th\u1ea7n vui t\u01b0\u01a1i, \u0111\u00e1ng y\u00eau, c\u00f9ng s\u1ef1 k\u1ebft h\u1ee3p kh\u00e9o l\u00e9o gi\u1eefa h\u01b0\u01a1ng v\u1ecb socola ng\u1ecdt ng\u00e0o v\u00e0 ng\u0169 c\u1ed1c nguy\u00ean h\u1ea1t gi\u00e0u dinh d\u01b0\u1ee1ng. \u0110i\u1ec3m thu h\u00fat \u0111\u1ea7u ti\u00ean \u0111\u1ebfn t\u1eeb h\u00ecnh d\u00e1ng ng\u00f4i sao nh\u1ecf xinh c\u1ee7a t\u1eebng chi\u1ebfc b\u00e1nh, kh\u00f4ng ch\u1ec9 l\u00e0 m\u1ed9t chi ti\u1ebft t\u1ea1o h\u00ecnh \u0111\u01a1n gi\u1ea3n m\u00e0 c\u00f2n mang l\u1ea1i s\u1ef1 vui nh\u1ed9n trong tr\u1ea3i nghi\u1ec7m th\u01b0\u1edfng th\u1ee9c. M\u1ed9t \u0111\u0129a b\u00e1nh \u0111\u1ea7y nh\u1eefng ng\u00f4i sao ph\u1ee7 socola v\u1eeba \u0111\u00e1ng y\u00eau v\u1eeba h\u1ea5p d\u1eabn, khi\u1ebfn m\u00f3n \u0103n tr\u1edf n\u00ean th\u00fa v\u1ecb h\u01a1n h\u1eb3n nh\u1eefng lo\u1ea1i b\u00e1nh th\u00f4ng th\u01b0\u1eddng.<\/p>\n<p data-start=\"444\" data-end=\"1016\"><img fetchpriority=\"high\" decoding=\"async\" class=\"aligncenter wp-image-42175\" src=\"https:\/\/havamall.com\/wp-content\/uploads\/2025\/09\/4901588617252_0003_l.jpg\" alt=\"\" width=\"800\" height=\"600\" \/><\/p>\n<p data-start=\"1513\" data-end=\"2100\">Kh\u00f4ng ch\u1ec9 b\u1eaft m\u1eaft, b\u00e1nh c\u00f2n g\u00e2y \u1ea5n t\u01b0\u1ee3ng m\u1ea1nh b\u1edfi s\u1ef1 h\u00f2a quy\u1ec7n gi\u1eefa v\u1ecb ng\u1ecdt b\u00e9o c\u1ee7a socola v\u00e0 \u0111\u1ed9 gi\u00f2n tan nh\u1eb9 nh\u00e0ng t\u1eeb ng\u00f4 v\u00e0 l\u00faa m\u00ec, Shimi Choco Corn c\u00f3 c\u00e1ch ch\u1ebf bi\u1ebfn \u0111\u1eb7c bi\u1ec7t khi \u0111\u1ec3 socola ng\u1ea5m \u0111\u1ec1u v\u00e0o t\u1eebng th\u1edb b\u00e1nh, nh\u1edd v\u1eady, khi c\u1eafn m\u1ed9t mi\u1ebfng, c\u1ea3m gi\u00e1c \u0111\u1ea7u ti\u00ean l\u00e0 s\u1ef1 gi\u00f2n tan, sau \u0111\u00f3 l\u1edbp socola ng\u1ecdt ng\u00e0o lan t\u1ecfa t\u1eeb trong ra ngo\u00e0i, mang \u0111\u1ebfn s\u1ef1 c\u00e2n b\u1eb1ng v\u1ecb gi\u00e1c \u0111\u1ea7y tinh t\u1ebf.<\/p>\n<p data-start=\"1513\" data-end=\"2100\"><img decoding=\"async\" class=\"aligncenter wp-image-42176\" src=\"https:\/\/havamall.com\/wp-content\/uploads\/2025\/09\/0328423ee4eca0be44ea3bbb9c3a58d5.jpg\" alt=\"\" width=\"800\" height=\"1066\" \/><\/p>\n<p data-start=\"2102\" data-end=\"2614\">B\u00ean c\u1ea1nh h\u01b0\u01a1ng v\u1ecb h\u1ea5p d\u1eabn, y\u1ebfu t\u1ed1 dinh d\u01b0\u1ee1ng c\u0169ng l\u00e0 \u0111i\u1ec3m n\u1ed5i b\u1eadt khi\u1ebfn lo\u1ea1i b\u00e1nh n\u00e0y tr\u1edf n\u00ean \u0111\u01b0\u1ee3c \u01b0a chu\u1ed9ng, b\u1edfi \u0111\u01b0\u1ee3c l\u00e0m t\u1eeb ng\u0169 c\u1ed1c nguy\u00ean h\u1ea1t, b\u1ed5 sung canxi v\u00e0 ch\u1ea5t x\u01a1, Shimi Choco Corn kh\u00f4ng ch\u1ec9 mang l\u1ea1i s\u1ef1 ngon mi\u1ec7ng m\u00e0 c\u00f2n h\u1ed7 tr\u1ee3 t\u1ed1t cho s\u1ee9c kh\u1ecfe. Canxi g\u00f3p ph\u1ea7n cho s\u1ef1 ph\u00e1t tri\u1ec3n c\u1ee7a x\u01b0\u01a1ng v\u00e0 r\u0103ng, trong khi ch\u1ea5t x\u01a1 h\u1ed7 tr\u1ee3 h\u1ec7 ti\u00eau h\u00f3a ho\u1ea1t \u0111\u1ed9ng tr\u01a1n tru. Nh\u1edd v\u1eady, \u0111\u00e2y kh\u00f4ng ch\u1ec9 l\u00e0 m\u00f3n \u0103n v\u1eb7t \u0111\u01a1n gi\u1ea3n m\u00e0 c\u00f2n l\u00e0 l\u1ef1a ch\u1ecdn c\u00e2n b\u1eb1ng dinh d\u01b0\u1ee1ng, ph\u00f9 h\u1ee3p cho c\u1ea3 tr\u1ebb nh\u1ecf l\u1eabn ng\u01b0\u1eddi l\u1edbn trong nh\u1eefng b\u1eefa ph\u1ee5 h\u1eb1ng ng\u00e0y.<\/p>\n<p data-start=\"2102\" data-end=\"2614\"><img decoding=\"async\" class=\"aligncenter wp-image-42177\" src=\"https:\/\/havamall.com\/wp-content\/uploads\/2025\/09\/\u3057\u307f\u30c1\u30e7\u30b3\u30b3\u30fc\u30f3-20250425.jpg\" alt=\"\" width=\"800\" height=\"600\" \/><\/p>\n<p data-start=\"2616\" data-end=\"3095\">S\u1ef1 tinh t\u1ebf trong s\u1ea3n ph\u1ea9m c\u00f2n n\u1eb1m \u1edf c\u00e1ch Ginbis t\u1ea1o ra c\u1ea3m gi\u00e1c d\u1ec5 \u0103n v\u00e0 d\u1ec5 chia s\u1ebb, m\u1ed7i mi\u1ebfng b\u00e1nh nh\u1ecf g\u1ecdn, v\u1eeba mi\u1ec7ng, th\u00edch h\u1ee3p \u0111\u1ec3 d\u00f9ng k\u00e8m tr\u00e0, s\u1eefa ho\u1eb7c \u0103n ri\u00eang l\u1ebb. \u0110\u1eb1ng sau s\u1ef1 h\u1ea5p d\u1eabn c\u1ee7a m\u00f3n b\u00e1nh n\u00e0y ch\u00ednh l\u00e0 d\u1ea5u \u1ea5n c\u1ee7a th\u01b0\u01a1ng hi\u1ec7u Ginbis \u2013 m\u1ed9t c\u00e1i t\u00ean l\u00e2u \u0111\u1eddi trong ng\u00e0nh th\u1ef1c ph\u1ea9m Nh\u1eadt B\u1ea3n. Ginbis n\u1ed5i ti\u1ebfng v\u1edbi vi\u1ec7c s\u00e1ng t\u1ea1o ra nh\u1eefng m\u00f3n \u0103n v\u1eb7t v\u1eeba ngon mi\u1ec7ng v\u1eeba b\u1ed5 d\u01b0\u1ee1ng, ph\u00f9 h\u1ee3p cho m\u1ecdi l\u1ee9a tu\u1ed5i. Tri\u1ebft l\u00fd c\u1ee7a h\u00e3ng lu\u00f4n \u0111\u1eb7t s\u1ef1 h\u00e0i l\u00f2ng v\u00e0 s\u1ee9c kh\u1ecfe c\u1ee7a ng\u01b0\u1eddi ti\u00eau d\u00f9ng l\u00ean h\u00e0ng \u0111\u1ea7u, v\u00ec v\u1eady m\u1ed7i g\u00f3i b\u00e1nh \u0111\u1ec1u \u0111\u01b0\u1ee3c s\u1ea3n xu\u1ea5t v\u1edbi quy tr\u00ecnh nghi\u00eam ng\u1eb7t, l\u1ef1a ch\u1ecdn nguy\u00ean li\u1ec7u ch\u1ea5t l\u01b0\u1ee3ng v\u00e0 \u0111\u1ea3m b\u1ea3o s\u1ef1 \u0111\u1ed3ng \u0111\u1ec1u trong h\u01b0\u01a1ng v\u1ecb. Nh\u1edd v\u1eady, Shimi Choco Corn kh\u00f4ng ch\u1ec9 \u0111\u01b0\u1ee3c \u01b0a chu\u1ed9ng t\u1ea1i Nh\u1eadt m\u00e0 c\u00f2n chinh ph\u1ee5c \u0111\u01b0\u1ee3c nhi\u1ec1u th\u1ecb tr\u01b0\u1eddng qu\u1ed1c t\u1ebf, trong \u0111\u00f3 c\u00f3 c\u1ea3 nh\u1eefng kh\u00e1ch h\u00e0ng kh\u00f3 t\u00ednh.<\/p>\n<p data-start=\"2616\" data-end=\"3095\"><img loading=\"lazy\" decoding=\"async\" class=\"aligncenter wp-image-42178\" src=\"https:\/\/havamall.com\/wp-content\/uploads\/2025\/09\/4901588617412_0002_l.jpg\" alt=\"\" width=\"800\" height=\"600\" \/><\/p>\n<p data-start=\"5252\" data-end=\"5711\">B\u00e1nh ng\u00f4 \u0103n d\u1eb7m ng\u00e2m socola v\u1ecb l\u00faa m\u00ec Ginbis Shimi Choco Corn ch\u00ednh l\u00e0 hi\u1ec7n th\u00e2n c\u1ee7a m\u1ed9t m\u00f3n \u0103n v\u1eb7t l\u00fd t\u01b0\u1edfng: ngon mi\u1ec7ng, vui m\u1eaft, b\u1ed5 d\u01b0\u1ee1ng v\u00e0 ti\u1ec7n l\u1ee3i. T\u1eebng mi\u1ebfng b\u00e1nh nh\u1ecf b\u00e9 ch\u1ee9a \u0111\u1ef1ng s\u1ef1 kh\u00e9o l\u00e9o v\u00e0 t\u00e2m huy\u1ebft c\u1ee7a ng\u01b0\u1eddi l\u00e0m ra, mang \u0111\u1ebfn tr\u1ea3i nghi\u1ec7m tr\u1ecdn v\u1eb9n cho ng\u01b0\u1eddi th\u01b0\u1edfng th\u1ee9c. Kh\u00f4ng ch\u1ec9 \u0111\u01a1n thu\u1ea7n l\u00e0 m\u1ed9t g\u00f3i b\u00e1nh, \u0111\u00f3 l\u00e0 s\u1ef1 k\u1ebft n\u1ed1i gi\u1eefa h\u01b0\u01a1ng v\u1ecb ng\u1ecdt ng\u00e0o, k\u00fd \u1ee9c tu\u1ed5i th\u01a1 v\u00e0 ni\u1ec1m vui gi\u1ea3n d\u1ecb trong cu\u1ed9c s\u1ed1ng th\u01b0\u1eddng nh\u1eadt. Hi\u1ec7n \u0111ang \u0111\u01b0\u1ee3c b\u00e1n t\u1ea1i Havamall.<\/p>","protected":false},"excerpt":{"rendered":"<h3><span style=\"font-size: 14pt\">\u0110\u1eccC K\u1ef8 ~ Ch\u00ednh s\u00e1ch giao h\u00e0ng t\u1ea1i Havamall<\/span><\/h3>\n<h4><b>1. Giao h\u00e0ng t\u1ea1i TP.HCM<\/b><\/h4>\n<ul>\n<li><b>\u0110\u1ed3 \u0111\u00f4ng l\u1ea1nh v\u00e0 tr\u00e1i c\u00e2y (B\u1eaft Bu\u1ed9c H\u1ecfa t\u1ed1c):<\/b>\n<ul>\n<li>Ph\u00ed\u00a0<strong><em>ship d\u01b0\u1edbi 5km<\/em><\/strong>\u00a0l\u00e0\u00a0<b>30.000\u20ab<\/b>.\u00a0<strong><em>Tr\u00ean 5km<\/em><\/strong>, ph\u00ed ship\u00a0<strong><em>t\u00ednh theo app.\u00a0<\/em><\/strong>C\u1eeda h\u00e0ng:\u00a0<strong><em>H\u1ebbm 112, s\u1ed1 114A B\u1ea1ch \u0110\u1eb1ng, P.2, Q. T\u00e2n B\u00ecnh.\u00a0<\/em><\/strong><em>Kh\u00e1ch h\u00e0ng c\u00f3 th\u1ec3 t\u1ef1 ki\u1ec3m tra kho\u1ea3ng c\u00e1ch tr\u01b0\u1edbc khi \u0111\u1eb7t.<\/em><\/li>\n<li><b>Mi\u1ec5n ph\u00ed ship<\/b>\u00a0cho \u0111\u01a1n t\u1eeb 4kg ho\u1eb7c 1.500.000\u20ab.\u00a0<strong><em>RI\u00caNG:<\/em><\/strong>\u00a0H\u1ed7 tr\u1ee3\u00a0<strong><em>t\u1ed1i \u0111a<\/em><\/strong>\u00a0<b>30.000\u20ab<\/b>\u00a0ph\u00ed ship cho \u0111\u01a1n \u0111i c\u00e1c\u00a0<em><strong>khu v\u1ef1c xa nh\u01b0 H\u00f3c M\u00f4n, C\u1ee7 Chi, Qu\u1eadn 9<\/strong><\/em>. Qu\u00fd kh\u00e1ch\u00a0<strong>vui l\u00f2ng chuy\u1ec3n kho\u1ea3n tr\u01b0\u1edbc ti\u1ec1n ship ho\u1eb7c ti\u1ec1n h\u00e0ng.<\/strong><\/li>\n<\/ul>\n<\/li>\n<li><b>\u0110\u1ed3 kh\u00f4 (Giao trong 1-2 ng\u00e0y sau khi \u0111\u01b0\u1ee3c g\u1ecdi x\u00e1c nh\u1eadn \u0111\u01a1n):<\/b>\n<ul>\n<li><b>Mi\u1ec5n ph\u00ed ship<\/b>\u00a0v\u1edbi \u0111\u01a1n\u00a0<em><strong>tr\u00ean 500.000\u20ab.\u00a0<\/strong>C<\/em>\u00e1c \u0111\u01a1n\u00a0<strong><em>d\u01b0\u1edbi 500.000\u20ab<\/em><\/strong>, ph\u00ed ship l\u00e0\u00a0<b>30.000\u20ab<\/b>.\u00a0<strong>Kh\u00f4ng \u00e1p d\u1ee5ng cho \u0111\u01a1n s\u1ec9, \u0111\u01a1n h\u00e0ng tr\u00ean 10kg, \u0111\u1ed3 \u0111\u00f4ng l\u1ea1nh ho\u1eb7c tr\u00e1i c\u00e2y.<\/strong><\/li>\n<\/ul>\n<\/li>\n<\/ul>\n<h4><b>2. Giao h\u00e0ng to\u00e0n qu\u1ed1c ( Ch\u1ec9\u00a0<\/b><b>\u0110\u1ed3 kh\u00f4: nh\u1eadn h\u00e0ng sau 3 &#8211; 5 ng\u00e0y)<\/b><\/h4>\n<ul>\n<li><em>*Kh\u00f4ng \u00e1p d\u1ee5ng cho \u0111\u01a1n s\u1ec9, \u0111\u01a1n h\u00e0ng tr\u00ean 10kg*:\u00a0<\/em>Ph\u00ed ship m\u1eb7c \u0111\u1ecbnh\u00a0<b>30.000\u20ab.\u00a0<\/b>\u0110\u01a1n h\u00e0ng\u00a0<strong><em>tr\u00ean 2.000.000\u20ab ch\u1ec9 ch\u1ea5p nh\u1eadn thanh to\u00e1n chuy\u1ec3n kho\u1ea3n.<\/em><\/strong><\/li>\n<\/ul>\n<h4><b>3. L\u01b0u \u00fd chung<\/b><\/h4>\n<ul>\n<li>C\u00e1c m\u1eb7t h\u00e0ng c\u1ed3ng k\u1ec1nh, n\u1eb7ng tr\u00ean 5kg c\u00f3 th\u1ec3 ph\u00e1t sinh ph\u1ee5 ph\u00ed.<\/li>\n<li>M\u1ecdi th\u1eafc m\u1eafc kh\u00e1c vui l\u00f2ng li\u00ean h\u1ec7\u00a0<b>Hotline: 0946229642<\/b>\u00a0\u0111\u1ec3 \u0111\u01b0\u1ee3c h\u1ed7 tr\u1ee3.<\/li>\n<\/ul>","protected":false},"featured_media":41732,"comment_status":"open","ping_status":"closed","template":"","meta":[],"product_brand":[],"product_cat":[675,133],"product_tag":[],"class_list":{"0":"post-41731","1":"product","2":"type-product","3":"status-publish","4":"has-post-thumbnail","6":"product_cat-nhap-khau-nhat-ban","7":"product_cat-banh-keo-chocolate","9":"first","10":"outofstock","11":"sale","12":"shipping-taxable","13":"purchasable","14":"product-type-simple"},"_links":{"self":[{"href":"https:\/\/havamall.vn\/en\/wp-json\/wp\/v2\/product\/41731"}],"collection":[{"href":"https:\/\/havamall.vn\/en\/wp-json\/wp\/v2\/product"}],"about":[{"href":"https:\/\/havamall.vn\/en\/wp-json\/wp\/v2\/types\/product"}],"replies":[{"embeddable":true,"href":"https:\/\/havamall.vn\/en\/wp-json\/wp\/v2\/comments?post=41731"}],"version-history":[{"count":0,"href":"https:\/\/havamall.vn\/en\/wp-json\/wp\/v2\/product\/41731\/revisions"}],"wp:featuredmedia":[{"embeddable":true,"href":"https:\/\/havamall.vn\/en\/wp-json\/wp\/v2\/media\/41732"}],"wp:attachment":[{"href":"https:\/\/havamall.vn\/en\/wp-json\/wp\/v2\/media?parent=41731"}],"wp:term":[{"taxonomy":"product_brand","embeddable":true,"href":"https:\/\/havamall.vn\/en\/wp-json\/wp\/v2\/product_brand?post=41731"},{"taxonomy":"product_cat","embeddable":true,"href":"https:\/\/havamall.vn\/en\/wp-json\/wp\/v2\/product_cat?post=41731"},{"taxonomy":"product_tag","embeddable":true,"href":"https:\/\/havamall.vn\/en\/wp-json\/wp\/v2\/product_tag?post=41731"}],"curies":[{"name":"wp","href":"https:\/\/api.w.org\/{rel}","templated":true}]}}