{"id":41721,"date":"2025-09-20T16:40:41","date_gmt":"2025-09-20T09:40:41","guid":{"rendered":"https:\/\/havamall.vn\/?post_type=product&#038;p=41721"},"modified":"2025-09-20T16:40:46","modified_gmt":"2025-09-20T09:40:46","slug":"viet-quat-dong-lanh-aro-1kg-aro-frozen-blueberry","status":"publish","type":"product","link":"https:\/\/havamall.vn\/en\/shop\/viet-quat-dong-lanh-aro-1kg-aro-frozen-blueberry\/","title":{"rendered":"Vi\u1ec7t Qu\u1ea5t \u0110\u00f4ng L\u1ea1nh ARO 1kg \u2013 Aro Frozen Blueberry"},"content":{"rendered":"<h2><strong>TH\u00d4NG TIN CHUNG<\/strong><\/h2>\n<table style=\"width: 51.25%;height: 118px\">\n<tbody>\n<tr>\n<td>Th\u01b0\u01a1ng hi\u1ec7u<\/td>\n<td>ARO<\/td>\n<\/tr>\n<tr>\n<td>Xu\u1ea5t x\u1ee9<\/td>\n<td>Trung Qu\u1ed1c<\/td>\n<\/tr>\n<tr>\n<td>Th\u00e0nh ph\u1ea7n<\/td>\n<td>Vi\u1ec7t qu\u1ea5t<\/td>\n<\/tr>\n<tr>\n<td>H\u1ea1n s\u1eed d\u1ee5ng<\/td>\n<td>Xem tr\u1ef1c ti\u1ebfp tr\u00ean bao b\u00ec<\/td>\n<\/tr>\n<tr>\n<td>B\u1ea3o qu\u1ea3n<\/td>\n<td>B\u1ea3o qu\u1ea3n \u0111\u00f4ng l\u1ea1nh<\/td>\n<\/tr>\n<tr>\n<td>Kh\u1ed1i l\u01b0\u1ee3ng<\/td>\n<td>1kg<\/td>\n<\/tr>\n<\/tbody>\n<\/table>\n<p data-start=\"265\" data-end=\"880\">Trong th\u1ebf gi\u1edbi c\u1ee7a nh\u1eefng lo\u1ea1i qu\u1ea3 m\u1ecdng, vi\u1ec7t qu\u1ea5t lu\u00f4n \u0111\u01b0\u1ee3c xem nh\u01b0 m\u1ed9t trong nh\u1eefng bi\u1ec3u t\u01b0\u1ee3ng c\u1ee7a s\u1ef1 thanh khi\u1ebft v\u00e0 gi\u00e0u dinh d\u01b0\u1ee1ng. V\u1edbi m\u00e0u xanh t\u00edm \u0111\u1eb7c tr\u01b0ng, v\u1ecb ng\u1ecdt thanh xen l\u1eabn ch\u00fat chua nh\u1eb9, lo\u1ea1i qu\u1ea3 nh\u1ecf b\u00e9 n\u00e0y \u0111\u00e3 chinh ph\u1ee5c kh\u00f4ng ch\u1ec9 nh\u1eefng t\u00edn \u0111\u1ed3 \u1ea9m th\u1ef1c m\u00e0 c\u00f2n c\u1ea3 nh\u1eefng ai quan t\u00e2m \u0111\u1ebfn s\u1ee9c kh\u1ecfe v\u00e0 l\u1ed1i s\u1ed1ng c\u00e2n b\u1eb1ng. Tuy nhi\u00ean, vi\u1ec7t qu\u1ea5t t\u01b0\u01a1i v\u1ed1n kh\u00e1 kh\u00f3 b\u1ea3o qu\u1ea3n v\u00e0 ch\u1ec9 c\u00f3 m\u00f9a v\u1ee5 ng\u1eafn, v\u00ec v\u1eady vi\u1ec7c c\u00f3 \u0111\u01b0\u1ee3c ngu\u1ed3n vi\u1ec7t qu\u1ea5t ch\u1ea5t l\u01b0\u1ee3ng quanh n\u0103m l\u00e0 mong mu\u1ed1n c\u1ee7a nhi\u1ec1u gia \u0111\u00ecnh. Vi\u1ec7t Qu\u1ea5t \u0110\u00f4ng L\u1ea1nh Aro \u2013 Aro Frozen Blueberry ch\u00ednh l\u00e0 l\u1ef1a ch\u1ecdn l\u00fd t\u01b0\u1edfng, mang \u0111\u1ebfn s\u1ef1 ti\u1ec7n l\u1ee3i v\u00e0 tr\u1ecdn v\u1eb9n h\u01b0\u01a1ng v\u1ecb t\u1ef1 nhi\u00ean.<\/p>\n<p data-start=\"265\" data-end=\"880\"><img fetchpriority=\"high\" decoding=\"async\" class=\"aligncenter\" src=\"https:\/\/havamall.com\/wp-content\/uploads\/2025\/09\/f5baf886-b556-429c-b8cf-3b23b05f1036.jpg\" alt=\"Very Berry Fruits Fresh Frozen Blueberry Price - Buy Online at Best Price  in India\" width=\"801\" height=\"801\" \/><\/p>\n<p data-start=\"882\" data-end=\"1269\">Nh\u1eefng qu\u1ea3 vi\u1ec7t qu\u1ea5t nh\u1ecf nh\u1eafn, c\u0103ng m\u1ecdng \u0111\u01b0\u1ee3c ch\u1ecdn l\u1ecdc k\u1ef9 l\u01b0\u1ee1ng, sau \u0111\u00f3 tr\u1ea3i qua c\u00f4ng ngh\u1ec7 c\u1ea5p \u0111\u00f4ng hi\u1ec7n \u0111\u1ea1i gi\u00fap gi\u1eef nguy\u00ean h\u00ecnh d\u00e1ng, m\u00e0u s\u1eafc c\u00f9ng c\u1ea5u tr\u00fac \u0111\u1eb7c tr\u01b0ng. Nh\u1edd v\u1eady, khi m\u1edf t\u00fai vi\u1ec7t qu\u1ea5t \u0111\u00f4ng l\u1ea1nh, ng\u01b0\u1eddi d\u00f9ng v\u1eabn c\u1ea3m nh\u1eadn \u0111\u01b0\u1ee3c s\u1ef1 t\u01b0\u01a1i m\u1edbi, b\u00f3ng b\u1ea9y nh\u01b0 v\u1eeba h\u00e1i t\u1eeb v\u01b0\u1eddn. V\u1ecb ng\u1ecdt d\u1ecbu, chua thanh \u0111\u1eb7c tr\u01b0ng nhanh ch\u00f3ng lan t\u1ecfa, \u0111\u1ec3 l\u1ea1i d\u01b0 v\u1ecb nh\u1eb9 nh\u00e0ng, thanh m\u00e1t v\u00e0 r\u1ea5t d\u1ec5 ch\u1ecbu.<\/p>\n<p data-start=\"882\" data-end=\"1269\"><img decoding=\"async\" class=\"aligncenter\" src=\"https:\/\/havamall.com\/wp-content\/uploads\/2025\/09\/IMG_0097_2.jpg\" alt=\"Frozen Organic Blueberries \u2013 Bow Hill Blueberries\" width=\"800\" height=\"800\" \/><\/p>\n<p data-start=\"1271\" data-end=\"1853\">Gi\u00e1 tr\u1ecb c\u1ee7a vi\u1ec7t qu\u1ea5t kh\u00f4ng ch\u1ec9 d\u1eebng l\u1ea1i \u1edf h\u01b0\u01a1ng v\u1ecb m\u00e0 c\u00f2n \u1edf ngu\u1ed3n d\u01b0\u1ee1ng ch\u1ea5t qu\u00fd gi\u00e1 m\u00e0 lo\u1ea1i qu\u1ea3 n\u00e0y mang l\u1ea1i, \u0111\u01b0\u1ee3c m\u1ec7nh danh l\u00e0 m\u1ed9t trong nh\u1eefng lo\u1ea1i qu\u1ea3 gi\u00e0u ch\u1ea5t ch\u1ed1ng oxy h\u00f3a b\u1eadc nh\u1ea5t, \u0111\u1eb7c bi\u1ec7t l\u00e0 anthocyanin \u2013 h\u1ee3p ch\u1ea5t t\u1ea1o n\u00ean s\u1eafc t\u00edm xanh \u0111\u1eb7c tr\u01b0ng v\u00e0 g\u00f3p ph\u1ea7n h\u1ed7 tr\u1ee3 l\u00e0m ch\u1eadm qu\u00e1 tr\u00ecnh l\u00e3o h\u00f3a. Ngo\u00e0i ra, vi\u1ec7t qu\u1ea5t c\u00f2n ch\u1ee9a nhi\u1ec1u vitamin C, vitamin K c\u00f9ng ch\u1ea5t x\u01a1, gi\u00fap t\u0103ng c\u01b0\u1eddng s\u1ee9c \u0111\u1ec1 kh\u00e1ng, c\u1ea3i thi\u1ec7n h\u1ec7 ti\u00eau h\u00f3a v\u00e0 h\u1ed7 tr\u1ee3 s\u1ee9c kh\u1ecfe tim m\u1ea1ch, th\u01b0\u1eddng xuy\u00ean \u0111\u01b0\u1ee3c khuy\u1ebfn kh\u00edch trong ch\u1ebf \u0111\u1ed9 \u0103n u\u1ed1ng khoa h\u1ecdc v\u00e0 c\u00e1c th\u1ef1c \u0111\u01a1n gi\u1ea3m c\u00e2n l\u00e0nh m\u1ea1nh.<\/p>\n<p data-start=\"1271\" data-end=\"1853\"><img decoding=\"async\" class=\"aligncenter\" src=\"https:\/\/havamall.com\/wp-content\/uploads\/2025\/09\/farmer-holding-a-handful-of-blueberries-at-a-farm-royalty-free-image-1745257987.jpg\" alt=\"Here's What Happened When I Ate Blueberries for 2 Weeks\" width=\"801\" height=\"534\" \/><\/p>\n<p data-start=\"1855\" data-end=\"2443\">S\u1ef1 ti\u1ec7n l\u1ee3i m\u00e0 Vi\u1ec7t Qu\u1ea5t \u0110\u00f4ng L\u1ea1nh Aro mang \u0111\u1ebfn khi\u1ebfn vi\u1ec7c th\u01b0\u1edfng th\u1ee9c vi\u1ec7t qu\u1ea5t tr\u1edf n\u00ean d\u1ec5 d\u00e0ng h\u01a1n bao gi\u1edd h\u1ebft, ch\u1ec9 c\u1ea7n l\u1ea5y t\u1eeb ng\u0103n \u0111\u00f4ng, ng\u01b0\u1eddi d\u00f9ng \u0111\u00e3 c\u00f3 ngay nguy\u00ean li\u1ec7u s\u1eb5n s\u00e0ng \u0111\u1ec3 ch\u1ebf bi\u1ebfn \u0111\u1ee7 m\u00f3n ngon. Vi\u1ec7t qu\u1ea5t \u0111\u00f4ng l\u1ea1nh c\u00f3 th\u1ec3 d\u00f9ng tr\u1ef1c ti\u1ebfp l\u00e0m topping cho s\u1eefa chua, ng\u0169 c\u1ed1c ho\u1eb7c sinh t\u1ed1, l\u00e0 nguy\u00ean li\u1ec7u quen thu\u1ed9c trong c\u00e1c lo\u1ea1i b\u00e1nh n\u01b0\u1edbng, b\u00e1nh ng\u1ecdt v\u00e0 m\u1ee9t nh\u1edd kh\u1ea3 n\u0103ng t\u1ea1o m\u00e0u s\u1eafc \u0111\u1eb9p m\u1eaft c\u00f9ng h\u01b0\u01a1ng v\u1ecb t\u01b0\u01a1i m\u1edbi, c\u00f3 th\u1ec3 d\u00f9ng \u0111\u1ec3 l\u00e0m n\u01b0\u1edbc \u00e9p, cocktail ho\u1eb7c trang tr\u00ed m\u00f3n tr\u00e1ng mi\u1ec7ng, mang \u0111\u1ebfn s\u1ef1 h\u00e0i h\u00f2a v\u00e0 \u0111i\u1ec3m nh\u1ea5n th\u00fa v\u1ecb cho t\u1eebng c\u00f4ng th\u1ee9c.<\/p>\n<p data-start=\"1855\" data-end=\"2443\"><img loading=\"lazy\" decoding=\"async\" class=\"aligncenter\" src=\"https:\/\/havamall.com\/wp-content\/uploads\/2025\/09\/blueberry-cottage-cheese-bark-007.jpg\" alt=\"Blueberry Frozen Cottage Cheese Bark - Life Around The Table\" width=\"799\" height=\"1199\" \/><\/p>\n<p data-start=\"2445\" data-end=\"2831\">M\u1ed9t trong nh\u1eefng \u0111i\u1ec1u \u0111\u00e1ng ch\u00fa \u00fd \u1edf vi\u1ec7t qu\u1ea5t ch\u00ednh l\u00e0 kh\u1ea3 n\u0103ng k\u1ebft h\u1ee3p linh ho\u1ea1t v\u1edbi nhi\u1ec1u nguy\u00ean li\u1ec7u kh\u00e1c. T\u1eeb s\u1eefa chua, kem, h\u1ea1t dinh d\u01b0\u1ee1ng cho \u0111\u1ebfn c\u00e1c lo\u1ea1i tr\u00e1i c\u00e2y kh\u00e1c nh\u01b0 chu\u1ed1i, d\u00e2u t\u00e2y hay xo\u00e0i, vi\u1ec7t qu\u1ea5t \u0111\u1ec1u t\u1ea1o n\u00ean s\u1ef1 c\u00e2n b\u1eb1ng tinh t\u1ebf, gi\u00fap m\u00f3n \u0103n th\u00eam ph\u1ea7n h\u1ea5p d\u1eabn. Kh\u00f4ng ch\u1ec9 v\u1eady, m\u00e0u t\u00edm xanh t\u1ef1 nhi\u00ean c\u1ee7a vi\u1ec7t qu\u1ea5t c\u00f2n gi\u00fap m\u00f3n \u0103n, th\u1ee9c u\u1ed1ng tr\u1edf n\u00ean b\u1eaft m\u1eaft v\u00e0 thu h\u00fat h\u01a1n.<\/p>\n<p data-start=\"2445\" data-end=\"2831\"><img loading=\"lazy\" decoding=\"async\" class=\"aligncenter\" src=\"https:\/\/www.healthygffamily.com\/wp-content\/uploads\/2023\/07\/E2B5C254-1418-4819-A2C2-3E4116834655-scaled.jpg\" alt=\"Blueberry Frozen Yogurt Bark\" width=\"800\" height=\"800\" \/><\/p>\n<p data-start=\"2833\" data-end=\"3336\">Vi\u1ec7t Qu\u1ea5t \u0110\u00f4ng L\u1ea1nh Aro kh\u00f4ng ch\u1ec9 \u0111\u01a1n gi\u1ea3n l\u00e0 nguy\u00ean li\u1ec7u m\u00e0 c\u00f2n l\u00e0 c\u1ea7u n\u1ed1i mang thi\u00ean nhi\u00ean \u0111\u1ebfn g\u1ea7n h\u01a1n v\u1edbi cu\u1ed9c s\u1ed1ng hi\u1ec7n \u0111\u1ea1i, t\u1eebng qu\u1ea3 vi\u1ec7t qu\u1ea5t nh\u1ecf b\u00e9 kh\u00f4ng ch\u1ec9 mang \u0111\u1ebfn v\u1ecb ngon \u0111\u1eb7c tr\u01b0ng m\u00e0 c\u00f2n g\u00f3p ph\u1ea7n l\u00e0m phong ph\u00fa h\u01a1n h\u00e0nh tr\u00ecnh ch\u0103m s\u00f3c b\u1ea3n th\u00e2n b\u1eb1ng l\u1ed1i s\u1ed1ng khoa h\u1ecdc, hi\u1ec7n \u0111ang \u0111\u01b0\u1ee3c b\u00e1n t\u1ea1i Havamall.<\/p>","protected":false},"excerpt":{"rendered":"<p><b>L\u01afU \u00dd QUAN TR\u1eccNG V\u1ec0 GIAO H\u00c0NG<\/b><\/p>\n<ul>\n<li>\u0110\u1ec3 \u0111\u1ea3m b\u1ea3o ch\u1ea5t l\u01b0\u1ee3ng, c\u00e1c s\u1ea3n ph\u1ea9m tr\u00e1i c\u00e2y \u0111\u00f4ng l\u1ea1nh\u00a0<b>ch\u1ec9 \u0111\u01b0\u1ee3c giao h\u1ecfa t\u1ed1c<\/b>\u00a0trong khu v\u1ef1c\u00a0<strong>TP.HCM<\/strong>.<\/li>\n<li><b>Ph\u00ed ship:<\/b>\n<ul>\n<li>D\u01b0\u1edbi 5km: 30.000\u20ab<\/li>\n<li>Tr\u00ean 5km: Ph\u00ed giao h\u00e0ng s\u1ebd t\u00ednh theo gi\u00e1 c\u1ee7a \u1ee9ng d\u1ee5ng d\u1ecbch v\u1ee5 v\u1eadn chuy\u1ec3n.<\/li>\n<\/ul>\n<\/li>\n<li><b>\u0110\u1ecba ch\u1ec9 c\u1eeda h\u00e0ng:<\/b>\u00a0H\u1ebbm 112, s\u1ed1 114A B\u1ea1ch \u0110\u1eb1ng, Ph\u01b0\u1eddng 2, Qu\u1eadn T\u00e2n B\u00ecnh. B\u1ea1n c\u00f3 th\u1ec3 ki\u1ec3m tra kho\u1ea3ng c\u00e1ch tr\u01b0\u1edbc khi \u0111\u1eb7t h\u00e0ng.<\/li>\n<li><b>Mi\u1ec5n ph\u00ed giao h\u00e0ng:<\/b>\u00a0\u00c1p d\u1ee5ng cho \u0111\u01a1n h\u00e0ng tr\u00e1i c\u00e2y \u0111\u00f4ng l\u1ea1nh t\u1eeb 4kg ho\u1eb7c c\u00f3 gi\u00e1 tr\u1ecb t\u1eeb 1.500.000\u20ab.<\/li>\n<\/ul>","protected":false},"featured_media":41722,"comment_status":"open","ping_status":"closed","template":"","meta":[],"product_brand":[],"product_cat":[674,678],"product_tag":[],"class_list":{"0":"post-41721","1":"product","2":"type-product","3":"status-publish","4":"has-post-thumbnail","6":"product_cat-nhap-khau-trung-quoc","7":"product_cat-trai-cay-dong-lanh","9":"first","10":"instock","11":"sale","12":"shipping-taxable","13":"purchasable","14":"product-type-simple"},"_links":{"self":[{"href":"https:\/\/havamall.vn\/en\/wp-json\/wp\/v2\/product\/41721"}],"collection":[{"href":"https:\/\/havamall.vn\/en\/wp-json\/wp\/v2\/product"}],"about":[{"href":"https:\/\/havamall.vn\/en\/wp-json\/wp\/v2\/types\/product"}],"replies":[{"embeddable":true,"href":"https:\/\/havamall.vn\/en\/wp-json\/wp\/v2\/comments?post=41721"}],"version-history":[{"count":0,"href":"https:\/\/havamall.vn\/en\/wp-json\/wp\/v2\/product\/41721\/revisions"}],"wp:featuredmedia":[{"embeddable":true,"href":"https:\/\/havamall.vn\/en\/wp-json\/wp\/v2\/media\/41722"}],"wp:attachment":[{"href":"https:\/\/havamall.vn\/en\/wp-json\/wp\/v2\/media?parent=41721"}],"wp:term":[{"taxonomy":"product_brand","embeddable":true,"href":"https:\/\/havamall.vn\/en\/wp-json\/wp\/v2\/product_brand?post=41721"},{"taxonomy":"product_cat","embeddable":true,"href":"https:\/\/havamall.vn\/en\/wp-json\/wp\/v2\/product_cat?post=41721"},{"taxonomy":"product_tag","embeddable":true,"href":"https:\/\/havamall.vn\/en\/wp-json\/wp\/v2\/product_tag?post=41721"}],"curies":[{"name":"wp","href":"https:\/\/api.w.org\/{rel}","templated":true}]}}