{"id":41689,"date":"2025-09-20T11:11:03","date_gmt":"2025-09-20T04:11:03","guid":{"rendered":"https:\/\/havamall.vn\/?post_type=product&#038;p=41689"},"modified":"2025-12-10T15:02:05","modified_gmt":"2025-12-10T08:02:05","slug":"qua-ly-chua-den-dong-lanh-aro-1000g-aro-frozen-black-currant","status":"publish","type":"product","link":"https:\/\/havamall.vn\/en\/shop\/qua-ly-chua-den-dong-lanh-aro-1000g-aro-frozen-black-currant\/","title":{"rendered":"Qu\u1ea3 L\u00fd Chua \u0110en \u0110\u00f4ng L\u1ea1nh ARO 1kg \u2013 Aro Frozen Black Currant"},"content":{"rendered":"<h2><strong>TH\u00d4NG TIN CHUNG<\/strong><\/h2>\n<table style=\"width: 57.7123%; height: 146px;\">\n<tbody>\n<tr>\n<td>Th\u01b0\u01a1ng hi\u1ec7u<\/td>\n<td>ARO<\/td>\n<\/tr>\n<tr>\n<td>Xu\u1ea5t x\u1ee9<\/td>\n<td>Trung Qu\u1ed1c<\/td>\n<\/tr>\n<tr>\n<td>Th\u00e0nh ph\u1ea7n<\/td>\n<td>100% L\u00fd chua \u0111en<\/td>\n<\/tr>\n<tr>\n<td>H\u1ea1n s\u1eed d\u1ee5ng<\/td>\n<td>Xem tr\u1ef1c ti\u1ebfp tr\u00ean bao b\u00ec<\/td>\n<\/tr>\n<tr>\n<td>B\u1ea3o qu\u1ea3n<\/td>\n<td>B\u1ea3o qu\u1ea3n \u0111\u00f4ng l\u1ea1nh<\/td>\n<\/tr>\n<tr>\n<td>Kh\u1ed1i l\u01b0\u1ee3ng<\/td>\n<td>1kg<\/td>\n<\/tr>\n<\/tbody>\n<\/table>\n<p>Trong th\u1ebf gi\u1edbi tr\u00e1i c\u00e2y gi\u00e0u h\u01b0\u01a1ng v\u1ecb v\u00e0 d\u01b0\u1ee1ng ch\u1ea5t, qu\u1ea3 l\u00fd chua \u0111en lu\u00f4n \u0111\u01b0\u1ee3c xem l\u00e0 lo\u1ea1i qu\u1ea3 \u0111\u1ed9c \u0111\u00e1o nh\u1edd m\u00e0u t\u00edm \u0111\u1eadm huy\u1ec1n b\u00ed c\u00f9ng m\u00f9i v\u1ecb chua ng\u1ecdt quy\u1ebfn r\u0169. N\u1ebfu nh\u01b0 tr\u01b0\u1edbc \u0111\u00e2y lo\u1ea1i qu\u1ea3 n\u00e0y th\u01b0\u1eddng xu\u1ea5t hi\u1ec7n ch\u1ee7 y\u1ebfu \u1edf c\u00e1c n\u01b0\u1edbc \u00f4n \u0111\u1edbi, th\u00ec nay v\u1edbi c\u00f4ng ngh\u1ec7 \u0111\u00f4ng l\u1ea1nh hi\u1ec7n \u0111\u1ea1i, vi\u1ec7c th\u01b0\u1edfng th\u1ee9c l\u00fd chua \u0111en tr\u1edf n\u00ean thu\u1eadn ti\u1ec7n h\u01a1n bao gi\u1edd h\u1ebft. L\u00fd chua \u0111en \u0111\u00f4ng l\u1ea1nh Aro mang \u0111\u1ebfn s\u1ef1 k\u1ebft h\u1ee3p h\u00e0i h\u00f2a gi\u1eefa t\u00ednh ti\u1ec7n l\u1ee3i v\u00e0 gi\u00e1 tr\u1ecb t\u1ef1 nhi\u00ean, gi\u00fap m\u1ed7i gia \u0111\u00ecnh d\u1ec5 d\u00e0ng tr\u1ea3i nghi\u1ec7m h\u01b0\u01a1ng v\u1ecb \u0111\u1eb7c tr\u01b0ng v\u1ed1n \u0111\u01b0\u1ee3c c\u1ea3 th\u1ebf gi\u1edbi \u01b0a chu\u1ed9ng.<\/p>\n<p><img fetchpriority=\"high\" decoding=\"async\" class=\"aligncenter\" src=\"https:\/\/havamall.com\/wp-content\/uploads\/2025\/09\/frozen-black-currant-as-berries-summer-refreshing-2024-04-22-14-41-48-utc.jpg\" alt=\"Frozen - Blackcurrant \u2013 Farmford &amp; Co\" width=\"800\" height=\"533\" \/><\/p>\n<p>L\u00fd chua \u0111en, c\u00f2n g\u1ecdi l\u00e0 Black Currant, c\u00f3 ngu\u1ed3n g\u1ed1c t\u1eeb c\u00e1c v\u00f9ng kh\u00ed h\u1eadu m\u00e1t l\u1ea1nh \u1edf ch\u00e2u \u00c2u v\u00e0 B\u1eafc \u00c1. Lo\u1ea1i qu\u1ea3 nh\u1ecf b\u00e9 n\u00e0y \u0111\u00e3 xu\u1ea5t hi\u1ec7n trong \u0111\u1eddi s\u1ed1ng con ng\u01b0\u1eddi t\u1eeb nhi\u1ec1u th\u1ebf k\u1ef7 tr\u01b0\u1edbc. Trong y h\u1ecdc c\u1ed5 truy\u1ec1n, qu\u1ea3 l\u00fd chua \u0111en th\u01b0\u1eddng \u0111\u01b0\u1ee3c s\u1eed d\u1ee5ng \u0111\u1ec3 l\u00e0m tr\u00e0, siro ho\u1eb7c ng\u00e2m r\u01b0\u1ee3u nh\u1edd h\u01b0\u01a1ng v\u1ecb \u0111\u1eb7c bi\u1ec7t v\u00e0 kh\u1ea3 n\u0103ng h\u1ed7 tr\u1ee3 s\u1ee9c kh\u1ecfe. \u0110\u1eb7c bi\u1ec7t \u1edf Nga, Ph\u00e1p hay Anh, qu\u1ea3 l\u00fd chua \u0111en \u0111\u01b0\u1ee3c xem nh\u01b0 m\u1ed9t nguy\u00ean li\u1ec7u g\u1eafn li\u1ec1n v\u1edbi \u0111\u1eddi s\u1ed1ng th\u01b0\u1eddng nh\u1eadt, xu\u1ea5t hi\u1ec7n trong c\u1ea3 m\u00f3n tr\u00e1ng mi\u1ec7ng l\u1eabn th\u1ee9c u\u1ed1ng truy\u1ec1n th\u1ed1ng. Ng\u00e0y nay, l\u00fd chua \u0111en kh\u00f4ng ch\u1ec9 gi\u1edbi h\u1ea1n \u1edf c\u00e1c qu\u1ed1c gia \u00f4n \u0111\u1edbi m\u00e0 \u0111\u00e3 tr\u1edf th\u00e0nh m\u1ed9t ph\u1ea7n trong xu h\u01b0\u1edbng \u1ea9m th\u1ef1c to\u00e0n c\u1ea7u.<\/p>\n<p><img decoding=\"async\" class=\"aligncenter\" src=\"https:\/\/www.isons.com\/wp-content\/uploads\/2016\/10\/Black-Currants-Hi-Res.jpg\" alt=\"Crandall Black Currant | Ison's Nursery &amp; Vineyard\" width=\"801\" height=\"534\" \/><\/p>\n<blockquote>\n<p data-start=\"1306\" data-end=\"1747\"><span style=\"font-size: 18pt;\"><em><strong>Gi\u00e1 tr\u1ecb dinh d\u01b0\u1ee1ng v\u01b0\u1ee3t tr\u1ed9i<\/strong><\/em><\/span><\/p>\n<\/blockquote>\n<p data-start=\"2371\" data-end=\"2957\">\u2013 H\u00e0m l\u01b0\u1ee3ng vitamin C c\u1ef1c k\u1ef3 cao, g\u1ea5p nhi\u1ec1u l\u1ea7n so v\u1edbi cam, gi\u00fap t\u0103ng c\u01b0\u1eddng \u0111\u1ec1 kh\u00e1ng v\u00e0 l\u00e0m ch\u1eadm qu\u00e1 tr\u00ecnh l\u00e3o h\u00f3a.<br data-start=\"2486\" data-end=\"2489\" \/>\u2013 Anthocyanin \u2013 h\u1ee3p ch\u1ea5t t\u1ea1o n\u00ean s\u1eafc t\u00edm \u0111\u1eadm \u2013 c\u00f3 kh\u1ea3 n\u0103ng ch\u1ed1ng oxy h\u00f3a m\u1ea1nh m\u1ebd, h\u1ed7 tr\u1ee3 tim m\u1ea1ch v\u00e0 ng\u0103n ng\u1eeba t\u00e1c \u0111\u1ed9ng c\u1ee7a g\u1ed1c t\u1ef1 do.<br data-start=\"2623\" data-end=\"2626\" \/>\u2013 Vitamin A v\u00e0 E gi\u00fap nu\u00f4i d\u01b0\u1ee1ng l\u00e0n da, t\u0103ng c\u01b0\u1eddng s\u1ee9c kh\u1ecfe m\u1eaft v\u00e0 duy tr\u00ec v\u1ebb ngo\u00e0i r\u1ea1ng r\u1ee1.<br data-start=\"2719\" data-end=\"2722\" \/>\u2013 Kali, s\u1eaft v\u00e0 magi\u00ea trong qu\u1ea3 gi\u00fap c\u00e2n b\u1eb1ng \u0111i\u1ec7n gi\u1ea3i, h\u1ed7 tr\u1ee3 tu\u1ea7n ho\u00e0n m\u00e1u v\u00e0 duy tr\u00ec n\u0103ng l\u01b0\u1ee3ng \u1ed5n \u0111\u1ecbnh.<br data-start=\"2829\" data-end=\"2832\" \/>\u2013 Ch\u1ea5t x\u01a1 t\u1ef1 nhi\u00ean c\u00f3 trong l\u00fd chua \u0111en g\u00f3p ph\u1ea7n h\u1ed7 tr\u1ee3 h\u1ec7 ti\u00eau h\u00f3a kh\u1ecfe m\u1ea1nh, gi\u00fap c\u01a1 th\u1ec3 h\u1ea5p th\u1ee5 dinh d\u01b0\u1ee1ng hi\u1ec7u qu\u1ea3 h\u01a1n.<\/p>\n<p data-start=\"2371\" data-end=\"2957\"><img decoding=\"async\" class=\"aligncenter\" src=\"https:\/\/havamall.com\/wp-content\/uploads\/2025\/09\/csm_Black_currant_2_178a5a7566.jpg\" alt=\"Black currant | Koppert UK\" width=\"801\" height=\"543\" \/><\/p>\n<p data-start=\"3117\" data-end=\"3235\">\u0110i\u1ec3m n\u1ed5i b\u1eadt nh\u1ea5t c\u1ee7a l\u00fd chua \u0111en Aro ch\u00ednh l\u00e0 vi\u1ec7c \u00e1p d\u1ee5ng c\u00f4ng ngh\u1ec7 c\u1ea5p \u0111\u00f4ng hi\u1ec7n \u0111\u1ea1i, qu\u1ea3 \u0111\u01b0\u1ee3c thu ho\u1ea1ch khi ch\u00edn v\u1eeba t\u1edbi, sau \u0111\u00f3 nhanh ch\u00f3ng \u0111\u01b0a v\u00e0o quy tr\u00ecnh \u0111\u00f4ng l\u1ea1nh nh\u1eb1m kh\u00f3a ch\u1eb7t d\u01b0\u1ee1ng ch\u1ea5t v\u00e0 h\u01b0\u01a1ng v\u1ecb, ph\u01b0\u01a1ng ph\u00e1p n\u00e0y kh\u00f4ng ch\u1ec9 gi\u1eef \u0111\u01b0\u1ee3c m\u00e0u s\u1eafc t\u01b0\u01a1i t\u1eafn, v\u1ecb chua ng\u1ecdt t\u1ef1 nhi\u00ean m\u00e0 c\u00f2n gi\u00fap b\u1ea3o to\u00e0n l\u01b0\u1ee3ng vitamin v\u00e0 kho\u00e1ng ch\u1ea5t qu\u00fd gi\u00e1. L\u00fd chua \u0111en n\u1eb1m \u1edf s\u1ef1 c\u00e2n b\u1eb1ng gi\u1eefa v\u1ecb chua thanh m\u00e1t v\u00e0 h\u1eadu ng\u1ecdt nh\u1eb9 nh\u00e0ng. Khi th\u01b0\u1edfng th\u1ee9c, v\u1ecb chua lan t\u1ecfa \u0111\u1ea7u l\u01b0\u1ee1i, mang l\u1ea1i c\u1ea3m gi\u00e1c s\u1ea3ng kho\u00e1i, sau \u0111\u00f3 d\u1ecbu l\u1ea1i b\u1eb1ng ch\u00fat ng\u1ecdt \u0111\u1eb7c tr\u01b0ng.<\/p>\n<p data-start=\"3237\" data-end=\"3639\">\u2013 L\u00e0m sinh t\u1ed1, n\u01b0\u1edbc \u00e9p ho\u1eb7c smoothie bowl cho b\u1eefa s\u00e1ng nhanh g\u1ecdn m\u00e0 v\u1eabn gi\u00e0u n\u0103ng l\u01b0\u1ee3ng.<br data-start=\"3325\" data-end=\"3328\" \/>\u2013 K\u1ebft h\u1ee3p v\u1edbi s\u1eefa chua, m\u1eadt ong \u0111\u1ec3 t\u1ea1o m\u00f3n tr\u00e1ng mi\u1ec7ng thanh m\u00e1t v\u00e0 b\u1ed5 d\u01b0\u1ee1ng.<br data-start=\"3405\" data-end=\"3408\" \/>\u2013 N\u1ea5u th\u00e0nh siro ho\u1eb7c m\u1ee9t \u0111\u1ec3 d\u00f9ng k\u00e8m b\u00e1nh m\u00ec, b\u00e1nh ng\u1ecdt.<br data-start=\"3465\" data-end=\"3468\" \/>\u2013 L\u00e0m s\u1ed1t \u0103n k\u00e8m c\u00e1c m\u00f3n n\u01b0\u1edbng, gi\u00fap h\u01b0\u01a1ng v\u1ecb tr\u1edf n\u00ean c\u00e2n b\u1eb1ng v\u00e0 h\u1ea5p d\u1eabn h\u01a1n.<br data-start=\"3546\" data-end=\"3549\" \/>\u2013 D\u00f9ng trong l\u00e0m b\u00e1nh, \u0111\u1eb7c bi\u1ec7t l\u00e0 tart ho\u1eb7c muffin, \u0111\u1ec3 t\u1ea1o m\u00e0u s\u1eafc v\u00e0 h\u01b0\u01a1ng v\u1ecb n\u1ed5i b\u1eadt.<\/p>\n<p data-start=\"3237\" data-end=\"3639\"><img loading=\"lazy\" decoding=\"async\" class=\"aligncenter\" src=\"https:\/\/berryworld.imgix.net\/assets\/Quick-BerryWorld-Blackcurrant-Jam.jpg?auto=format&amp;crop=focalpoint&amp;fit=crop&amp;fp-x=0.5&amp;fp-y=0.5&amp;h=1500&amp;ixlib=php-3.1.0&amp;q=60&amp;v=1535099205&amp;w=2300\" alt=\"Quick Blackcurrant Jam\" width=\"800\" height=\"522\" \/><\/p>\n<p data-start=\"4301\" data-end=\"4630\"><em>Qu\u1ea3 l\u00fd chua \u0111en \u0111\u00f4ng l\u1ea1nh Aro kh\u00f4ng ch\u1ec9 mang \u0111\u1ebfn h\u01b0\u01a1ng v\u1ecb \u0111\u1ed9c \u0111\u00e1o m\u00e0 c\u00f2n l\u00e0 ngu\u1ed3n dinh d\u01b0\u1ee1ng qu\u00fd gi\u00e1, g\u00f3p ph\u1ea7n n\u00e2ng cao ch\u1ea5t l\u01b0\u1ee3ng b\u1eefa \u0103n v\u00e0 ch\u0103m s\u00f3c s\u1ee9c kh\u1ecfe. S\u1ef1 k\u1ebft h\u1ee3p h\u00e0i h\u00f2a gi\u1eefa c\u00f4ng ngh\u1ec7 hi\u1ec7n \u0111\u1ea1i v\u00e0 tinh t\u00fay t\u1ef1 nhi\u00ean \u0111\u00e3 t\u1ea1o n\u00ean m\u1ed9t l\u1ef1a ch\u1ecdn ho\u00e0n h\u1ea3o cho nh\u1eefng ai mong mu\u1ed1n t\u1eadn h\u01b0\u1edfng s\u1ef1 tinh khi\u1ebft c\u1ee7a tr\u00e1i c\u00e2y nh\u1eadp kh\u1ea9u, hi\u1ec7n \u0111ang \u0111\u01b0\u1ee3c b\u00e1n t\u1ea1i Havamall.<\/em><\/p>","protected":false},"excerpt":{"rendered":"<p><b>L\u01afU \u00dd QUAN TR\u1eccNG V\u1ec0 GIAO H\u00c0NG<\/b><\/p>\n<ul>\n<li>\u0110\u1ec3 \u0111\u1ea3m b\u1ea3o ch\u1ea5t l\u01b0\u1ee3ng, c\u00e1c s\u1ea3n ph\u1ea9m tr\u00e1i c\u00e2y \u0111\u00f4ng l\u1ea1nh\u00a0<b>ch\u1ec9 \u0111\u01b0\u1ee3c giao h\u1ecfa t\u1ed1c<\/b>\u00a0trong khu v\u1ef1c\u00a0<strong>TP.HCM<\/strong>.<\/li>\n<li><b>Ph\u00ed ship:<\/b>\n<ul>\n<li>D\u01b0\u1edbi 5km: 30.000\u20ab<\/li>\n<li>Tr\u00ean 5km: Ph\u00ed giao h\u00e0ng s\u1ebd t\u00ednh theo gi\u00e1 c\u1ee7a \u1ee9ng d\u1ee5ng d\u1ecbch v\u1ee5 v\u1eadn chuy\u1ec3n.<\/li>\n<\/ul>\n<\/li>\n<li><b>\u0110\u1ecba ch\u1ec9 c\u1eeda h\u00e0ng:<\/b>\u00a0H\u1ebbm 112, s\u1ed1 114A B\u1ea1ch \u0110\u1eb1ng, Ph\u01b0\u1eddng 2, Qu\u1eadn T\u00e2n B\u00ecnh. B\u1ea1n c\u00f3 th\u1ec3 ki\u1ec3m tra kho\u1ea3ng c\u00e1ch tr\u01b0\u1edbc khi \u0111\u1eb7t h\u00e0ng.<\/li>\n<li><b>Mi\u1ec5n ph\u00ed giao h\u00e0ng:<\/b>\u00a0\u00c1p d\u1ee5ng cho \u0111\u01a1n h\u00e0ng tr\u00e1i c\u00e2y \u0111\u00f4ng l\u1ea1nh t\u1eeb 4kg ho\u1eb7c c\u00f3 gi\u00e1 tr\u1ecb t\u1eeb 1.500.000\u20ab.<\/li>\n<\/ul>","protected":false},"featured_media":41690,"comment_status":"open","ping_status":"closed","template":"","meta":[],"product_brand":[],"product_cat":[674,678],"product_tag":[],"class_list":{"0":"post-41689","1":"product","2":"type-product","3":"status-publish","4":"has-post-thumbnail","6":"product_cat-nhap-khau-trung-quoc","7":"product_cat-trai-cay-dong-lanh","9":"first","10":"outofstock","11":"sale","12":"shipping-taxable","13":"purchasable","14":"product-type-simple"},"_links":{"self":[{"href":"https:\/\/havamall.vn\/en\/wp-json\/wp\/v2\/product\/41689"}],"collection":[{"href":"https:\/\/havamall.vn\/en\/wp-json\/wp\/v2\/product"}],"about":[{"href":"https:\/\/havamall.vn\/en\/wp-json\/wp\/v2\/types\/product"}],"replies":[{"embeddable":true,"href":"https:\/\/havamall.vn\/en\/wp-json\/wp\/v2\/comments?post=41689"}],"version-history":[{"count":0,"href":"https:\/\/havamall.vn\/en\/wp-json\/wp\/v2\/product\/41689\/revisions"}],"wp:featuredmedia":[{"embeddable":true,"href":"https:\/\/havamall.vn\/en\/wp-json\/wp\/v2\/media\/41690"}],"wp:attachment":[{"href":"https:\/\/havamall.vn\/en\/wp-json\/wp\/v2\/media?parent=41689"}],"wp:term":[{"taxonomy":"product_brand","embeddable":true,"href":"https:\/\/havamall.vn\/en\/wp-json\/wp\/v2\/product_brand?post=41689"},{"taxonomy":"product_cat","embeddable":true,"href":"https:\/\/havamall.vn\/en\/wp-json\/wp\/v2\/product_cat?post=41689"},{"taxonomy":"product_tag","embeddable":true,"href":"https:\/\/havamall.vn\/en\/wp-json\/wp\/v2\/product_tag?post=41689"}],"curies":[{"name":"wp","href":"https:\/\/api.w.org\/{rel}","templated":true}]}}