{"id":41680,"date":"2025-09-20T10:32:38","date_gmt":"2025-09-20T03:32:38","guid":{"rendered":"https:\/\/havamall.vn\/?post_type=product&#038;p=41680"},"modified":"2025-09-20T10:32:49","modified_gmt":"2025-09-20T03:32:49","slug":"mam-xoi-do-dong-lanh-aro-1kg-aro-red-frozen-raspberry","status":"publish","type":"product","link":"https:\/\/havamall.vn\/en\/shop\/mam-xoi-do-dong-lanh-aro-1kg-aro-red-frozen-raspberry\/","title":{"rendered":"M\u00e2m X\u00f4i \u0110\u1ecf \u0110\u00f4ng L\u1ea1nh ARO 1kg &#8211; Aro Red Frozen Raspberry"},"content":{"rendered":"<h2><strong>TH\u00d4NG TIN CHUNG<\/strong><\/h2>\n<table style=\"width: 58.6584%;height: 204px\">\n<tbody>\n<tr>\n<td>Th\u01b0\u01a1ng hi\u1ec7u<\/td>\n<td>ARO<\/td>\n<\/tr>\n<tr>\n<td>Xu\u1ea5t x\u1ee9<\/td>\n<td>Trung Qu\u1ed1c<\/td>\n<\/tr>\n<tr>\n<td>Th\u00e0nh ph\u1ea7n<\/td>\n<td>M\u00e2m x\u00f4i \u0111\u1ecf (ph\u00fac b\u1ed3n t\u1eed)<\/td>\n<\/tr>\n<tr>\n<td>H\u1ea1n s\u1eed d\u1ee5ng<\/td>\n<td>Xem tr\u1ef1c ti\u1ebfp tr\u00ean bao b\u00ec<\/td>\n<\/tr>\n<tr>\n<td>B\u1ea3o qu\u1ea3n<\/td>\n<td>B\u1ea3o qu\u1ea3n \u0111\u00f4ng l\u1ea1nh<\/td>\n<\/tr>\n<tr>\n<td>Kh\u1ed1i l\u01b0\u1ee3ng<\/td>\n<td>1kg<\/td>\n<\/tr>\n<\/tbody>\n<\/table>\n<p data-start=\"76\" data-end=\"538\">Trong nh\u1eefng n\u0103m g\u1ea7n \u0111\u00e2y, xu h\u01b0\u1edbng l\u1ef1a ch\u1ecdn th\u1ef1c ph\u1ea9m \u0111\u00f4ng l\u1ea1nh ch\u1ea5t l\u01b0\u1ee3ng cao ng\u00e0y c\u00e0ng \u0111\u01b0\u1ee3c nhi\u1ec1u gia \u0111\u00ecnh quan t\u00e2m. \u0110\u1eb7c bi\u1ec7t, v\u1edbi c\u00e1c lo\u1ea1i tr\u00e1i c\u00e2y nh\u1eadp kh\u1ea9u, vi\u1ec7c b\u1ea3o qu\u1ea3n b\u1eb1ng ph\u01b0\u01a1ng ph\u00e1p \u0111\u00f4ng l\u1ea1nh hi\u1ec7n \u0111\u1ea1i gi\u00fap gi\u1eef tr\u1ecdn h\u01b0\u01a1ng v\u1ecb v\u00e0 dinh d\u01b0\u1ee1ng. Qu\u1ea3 m\u00e2m x\u00f4i, v\u1ed1n n\u1ed5i ti\u1ebfng nh\u1edd v\u1ecb chua ng\u1ecdt tinh t\u1ebf c\u00f9ng h\u00e0m l\u01b0\u1ee3ng dinh d\u01b0\u1ee1ng d\u1ed3i d\u00e0o, nay \u0111\u00e3 tr\u1edf n\u00ean ti\u1ec7n l\u1ee3i h\u01a1n khi c\u00f3 th\u1ec3 s\u1eed d\u1ee5ng quanh n\u0103m v\u1edbi d\u00f2ng s\u1ea3n ph\u1ea9m qu\u1ea3 m\u00e2m x\u00f4i \u0111\u00f4ng l\u1ea1nh Aro \u2013 Aro Frozen Raspberry.<\/p>\n<p data-start=\"76\" data-end=\"538\"><img fetchpriority=\"high\" decoding=\"async\" class=\"aligncenter\" src=\"https:\/\/havamall.com\/wp-content\/uploads\/2025\/09\/Raspberries_hero-1.jpg\" alt=\"Scottish Raspberries - Fieldfare\" width=\"801\" height=\"534\" \/><\/p>\n<p data-start=\"540\" data-end=\"964\">Kh\u00f4ng ch\u1ec9 mang l\u1ea1i s\u1ef1 ti\u1ec7n l\u1ee3i trong ch\u1ebf bi\u1ebfn, qu\u1ea3 m\u00e2m x\u00f4i \u0111\u00f4ng l\u1ea1nh Aro c\u00f2n gi\u1eef \u0111\u01b0\u1ee3c m\u00e0u s\u1eafc \u0111\u1ecf t\u01b0\u01a1i \u0111\u1eb9p m\u1eaft c\u00f9ng h\u01b0\u01a1ng v\u1ecb t\u1ef1 nhi\u00ean v\u1ed1n c\u00f3. Ng\u01b0\u1eddi d\u00f9ng c\u00f3 th\u1ec3 d\u1ec5 d\u00e0ng s\u00e1ng t\u1ea1o nhi\u1ec1u m\u00f3n \u0103n phong ph\u00fa, t\u1eeb \u0111\u1ed3 u\u1ed1ng, m\u00f3n tr\u00e1ng mi\u1ec7ng cho \u0111\u1ebfn c\u00e1c c\u00f4ng th\u1ee9c b\u00e1nh ng\u1ecdt c\u1ea7u k\u1ef3. M\u1ed7i qu\u1ea3 m\u00e2m x\u00f4i \u0111\u01b0\u1ee3c tuy\u1ec3n ch\u1ecdn k\u1ef9 c\u00e0ng, tr\u1ea3i qua quy tr\u00ecnh c\u1ea5p \u0111\u00f4ng nhanh hi\u1ec7n \u0111\u1ea1i nh\u1eb1m \u0111\u1ea3m b\u1ea3o \u0111\u1ed9 t\u01b0\u01a1i ngon t\u1ed1i \u0111a, kh\u00f4ng l\u00e0m m\u1ea5t \u0111i vitamin v\u00e0 ch\u1ea5t x\u01a1.<\/p>\n<p data-start=\"540\" data-end=\"964\"><img decoding=\"async\" class=\"aligncenter\" src=\"https:\/\/i0.wp.com\/efjerky.com\/wp-content\/uploads\/2022\/11\/IMG_E5094.jpg?fit=3024%2C3024&amp;ssl=1\" alt=\"Red Raspberries - DriedFoodCo.com\" width=\"801\" height=\"801\" \/><\/p>\n<blockquote>\n<p data-start=\"966\" data-end=\"1162\"><span style=\"font-size: 14pt\"><strong><em>V\u1edbi t\u00ednh ch\u1ea5t chua thanh d\u1ecbu nh\u1eb9,\u00a0r\u00e3 \u0111\u00f4ng nh\u1eb9 \u1edf ng\u0103n m\u00e1t t\u1ee7 l\u1ea1nh t\u1eeb 1\u20133\u00b0C v\u00e0 d\u00f9ng d\u1ea7n trong 2\u20133 ng\u00e0y, m\u00e2m x\u00f4i d\u1ec5 d\u00e0ng c\u00e2n b\u1eb1ng v\u1ecb ng\u1ecdt trong c\u00e1c m\u00f3n \u0103n, t\u1ea1o n\u00ean s\u1ef1 h\u00e0i h\u00f2a cho kh\u1ea9u v\u1ecb:<\/em><\/strong><\/span><\/p>\n<\/blockquote>\n<p data-start=\"1164\" data-end=\"1554\">\u2013 Th\u00eam v\u00e0o sinh t\u1ed1, n\u01b0\u1edbc \u00e9p, k\u1ebft h\u1ee3p c\u00f9ng chu\u1ed1i, xo\u00e0i ho\u1eb7c s\u1eefa chua \u0111\u1ec3 t\u1ea1o n\u00ean th\u1ee9c u\u1ed1ng b\u1ed5 d\u01b0\u1ee1ng.<br data-start=\"1262\" data-end=\"1265\" \/>\u2013 D\u00f9ng l\u00e0m topping cho b\u00e1nh ng\u1ecdt, b\u00e1nh tart ho\u1eb7c panna cotta, mang l\u1ea1i m\u00e0u s\u1eafc b\u1eaft m\u1eaft v\u00e0 h\u01b0\u01a1ng v\u1ecb tinh t\u1ebf.<br data-start=\"1372\" data-end=\"1375\" \/>\u2013 K\u1ebft h\u1ee3p trong m\u00f3n salad tr\u00e1i c\u00e2y, gi\u00fap m\u00f3n \u0103n tr\u1edf n\u00ean gi\u00e0u dinh d\u01b0\u1ee1ng v\u00e0 thanh m\u00e1t h\u01a1n.<br data-start=\"1464\" data-end=\"1467\" \/>\u2013 N\u1ea5u c\u00f9ng s\u1ed1t ho\u1eb7c m\u1ee9t, th\u00edch h\u1ee3p cho c\u1ea3 b\u1eefa s\u00e1ng nhanh g\u1ecdn l\u1eabn nh\u1eefng m\u00f3n \u0103n c\u1ea7u k\u1ef3.<\/p>\n<p data-start=\"1164\" data-end=\"1554\"><img decoding=\"async\" class=\"aligncenter\" src=\"https:\/\/havamall.com\/wp-content\/uploads\/2025\/09\/Jalna-Recipe-Raspberry-Parfait-Log.jpg\" alt=\"Frozen Raspberry &amp; Yoghurt Log\" width=\"800\" height=\"525\" \/><\/p>\n<p data-start=\"1556\" data-end=\"2042\">M\u1ed9t trong nh\u1eefng \u01b0u \u0111i\u1ec3m khi\u1ebfn qu\u1ea3 m\u00e2m x\u00f4i \u0111\u00f4ng l\u1ea1nh Aro \u0111\u01b0\u1ee3c \u01b0a chu\u1ed9ng ch\u00ednh l\u00e0 s\u1ef1 an to\u00e0n v\u00e0 ti\u1ec7n l\u1ee3i. Quy tr\u00ecnh c\u1ea5p \u0111\u00f4ng hi\u1ec7n \u0111\u1ea1i gi\u00fap ng\u0103n ch\u1eb7n vi khu\u1ea9n ph\u00e1t tri\u1ec3n, \u0111\u1ed3ng th\u1eddi duy tr\u00ec \u0111\u1ed9 t\u01b0\u01a1i ngon c\u1ee7a tr\u00e1i c\u00e2y. Ng\u01b0\u1eddi d\u00f9ng ch\u1ec9 c\u1ea7n l\u1ea5y l\u01b0\u1ee3ng c\u1ea7n thi\u1ebft, ph\u1ea7n c\u00f2n l\u1ea1i v\u1eabn gi\u1eef nguy\u00ean ch\u1ea5t l\u01b0\u1ee3ng khi \u0111\u01b0\u1ee3c b\u1ea3o qu\u1ea3n \u0111\u00fang c\u00e1ch trong ng\u0103n \u0111\u00f4ng, l\u00e0 l\u1ef1a ch\u1ecdn l\u00fd t\u01b0\u1edfng cho c\u00e1c gia \u0111\u00ecnh b\u1eadn r\u1ed9n, nh\u1eefng ng\u01b0\u1eddi y\u00eau th\u00edch \u1ea9m th\u1ef1c nh\u01b0ng kh\u00f4ng c\u00f3 nhi\u1ec1u th\u1eddi gian \u0111\u1ec3 t\u00ecm mua tr\u00e1i c\u00e2y t\u01b0\u01a1i nh\u1eadp kh\u1ea9u.<\/p>\n<p data-start=\"1556\" data-end=\"2042\"><img loading=\"lazy\" decoding=\"async\" class=\"aligncenter\" src=\"https:\/\/havamall.com\/wp-content\/uploads\/2025\/09\/817IY61BfpL._UF10001000_QL80.jpg\" alt=\"Greens Frozen Raspberries - 1x2.5kg : Amazon.co.uk: Grocery\" width=\"801\" height=\"801\" \/><\/p>\n<blockquote>\n<p data-start=\"2044\" data-end=\"2153\"><span style=\"font-size: 14pt\"><strong><em>Qu\u1ea3 m\u00e2m x\u00f4i \u0111\u00f4ng l\u1ea1nh Aro kh\u00f4ng ch\u1ec9 l\u00e0 l\u1ef1a ch\u1ecdn cho nhu c\u1ea7u th\u01b0\u1edfng th\u1ee9c m\u00e0 c\u00f2n g\u00f3p ph\u1ea7n h\u1ed7 tr\u1ee3 duy tr\u00ec l\u1ed1i s\u1ed1ng l\u00e0nh m\u1ea1nh. Ng\u01b0\u1eddi ti\u00eau d\u00f9ng c\u00f3 th\u1ec3 y\u00ean t\u00e2m s\u1eed d\u1ee5ng h\u00e0ng ng\u00e0y, t\u1eeb b\u1eefa s\u00e1ng \u0111\u1ebfn c\u00e1c m\u00f3n tr\u00e1ng mi\u1ec7ng cu\u1ed1i ng\u00e0y, m\u00e0 v\u1eabn \u0111\u1ea3m b\u1ea3o s\u1ef1 c\u00e2n \u0111\u1ed1i v\u1ec1 dinh d\u01b0\u1ee1ng.<\/em><\/strong><\/span><\/p>\n<\/blockquote>\n<p data-start=\"2155\" data-end=\"2468\">\u2013 Gi\u00e0u vitamin C, gi\u00fap t\u0103ng c\u01b0\u1eddng s\u1ee9c \u0111\u1ec1 kh\u00e1ng v\u00e0 h\u1ed7 tr\u1ee3 l\u00e0n da kh\u1ecfe m\u1ea1nh.<br data-start=\"2229\" data-end=\"2232\" \/>\u2013 Cung c\u1ea5p ch\u1ea5t x\u01a1 t\u1ef1 nhi\u00ean, t\u1ed1t cho h\u1ec7 ti\u00eau h\u00f3a.<br data-start=\"2281\" data-end=\"2284\" \/>\u2013 Ch\u1ee9a ch\u1ea5t ch\u1ed1ng oxy h\u00f3a m\u1ea1nh m\u1ebd, g\u00f3p ph\u1ea7n b\u1ea3o v\u1ec7 c\u01a1 th\u1ec3 kh\u1ecfi t\u00e1c \u0111\u1ed9ng c\u1ee7a g\u1ed1c t\u1ef1 do.<br data-start=\"2370\" data-end=\"2373\" \/>\u2013 H\u00e0m l\u01b0\u1ee3ng kho\u00e1ng ch\u1ea5t nh\u01b0 mangan, magie, kali gi\u00fap duy tr\u00ec s\u1ee9c kh\u1ecfe x\u01b0\u01a1ng kh\u1edbp v\u00e0 tim m\u1ea1ch.<\/p>\n<p data-start=\"2155\" data-end=\"2468\"><img loading=\"lazy\" decoding=\"async\" class=\"aligncenter\" src=\"https:\/\/frut.co.za\/cdn\/shop\/articles\/closeup-shot-raspberry-jam-with-frozen-raspberries-background.jpg?v=1739383576&amp;width=1500\" alt=\"Raspberry Compote \u2013 FR\u00dcT SA\" width=\"801\" height=\"534\" \/><\/p>\n<p data-start=\"3156\" data-end=\"3555\">S\u1ef1 xu\u1ea5t hi\u1ec7n c\u1ee7a qu\u1ea3 m\u00e2m x\u00f4i \u0111\u00f4ng l\u1ea1nh Aro mang \u0111\u1ebfn gi\u1ea3i ph\u00e1p t\u1ed1i \u01b0u cho vi\u1ec7c t\u1eadn h\u01b0\u1edfng tr\u00e1i c\u00e2y nh\u1eadp kh\u1ea9u quanh n\u0103m. Kh\u00f4ng c\u00f2n lo l\u1eafng v\u1ec1 t\u00ednh m\u00f9a v\u1ee5 hay kh\u00f3 kh\u0103n trong kh\u00e2u b\u1ea3o qu\u1ea3n, ng\u01b0\u1eddi d\u00f9ng c\u00f3 th\u1ec3 d\u1ec5 d\u00e0ng s\u00e1ng t\u1ea1o th\u1ef1c \u0111\u01a1n phong ph\u00fa v\u00e0 gi\u00e0u dinh d\u01b0\u1ee1ng. V\u1edbi h\u01b0\u01a1ng v\u1ecb t\u1ef1 nhi\u00ean, m\u00e0u s\u1eafc r\u1ef1c r\u1ee1 v\u00e0 gi\u00e1 tr\u1ecb dinh d\u01b0\u1ee1ng v\u01b0\u1ee3t tr\u1ed9i, s\u1ea3n ph\u1ea9m \u0111\u00e3 tr\u1edf th\u00e0nh l\u1ef1a ch\u1ecdn \u0111\u00e1ng tin c\u1eady trong c\u0103n b\u1ebfp hi\u1ec7n \u0111\u1ea1i.\u00a0<strong><em>Qu\u1ea3 m\u00e2m x\u00f4i \u0111\u00f4ng l\u1ea1nh Aro hi\u1ec7n \u0111ang \u0111\u01b0\u1ee3c b\u00e1n t\u1ea1i Havamall.<\/em><\/strong><\/p>","protected":false},"excerpt":{"rendered":"<p><b>L\u01afU \u00dd QUAN TR\u1eccNG V\u1ec0 GIAO H\u00c0NG<\/b><\/p>\n<ul>\n<li>\u0110\u1ec3 \u0111\u1ea3m b\u1ea3o ch\u1ea5t l\u01b0\u1ee3ng, c\u00e1c s\u1ea3n ph\u1ea9m tr\u00e1i c\u00e2y \u0111\u00f4ng l\u1ea1nh\u00a0<b>ch\u1ec9 \u0111\u01b0\u1ee3c giao h\u1ecfa t\u1ed1c<\/b>\u00a0trong khu v\u1ef1c\u00a0<strong>TP.HCM<\/strong>.<\/li>\n<li><b>Ph\u00ed ship:<\/b>\n<ul>\n<li>D\u01b0\u1edbi 5km: 30.000\u20ab<\/li>\n<li>Tr\u00ean 5km: Ph\u00ed giao h\u00e0ng s\u1ebd t\u00ednh theo gi\u00e1 c\u1ee7a \u1ee9ng d\u1ee5ng d\u1ecbch v\u1ee5 v\u1eadn chuy\u1ec3n.<\/li>\n<\/ul>\n<\/li>\n<li><b>\u0110\u1ecba ch\u1ec9 c\u1eeda h\u00e0ng:<\/b>\u00a0H\u1ebbm 112, s\u1ed1 114A B\u1ea1ch \u0110\u1eb1ng, Ph\u01b0\u1eddng 2, Qu\u1eadn T\u00e2n B\u00ecnh. B\u1ea1n c\u00f3 th\u1ec3 ki\u1ec3m tra kho\u1ea3ng c\u00e1ch tr\u01b0\u1edbc khi \u0111\u1eb7t h\u00e0ng.<\/li>\n<li><b>Mi\u1ec5n ph\u00ed giao h\u00e0ng:<\/b>\u00a0\u00c1p d\u1ee5ng cho \u0111\u01a1n h\u00e0ng tr\u00e1i c\u00e2y \u0111\u00f4ng l\u1ea1nh t\u1eeb 4kg ho\u1eb7c c\u00f3 gi\u00e1 tr\u1ecb t\u1eeb 1.500.000\u20ab.<\/li>\n<\/ul>","protected":false},"featured_media":41681,"comment_status":"open","ping_status":"closed","template":"","meta":[],"product_brand":[],"product_cat":[674,678],"product_tag":[],"class_list":{"0":"post-41680","1":"product","2":"type-product","3":"status-publish","4":"has-post-thumbnail","6":"product_cat-nhap-khau-trung-quoc","7":"product_cat-trai-cay-dong-lanh","9":"first","10":"instock","11":"sale","12":"shipping-taxable","13":"purchasable","14":"product-type-simple"},"_links":{"self":[{"href":"https:\/\/havamall.vn\/en\/wp-json\/wp\/v2\/product\/41680"}],"collection":[{"href":"https:\/\/havamall.vn\/en\/wp-json\/wp\/v2\/product"}],"about":[{"href":"https:\/\/havamall.vn\/en\/wp-json\/wp\/v2\/types\/product"}],"replies":[{"embeddable":true,"href":"https:\/\/havamall.vn\/en\/wp-json\/wp\/v2\/comments?post=41680"}],"version-history":[{"count":0,"href":"https:\/\/havamall.vn\/en\/wp-json\/wp\/v2\/product\/41680\/revisions"}],"wp:featuredmedia":[{"embeddable":true,"href":"https:\/\/havamall.vn\/en\/wp-json\/wp\/v2\/media\/41681"}],"wp:attachment":[{"href":"https:\/\/havamall.vn\/en\/wp-json\/wp\/v2\/media?parent=41680"}],"wp:term":[{"taxonomy":"product_brand","embeddable":true,"href":"https:\/\/havamall.vn\/en\/wp-json\/wp\/v2\/product_brand?post=41680"},{"taxonomy":"product_cat","embeddable":true,"href":"https:\/\/havamall.vn\/en\/wp-json\/wp\/v2\/product_cat?post=41680"},{"taxonomy":"product_tag","embeddable":true,"href":"https:\/\/havamall.vn\/en\/wp-json\/wp\/v2\/product_tag?post=41680"}],"curies":[{"name":"wp","href":"https:\/\/api.w.org\/{rel}","templated":true}]}}