{"id":41674,"date":"2025-09-18T17:27:28","date_gmt":"2025-09-18T10:27:28","guid":{"rendered":"https:\/\/havamall.vn\/?post_type=product&#038;p=41674"},"modified":"2026-02-25T09:21:56","modified_gmt":"2026-02-25T02:21:56","slug":"dung-dich-tay-long-may-giat-nhat-ban-550g-japanese-washing-tub-cleaner","status":"publish","type":"product","link":"https:\/\/havamall.vn\/en\/shop\/dung-dich-tay-long-may-giat-nhat-ban-550g-japanese-washing-tub-cleaner\/","title":{"rendered":"Dung D\u1ecbch T\u1ea9y L\u1ed3ng M\u00e1y Gi\u1eb7t Nh\u1eadt B\u1ea3n 550g \u2013 Japanese Washing Tub Cleaner"},"content":{"rendered":"<h2><strong>TH\u00d4NG TIN CHUNG<\/strong><\/h2>\n<table width=\"1130\">\n<tbody>\n<tr>\n<td>Th\u01b0\u01a1ng hi\u1ec7u<\/td>\n<td>Rocket Soap<\/td>\n<\/tr>\n<tr>\n<td>Xu\u1ea5t x\u1ee9<\/td>\n<td>Nh\u1eadt B\u1ea3n<\/td>\n<\/tr>\n<tr>\n<td>Th\u00e0nh ph\u1ea7n<\/td>\n<td>Xem tr\u00ean bao b\u00ec<\/td>\n<\/tr>\n<tr>\n<td>H\u1ea1n s\u1eed d\u1ee5ng<\/td>\n<td>Xem tr\u00ean bao b\u00ec<\/td>\n<\/tr>\n<tr>\n<td>B\u1ea3o qu\u1ea3n<\/td>\n<td>B\u1ea3o qu\u1ea3n n\u01a1i kh\u00f4 r\u00e1o, tho\u00e1ng m\u00e1t<\/td>\n<\/tr>\n<tr>\n<td>Th\u1ec3 t\u00edch<\/td>\n<td>550g<\/td>\n<\/tr>\n<\/tbody>\n<\/table>\n<p>M\u00e1y gi\u1eb7t l\u00e0 tr\u1ee3 th\u1ee7 \u0111\u1eafc l\u1ef1c trong m\u1ed7i gia \u0111\u00ecnh, l\u00e0m s\u1ea1ch qu\u1ea7n \u00e1o h\u00e0ng ng\u00e0y m\u00e0 \u00edt ai \u0111\u1ec3 \u00fd r\u1eb1ng b\u00ean trong l\u1ed3ng m\u00e1y \u2013 n\u01a1i ti\u1ebfp x\u00fac tr\u1ef1c ti\u1ebfp v\u1edbi n\u01b0\u1edbc, b\u1ee5i v\u1ea3i, s\u1ee3i v\u1ea3i r\u01a1i r\u1ee5ng \u2013 c\u00f3 th\u1ec3 l\u00e0 \u201c\u1ed5\u201d c\u1ee7a vi khu\u1ea9n, m\u00f9i h\u00f4i kh\u00f3 ch\u1ecbu n\u1ebfu kh\u00f4ng \u0111\u01b0\u1ee3c v\u1ec7 sinh \u0111\u00fang c\u00e1ch. M\u1ed9t chi\u1ebfc m\u00e1y gi\u1eb7t s\u1ea1ch kh\u00f4ng ch\u1ec9 gi\u00fap qu\u1ea7n \u00e1o th\u01a1m tho h\u01a1n, m\u00e0 c\u00f2n b\u1ea3o v\u1ec7 da, gi\u1eef tu\u1ed5i th\u1ecd m\u00e1y. \u1ede Nh\u1eadt B\u1ea3n, vi\u1ec7c ch\u0103m s\u00f3c m\u00e1y gi\u1eb7t, t\u1ea9y l\u1ed3ng m\u00e1y \u0111\u01b0\u1ee3c xem l\u00e0 m\u1ed9t ph\u1ea7n quan tr\u1ecdng trong v\u1ec7 sinh gia \u0111\u00ecnh. S\u1ea3n ph\u1ea9m Washing Tub Cleaner Nh\u1eadt B\u1ea3n ra \u0111\u1eddi t\u1eeb nhu c\u1ea7u \u1ea5y, mang l\u1ea1i kh\u1ea3 n\u0103ng l\u00e0m s\u1ea1ch s\u00e2u, kh\u1eed khu\u1ea9n v\u00e0 lo\u1ea1i b\u1ecf m\u00f9i h\u00f4i, gi\u00fap m\u00e1y gi\u1eb7t lu\u00f4n trong tr\u1ea1ng th\u00e1i nh\u01b0 m\u1edbi.<\/p>\n<p><img fetchpriority=\"high\" decoding=\"async\" class=\"aligncenter wp-image-42113\" src=\"https:\/\/havamall.com\/wp-content\/uploads\/2025\/09\/1714549636416-890594.webp\" alt=\"\" width=\"800\" height=\"800\" \/><\/p>\n<p>V\u1ec7 sinh m\u00e1y gi\u1eb7t kh\u00f4ng ph\u1ea3i l\u00e0 vi\u1ec7c \u0111\u01b0\u1ee3c th\u1ef1c hi\u1ec7n ch\u1ec9 khi m\u00e1y b\u1eaft \u0111\u1ea7u c\u00f3 d\u1ea5u hi\u1ec7u m\u00f9i hay b\u1ea9n; v\u1edbi ng\u01b0\u1eddi Nh\u1eadt, vi\u1ec7c l\u00e0m s\u1ea1ch \u0111\u1ecbnh k\u1ef3 l\u1ed3ng m\u00e1y gi\u1eb7t l\u00e0 th\u00f3i quen gi\u1eef g\u00ecn \u0111\u1ed9 tinh khi\u1ebft trong kh\u00f4ng gian sinh ho\u1ea1t. Nhi\u1ec1u th\u01b0\u01a1ng hi\u1ec7u Nh\u1eadt l\u00e2u n\u0103m lu\u00f4n \u0111\u1eb7t ti\u00eau chu\u1ea9n \u201cs\u1ea1ch s\u00e2u m\u00e0 an to\u00e0n v\u1edbi m\u00e1y v\u00e0 da ng\u01b0\u1eddi d\u00f9ng\u201d l\u00ean h\u00e0ng \u0111\u1ea7u. Washing Tub Cleaner l\u00e0 gi\u1ea3i ph\u00e1p nghi\u00ean c\u1ee9u chuy\u00ean s\u00e2u \u0111\u1ec3 x\u1eed l\u00fd l\u1edbp m\u00e0ng b\u1ea9n, m\u1ea3ng b\u00e1m do c\u1eb7n v\u00f4i, x\u00e0 ph\u00f2ng, \u0111\u01b0\u1eddng k\u00ednh v\u00e0 b\u1ee5i v\u1ea3i sau m\u1ed7i chu tr\u00ecnh gi\u1eb7t.<\/p>\n<p><img decoding=\"async\" class=\"aligncenter wp-image-42114\" src=\"https:\/\/havamall.com\/wp-content\/uploads\/2025\/09\/nuoc-tay-long-may-giat-550ml-2.jpg\" alt=\"\" width=\"801\" height=\"801\" \/><\/p>\n<p>C\u00f4ng th\u1ee9c s\u1ea3n ph\u1ea9m th\u01b0\u1eddng bao g\u1ed3m c\u00e1c th\u00e0nh ph\u1ea7n kh\u1eed khu\u1ea9n m\u1ea1nh m\u1ebd, ch\u1ea5t ho\u1ea1t \u0111\u1ed9ng b\u1ec1 m\u1eb7t gi\u00fap ph\u00e2n t\u00e1ch d\u1ea7u m\u1ee1, m\u00f9i h\u00f4i, c\u00f9ng v\u1edbi c\u00e1c ch\u1ea5t ch\u1ed1ng t\u00e1i b\u00e1m (\u201credeposition prevention agent\u201d) gi\u00fap ng\u0103n l\u1edbp b\u1ea9n m\u1edbi b\u00e1m l\u00ean sau khi l\u00e0m s\u1ea1ch. Theo th\u00f4ng tin t\u01b0\u01a1ng t\u1ef1 t\u1eeb c\u00e1c lo\u1ea1i t\u1ea9y l\u1ed3ng m\u00e1y gi\u1eb7t Nh\u1eadt, hi\u1ec7u qu\u1ea3 di\u1ec7t khu\u1ea9n c\u00f3 th\u1ec3 l\u00ean t\u1edbi kho\u1ea3ng\u00a0<strong data-start=\"1821\" data-end=\"1830\">99,9%<\/strong>\u00a0tr\u00ean c\u00e1c b\u1ec1 m\u1eb7t th\u00e9p kh\u00f4ng g\u1ec9 v\u00e0 nh\u1ef1a.<\/p>\n<p><img decoding=\"async\" class=\"aligncenter wp-image-42115\" src=\"https:\/\/havamall.com\/wp-content\/uploads\/2025\/09\/ffe0a06e6cf3ec74374bddc6c11ab3d9.jpg\" alt=\"\" width=\"800\" height=\"800\" \/><\/p>\n<blockquote>\n<h3 data-start=\"2174\" data-end=\"2215\"><span style=\"font-size: 18pt\"><strong><em>\u0110\u1eb7c \u0111i\u1ec3m n\u1ed5i b\u1eadt &amp; \u1ee9ng d\u1ee5ng th\u1ef1c t\u1ebf<\/em><\/strong><\/span><\/h3>\n<\/blockquote>\n<p data-start=\"2430\" data-end=\"2997\">\u2013 L\u00e0m s\u1ea1ch hi\u1ec7u qu\u1ea3 c\u00e1c v\u1ebft b\u1ea9n do c\u1eb7n v\u00f4i, c\u1eb7n n\u01b0\u1edbc, x\u00e0 ph\u00f2ng t\u00edch t\u1ee5;<br data-start=\"2501\" data-end=\"2504\" \/>\u2013 Kh\u1eed khu\u1ea9n m\u1ea1nh, ti\u00eau di\u1ec7t n\u1ea5m m\u1ed1c v\u00e0 vi khu\u1ea9n \u1ea9n s\u00e2u trong l\u1ed3ng m\u00e1y;<br data-start=\"2574\" data-end=\"2577\" \/>\u2013 Lo\u1ea1i b\u1ecf m\u00f9i h\u00f4i kh\u00f3 ch\u1ecbu, \u0111\u1eb7c bi\u1ec7t trong \u0111i\u1ec1u ki\u1ec7n \u1ea9m cao ho\u1eb7c m\u00e1y gi\u1eb7t hay n\u1eb1m trong ph\u00f2ng k\u00edn;<br data-start=\"2675\" data-end=\"2678\" \/>\u2013 An to\u00e0n cho l\u1ed3ng m\u00e1y c\u1ee7a c\u1ea3 lo\u1ea1i b\u1eb1ng th\u00e9p kh\u00f4ng g\u1ec9 l\u1eabn nh\u1ef1a; kh\u00f4ng \u0103n m\u00f2n, kh\u00f4ng g\u00e2y h\u01b0 h\u1ea1i c\u1ea5u tr\u00fac m\u00e1y khi s\u1eed d\u1ee5ng \u0111\u00fang h\u01b0\u1edbng d\u1eabn;<br data-start=\"2813\" data-end=\"2816\" \/>\u2013 Thi\u1ebft k\u1ebf d\u1ec5 thao t\u00e1c: ch\u1ec9 c\u1ea7n \u0111\u1ed5\/dung d\u1ecbch v\u00e0o theo h\u01b0\u1edbng d\u1eabn, \u0111\u1ec3 m\u00e1y ch\u1ea1y chu tr\u00ecnh l\u00e0m s\u1ea1ch l\u1ed3ng ho\u1eb7c chu tr\u00ecnh kh\u00f4ng c\u00f3 \u0111\u1ed3 gi\u1eb7t, r\u1ed3i x\u1ea3 s\u1ea1ch; kh\u00f4ng c\u1ea7n th\u00e1o r\u1eddi chi ti\u1ebft m\u00e1y.<\/p>\n<p data-start=\"2430\" data-end=\"2997\"><img loading=\"lazy\" decoding=\"async\" class=\"aligncenter wp-image-42117\" src=\"https:\/\/havamall.com\/wp-content\/uploads\/2025\/09\/2b3cdfed-7f72-44b8-a0d9-428bb789602d.jpg\" alt=\"\" width=\"800\" height=\"450\" \/><\/p>\n<blockquote>\n<h3 data-start=\"2999\" data-end=\"3047\"><span style=\"font-size: 18pt\"><strong><em>Vai tr\u00f2 trong cu\u1ed9c s\u1ed1ng &amp; l\u1ee3i \u00edch s\u1ee9c kh\u1ecfe<\/em><\/strong><\/span><\/h3>\n<\/blockquote>\n<p data-start=\"3049\" data-end=\"3324\">M\u1ed9t m\u00e1y gi\u1eb7t s\u1ea1ch d\u1eabn \u0111\u1ebfn qu\u1ea7n \u00e1o s\u1ea1ch h\u01a1n, \u00edt m\u00f9i v\u00e0 \u00edt vi khu\u1ea9n l\u01b0u l\u1ea1i, t\u1eeb \u0111\u00f3 gi\u1ea3m nguy c\u01a1 k\u00edch \u1ee9ng da, d\u1ecb \u1ee9ng ho\u1eb7c c\u00e1c v\u1ea5n \u0111\u1ec1 v\u1ec1 da khi m\u1eb7c qu\u1ea7n \u00e1o c\u00f2n b\u1ecb \u1ea9m m\u1ed1c. \u0110\u1ed3ng th\u1eddi, thi\u1ebft b\u1ecb \u0111\u01b0\u1ee3c b\u1ea3o d\u01b0\u1ee1ng t\u1ed1t s\u1ebd b\u1ec1n h\u01a1n, \u00edt h\u01b0 h\u1ecfng, ti\u1ebft ki\u1ec7m chi ph\u00ed s\u1eeda ch\u1eefa hay mua m\u00e1y m\u1edbi.<\/p>\n<p data-start=\"3326\" data-end=\"3634\">Th\u00f3i quen t\u1ea9y l\u1ed3ng m\u00e1y gi\u1eb7t \u0111\u1ecbnh k\u1ef3 gi\u00fap m\u1ed7i gia \u0111\u00ecnh Nh\u1eadt duy tr\u00ec s\u1ef1 ng\u0103n n\u1eafp, v\u1ec7 sinh cao trong t\u1ea5t c\u1ea3 c\u00e1c kh\u00e2u sinh ho\u1ea1t. Vi\u1ec7c n\u00e0y lan t\u1ecfa ra s\u1ef1 t\u1ef1 tin khi kh\u00e1ch t\u1edbi nh\u00e0, khi qu\u1ea7n \u00e1o \u0111\u01b0\u1ee3c b\u1ea3o qu\u1ea3n trong m\u00e1y, khi m\u00f9i h\u01b0\u01a1ng v\u00e0 c\u1ea3m gi\u00e1c s\u1ea1ch s\u1ebd tr\u1edf th\u00e0nh ph\u1ea7n kh\u00f4ng th\u1ec3 thi\u1ebfu trong c\u1ea3m gi\u00e1c s\u1ed1ng h\u00e0ng ng\u00e0y.<\/p>\n<p data-start=\"3326\" data-end=\"3634\">\u00a0Washing Tub Cleaner Nh\u1eadt B\u1ea3n gi\u00fap bi\u1ebfn c\u00f4ng vi\u1ec7c n\u1eb7ng th\u00e0nh nh\u1eb9, bi\u1ebfn m\u00f9i h\u00f4i th\u00e0nh c\u1ea3m gi\u00e1c th\u01a1m tho, v\u00e0 gi\u1eef g\u00ecn thi\u1ebft b\u1ecb l\u00e2u b\u1ec1n h\u01a1n \u2014 hi\u1ec7n \u0111ang \u0111\u01b0\u1ee3c b\u00e1n t\u1ea1i Havamall.<\/p>","protected":false},"excerpt":{"rendered":"<p>TH\u00d4NG TIN CHUNG Th\u01b0\u01a1ng hi\u1ec7u Rocket Soap Xu\u1ea5t x\u1ee9 Nh\u1eadt B\u1ea3n Th\u00e0nh ph\u1ea7n Xem tr\u00ean bao b\u00ec H\u1ea1n s\u1eed d\u1ee5ng<\/p>","protected":false},"featured_media":41675,"comment_status":"open","ping_status":"closed","template":"","meta":[],"product_brand":[],"product_cat":[675,35],"product_tag":[],"class_list":{"0":"post-41674","1":"product","2":"type-product","3":"status-publish","4":"has-post-thumbnail","6":"product_cat-nhap-khau-nhat-ban","7":"product_cat-nha-cua-doi-song","9":"first","10":"outofstock","11":"sale","12":"shipping-taxable","13":"purchasable","14":"product-type-simple"},"_links":{"self":[{"href":"https:\/\/havamall.vn\/en\/wp-json\/wp\/v2\/product\/41674"}],"collection":[{"href":"https:\/\/havamall.vn\/en\/wp-json\/wp\/v2\/product"}],"about":[{"href":"https:\/\/havamall.vn\/en\/wp-json\/wp\/v2\/types\/product"}],"replies":[{"embeddable":true,"href":"https:\/\/havamall.vn\/en\/wp-json\/wp\/v2\/comments?post=41674"}],"version-history":[{"count":0,"href":"https:\/\/havamall.vn\/en\/wp-json\/wp\/v2\/product\/41674\/revisions"}],"wp:featuredmedia":[{"embeddable":true,"href":"https:\/\/havamall.vn\/en\/wp-json\/wp\/v2\/media\/41675"}],"wp:attachment":[{"href":"https:\/\/havamall.vn\/en\/wp-json\/wp\/v2\/media?parent=41674"}],"wp:term":[{"taxonomy":"product_brand","embeddable":true,"href":"https:\/\/havamall.vn\/en\/wp-json\/wp\/v2\/product_brand?post=41674"},{"taxonomy":"product_cat","embeddable":true,"href":"https:\/\/havamall.vn\/en\/wp-json\/wp\/v2\/product_cat?post=41674"},{"taxonomy":"product_tag","embeddable":true,"href":"https:\/\/havamall.vn\/en\/wp-json\/wp\/v2\/product_tag?post=41674"}],"curies":[{"name":"wp","href":"https:\/\/api.w.org\/{rel}","templated":true}]}}