{"id":41665,"date":"2025-09-18T10:29:14","date_gmt":"2025-09-18T03:29:14","guid":{"rendered":"https:\/\/havamall.vn\/?post_type=product&#038;p=41665"},"modified":"2025-09-18T10:44:04","modified_gmt":"2025-09-18T03:44:04","slug":"nuoc-tay-toilet-daiichi-sekken-rookie-nhat-ban-500ml-japanese-daiichi-sekken-rookie-toilet-cleaner","status":"publish","type":"product","link":"https:\/\/havamall.vn\/en\/shop\/nuoc-tay-toilet-daiichi-sekken-rookie-nhat-ban-500ml-japanese-daiichi-sekken-rookie-toilet-cleaner\/","title":{"rendered":"N\u01b0\u1edbc T\u1ea9y Toilet Daiichi Sekken Rookie Nh\u1eadt B\u1ea3n 500mL  \u2013 Japanese Daiichi Sekken Rookie Toilet Cleaner"},"content":{"rendered":"<blockquote>\n<h2><em><strong>TH\u00d4NG TIN CHUNG<\/strong><\/em><\/h2>\n<\/blockquote>\n<table width=\"1130\">\n<tbody>\n<tr>\n<td>Th\u01b0\u01a1ng hi\u1ec7u<\/td>\n<td>Daiichi Sekken<\/td>\n<\/tr>\n<tr>\n<td>Xu\u1ea5t x\u1ee9<\/td>\n<td>Nh\u1eadt B\u1ea3n<\/td>\n<\/tr>\n<tr>\n<td>Th\u00e0nh ph\u1ea7n<\/td>\n<td>Xem tr\u00ean bao b\u00ec<\/td>\n<\/tr>\n<tr>\n<td>H\u1ea1n s\u1eed d\u1ee5ng<\/td>\n<td>Xem tr\u00ean bao b\u00ec<\/td>\n<\/tr>\n<tr>\n<td>B\u1ea3o qu\u1ea3n<\/td>\n<td>B\u1ea3o qu\u1ea3n n\u01a1i kh\u00f4 r\u00e1o, tho\u00e1ng m\u00e1t<\/td>\n<\/tr>\n<tr>\n<td>Th\u1ec3 t\u00edch<\/td>\n<td>500ml<\/td>\n<\/tr>\n<\/tbody>\n<\/table>\n<p>Trong nh\u1ecbp s\u1ed1ng hi\u1ec7n \u0111\u1ea1i, vi\u1ec7c gi\u1eef cho kh\u00f4ng gian s\u1ed1ng lu\u00f4n s\u1ea1ch s\u1ebd, g\u1ecdn g\u00e0ng \u0111\u00e3 tr\u1edf th\u00e0nh m\u1ed9t ph\u1ea7n kh\u00f4ng th\u1ec3 thi\u1ebfu trong sinh ho\u1ea1t h\u00e0ng ng\u00e0y. Ph\u00f2ng b\u1ebfp, ph\u00f2ng kh\u00e1ch hay ph\u00f2ng ng\u1ee7 \u0111\u1ec1u c\u1ea7n s\u1ef1 ch\u0103m ch\u00fat, nh\u01b0ng nh\u00e0 v\u1ec7 sinh m\u1edbi l\u00e0 n\u01a1i th\u1eed th\u00e1ch s\u1ef1 ch\u1ec9n chu v\u00e0 k\u1ef9 l\u01b0\u1ee1ng c\u1ee7a m\u1ed7i gia \u0111\u00ecnh, v\u00ec \u0111\u00e2y kh\u00f4ng ch\u1ec9 l\u00e0 khu v\u1ef1c mang t\u00ednh thi\u1ebft y\u1ebfu, m\u00e0 c\u00f2n l\u00e0 kh\u00f4ng gian ph\u1ea3n \u00e1nh n\u1ebfp s\u1ed1ng v\u0103n minh, tinh th\u1ea7n ng\u0103n n\u1eafp c\u1ee7a ng\u01b0\u1eddi s\u1eed d\u1ee5ng. Ch\u00ednh v\u00ec th\u1ebf, t\u1eeb r\u1ea5t s\u1edbm, ng\u01b0\u1eddi Nh\u1eadt \u0111\u00e3 coi tr\u1ecdng vi\u1ec7c v\u1ec7 sinh b\u1ed3n c\u1ea7u nh\u01b0 m\u1ed9t th\u00f3i quen mang t\u00ednh v\u0103n h\u00f3a, g\u1eafn li\u1ec1n v\u1edbi ti\u00eau chu\u1ea9n s\u1ea1ch s\u1ebd, tinh t\u1ebf \u0111\u1eb7c tr\u01b0ng. Trong s\u1ed1 nh\u1eefng gi\u1ea3i ph\u00e1p ra \u0111\u1eddi t\u1eeb s\u1ef1 quan t\u00e2m \u1ea5y, n\u01b0\u1edbc t\u1ea9y toilet Daiichi Sekken Rookie Nh\u1eadt B\u1ea3n \u0111\u00e3 tr\u1edf th\u00e0nh m\u1ed9t l\u1ef1a ch\u1ecdn \u0111\u00e1ng tin c\u1eady, \u0111em l\u1ea1i tr\u1ea3i nghi\u1ec7m s\u1ea1ch khu\u1ea9n, tho\u00e1ng m\u00e1t v\u00e0 an to\u00e0n cho t\u1eebng gia \u0111\u00ecnh.<\/p>\n<p><img fetchpriority=\"high\" decoding=\"async\" class=\"aligncenter wp-image-42091\" src=\"https:\/\/havamall.com\/wp-content\/uploads\/2025\/09\/ac49470c50c34753aae7f2cb255c5676_optimized_original_image-1.jpg\" alt=\"\" width=\"801\" height=\"801\" \/><\/p>\n<p>Daiichi Sekken l\u00e0 m\u1ed9t th\u01b0\u01a1ng hi\u1ec7u l\u00e2u \u0111\u1eddi t\u1ea1i Nh\u1eadt B\u1ea3n, \u0111\u01b0\u1ee3c bi\u1ebft \u0111\u1ebfn v\u1edbi nh\u1eefng s\u1ea3n ph\u1ea9m l\u00e0m s\u1ea1ch ch\u00fa tr\u1ecdng c\u1ea3 hi\u1ec7u qu\u1ea3 l\u1eabn t\u00ednh an to\u00e0n. V\u1edbi h\u01a1n n\u1eeda th\u1ebf k\u1ef7 trong ng\u00e0nh h\u00f3a ph\u1ea9m gia d\u1ee5ng, Daiichi Sekken kh\u00f4ng ng\u1eebng nghi\u00ean c\u1ee9u v\u00e0 c\u1ea3i ti\u1ebfn \u0111\u1ec3 \u0111\u00e1p \u1ee9ng nhu c\u1ea7u ng\u00e0y c\u00e0ng cao v\u1ec1 v\u1ec7 sinh v\u00e0 s\u1ee9c kh\u1ecfe. S\u1ea3n ph\u1ea9m Rookie ra \u0111\u1eddi t\u1eeb ch\u00ednh tri\u1ebft l\u00fd \u1ea5y: mang \u0111\u1ebfn m\u1ed9t c\u00f4ng c\u1ee5 chuy\u00ean bi\u1ec7t d\u00e0nh cho b\u1ed3n c\u1ea7u, v\u1eeba m\u1ea1nh m\u1ebd trong kh\u1ea3 n\u0103ng t\u1ea9y r\u1eeda, v\u1eeba tinh t\u1ebf trong c\u1ea3m gi\u00e1c s\u1eed d\u1ee5ng h\u00e0ng ng\u00e0y.<\/p>\n<p><img decoding=\"async\" class=\"aligncenter wp-image-42092\" src=\"https:\/\/havamall.com\/wp-content\/uploads\/2025\/09\/116262931_2631742717084109_8961366512082719695_n.jpg\" alt=\"\" width=\"800\" height=\"624\" \/><\/p>\n<p data-start=\"1828\" data-end=\"2154\">N\u01b0\u1edbc t\u1ea9y toilet Daiichi Sekken Rookie \u0111\u01b0\u1ee3c s\u1ea3n xu\u1ea5t theo quy tr\u00ecnh kh\u00e9p k\u00edn, trong \u0111\u00f3 t\u1eebng th\u00e0nh ph\u1ea7n \u0111\u1ec1u \u0111\u01b0\u1ee3c ki\u1ec3m \u0111\u1ecbnh nghi\u00eam ng\u1eb7t tr\u01b0\u1edbc khi \u0111\u01b0a v\u00e0o \u1ee9ng d\u1ee5ng. C\u00f4ng th\u1ee9c s\u1ea3n ph\u1ea9m ch\u00fa tr\u1ecdng kh\u1ea3 n\u0103ng ph\u00e2n h\u1ee7y c\u00e1c v\u1ebft b\u1ea9n c\u1ee9ng \u0111\u1ea7u, \u0111\u1eb7c bi\u1ec7t l\u00e0 c\u1eb7n b\u00e1m v\u00e0 \u1ed1 v\u00e0ng do n\u01b0\u1edbc \u0111\u1ec3 l\u1ea1i, \u0111\u1ed3ng th\u1eddi t\u00edch h\u1ee3p t\u00ednh n\u0103ng kh\u1eed khu\u1ea9n hi\u1ec7u qu\u1ea3.<\/p>\n<p data-start=\"2156\" data-end=\"2591\">\u0110i\u1ec3m \u0111\u00e1ng ch\u00fa \u00fd l\u00e0 Daiichi Sekken s\u1eed d\u1ee5ng c\u00f4ng ngh\u1ec7 trung h\u00f2a m\u00f9i h\u00f4i, gi\u00fap b\u1ed3n c\u1ea7u kh\u00f4ng ch\u1ec9 s\u1ea1ch b\u00f3ng m\u00e0 c\u00f2n mang l\u1ea1i c\u1ea3m gi\u00e1c tho\u00e1ng \u0111\u00e3ng d\u1ec5 ch\u1ecbu. Thi\u1ebft k\u1ebf mi\u1ec7ng chai d\u1ea1ng d\u1ed1c cong nh\u1eb9 nh\u00e0ng c\u0169ng l\u00e0 m\u1ed9t chi ti\u1ebft th\u00f4ng minh, gi\u00fap dung d\u1ecbch d\u1ec5 d\u00e0ng ti\u1ebfp c\u1eadn nh\u1eefng khu v\u1ef1c kh\u00f3 v\u1ec7 sinh nh\u1ea5t, t\u1eeb th\u00e0nh trong cho \u0111\u1ebfn khe r\u00e3nh b\u1ed3n c\u1ea7u.<\/p>\n<p data-start=\"2156\" data-end=\"2591\"><img decoding=\"async\" class=\"aligncenter wp-image-42093\" src=\"https:\/\/havamall.com\/wp-content\/uploads\/2025\/09\/dung-dich-tay-toile-dam-dac-homeproshop-5.jpg\" alt=\"\" width=\"801\" height=\"801\" \/><\/p>\n<blockquote>\n<h4 data-start=\"2593\" data-end=\"2641\"><span style=\"font-size: 18pt\"><em><strong>\u0110\u1eb7c \u0111i\u1ec3m n\u1ed5i b\u1eadt trong \u1ee9ng d\u1ee5ng h\u00e0ng ng\u00e0y<\/strong><\/em><\/span><\/h4>\n<\/blockquote>\n<p data-start=\"2642\" data-end=\"3148\">\u2013 Kh\u1ea3 n\u0103ng t\u1ea9y r\u1eeda m\u1ea1nh m\u1ebd, lo\u1ea1i b\u1ecf v\u1ebft b\u1ea9n c\u1ee9ng \u0111\u1ea7u ch\u1ec9 trong v\u00e0i ph\u00fat ti\u1ebfp x\u00fac.<br data-start=\"2824\" data-end=\"2827\" \/>\u2013 T\u00e1c d\u1ee5ng kh\u1eed khu\u1ea9n, gi\u1ea3m thi\u1ec3u nguy c\u01a1 vi khu\u1ea9n g\u00e2y h\u1ea1i t\u00edch t\u1ee5 trong m\u00f4i tr\u01b0\u1eddng \u1ea9m th\u1ea5p.<br data-start=\"2918\" data-end=\"2921\" \/>\u2013 M\u00f9i h\u01b0\u01a1ng d\u1ec5 ch\u1ecbu, kh\u00f4ng n\u1ed3ng g\u1eaft nh\u01b0 c\u00e1c lo\u1ea1i h\u00f3a ch\u1ea5t th\u00f4ng th\u01b0\u1eddng, t\u1ea1o s\u1ef1 tho\u1ea3i m\u00e1i khi s\u1eed d\u1ee5ng.<br data-start=\"3022\" data-end=\"3025\" \/>\u2013 Thi\u1ebft k\u1ebf th\u00f4ng minh, gi\u00fap thao t\u00e1c d\u1ec5 d\u00e0ng v\u00e0 an to\u00e0n h\u01a1n, tr\u00e1nh t\u00ecnh tr\u1ea1ng dung d\u1ecbch v\u0103ng b\u1eafn trong qu\u00e1 tr\u00ecnh t\u1ea9y r\u1eeda.<\/p>\n<p data-start=\"2642\" data-end=\"3148\"><img loading=\"lazy\" decoding=\"async\" class=\"aligncenter wp-image-42094\" src=\"https:\/\/havamall.com\/wp-content\/uploads\/2025\/09\/241196593_427281295408683_4921616598236040980_n_282c795c025341ef8d2ef34ab76ce373_master.jpg\" alt=\"\" width=\"801\" height=\"798\" \/><\/p>\n<blockquote>\n<h4 data-start=\"3295\" data-end=\"3351\"><span style=\"font-size: 18pt\"><strong><em>V\u1ec7 sinh b\u1ed3n c\u1ea7u \u2013 m\u1ed9t ph\u1ea7n v\u0103n h\u00f3a ch\u0103m s\u00f3c t\u1ed5 \u1ea5m<\/em><\/strong><\/span><\/h4>\n<\/blockquote>\n<p data-start=\"3352\" data-end=\"3801\">\u1ede Nh\u1eadt B\u1ea3n, b\u1ed3n c\u1ea7u kh\u00f4ng \u0111\u01a1n thu\u1ea7n l\u00e0 v\u1eadt d\u1ee5ng ch\u1ee9c n\u0103ng, m\u00e0 c\u00f2n \u0111\u01b0\u1ee3c coi l\u00e0 bi\u1ec3u t\u01b0\u1ee3ng c\u1ee7a s\u1ef1 tinh khi\u1ebft v\u00e0 t\u00f4n tr\u1ecdng kh\u00f4ng gian s\u1ed1ng. T\u1eeb vi\u1ec7c \u00e1p d\u1ee5ng c\u00f4ng ngh\u1ec7 ti\u00ean ti\u1ebfn trong ch\u1ebf t\u1ea1o \u0111\u1ebfn th\u00f3i quen d\u1ecdn d\u1eb9p t\u1ec9 m\u1ec9, ng\u01b0\u1eddi Nh\u1eadt lu\u00f4n \u0111\u1eb7t s\u1ef1 s\u1ea1ch s\u1ebd c\u1ee7a nh\u00e0 v\u1ec7 sinh \u1edf v\u1ecb tr\u00ed h\u00e0ng \u0111\u1ea7u. N\u01b0\u1edbc t\u1ea9y toilet Daiichi Sekken Rookie ch\u00ednh l\u00e0 minh ch\u1ee9ng r\u00f5 n\u00e9t cho n\u1ebfp v\u0103n h\u00f3a \u1ea5y, khi m\u1ed7i gia \u0111\u00ecnh \u0111\u1ec1u mu\u1ed1n duy tr\u00ec m\u1ed9t m\u00f4i tr\u01b0\u1eddng g\u1ecdn g\u00e0ng, v\u1ec7 sinh v\u00e0 tho\u1ea3i m\u00e1i.<\/p>\n<p data-start=\"3803\" data-end=\"4073\">Th\u00f3i quen n\u00e0y ng\u00e0y nay \u0111\u00e3 lan t\u1ecfa r\u1ed9ng r\u00e3i ra nhi\u1ec1u qu\u1ed1c gia, tr\u1edf th\u00e0nh g\u1ee3i \u00fd h\u1eefu \u00edch cho c\u00e1c gia \u0111\u00ecnh hi\u1ec7n \u0111\u1ea1i. B\u1edfi vi\u1ec7c gi\u1eef cho b\u1ed3n c\u1ea7u lu\u00f4n s\u1ea1ch kh\u00f4ng ch\u1ec9 mang l\u1ea1i s\u1ef1 ti\u1ec7n nghi, m\u00e0 c\u00f2n g\u00f3p ph\u1ea7n b\u1ea3o v\u1ec7 s\u1ee9c kh\u1ecfe chung, t\u1ea1o n\u00ean m\u1ed9t kh\u00f4ng gian s\u1ed1ng an to\u00e0n v\u00e0 v\u0103n minh.<\/p>\n<p data-start=\"3803\" data-end=\"4073\"><img loading=\"lazy\" decoding=\"async\" class=\"aligncenter wp-image-42095\" src=\"https:\/\/havamall.com\/wp-content\/uploads\/2025\/09\/7a9647e55e7eade2478739cee6860863_39cc6d7ce46d40db825a739970f35727_1024x1024.jpg\" alt=\"\" width=\"800\" height=\"800\" \/><\/p>\n<p data-start=\"2642\" data-end=\"3148\">N\u01b0\u1edbc t\u1ea9y toilet Daiichi Sekken Rookie Nh\u1eadt B\u1ea3n v\u1edbi s\u1ef1 k\u1ebft h\u1ee3p gi\u1eefa c\u00f4ng ngh\u1ec7 ti\u00ean ti\u1ebfn v\u00e0 tri\u1ebft l\u00fd s\u1ed1ng s\u1ea1ch s\u1ebd, tinh t\u1ebf c\u1ee7a ng\u01b0\u1eddi Nh\u1eadt, \u0111\u00e3 tr\u1edf th\u00e0nh l\u1ef1a ch\u1ecdn \u0111\u00e1ng gi\u00e1 cho nh\u1eefng ai mong mu\u1ed1n n\u00e2ng t\u1ea7m ch\u1ea5t l\u01b0\u1ee3ng v\u1ec7 sinh trong gia \u0111\u00ecnh. V\u1eeba m\u1ea1nh m\u1ebd trong kh\u1ea3 n\u0103ng l\u00e0m s\u1ea1ch, v\u1eeba nh\u1eb9 nh\u00e0ng trong tr\u1ea3i nghi\u1ec7m s\u1eed d\u1ee5ng, Rookie th\u1ef1c s\u1ef1 mang \u0111\u1ebfn s\u1ef1 c\u00e2n b\u1eb1ng m\u00e0 \u00edt s\u1ea3n ph\u1ea9m n\u00e0o \u0111\u1ea1t \u0111\u01b0\u1ee3c. Hi\u1ec7n \u0111ang \u0111\u01b0\u1ee3c b\u00e1n t\u1ea1i Havamall.<\/p>","protected":false},"excerpt":{"rendered":"<p>TH\u00d4NG TIN CHUNG Th\u01b0\u01a1ng hi\u1ec7u Daiichi Sekken Xu\u1ea5t x\u1ee9 Nh\u1eadt B\u1ea3n Th\u00e0nh ph\u1ea7n Xem tr\u00ean bao b\u00ec H\u1ea1n s\u1eed d\u1ee5ng<\/p>","protected":false},"featured_media":41666,"comment_status":"open","ping_status":"closed","template":"","meta":[],"product_brand":[],"product_cat":[675,35],"product_tag":[],"class_list":{"0":"post-41665","1":"product","2":"type-product","3":"status-publish","4":"has-post-thumbnail","6":"product_cat-nhap-khau-nhat-ban","7":"product_cat-nha-cua-doi-song","9":"first","10":"instock","11":"sale","12":"shipping-taxable","13":"purchasable","14":"product-type-simple"},"_links":{"self":[{"href":"https:\/\/havamall.vn\/en\/wp-json\/wp\/v2\/product\/41665"}],"collection":[{"href":"https:\/\/havamall.vn\/en\/wp-json\/wp\/v2\/product"}],"about":[{"href":"https:\/\/havamall.vn\/en\/wp-json\/wp\/v2\/types\/product"}],"replies":[{"embeddable":true,"href":"https:\/\/havamall.vn\/en\/wp-json\/wp\/v2\/comments?post=41665"}],"version-history":[{"count":0,"href":"https:\/\/havamall.vn\/en\/wp-json\/wp\/v2\/product\/41665\/revisions"}],"wp:featuredmedia":[{"embeddable":true,"href":"https:\/\/havamall.vn\/en\/wp-json\/wp\/v2\/media\/41666"}],"wp:attachment":[{"href":"https:\/\/havamall.vn\/en\/wp-json\/wp\/v2\/media?parent=41665"}],"wp:term":[{"taxonomy":"product_brand","embeddable":true,"href":"https:\/\/havamall.vn\/en\/wp-json\/wp\/v2\/product_brand?post=41665"},{"taxonomy":"product_cat","embeddable":true,"href":"https:\/\/havamall.vn\/en\/wp-json\/wp\/v2\/product_cat?post=41665"},{"taxonomy":"product_tag","embeddable":true,"href":"https:\/\/havamall.vn\/en\/wp-json\/wp\/v2\/product_tag?post=41665"}],"curies":[{"name":"wp","href":"https:\/\/api.w.org\/{rel}","templated":true}]}}