{"id":41662,"date":"2025-09-15T17:01:37","date_gmt":"2025-09-15T10:01:37","guid":{"rendered":"https:\/\/havamall.vn\/?post_type=product&#038;p=41662"},"modified":"2025-09-15T17:01:38","modified_gmt":"2025-09-15T10:01:38","slug":"nuoc-giat-do-lot-lingerie-soap-120ml-lingerie-soap-underwear-laundry-wash","status":"publish","type":"product","link":"https:\/\/havamall.vn\/en\/shop\/nuoc-giat-do-lot-lingerie-soap-120ml-lingerie-soap-underwear-laundry-wash\/","title":{"rendered":"N\u01b0\u1edbc Gi\u1eb7t \u0110\u1ed3 L\u00f3t Lingerie Soap 120ml \u2013 Lingerie Soap Underwear Laundry Wash"},"content":{"rendered":"<h2><strong>TH\u00d4NG TIN CHUNG<\/strong><\/h2>\n<table width=\"1130\">\n<tbody>\n<tr>\n<td>Th\u01b0\u01a1ng hi\u1ec7u<\/td>\n<td>Kobayashi<\/td>\n<\/tr>\n<tr>\n<td>Xu\u1ea5t x\u1ee9<\/td>\n<td>Nh\u1eadt B\u1ea3n<\/td>\n<\/tr>\n<tr>\n<td>Th\u00e0nh ph\u1ea7n<\/td>\n<td>Xem tr\u00ean bao b\u00ec<\/td>\n<\/tr>\n<tr>\n<td>H\u1ea1n s\u1eed d\u1ee5ng<\/td>\n<td>Xem tr\u00ean bao b\u00ec<\/td>\n<\/tr>\n<tr>\n<td>B\u1ea3o qu\u1ea3n<\/td>\n<td>B\u1ea3o qu\u1ea3n n\u01a1i kh\u00f4 r\u00e1o, tho\u00e1ng m\u00e1t<\/td>\n<\/tr>\n<tr>\n<td>Th\u1ec3 t\u00edch<\/td>\n<td>200g<\/td>\n<\/tr>\n<\/tbody>\n<\/table>\n<p>Trong nh\u1eefng v\u1eadt d\u1ee5ng h\u00e0ng ng\u00e0y, \u0111\u1ed3 l\u00f3t l\u00e0 m\u00f3n ti\u1ebfp x\u00fac tr\u1ef1c ti\u1ebfp v\u1edbi v\u00f9ng da nh\u1ea1y c\u1ea3m, d\u1ec5 b\u1ecb m\u1ed3 h\u00f4i, vi khu\u1ea9n, d\u1ecbch ti\u1ebft sinh l\u00fd v\u00e0 v\u1ebft b\u1ea9n kh\u00f3 ch\u1ecbu nh\u01b0 v\u1ebft kinh nguy\u1ec7t b\u00e1m l\u1ea1i. \u0110\u1ed3 l\u00f3t n\u1ebfu ch\u1ec9 gi\u1eb7t chung v\u1edbi qu\u1ea7n \u00e1o b\u00ecnh th\u01b0\u1eddng th\u00ec kh\u00f4ng \u0111\u1ee7 \u0111\u1ec3 lo\u1ea1i b\u1ecf h\u1ebft nh\u1eefng t\u00e1c nh\u00e2n g\u00e2y kh\u00f3 ch\u1ecbu v\u00e0 m\u00f9i h\u00f4i. N\u01b0\u1edbc gi\u1eb7t \u0111\u1ed3 l\u00f3t Lingerie Soap t\u1eeb Nh\u1eadt B\u1ea3n ra \u0111\u1eddi \u0111\u1ec3 \u0111\u00e1p \u1ee9ng nhu c\u1ea7u \u1ea5y: v\u1eeba l\u00e0m s\u1ea1ch s\u00e2u, v\u1eeba d\u1ecbu nh\u1eb9 v\u1edbi ch\u1ea5t li\u1ec7u v\u1ea3i m\u1ecfng, v\u1eeba b\u1ea3o v\u1ec7 s\u1ee9c kh\u1ecfe v\u00f9ng nh\u1ea1y c\u1ea3m m\u00e0 v\u1eabn gi\u1eef \u0111\u01b0\u1ee3c \u0111\u1ed9 m\u1ec1m m\u1ea1i, tho\u00e1ng m\u00e1t cho \u0111\u1ed3 l\u00f3t.<\/p>\n<p><img fetchpriority=\"high\" decoding=\"async\" class=\"aligncenter  wp-image-42075\" src=\"https:\/\/havamall.com\/wp-content\/uploads\/2025\/09\/6AF1DF55A5E287DE.png\" alt=\"\" width=\"801\" height=\"801\" \/><\/p>\n<p>\u0110\u1ed3 l\u00f3t t\u1eeb l\u00e2u \u0111\u01b0\u1ee3c xem nh\u01b0 m\u1ed9t lo\u1ea1i trang ph\u1ee5c \u0111\u1eb7c bi\u1ec7t trong vi\u1ec7c gi\u1eef g\u00ecn v\u1ec7 sinh c\u00e1 nh\u00e2n. \u1ede Nh\u1eadt B\u1ea3n, n\u01a1i tinh th\u1ea7n \u201cs\u1ea1ch s\u1ebd\u201d \u0111\u01b0\u1ee3c \u0111\u00e1nh gi\u00e1 r\u1ea5t cao, vi\u1ec7c c\u00f3 s\u1ea3n ph\u1ea9m chuy\u00ean d\u1ee5ng \u0111\u1ec3 gi\u1eb7t \u0111\u1ed3 l\u00f3t, di\u1ec7t vi khu\u1ea9n v\u00e0 kh\u1eed m\u00f9i l\u00e0 \u0111i\u1ec1u r\u1ea5t ph\u1ed5 bi\u1ebfn.\u00a0<strong data-start=\"1076\" data-end=\"1093\">Lingerie Soap<\/strong>\u00a0l\u00e0 s\u1ea3n ph\u1ea9m n\u1ed9i \u0111\u1ecba Nh\u1eadt t\u1eeb th\u01b0\u01a1ng hi\u1ec7u Kobayashi, n\u1ed5i ti\u1ebfng v\u1edbi c\u00e1c s\u1ea3n ph\u1ea9m ch\u0103m s\u00f3c c\u00e1 nh\u00e2n v\u00e0 v\u1ec7 sinh \u0111\u01b0\u1ee3c ph\u00e1t tri\u1ec3n d\u1ef1a tr\u00ean ti\u00eau ch\u00ed an to\u00e0n, hi\u1ec7u qu\u1ea3 v\u00e0 nh\u1eb9 nh\u00e0ng.<\/p>\n<p><img decoding=\"async\" class=\"aligncenter  wp-image-42076\" src=\"https:\/\/havamall.com\/wp-content\/uploads\/2025\/09\/6l.webp\" alt=\"\" width=\"800\" height=\"583\" \/><\/p>\n<p>S\u1ea3n ph\u1ea9m \u0111\u01b0\u1ee3c t\u1ea1o ra b\u1eb1ng c\u00f4ng th\u1ee9c ch\u1ee9a c\u00e1c\u00a0<strong data-start=\"1580\" data-end=\"1594\">surfactant<\/strong>\u00a0nh\u01b0\u00a0<em data-start=\"1599\" data-end=\"1623\">sodium alkyl sulfonate<\/em>,\u00a0<em data-start=\"1625\" data-end=\"1647\">sodium alkyl sulfate<\/em>,\u00a0<em data-start=\"1649\" data-end=\"1678\">polyoxyethylene alkyl ether<\/em>\u00a0v\u00e0 c\u00e1c ch\u1ea5t \u1ed5n \u0111\u1ecbnh nh\u1eb9, nh\u1eb1m v\u1eeba lo\u1ea1i b\u1ecf hi\u1ec7u qu\u1ea3 c\u00e1c v\u1ebft b\u1ea9n v\u00e0 vi sinh v\u1eadt, v\u1eeba gi\u1ea3m thi\u1ec3u nguy c\u01a1 g\u00e2y k\u00edch \u1ee9ng da tay ho\u1eb7c l\u00e0m h\u01b0 h\u1ecfng s\u1ee3i v\u1ea3i.<\/p>\n<p>\u2013 Th\u00edch h\u1ee3p cho vi\u1ec7c gi\u1eb7t \u0111\u1ed3 l\u00f3t h\u00e0ng ng\u00e0y, \u0111\u1eb7c bi\u1ec7t trong nh\u1eefng ng\u00e0y kinh nguy\u1ec7t ho\u1eb7c khi c\u00f3 d\u1ecbch ti\u1ebft b\u1ea5t th\u01b0\u1eddng. N\u01b0\u1edbc gi\u1eb7t Lingerie Soap gi\u00fap lo\u1ea1i b\u1ecf v\u1ebft \u1ed1 m\u00e1u, m\u00f9i h\u00f4i, d\u1ecbch v\u00e0 vi khu\u1ea9n t\u1eeb c\u00e1c s\u1ea3n ph\u1ea9m n\u1ed9i y.<\/p>\n<p>\u2013 D\u00f9ng \u0111\u1ec3 ng\u00e2m \u0111\u1ed3 l\u00f3t trong dung d\u1ecbch pha lo\u00e3ng (10ml trong kho\u1ea3ng 500ml n\u01b0\u1edbc) kho\u1ea3ng 20 ph\u00fat tr\u01b0\u1edbc khi x\u1ea3, gi\u00fap l\u00e0m s\u1ea1ch s\u00e2u m\u00e0 kh\u00f4ng c\u1ea7n ch\u00e0 m\u1ea1nh.<\/p>\n<p>\u2013 V\u1edbi v\u1ebft b\u1ea9n c\u1ee9ng \u0111\u1ea7u, c\u00f3 th\u1ec3 d\u00f9ng tr\u1ef1c ti\u1ebfp l\u00ean v\u1ebft b\u1ea9n, v\u00f2 nh\u1eb9 tay sau khi thoa.<\/p>\n<p>\u2013 S\u1ea3n ph\u1ea9m c\u0169ng \u0111\u01b0\u1ee3c d\u00f9ng \u0111\u1ec3 gi\u1eef \u0111\u1ed3 l\u00f3t m\u1ec1m m\u1ea1i, h\u1ea1n ch\u1ebf s\u1eddn, bi\u1ebfn d\u1ea1ng v\u00e0 gi\u1eef m\u00e0u s\u1eafc v\u1ea3i t\u1ed1t h\u01a1n so v\u1edbi gi\u1eb7t th\u01b0\u1eddng.<\/p>\n<p><img decoding=\"async\" class=\"aligncenter  wp-image-42078\" src=\"https:\/\/havamall.com\/wp-content\/uploads\/2025\/09\/4C25F7C05D1FC16C.png\" alt=\"\" width=\"801\" height=\"801\" \/><\/p>\n<blockquote><p><span style=\"font-size: 18pt\"><strong><em>L\u1ee2I \u00cdCH C\u1ee6A KHI S\u1eec D\u1ee4NG N\u01af\u1edaC GI\u1eb6T D\u00c0NH RI\u00caNG CHO \u0110\u1ed2 L\u00d3T:<\/em><\/strong><\/span><\/p><\/blockquote>\n<p>\u2013\u00a0<strong data-start=\"3093\" data-end=\"3119\">Kh\u00e1ng khu\u1ea9n, kh\u00e1ng n\u1ea5m<\/strong>: s\u1ea3n ph\u1ea9m c\u00f3 kh\u1ea3 n\u0103ng di\u1ec7t vi khu\u1ea9n, k\u00fd sinh, n\u1ea5m \u0111\u1ebfn\u00a0<strong data-start=\"3174\" data-end=\"3182\">~99%<\/strong>, gi\u00fap ph\u00f2ng tr\u00e1nh m\u00f9i h\u00f4i v\u00e0 nguy c\u01a1 vi\u00eam nhi\u1ec5m ph\u1ee5 khoa.<\/p>\n<p>\u2013\u00a0<strong data-start=\"3283\" data-end=\"3305\">D\u1ecbu nh\u1eb9 v\u1edbi da tay<\/strong>: th\u00e0nh ph\u1ea7n kh\u00f4ng ch\u1ee9a ch\u1ea5t t\u1ea9y m\u1ea1nh g\u00e2y kh\u00f4 da tay, kh\u00f4ng g\u00e2y r\u00e1t hay k\u00edch \u1ee9ng.<\/p>\n<p>\u2013\u00a0<strong data-start=\"3429\" data-end=\"3447\">B\u1ea3o v\u1ec7 s\u1ee3i v\u1ea3i<\/strong>: gi\u1eef \u0111\u1ed9 m\u1ec1m m\u1ea1i c\u1ee7a \u0111\u1ed3 l\u00f3t, kh\u00f4ng l\u00e0m m\u00f2n hay thay \u0111\u1ed5i k\u1ebft c\u1ea5u v\u1ea3i m\u1ecfng, gi\u00fap s\u1ea3n ph\u1ea9m s\u1eed d\u1ee5ng l\u00e2u d\u00e0i h\u01a1n.<\/p>\n<p>\u2013\u00a0<strong data-start=\"3598\" data-end=\"3622\">H\u01b0\u01a1ng th\u01a1m nh\u1eb9 nh\u00e0ng<\/strong>: m\u00f9i h\u01b0\u01a1ng x\u00e0 ph\u00f2ng nh\u1eb9, kh\u00f4ng n\u1ed3ng g\u1eaft, d\u1ec5 ch\u1ecbu khi s\u1eed d\u1ee5ng v\u00e0 khi m\u1eb7c \u0111\u1ed3 sau gi\u1eb7t.<\/p>\n<p><img loading=\"lazy\" decoding=\"async\" class=\"aligncenter size-full wp-image-42079\" src=\"https:\/\/havamall.com\/wp-content\/uploads\/2025\/09\/6d-5a38ed16-2c42-4902-bbb6-00ace8f67ca0.jpg\" alt=\"\" width=\"800\" height=\"800\" \/><\/p>\n<p data-start=\"3760\" data-end=\"4128\">N\u01b0\u1edbc Gi\u1eb7t \u0110\u1ed3 L\u00f3t Lingerie Soap 120ml \u2013 Lingerie Soap Underwear Laundry Wash l\u00e0 gi\u1ea3i ph\u00e1p ho\u00e0n h\u1ea3o \u0111\u1ec3 ch\u0103m s\u00f3c \u0111\u1ed3 l\u00f3t \u0111\u00fang c\u00e1ch: s\u1ea1ch s\u1ebd s\u00e2u, b\u1ea3o v\u1ec7 s\u1ee3i v\u1ea3i, gi\u1eef h\u01b0\u01a1ng th\u01a1m nh\u1eb9 nh\u00e0ng m\u00e0 v\u1eabn an to\u00e0n cho da v\u00e0 s\u1ee9c kh\u1ecfe ph\u1ee5 n\u1eef. V\u1edbi ngu\u1ed3n g\u1ed1c t\u1eeb Nh\u1eadt B\u1ea3n, th\u01b0\u01a1ng hi\u1ec7u Kobayashi uy t\u00edn v\u00e0 c\u00f4ng th\u1ee9c d\u1ecbu nh\u1eb9, \u0111\u00e2y l\u00e0 l\u1ef1a ch\u1ecdn r\u1ea5t \u0111\u00e1ng tin c\u1eady, hi\u1ec7n \u0111ang \u0111\u01b0\u1ee3c b\u00e1n t\u1ea1i\u00a0<strong><em>Havamall<\/em><\/strong>.<\/p>","protected":false},"excerpt":{"rendered":"<p>TH\u00d4NG TIN CHUNG Th\u01b0\u01a1ng hi\u1ec7u Kobayashi Xu\u1ea5t x\u1ee9 Nh\u1eadt B\u1ea3n Th\u00e0nh ph\u1ea7n Xem tr\u00ean bao b\u00ec H\u1ea1n s\u1eed d\u1ee5ng Xem<\/p>","protected":false},"featured_media":41663,"comment_status":"open","ping_status":"closed","template":"","meta":[],"product_brand":[],"product_cat":[675,396],"product_tag":[],"class_list":{"0":"post-41662","1":"product","2":"type-product","3":"status-publish","4":"has-post-thumbnail","6":"product_cat-nhap-khau-nhat-ban","7":"product_cat-suc-khoe-lam-dep","9":"first","10":"instock","11":"sale","12":"shipping-taxable","13":"purchasable","14":"product-type-simple"},"_links":{"self":[{"href":"https:\/\/havamall.vn\/en\/wp-json\/wp\/v2\/product\/41662"}],"collection":[{"href":"https:\/\/havamall.vn\/en\/wp-json\/wp\/v2\/product"}],"about":[{"href":"https:\/\/havamall.vn\/en\/wp-json\/wp\/v2\/types\/product"}],"replies":[{"embeddable":true,"href":"https:\/\/havamall.vn\/en\/wp-json\/wp\/v2\/comments?post=41662"}],"version-history":[{"count":0,"href":"https:\/\/havamall.vn\/en\/wp-json\/wp\/v2\/product\/41662\/revisions"}],"wp:featuredmedia":[{"embeddable":true,"href":"https:\/\/havamall.vn\/en\/wp-json\/wp\/v2\/media\/41663"}],"wp:attachment":[{"href":"https:\/\/havamall.vn\/en\/wp-json\/wp\/v2\/media?parent=41662"}],"wp:term":[{"taxonomy":"product_brand","embeddable":true,"href":"https:\/\/havamall.vn\/en\/wp-json\/wp\/v2\/product_brand?post=41662"},{"taxonomy":"product_cat","embeddable":true,"href":"https:\/\/havamall.vn\/en\/wp-json\/wp\/v2\/product_cat?post=41662"},{"taxonomy":"product_tag","embeddable":true,"href":"https:\/\/havamall.vn\/en\/wp-json\/wp\/v2\/product_tag?post=41662"}],"curies":[{"name":"wp","href":"https:\/\/api.w.org\/{rel}","templated":true}]}}