{"id":41658,"date":"2025-09-15T14:48:18","date_gmt":"2025-09-15T07:48:18","guid":{"rendered":"https:\/\/havamall.vn\/?post_type=product&#038;p=41658"},"modified":"2025-09-15T14:48:18","modified_gmt":"2025-09-15T07:48:18","slug":"dau-me-rang-nguyen-chat-nhat-ban-joyl-160g-joyl-toasted-sesame-oil","status":"publish","type":"product","link":"https:\/\/havamall.vn\/en\/shop\/dau-me-rang-nguyen-chat-nhat-ban-joyl-160g-joyl-toasted-sesame-oil\/","title":{"rendered":"D\u1ea7u M\u00e8 Rang Nguy\u00ean Ch\u1ea5t Nh\u1eadt B\u1ea3n JOYL 160g \u2013 JOYL Toasted Sesame Oil"},"content":{"rendered":"<blockquote>\n<h2><em><strong>TH\u00d4NG TIN CHUNG<\/strong><\/em><\/h2>\n<\/blockquote>\n<table width=\"1130\">\n<tbody>\n<tr>\n<td>Th\u01b0\u01a1ng hi\u1ec7u<\/td>\n<td>JOYL (c\u1ee7a Ajinomoto)<\/td>\n<\/tr>\n<tr>\n<td>Xu\u1ea5t x\u1ee9<\/td>\n<td>Nh\u1eadt B\u1ea3n<\/td>\n<\/tr>\n<tr>\n<td>Th\u00e0nh ph\u1ea7n<\/td>\n<td>Xem tr\u00ean bao b\u00ec<\/td>\n<\/tr>\n<tr>\n<td>H\u1ea1n s\u1eed d\u1ee5ng<\/td>\n<td>Xem tr\u00ean bao b\u00ec<\/td>\n<\/tr>\n<tr>\n<td>B\u1ea3o qu\u1ea3n<\/td>\n<td>B\u1ea3o qu\u1ea3n n\u01a1i kh\u00f4 r\u00e1o, tho\u00e1ng m\u00e1t<\/td>\n<\/tr>\n<tr>\n<td>Th\u1ec3 t\u00edch<\/td>\n<td>160g<\/td>\n<\/tr>\n<\/tbody>\n<\/table>\n<p>Trong n\u1ec1n \u1ea9m th\u1ef1c ch\u00e2u \u00c1, d\u1ea7u m\u00e8 lu\u00f4n gi\u1eef m\u1ed9t vai tr\u00f2 \u0111\u1eb7c bi\u1ec7t nh\u1edd h\u01b0\u01a1ng th\u01a1m \u0111\u1eb7c tr\u01b0ng v\u00e0 kh\u1ea3 n\u0103ng l\u00e0m d\u1eady m\u00f9i m\u00f3n \u0103n. Kh\u00e1c v\u1edbi nh\u1eefng lo\u1ea1i d\u1ea7u th\u1ef1c v\u1eadt th\u00f4ng th\u01b0\u1eddng, d\u1ea7u m\u00e8 rang mang trong m\u00ecnh h\u01b0\u01a1ng v\u1ecb s\u00e2u \u0111\u1eadm h\u01a1n, v\u1eeba b\u00e9o b\u00f9i v\u1eeba thoang tho\u1ea3ng m\u00f9i th\u01a1m c\u1ee7a h\u1ea1t m\u00e8 \u0111\u01b0\u1ee3c rang ch\u00edn. Ch\u00ednh s\u1ef1 kh\u00e1c bi\u1ec7t n\u00e0y \u0111\u00e3 khi\u1ebfn d\u1ea7u m\u00e8 rang tr\u1edf th\u00e0nh gia v\u1ecb kh\u00f4ng th\u1ec3 thi\u1ebfu trong nhi\u1ec1u m\u00f3n \u0103n, t\u1eeb nh\u1eefng m\u00f3n x\u00e0o nhanh g\u1ecdn \u0111\u1ebfn c\u00e1c m\u00f3n h\u1ea7m c\u1ea7u k\u1ef3.<\/p>\n<p><img fetchpriority=\"high\" decoding=\"async\" class=\"aligncenter  wp-image-42065\" src=\"https:\/\/havamall.com\/wp-content\/uploads\/2025\/09\/Sesame_Oil_1296x728-header-1296x728-1.avif\" alt=\"\" width=\"803\" height=\"451\" \/><\/p>\n<p>D\u1ea7u m\u00e8 \u0111\u00e3 \u0111\u01b0\u1ee3c s\u1eed d\u1ee5ng t\u1eeb h\u00e0ng ngh\u00ecn n\u0103m nay \u1edf nhi\u1ec1u qu\u1ed1c gia ch\u00e2u \u00c1 nh\u01b0 Nh\u1eadt B\u1ea3n, H\u00e0n Qu\u1ed1c, Trung Qu\u1ed1c v\u00e0 \u1ea4n \u0110\u1ed9. Trong \u1ea9m th\u1ef1c Nh\u1eadt B\u1ea3n, d\u1ea7u m\u00e8 rang gi\u1eef v\u1ecb tr\u00ed quan tr\u1ecdng kh\u00f4ng k\u00e9m n\u01b0\u1edbc t\u01b0\u01a1ng hay miso, b\u1edfi ch\u1ec9 m\u1ed9t v\u00e0i gi\u1ecdt c\u0169ng \u0111\u1ee7 bi\u1ebfn m\u1ed9t m\u00f3n \u0103n b\u00ecnh th\u01b0\u1eddng tr\u1edf n\u00ean th\u01a1m ngon h\u01a1n. Th\u01b0\u01a1ng hi\u1ec7u JOYL thu\u1ed9c t\u1eadp \u0111o\u00e0n Ajinomoto n\u1ed5i ti\u1ebfng \u0111\u00e3 k\u1ebf th\u1eeba tinh hoa \u1ea5y, t\u1ea1o n\u00ean lo\u1ea1i d\u1ea7u m\u00e8 rang nguy\u00ean ch\u1ea5t, \u0111\u00e1p \u1ee9ng c\u1ea3 nhu c\u1ea7u truy\u1ec1n th\u1ed1ng l\u1eabn hi\u1ec7n \u0111\u1ea1i.<\/p>\n<p><img decoding=\"async\" class=\"aligncenter  wp-image-42066\" src=\"https:\/\/havamall.com\/wp-content\/uploads\/2025\/09\/l-intro-1735706725.jpg\" alt=\"\" width=\"800\" height=\"450\" \/><\/p>\n<p data-start=\"1657\" data-end=\"2008\">D\u1ea7u m\u00e8 JOYL \u0111\u01b0\u1ee3c s\u1ea3n xu\u1ea5t t\u1eeb 100% h\u1ea1t m\u00e8 ch\u1ecdn l\u1ecdc, tr\u1ea3i qua qu\u00e1 tr\u00ecnh rang k\u1ef9 l\u01b0\u1ee1ng \u0111\u1ec3 kh\u01a1i d\u1eady h\u01b0\u01a1ng th\u01a1m \u0111\u1eb7c tr\u01b0ng. H\u1ea1t m\u00e8 sau khi l\u00e0m s\u1ea1ch \u0111\u01b0\u1ee3c rang \u0111\u1ec1u \u1edf nhi\u1ec7t \u0111\u1ed9 th\u00edch h\u1ee3p, gi\u00fap gi\u1eef nguy\u00ean gi\u00e1 tr\u1ecb dinh d\u01b0\u1ee1ng m\u00e0 v\u1eabn t\u1ea1o n\u00ean m\u00f9i v\u1ecb b\u00e9o ng\u1eady. Ti\u1ebfp theo, m\u00e8 rang \u0111\u01b0\u1ee3c \u00e9p l\u1ea1nh \u0111\u1ec3 chi\u1ebft xu\u1ea5t ph\u1ea7n d\u1ea7u nguy\u00ean ch\u1ea5t, kh\u00f4ng c\u1ea7n pha tr\u1ed9n hay th\u00eam ph\u1ee5 gia.<\/p>\n<p data-start=\"2010\" data-end=\"2352\">Nh\u1edd quy tr\u00ecnh nghi\u00eam ng\u1eb7t n\u00e0y, d\u1ea7u m\u00e8 JOYL gi\u1eef \u0111\u01b0\u1ee3c m\u00e0u s\u1eafc v\u00e0ng n\u00e2u t\u1ef1 nhi\u00ean c\u00f9ng h\u01b0\u01a1ng th\u01a1m d\u1ecbu nh\u1eb9, kh\u00e1c bi\u1ec7t so v\u1edbi c\u00e1c lo\u1ea1i d\u1ea7u th\u00f4ng th\u01b0\u1eddng. C\u00f4ng ngh\u1ec7 b\u1ea3o qu\u1ea3n hi\u1ec7n \u0111\u1ea1i c\u1ee7a Ajinomoto c\u0169ng gi\u00fap d\u1ea7u duy tr\u00ec \u0111\u1ed9 t\u01b0\u01a1i ngon, tr\u00e1nh qu\u00e1 tr\u00ecnh oxy h\u00f3a, nh\u1edd \u0111\u00f3 m\u1ed7i l\u1ea7n m\u1edf n\u1eafp, ng\u01b0\u1eddi d\u00f9ng \u0111\u1ec1u c\u1ea3m nh\u1eadn \u0111\u01b0\u1ee3c h\u01b0\u01a1ng th\u01a1m thu\u1ea7n khi\u1ebft nh\u01b0 v\u1eeba m\u1edbi \u00e9p.<\/p>\n<p data-start=\"2010\" data-end=\"2352\"><img decoding=\"async\" class=\"aligncenter size-full wp-image-42067\" src=\"https:\/\/havamall.com\/wp-content\/uploads\/2025\/09\/10-9.png\" alt=\"\" width=\"800\" height=\"800\" \/><\/p>\n<blockquote>\n<h3 data-start=\"2354\" data-end=\"2416\"><em><strong><span style=\"font-size: 18pt\">D\u1ea7u m\u00e8 JOYL trong \u1ea9m th\u1ef1c \u2013 Linh h\u1ed3n c\u1ee7a h\u01b0\u01a1ng v\u1ecb ch\u00e2u \u00c1<\/span><\/strong><\/em><\/h3>\n<\/blockquote>\n<p data-start=\"2507\" data-end=\"3134\">\u2013 Trong c\u00e1c m\u00f3n x\u00e0o, ch\u1ec9 c\u1ea7n m\u1ed9t th\u00eca nh\u1ecf d\u1ea7u m\u00e8 rang cho v\u00e0o cu\u1ed1i c\u00f9ng s\u1ebd gi\u00fap m\u00f3n rau, th\u1ecbt hay h\u1ea3i s\u1ea3n th\u00eam tr\u00f2n v\u1ecb.<br data-start=\"2626\" data-end=\"2629\" \/>\u2013 V\u1edbi m\u00f3n canh ho\u1eb7c s\u00fap ki\u1ec3u Nh\u1eadt, m\u1ed9t v\u00e0i gi\u1ecdt d\u1ea7u m\u00e8 t\u1ea1o n\u00ean l\u1edbp h\u01b0\u01a1ng th\u01a1m lan t\u1ecfa, khi\u1ebfn m\u00f3n \u0103n tr\u1edf n\u00ean h\u1ea5p d\u1eabn ngay t\u1eeb khi b\u01b0ng ra b\u00e0n.<br data-start=\"2769\" data-end=\"2772\" \/>\u2013 C\u00e1c m\u00f3n tr\u1ed9n salad hay n\u1ed9m khi th\u00eam d\u1ea7u m\u00e8 s\u1ebd c\u00f3 h\u01b0\u01a1ng v\u1ecb phong ph\u00fa, b\u00e9o b\u00f9i m\u00e0 v\u1eabn thanh nh\u1eb9.<br data-start=\"2868\" data-end=\"2871\" \/>\u2013 Kh\u00f4ng th\u1ec3 thi\u1ebfu trong n\u01b0\u1edbc ch\u1ea5m v\u00e0 s\u1ed1t: d\u1ea7u m\u00e8 JOYL k\u1ebft h\u1ee3p v\u1edbi n\u01b0\u1edbc t\u01b0\u01a1ng, gi\u1ea5m ho\u1eb7c t\u01b0\u01a1ng \u1edbt \u0111\u1ec3 t\u1ea1o n\u00ean nh\u1eefng lo\u1ea1i n\u01b0\u1edbc s\u1ed1t \u0111\u1eb7c s\u1eafc.<br data-start=\"3007\" data-end=\"3010\" \/>\u2013 Trong \u1ea9m th\u1ef1c n\u01b0\u1edbng, d\u1ea7u m\u00e8 \u0111\u01b0\u1ee3c d\u00f9ng \u0111\u1ec3 \u01b0\u1edbp th\u1ecbt, c\u00e1, gi\u00fap mi\u1ebfng n\u01b0\u1edbng v\u1eeba th\u01a1m v\u1eeba m\u1ec1m, \u0111\u1ed3ng th\u1eddi t\u1ea1o m\u00e0u s\u1eafc h\u1ea5p d\u1eabn.<\/p>\n<p data-start=\"3136\" data-end=\"3250\"><img loading=\"lazy\" decoding=\"async\" class=\"aligncenter  wp-image-42068\" src=\"https:\/\/havamall.com\/wp-content\/uploads\/2025\/09\/R01321_Garlic_Sesame_Oil-2.jpg\" alt=\"\" width=\"802\" height=\"534\" \/><\/p>\n<blockquote>\n<h3 data-start=\"3252\" data-end=\"3286\"><span style=\"font-size: 18pt\"><em><strong>Gi\u00e1 tr\u1ecb dinh d\u01b0\u1ee1ng tuy\u1ec7t v\u1eddi<\/strong><\/em><\/span><\/h3>\n<\/blockquote>\n<p data-start=\"3390\" data-end=\"3793\">\u2013 Ch\u1ee9a nhi\u1ec1u axit b\u00e9o kh\u00f4ng b\u00e3o h\u00f2a, \u0111\u1eb7c bi\u1ec7t l\u00e0 omega-6 v\u00e0 omega-9, gi\u00fap duy tr\u00ec h\u1ec7 tim m\u1ea1ch kh\u1ecfe m\u1ea1nh.<br data-start=\"3494\" data-end=\"3497\" \/>\u2013 Gi\u00e0u vitamin E, m\u1ed9t ch\u1ea5t ch\u1ed1ng oxy h\u00f3a t\u1ef1 nhi\u00ean, gi\u00fap ng\u0103n ng\u1eeba l\u00e3o h\u00f3a, b\u1ea3o v\u1ec7 t\u1ebf b\u00e0o kh\u1ecfi t\u00e1c \u0111\u1ed9ng c\u1ee7a c\u00e1c g\u1ed1c t\u1ef1 do.<br data-start=\"3618\" data-end=\"3621\" \/>\u2013 C\u00f3 h\u1ee3p ch\u1ea5t sesamol v\u00e0 sesamin, \u0111\u1eb7c tr\u01b0ng c\u1ee7a m\u00e8, h\u1ed7 tr\u1ee3 ch\u1ed1ng vi\u00eam v\u00e0 t\u0103ng c\u01b0\u1eddng s\u1ee9c \u0111\u1ec1 kh\u00e1ng.<br data-start=\"3718\" data-end=\"3721\" \/>\u2013 Kh\u00f4ng ch\u1ee9a cholesterol, th\u00edch h\u1ee3p cho ch\u1ebf \u0111\u1ed9 \u0103n c\u00e2n b\u1eb1ng v\u00e0 an to\u00e0n.<\/p>\n<p data-start=\"3390\" data-end=\"3793\"><img loading=\"lazy\" decoding=\"async\" class=\"aligncenter  wp-image-42069\" src=\"https:\/\/havamall.com\/wp-content\/uploads\/2025\/09\/sesame-oil-storage_HERO_071323_17842_VOG_final-scaled.webp\" alt=\"\" width=\"800\" height=\"600\" \/><\/p>\n<p data-start=\"3390\" data-end=\"3793\">V\u1edbi ch\u1ea5t l\u01b0\u1ee3ng \u0111\u01b0\u1ee3c \u0111\u1ea3m b\u1ea3o b\u1edfi th\u01b0\u01a1ng hi\u1ec7u JOYL \u2013 Ajinomoto, t\u1eebng chai d\u1ea7u m\u00e8 kh\u00f4ng ch\u1ec9 l\u00e0 gia v\u1ecb m\u00e0 c\u00f2n l\u00e0 s\u1ef1 tinh t\u00fay c\u1ee7a ngh\u1ec7 thu\u1eadt \u1ea9m th\u1ef1c Nh\u1eadt B\u1ea3n, hi\u1ec7n \u0111ang \u0111\u01b0\u1ee3c b\u00e1n t\u1ea1i Havamall.<\/p>","protected":false},"excerpt":{"rendered":"<p>TH\u00d4NG TIN CHUNG Th\u01b0\u01a1ng hi\u1ec7u JOYL (c\u1ee7a Ajinomoto) Xu\u1ea5t x\u1ee9 Nh\u1eadt B\u1ea3n Th\u00e0nh ph\u1ea7n Xem tr\u00ean bao b\u00ec H\u1ea1n s\u1eed<\/p>","protected":false},"featured_media":41659,"comment_status":"open","ping_status":"closed","template":"","meta":[],"product_brand":[],"product_cat":[675,154],"product_tag":[],"class_list":{"0":"post-41658","1":"product","2":"type-product","3":"status-publish","4":"has-post-thumbnail","6":"product_cat-nhap-khau-nhat-ban","7":"product_cat-gia-vi","9":"first","10":"instock","11":"sale","12":"shipping-taxable","13":"purchasable","14":"product-type-simple"},"_links":{"self":[{"href":"https:\/\/havamall.vn\/en\/wp-json\/wp\/v2\/product\/41658"}],"collection":[{"href":"https:\/\/havamall.vn\/en\/wp-json\/wp\/v2\/product"}],"about":[{"href":"https:\/\/havamall.vn\/en\/wp-json\/wp\/v2\/types\/product"}],"replies":[{"embeddable":true,"href":"https:\/\/havamall.vn\/en\/wp-json\/wp\/v2\/comments?post=41658"}],"version-history":[{"count":0,"href":"https:\/\/havamall.vn\/en\/wp-json\/wp\/v2\/product\/41658\/revisions"}],"wp:featuredmedia":[{"embeddable":true,"href":"https:\/\/havamall.vn\/en\/wp-json\/wp\/v2\/media\/41659"}],"wp:attachment":[{"href":"https:\/\/havamall.vn\/en\/wp-json\/wp\/v2\/media?parent=41658"}],"wp:term":[{"taxonomy":"product_brand","embeddable":true,"href":"https:\/\/havamall.vn\/en\/wp-json\/wp\/v2\/product_brand?post=41658"},{"taxonomy":"product_cat","embeddable":true,"href":"https:\/\/havamall.vn\/en\/wp-json\/wp\/v2\/product_cat?post=41658"},{"taxonomy":"product_tag","embeddable":true,"href":"https:\/\/havamall.vn\/en\/wp-json\/wp\/v2\/product_tag?post=41658"}],"curies":[{"name":"wp","href":"https:\/\/api.w.org\/{rel}","templated":true}]}}