{"id":41650,"date":"2025-09-14T16:58:05","date_gmt":"2025-09-14T09:58:05","guid":{"rendered":"https:\/\/havamall.vn\/?post_type=product&#038;p=41650"},"modified":"2025-09-14T16:58:05","modified_gmt":"2025-09-14T09:58:05","slug":"tuong-ot-nhat-ban-roza-200g-roza-chili-sauce-200g","status":"publish","type":"product","link":"https:\/\/havamall.vn\/en\/shop\/tuong-ot-nhat-ban-roza-200g-roza-chili-sauce-200g\/","title":{"rendered":"T\u01b0\u01a1ng \u1edat Nh\u1eadt B\u1ea3n Roza 200g \u2013 Roza Chili Sauce 200g"},"content":{"rendered":"<h2><strong>TH\u00d4NG TIN CHUNG<\/strong><\/h2>\n<table width=\"1130\">\n<tbody>\n<tr>\n<td>Th\u01b0\u01a1ng hi\u1ec7u<\/td>\n<td>Tomato Corporation<\/td>\n<\/tr>\n<tr>\n<td>Xu\u1ea5t x\u1ee9<\/td>\n<td>Nh\u1eadt B\u1ea3n<\/td>\n<\/tr>\n<tr>\n<td>Th\u00e0nh ph\u1ea7n<\/td>\n<td>Xem tr\u00ean bao b\u00ec<\/td>\n<\/tr>\n<tr>\n<td>H\u1ea1n s\u1eed d\u1ee5ng<\/td>\n<td>Xem tr\u00ean bao b\u00ec<\/td>\n<\/tr>\n<tr>\n<td>B\u1ea3o qu\u1ea3n<\/td>\n<td>B\u1ea3o qu\u1ea3n n\u01a1i kh\u00f4 r\u00e1o, tho\u00e1ng m\u00e1t<\/td>\n<\/tr>\n<tr>\n<td>Th\u1ec3 t\u00edch<\/td>\n<td>200g<\/td>\n<\/tr>\n<\/tbody>\n<\/table>\n<p data-start=\"369\" data-end=\"1091\">Trong v\u0103n h\u00f3a \u1ea9m th\u1ef1c to\u00e0n c\u1ea7u, t\u01b0\u01a1ng \u1edbt \u0111\u00e3 tr\u1edf th\u00e0nh lo\u1ea1i gia v\u1ecb kh\u00f4ng th\u1ec3 thi\u1ebfu, g\u00f3p ph\u1ea7n t\u1ea1o n\u00ean chi\u1ec1u s\u00e2u h\u01b0\u01a1ng v\u1ecb cho v\u00f4 s\u1ed1 m\u00f3n \u0103n, t\u1eeb nh\u1eefng b\u1eefa c\u01a1m gia \u0111\u00ecnh gi\u1ea3n d\u1ecb cho \u0111\u1ebfn c\u00e1c m\u00f3n \u0103n \u0111\u01b0\u1eddng ph\u1ed1 \u0111\u1eb7c tr\u01b0ng hay nh\u1eefng b\u00e0n ti\u1ec7c sang tr\u1ecdng. Nh\u1eadt B\u1ea3n, v\u1edbi truy\u1ec1n th\u1ed1ng ch\u00fa tr\u1ecdng v\u00e0o s\u1ef1 c\u00e2n b\u1eb1ng v\u00e0 tinh t\u1ebf, \u0111\u00e3 mang \u0111\u1ebfn m\u1ed9t phi\u00ean b\u1ea3n t\u01b0\u01a1ng \u1edbt \u0111\u1ed9c \u0111\u00e1o, k\u1ebft h\u1ee3p gi\u1eefa c\u00f4ng ngh\u1ec7 s\u1ea3n xu\u1ea5t hi\u1ec7n \u0111\u1ea1i v\u00e0 s\u1ef1 ch\u1eaft l\u1ecdc kh\u1eaft khe trong l\u1ef1a ch\u1ecdn nguy\u00ean li\u1ec7u. Trong s\u1ed1 \u0111\u00f3, t\u01b0\u01a1ng \u1edbt Roza c\u1ee7a Tomato Corporation n\u1ed5i b\u1eadt nh\u01b0 m\u1ed9t l\u1ef1a ch\u1ecdn ti\u00eau bi\u1ec3u, \u0111em l\u1ea1i tr\u1ea3i nghi\u1ec7m h\u00e0i h\u00f2a gi\u1eefa v\u1ecb cay n\u1ed3ng \u1ea5m v\u00e0 h\u01b0\u01a1ng v\u1ecb t\u01b0\u01a1i m\u1edbi, \u0111\u00e1p \u1ee9ng nhu c\u1ea7u c\u1ee7a c\u1ea3 nh\u1eefng th\u1ef1c kh\u00e1ch y\u00eau th\u00edch gia v\u1ecb m\u1ea1nh l\u1eabn nh\u1eefng ai \u01b0a chu\u1ed9ng s\u1ef1 thanh nh\u1eb9, v\u1eeba v\u1eb7n trong kh\u1ea9u v\u1ecb.<\/p>\n<p data-start=\"369\" data-end=\"1091\"><img fetchpriority=\"high\" decoding=\"async\" class=\"aligncenter  wp-image-42055\" src=\"https:\/\/havamall.com\/wp-content\/uploads\/2025\/09\/0991_8994b2450f960b2f6162f8eec820356e_3f9828906b02428a934a51e1ef8218c7_331adca765474444b5fe69d5fc9099fb.png\" alt=\"\" width=\"801\" height=\"801\" \/><\/p>\n<p data-start=\"1093\" data-end=\"1677\">\u0110i\u1ec3m \u0111\u1eb7c bi\u1ec7t c\u1ee7a t\u01b0\u01a1ng \u1edbt Roza \u0111\u1ebfn t\u1eeb s\u1ef1 k\u1ebft h\u1ee3p h\u00e0i h\u00f2a gi\u1eefa \u1edbt \u0111\u1ecf ch\u00edn m\u1ecdng v\u00e0 c\u00e0 chua t\u01b0\u01a1i gi\u00e0u v\u1ecb ng\u1ecdt t\u1ef1 nhi\u00ean. N\u1ebfu \u1edbt mang l\u1ea1i c\u1ea3m gi\u00e1c cay n\u1ed3ng lan t\u1ecfa n\u01a1i \u0111\u1ea7u l\u01b0\u1ee1i th\u00ec c\u00e0 chua l\u1ea1i c\u00e2n b\u1eb1ng b\u1eb1ng v\u1ecb chua d\u1ecbu nh\u1eb9 v\u00e0 h\u1eadu ng\u1ecdt thanh, t\u1ea1o n\u00ean m\u1ed9t t\u1ed5ng th\u1ec3 tr\u00f2n \u0111\u1ea7y v\u00e0 kh\u00f4ng g\u00e2y c\u1ea3m gi\u00e1c g\u1eaft. C\u00f4ng th\u1ee9c c\u1ee7a Tomato Corporation \u0111\u01b0\u1ee3c ph\u00e1t tri\u1ec3n v\u1edbi m\u1ee5c ti\u00eau gi\u1eef nguy\u00ean m\u00e0u s\u1eafc t\u1ef1 nhi\u00ean, h\u01b0\u01a1ng th\u01a1m thu\u1ea7n khi\u1ebft v\u00e0 d\u01b0\u1ee1ng ch\u1ea5t v\u1ed1n c\u00f3 trong nguy\u00ean li\u1ec7u. Nh\u1edd \u0111\u00f3, s\u1ea3n ph\u1ea9m kh\u00f4ng ch\u1ec9 \u0111\u01a1n thu\u1ea7n l\u00e0 gia v\u1ecb m\u00e0 c\u00f2n l\u00e0 s\u1ef1 b\u1ed5 sung dinh d\u01b0\u1ee1ng h\u1eefu \u00edch, g\u00f3p ph\u1ea7n l\u00e0m phong ph\u00fa th\u00eam b\u1eefa \u0103n h\u00e0ng ng\u00e0y.<\/p>\n<p data-start=\"1093\" data-end=\"1677\"><img decoding=\"async\" class=\"aligncenter  wp-image-42056\" src=\"https:\/\/havamall.com\/wp-content\/uploads\/2025\/09\/tom-non-sot-tuong-ot-kagome.webp\" alt=\"\" width=\"800\" height=\"800\" \/><\/p>\n<p data-start=\"1679\" data-end=\"2239\">Quy tr\u00ecnh s\u1ea3n xu\u1ea5t t\u01b0\u01a1ng \u1edbt Roza l\u00e0 s\u1ef1 k\u1ebft h\u1ee3p gi\u1eefa kinh nghi\u1ec7m truy\u1ec1n th\u1ed1ng v\u00e0 c\u00f4ng ngh\u1ec7 hi\u1ec7n \u0111\u1ea1i. Nguy\u00ean li\u1ec7u \u0111\u01b0\u1ee3c tuy\u1ec3n ch\u1ecdn k\u1ef9 l\u01b0\u1ee1ng, \u0111\u1ea3m b\u1ea3o \u0111\u1ed9 t\u01b0\u01a1i m\u1edbi v\u00e0 ch\u1ea5t l\u01b0\u1ee3ng t\u1ed1i \u01b0u tr\u01b0\u1edbc khi \u0111\u01b0a v\u00e0o ch\u1ebf bi\u1ebfn. \u1edat \u0111\u1ecf sau khi r\u1eeda s\u1ea1ch v\u00e0 s\u01a1 ch\u1ebf s\u1ebd \u0111\u01b0\u1ee3c xay nhuy\u1ec5n, ph\u1ed1i h\u1ee3p c\u00f9ng c\u00e0 chua v\u00e0 c\u00e1c gia v\u1ecb t\u1ef1 nhi\u00ean kh\u00e1c, t\u1ea1o n\u00ean h\u1ed7n h\u1ee3p \u0111\u1ed3ng nh\u1ea5t v\u00e0 \u0111\u1eadm \u0111\u1eb7c. Qu\u00e1 tr\u00ecnh ch\u1ebf bi\u1ebfn di\u1ec5n ra trong m\u00f4i tr\u01b0\u1eddng ki\u1ec3m so\u00e1t nghi\u00eam ng\u1eb7t, kh\u00f4ng s\u1eed d\u1ee5ng ph\u1ea9m m\u00e0u nh\u00e2n t\u1ea1o hay ch\u1ea5t b\u1ea3o qu\u1ea3n \u0111\u1ed9c h\u1ea1i, gi\u00fap s\u1ea3n ph\u1ea9m gi\u1eef \u0111\u01b0\u1ee3c h\u01b0\u01a1ng v\u1ecb nguy\u00ean b\u1ea3n v\u00e0 an to\u00e0n cho s\u1ee9c kh\u1ecfe ng\u01b0\u1eddi ti\u00eau d\u00f9ng.<\/p>\n<p data-start=\"1679\" data-end=\"2239\"><img decoding=\"async\" class=\"aligncenter  wp-image-42057\" src=\"https:\/\/havamall.com\/wp-content\/uploads\/2025\/09\/coconut-chicken_460x@2x.webp\" alt=\"\" width=\"800\" height=\"1000\" \/><\/p>\n<p data-start=\"2241\" data-end=\"2741\">V\u1ec1 h\u01b0\u01a1ng v\u1ecb, t\u01b0\u01a1ng \u1edbt Roza mang \u0111\u1ebfn s\u1ef1 lan t\u1ecfa v\u1eeba ph\u1ea3i, kh\u00f4ng qu\u00e1 cay nh\u01b0ng \u0111\u1ee7 \u0111\u1ec3 k\u00edch th\u00edch v\u1ecb gi\u00e1c, \u0111\u1ed3ng th\u1eddi \u0111\u1ec3 l\u1ea1i d\u01b0 v\u1ecb ng\u1ecdt thanh v\u00e0 chua d\u1ecbu \u0111\u1eb7c tr\u01b0ng c\u1ee7a c\u00e0 chua. Ch\u00ednh s\u1ef1 c\u00e2n b\u1eb1ng n\u00e0y khi\u1ebfn s\u1ea3n ph\u1ea9m tr\u1edf th\u00e0nh l\u1ef1a ch\u1ecdn ph\u00f9 h\u1ee3p cho nhi\u1ec1u \u0111\u1ed1i t\u01b0\u1ee3ng, k\u1ec3 c\u1ea3 tr\u1ebb nh\u1ecf ho\u1eb7c nh\u1eefng ng\u01b0\u1eddi \u00edt khi d\u00f9ng gia v\u1ecb cay. \u0110\u1eb7c bi\u1ec7t, m\u00e0u \u0111\u1ecf t\u01b0\u01a1i \u00f3ng \u00e1nh c\u00f9ng k\u1ebft c\u1ea5u s\u00e1nh m\u1ecbn c\u1ee7a t\u01b0\u01a1ng \u1edbt kh\u00f4ng ch\u1ec9 l\u00e0m \u0111\u1eb9p m\u1eaft m\u00e0 c\u00f2n g\u00f3p ph\u1ea7n n\u00e2ng t\u1ea7m m\u00f3n \u0103n, khi\u1ebfn th\u1ef1c kh\u00e1ch c\u1ea3m nh\u1eadn r\u00f5 s\u1ef1 h\u1ea5p d\u1eabn ngay t\u1eeb c\u00e1i nh\u00ecn \u0111\u1ea7u ti\u00ean.<\/p>\n<p data-start=\"2241\" data-end=\"2741\"><img loading=\"lazy\" decoding=\"async\" class=\"aligncenter  wp-image-42059\" src=\"https:\/\/havamall.com\/wp-content\/uploads\/2025\/09\/z4336047868956_573db6d98461ec28c0ca77be8df63d32.jpg\" alt=\"\" width=\"800\" height=\"800\" \/><\/p>\n<p data-start=\"3228\" data-end=\"3778\">S\u1ef1 \u0111a d\u1ea1ng trong \u1ee9ng d\u1ee5ng c\u1ee7a t\u01b0\u01a1ng \u1edbt Roza c\u0169ng l\u00e0 m\u1ed9t \u01b0u \u0111i\u1ec3m \u0111\u00e1ng k\u1ec3. T\u1eeb vi\u1ec7c d\u00f9ng tr\u1ef1c ti\u1ebfp nh\u01b0 n\u01b0\u1edbc ch\u1ea5m cho c\u00e1c m\u00f3n chi\u00ean gi\u00f2n, h\u1ea3i s\u1ea3n hay \u0111\u1ed3 n\u01b0\u1edbng, cho \u0111\u1ebfn vai tr\u00f2 l\u00e0 nguy\u00ean li\u1ec7u trong ch\u1ebf bi\u1ebfn m\u00f3n \u0103n, s\u1ea3n ph\u1ea9m \u0111\u1ec1u ph\u00e1t huy tr\u1ecdn v\u1eb9n h\u01b0\u01a1ng v\u1ecb. M\u1ed9t ch\u00fat t\u01b0\u01a1ng \u1edbt h\u00f2a quy\u1ec7n trong c\u00e1c m\u00f3n x\u00e0o, \u01b0\u1edbp th\u1ecbt hay n\u01b0\u1edbc s\u1ed1t c\u00f3 th\u1ec3 n\u00e2ng t\u1ea7m m\u00f3n \u0103n, khi\u1ebfn h\u01b0\u01a1ng v\u1ecb th\u00eam ph\u1ea7n \u0111\u1eadm \u0111\u00e0 v\u00e0 h\u1ea5p d\u1eabn. \u0110\u1eb7c bi\u1ec7t, khi k\u1ebft h\u1ee3p c\u00f9ng pizza, m\u00ec \u00dd, c\u01a1m chi\u00ean hay c\u00e1c m\u00f3n \u0103n nhanh kh\u00e1c, t\u01b0\u01a1ng \u1edbt Roza kh\u00f4ng ch\u1ec9 l\u00e0m d\u1eady h\u01b0\u01a1ng m\u00e0 c\u00f2n t\u1ea1o \u0111i\u1ec3m nh\u1ea5n kh\u00f3 qu\u00ean cho th\u1ef1c kh\u00e1ch.<\/p>\n<p data-start=\"3780\" data-end=\"4090\"><img loading=\"lazy\" decoding=\"async\" class=\"aligncenter  wp-image-42058\" src=\"https:\/\/havamall.com\/wp-content\/uploads\/2025\/09\/sweet-chili-chicken-wings.webp\" alt=\"\" width=\"800\" height=\"783\" \/><\/p>\n<p data-start=\"4092\" data-end=\"4515\">Kh\u00f4ng d\u1eebng l\u1ea1i \u1edf h\u01b0\u01a1ng v\u1ecb, t\u01b0\u01a1ng \u1edbt Roza c\u00f2n mang l\u1ea1i nh\u1eefng gi\u00e1 tr\u1ecb dinh d\u01b0\u1ee1ng thi\u1ebft th\u1ef1c. \u1edat \u0111\u1ecf ch\u1ee9a nhi\u1ec1u capsaicin \u2013 ho\u1ea1t ch\u1ea5t c\u00f3 kh\u1ea3 n\u0103ng k\u00edch th\u00edch tu\u1ea7n ho\u00e0n m\u00e1u, th\u00fac \u0111\u1ea9y qu\u00e1 tr\u00ecnh trao \u0111\u1ed5i ch\u1ea5t v\u00e0 mang l\u1ea1i c\u1ea3m gi\u00e1c \u1ea5m \u00e1p cho c\u01a1 th\u1ec3. \u0110\u1ed3ng th\u1eddi, c\u00e0 chua cung c\u1ea5p ngu\u1ed3n vitamin C, A c\u00f9ng lycopene \u2013 ch\u1ea5t ch\u1ed1ng oxy h\u00f3a m\u1ea1nh m\u1ebd, gi\u00fap t\u0103ng c\u01b0\u1eddng h\u1ec7 mi\u1ec5n d\u1ecbch v\u00e0 h\u1ed7 tr\u1ee3 l\u00e0n da kh\u1ecfe m\u1ea1nh. S\u1ef1 k\u1ebft h\u1ee3p n\u00e0y bi\u1ebfn m\u1ed7i gi\u1ecdt t\u01b0\u01a1ng \u1edbt kh\u00f4ng ch\u1ec9 l\u00e0 gia v\u1ecb m\u00e0 c\u00f2n l\u00e0 ngu\u1ed3n d\u01b0\u1ee1ng ch\u1ea5t qu\u00fd gi\u00e1, s\u1ea3n ph\u1ea9m hi\u1ec7n \u0111ang \u0111\u01b0\u1ee3c b\u00e1n tr\u1ef1c ti\u1ebfp t\u1ea1i c\u1ee7a h\u00e0ng v\u00e0 c\u00e1c k\u00eanh tr\u1ef1c tuy\u1ebfn c\u1ee7a Havamall.<\/p>","protected":false},"excerpt":{"rendered":"<p>TH\u00d4NG TIN CHUNG Th\u01b0\u01a1ng hi\u1ec7u Tomato Corporation Xu\u1ea5t x\u1ee9 Nh\u1eadt B\u1ea3n Th\u00e0nh ph\u1ea7n Xem tr\u00ean bao b\u00ec H\u1ea1n s\u1eed d\u1ee5ng<\/p>","protected":false},"featured_media":41651,"comment_status":"open","ping_status":"closed","template":"","meta":[],"product_brand":[],"product_cat":[675,154],"product_tag":[],"class_list":{"0":"post-41650","1":"product","2":"type-product","3":"status-publish","4":"has-post-thumbnail","6":"product_cat-nhap-khau-nhat-ban","7":"product_cat-gia-vi","9":"first","10":"instock","11":"sale","12":"shipping-taxable","13":"purchasable","14":"product-type-simple"},"_links":{"self":[{"href":"https:\/\/havamall.vn\/en\/wp-json\/wp\/v2\/product\/41650"}],"collection":[{"href":"https:\/\/havamall.vn\/en\/wp-json\/wp\/v2\/product"}],"about":[{"href":"https:\/\/havamall.vn\/en\/wp-json\/wp\/v2\/types\/product"}],"replies":[{"embeddable":true,"href":"https:\/\/havamall.vn\/en\/wp-json\/wp\/v2\/comments?post=41650"}],"version-history":[{"count":0,"href":"https:\/\/havamall.vn\/en\/wp-json\/wp\/v2\/product\/41650\/revisions"}],"wp:featuredmedia":[{"embeddable":true,"href":"https:\/\/havamall.vn\/en\/wp-json\/wp\/v2\/media\/41651"}],"wp:attachment":[{"href":"https:\/\/havamall.vn\/en\/wp-json\/wp\/v2\/media?parent=41650"}],"wp:term":[{"taxonomy":"product_brand","embeddable":true,"href":"https:\/\/havamall.vn\/en\/wp-json\/wp\/v2\/product_brand?post=41650"},{"taxonomy":"product_cat","embeddable":true,"href":"https:\/\/havamall.vn\/en\/wp-json\/wp\/v2\/product_cat?post=41650"},{"taxonomy":"product_tag","embeddable":true,"href":"https:\/\/havamall.vn\/en\/wp-json\/wp\/v2\/product_tag?post=41650"}],"curies":[{"name":"wp","href":"https:\/\/api.w.org\/{rel}","templated":true}]}}