{"id":41646,"date":"2025-09-14T11:01:12","date_gmt":"2025-09-14T04:01:12","guid":{"rendered":"https:\/\/havamall.vn\/?post_type=product&#038;p=41646"},"modified":"2025-09-14T11:01:13","modified_gmt":"2025-09-14T04:01:13","slug":"nuoc-rua-chen-nhat-ban-daia-huong-oliu-600ml-daia-kitchen-detergent-600ml","status":"publish","type":"product","link":"https:\/\/havamall.vn\/en\/shop\/nuoc-rua-chen-nhat-ban-daia-huong-oliu-600ml-daia-kitchen-detergent-600ml\/","title":{"rendered":"N\u01b0\u1edbc R\u1eeda Ch\u00e9n Nh\u1eadt B\u1ea3n Daia H\u01b0\u01a1ng Oliu 600ml \u2013 Daia Kitchen Detergent 600ml"},"content":{"rendered":"<h2><strong>TH\u00d4NG TIN CHUNG<\/strong><\/h2>\n<table width=\"1130\">\n<tbody>\n<tr>\n<td>Th\u01b0\u01a1ng hi\u1ec7u<\/td>\n<td>Daia<\/td>\n<\/tr>\n<tr>\n<td>Xu\u1ea5t x\u1ee9<\/td>\n<td>Nh\u1eadt B\u1ea3n<\/td>\n<\/tr>\n<tr>\n<td>Th\u00e0nh ph\u1ea7n<\/td>\n<td>Xem tr\u00ean bao b\u00ec<\/td>\n<\/tr>\n<tr>\n<td>H\u1ea1n s\u1eed d\u1ee5ng<\/td>\n<td>Xem tr\u00ean bao b\u00ec<\/td>\n<\/tr>\n<tr>\n<td>B\u1ea3o qu\u1ea3n<\/td>\n<td>B\u1ea3o qu\u1ea3n n\u01a1i kh\u00f4 r\u00e1o, tho\u00e1ng m\u00e1t<\/td>\n<\/tr>\n<tr>\n<td>Th\u1ec3 t\u00edch<\/td>\n<td>600ml<\/td>\n<\/tr>\n<\/tbody>\n<\/table>\n<p data-start=\"233\" data-end=\"748\">Trong c\u0103n b\u1ebfp c\u1ee7a m\u1ed7i gia \u0111\u00ecnh, n\u01b0\u1edbc r\u1eeda ch\u00e9n l\u00e0 s\u1ea3n ph\u1ea9m kh\u00f4ng th\u1ec3 thi\u1ebfu, g\u00f3p ph\u1ea7n gi\u1eef g\u00ecn v\u1ec7 sinh v\u00e0 t\u1ea1o n\u00ean s\u1ef1 tho\u1ea3i m\u00e1i trong sinh ho\u1ea1t h\u1eb1ng ng\u00e0y. M\u1ed9t s\u1ea3n ph\u1ea9m r\u1eeda ch\u00e9n t\u1ed1t kh\u00f4ng ch\u1ec9 c\u1ea7n lo\u1ea1i b\u1ecf d\u1ea7u m\u1ee1, m\u00f9i th\u1ee9c \u0103n, c\u1eb7n b\u1ea9n hi\u1ec7u qu\u1ea3 m\u00e0 c\u00f2n ph\u1ea3i an to\u00e0n cho s\u1ee9c kh\u1ecfe, \u0111\u1eb7c bi\u1ec7t l\u00e0 kh\u00f4ng g\u00e2y h\u1ea1i cho da tay khi s\u1eed d\u1ee5ng th\u01b0\u1eddng xuy\u00ean. Xu\u1ea5t ph\u00e1t t\u1eeb ti\u00eau chu\u1ea9n ch\u1ea5t l\u01b0\u1ee3ng nghi\u00eam ng\u1eb7t c\u1ee7a Nh\u1eadt B\u1ea3n, n\u01b0\u1edbc r\u1eeda ch\u00e9n Daia Kitchen Detergent \u0111\u01b0\u1ee3c nghi\u00ean c\u1ee9u v\u00e0 s\u1ea3n xu\u1ea5t \u0111\u1ec3 mang \u0111\u1ebfn s\u1ef1 h\u00e0i l\u00f2ng tr\u1ecdn v\u1eb9n cho ng\u01b0\u1eddi ti\u00eau d\u00f9ng.<\/p>\n<p data-start=\"233\" data-end=\"748\"><img fetchpriority=\"high\" decoding=\"async\" class=\"aligncenter  wp-image-42035\" src=\"https:\/\/havamall.com\/wp-content\/uploads\/2025\/09\/480865603_627017413267250_7554907713057275644_n.jpg\" alt=\"\" width=\"800\" height=\"600\" \/><\/p>\n<p data-start=\"750\" data-end=\"1187\">\u0110i\u1ec3m n\u1ed5i b\u1eadt \u0111\u1ea7u ti\u00ean c\u1ee7a d\u00f2ng n\u01b0\u1edbc r\u1eeda ch\u00e9n Daia l\u00e0 c\u00f4ng th\u1ee9c \u0111\u1eadm \u0111\u1eb7c, ch\u1ec9 c\u1ea7n m\u1ed9t l\u01b0\u1ee3ng nh\u1ecf \u0111\u00e3 \u0111\u1ee7 t\u1ea1o b\u1ecdt nhi\u1ec1u, gi\u00fap ti\u1ebft ki\u1ec7m chi ph\u00ed m\u00e0 v\u1eabn \u0111\u1ea3m b\u1ea3o kh\u1ea3 n\u0103ng l\u00e0m s\u1ea1ch. D\u1ea7u m\u1ee1, v\u1ebft b\u1ea9n b\u00e1m ch\u1eb7t tr\u00ean ch\u00e9n \u0111\u0129a, n\u1ed3i ni\u00eau \u0111\u01b0\u1ee3c cu\u1ed1n tr\u00f4i nhanh ch\u00f3ng, mang l\u1ea1i b\u1ec1 m\u1eb7t s\u1ea1ch s\u1ebd v\u00e0 s\u00e1ng b\u00f3ng. M\u1ed9t y\u1ebfu t\u1ed1 kh\u00e1c khi\u1ebfn Daia \u0111\u01b0\u1ee3c \u01b0a chu\u1ed9ng ch\u00ednh l\u00e0 s\u1ef1 d\u1ecbu nh\u1eb9 v\u1edbi da tay, nhi\u1ec1u lo\u1ea1i n\u01b0\u1edbc r\u1eeda ch\u00e9n tr\u00ean th\u1ecb tr\u01b0\u1eddng c\u00f3 th\u1ec3 l\u00e0m da kh\u00f4 r\u00e1p, n\u1ee9t n\u1ebb khi ti\u1ebfp x\u00fac nhi\u1ec1u l\u1ea7n. Daia \u0111\u00e3 kh\u1eafc ph\u1ee5c \u0111i\u1ec3m n\u00e0y b\u1eb1ng c\u00e1ch b\u1ed5 sung chi\u1ebft xu\u1ea5t thi\u00ean nhi\u00ean, gi\u00fap c\u00e2n b\u1eb1ng gi\u1eefa kh\u1ea3 n\u0103ng t\u1ea9y r\u1eeda v\u00e0 s\u1ef1 an to\u00e0n, ng\u01b0\u1eddi d\u00f9ng c\u00f3 th\u1ec3 y\u00ean t\u00e2m r\u1eeda ch\u00e9n m\u1ed7i ng\u00e0y m\u00e0 kh\u00f4ng lo tay b\u1ecb k\u00edch \u1ee9ng hay kh\u00f4 s\u1ea7n.<\/p>\n<p data-start=\"750\" data-end=\"1187\"><img decoding=\"async\" class=\"aligncenter size-full wp-image-42036\" src=\"https:\/\/havamall.com\/wp-content\/uploads\/2025\/09\/4903367306555-3.jpg\" alt=\"\" width=\"800\" height=\"800\" \/><\/p>\n<p data-start=\"1566\" data-end=\"1808\">Kh\u00f4ng ch\u1ec9 t\u1eadp trung v\u00e0o kh\u1ea3 n\u0103ng l\u00e0m s\u1ea1ch, Daia c\u00f2n ch\u00fa tr\u1ecdng \u0111\u1ebfn tr\u1ea3i nghi\u1ec7m m\u00f9i h\u01b0\u01a1ng \u2013 y\u1ebfu t\u1ed1 gi\u00fap c\u00f4ng vi\u1ec7c n\u1ed9i tr\u1ee3 tr\u1edf n\u00ean d\u1ec5 ch\u1ecbu h\u01a1n. S\u1ea3n ph\u1ea9m \u0111\u01b0\u1ee3c ra m\u1eaft v\u1edbi nhi\u1ec1u l\u1ef1a ch\u1ecdn h\u01b0\u01a1ng th\u01a1m kh\u00e1c nhau, ph\u00f9 h\u1ee3p v\u1edbi t\u1eebng s\u1edf th\u00edch v\u00e0 nhu c\u1ea7u:<\/p>\n<p data-start=\"1810\" data-end=\"2324\">\u2013\u00a0<strong data-start=\"1812\" data-end=\"1837\">Pink Grapefruit Fresh<\/strong>: H\u01b0\u01a1ng b\u01b0\u1edfi h\u1ed3ng t\u01b0\u01a1i m\u00e1t, c\u00f3 kh\u1ea3 n\u0103ng kh\u1eed m\u00f9i tanh c\u1ee7a c\u00e1, h\u1ea3i s\u1ea3n v\u00e0 \u0111\u1ec3 l\u1ea1i c\u1ea3m gi\u00e1c s\u1ea3ng kho\u00e1i.<br data-start=\"1936\" data-end=\"1939\" \/>\u2013\u00a0<strong data-start=\"1941\" data-end=\"1955\">Lime Fresh<\/strong>: H\u01b0\u01a1ng chanh thanh khi\u1ebft, mang l\u1ea1i c\u1ea3m gi\u00e1c s\u1ea1ch s\u1ebd, ph\u00f9 h\u1ee3p v\u1edbi nh\u1eefng ai y\u00eau th\u00edch s\u1ef1 tinh g\u1ecdn, nh\u1eb9 nh\u00e0ng.<br data-start=\"2063\" data-end=\"2066\" \/>\u2013\u00a0<strong data-start=\"2068\" data-end=\"2083\">Olive Fresh<\/strong>: K\u1ebft h\u1ee3p chi\u1ebft xu\u1ea5t d\u1ea7u \u00f4 liu, gi\u00fap t\u0103ng kh\u1ea3 n\u0103ng gi\u1eef \u1ea9m, b\u1ea3o v\u1ec7 da tay v\u00e0 mang l\u1ea1i h\u01b0\u01a1ng th\u01a1m d\u1ecbu nh\u1eb9.<br data-start=\"2187\" data-end=\"2190\" \/>\u2013\u00a0<strong data-start=\"2192\" data-end=\"2208\">Orange Fresh<\/strong>: H\u01b0\u01a1ng cam ng\u1ecdt ng\u00e0o, d\u1ec5 ch\u1ecbu, th\u00edch h\u1ee3p v\u1edbi kh\u00f4ng gian b\u1ebfp gia \u0111\u00ecnh, t\u1ea1o c\u1ea3m gi\u00e1c th\u01b0 gi\u00e3n sau m\u1ed7i l\u1ea7n r\u1eeda ch\u00e9n.<\/p>\n<p data-start=\"2326\" data-end=\"2484\"><img decoding=\"async\" class=\"aligncenter size-full wp-image-42037\" src=\"https:\/\/havamall.com\/wp-content\/uploads\/2025\/09\/ruaa.png\" alt=\"\" width=\"800\" height=\"800\" \/><\/p>\n<p data-start=\"2486\" data-end=\"2928\">M\u1ed9t \u01b0u \u0111i\u1ec3m quan tr\u1ecdng c\u1ee7a n\u01b0\u1edbc r\u1eeda ch\u00e9n Daia l\u00e0 t\u00ednh ti\u1ec7n l\u1ee3i trong c\u00e1ch s\u1eed d\u1ee5ng, ng\u01b0\u1eddi d\u00f9ng c\u00f3 th\u1ec3 pha lo\u00e3ng \u0111\u1ec3 r\u1eeda s\u1ed1 l\u01b0\u1ee3ng ch\u00e9n b\u00e1t th\u00f4ng th\u01b0\u1eddng ho\u1eb7c d\u00f9ng tr\u1ef1c ti\u1ebfp v\u1edbi mi\u1ebfng b\u1ecdt bi\u1ec3n cho nh\u1eefng v\u1ebft b\u1ea9n c\u1ee9ng \u0111\u1ea7u. S\u1ea3n ph\u1ea9m d\u1ec5 d\u00e0ng t\u1ea1o b\u1ecdt v\u00e0 c\u0169ng d\u1ec5 d\u00e0ng r\u1eeda tr\u00f4i, kh\u00f4ng \u0111\u1ec3 l\u1ea1i c\u1ea3m gi\u00e1c nh\u1edbt hay m\u00f9i h\u00f3a ch\u1ea5t tr\u00ean b\u1ec1 m\u1eb7t ch\u00e9n \u0111\u0129a. Kh\u00f4ng d\u1eebng l\u1ea1i \u1edf hi\u1ec7u qu\u1ea3 t\u1ea9y r\u1eeda, Daia c\u00f2n mang \u0111\u1ebfn s\u1ef1 an t\u00e2m v\u1ec1 ch\u1ea5t l\u01b0\u1ee3ng nh\u1edd quy tr\u00ecnh s\u1ea3n xu\u1ea5t hi\u1ec7n \u0111\u1ea1i t\u1ea1i Nh\u1eadt B\u1ea3n. C\u00e1c ti\u00eau chu\u1ea9n nghi\u00eam ng\u1eb7t trong l\u1ef1a ch\u1ecdn nguy\u00ean li\u1ec7u, ki\u1ec3m so\u00e1t an to\u00e0n v\u00e0 \u0111\u00f3ng g\u00f3i gi\u00fap s\u1ea3n ph\u1ea9m \u0111\u1ebfn tay ng\u01b0\u1eddi ti\u00eau d\u00f9ng lu\u00f4n \u0111\u1ea1t ch\u1ea5t l\u01b0\u1ee3ng cao nh\u1ea5t.<\/p>\n<p data-start=\"2486\" data-end=\"2928\"><img loading=\"lazy\" decoding=\"async\" class=\"aligncenter  wp-image-42038\" src=\"https:\/\/havamall.com\/wp-content\/uploads\/2025\/09\/782cd57163e5572a83cfd3a46fa8a35e.jpg\" alt=\"\" width=\"800\" height=\"800\" \/><\/p>\n<p data-start=\"2486\" data-end=\"2928\">Trong b\u1ed1i c\u1ea3nh cu\u1ed9c s\u1ed1ng ng\u00e0y c\u00e0ng b\u1eadn r\u1ed9n, ng\u01b0\u1eddi ti\u00eau d\u00f9ng kh\u00f4ng ch\u1ec9 t\u00ecm ki\u1ebfm m\u1ed9t s\u1ea3n ph\u1ea9m r\u1eeda ch\u00e9n hi\u1ec7u qu\u1ea3 m\u00e0 c\u00f2n mong mu\u1ed1n m\u1ed9t gi\u1ea3i ph\u00e1p to\u00e0n di\u1ec7n: v\u1eeba s\u1ea1ch nhanh, v\u1eeba an to\u00e0n cho s\u1ee9c kh\u1ecfe, l\u1ea1i ti\u1ebft ki\u1ec7m v\u00e0 ti\u1ec7n l\u1ee3i. Daia Kitchen Detergent \u0111\u00e1p \u1ee9ng \u0111\u1ea7y \u0111\u1ee7 c\u00e1c ti\u00eau ch\u00ed n\u00e0y. V\u1edbi dung t\u00edch 600ml, s\u1ea3n ph\u1ea9m ph\u00f9 h\u1ee3p cho c\u1ea3 gia \u0111\u00ecnh nh\u1ecf ho\u1eb7c s\u1eed d\u1ee5ng trong th\u1eddi gian d\u00e0i, gi\u00fap gi\u1ea3m t\u1ea7n su\u1ea5t mua s\u1eafm v\u00e0 t\u1ed1i \u01b0u chi ph\u00ed. S\u1ea3n ph\u1ea9m hi\u1ec7n \u0111ang \u0111\u01b0\u1ee3c b\u00e1n t\u1ea1i Havamall.<\/p>","protected":false},"excerpt":{"rendered":"<p>TH\u00d4NG TIN CHUNG Th\u01b0\u01a1ng hi\u1ec7u Daia Xu\u1ea5t x\u1ee9 Nh\u1eadt B\u1ea3n Th\u00e0nh ph\u1ea7n Xem tr\u00ean bao b\u00ec H\u1ea1n s\u1eed d\u1ee5ng Xem<\/p>","protected":false},"featured_media":41647,"comment_status":"open","ping_status":"closed","template":"","meta":[],"product_brand":[],"product_cat":[393,675],"product_tag":[],"class_list":{"0":"post-41646","1":"product","2":"type-product","3":"status-publish","4":"has-post-thumbnail","6":"product_cat-bep-phong-an","7":"product_cat-nhap-khau-nhat-ban","9":"first","10":"instock","11":"sale","12":"shipping-taxable","13":"purchasable","14":"product-type-simple"},"_links":{"self":[{"href":"https:\/\/havamall.vn\/en\/wp-json\/wp\/v2\/product\/41646"}],"collection":[{"href":"https:\/\/havamall.vn\/en\/wp-json\/wp\/v2\/product"}],"about":[{"href":"https:\/\/havamall.vn\/en\/wp-json\/wp\/v2\/types\/product"}],"replies":[{"embeddable":true,"href":"https:\/\/havamall.vn\/en\/wp-json\/wp\/v2\/comments?post=41646"}],"version-history":[{"count":0,"href":"https:\/\/havamall.vn\/en\/wp-json\/wp\/v2\/product\/41646\/revisions"}],"wp:featuredmedia":[{"embeddable":true,"href":"https:\/\/havamall.vn\/en\/wp-json\/wp\/v2\/media\/41647"}],"wp:attachment":[{"href":"https:\/\/havamall.vn\/en\/wp-json\/wp\/v2\/media?parent=41646"}],"wp:term":[{"taxonomy":"product_brand","embeddable":true,"href":"https:\/\/havamall.vn\/en\/wp-json\/wp\/v2\/product_brand?post=41646"},{"taxonomy":"product_cat","embeddable":true,"href":"https:\/\/havamall.vn\/en\/wp-json\/wp\/v2\/product_cat?post=41646"},{"taxonomy":"product_tag","embeddable":true,"href":"https:\/\/havamall.vn\/en\/wp-json\/wp\/v2\/product_tag?post=41646"}],"curies":[{"name":"wp","href":"https:\/\/api.w.org\/{rel}","templated":true}]}}