{"id":41633,"date":"2025-09-13T15:44:52","date_gmt":"2025-09-13T08:44:52","guid":{"rendered":"https:\/\/havamall.vn\/?post_type=product&#038;p=41633"},"modified":"2025-09-13T15:44:54","modified_gmt":"2025-09-13T08:44:54","slug":"dau-olive-extra-virgin-ajinomoto-joyl-200g-ajinomoto-joyl-extra-virgin-olive-oil-200g","status":"publish","type":"product","link":"https:\/\/havamall.vn\/en\/shop\/dau-olive-extra-virgin-ajinomoto-joyl-200g-ajinomoto-joyl-extra-virgin-olive-oil-200g\/","title":{"rendered":"D\u1ea7u Olive Extra Virgin Ajinomoto Joyl 200g \u2013 Ajinomoto Joyl Extra Virgin Olive Oil 200g"},"content":{"rendered":"<blockquote>\n<h3><em><strong>TH\u00d4NG TIN S\u1ea2N PH\u1ea8M<\/strong><\/em><\/h3>\n<\/blockquote>\n<table style=\"width: 66.6667%;height: 229px\">\n<tbody>\n<tr>\n<td>Th\u01b0\u01a1ng hi\u1ec7u<\/td>\n<td>Ajinomoto Joyl<\/td>\n<\/tr>\n<tr>\n<td>Xu\u1ea5t x\u1ee9<\/td>\n<td>Nh\u1eadt B\u1ea3n<\/td>\n<\/tr>\n<tr>\n<td>Th\u00e0nh ph\u1ea7n<\/td>\n<td>Xem tr\u00ean bao b\u00ec<\/td>\n<\/tr>\n<tr>\n<td>H\u1ea1n s\u1eed d\u1ee5ng<\/td>\n<td>Xem tr\u00ean bao b\u00ec<\/td>\n<\/tr>\n<tr>\n<td>B\u1ea3o qu\u1ea3n<\/td>\n<td>N\u01a1i kh\u00f4 r\u00e1o, tho\u00e1ng; sau khi m\u1edf b\u1ea3o qu\u1ea3n l\u1ea1nh v\u00e0 d\u00f9ng trong v\u00e0i ng\u00e0y.<\/td>\n<\/tr>\n<tr>\n<td>Kh\u1ed1i l\u01b0\u1ee3ng<\/td>\n<td>200g<\/td>\n<\/tr>\n<\/tbody>\n<\/table>\n<p>D\u1ea7u \u00f4 liu t\u1eeb l\u00e2u \u0111\u00e3 \u0111\u01b0\u1ee3c coi l\u00e0 m\u1ed9t trong nh\u1eefng lo\u1ea1i d\u1ea7u \u0103n l\u00e0nh m\u1ea1nh v\u00e0 gi\u00e0u gi\u00e1 tr\u1ecb dinh d\u01b0\u1ee1ng nh\u1ea5t trong \u1ea9m th\u1ef1c th\u1ebf gi\u1edbi. T\u1eeb v\u00f9ng \u0110\u1ecba Trung H\u1ea3i, lo\u1ea1i d\u1ea7u n\u00e0y \u0111\u00e3 tr\u1edf th\u00e0nh n\u1ec1n t\u1ea3ng trong ch\u1ebf \u0111\u1ed9 \u0103n u\u1ed1ng c\u1ee7a ng\u01b0\u1eddi d\u00e2n n\u01a1i \u0111\u00e2y, g\u00f3p ph\u1ea7n t\u1ea1o n\u00ean l\u1ed1i s\u1ed1ng kh\u1ecfe m\u1ea1nh v\u00e0 tu\u1ed5i th\u1ecd cao. Ng\u00e0y nay, v\u1edbi s\u1ef1 ph\u00e1t tri\u1ec3n c\u1ee7a c\u00f4ng ngh\u1ec7 v\u00e0 th\u01b0\u01a1ng m\u1ea1i to\u00e0n c\u1ea7u, ng\u01b0\u1eddi ti\u00eau d\u00f9ng c\u00f3 th\u1ec3 d\u1ec5 d\u00e0ng ti\u1ebfp c\u1eadn d\u1ea7u \u00f4 liu ch\u1ea5t l\u01b0\u1ee3ng cao t\u1eeb nhi\u1ec1u th\u01b0\u01a1ng hi\u1ec7u uy t\u00edn.<\/p>\n<p><img fetchpriority=\"high\" decoding=\"async\" class=\"aligncenter  wp-image-42027\" src=\"https:\/\/havamall.com\/wp-content\/uploads\/2025\/09\/olive-oil.jpg\" alt=\"\" width=\"800\" height=\"542\" \/><\/p>\n<p>D\u1ea7u Olive Extra Virgin Ajinomoto Joyl \u0111\u01b0\u1ee3c l\u00e0m t\u1eeb 100% qu\u1ea3 \u00f4 liu T\u00e2y Ban Nha, n\u01a1i c\u00f3 kh\u00ed h\u1eadu v\u00e0 th\u1ed5 nh\u01b0\u1ee1ng l\u00fd t\u01b0\u1edfng \u0111\u1ec3 t\u1ea1o n\u00ean nh\u1eefng tr\u00e1i \u00f4 liu c\u0103ng m\u1ecdng, gi\u00e0u d\u01b0\u1ee1ng ch\u1ea5t. V\u1edbi ti\u00eau chu\u1ea9n \u201cextra virgin\u201d, d\u1ea7u \u0111\u01b0\u1ee3c \u00e9p ho\u00e0n to\u00e0n b\u1eb1ng ph\u01b0\u01a1ng ph\u00e1p \u00e9p l\u1ea1nh, kh\u00f4ng qua x\u1eed l\u00fd h\u00f3a ch\u1ea5t hay gia nhi\u1ec7t, nh\u1edd \u0111\u00f3 gi\u1eef nguy\u00ean tr\u1ecdn v\u1eb9n h\u01b0\u01a1ng v\u1ecb t\u1ef1 nhi\u00ean c\u0169ng nh\u01b0 h\u00e0m l\u01b0\u1ee3ng ch\u1ea5t ch\u1ed1ng oxy h\u00f3a qu\u00fd gi\u00e1.<\/p>\n<p><img decoding=\"async\" class=\"aligncenter  wp-image-42028\" src=\"https:\/\/havamall.com\/wp-content\/uploads\/2025\/09\/oliu-oil.webp\" alt=\"\" width=\"801\" height=\"534\" \/><\/p>\n<p data-start=\"1766\" data-end=\"2514\">D\u1ea7u Olive Extra Virgin Ajinomoto Joyl c\u00f3 m\u00e0u xanh v\u00e0ng \u00f3ng \u00e1nh \u0111\u1eb7c tr\u01b0ng, h\u01b0\u01a1ng th\u01a1m d\u1ecbu nh\u1eb9, v\u1ecb b\u00e9o m\u01b0\u1ee3t v\u00e0 tho\u00e1ng ch\u00fat ch\u00e1t nh\u1eb9 t\u1ef1 nhi\u00ean c\u1ee7a qu\u1ea3 \u00f4 liu. Ch\u00ednh s\u1ef1 h\u00e0i h\u00f2a n\u00e0y khi\u1ebfn s\u1ea3n ph\u1ea9m tr\u1edf n\u00ean linh ho\u1ea1t khi ch\u1ebf bi\u1ebfn. Ng\u01b0\u1eddi d\u00f9ng c\u00f3 th\u1ec3 s\u1eed d\u1ee5ng tr\u1ef1c ti\u1ebfp ho\u1eb7c k\u1ebft h\u1ee3p trong nhi\u1ec1u m\u00f3n \u0103n kh\u00e1c nhau. M\u1ed9t v\u00e0i c\u00e1ch s\u1eed d\u1ee5ng ph\u1ed5 bi\u1ebfn g\u1ed3m:<br data-start=\"2101\" data-end=\"2104\" \/>\u2013 Tr\u1ed9n salad c\u00f9ng rau c\u1ee7, c\u00e0 chua, ph\u00f4 mai ho\u1eb7c d\u00f9ng l\u00e0m n\u1ec1n cho n\u01b0\u1edbc s\u1ed1t vinaigrette.<br data-start=\"2190\" data-end=\"2193\" \/>\u2013 R\u01b0\u1edbi nh\u1eb9 l\u00ean b\u00e1nh m\u00ec n\u01b0\u1edbng ho\u1eb7c pizza \u0111\u1ec3 l\u00e0m d\u1eady h\u01b0\u01a1ng v\u1ecb.<br data-start=\"2253\" data-end=\"2256\" \/>\u2013 Th\u00eam v\u00e0o c\u00e1c m\u00f3n s\u00fap, pasta, m\u00ec \u00dd \u0111\u1ec3 t\u1ea1o \u0111\u1ed9 b\u00e9o ng\u1eady nh\u01b0ng kh\u00f4ng g\u00e2y ng\u00e1n.<br data-start=\"2332\" data-end=\"2335\" \/>\u2013 X\u00e0o nh\u1eb9 rau c\u1ee7 ho\u1eb7c \u00e1p ch\u1ea3o th\u1ecbt c\u00e1 \u0111\u1ec3 gi\u1eef \u0111\u1ed9 t\u01b0\u01a1i v\u00e0 kh\u00f4ng l\u00e0m m\u1ea5t h\u01b0\u01a1ng th\u01a1m t\u1ef1 nhi\u00ean.<br data-start=\"2425\" data-end=\"2428\" \/>\u2013 U\u1ed1ng tr\u1ef1c ti\u1ebfp m\u1ed9t th\u00eca nh\u1ecf m\u1ed7i ng\u00e0y nh\u01b0 m\u1ed9t c\u00e1ch b\u1ed5 sung ch\u1ea5t b\u00e9o t\u1ed1t cho c\u01a1 th\u1ec3.<\/p>\n<p><img decoding=\"async\" class=\"wp-image-42029\" src=\"https:\/\/havamall.com\/wp-content\/uploads\/2025\/09\/1406f95b-dau-olive-ajinomoto-extra-virgin.jpg\" alt=\"\" width=\"800\" height=\"800\" \/><\/p>\n<p data-start=\"2516\" data-end=\"3321\">Kh\u00f4ng ch\u1ec9 mang l\u1ea1i h\u01b0\u01a1ng v\u1ecb th\u01a1m ngon, d\u1ea7u \u00f4 liu c\u00f2n \u0111\u01b0\u1ee3c c\u00e1c chuy\u00ean gia dinh d\u01b0\u1ee1ng \u0111\u00e1nh gi\u00e1 cao nh\u1edd nh\u1eefng l\u1ee3i \u00edch s\u1ee9c kh\u1ecfe n\u1ed5i b\u1eadt. H\u00e0m l\u01b0\u1ee3ng axit b\u00e9o kh\u00f4ng b\u00e3o h\u00f2a \u0111\u01a1n trong d\u1ea7u gi\u00fap duy tr\u00ec m\u1ee9c cholesterol t\u1ed1t, h\u1ed7 tr\u1ee3 h\u1ec7 tim m\u1ea1ch v\u00e0 gi\u1ea3m nguy c\u01a1 m\u1eafc c\u00e1c b\u1ec7nh v\u1ec1 huy\u1ebft \u00e1p. B\u00ean c\u1ea1nh \u0111\u00f3, d\u1ea7u \u00f4 liu c\u00f2n ch\u1ee9a nhi\u1ec1u ch\u1ea5t ch\u1ed1ng oxy h\u00f3a t\u1ef1 nhi\u00ean nh\u01b0 polyphenol v\u00e0 vitamin E, c\u00f3 t\u00e1c d\u1ee5ng l\u00e0m ch\u1eadm qu\u00e1 tr\u00ecnh l\u00e3o h\u00f3a t\u1ebf b\u00e0o, b\u1ea3o v\u1ec7 c\u01a1 th\u1ec3 tr\u01b0\u1edbc t\u00e1c h\u1ea1i c\u1ee7a g\u1ed1c t\u1ef1 do. Ng\u01b0\u1eddi d\u00f9ng th\u01b0\u1eddng xuy\u00ean b\u1ed5 sung d\u1ea7u \u00f4 liu nguy\u00ean ch\u1ea5t trong ch\u1ebf \u0111\u1ed9 \u0103n u\u1ed1ng s\u1ebd c\u1ea3m nh\u1eadn \u0111\u01b0\u1ee3c s\u1ef1 thay \u0111\u1ed5i t\u00edch c\u1ef1c trong s\u1ee9c kh\u1ecfe, t\u1eeb l\u00e0n da m\u1ecbn m\u00e0ng h\u01a1n cho \u0111\u1ebfn h\u1ec7 ti\u00eau h\u00f3a ho\u1ea1t \u0111\u1ed9ng tr\u01a1n tru. Ngo\u00e0i ra, d\u1ea7u \u00f4 liu c\u00f2n \u0111\u01b0\u1ee3c nhi\u1ec1u ng\u01b0\u1eddi tin d\u00f9ng nh\u01b0 m\u1ed9t nguy\u00ean li\u1ec7u l\u00e0m \u0111\u1eb9p t\u1ef1 nhi\u00ean, c\u00f3 th\u1ec3 d\u01b0\u1ee1ng t\u00f3c, d\u01b0\u1ee1ng da nh\u1edd \u0111\u1eb7c t\u00ednh c\u1ea5p \u1ea9m v\u00e0 t\u00e1i t\u1ea1o t\u1ebf b\u00e0o.<\/p>\n<p data-start=\"2516\" data-end=\"3321\"><img loading=\"lazy\" decoding=\"async\" class=\"aligncenter  wp-image-42030\" src=\"https:\/\/havamall.com\/wp-content\/uploads\/2025\/09\/99c5312d-dau-olive-ajinomoto-ext.jpg\" alt=\"\" width=\"800\" height=\"800\" \/><\/p>\n<p data-start=\"2516\" data-end=\"3321\">Trong b\u1ed1i c\u1ea3nh ng\u00e0y c\u00e0ng nhi\u1ec1u ng\u01b0\u1eddi quan t\u00e2m \u0111\u1ebfn s\u1ee9c kh\u1ecfe v\u00e0 ch\u1ebf \u0111\u1ed9 \u0103n u\u1ed1ng khoa h\u1ecdc, vi\u1ec7c l\u1ef1a ch\u1ecdn m\u1ed9t lo\u1ea1i d\u1ea7u \u0103n v\u1eeba t\u1ed1t cho tim m\u1ea1ch v\u1eeba n\u00e2ng t\u1ea7m h\u01b0\u01a1ng v\u1ecb m\u00f3n \u0103n l\u00e0 \u0111i\u1ec1u c\u1ea7n thi\u1ebft. D\u1ea7u Olive Extra Virgin Ajinomoto Joyl 200g ch\u00ednh l\u00e0 s\u1ef1 l\u1ef1a ch\u1ecdn th\u00f4ng minh cho nh\u1eefng ai mong mu\u1ed1n k\u1ebft h\u1ee3p gi\u1eefa \u1ea9m th\u1ef1c ngon mi\u1ec7ng v\u00e0 l\u1ed1i s\u1ed1ng l\u00e0nh m\u1ea1nh. V\u1edbi ngu\u1ed3n nguy\u00ean li\u1ec7u \u00f4 liu cao c\u1ea5p t\u1eeb T\u00e2y Ban Nha, quy tr\u00ecnh \u00e9p l\u1ea1nh tinh khi\u1ebft v\u00e0 s\u1ef1 cam k\u1ebft ch\u1ea5t l\u01b0\u1ee3ng c\u1ee7a Ajinomoto, s\u1ea3n ph\u1ea9m mang \u0111\u1ebfn s\u1ef1 kh\u00e1c bi\u1ec7t trong t\u1eebng gi\u1ecdt d\u1ea7u.<\/p>\n<p data-start=\"2516\" data-end=\"3321\">S\u1ea3n ph\u1ea9m hi\u1ec7n c\u00f3 t\u1ea1i Havamall v\u1edbi ch\u1ea5t l\u01b0\u1ee3ng \u0111\u01b0\u1ee3c \u0111\u1ea3m b\u1ea3o, s\u1eb5n s\u00e0ng mang \u0111\u1ebfn cho b\u1ea1n nh\u1eefng b\u1eefa \u0103n v\u1eeba tr\u1ecdn v\u1eb9n h\u01b0\u01a1ng v\u1ecb, v\u1eeba gi\u00e0u dinh d\u01b0\u1ee1ng !<\/p>","protected":false},"excerpt":{"rendered":"<p>TH\u00d4NG TIN S\u1ea2N PH\u1ea8M Th\u01b0\u01a1ng hi\u1ec7u Ajinomoto Joyl Xu\u1ea5t x\u1ee9 Nh\u1eadt B\u1ea3n Th\u00e0nh ph\u1ea7n Xem tr\u00ean bao b\u00ec H\u1ea1n s\u1eed<\/p>","protected":false},"featured_media":41634,"comment_status":"open","ping_status":"closed","template":"","meta":[],"product_brand":[],"product_cat":[675,154],"product_tag":[],"class_list":{"0":"post-41633","1":"product","2":"type-product","3":"status-publish","4":"has-post-thumbnail","6":"product_cat-nhap-khau-nhat-ban","7":"product_cat-gia-vi","9":"first","10":"instock","11":"sale","12":"shipping-taxable","13":"purchasable","14":"product-type-simple"},"_links":{"self":[{"href":"https:\/\/havamall.vn\/en\/wp-json\/wp\/v2\/product\/41633"}],"collection":[{"href":"https:\/\/havamall.vn\/en\/wp-json\/wp\/v2\/product"}],"about":[{"href":"https:\/\/havamall.vn\/en\/wp-json\/wp\/v2\/types\/product"}],"replies":[{"embeddable":true,"href":"https:\/\/havamall.vn\/en\/wp-json\/wp\/v2\/comments?post=41633"}],"version-history":[{"count":0,"href":"https:\/\/havamall.vn\/en\/wp-json\/wp\/v2\/product\/41633\/revisions"}],"wp:featuredmedia":[{"embeddable":true,"href":"https:\/\/havamall.vn\/en\/wp-json\/wp\/v2\/media\/41634"}],"wp:attachment":[{"href":"https:\/\/havamall.vn\/en\/wp-json\/wp\/v2\/media?parent=41633"}],"wp:term":[{"taxonomy":"product_brand","embeddable":true,"href":"https:\/\/havamall.vn\/en\/wp-json\/wp\/v2\/product_brand?post=41633"},{"taxonomy":"product_cat","embeddable":true,"href":"https:\/\/havamall.vn\/en\/wp-json\/wp\/v2\/product_cat?post=41633"},{"taxonomy":"product_tag","embeddable":true,"href":"https:\/\/havamall.vn\/en\/wp-json\/wp\/v2\/product_tag?post=41633"}],"curies":[{"name":"wp","href":"https:\/\/api.w.org\/{rel}","templated":true}]}}