{"id":41614,"date":"2025-09-12T14:29:12","date_gmt":"2025-09-12T07:29:12","guid":{"rendered":"https:\/\/havamall.vn\/?post_type=product&#038;p=41614"},"modified":"2025-09-12T14:29:13","modified_gmt":"2025-09-12T07:29:13","slug":"keo-ngam-thao-moc-khong-duong-ricola-vi-nam-viet-quat-40g-ricola-cranberry-sugar-free-swiss-herb-drops-40g","status":"publish","type":"product","link":"https:\/\/havamall.vn\/en\/shop\/keo-ngam-thao-moc-khong-duong-ricola-vi-nam-viet-quat-40g-ricola-cranberry-sugar-free-swiss-herb-drops-40g\/","title":{"rendered":"K\u1eb9o Ng\u1eadm Th\u1ea3o M\u1ed9c Khong \u0110\u01b0\u1eddng Ricola V\u1ecb Nam Vi\u1ec7t Qu\u1ea5t 40g \u2013 Ricola Cranberry Sugar Free Swiss Herb Drops 40g"},"content":{"rendered":"<blockquote>\n<h3><em><strong>TH\u00d4NG TIN S\u1ea2N PH\u1ea8M<\/strong><\/em><\/h3>\n<\/blockquote>\n<table style=\"width: 94.4663%;height: 144px\">\n<tbody>\n<tr>\n<td>Th\u01b0\u01a1ng hi\u1ec7u<\/td>\n<td>Ricola<\/td>\n<\/tr>\n<tr>\n<td>Xu\u1ea5t x\u1ee9<\/td>\n<td>Th\u1ee5y S\u0129<\/td>\n<\/tr>\n<tr>\n<td>Th\u00e0nh ph\u1ea7n<\/td>\n<td>Cranberry, b\u1ea1c h\u00e0, x\u00f4 th\u01a1m, c\u1ecf x\u1ea1 h\u01b0\u01a1ng, c\u01a1m ch\u00e1y, horehound, c\u00f9ng h\u1ed7n h\u1ee3p th\u1ea3o m\u1ed9c Alps truy\u1ec1n th\u1ed1ng<\/td>\n<\/tr>\n<tr>\n<td>H\u1ea1n s\u1eed d\u1ee5ng<\/td>\n<td>Xem tr\u00ean bao b\u00ec<\/td>\n<\/tr>\n<tr>\n<td>\u0110\u1eb7c \u0111i\u1ec3m n\u1ed5i b\u1eadt<\/td>\n<td>Kh\u00f4ng \u0111\u01b0\u1eddng \u2013 h\u01b0\u01a1ng v\u1ecb chua ng\u1ecdt thanh m\u00e1t \u2013 h\u1ed7 tr\u1ee3 l\u00e0m d\u1ecbu c\u1ed5 h\u1ecdng v\u00e0 gi\u1eef h\u01a1i th\u1edf th\u01a1m tho.<\/td>\n<\/tr>\n<tr>\n<td>Kh\u1ed1i l\u01b0\u1ee3ng<\/td>\n<td>H\u1ed9p 40g<\/td>\n<\/tr>\n<\/tbody>\n<\/table>\n<p data-start=\"258\" data-end=\"699\">Nh\u1eafc \u0111\u1ebfn\u00a0<em><strong>Ricola<\/strong><\/em>, nhi\u1ec1u ng\u01b0\u1eddi nh\u1edb ngay \u0111\u1ebfn th\u01b0\u01a1ng hi\u1ec7u k\u1eb9o ng\u1eadm th\u1ea3o m\u1ed9c \u0111\u1ebfn t\u1eeb Th\u1ee5y S\u0129, n\u01a1i n\u1ed5i ti\u1ebfng v\u1edbi d\u00e3y Alps h\u00f9ng v\u0129 c\u00f9ng th\u1ea3m th\u1ef1c v\u1eadt phong ph\u00fa. Ra \u0111\u1eddi t\u1eeb n\u0103m 1930, Ricola v\u1eabn trung th\u00e0nh v\u1edbi tri\u1ebft l\u00fd: t\u1ea1o ra nh\u1eefng vi\u00ean ng\u1eadm t\u1ef1 nhi\u00ean, kh\u00f4ng \u0111\u01b0\u1eddng, k\u1ebft h\u1ee3p t\u1eeb nhi\u1ec1u lo\u1ea1i th\u1ea3o m\u1ed9c v\u00f9ng n\u00fai cao, kh\u00f4ng ch\u1ec9 l\u00e0 m\u1ed9t s\u1ea3n ph\u1ea9m k\u1eb9o ng\u1eadm, m\u00e0 c\u00f2n l\u00e0 c\u00e1ch ng\u01b0\u1eddi Th\u1ee5y S\u0129 \u0111\u01b0a y h\u1ecdc d\u00e2n gian v\u00e0 h\u01b0\u01a1ng v\u1ecb thi\u00ean nhi\u00ean \u0111\u1ebfn g\u1ea7n \u0111\u1eddi s\u1ed1ng hi\u1ec7n \u0111\u1ea1i.<\/p>\n<p data-start=\"701\" data-end=\"1164\">Trong s\u1ed1 nhi\u1ec1u h\u01b0\u01a1ng v\u1ecb,\u00a0<strong data-start=\"726\" data-end=\"746\">Ricola Cranberry<\/strong>\u00a0n\u1ed5i b\u1eadt v\u1edbi s\u1ef1 k\u1ebft h\u1ee3p gi\u1eefa h\u1ed7n h\u1ee3p th\u1ea3o m\u1ed9c truy\u1ec1n th\u1ed1ng v\u00e0\u00a0<strong><em>qu\u1ea3 nam vi\u1ec7t qu\u1ea5t (cranberry)<\/em><\/strong>. Cranberry v\u1ed1n \u0111\u01b0\u1ee3c bi\u1ebft \u0111\u1ebfn r\u1ed9ng r\u00e3i \u1edf ch\u00e2u \u00c2u v\u00e0 B\u1eafc M\u1ef9 nh\u1edd h\u00e0m l\u01b0\u1ee3ng ch\u1ea5t ch\u1ed1ng oxy h\u00f3a cao, \u0111\u1eb7c bi\u1ec7t l\u00e0 proanthocyanidins \u2013 h\u1ee3p ch\u1ea5t gi\u00fap h\u1ed7 tr\u1ee3 h\u1ec7 mi\u1ec5n d\u1ecbch v\u00e0 l\u00e0m ch\u1eadm qu\u00e1 tr\u00ecnh l\u00e3o h\u00f3a. Vi\u1ec7c \u0111\u01b0a lo\u1ea1i qu\u1ea3 n\u00e0y v\u00e0o vi\u00ean ng\u1eadm kh\u00f4ng ch\u1ec9 mang l\u1ea1i h\u01b0\u01a1ng v\u1ecb chua ng\u1ecdt d\u1ec5 ch\u1ecbu, m\u00e0 c\u00f2n n\u00e2ng cao gi\u00e1 tr\u1ecb dinh d\u01b0\u1ee1ng cho s\u1ea3n ph\u1ea9m.<\/p>\n<p data-start=\"701\" data-end=\"1164\"><img fetchpriority=\"high\" decoding=\"async\" class=\"aligncenter  wp-image-42009\" src=\"https:\/\/havamall.com\/wp-content\/uploads\/2025\/09\/487712470_18497069719003676_5278806041733466918_n.jpg\" alt=\"\" width=\"800\" height=\"800\" \/><\/p>\n<p data-start=\"1166\" data-end=\"1680\">\u0110i\u1ec3m kh\u00e1c bi\u1ec7t c\u1ee7a\u00a0<strong><em>Ricola Cranberry<\/em><\/strong>\u00a0so v\u1edbi c\u00e1c d\u00f2ng kh\u00e1c n\u1eb1m \u1edf h\u01b0\u01a1ng v\u1ecb c\u00e2n b\u1eb1ng. N\u1ebfu Ricola Original gi\u1eef v\u1ecb th\u1ea3o m\u1ed9c truy\u1ec1n th\u1ed1ng thanh m\u00e1t, Ricola Alpin Fresh mang h\u01a1i th\u1edf m\u00e1t l\u1ea1nh t\u1eeb b\u1ea1c h\u00e0 v\u00e0 c\u00e1c lo\u1ea1i l\u00e1 th\u01a1m, th\u00ec Ricola Cranberry l\u1ea1i c\u00f3 s\u1ef1 h\u00f2a quy\u1ec7n tinh t\u1ebf gi\u1eefa chua nh\u1eb9 c\u1ee7a qu\u1ea3 m\u1ecdng, v\u1ecb ng\u1ecdt thanh t\u1ef1 nhi\u00ean, v\u00e0 h\u1eadu v\u1ecb th\u1ea3o m\u1ed9c d\u1ecbu d\u00e0ng. C\u1ea3m gi\u00e1c khi ng\u1eadm l\u00e0 t\u1eebng l\u1edbp h\u01b0\u01a1ng v\u1ecb thay \u0111\u1ed5i: l\u00fac \u0111\u1ea7u chua nh\u1eb9 k\u00edch th\u00edch v\u1ecb gi\u00e1c, sau \u0111\u00f3 l\u00e0 v\u1ecb ng\u1ecdt d\u1ec5 ch\u1ecbu, r\u1ed3i cu\u1ed1i c\u00f9ng \u0111\u1ecdng l\u1ea1i c\u1ea3m gi\u00e1c m\u00e1t l\u00e0nh trong c\u1ed5 h\u1ecdng.<\/p>\n<p data-start=\"1166\" data-end=\"1680\"><img decoding=\"async\" class=\"aligncenter size-full wp-image-42012\" src=\"https:\/\/havamall.com\/wp-content\/uploads\/2025\/09\/crrr.png\" alt=\"\" width=\"800\" height=\"800\" \/><\/p>\n<p data-start=\"1682\" data-end=\"2076\">\u1ea4n t\u01b0\u1ee3ng b\u1edfi b\u1ea3ng th\u00e0nh ph\u1ea7n th\u1ea3o m\u1ed9c \u0111a d\u1ea1ng, bao g\u1ed3m b\u1ea1c h\u00e0, x\u00f4 th\u01a1m, c\u1ecf x\u1ea1 h\u01b0\u01a1ng, c\u01a1m ch\u00e1y, v\u00e0 horehound \u2013 nh\u1eefng lo\u1ea1i c\u00e2y v\u1ed1n \u0111\u01b0\u1ee3c d\u00f9ng trong y h\u1ecdc d\u00e2n gian \u0111\u1ec3 l\u00e0m d\u1ecbu h\u1ecdng, gi\u1ea3m k\u00edch \u1ee9ng \u0111\u01b0\u1eddng h\u00f4 h\u1ea5p v\u00e0 h\u1ed7 tr\u1ee3 ti\u00eau h\u00f3a. K\u1ebft h\u1ee3p c\u00f9ng cranberry gi\u00e0u vitamin C, vi\u00ean ng\u1eadm v\u1eeba \u0111em l\u1ea1i s\u1ef1 tho\u1ea3i m\u00e1i t\u1ee9c th\u00ec, v\u1eeba g\u00f3p ph\u1ea7n b\u1ea3o v\u1ec7 s\u1ee9c kh\u1ecfe \u0111\u01b0\u1eddng h\u00f4 h\u1ea5p v\u00e0 mi\u1ec5n d\u1ecbch m\u1ed7i ng\u00e0y.\u00a0Ricola Cranberry ho\u00e0n to\u00e0n\u00a0<strong data-start=\"2124\" data-end=\"2144\">kh\u00f4ng ch\u1ee9a \u0111\u01b0\u1eddng,\u00a0<\/strong>kh\u00f4ng ch\u1ec9 ph\u00f9 h\u1ee3p v\u1edbi nh\u1eefng ai c\u1ea7n h\u1ea1n ch\u1ebf \u0111\u01b0\u1eddng trong ch\u1ebf \u0111\u1ed9 \u0103n u\u1ed1ng, m\u00e0 c\u00f2n gi\u00fap b\u1ea3o v\u1ec7 r\u0103ng mi\u1ec7ng, thay v\u00ec s\u1eed d\u1ee5ng \u0111\u01b0\u1eddng tinh luy\u1ec7n, Ricola ch\u1ecdn ch\u1ea5t l\u00e0m ng\u1ecdt t\u1ef1 nhi\u00ean c\u00f3 ngu\u1ed3n g\u1ed1c th\u1ef1c v\u1eadt, v\u1eeba gi\u1eef \u0111\u01b0\u1ee3c v\u1ecb ngon, v\u1eeba an to\u00e0n h\u01a1n cho s\u1ee9c kh\u1ecfe l\u00e2u d\u00e0i.<\/p>\n<p data-start=\"1682\" data-end=\"2076\"><img decoding=\"async\" class=\"aligncenter  wp-image-42010\" src=\"https:\/\/havamall.com\/wp-content\/uploads\/2025\/09\/z6999527799372_a4fbdedebe8d33cd89bedcea026dd08a.jpg\" alt=\"\" width=\"801\" height=\"690\" \/><\/p>\n<p data-start=\"2881\" data-end=\"3234\">Kh\u00f4ng d\u1eebng l\u1ea1i \u1edf c\u00f4ng d\u1ee5ng \u201cl\u00e0m d\u1ecbu c\u1ed5 h\u1ecdng\u201d, vi\u00ean ng\u1eadm cranberry c\u00f2n l\u00e0 m\u1ed9t c\u00e1ch b\u1ed5 sung c\u1ea3m gi\u00e1c th\u01b0 gi\u00e3n trong ng\u00e0y. V\u1ecb chua ng\u1ecdt nh\u1eb9 nh\u00e0ng c\u1ee7a qu\u1ea3 m\u1ecdng khi\u1ebfn ng\u01b0\u1eddi d\u00f9ng c\u1ea3m th\u1ea5y t\u1ec9nh t\u00e1o h\u01a1n, gi\u1ea3m b\u1edbt c\u0103ng th\u1eb3ng trong nh\u1eefng l\u00fac l\u00e0m vi\u1ec7c ho\u1eb7c c\u1ea7n m\u1ed9t s\u1ef1 kh\u1edfi \u0111\u1ea7u m\u1edbi m\u1ebb gi\u1eefa ng\u00e0y d\u00e0i.<\/p>\n<p data-start=\"3236\" data-end=\"3617\">\u1ede g\u00f3c \u0111\u1ed9 dinh d\u01b0\u1ee1ng, cranberry t\u1eeb l\u00e2u \u0111\u00e3 \u0111\u01b0\u1ee3c nghi\u00ean c\u1ee9u v\u1edbi kh\u1ea3 n\u0103ng h\u1ed7 tr\u1ee3 s\u1ee9c kh\u1ecfe \u0111\u01b0\u1eddng ti\u1ebft ni\u1ec7u, nh\u1edd h\u1ee3p ch\u1ea5t c\u00f3 kh\u1ea3 n\u0103ng ng\u0103n ng\u1eeba vi khu\u1ea9n b\u00e1m d\u00ednh. D\u00f9 h\u00e0m l\u01b0\u1ee3ng trong vi\u00ean ng\u1eadm kh\u00f4ng th\u1ec3 thay th\u1ebf th\u1ef1c ph\u1ea9m ch\u1ee9c n\u0103ng, s\u1ef1 hi\u1ec7n di\u1ec7n c\u1ee7a cranberry trong Ricola c\u0169ng t\u1ea1o th\u00eam m\u1ed9t gi\u00e1 tr\u1ecb c\u1ed9ng h\u01b0\u1edfng: v\u1eeba l\u00e0 h\u01b0\u01a1ng v\u1ecb, v\u1eeba l\u00e0 ngu\u1ed3n c\u1ea3m h\u1ee9ng t\u1eeb m\u1ed9t lo\u1ea1i qu\u1ea3 c\u00f3 l\u1ee3i cho s\u1ee9c kh\u1ecfe.<\/p>\n<p data-start=\"3236\" data-end=\"3617\"><img loading=\"lazy\" decoding=\"async\" class=\"aligncenter  wp-image-42011\" src=\"https:\/\/havamall.com\/wp-content\/uploads\/2025\/09\/keo-nam-viet-quoc-ricola-khong-duong-40g-201812041446591173.jpg\" alt=\"\" width=\"800\" height=\"600\" \/><\/p>\n<p data-start=\"3619\" data-end=\"4028\">C\u00f3 th\u1ec3 th\u1ea5y, Ricola Cranberry kh\u00f4ng \u0111\u01a1n gi\u1ea3n l\u00e0 m\u1ed9t vi\u00ean k\u1eb9o ng\u1eadm, m\u00e0 l\u00e0 s\u1ef1 k\u1ebft n\u1ed1i gi\u1eefa th\u1ea3o m\u1ed9c truy\u1ec1n th\u1ed1ng Th\u1ee5y S\u0129 v\u00e0 tr\u00e1i c\u00e2y hi\u1ec7n \u0111\u1ea1i, gi\u1eefa c\u00f4ng d\u1ee5ng ch\u0103m s\u00f3c c\u1ed5 h\u1ecdng v\u00e0 ni\u1ec1m vui t\u1eadn h\u01b0\u1edfng h\u01b0\u01a1ng v\u1ecb m\u1edbi m\u1ebb. Trong nh\u1ecbp s\u1ed1ng b\u1eadn r\u1ed9n ng\u00e0y nay, vi\u1ec7c gi\u1eef cho b\u1ea3n th\u00e2n m\u1ed9t th\u00f3i quen nh\u1ecf \u2013 ng\u1eadm m\u1ed9t vi\u00ean Ricola khi c\u1ea7n \u2013 v\u1eeba l\u00e0 c\u00e1ch b\u1ea3o v\u1ec7 s\u1ee9c kh\u1ecfe, v\u1eeba mang l\u1ea1i c\u1ea3m gi\u00e1c tho\u1ea3i m\u00e1i h\u01a1n trong t\u1eebng kho\u1ea3nh kh\u1eafc.\u00a0S\u1ea3n ph\u1ea9m hi\u1ec7n \u0111ang \u0111\u01b0\u1ee3c b\u00e1n tr\u1ef1c ti\u1ebfp t\u1ea1i c\u1eeda h\u00e0ng, cung nh\u01b0 tr\u00ean c\u00e1c k\u00eanh online c\u1ee7a Havamall.<\/p>","protected":false},"excerpt":{"rendered":"<p>TH\u00d4NG TIN S\u1ea2N PH\u1ea8M Th\u01b0\u01a1ng hi\u1ec7u Ricola Xu\u1ea5t x\u1ee9 Th\u1ee5y S\u0129 Th\u00e0nh ph\u1ea7n Cranberry, b\u1ea1c h\u00e0, x\u00f4 th\u01a1m, c\u1ecf x\u1ea1<\/p>","protected":false},"featured_media":41624,"comment_status":"open","ping_status":"closed","template":"","meta":[],"product_brand":[],"product_cat":[677,133],"product_tag":[],"class_list":{"0":"post-41614","1":"product","2":"type-product","3":"status-publish","4":"has-post-thumbnail","6":"product_cat-cac-nuoc-khac","7":"product_cat-banh-keo-chocolate","9":"first","10":"instock","11":"sale","12":"shipping-taxable","13":"purchasable","14":"product-type-simple"},"_links":{"self":[{"href":"https:\/\/havamall.vn\/en\/wp-json\/wp\/v2\/product\/41614"}],"collection":[{"href":"https:\/\/havamall.vn\/en\/wp-json\/wp\/v2\/product"}],"about":[{"href":"https:\/\/havamall.vn\/en\/wp-json\/wp\/v2\/types\/product"}],"replies":[{"embeddable":true,"href":"https:\/\/havamall.vn\/en\/wp-json\/wp\/v2\/comments?post=41614"}],"version-history":[{"count":0,"href":"https:\/\/havamall.vn\/en\/wp-json\/wp\/v2\/product\/41614\/revisions"}],"wp:featuredmedia":[{"embeddable":true,"href":"https:\/\/havamall.vn\/en\/wp-json\/wp\/v2\/media\/41624"}],"wp:attachment":[{"href":"https:\/\/havamall.vn\/en\/wp-json\/wp\/v2\/media?parent=41614"}],"wp:term":[{"taxonomy":"product_brand","embeddable":true,"href":"https:\/\/havamall.vn\/en\/wp-json\/wp\/v2\/product_brand?post=41614"},{"taxonomy":"product_cat","embeddable":true,"href":"https:\/\/havamall.vn\/en\/wp-json\/wp\/v2\/product_cat?post=41614"},{"taxonomy":"product_tag","embeddable":true,"href":"https:\/\/havamall.vn\/en\/wp-json\/wp\/v2\/product_tag?post=41614"}],"curies":[{"name":"wp","href":"https:\/\/api.w.org\/{rel}","templated":true}]}}