{"id":41607,"date":"2025-09-11T16:45:37","date_gmt":"2025-09-11T09:45:37","guid":{"rendered":"https:\/\/havamall.vn\/?post_type=product&#038;p=41607"},"modified":"2025-12-17T08:20:02","modified_gmt":"2025-12-17T01:20:02","slug":"keo-thao-moc-khong-duong-ricola-vi-original-40g-ricola-sugar-free-original-swiss-herb-candy-40g","status":"publish","type":"product","link":"https:\/\/havamall.vn\/en\/shop\/keo-thao-moc-khong-duong-ricola-vi-original-40g-ricola-sugar-free-original-swiss-herb-candy-40g\/","title":{"rendered":"K\u1eb9o Th\u1ea3o M\u1ed9c Kh\u00f4ng \u0110\u01b0\u1eddng Ricola V\u1ecb Original 40g \u2013 Ricola Sugar Free Original Swiss Herb Candy 40g"},"content":{"rendered":"<blockquote>\n<h3><em><strong>TH\u00d4NG TIN S\u1ea2N PH\u1ea8M<\/strong><\/em><\/h3>\n<\/blockquote>\n<table style=\"width: 94.4663%\">\n<tbody>\n<tr>\n<td style=\"width: 11.6771%\">Th\u01b0\u01a1ng hi\u1ec7u<\/td>\n<td style=\"width: 87.6959%\">Ricola<\/td>\n<\/tr>\n<tr>\n<td style=\"width: 11.6771%\">Xu\u1ea5t x\u1ee9<\/td>\n<td style=\"width: 87.6959%\">Th\u1ee5y S\u0129<\/td>\n<\/tr>\n<tr>\n<td style=\"width: 11.6771%\">Th\u00e0nh ph\u1ea7n<\/td>\n<td style=\"width: 87.6959%\">Chi\u1ebft xu\u1ea5t 13 lo\u1ea1i th\u1ea3o m\u1ed9c v\u00f9ng Alps (b\u1ea1c h\u00e0, x\u00f4 th\u01a1m, c\u00fac, c\u00e2y c\u01a1m ch\u00e1y, m\u00e3 \u0111\u1ec1, t\u00eda t\u00f4 \u0111\u1ea5t, c\u1ecf thi, c\u00e2y mallow\u2026), ch\u1ea5t t\u1ea1o ng\u1ecdt t\u1ef1 nhi\u00ean, h\u01b0\u01a1ng li\u1ec7u t\u1ef1 nhi\u00ean.<\/td>\n<\/tr>\n<tr>\n<td style=\"width: 11.6771%\">H\u1ea1n s\u1eed d\u1ee5ng<\/td>\n<td style=\"width: 87.6959%\">Xem tr\u00ean bao b\u00ec<\/td>\n<\/tr>\n<tr>\n<td style=\"width: 11.6771%\">\u0110\u1eb7c \u0111i\u1ec3m n\u1ed5i b\u1eadt<\/td>\n<td style=\"width: 87.6959%\">Kh\u00f4ng \u0111\u01b0\u1eddng \u2013 h\u01b0\u01a1ng v\u1ecb thanh m\u00e1t \u2013 t\u1ed1t cho gi\u1ecdng v\u00e0 h\u01a1i th\u1edf.<\/td>\n<\/tr>\n<tr>\n<td style=\"width: 11.6771%\">Kh\u1ed1i l\u01b0\u1ee3ng<\/td>\n<td style=\"width: 87.6959%\">H\u1ed9p 40g<\/td>\n<\/tr>\n<\/tbody>\n<\/table>\n<p data-start=\"357\" data-end=\"801\"><strong>Ricola<\/strong>\u00a0\u2013 th\u01b0\u01a1ng hi\u1ec7u \u0111\u00e3 tr\u1edf th\u00e0nh bi\u1ec3u t\u01b0\u1ee3ng c\u1ee7a Th\u1ee5y S\u0129 trong vi\u1ec7c k\u1ebft h\u1ee3p truy\u1ec1n th\u1ed1ng l\u00e2u \u0111\u1eddi v\u1edbi khoa h\u1ecdc hi\u1ec7n \u0111\u1ea1i \u0111\u1ec3 t\u1ea1o ra nh\u1eefng vi\u00ean k\u1eb9o nh\u1ecf b\u00e9 nh\u01b0ng gi\u00e0u gi\u00e1 tr\u1ecb. Ra \u0111\u1eddi t\u1eeb n\u0103m 1930, Ricola \u0111\u00e3 kh\u1eb3ng \u0111\u1ecbnh ch\u1ed7 \u0111\u1ee9ng c\u1ee7a m\u00ecnh tr\u00ean to\u00e0n c\u1ea7u, kh\u00f4ng ch\u1ec9 b\u1edfi h\u01b0\u01a1ng v\u1ecb d\u1ec5 ch\u1ecbu m\u00e0 c\u00f2n nh\u1edd tri\u1ebft l\u00fd g\u1eafn li\u1ec1n v\u1edbi thi\u00ean nhi\u00ean: \u201cm\u1ed7i vi\u00ean k\u1eb9o l\u00e0 s\u1ef1 h\u00f2a quy\u1ec7n tinh khi\u1ebft c\u1ee7a n\u00fai r\u1eebng Alps\u201d.<\/p>\n<p data-start=\"357\" data-end=\"801\"><img fetchpriority=\"high\" decoding=\"async\" class=\"aligncenter wp-image-41991\" src=\"https:\/\/havamall.com\/wp-content\/uploads\/2025\/09\/487794894_18497069767003676_7548587438927845016_n.jpg\" alt=\"\" width=\"800\" height=\"793\" \/><\/p>\n<p data-start=\"803\" data-end=\"1231\">\u0110i\u1ec3m \u0111\u1eb7c bi\u1ec7t nh\u1ea5t trong c\u00f4ng th\u1ee9c Ricola ch\u00ednh l\u00e0\u00a0<strong data-start=\"854\" data-end=\"882\">h\u1ed7n h\u1ee3p 13 lo\u1ea1i th\u1ea3o m\u1ed9c<\/strong>\u00a0qu\u00fd hi\u1ebfm, \u0111\u01b0\u1ee3c nu\u00f4i tr\u1ed3ng \u1edf v\u00f9ng n\u00fai Alps n\u1ed5i ti\u1ebfng v\u1ec1 s\u1ef1 trong l\u00e0nh. Nh\u1eefng c\u00e1i t\u00ean quen thu\u1ed9c nh\u01b0<strong><em>\u00a0b\u1ea1c h\u00e0, x\u00f4 th\u01a1m, m\u00e3 \u0111\u1ec1, c\u01a1m ch\u00e1y, c\u00fac d\u1ea1i, mallow, t\u00eda t\u00f4 \u0111\u1ea5t\u2026<\/em>\u00a0<\/strong>\u0111\u1ec1u g\u00f3p m\u1eb7t, t\u1ea1o n\u00ean m\u1ed9t s\u1ef1 c\u00e2n b\u1eb1ng h\u01b0\u01a1ng v\u1ecb tinh t\u1ebf, ch\u1ee9 kh\u00f4ng \u0111\u01a1n thu\u1ea7n l\u00e0 m\u1ed9t vi\u00ean k\u1eb9o, m\u00e0 gi\u1ed1ng nh\u01b0 m\u1ed9t b\u00e0i thu\u1ed1c nh\u1ecf b\u00e9, gi\u00fap xoa d\u1ecbu c\u1ed5 h\u1ecdng v\u00e0 mang l\u1ea1i s\u1ef1 th\u01b0 gi\u00e3n t\u1ef1 nhi\u00ean.<\/p>\n<p data-start=\"803\" data-end=\"1231\"><img decoding=\"async\" class=\"aligncenter wp-image-41992\" src=\"https:\/\/havamall.com\/wp-content\/uploads\/2025\/09\/a.jpg\" alt=\"\" width=\"800\" height=\"647\" \/><\/p>\n<p data-start=\"1233\" data-end=\"1867\">\u0110i\u1ec1u khi\u1ebfn nhi\u1ec1u ng\u01b0\u1eddi \u01b0a chu\u1ed9ng d\u00f2ng\u00a0<strong data-start=\"1271\" data-end=\"1283\">Original<\/strong>\u00a0ch\u00ednh l\u00e0 s\u1ef1 trung th\u00e0nh v\u1edbi c\u00f4ng th\u1ee9c c\u1ed5 \u0111i\u1ec3n. Kh\u00e1c v\u1edbi nh\u1eefng h\u01b0\u01a1ng v\u1ecb bi\u1ebfn t\u1ea5u hi\u1ec7n \u0111\u1ea1i, Original gi\u1eef nguy\u00ean b\u1ea3n ch\u1ea5t m\u1ed9c m\u1ea1c v\u00e0 thu\u1ea7n khi\u1ebft, \u0111\u1ec3 ng\u01b0\u1eddi th\u01b0\u1edfng th\u1ee9c c\u1ea3m nh\u1eadn r\u00f5 r\u1ec7t s\u1ef1 giao h\u00f2a c\u1ee7a th\u1ea3o m\u1ed9c truy\u1ec1n th\u1ed1ng. M\u1ed9t \u0111i\u1ec3m c\u1ed9ng l\u1edbn n\u1eefa l\u00e0\u00a0<strong data-start=\"1528\" data-end=\"1548\">kh\u00f4ng ch\u1ee9a \u0111\u01b0\u1eddng,\u00a0<\/strong>thay v\u00e0o \u0111\u00f3, Ricola s\u1eed d\u1ee5ng ch\u1ea5t t\u1ea1o ng\u1ecdt t\u1ef1 nhi\u00ean, v\u1eeba \u0111\u1ea3m b\u1ea3o v\u1ecb thanh d\u1ecbu, v\u1eeba an to\u00e0n cho ng\u01b0\u1eddi \u0103n ki\u00eang ho\u1eb7c c\u1ea7n h\u1ea1n ch\u1ebf \u0111\u01b0\u1eddng, c\u0169ng l\u00e0 l\u00fd do s\u1ea3n ph\u1ea9m tr\u1edf th\u00e0nh l\u1ef1a ch\u1ecdn quen thu\u1ed9c cho gi\u1edbi v\u0103n ph\u00f2ng, ng\u01b0\u1eddi th\u01b0\u1eddng xuy\u00ean ph\u1ea3i n\u00f3i nhi\u1ec1u, ho\u1eb7c \u0111\u01a1n gi\u1ea3n l\u00e0 nh\u1eefng ai y\u00eau th\u00edch h\u01b0\u01a1ng v\u1ecb t\u1ef1 nhi\u00ean v\u00e0 s\u1ef1 nh\u1eb9 nh\u00e0ng.<\/p>\n<p data-start=\"1233\" data-end=\"1867\"><img decoding=\"async\" class=\"aligncenter wp-image-41993\" src=\"https:\/\/havamall.com\/wp-content\/uploads\/2025\/09\/a-1.jpg\" alt=\"\" width=\"801\" height=\"825\" \/><\/p>\n<p data-start=\"1869\" data-end=\"2445\">Quy tr\u00ecnh s\u1ea3n xu\u1ea5t Ricola \u0111\u01b0\u1ee3c ki\u1ec3m so\u00e1t ch\u1eb7t ch\u1ebd t\u1eeb kh\u00e2u tr\u1ed3ng tr\u1ecdt, thu ho\u1ea1ch cho \u0111\u1ebfn chi\u1ebft xu\u1ea5t, c\u00e1c lo\u1ea1i th\u1ea3o m\u1ed9c \u0111\u01b0\u1ee3c gieo tr\u1ed3ng trong \u0111i\u1ec1u ki\u1ec7n kh\u00ed h\u1eadu l\u00fd t\u01b0\u1edfng, ho\u00e0n to\u00e0n kh\u00f4ng s\u1eed d\u1ee5ng thu\u1ed1c b\u1ea3o v\u1ec7 th\u1ef1c v\u1eadt hay ph\u00e2n b\u00f3n h\u00f3a h\u1ecdc. Khi \u0111\u1ebfn m\u00f9a, ch\u00fang \u0111\u01b0\u1ee3c thu ho\u1ea1ch th\u1ee7 c\u00f4ng \u0111\u1ec3 gi\u1eef l\u1ea1i h\u00e0m l\u01b0\u1ee3ng tinh ch\u1ea5t cao nh\u1ea5t. Sau \u0111\u00f3, th\u1ea3o m\u1ed9c \u0111\u01b0\u1ee3c s\u1ea5y kh\u00f4, nghi\u1ec1n nh\u1ecf, chi\u1ebft xu\u1ea5t v\u00e0 ph\u1ed1i tr\u1ed9n theo c\u00f4ng th\u1ee9c \u0111\u1ed9c quy\u1ec1n \u0111\u00e3 \u0111\u01b0\u1ee3c gia \u0111\u00ecnh Richterich l\u01b0u truy\u1ec1n qua nhi\u1ec1u th\u1ebf h\u1ec7.<\/p>\n<p data-start=\"1869\" data-end=\"2445\"><img loading=\"lazy\" decoding=\"async\" class=\"aligncenter\" src=\"https:\/\/havamall.com\/wp-content\/uploads\/2025\/09\/71v3clADTyL.jpg\" alt=\"Ricolaoriginal Sugar Free Swiss Herbal Sweets Herb Drops Sweet Box | Desertcart INDIA\" width=\"800\" height=\"800\" \/><\/p>\n<p data-start=\"2447\" data-end=\"2937\">V\u1ec1 h\u01b0\u01a1ng v\u1ecb,\u00a0<em><strong>Ricola Original<\/strong><\/em>\u00a0\u0111em \u0111\u1ebfn m\u1ed9t tr\u1ea3i nghi\u1ec7m th\u00fa v\u1ecb, ngay khi ng\u1eadm, b\u1ea1n s\u1ebd c\u1ea3m nh\u1eadn \u0111\u01b0\u1ee3c\u00a0<strong><em>l\u1edbp v\u1ecb th\u1ea3o m\u1ed9c lan t\u1ecfa d\u1ecbu d\u00e0ng, thoang tho\u1ea3ng m\u00f9i b\u1ea1c h\u00e0 m\u00e1t l\u1ea1nh xen l\u1eabn h\u01b0\u01a1ng th\u1ea3o d\u01b0\u1ee3c h\u01a1i \u0111\u0103ng \u0111\u1eafng<\/em>\u00a0<\/strong>nh\u01b0ng l\u1ea1i r\u1ea5t c\u00e2n b\u1eb1ng, k\u1eb9o tan ch\u1eadm, khi\u1ebfn c\u1ea3m gi\u00e1c d\u1ec5 ch\u1ecbu k\u00e9o d\u00e0i, nh\u01b0 m\u1ed9t d\u00f2ng ch\u1ea3y nh\u1eb9 nh\u00e0ng l\u00e0m m\u00e1t c\u1ed5 h\u1ecdng v\u00e0 tinh th\u1ea7n. So v\u1edbi c\u00e1c lo\u1ea1i k\u1eb9o ng\u1ecdt th\u00f4ng th\u01b0\u1eddng, Ricola kh\u00f4ng g\u00e2y ng\u1ea5y, m\u00e0 \u0111\u1ec3 l\u1ea1i d\u01b0 v\u1ecb thanh tho\u00e1t, tinh khi\u1ebft, \u0111\u00fang ch\u1ea5t \u201cm\u00f3n qu\u00e0 t\u1eeb thi\u00ean nhi\u00ean Th\u1ee5y S\u0129\u201d.<\/p>\n<blockquote>\n<p data-start=\"2447\" data-end=\"2937\"><span style=\"font-size: 18pt\"><em><strong>C\u00c1CH S\u1eec D\u1ee4NG<\/strong><\/em><\/span><\/p>\n<\/blockquote>\n<p data-start=\"2036\" data-end=\"2234\">\u2013 Ng\u1eadm tr\u1ef1c ti\u1ebfp khi mu\u1ed1n l\u00e0m d\u1ecbu c\u1ed5 h\u1ecdng.<br data-start=\"2078\" data-end=\"2081\" \/>\u2013 S\u1eed d\u1ee5ng sau khi n\u00f3i nhi\u1ec1u, h\u00e1t ho\u1eb7c thuy\u1ebft tr\u00ecnh \u0111\u1ec3 l\u00e0m m\u00e1t gi\u1ecdng.<br data-start=\"2149\" data-end=\"2152\" \/>\u2013 Th\u01b0\u1edfng th\u1ee9c nh\u01b0 m\u00f3n k\u1eb9o nh\u1eb9 nh\u00e0ng gi\u00fap h\u01a1i th\u1edf th\u01a1m m\u00e1t v\u00e0 tinh th\u1ea7n t\u1ec9nh t\u00e1o.<\/p>\n<p data-start=\"2036\" data-end=\"2234\"><img loading=\"lazy\" decoding=\"async\" class=\"aligncenter wp-image-41994\" src=\"https:\/\/havamall.com\/wp-content\/uploads\/2025\/09\/keo-thao-moc-ricola-original-goi-175g-202211230904401744.jpg\" alt=\"\" width=\"800\" height=\"600\" \/><\/p>\n<blockquote>\n<p data-start=\"2036\" data-end=\"2234\"><span style=\"font-size: 18pt\"><em><strong>C\u00d4NG D\u1ee4NG:<\/strong><\/em><\/span><\/p>\n<\/blockquote>\n<p data-start=\"2261\" data-end=\"2474\">\u2013 L\u00e0m d\u1ecbu c\u1ed5 h\u1ecdng, gi\u1ea3m c\u1ea3m gi\u00e1c kh\u00f4 r\u00e1t.<br data-start=\"2302\" data-end=\"2305\" \/>\u2013 Gi\u00fap h\u01a1i th\u1edf th\u01a1m m\u00e1t, d\u1ec5 ch\u1ecbu.<br data-start=\"2338\" data-end=\"2341\" \/>\u2013 H\u1ed7 tr\u1ee3 gi\u1ea3m c\u0103ng th\u1eb3ng nh\u1edd h\u01b0\u01a1ng th\u1ea3o m\u1ed9c t\u1ef1 nhi\u00ean.<br data-start=\"2394\" data-end=\"2397\" \/>\u2013 Kh\u00f4ng ch\u1ee9a \u0111\u01b0\u1eddng, an to\u00e0n cho ng\u01b0\u1eddi \u0103n ki\u00eang ho\u1eb7c ng\u01b0\u1eddi c\u1ea7n h\u1ea1n ch\u1ebf ng\u1ecdt.<\/p>\n<p data-start=\"2500\" data-end=\"2698\">Ricola Original kh\u00f4ng ch\u1ec9 l\u00e0 m\u1ed9t vi\u00ean k\u1eb9o, m\u00e0 c\u00f2n l\u00e0 b\u00ed quy\u1ebft \u0111\u1ec3 ch\u0103m s\u00f3c gi\u1ecdng n\u00f3i v\u00e0 h\u01a1i th\u1edf m\u1ed7i ng\u00e0y. H\u00e3y lu\u00f4n mang theo m\u1ed9t h\u1ed9p nh\u1ecf \u0111\u1ec3 s\u1eb5n s\u00e0ng t\u1eadn h\u01b0\u1edfng s\u1ef1 th\u01b0 gi\u00e3n v\u00e0 d\u1ec5 ch\u1ecbu b\u1ea5t c\u1ee9 l\u00fac n\u00e0o. S\u1ea3n ph\u1ea9m hi\u1ec7n \u0111ang \u0111\u01b0\u1ee3c b\u00e1n tr\u1ef1c ti\u1ebfp t\u1ea1i c\u1eeda h\u00e0ng, cung nh\u01b0 tr\u00ean c\u00e1c k\u00eanh online c\u1ee7a Havamall.<\/p>","protected":false},"excerpt":{"rendered":"<p>TH\u00d4NG TIN S\u1ea2N PH\u1ea8M Th\u01b0\u01a1ng hi\u1ec7u Ricola Xu\u1ea5t x\u1ee9 Th\u1ee5y S\u0129 Th\u00e0nh ph\u1ea7n Chi\u1ebft xu\u1ea5t 13 lo\u1ea1i th\u1ea3o m\u1ed9c v\u00f9ng<\/p>","protected":false},"featured_media":41608,"comment_status":"open","ping_status":"closed","template":"","meta":[],"product_brand":[],"product_cat":[677,133],"product_tag":[],"class_list":{"0":"post-41607","1":"product","2":"type-product","3":"status-publish","4":"has-post-thumbnail","6":"product_cat-cac-nuoc-khac","7":"product_cat-banh-keo-chocolate","9":"first","10":"instock","11":"sale","12":"shipping-taxable","13":"purchasable","14":"product-type-simple"},"_links":{"self":[{"href":"https:\/\/havamall.vn\/en\/wp-json\/wp\/v2\/product\/41607"}],"collection":[{"href":"https:\/\/havamall.vn\/en\/wp-json\/wp\/v2\/product"}],"about":[{"href":"https:\/\/havamall.vn\/en\/wp-json\/wp\/v2\/types\/product"}],"replies":[{"embeddable":true,"href":"https:\/\/havamall.vn\/en\/wp-json\/wp\/v2\/comments?post=41607"}],"version-history":[{"count":0,"href":"https:\/\/havamall.vn\/en\/wp-json\/wp\/v2\/product\/41607\/revisions"}],"wp:featuredmedia":[{"embeddable":true,"href":"https:\/\/havamall.vn\/en\/wp-json\/wp\/v2\/media\/41608"}],"wp:attachment":[{"href":"https:\/\/havamall.vn\/en\/wp-json\/wp\/v2\/media?parent=41607"}],"wp:term":[{"taxonomy":"product_brand","embeddable":true,"href":"https:\/\/havamall.vn\/en\/wp-json\/wp\/v2\/product_brand?post=41607"},{"taxonomy":"product_cat","embeddable":true,"href":"https:\/\/havamall.vn\/en\/wp-json\/wp\/v2\/product_cat?post=41607"},{"taxonomy":"product_tag","embeddable":true,"href":"https:\/\/havamall.vn\/en\/wp-json\/wp\/v2\/product_tag?post=41607"}],"curies":[{"name":"wp","href":"https:\/\/api.w.org\/{rel}","templated":true}]}}