{"id":41594,"date":"2025-09-09T17:00:33","date_gmt":"2025-09-09T10:00:33","guid":{"rendered":"https:\/\/havamall.vn\/?post_type=product&#038;p=41594"},"modified":"2025-09-09T17:00:33","modified_gmt":"2025-09-09T10:00:33","slug":"bot-matcha-sua-hoa-tan-agf-blendy-stick-hop-20-goi-agf-blendy-matcha-au-lait-stick-20-sticks","status":"publish","type":"product","link":"https:\/\/havamall.vn\/en\/shop\/bot-matcha-sua-hoa-tan-agf-blendy-stick-hop-20-goi-agf-blendy-matcha-au-lait-stick-20-sticks\/","title":{"rendered":"B\u1ed9t Matcha S\u1eefa H\u00f2a Tan AGF Blendy Stick H\u1ed9p 20 G\u00f3i \u2013 AGF Blendy Matcha Au Lait Stick 20 sticks"},"content":{"rendered":"<blockquote>\n<h3><em><strong>TH\u00d4NG TIN S\u1ea2N PH\u1ea8M<\/strong><\/em><\/h3>\n<\/blockquote>\n<table style=\"width: 79.9632%;height: 214px\">\n<tbody>\n<tr>\n<td>Th\u01b0\u01a1ng hi\u1ec7u<\/td>\n<td>AGF (Ajinomoto General Foods)<\/td>\n<\/tr>\n<tr>\n<td>Xu\u1ea5t x\u1ee9<\/td>\n<td>Nh\u1eadt B\u1ea3n<\/td>\n<\/tr>\n<tr>\n<td>Th\u00e0nh ph\u1ea7n<\/td>\n<td>Xem tr\u00ean bao b\u00ec<\/td>\n<\/tr>\n<tr>\n<td>H\u1ea1n s\u1eed d\u1ee5ng<\/td>\n<td>Xem tr\u00ean bao b\u00ec<\/td>\n<\/tr>\n<tr>\n<td>\u0110\u1eb7c \u0111i\u1ec3m n\u1ed5i b\u1eadt<\/td>\n<td>Thanh \u0111\u1eafng nh\u1eb9 c\u1ee7a matcha h\u00f2a quy\u1ec7n v\u1edbi v\u1ecb b\u00e9o ng\u1eady c\u1ee7a s\u1eefa, t\u1ea1o n\u00ean th\u1ee9c u\u1ed1ng c\u00e2n b\u1eb1ng, d\u1ec5 u\u1ed1ng<\/td>\n<\/tr>\n<tr>\n<td>Kh\u1ed1i l\u01b0\u1ee3ng<\/td>\n<td>H\u1ed9p 20 g\u00f3i<\/td>\n<\/tr>\n<\/tbody>\n<\/table>\n<p data-start=\"325\" data-end=\"867\">Tr\u00e0 xanh matcha t\u1eeb l\u00e2u \u0111\u00e3 tr\u1edf th\u00e0nh bi\u1ec3u t\u01b0\u1ee3ng v\u0103n h\u00f3a c\u1ee7a Nh\u1eadt B\u1ea3n, g\u1eafn li\u1ec1n v\u1edbi ngh\u1ec7 thu\u1eadt tr\u00e0 \u0111\u1ea1o v\u00e0 tinh th\u1ea7n thanh t\u1ecbnh. Trong nh\u1ecbp s\u1ed1ng hi\u1ec7n \u0111\u1ea1i, ng\u01b0\u1eddi ti\u00eau d\u00f9ng ng\u00e0y c\u00e0ng mong mu\u1ed1n t\u00ecm th\u1ea5y s\u1ef1 ti\u1ec7n l\u1ee3i m\u00e0 v\u1eabn gi\u1eef nguy\u00ean h\u01b0\u01a1ng v\u1ecb truy\u1ec1n th\u1ed1ng. \u0110\u00f3 c\u0169ng ch\u00ednh l\u00e0 l\u00fd do v\u00ec sao AGF \u2013 th\u01b0\u01a1ng hi\u1ec7u \u0111\u1ed3 u\u1ed1ng n\u1ed5i ti\u1ebfng thu\u1ed9c t\u1eadp \u0111o\u00e0n Ajinomoto General Foods \u2013 \u0111\u00e3 cho ra \u0111\u1eddi d\u00f2ng s\u1ea3n ph\u1ea9m Blendy Stick Matcha Au Lait, s\u1ef1 k\u1ebft h\u1ee3p tinh t\u1ebf gi\u1eefa b\u1ed9t matcha cao c\u1ea5p v\u00e0 s\u1eefa b\u00e9o m\u1ecbn, mang \u0111\u1ebfn tr\u1ea3i nghi\u1ec7m th\u01b0\u1edfng th\u1ee9c c\u00e2n b\u1eb1ng gi\u1eefa c\u1ed5 \u0111i\u1ec3n v\u00e0 hi\u1ec7n \u0111\u1ea1i.<\/p>\n<p data-start=\"325\" data-end=\"867\"><img fetchpriority=\"high\" decoding=\"async\" class=\"aligncenter  wp-image-41968\" src=\"https:\/\/havamall.com\/wp-content\/uploads\/2025\/09\/491855401_9296229783838258_2584907648745218976_n.jpg\" alt=\"\" width=\"800\" height=\"600\" \/><\/p>\n<p data-start=\"869\" data-end=\"1331\">\u0110i\u1ec3m n\u1ed5i b\u1eadt c\u1ee7a Blendy Stick Matcha Au Lait n\u1eb1m \u1edf c\u00f4ng th\u1ee9c h\u00f2a tr\u1ed9n ho\u00e0n h\u1ea3o. B\u1ed9t matcha \u0111\u01b0\u1ee3c tuy\u1ec3n ch\u1ecdn t\u1eeb nh\u1eefng v\u00f9ng tr\u1ed3ng tr\u00e0 xanh n\u1ed5i ti\u1ebfng c\u1ee7a Nh\u1eadt B\u1ea3n, n\u01a1i kh\u00ed h\u1eadu v\u00e0 th\u1ed5 nh\u01b0\u1ee1ng t\u1ea1o n\u00ean h\u01b0\u01a1ng v\u1ecb matcha \u0111\u1eb7c tr\u01b0ng: v\u1ecb \u0111\u1eafng nh\u1eb9 ban \u0111\u1ea7u, h\u1eadu ng\u1ecdt thanh v\u00e0 h\u01b0\u01a1ng th\u01a1m t\u01b0\u01a1i m\u00e1t. Khi k\u1ebft h\u1ee3p c\u00f9ng s\u1eefa b\u1ed9t b\u00e9o ng\u1eady, th\u1ee9c u\u1ed1ng kh\u00f4ng ch\u1ec9 tr\u1edf n\u00ean d\u1ec5 u\u1ed1ng h\u01a1n m\u00e0 c\u00f2n mang \u0111\u1ebfn c\u1ea3m gi\u00e1c tho\u1ea3i m\u00e1i, ph\u00f9 h\u1ee3p v\u1edbi c\u1ea3 nh\u1eefng ng\u01b0\u1eddi ch\u01b0a quen v\u1ecb \u0111\u1eafng c\u1ee7a matcha nguy\u00ean ch\u1ea5t.<\/p>\n<p data-start=\"869\" data-end=\"1331\"><img decoding=\"async\" class=\"aligncenter  wp-image-41969\" src=\"https:\/\/havamall.com\/wp-content\/uploads\/2025\/09\/489804000_9937479809615556_9102906562179350885_n.jpg\" alt=\"\" width=\"800\" height=\"800\" \/><\/p>\n<p data-start=\"1333\" data-end=\"1842\">S\u1ea3n ph\u1ea9m \u0111\u01b0\u1ee3c thi\u1ebft k\u1ebf d\u01b0\u1edbi d\u1ea1ng stick nh\u1ecf g\u1ecdn, d\u1ec5 d\u00e0ng mang theo v\u00e0 s\u1eed d\u1ee5ng. Ch\u1ec9 c\u1ea7n h\u00f2a tan m\u1ed9t g\u00f3i v\u1edbi n\u01b0\u1edbc n\u00f3ng ho\u1eb7c n\u01b0\u1edbc l\u1ea1nh, b\u1ea1n \u0111\u00e3 c\u00f3 ngay m\u1ed9t ly matcha latte chu\u1ea9n Nh\u1eadt. V\u00e0o nh\u1eefng ng\u00e0y se l\u1ea1nh, m\u1ed9t ly matcha au lait n\u00f3ng s\u1ebd gi\u00fap s\u01b0\u1edfi \u1ea5m c\u01a1 th\u1ec3, c\u00f2n trong m\u00f9a h\u00e8, matcha latte \u0111\u00e1 l\u1ea1i mang \u0111\u1ebfn c\u1ea3m gi\u00e1c m\u00e1t l\u00e0nh, \u0111\u00e1nh tan m\u1ec7t m\u1ecfi. S\u1ef1 linh ho\u1ea1t n\u00e0y khi\u1ebfn s\u1ea3n ph\u1ea9m tr\u1edf th\u00e0nh l\u1ef1a ch\u1ecdn l\u00fd t\u01b0\u1edfng cho h\u1ecdc sinh \u2013 sinh vi\u00ean, nh\u00e2n vi\u00ean v\u0103n ph\u00f2ng ho\u1eb7c b\u1ea5t k\u1ef3 ai c\u1ea7n m\u1ed9t kho\u1ea3ng l\u1eb7ng th\u01b0 gi\u00e3n trong ng\u00e0y b\u1eadn r\u1ed9n.<\/p>\n<p data-start=\"1333\" data-end=\"1842\"><img decoding=\"async\" class=\"aligncenter  wp-image-41970\" src=\"https:\/\/havamall.com\/wp-content\/uploads\/2025\/09\/GwrdHapbUAAqpCf.jpg\" alt=\"\" width=\"800\" height=\"600\" \/><\/p>\n<p data-start=\"1844\" data-end=\"2388\">Kh\u00f4ng ch\u1ec9 d\u1eebng l\u1ea1i \u1edf h\u01b0\u01a1ng v\u1ecb, Blendy Stick Matcha Au Lait c\u00f2n ch\u1ee9a nhi\u1ec1u d\u01b0\u1ee1ng ch\u1ea5t c\u00f3 l\u1ee3i. Matcha v\u1ed1n n\u1ed5i ti\u1ebfng v\u1edbi h\u00e0m l\u01b0\u1ee3ng cao ch\u1ea5t ch\u1ed1ng oxy h\u00f3a, gi\u00fap l\u00e0m ch\u1eadm qu\u00e1 tr\u00ecnh l\u00e3o h\u00f3a, b\u1ea3o v\u1ec7 t\u1ebf b\u00e0o v\u00e0 h\u1ed7 tr\u1ee3 trao \u0111\u1ed5i ch\u1ea5t. \u0110\u1ed3ng th\u1eddi, matcha c\u00f2n ch\u1ee9a L-theanine \u2013 ho\u1ea1t ch\u1ea5t c\u00f3 kh\u1ea3 n\u0103ng l\u00e0m d\u1ecbu c\u0103ng th\u1eb3ng v\u00e0 t\u0103ng c\u01b0\u1eddng s\u1ef1 t\u1eadp trung, nh\u1edd \u0111\u00f3 gi\u00fap ng\u01b0\u1eddi d\u00f9ng duy tr\u00ec tinh th\u1ea7n t\u1ec9nh t\u00e1o nh\u01b0ng kh\u00f4ng g\u00e2y b\u1ed3n ch\u1ed3n nh\u01b0 c\u00e0 ph\u00ea. Khi k\u1ebft h\u1ee3p c\u00f9ng s\u1eefa, th\u1ee9c u\u1ed1ng n\u00e0y c\u00f2n b\u1ed5 sung th\u00eam ngu\u1ed3n n\u0103ng l\u01b0\u1ee3ng nhanh ch\u00f3ng v\u00e0 t\u1ea1o c\u1ea3m gi\u00e1c d\u1ec5 ch\u1ecbu cho h\u1ec7 ti\u00eau h\u00f3a.<\/p>\n<p data-start=\"1844\" data-end=\"2388\"><img loading=\"lazy\" decoding=\"async\" class=\"aligncenter  wp-image-41971\" src=\"https:\/\/havamall.com\/wp-content\/uploads\/2025\/09\/7302d7fb-7c18-4575-bf64-02e01d1f3ccd_t1500.jpg\" alt=\"\" width=\"800\" height=\"600\" \/><\/p>\n<p data-start=\"2390\" data-end=\"2725\">Blendy Stick Matcha Au Lait kh\u00f4ng ch\u1ec9 l\u00e0 m\u1ed9t s\u1ea3n ph\u1ea9m \u0111\u1ed3 u\u1ed1ng ti\u1ec7n l\u1ee3i, m\u00e0 c\u00f2n l\u00e0 c\u00e1ch \u0111\u1ec3 ng\u01b0\u1eddi ti\u00eau d\u00f9ng tr\u1ea3i nghi\u1ec7m v\u0103n h\u00f3a tr\u00e0 xanh Nh\u1eadt B\u1ea3n theo c\u00e1ch hi\u1ec7n \u0111\u1ea1i v\u00e0 g\u1ea7n g\u0169i h\u01a1n. \u0110\u00e2y ch\u00ednh l\u00e0 l\u1ef1a ch\u1ecdn ho\u00e0n h\u1ea3o cho nh\u1eefng ai mu\u1ed1n t\u1eadn h\u01b0\u1edfng s\u1ef1 c\u00e2n b\u1eb1ng gi\u1eefa h\u01b0\u01a1ng v\u1ecb truy\u1ec1n th\u1ed1ng, l\u1ee3i \u00edch s\u1ee9c kh\u1ecfe v\u00e0 s\u1ef1 ti\u1ec7n l\u1ee3i c\u1ee7a cu\u1ed9c s\u1ed1ng ng\u00e0y nay.\u00a0S\u1ea3n ph\u1ea9m hi\u1ec7n \u0111ang \u0111\u01b0\u1ee3c b\u00e1n tr\u1ef1c ti\u1ebfp t\u1ea1i c\u1eeda h\u00e0ng, cung nh\u01b0 tr\u00ean c\u00e1c k\u00eanh online c\u1ee7a Havamall.<\/p>","protected":false},"excerpt":{"rendered":"<p>TH\u00d4NG TIN S\u1ea2N PH\u1ea8M Th\u01b0\u01a1ng hi\u1ec7u AGF (Ajinomoto General Foods) Xu\u1ea5t x\u1ee9 Nh\u1eadt B\u1ea3n Th\u00e0nh ph\u1ea7n Xem tr\u00ean bao b\u00ec<\/p>","protected":false},"featured_media":41595,"comment_status":"open","ping_status":"closed","template":"","meta":[],"product_brand":[],"product_cat":[675,131,135],"product_tag":[],"class_list":{"0":"post-41594","1":"product","2":"type-product","3":"status-publish","4":"has-post-thumbnail","6":"product_cat-nhap-khau-nhat-ban","7":"product_cat-nguyen-lieu-lam-bep","8":"product_cat-sua-do-uong","10":"first","11":"instock","12":"sale","13":"shipping-taxable","14":"purchasable","15":"product-type-simple"},"_links":{"self":[{"href":"https:\/\/havamall.vn\/en\/wp-json\/wp\/v2\/product\/41594"}],"collection":[{"href":"https:\/\/havamall.vn\/en\/wp-json\/wp\/v2\/product"}],"about":[{"href":"https:\/\/havamall.vn\/en\/wp-json\/wp\/v2\/types\/product"}],"replies":[{"embeddable":true,"href":"https:\/\/havamall.vn\/en\/wp-json\/wp\/v2\/comments?post=41594"}],"version-history":[{"count":0,"href":"https:\/\/havamall.vn\/en\/wp-json\/wp\/v2\/product\/41594\/revisions"}],"wp:featuredmedia":[{"embeddable":true,"href":"https:\/\/havamall.vn\/en\/wp-json\/wp\/v2\/media\/41595"}],"wp:attachment":[{"href":"https:\/\/havamall.vn\/en\/wp-json\/wp\/v2\/media?parent=41594"}],"wp:term":[{"taxonomy":"product_brand","embeddable":true,"href":"https:\/\/havamall.vn\/en\/wp-json\/wp\/v2\/product_brand?post=41594"},{"taxonomy":"product_cat","embeddable":true,"href":"https:\/\/havamall.vn\/en\/wp-json\/wp\/v2\/product_cat?post=41594"},{"taxonomy":"product_tag","embeddable":true,"href":"https:\/\/havamall.vn\/en\/wp-json\/wp\/v2\/product_tag?post=41594"}],"curies":[{"name":"wp","href":"https:\/\/api.w.org\/{rel}","templated":true}]}}