{"id":41584,"date":"2025-09-09T11:41:36","date_gmt":"2025-09-09T04:41:36","guid":{"rendered":"https:\/\/havamall.vn\/?post_type=product&#038;p=41584"},"modified":"2025-09-09T11:41:36","modified_gmt":"2025-09-09T04:41:36","slug":"ruou-nau-an-vi-ngot-mirin-nhat-ban-500ml-japanese-sweet-mirin-style-cooking-seasoning-500ml","status":"publish","type":"product","link":"https:\/\/havamall.vn\/en\/shop\/ruou-nau-an-vi-ngot-mirin-nhat-ban-500ml-japanese-sweet-mirin-style-cooking-seasoning-500ml\/","title":{"rendered":"R\u01b0\u1ee3u N\u1ea5u \u0102n V\u1ecb Ng\u1ecdt Mirin Nh\u1eadt B\u1ea3n 500ml \u2013 Japanese Sweet Mirin Style Cooking Seasoning 500ml"},"content":{"rendered":"<blockquote>\n<h3><em><strong>TH\u00d4NG TIN S\u1ea2N PH\u1ea8M<\/strong><\/em><\/h3>\n<\/blockquote>\n<table class=\"w-fit min-w-(--thread-content-width)\" style=\"width: 65.1313%;height: 241px\" data-start=\"370\" data-end=\"990\">\n<tbody data-start=\"590\" data-end=\"990\">\n<tr data-start=\"590\" data-end=\"630\">\n<td data-start=\"590\" data-end=\"608\" data-col-size=\"sm\"><strong data-start=\"592\" data-end=\"607\">Th\u01b0\u01a1ng hi\u1ec7u<\/strong><\/td>\n<td data-start=\"608\" data-end=\"630\" data-col-size=\"md\">N\u1ed9i \u0111\u1ecba Nh\u1eadt B\u1ea3n<\/td>\n<\/tr>\n<tr data-start=\"631\" data-end=\"659\">\n<td data-start=\"631\" data-end=\"645\" data-col-size=\"sm\"><strong data-start=\"633\" data-end=\"644\">Xu\u1ea5t x\u1ee9<\/strong><\/td>\n<td data-start=\"645\" data-end=\"659\" data-col-size=\"md\">Nh\u1eadt B\u1ea3n<\/td>\n<\/tr>\n<tr data-start=\"660\" data-end=\"725\">\n<td data-start=\"660\" data-end=\"677\" data-col-size=\"sm\"><strong data-start=\"662\" data-end=\"676\">Th\u00e0nh ph\u1ea7n<\/strong><\/td>\n<td data-start=\"677\" data-end=\"725\" data-col-size=\"md\">\u0110\u01b0\u1eddng, g\u1ea1o, n\u01b0\u1edbc, chi\u1ebft xu\u1ea5t l\u00ean men<\/td>\n<\/tr>\n<tr data-start=\"726\" data-end=\"753\">\n<td data-start=\"726\" data-end=\"742\" data-col-size=\"sm\"><strong data-start=\"728\" data-end=\"741\">Dung t\u00edch<\/strong><\/td>\n<td data-start=\"742\" data-end=\"753\" data-col-size=\"md\">500ml<\/td>\n<\/tr>\n<tr data-start=\"754\" data-end=\"841\">\n<td data-start=\"754\" data-end=\"777\" data-col-size=\"sm\"><strong data-start=\"756\" data-end=\"776\">\u0110\u1eb7c \u0111i\u1ec3m n\u1ed5i b\u1eadt<\/strong><\/td>\n<td data-start=\"777\" data-end=\"841\" data-col-size=\"md\">T\u1ea1o v\u1ecb ng\u1ecdt thanh, gi\u00fap m\u00f3n \u0103n b\u00f3ng \u0111\u1eb9p, c\u00e2n b\u1eb1ng h\u01b0\u01a1ng v\u1ecb<\/td>\n<\/tr>\n<tr data-start=\"842\" data-end=\"908\">\n<td data-start=\"842\" data-end=\"857\" data-col-size=\"sm\"><strong data-start=\"844\" data-end=\"856\">\u1ee8ng d\u1ee5ng<\/strong><\/td>\n<td data-start=\"857\" data-end=\"908\" data-col-size=\"md\">Kho, n\u01b0\u1edbng, l\u1ea9u, s\u1ed1t teriyaki, \u01b0\u1edbp c\u00e1 v\u00e0 th\u1ecbt<\/td>\n<\/tr>\n<tr data-start=\"909\" data-end=\"990\">\n<td data-start=\"909\" data-end=\"924\" data-col-size=\"sm\"><strong data-start=\"911\" data-end=\"923\">B\u1ea3o qu\u1ea3n<\/strong><\/td>\n<td data-start=\"924\" data-end=\"990\" data-col-size=\"md\">N\u01a1i tho\u00e1ng m\u00e1t, tr\u00e1nh \u00e1nh n\u1eafng tr\u1ef1c ti\u1ebfp, \u0111\u1eady k\u00edn sau khi m\u1edf<\/td>\n<\/tr>\n<\/tbody>\n<\/table>\n<p data-start=\"1123\" data-end=\"1613\">\u1ea8m th\u1ef1c Nh\u1eadt B\u1ea3n n\u1ed5i ti\u1ebfng b\u1edfi s\u1ef1 tinh t\u1ebf, gi\u1ea3n d\u1ecb nh\u01b0ng v\u1eabn to\u00e1t l\u00ean chi\u1ec1u s\u00e2u trong h\u01b0\u01a1ng v\u1ecb. M\u1ed9t trong nh\u1eefng b\u00ed quy\u1ebft l\u00e0m n\u00ean n\u00e9t \u0111\u1eb7c tr\u01b0ng \u1ea5y ch\u00ednh l\u00e0\u00a0<strong data-start=\"1278\" data-end=\"1287\">Mirin<\/strong>\u00a0\u2013 lo\u1ea1i gia v\u1ecb l\u00ean men c\u00f3 v\u1ecb ng\u1ecdt d\u1ecbu, th\u01b0\u1eddng \u0111\u01b0\u1ee3c th\u00eam v\u00e0o c\u00e1c m\u00f3n kho, n\u01b0\u1edbng hay n\u01b0\u1edbc s\u1ed1t. Tuy nhi\u00ean, \u0111\u1ec3 \u0111\u00e1p \u1ee9ng nhu c\u1ea7u ti\u00eau d\u00f9ng hi\u1ec7n \u0111\u1ea1i, ng\u01b0\u1eddi Nh\u1eadt \u0111\u00e3 ph\u00e1t tri\u1ec3n phi\u00ean b\u1ea3n\u00a0<strong data-start=\"1465\" data-end=\"1477\">Mirin-fu<\/strong>\u00a0(gia v\u1ecb v\u1ecb Mirin), gi\u1eef nguy\u00ean c\u00f4ng d\u1ee5ng truy\u1ec1n th\u1ed1ng nh\u01b0ng lo\u1ea1i b\u1ecf c\u1ed3n g\u1ea7n nh\u01b0 ho\u00e0n to\u00e0n, nh\u1edd \u0111\u00f3 an to\u00e0n v\u00e0 ti\u1ec7n l\u1ee3i cho c\u1ea3 gia \u0111\u00ecnh.<\/p>\n<p data-start=\"1123\" data-end=\"1613\"><img fetchpriority=\"high\" decoding=\"async\" class=\"aligncenter  wp-image-41950\" src=\"https:\/\/havamall.com\/wp-content\/uploads\/2025\/09\/a.webp\" alt=\"\" width=\"800\" height=\"533\" \/><\/p>\n<p data-start=\"1615\" data-end=\"2098\">Gia v\u1ecb n\u1ea5u \u0103n v\u1ecb Mirin Nh\u1eadt B\u1ea3n \u0111\u01b0\u1ee3c s\u1ea3n xu\u1ea5t t\u1eeb nh\u1eefng nguy\u00ean li\u1ec7u thu\u1ea7n khi\u1ebft nh\u01b0 g\u1ea1o, \u0111\u01b0\u1eddng v\u00e0 chi\u1ebft xu\u1ea5t l\u00ean men t\u1ef1 nhi\u00ean, t\u1ea1o n\u00ean v\u1ecb ng\u1ecdt thanh, d\u1ec5 h\u00f2a quy\u1ec7n v\u1edbi nhi\u1ec1u lo\u1ea1i th\u1ef1c ph\u1ea9m. Kh\u00e1c v\u1edbi \u0111\u01b0\u1eddng tinh luy\u1ec7n th\u00f4ng th\u01b0\u1eddng, v\u1ecb ng\u1ecdt n\u00e0y kh\u00f4ng h\u1ec1 g\u1eaft m\u00e0 d\u1ecbu nh\u1eb9, mang \u0111\u1ebfn s\u1ef1 c\u00e2n b\u1eb1ng tr\u1ecdn v\u1eb9n cho m\u00f3n \u0103n. Kh\u00f4ng ch\u1ec9 v\u1eady, khi \u0111\u01b0\u1ee3c th\u00eam v\u00e0o trong qu\u00e1 tr\u00ecnh ch\u1ebf bi\u1ebfn, Mirin-fu c\u00f2n gi\u00fap t\u1ea1o \u0111\u1ed9 b\u00f3ng \u0111\u1eb9p m\u1eaft, kh\u1eed m\u00f9i tanh v\u00e0 l\u00e0m n\u1ed5i b\u1eadt h\u01b0\u01a1ng v\u1ecb t\u01b0\u01a1i ngon v\u1ed1n c\u00f3 c\u1ee7a nguy\u00ean li\u1ec7u.<\/p>\n<p data-start=\"1615\" data-end=\"2098\"><img decoding=\"async\" class=\"aligncenter\" src=\"https:\/\/havamall.com\/wp-content\/uploads\/2025\/09\/Mirin.jpg\" alt=\"What is Mirin? | Masterclass | SushiSushi\" width=\"801\" height=\"534\" \/><\/p>\n<p data-start=\"2100\" data-end=\"2633\">Truy\u1ec1n th\u1ed1ng l\u00e2u \u0111\u1eddi c\u1ee7a ng\u01b0\u1eddi Nh\u1eadt cho th\u1ea5y Mirin-fu l\u00e0 m\u1ed9t ph\u1ea7n kh\u00f4ng th\u1ec3 thi\u1ebfu trong c\u00e1c m\u00f3n kho c\u00e1, rim th\u1ecbt hay n\u01b0\u1edbc s\u1ed1t Teriyaki, Sukiyaki. V\u1edbi ch\u1ec9 m\u1ed9t l\u01b0\u1ee3ng nh\u1ecf, m\u00f3n \u0103n s\u1ebd tr\u1edf n\u00ean \u0111\u1eadm \u0111\u00e0, tr\u00f2n v\u1ecb v\u00e0 h\u1ea5p d\u1eabn h\u01a1n nhi\u1ec1u. Kh\u00f4ng d\u1eebng l\u1ea1i \u1edf \u0111\u00f3, gia v\u1ecb n\u00e0y c\u00f2n r\u1ea5t d\u1ec5 \u1ee9ng d\u1ee5ng trong b\u1ebfp Vi\u1ec7t: c\u00f3 th\u1ec3 d\u00f9ng thay th\u1ebf \u0111\u01b0\u1eddng khi kho c\u00e1, rim t\u00f4m, ho\u1eb7c th\u00eam v\u00e0o canh, l\u1ea9u \u0111\u1ec3 v\u1ecb ng\u1ecdt thanh tho\u00e1t v\u00e0 tinh t\u1ebf h\u01a1n. \u0110\u00e2y ch\u00ednh l\u00e0 l\u00fd do s\u1ea3n ph\u1ea9m ng\u00e0y c\u00e0ng \u0111\u01b0\u1ee3c nhi\u1ec1u gia \u0111\u00ecnh Vi\u1ec7t Nam l\u1ef1a ch\u1ecdn \u0111\u1ec3 \u201cth\u1ed5i h\u1ed3n Nh\u1eadt B\u1ea3n\u201d v\u00e0o t\u1eebng b\u1eefa c\u01a1m quen thu\u1ed9c.<\/p>\n<p data-start=\"2100\" data-end=\"2633\"><img decoding=\"async\" class=\"aligncenter  wp-image-41951\" src=\"https:\/\/havamall.com\/wp-content\/uploads\/2025\/09\/49013090013911.jpg\" alt=\"\" width=\"801\" height=\"534\" \/><\/p>\n<p data-start=\"2635\" data-end=\"3038\">Ngo\u00e0i c\u00f4ng d\u1ee5ng l\u00e0m gia v\u1ecb, Mirin-fu c\u00f2n g\u00f3p ph\u1ea7n mang l\u1ea1i l\u1ee3i \u00edch s\u1ee9c kh\u1ecfe. V\u1ecb ng\u1ecdt d\u1ecbu t\u1eeb g\u1ea1o l\u00ean men gi\u00fap gi\u1ea3m ph\u1ee5 thu\u1ed9c v\u00e0o \u0111\u01b0\u1eddng tinh luy\u1ec7n, trong khi c\u00e1c enzyme t\u1ef1 nhi\u00ean h\u00ecnh th\u00e0nh t\u1eeb qu\u00e1 tr\u00ecnh s\u1ea3n xu\u1ea5t h\u1ed7 tr\u1ee3 h\u1ec7 ti\u00eau h\u00f3a ho\u1ea1t \u0111\u1ed9ng nh\u1eb9 nh\u00e0ng h\u01a1n. S\u1ef1 k\u1ebft h\u1ee3p gi\u1eefa truy\u1ec1n th\u1ed1ng \u1ea9m th\u1ef1c Nh\u1eadt v\u00e0 xu h\u01b0\u1edbng s\u1ed1ng l\u00e0nh m\u1ea1nh hi\u1ec7n \u0111\u1ea1i khi\u1ebfn s\u1ea3n ph\u1ea9m tr\u1edf th\u00e0nh l\u1ef1a ch\u1ecdn t\u1ed1i \u01b0u cho c\u1ea3 ng\u01b0\u1eddi l\u1edbn l\u1eabn tr\u1ebb nh\u1ecf.<\/p>\n<p data-start=\"2635\" data-end=\"3038\"><img loading=\"lazy\" decoding=\"async\" class=\"aligncenter  wp-image-41952\" src=\"https:\/\/havamall.com\/wp-content\/uploads\/2025\/09\/ruou-nau-an-5-1676628431137600543997-1676682844690-16766828448631921982118.png\" alt=\"\" width=\"801\" height=\"501\" \/><\/p>\n<p data-start=\"3040\" data-end=\"3347\">S\u1ef1 xu\u1ea5t hi\u1ec7n c\u1ee7a Gia V\u1ecb N\u1ea5u \u0102n V\u1ecb Mirin Nh\u1eadt B\u1ea3n 500ml trong gian b\u1ebfp kh\u00f4ng ch\u1ec9 n\u00e2ng t\u1ea7m h\u01b0\u01a1ng v\u1ecb m\u00f3n \u0103n m\u00e0 c\u00f2n \u0111\u01b0a b\u1ea1n \u0111\u1ebfn g\u1ea7n h\u01a1n v\u1edbi tinh th\u1ea7n \u1ea9m th\u1ef1c Nh\u1eadt: gi\u1ea3n d\u1ecb, tinh t\u1ebf v\u00e0 h\u01b0\u1edbng \u0111\u1ebfn s\u1ee9c kh\u1ecfe. \u0110\u00e2y ch\u1eafc ch\u1eafn l\u00e0 m\u1ed9t trong nh\u1eefng gia v\u1ecb m\u00e0 b\u1ea5t c\u1ee9 ai y\u00eau th\u00edch n\u1ea5u \u0103n c\u0169ng n\u00ean c\u00f3 trong c\u0103n b\u1ebfp c\u1ee7a m\u00ecnh. S\u1ea3n ph\u1ea9m \u0111ang \u0111\u01b0\u1ee3c b\u00e1n t\u1ea1i Havamall.<\/p>","protected":false},"excerpt":{"rendered":"<p>TH\u00d4NG TIN S\u1ea2N PH\u1ea8M Th\u01b0\u01a1ng hi\u1ec7u N\u1ed9i \u0111\u1ecba Nh\u1eadt B\u1ea3n Xu\u1ea5t x\u1ee9 Nh\u1eadt B\u1ea3n Th\u00e0nh ph\u1ea7n \u0110\u01b0\u1eddng, g\u1ea1o, n\u01b0\u1edbc, chi\u1ebft<\/p>","protected":false},"featured_media":41585,"comment_status":"open","ping_status":"closed","template":"","meta":[],"product_brand":[],"product_cat":[595,675,154],"product_tag":[],"class_list":{"0":"post-41584","1":"product","2":"type-product","3":"status-publish","4":"has-post-thumbnail","6":"product_cat-gia-vi-va-che-bien","7":"product_cat-nhap-khau-nhat-ban","8":"product_cat-gia-vi","10":"first","11":"instock","12":"shipping-taxable","13":"product-type-simple"},"_links":{"self":[{"href":"https:\/\/havamall.vn\/en\/wp-json\/wp\/v2\/product\/41584"}],"collection":[{"href":"https:\/\/havamall.vn\/en\/wp-json\/wp\/v2\/product"}],"about":[{"href":"https:\/\/havamall.vn\/en\/wp-json\/wp\/v2\/types\/product"}],"replies":[{"embeddable":true,"href":"https:\/\/havamall.vn\/en\/wp-json\/wp\/v2\/comments?post=41584"}],"version-history":[{"count":0,"href":"https:\/\/havamall.vn\/en\/wp-json\/wp\/v2\/product\/41584\/revisions"}],"wp:featuredmedia":[{"embeddable":true,"href":"https:\/\/havamall.vn\/en\/wp-json\/wp\/v2\/media\/41585"}],"wp:attachment":[{"href":"https:\/\/havamall.vn\/en\/wp-json\/wp\/v2\/media?parent=41584"}],"wp:term":[{"taxonomy":"product_brand","embeddable":true,"href":"https:\/\/havamall.vn\/en\/wp-json\/wp\/v2\/product_brand?post=41584"},{"taxonomy":"product_cat","embeddable":true,"href":"https:\/\/havamall.vn\/en\/wp-json\/wp\/v2\/product_cat?post=41584"},{"taxonomy":"product_tag","embeddable":true,"href":"https:\/\/havamall.vn\/en\/wp-json\/wp\/v2\/product_tag?post=41584"}],"curies":[{"name":"wp","href":"https:\/\/api.w.org\/{rel}","templated":true}]}}