{"id":41565,"date":"2025-09-08T15:21:22","date_gmt":"2025-09-08T08:21:22","guid":{"rendered":"https:\/\/havamall.vn\/?post_type=product&#038;p=41565"},"modified":"2025-09-08T15:36:08","modified_gmt":"2025-09-08T08:36:08","slug":"sua-tam-bot-cho-be-arau-baby-tui-400ml-arau-baby-foam-body-soap-400ml","status":"publish","type":"product","link":"https:\/\/havamall.vn\/en\/shop\/sua-tam-bot-cho-be-arau-baby-tui-400ml-arau-baby-foam-body-soap-400ml\/","title":{"rendered":"S\u1eefa T\u1eafm B\u1ecdt Cho B\u00e9 Arau Baby T\u00fai 400ml \u2013 Arau Baby Foam Body Soap 400ml"},"content":{"rendered":"<blockquote>\n<h3><em><strong>TH\u00d4NG TIN S\u1ea2N PH\u1ea8M<\/strong><\/em><\/h3>\n<\/blockquote>\n<table style=\"width: 76.3704%;height: 178px\">\n<tbody>\n<tr>\n<td>Th\u01b0\u01a1ng hi\u1ec7u<\/td>\n<td>Saraya<\/td>\n<\/tr>\n<tr>\n<td>Xu\u1ea5t x\u1ee9<\/td>\n<td>Nh\u1eadt B\u1ea3n<\/td>\n<\/tr>\n<tr>\n<td>Th\u00e0nh ph\u1ea7n<\/td>\n<td>Xem tr\u00ean bao b\u00ec<\/td>\n<\/tr>\n<tr>\n<td>H\u1ea1n s\u1eed d\u1ee5ng<\/td>\n<td>Xem tr\u00ean bao b\u00ec<\/td>\n<\/tr>\n<tr>\n<td>\u0110\u1ed1i t\u01b0\u1ee3ng s\u1eed d\u1ee5ng<\/td>\n<td>Tr\u1ebb s\u01a1 sinh, tr\u1ebb nh\u1ecf, da nh\u1ea1y c\u1ea3m<\/td>\n<\/tr>\n<tr>\n<td>\u0110\u1eb7c \u0111i\u1ec3m n\u1ed5i b\u1eadt<\/td>\n<td>Kh\u00f4ng ph\u1ee5 gia h\u00f3a h\u1ecdc, kh\u00f4ng h\u01b0\u01a1ng li\u1ec7u t\u1ed5ng h\u1ee3p, kh\u00f4ng paraben, kh\u00f4ng ch\u1ea5t t\u1ea1o m\u00e0u<\/td>\n<\/tr>\n<tr>\n<td>Kh\u1ed1i l\u01b0\u1ee3ng<\/td>\n<td>400ml<\/td>\n<\/tr>\n<\/tbody>\n<\/table>\n<p data-start=\"1014\" data-end=\"1342\">Saraya l\u00e0 m\u1ed9t trong nh\u1eefng th\u01b0\u01a1ng hi\u1ec7u ch\u0103m s\u00f3c gia \u0111\u00ecnh h\u00e0ng \u0111\u1ea7u Nh\u1eadt B\u1ea3n, n\u1ed5i ti\u1ebfng v\u1edbi c\u00e1c s\u1ea3n ph\u1ea9m an to\u00e0n, th\u00e2n thi\u1ec7n v\u1edbi s\u1ee9c kh\u1ecfe con ng\u01b0\u1eddi v\u00e0 m\u00f4i tr\u01b0\u1eddng. Trong \u0111\u00f3,\u00a0<strong data-start=\"1184\" data-end=\"1211\">d\u00f2ng s\u1ea3n ph\u1ea9m Arau Baby<\/strong>\u00a0\u0111\u01b0\u1ee3c nghi\u00ean c\u1ee9u ri\u00eang cho tr\u1ebb s\u01a1 sinh v\u00e0 tr\u1ebb nh\u1ecf, v\u1edbi tri\u1ebft l\u00fd ch\u0103m s\u00f3c d\u1ecbu nh\u1eb9 t\u1eeb nh\u1eefng th\u00e0nh ph\u1ea7n thi\u00ean nhi\u00ean tinh khi\u1ebft nh\u1ea5t.<\/p>\n<p data-start=\"1014\" data-end=\"1342\"><img fetchpriority=\"high\" decoding=\"async\" class=\"aligncenter\" src=\"https:\/\/havamall.com\/wp-content\/uploads\/2025\/09\/social_share_arau.baby_1200x1200.png\" alt=\"arau.baby | Protecting Your Baby's Skin With Natural Products \u2013 Saraya USA, Inc. DBA Arau Baby\" width=\"801\" height=\"419\" \/><\/p>\n<p data-start=\"1344\" data-end=\"1925\">\u0110i\u1ec3m \u0111\u1eb7c bi\u1ec7t khi\u1ebfn\u00a0<strong data-start=\"1364\" data-end=\"1392\">Arau Baby Foam Body Soap<\/strong>\u00a0\u0111\u01b0\u1ee3c nhi\u1ec1u b\u00e0 m\u1eb9 Nh\u1eadt tin d\u00f9ng ch\u00ednh l\u00e0 c\u00f4ng th\u1ee9c\u00a0<strong data-start=\"1443\" data-end=\"1473\">kh\u00f4ng ch\u1ee9a ph\u1ee5 gia h\u00f3a h\u1ecdc<\/strong>. S\u1ea3n ph\u1ea9m ho\u00e0n to\u00e0n kh\u00f4ng c\u00f3 h\u01b0\u01a1ng li\u1ec7u t\u1ed5ng h\u1ee3p, kh\u00f4ng paraben, kh\u00f4ng ch\u1ea5t t\u1ea1o m\u00e0u hay ch\u1ea5t b\u1ea3o qu\u1ea3n, nh\u1edd v\u1eady m\u00e0 ph\u00f9 h\u1ee3p c\u1ea3 v\u1edbi l\u00e0n da nh\u1ea1y c\u1ea3m nh\u1ea5t c\u1ee7a tr\u1ebb s\u01a1 sinh. Thay v\u00e0o \u0111\u00f3, nh\u00e0 s\u1ea3n xu\u1ea5t s\u1eed d\u1ee5ng chi\u1ebft xu\u1ea5t t\u1eeb th\u1ea3o m\u1ed9c truy\u1ec1n th\u1ed1ng Nh\u1eadt B\u1ea3n nh\u01b0 t\u00eda t\u00f4, h\u01b0\u01a1ng th\u1ea3o v\u00e0 c\u1ecf x\u1ea1 h\u01b0\u01a1ng, k\u1ebft h\u1ee3p c\u00f9ng d\u1ea7u d\u1eeba v\u00e0 l\u00f4 h\u1ed9i. S\u1ef1 k\u1ebft h\u1ee3p n\u00e0y v\u1eeba gi\u00fap l\u00e0m s\u1ea1ch nh\u1eb9 nh\u00e0ng, v\u1eeba cung c\u1ea5p \u0111\u1ed9 \u1ea9m t\u1ef1 nhi\u00ean, \u0111\u1ed3ng th\u1eddi b\u1ea3o v\u1ec7 da b\u00e9 kh\u1ecfi t\u00ecnh tr\u1ea1ng kh\u00f4 r\u00e1p v\u00e0 k\u00edch \u1ee9ng.<\/p>\n<p data-start=\"1344\" data-end=\"1925\"><img decoding=\"async\" class=\"aligncenter wp-image-41925\" src=\"https:\/\/havamall.com\/wp-content\/uploads\/2025\/09\/300644076_3275966792661345_7604023015063970528_n.jpg\" alt=\"\" width=\"800\" height=\"800\" \/><\/p>\n<p data-start=\"1927\" data-end=\"2289\">M\u1ed9t \u01b0u \u0111i\u1ec3m n\u1ed5i b\u1eadt kh\u00e1c l\u00e0 thi\u1ebft k\u1ebf\u00a0<strong data-start=\"1964\" data-end=\"1989\">d\u1ea1ng b\u1ecdt s\u1eb5n m\u1ecbn m\u00e0ng<\/strong>. Ngo\u00e0i hi\u1ec7u qu\u1ea3 l\u00e0m s\u1ea1ch, s\u1eefa t\u1eafm c\u00f2n mang \u0111\u1ebfn\u00a0<strong data-start=\"2337\" data-end=\"2367\">m\u00f9i h\u01b0\u01a1ng th\u1ea3o m\u1ed9c d\u1ecbu nh\u1eb9<\/strong>\u00a0ho\u00e0n to\u00e0n t\u1ef1 nhi\u00ean, t\u1ea1o c\u1ea3m gi\u00e1c th\u01b0 gi\u00e3n, d\u1ec5 ch\u1ecbu cho b\u00e9 trong su\u1ed1t qu\u00e1 tr\u00ecnh t\u1eafm. Nhi\u1ec1u m\u1eb9 nh\u1eadn x\u00e9t r\u1eb1ng b\u00e9 ng\u1ee7 ngon h\u01a1n sau m\u1ed7i l\u1ea7n \u0111\u01b0\u1ee3c t\u1eafm b\u1eb1ng Arau Baby nh\u1edd s\u1ef1 k\u1ebft h\u1ee3p h\u00e0i h\u00f2a gi\u1eefa l\u00e0m s\u1ea1ch, d\u01b0\u1ee1ng \u1ea9m v\u00e0 th\u01b0 gi\u00e3n.<\/p>\n<p data-start=\"2291\" data-end=\"2588\"><img decoding=\"async\" class=\"aligncenter\" src=\"https:\/\/havamall.com\/wp-content\/uploads\/2025\/09\/607453A202B60160.jpg\" alt=\"GOONGBE Pre immune Shampoo &amp; Bath 11.8 fl oz - Weee!\" width=\"801\" height=\"801\" \/><\/p>\n<blockquote>\n<h3 data-start=\"2590\" data-end=\"2609\"><span style=\"font-size: 18pt\"><strong><em>C\u00e1ch s\u1eed d\u1ee5ng:<\/em><\/strong><\/span><\/h3>\n<\/blockquote>\n<p data-start=\"2610\" data-end=\"2806\">\u2013 L\u00e0m \u01b0\u1edbt c\u01a1 th\u1ec3 b\u00e9 b\u1eb1ng n\u01b0\u1edbc \u1ea5m.<br data-start=\"2643\" data-end=\"2646\" \/>\u2013 L\u1ea5y m\u1ed9t l\u01b0\u1ee3ng b\u1ecdt v\u1eeba \u0111\u1ee7, thoa \u0111\u1ec1u v\u00e0 massage nh\u1eb9 nh\u00e0ng l\u00ean da.<br data-start=\"2711\" data-end=\"2714\" \/>\u2013 R\u1eeda s\u1ea1ch l\u1ea1i v\u1edbi n\u01b0\u1edbc v\u00e0 lau kh\u00f4.<br data-start=\"2749\" data-end=\"2752\" \/>\u2013 C\u00f3 th\u1ec3 d\u00f9ng h\u1eb1ng ng\u00e0y, an to\u00e0n cho c\u1ea3 tr\u1ebb s\u01a1 sinh.<\/p>\n<p data-start=\"2610\" data-end=\"2806\"><img loading=\"lazy\" decoding=\"async\" class=\"aligncenter wp-image-41926\" src=\"https:\/\/havamall.com\/wp-content\/uploads\/2025\/09\/d75427fb95374a5ab66e8917ca64fde3_720.jpg\" alt=\"\" width=\"800\" height=\"804\" \/><\/p>\n<blockquote>\n<h3 data-start=\"2808\" data-end=\"2824\"><span style=\"font-size: 18pt\"><strong><em>C\u00f4ng d\u1ee5ng:<\/em><\/strong><\/span><\/h3>\n<\/blockquote>\n<p data-start=\"2825\" data-end=\"3048\">\u2013 L\u00e0m s\u1ea1ch nh\u1eb9 nh\u00e0ng m\u00e0 kh\u00f4ng l\u00e0m m\u1ea5t l\u1edbp d\u1ea7u t\u1ef1 nhi\u00ean tr\u00ean da.<br data-start=\"2888\" data-end=\"2891\" \/>\u2013 D\u01b0\u1ee1ng \u1ea9m, l\u00e0m m\u1ec1m, ng\u0103n ng\u1eeba r\u00f4m s\u1ea3y v\u00e0 kh\u00f4 da.<br data-start=\"2940\" data-end=\"2943\" \/>\u2013 B\u1ea3o v\u1ec7 da nh\u1ea1y c\u1ea3m kh\u1ecfi k\u00edch \u1ee9ng.<br data-start=\"2978\" data-end=\"2981\" \/>\u2013 H\u1ed7 tr\u1ee3 t\u1ea1o c\u1ea3m gi\u00e1c tho\u1ea3i m\u00e1i, gi\u00fap b\u00e9 th\u01b0 gi\u00e3n v\u00e0 ng\u1ee7 s\u00e2u h\u01a1n.<\/p>\n<p data-start=\"3050\" data-end=\"3259\">V\u1edbi s\u1ef1 an to\u00e0n v\u00e0 tinh khi\u1ebft trong t\u1eebng chi ti\u1ebft,\u00a0<strong data-start=\"3100\" data-end=\"3128\">Arau Baby Foam Body Soap<\/strong> kh\u00f4ng ch\u1ec9 l\u00e0 s\u1ea3n ph\u1ea9m t\u1eafm g\u1ed9i th\u00f4ng th\u01b0\u1eddng m\u00e0 c\u00f2n l\u00e0 ng\u01b0\u1eddi b\u1ea1n \u0111\u1ed3ng h\u00e0nh c\u1ee7a m\u1eb9 trong h\u00e0nh tr\u00ecnh ch\u0103m s\u00f3c l\u00e0n da non n\u1edbt c\u1ee7a b\u00e9. S\u1ea3n ph\u1ea9m hi\u1ec7n \u0111ang \u0111\u01b0\u1ee3c b\u00e1n tr\u1ef1c ti\u1ebfp t\u1ea1i c\u1eeda h\u00e0ng v\u00e0 c\u00e1c k\u00eanh online c\u1ee7a Havamall.<\/p>","protected":false},"excerpt":{"rendered":"<p>TH\u00d4NG TIN S\u1ea2N PH\u1ea8M Th\u01b0\u01a1ng hi\u1ec7u Saraya Xu\u1ea5t x\u1ee9 Nh\u1eadt B\u1ea3n Th\u00e0nh ph\u1ea7n Xem tr\u00ean bao b\u00ec H\u1ea1n s\u1eed d\u1ee5ng<\/p>","protected":false},"featured_media":41566,"comment_status":"open","ping_status":"closed","template":"","meta":[],"product_brand":[],"product_cat":[397,675,396],"product_tag":[],"class_list":{"0":"post-41565","1":"product","2":"type-product","3":"status-publish","4":"has-post-thumbnail","6":"product_cat-hang-me-be-do-choi","7":"product_cat-nhap-khau-nhat-ban","8":"product_cat-suc-khoe-lam-dep","10":"first","11":"instock","12":"sale","13":"shipping-taxable","14":"purchasable","15":"product-type-simple"},"_links":{"self":[{"href":"https:\/\/havamall.vn\/en\/wp-json\/wp\/v2\/product\/41565"}],"collection":[{"href":"https:\/\/havamall.vn\/en\/wp-json\/wp\/v2\/product"}],"about":[{"href":"https:\/\/havamall.vn\/en\/wp-json\/wp\/v2\/types\/product"}],"replies":[{"embeddable":true,"href":"https:\/\/havamall.vn\/en\/wp-json\/wp\/v2\/comments?post=41565"}],"version-history":[{"count":0,"href":"https:\/\/havamall.vn\/en\/wp-json\/wp\/v2\/product\/41565\/revisions"}],"wp:featuredmedia":[{"embeddable":true,"href":"https:\/\/havamall.vn\/en\/wp-json\/wp\/v2\/media\/41566"}],"wp:attachment":[{"href":"https:\/\/havamall.vn\/en\/wp-json\/wp\/v2\/media?parent=41565"}],"wp:term":[{"taxonomy":"product_brand","embeddable":true,"href":"https:\/\/havamall.vn\/en\/wp-json\/wp\/v2\/product_brand?post=41565"},{"taxonomy":"product_cat","embeddable":true,"href":"https:\/\/havamall.vn\/en\/wp-json\/wp\/v2\/product_cat?post=41565"},{"taxonomy":"product_tag","embeddable":true,"href":"https:\/\/havamall.vn\/en\/wp-json\/wp\/v2\/product_tag?post=41565"}],"curies":[{"name":"wp","href":"https:\/\/api.w.org\/{rel}","templated":true}]}}