{"id":41549,"date":"2025-09-07T17:29:44","date_gmt":"2025-09-07T10:29:44","guid":{"rendered":"https:\/\/havamall.vn\/?post_type=product&#038;p=41549"},"modified":"2025-09-07T17:29:49","modified_gmt":"2025-09-07T10:29:49","slug":"muoi-hong-himalaya-star-of-spice-lo-coi-xay-110g-himalayan-pink-salt-grinder-110g","status":"publish","type":"product","link":"https:\/\/havamall.vn\/en\/shop\/muoi-hong-himalaya-star-of-spice-lo-coi-xay-110g-himalayan-pink-salt-grinder-110g\/","title":{"rendered":"Mu\u1ed1i H\u1ed3ng Himalaya Star of Spice L\u1ecd C\u1ed1i Xay 110g \u2013 Himalayan Pink Salt Grinder 110g"},"content":{"rendered":"<h3 data-start=\"391\" data-end=\"410\">TH\u00d4NG TIN CHUNG<\/h3>\n<div class=\"_tableContainer_1rjym_1\">\n<div class=\"_tableWrapper_1rjym_13 group flex w-fit flex-col-reverse\">\n<table class=\"w-fit min-w-(--thread-content-width)\" style=\"width: 68.2077%;height: 167px\" data-start=\"411\" data-end=\"828\">\n<tbody data-start=\"452\" data-end=\"828\">\n<tr data-start=\"452\" data-end=\"489\">\n<td data-start=\"452\" data-end=\"470\" data-col-size=\"sm\"><strong data-start=\"454\" data-end=\"469\">Th\u01b0\u01a1ng hi\u1ec7u<\/strong><\/td>\n<td data-col-size=\"md\" data-start=\"470\" data-end=\"489\"><em data-start=\"472\" data-end=\"487\">Star of Spice<\/em><\/td>\n<\/tr>\n<tr data-start=\"490\" data-end=\"531\">\n<td data-start=\"490\" data-end=\"504\" data-col-size=\"sm\"><strong data-start=\"492\" data-end=\"503\">Xu\u1ea5t x\u1ee9<\/strong><\/td>\n<td data-start=\"504\" data-end=\"531\" data-col-size=\"md\">Nh\u1eadt B\u1ea3n<\/td>\n<\/tr>\n<tr data-start=\"532\" data-end=\"614\">\n<td data-start=\"532\" data-end=\"549\" data-col-size=\"sm\"><strong data-start=\"534\" data-end=\"548\">Th\u00e0nh ph\u1ea7n<\/strong><\/td>\n<td data-col-size=\"md\" data-start=\"549\" data-end=\"614\">Mu\u1ed1i h\u1ed3ng tinh khi\u1ebft t\u1eeb m\u1ecf mu\u1ed1i \u0111\u00e1 Himalaya, kh\u00f4ng c\u00f3 ph\u1ee5 gia<\/td>\n<\/tr>\n<tr data-start=\"615\" data-end=\"664\">\n<td data-start=\"615\" data-end=\"632\" data-col-size=\"sm\"><strong data-start=\"617\" data-end=\"631\">Kh\u1ed1i l\u01b0\u1ee3ng<\/strong><\/td>\n<td data-start=\"632\" data-end=\"664\" data-col-size=\"md\">110g (d\u1ea1ng c\u1ed1i xay\u2014grinder)<\/td>\n<\/tr>\n<tr data-start=\"665\" data-end=\"702\">\n<td data-start=\"665\" data-end=\"683\" data-col-size=\"sm\"><strong data-start=\"667\" data-end=\"682\">H\u1ea1n s\u1eed d\u1ee5ng<\/strong><\/td>\n<td data-col-size=\"md\" data-start=\"683\" data-end=\"702\">Xem tr\u00ean bao b\u00ec<\/td>\n<\/tr>\n<tr data-start=\"703\" data-end=\"759\">\n<td data-start=\"703\" data-end=\"718\" data-col-size=\"sm\"><strong data-start=\"705\" data-end=\"717\">B\u1ea3o qu\u1ea3n<\/strong><\/td>\n<td data-start=\"718\" data-end=\"759\" data-col-size=\"md\">N\u01a1i kh\u00f4 r\u00e1o, tr\u00e1nh \u00e1nh n\u1eafng tr\u1ef1c ti\u1ebfp<\/td>\n<\/tr>\n<\/tbody>\n<\/table>\n<p data-start=\"488\" data-end=\"889\">T\u1eeb h\u00e0ng tri\u1ec7u n\u0103m tr\u01b0\u1edbc, khi nh\u1eefng d\u00e3y n\u00fai Himalaya \u0111\u01b0\u1ee3c h\u00ecnh th\u00e0nh t\u1eeb \u0111\u00e1y bi\u1ec3n c\u1ed5 \u0111\u1ea1i, mu\u1ed1i h\u1ed3ng \u0111\u00e3 ra \u0111\u1eddi nh\u01b0 m\u1ed9t kho b\u00e1u c\u1ee7a thi\u00ean nhi\u00ean. Nh\u1eefng tinh th\u1ec3 mu\u1ed1i k\u1ebft tinh qua h\u00e0ng tri\u1ec7u n\u0103m d\u01b0\u1edbi \u00e1p l\u1ef1c \u0111\u1ecba ch\u1ea5t, mang theo s\u1eafc h\u1ed3ng nh\u1eb9 \u0111\u1eb7c tr\u01b0ng v\u00e0 h\u00e0m l\u01b0\u1ee3ng kho\u00e1ng ch\u1ea5t qu\u00fd hi\u1ebfm. Ch\u00ednh ngu\u1ed3n g\u1ed1c l\u00e2u \u0111\u1eddi n\u00e0y \u0111\u00e3 khi\u1ebfn mu\u1ed1i h\u1ed3ng Himalaya \u0111\u01b0\u1ee3c xem nh\u01b0 m\u1ed9t trong nh\u1eefng lo\u1ea1i mu\u1ed1i tinh khi\u1ebft nh\u1ea5t th\u1ebf gi\u1edbi.<\/p>\n<p data-start=\"488\" data-end=\"889\"><img fetchpriority=\"high\" decoding=\"async\" class=\"aligncenter  wp-image-41907\" src=\"https:\/\/havamall.com\/wp-content\/uploads\/2025\/09\/25d67c7ef2a8b07b09e6ab1377e7d6f0.jpg\" alt=\"\" width=\"800\" height=\"1067\" \/><\/p>\n<p data-start=\"889\" data-end=\"1514\">Th\u01b0\u01a1ng hi\u1ec7u\u00a0<strong data-start=\"901\" data-end=\"918\">Star of Spice<\/strong>\u00a0\u0111\u00e3 mang mu\u1ed1i h\u1ed3ng Himalaya \u0111\u1ebfn v\u1edbi c\u0103n b\u1ebfp hi\u1ec7n \u0111\u1ea1i qua thi\u1ebft k\u1ebf l\u1ecd th\u1ee7y tinh 110g nh\u1ecf g\u1ecdn, t\u00edch h\u1ee3p c\u1ed1i xay ti\u1ec7n d\u1ee5ng. \u0110\u00e2y kh\u00f4ng ch\u1ec9 l\u00e0 m\u1ed9t s\u1ea3n ph\u1ea9m gia v\u1ecb, m\u00e0 c\u00f2n l\u00e0 s\u1ef1 k\u1ebft h\u1ee3p h\u00e0i h\u00f2a gi\u1eefa tinh hoa thi\u00ean nhi\u00ean v\u00e0 s\u1ef1 tinh t\u1ebf trong phong c\u00e1ch s\u1ed1ng.<\/p>\n<p data-start=\"889\" data-end=\"1514\"><img decoding=\"async\" class=\"aligncenter\" src=\"https:\/\/i5.walmartimages.com\/seo\/33-Pounds-Natural-Himalayan-Salt-Chunks-Large-Himalayan-Salt-Rough-Crystals-Chunky-Crystals-Pink-Sea-Salt-Crystal-Rocks_2fa6dea1-0a82-4b02-bd5e-2b25c0f0a2b4.bf74cf1666a837988f8dcfd6d45d3f43.jpeg\" alt=\"33 Pounds Natural Himalayan Salt Chunks, Large Liberia | Ubuy\" width=\"800\" height=\"600\" \/><\/p>\n<p data-start=\"889\" data-end=\"1514\">M\u1ed7i h\u1ea1t mu\u1ed1i \u0111\u01b0\u1ee3c tuy\u1ec3n ch\u1ecdn k\u1ef9 l\u01b0\u1ee1ng, gi\u1eef nguy\u00ean s\u1eafc h\u1ed3ng \u0111\u1eb7c tr\u01b0ng, r\u1ed3i \u0111\u00f3ng g\u00f3i trong \u0111i\u1ec1u ki\u1ec7n an to\u00e0n \u0111\u1ec3 \u0111\u1ea3m b\u1ea3o h\u01b0\u01a1ng v\u1ecb v\u00e0 gi\u00e1 tr\u1ecb dinh d\u01b0\u1ee1ng. Nh\u1edd v\u1eady, ng\u01b0\u1eddi d\u00f9ng c\u00f3 th\u1ec3 d\u1ec5 d\u00e0ng th\u01b0\u1edfng th\u1ee9c mu\u1ed1i \u1edf nhi\u1ec1u c\u1ea5p \u0111\u1ed9 xay m\u1ecbn \u2013 t\u1eeb nh\u1eefng h\u1ea1t m\u1ea3nh r\u1eafc tr\u00ean salad, tr\u1ee9ng \u1ed1p la, cho \u0111\u1ebfn nh\u1eefng h\u1ea1t l\u1edbn ho\u00e0n h\u1ea3o khi d\u00f9ng \u0111\u1ec3 n\u01b0\u1edbng th\u1ecbt, c\u00e1 hay rau c\u1ee7.<\/p>\n<p data-start=\"889\" data-end=\"1514\"><img decoding=\"async\" class=\"aligncenter\" src=\"https:\/\/havamall.com\/wp-content\/uploads\/2025\/09\/himalayan-pink-rock-salt-crystals.jpg\" alt=\"Non Branded Himalayan Pink Rock Salt Crystals, Packaging Type: Sac, Grade:  A Grade at \u20b9 36\/kg in Chennai\" width=\"801\" height=\"806\" \/><\/p>\n<p data-start=\"1516\" data-end=\"2059\">\u0110i\u1ec3m kh\u00e1c bi\u1ec7t l\u1edbn nh\u1ea5t c\u1ee7a mu\u1ed1i h\u1ed3ng Himalaya n\u1eb1m \u1edf th\u00e0nh ph\u1ea7n kho\u00e1ng ch\u1ea5t t\u1ef1 nhi\u00ean. Trong m\u1ed7i h\u1ea1t mu\u1ed1i ch\u1ee9a h\u01a1n 80 lo\u1ea1i kho\u00e1ng vi l\u01b0\u1ee3ng nh\u01b0 kali, magi\u00ea, canxi, s\u1eaft\u2026 \u2013 y\u1ebfu t\u1ed1 t\u1ea1o n\u00ean m\u00e0u h\u1ed3ng nh\u1ea1t l\u1ea5p l\u00e1nh. Kh\u00f4ng gi\u1ed1ng mu\u1ed1i tinh luy\u1ec7n th\u01b0\u1eddng b\u1ecb lo\u1ea1i b\u1ecf kho\u00e1ng ch\u1ea5t trong qu\u00e1 tr\u00ecnh ch\u1ebf bi\u1ebfn, mu\u1ed1i h\u1ed3ng gi\u1eef tr\u1ecdn v\u1eb9n h\u00e0m l\u01b0\u1ee3ng dinh d\u01b0\u1ee1ng thi\u00ean nhi\u00ean, mang \u0111\u1ebfn v\u1ecb m\u1eb7n d\u1ecbu nh\u1eb9, c\u00f3 h\u1eadu ng\u1ecdt tinh t\u1ebf. Ch\u00ednh s\u1ef1 kh\u00e1c bi\u1ec7t n\u00e0y khi\u1ebfn mu\u1ed1i h\u1ed3ng kh\u00f4ng ch\u1ec9 n\u00e2ng t\u1ea7m h\u01b0\u01a1ng v\u1ecb m\u00f3n \u0103n m\u00e0 c\u00f2n \u0111\u01b0\u1ee3c \u01b0a chu\u1ed9ng trong ch\u1ebf \u0111\u1ed9 \u0103n u\u1ed1ng l\u00e0nh m\u1ea1nh tr\u00ean to\u00e0n th\u1ebf gi\u1edbi.<\/p>\n<p data-start=\"1516\" data-end=\"2059\"><img loading=\"lazy\" decoding=\"async\" class=\"aligncenter\" src=\"https:\/\/havamall.com\/wp-content\/uploads\/2025\/09\/himalayan-salt_1600x1067.jpg\" alt=\"Himalayan Salt Crystals (Pink) \u2014 Bomar Aromatherapy\" width=\"801\" height=\"534\" \/><\/p>\n<p data-start=\"2061\" data-end=\"2607\">\u1ee8ng d\u1ee5ng trong \u1ea9m th\u1ef1c c\u1ee7a mu\u1ed1i h\u1ed3ng Himalaya v\u00f4 c\u00f9ng phong ph\u00fa. Ch\u1ec9 m\u1ed9t ch\u00fat r\u1eafc nh\u1eb9 c\u00f3 th\u1ec3 l\u00e0m n\u1ed5i b\u1eadt h\u01b0\u01a1ng v\u1ecb c\u1ee7a steak b\u00f2 v\u1eeba n\u01b0\u1edbng, l\u00e0m d\u1eady l\u00ean v\u1ecb ng\u1ecdt t\u1ef1 nhi\u00ean c\u1ee7a sashimi hay tr\u1edf th\u00e0nh \u0111i\u1ec3m nh\u1ea5n b\u1ea5t ng\u1edd tr\u00ean chi\u1ebfc b\u00e1nh chocolate fondant. Trong c\u00e1c m\u00f3n \u0103n chay v\u00e0 healthy, mu\u1ed1i h\u1ed3ng \u0111\u01b0\u1ee3c xem l\u00e0 \u201cgia v\u1ecb v\u00e0ng\u201d khi v\u1eeba \u0111\u00e1p \u1ee9ng y\u1ebfu t\u1ed1 dinh d\u01b0\u1ee1ng, v\u1eeba mang l\u1ea1i s\u1ef1 c\u00e2n b\u1eb1ng h\u01b0\u01a1ng v\u1ecb. Kh\u00f4ng ch\u1ec9 d\u1eebng l\u1ea1i \u1edf n\u1ea5u \u0103n, mu\u1ed1i h\u1ed3ng c\u00f2n \u0111\u01b0\u1ee3c s\u1eed d\u1ee5ng trong nhi\u1ec1u c\u00f4ng th\u1ee9c detox, pha ch\u1ebf \u0111\u1ed3 u\u1ed1ng hay th\u1eadm ch\u00ed l\u00e0 nguy\u00ean li\u1ec7u ch\u0103m s\u00f3c s\u1ee9c kh\u1ecfe v\u00e0 s\u1eafc \u0111\u1eb9p.<\/p>\n<p data-start=\"2061\" data-end=\"2607\"><img loading=\"lazy\" decoding=\"async\" class=\"aligncenter  wp-image-41908\" src=\"https:\/\/havamall.com\/wp-content\/uploads\/2025\/09\/thiet-ke-chua-co-ten-79-1665254300999313322636.png\" alt=\"\" width=\"802\" height=\"501\" \/><\/p>\n<p data-start=\"2609\" data-end=\"2924\">V\u1edbi thi\u1ebft k\u1ebf ti\u1ec7n l\u1ee3i t\u1eeb Star of Spice, ng\u01b0\u1eddi n\u1ed9i tr\u1ee3 c\u00f3 th\u1ec3 d\u1ec5 d\u00e0ng xoay c\u1ed1i xay \u0111\u1ec3 \u0111i\u1ec1u ch\u1ec9nh \u0111\u1ed9 m\u1ecbn, t\u1ea1o n\u00ean s\u1ef1 linh ho\u1ea1t trong ch\u1ebf bi\u1ebfn. L\u1ecd mu\u1ed1i kh\u00f4ng ch\u1ec9 ph\u00f9 h\u1ee3p cho gian b\u1ebfp gia \u0111\u00ecnh, m\u00e0 c\u00f2n l\u00e0 l\u1ef1a ch\u1ecdn tinh t\u1ebf d\u00e0nh cho nh\u1eefng ai y\u00eau th\u00edch \u1ea9m th\u1ef1c v\u00e0 mong mu\u1ed1n bi\u1ebfn m\u1ed7i b\u1eefa \u0103n th\u00e0nh m\u1ed9t tr\u1ea3i nghi\u1ec7m tr\u1ecdn v\u1eb9n. S\u1ea3n ph\u1ea9m n\u00e0y \u0111ang \u0111\u01b0\u1ee3c b\u00e1n t\u1ea1i Havamall.<\/p>\n<\/div>\n<\/div>","protected":false},"excerpt":{"rendered":"<p>TH\u00d4NG TIN CHUNG Th\u01b0\u01a1ng hi\u1ec7u Star of Spice Xu\u1ea5t x\u1ee9 Nh\u1eadt B\u1ea3n Th\u00e0nh ph\u1ea7n Mu\u1ed1i h\u1ed3ng tinh khi\u1ebft t\u1eeb m\u1ecf<\/p>","protected":false},"featured_media":41550,"comment_status":"open","ping_status":"closed","template":"","meta":[],"product_brand":[],"product_cat":[595,675,154],"product_tag":[],"class_list":{"0":"post-41549","1":"product","2":"type-product","3":"status-publish","4":"has-post-thumbnail","6":"product_cat-gia-vi-va-che-bien","7":"product_cat-nhap-khau-nhat-ban","8":"product_cat-gia-vi","10":"first","11":"instock","12":"sale","13":"shipping-taxable","14":"purchasable","15":"product-type-simple"},"_links":{"self":[{"href":"https:\/\/havamall.vn\/en\/wp-json\/wp\/v2\/product\/41549"}],"collection":[{"href":"https:\/\/havamall.vn\/en\/wp-json\/wp\/v2\/product"}],"about":[{"href":"https:\/\/havamall.vn\/en\/wp-json\/wp\/v2\/types\/product"}],"replies":[{"embeddable":true,"href":"https:\/\/havamall.vn\/en\/wp-json\/wp\/v2\/comments?post=41549"}],"version-history":[{"count":0,"href":"https:\/\/havamall.vn\/en\/wp-json\/wp\/v2\/product\/41549\/revisions"}],"wp:featuredmedia":[{"embeddable":true,"href":"https:\/\/havamall.vn\/en\/wp-json\/wp\/v2\/media\/41550"}],"wp:attachment":[{"href":"https:\/\/havamall.vn\/en\/wp-json\/wp\/v2\/media?parent=41549"}],"wp:term":[{"taxonomy":"product_brand","embeddable":true,"href":"https:\/\/havamall.vn\/en\/wp-json\/wp\/v2\/product_brand?post=41549"},{"taxonomy":"product_cat","embeddable":true,"href":"https:\/\/havamall.vn\/en\/wp-json\/wp\/v2\/product_cat?post=41549"},{"taxonomy":"product_tag","embeddable":true,"href":"https:\/\/havamall.vn\/en\/wp-json\/wp\/v2\/product_tag?post=41549"}],"curies":[{"name":"wp","href":"https:\/\/api.w.org\/{rel}","templated":true}]}}