{"id":41540,"date":"2025-09-07T15:15:26","date_gmt":"2025-09-07T08:15:26","guid":{"rendered":"https:\/\/havamall.vn\/?post_type=product&#038;p=41540"},"modified":"2025-09-07T15:15:27","modified_gmt":"2025-09-07T08:15:27","slug":"duong-vien-nhap-khau-nhat-ban-chunichi-hyoto-goi-450g-chunichi-hyoto-cube-sugar-450g","status":"publish","type":"product","link":"https:\/\/havamall.vn\/en\/shop\/duong-vien-nhap-khau-nhat-ban-chunichi-hyoto-goi-450g-chunichi-hyoto-cube-sugar-450g\/","title":{"rendered":"\u0110\u01b0\u1eddng Vi\u00ean Nh\u1eadp Kh\u1ea9u Nh\u1eadt B\u1ea3n Ch\u016bnichi Hy\u014dt\u014d G\u00f3i 450g \u2013 Ch\u016bnichi Hy\u014dt\u014d Cube Sugar 450g"},"content":{"rendered":"<blockquote>\n<h3><em><strong>TH\u00d4NG TIN S\u1ea2N PH\u1ea8M<\/strong><\/em><\/h3>\n<\/blockquote>\n<table>\n<tbody>\n<tr>\n<td>Th\u01b0\u01a1ng hi\u1ec7u<\/td>\n<td>Ch\u016bnichi Hy\u014dt\u014d<\/td>\n<\/tr>\n<tr>\n<td>Xu\u1ea5t x\u1ee9<\/td>\n<td>Nh\u1eadt B\u1ea3n<\/td>\n<\/tr>\n<tr>\n<td>Th\u00e0nh ph\u1ea7n<\/td>\n<td>Xem tr\u00ean bao b\u00ec<\/td>\n<\/tr>\n<tr>\n<td>H\u1ea1n s\u1eed d\u1ee5ng<\/td>\n<td>Xem tr\u00ean bao b\u00ec<\/td>\n<\/tr>\n<tr>\n<td>B\u1ea3o qu\u1ea3n<\/td>\n<td>N\u01a1i kh\u00f4 r\u00e1o, tr\u00e1nh \u1ea9m \u01b0\u1edbt v\u00e0 \u00e1nh n\u1eafng tr\u1ef1c ti\u1ebfp; \u0111\u1eady k\u00edn sau khi m\u1edf.<\/td>\n<\/tr>\n<tr>\n<td>Kh\u1ed1i l\u01b0\u1ee3ng<\/td>\n<td>450g<\/td>\n<\/tr>\n<\/tbody>\n<\/table>\n<p data-start=\"595\" data-end=\"1067\">\u0110\u01b0\u1eddng \u0111\u00e3 \u0111\u1ed3ng h\u00e0nh c\u00f9ng v\u0103n ho\u00e1 \u1ea9m th\u1ef1c kh\u1eafp th\u1ebf gi\u1edbi; \u1edf Nh\u1eadt, b\u00ean c\u1ea1nh nh\u1eefng lo\u1ea1i \u0111\u01b0\u1eddng l\u1ecfng hay \u0111\u01b0\u1eddng n\u00e2u c\u00f3 t\u00ean tu\u1ed5i,\u00a0<strong data-start=\"716\" data-end=\"749\">vi\u00ean \u0111\u01b0\u1eddng (\u89d2\u7802\u7cd6 \/ cube sugar)<\/strong>\u00a0gi\u1eef m\u1ed9t v\u1ecb tr\u00ed \u0111\u1eb7c bi\u1ec7t nh\u1edd t\u00ednh ti\u1ec7n d\u1ee5ng v\u00e0 v\u1ebb \u0111\u1eb9p \u0111\u1ed3ng \u0111\u1ec1u c\u1ee7a t\u1eebng vi\u00ean. \u0110\u01b0\u1eddng vi\u00ean Ch\u016bnichi Hy\u014dt\u014d 450g l\u00e0 minh ch\u1ee9ng cho s\u1ef1 giao thoa gi\u1eefa k\u1ef9 thu\u1eadt s\u1ea3n xu\u1ea5t hi\u1ec7n \u0111\u1ea1i v\u00e0 gu th\u1ea9m m\u1ef9 t\u1ed1i gi\u1ea3n c\u1ee7a ng\u01b0\u1eddi Nh\u1eadt: m\u1ed7i vi\u00ean vu\u00f4ng g\u1ecdn g\u00e0ng, k\u00edch th\u01b0\u1edbc \u0111\u1ed3ng \u0111\u1ec1u, l\u00e0 \u201c\u0111\u01a1n v\u1ecb\u201d ng\u1ecdt ch\u00ednh x\u00e1c cho m\u1ecdi nhu c\u1ea7u pha ch\u1ebf v\u00e0 n\u1ea5u \u0103n.<\/p>\n<p data-start=\"595\" data-end=\"1067\"><img fetchpriority=\"high\" decoding=\"async\" class=\"aligncenter  wp-image-41889\" src=\"https:\/\/havamall.com\/wp-content\/uploads\/2025\/09\/275024009.jpg\" alt=\"\" width=\"800\" height=\"800\" \/><\/p>\n<p data-start=\"1069\" data-end=\"1670\">C\u1ed1t l\u00f5i t\u1ea1o n\u00ean ch\u1ea5t l\u01b0\u1ee3ng b\u1eaft ngu\u1ed3n t\u1eeb nguy\u00ean li\u1ec7u v\u00e0 quy tr\u00ecnh. \u0110\u01b0\u1eddng tinh luy\u1ec7n \u0111\u01b0\u1ee3c ch\u1ecdn l\u1ecdc k\u1ef9, x\u1eed l\u00fd trong d\u00e2y chuy\u1ec1n kh\u00e9p k\u00edn \u0111\u1ec3 lo\u1ea1i b\u1ecf t\u1ea1p ch\u1ea5t, sau \u0111\u00f3 chuy\u1ec3n ho\u00e1 v\u00e0 \u00e9p th\u00e0nh kh\u1ed1i vu\u00f4ng \u1edf k\u00edch th\u01b0\u1edbc ti\u00eau chu\u1ea9n (th\u01b0\u1eddng ~3 g\/vi\u00ean). S\u1ef1 \u0111\u1ed3ng \u0111\u1ec1u v\u1ec1 kh\u1ed1i l\u01b0\u1ee3ng kh\u00f4ng ch\u1ec9 l\u00e0 y\u1ebfu t\u1ed1 th\u1ea9m m\u1ef9 m\u00e0 c\u00f2n l\u00e0 l\u1ee3i th\u1ebf th\u1ef1c t\u1ebf: ng\u01b0\u1eddi d\u00f9ng c\u00f3 th\u1ec3 ki\u1ec3m so\u00e1t l\u01b0\u1ee3ng \u0111\u01b0\u1eddng n\u1ea1p v\u00e0o m\u1ed9t c\u00e1ch tr\u1ef1c quan, gi\u00fap c\u00e2n \u0111\u1ed1i kh\u1ea9u v\u1ecb v\u00e0 l\u01b0\u1ee3ng calo h\u00e0ng ng\u00e0y d\u1ec5 d\u00e0ng h\u01a1n. Qui tr\u00ecnh \u00e9p \u0111\u1ecbnh h\u00ecnh v\u00e0 s\u1ea5y kh\u00f4 \u0111\u01b0\u1ee3c chu\u1ea9n h\u00f3a \u0111\u1ec3 gi\u1eef cho vi\u00ean \u0111\u01b0\u1eddng c\u1ee9ng v\u1eeba \u0111\u1ee7, kh\u00f4ng b\u1edf, d\u1ec5 tan trong n\u01b0\u1edbc n\u00f3ng v\u00e0 kh\u00f4ng b\u1ecb \u1ea9m khi b\u1ea3o qu\u1ea3n \u0111\u00fang c\u00e1ch.<\/p>\n<p data-start=\"1069\" data-end=\"1670\"><img decoding=\"async\" class=\"aligncenter  wp-image-41890\" src=\"https:\/\/havamall.com\/wp-content\/uploads\/2025\/09\/IMG_6471n.webp\" alt=\"\" width=\"800\" height=\"1066\" \/><\/p>\n<p data-start=\"1672\" data-end=\"2146\">V\u1ecb c\u1ee7a Ch\u016bnichi Hy\u014dt\u014d l\u00e0 v\u1ecb ng\u1ecdt tinh khi\u1ebft, kh\u00f4ng c\u00f3 m\u00f9i l\u1ea1; khi cho v\u00e0o tr\u00e0 n\u00f3ng hay c\u00e0 ph\u00ea, vi\u00ean \u0111\u01b0\u1eddng tan \u0111\u1ec1u, \u0111\u1ec3 l\u1ea1i h\u1eadu v\u1ecb m\u1ec1m m\u1ea1i, kh\u00f4ng g\u1eaft. Ch\u00ednh s\u1ef1 \u201ctrong\u201d c\u1ee7a v\u1ecb ng\u1ecdt n\u00e0y khi\u1ebfn vi\u00ean \u0111\u01b0\u1eddng r\u1ea5t \u0111\u01b0\u1ee3c \u01b0a chu\u1ed9ng trong pha ch\u1ebf \u0111\u1ed3 u\u1ed1ng tinh t\u1ebf \u2014 t\u1eeb t\u00e1ch tr\u00e0 bu\u1ed5i s\u00e1ng cho \u0111\u1ebfn c\u00e0 ph\u00ea espresso sau b\u1eefa tr\u01b0a. \u1ede b\u1ebfp, vi\u00ean \u0111\u01b0\u1eddng c\u00f2n gi\u00fap gia t\u0103ng \u0111\u1ed9 ch\u00ednh x\u00e1c khi l\u00e0m b\u00e1nh hay n\u1ea5u m\u00f3n d\u00f9ng l\u01b0\u1ee3ng \u0111\u01b0\u1eddng h\u1ea1n ch\u1ebf: thay v\u00ec m\u00fac mu\u1ed7ng, ch\u1ec9 vi\u1ec7c \u0111o b\u1eb1ng vi\u00ean, thao t\u00e1c ti\u1ec7n v\u00e0 s\u1ea1ch.<\/p>\n<p data-start=\"1672\" data-end=\"2146\"><img decoding=\"async\" class=\"aligncenter  wp-image-41891\" src=\"https:\/\/havamall.com\/wp-content\/uploads\/2025\/09\/coffee-cups-black-sugar-wallpaper.jpg\" alt=\"\" width=\"800\" height=\"500\" \/><\/p>\n<p data-start=\"2148\" data-end=\"2586\">Trong v\u0103n ho\u00e1 \u1ea9m th\u1ef1c Nh\u1eadt, \u0111\u01b0\u1eddng vi\u00ean th\u01b0\u1eddng xu\u1ea5t hi\u1ec7n b\u00ean c\u1ea1nh wagashi (b\u00e1nh ng\u1ecdt truy\u1ec1n th\u1ed1ng) khi th\u01b0\u1edfng tr\u00e0 \u2014 \u0111\u1ec3 c\u00e2n b\u1eb1ng v\u1ecb \u0111\u0103ng c\u1ee7a b\u00e1nh v\u1edbi v\u1ecb h\u01a1i ch\u00e1t c\u1ee7a tr\u00e0. Ngo\u00e0i ra, vi\u00ean \u0111\u01b0\u1eddng c\u0169ng \u0111\u01b0\u1ee3c d\u00f9ng trong pha ch\u1ebf cocktail, h\u00f2a v\u00e0o c\u00e1c siro, ho\u1eb7c l\u00e0m caramel ho\u00e1 nhanh khi c\u1ea7n t\u1ea1o m\u00e0u v\u00e0ng b\u00f3ng cho m\u00f3n tr\u00e1ng mi\u1ec7ng. V\u1edbi thi\u1ebft k\u1ebf t\u00fai 450g, s\u1ea3n ph\u1ea9m ph\u00f9 h\u1ee3p cho h\u1ed9 gia \u0111\u00ecnh, qu\u00e1n c\u00e0 ph\u00ea nh\u1ecf ho\u1eb7c n\u01a1i c\u1ea7n l\u01b0\u1ee3ng \u0111\u01b0\u1eddng \u0111\u1ecbnh l\u01b0\u1ee3ng \u0111\u1ec1u \u0111\u1eb7n.<\/p>\n<p><img loading=\"lazy\" decoding=\"async\" class=\"wp-image-41892\" src=\"https:\/\/havamall.com\/wp-content\/uploads\/2025\/09\/00214043-Tea-in-white-cup-sugar-cube-on-spoon-and-beside-cup.jpg\" alt=\"\" width=\"801\" height=\"714\" \/><\/p>\n<p data-start=\"2588\" data-end=\"3039\">V\u1ec1 dinh d\u01b0\u1ee1ng, \u0111\u01b0\u1eddng tinh luy\u1ec7n ch\u1ee7 y\u1ebfu cung c\u1ea5p carbohydrate \u0111\u01a1n (n\u0103ng l\u01b0\u1ee3ng nhanh). \u0110i\u1ec3m m\u1ea1nh c\u1ee7a d\u1ea1ng vi\u00ean l\u00e0\u00a0<strong data-start=\"2701\" data-end=\"2733\">kh\u1ea3 n\u0103ng ki\u1ec3m so\u00e1t kh\u1ea9u ph\u1ea7n<\/strong>: m\u1ed7i vi\u00ean l\u00e0 m\u1ed9t \u0111\u01a1n v\u1ecb l\u01b0\u1ee3ng x\u00e1c \u0111\u1ecbnh, gi\u00fap ng\u01b0\u1eddi d\u00f9ng d\u1ec5 d\u00e0ng theo d\u00f5i l\u01b0\u1ee3ng \u0111\u01b0\u1eddng ti\u00eau th\u1ee5 \u2014 \u0111i\u1ec1u quan tr\u1ecdng khi x\u00e2y d\u1ef1ng ch\u1ebf \u0111\u1ed9 \u0103n c\u00e2n b\u1eb1ng. T\u1ea5t nhi\u00ean, \u0111\u01b0\u1eddng n\u00ean d\u00f9ng \u1edf m\u1ee9c v\u1eeba ph\u1ea3i; vi\u00ean \u0111\u01b0\u1eddng c\u1ee7a Ch\u016bnichi Hy\u014dt\u014d l\u00e0 c\u00f4ng c\u1ee5 h\u1ed7 tr\u1ee3 ki\u1ec3m so\u00e1t \u0111\u00f3 ch\u1ee9 kh\u00f4ng bi\u1ebfn \u0111\u1ed5i t\u00ednh ch\u1ea5t dinh d\u01b0\u1ee1ng c\u01a1 b\u1ea3n c\u1ee7a \u0111\u01b0\u1eddng.<\/p>\n<p data-start=\"2588\" data-end=\"3039\"><img loading=\"lazy\" decoding=\"async\" class=\"aligncenter  wp-image-41893\" src=\"https:\/\/havamall.com\/wp-content\/uploads\/2025\/09\/cube-5040933_1280.jpg\" alt=\"\" width=\"801\" height=\"541\" \/><\/p>\n<p data-start=\"3512\" data-end=\"3875\">H\u00e3y ngh\u0129 v\u1ec1 Ch\u016bnichi Hy\u014dt\u014d 450g nh\u01b0 m\u1ed9t m\u00f3n \u0111\u1ed3 b\u1ebfp \u201c\u0111\u01a1n v\u1ecb chu\u1ea9n\u201d cho v\u1ecb ng\u1ecdt: ti\u1ec7n d\u1ee5ng khi pha m\u1ed9t t\u00e1ch tr\u00e0, ch\u00ednh x\u00e1c khi l\u00e0m b\u00e1nh, v\u00e0 tinh t\u1ebf khi d\u00f9ng trong nh\u1eefng kho\u1ea3nh kh\u1eafc th\u01b0\u1edfng th\u1ee9c nh\u1ecf xinh. N\u1ebfu b\u1ea1n mu\u1ed1n b\u1ebfp nh\u00e0 v\u1eeba g\u1ecdn g\u00e0ng v\u1eeba chu\u1ea9n m\u1ef1c,\u00a0<strong data-start=\"3762\" data-end=\"3805\">\u0110\u01b0\u1eddng Vi\u00ean Nh\u1eadt B\u1ea3n Ch\u016bnichi Hy\u014dt\u014d 450g<\/strong>\u00a0l\u00e0 l\u1ef1a ch\u1ecdn \u0111\u01a1n gi\u1ea3n nh\u01b0ng tinh t\u1ebf \u0111\u1ec3 th\u00eam v\u00e0o list mua s\u1eafm c\u1ee7a m\u00ecnh.<\/p>","protected":false},"excerpt":{"rendered":"<p>TH\u00d4NG TIN S\u1ea2N PH\u1ea8M Th\u01b0\u01a1ng hi\u1ec7u Ch\u016bnichi Hy\u014dt\u014d Xu\u1ea5t x\u1ee9 Nh\u1eadt B\u1ea3n Th\u00e0nh ph\u1ea7n Xem tr\u00ean bao b\u00ec H\u1ea1n s\u1eed<\/p>","protected":false},"featured_media":41541,"comment_status":"open","ping_status":"closed","template":"","meta":[],"product_brand":[],"product_cat":[255,675,131],"product_tag":[],"class_list":{"0":"post-41540","1":"product","2":"type-product","3":"status-publish","4":"has-post-thumbnail","6":"product_cat-nguyen-lieu-lam-banh","7":"product_cat-nhap-khau-nhat-ban","8":"product_cat-nguyen-lieu-lam-bep","10":"first","11":"instock","12":"sale","13":"shipping-taxable","14":"purchasable","15":"product-type-simple"},"_links":{"self":[{"href":"https:\/\/havamall.vn\/en\/wp-json\/wp\/v2\/product\/41540"}],"collection":[{"href":"https:\/\/havamall.vn\/en\/wp-json\/wp\/v2\/product"}],"about":[{"href":"https:\/\/havamall.vn\/en\/wp-json\/wp\/v2\/types\/product"}],"replies":[{"embeddable":true,"href":"https:\/\/havamall.vn\/en\/wp-json\/wp\/v2\/comments?post=41540"}],"version-history":[{"count":0,"href":"https:\/\/havamall.vn\/en\/wp-json\/wp\/v2\/product\/41540\/revisions"}],"wp:featuredmedia":[{"embeddable":true,"href":"https:\/\/havamall.vn\/en\/wp-json\/wp\/v2\/media\/41541"}],"wp:attachment":[{"href":"https:\/\/havamall.vn\/en\/wp-json\/wp\/v2\/media?parent=41540"}],"wp:term":[{"taxonomy":"product_brand","embeddable":true,"href":"https:\/\/havamall.vn\/en\/wp-json\/wp\/v2\/product_brand?post=41540"},{"taxonomy":"product_cat","embeddable":true,"href":"https:\/\/havamall.vn\/en\/wp-json\/wp\/v2\/product_cat?post=41540"},{"taxonomy":"product_tag","embeddable":true,"href":"https:\/\/havamall.vn\/en\/wp-json\/wp\/v2\/product_tag?post=41540"}],"curies":[{"name":"wp","href":"https:\/\/api.w.org\/{rel}","templated":true}]}}