{"id":41530,"date":"2025-09-07T11:52:08","date_gmt":"2025-09-07T04:52:08","guid":{"rendered":"https:\/\/havamall.vn\/?post_type=product&#038;p=41530"},"modified":"2025-09-07T11:52:11","modified_gmt":"2025-09-07T04:52:11","slug":"duong-nau-mat-sanonto-nhat-ban-1-kg-sanonto-japanese-light-brown-sugar","status":"publish","type":"product","link":"https:\/\/havamall.vn\/en\/shop\/duong-nau-mat-sanonto-nhat-ban-1-kg-sanonto-japanese-light-brown-sugar\/","title":{"rendered":"\u0110\u01b0\u1eddng N\u00e2u M\u1eadt Sanont\u014d Nh\u1eadt B\u1ea3n 1 kg \u2013 Sanonto Japanese Light Brown Sugar"},"content":{"rendered":"<blockquote>\n<h2><em><strong>TH\u00d4NG TIN CHUNG<\/strong><\/em><\/h2>\n<\/blockquote>\n<table style=\"width: 60.4447%;height: 142px\">\n<tbody>\n<tr>\n<td>Th\u01b0\u01a1ng hi\u1ec7u<\/td>\n<td>Sanont\u014d (\u4e09\u6e29\u7cd6 \u2013 San On T\u014d)<\/td>\n<\/tr>\n<tr>\n<td>Xu\u1ea5t x\u1ee9<\/td>\n<td>Nh\u1eadt B\u1ea3n<\/td>\n<\/tr>\n<tr>\n<td>Th\u00e0nh ph\u1ea7n<\/td>\n<td>\u0110\u01b0\u1eddng tinh luy\u1ec7n (sucrose), kh\u00f4ng ch\u1ee9a melasse, t\u1ea1o m\u00e0u v\u00e0 h\u01b0\u01a1ng v\u1ecb qua nhi\u1ec1u l\u1ea7n gia nhi\u1ec7t<\/td>\n<\/tr>\n<tr>\n<td>H\u1ea1n s\u1eed d\u1ee5ng<\/td>\n<td>Xem tr\u00ean Bao b\u00ec<\/td>\n<\/tr>\n<tr>\n<td>B\u1ea3o qu\u1ea3n<\/td>\n<td>\n<p class=\"\" data-start=\"162\" data-end=\"205\">N\u01a1i kh\u00f4 r\u00e1o, tho\u00e1ng m\u00e1t, tr\u00e1nh \u00e1nh n\u1eafng tr\u1ef1c ti\u1ebfp<\/p>\n<\/td>\n<\/tr>\n<tr>\n<td>\u00a0Kh\u1ed1i l\u01b0\u1ee3ng<\/td>\n<td>1kg<\/td>\n<\/tr>\n<\/tbody>\n<\/table>\n<p style=\"text-align: justify\">Trong v\u0103n h\u00f3a \u1ea9m th\u1ef1c Nh\u1eadt B\u1ea3n, \u0111\u01b0\u1eddng kh\u00f4ng ch\u1ec9 l\u00e0 m\u1ed9t gia v\u1ecb t\u1ea1o ng\u1ecdt m\u00e0 c\u00f2n l\u00e0 n\u1ec1n t\u1ea3ng gi\u00fap c\u00e2n b\u1eb1ng v\u1ecb gi\u00e1c, l\u00e0m d\u1ecbu v\u1ecb m\u1eb7n c\u1ee7a n\u01b0\u1edbc t\u01b0\u01a1ng v\u00e0 n\u1ed5i b\u1eadt h\u01b0\u01a1ng th\u01a1m c\u1ee7a c\u00e1c nguy\u00ean li\u1ec7u t\u1ef1 nhi\u00ean. Gi\u1eefa v\u00f4 v\u00e0n lo\u1ea1i \u0111\u01b0\u1eddng,\u00a0<strong data-start=\"892\" data-end=\"909\">Sanont\u014d (\u4e09\u6e29\u7cd6)<\/strong>\u00a0mang m\u1ed9t v\u1ecb tr\u00ed \u0111\u1eb7c bi\u1ec7t. T\u00ean g\u1ecdi \u201cSanont\u014d\u201d c\u00f3 ngh\u0129a l\u00e0 \u201c\u0111\u01b0\u1eddng ba l\u1ea7n gia nhi\u1ec7t\u201d, ph\u1ea3n \u00e1nh ch\u00ednh x\u00e1c quy tr\u00ecnh s\u1ea3n xu\u1ea5t \u0111\u1eb7c tr\u01b0ng: \u0111\u01b0\u1eddng tr\u1eafng sau khi \u0111\u01b0\u1ee3c tinh ch\u1ebf s\u1ebd ti\u1ebfp t\u1ee5c \u0111\u01b0\u1ee3c gia nhi\u1ec7t l\u1eb7p l\u1ea1i, khi\u1ebfn m\u00e0u s\u1eafc d\u1ea7n chuy\u1ec3n sang v\u00e0ng h\u1ed5 ph\u00e1ch, h\u01b0\u01a1ng caramel tho\u1ea3ng nh\u1eb9 d\u1ea7n h\u00ecnh th\u00e0nh v\u00e0 \u0111\u1ed9 \u1ea9m tr\u1edf n\u00ean l\u00fd t\u01b0\u1edfng cho vi\u1ec7c n\u1ea5u n\u01b0\u1edbng. Ch\u00ednh nh\u1edd quy tr\u00ecnh tinh luy\u1ec7n c\u00f4ng phu n\u00e0y m\u00e0 m\u1ed7i h\u1ea1t \u0111\u01b0\u1eddng \u0111\u1ec1u g\u00f3i tr\u1ecdn h\u01b0\u01a1ng v\u1ecb \u1ea5m \u00e1p, kh\u00e1c bi\u1ec7t ho\u00e0n to\u00e0n so v\u1edbi \u0111\u01b0\u1eddng tr\u1eafng th\u00f4ng th\u01b0\u1eddng.<\/p>\n<p><img fetchpriority=\"high\" decoding=\"async\" class=\"aligncenter  wp-image-41873\" src=\"https:\/\/havamall.com\/wp-content\/uploads\/2025\/09\/types-of-sugar-turbinado-170-scaled.webp\" alt=\"\" width=\"800\" height=\"600\" \/><\/p>\n<p style=\"text-align: justify\" data-start=\"1451\" data-end=\"1915\"><em><strong>Sanont\u014d<\/strong><\/em>\u00a0kh\u00f4ng ch\u1ee9a l\u1edbp m\u1eadt m\u00eda (molasses) d\u00e0y nh\u01b0 c\u00e1c lo\u1ea1i \u0111\u01b0\u1eddng n\u00e2u ph\u01b0\u01a1ng T\u00e2y, nh\u01b0ng l\u1ea1i s\u1edf h\u1eefu\u00a0<strong data-start=\"1549\" data-end=\"1591\">s\u1eafc v\u00e0ng \u00f3ng v\u00e0 h\u01b0\u01a1ng caramel t\u1ef1 nhi\u00ean<\/strong>, t\u1ea1o n\u00ean s\u1ef1 c\u00e2n b\u1eb1ng ho\u00e0n h\u1ea3o gi\u1eefa \u0111\u1ed9 ng\u1ecdt thanh khi\u1ebft v\u00e0 h\u1eadu v\u1ecb d\u1ecbu \u1ea5m. V\u1edbi \u0111\u1ed9 \u1ea9m v\u1eeba ph\u1ea3i, Sanont\u014d d\u1ec5 d\u00e0ng tan ch\u1ea3y, th\u1ea5m \u0111\u1ec1u v\u00e0o m\u00f3n \u0103n m\u00e0 kh\u00f4ng l\u00e0m v\u1ecb ng\u1ecdt tr\u1edf n\u00ean g\u1eaft. Nh\u1edd v\u1eady, n\u00f3 th\u01b0\u1eddng \u0111\u01b0\u1ee3c xem l\u00e0 \u201cb\u00ed quy\u1ebft th\u1ea7m l\u1eb7ng\u201d c\u1ee7a nhi\u1ec1u \u0111\u1ea7u b\u1ebfp Nh\u1eadt trong vi\u1ec7c l\u00e0m t\u0103ng chi\u1ec1u s\u00e2u h\u01b0\u01a1ng v\u1ecb m\u00e0 kh\u00f4ng l\u1ea5n \u00e1t nguy\u00ean li\u1ec7u ch\u00ednh.<\/p>\n<p data-start=\"1451\" data-end=\"1915\"><img decoding=\"async\" class=\"aligncenter  wp-image-41874\" src=\"https:\/\/havamall.com\/wp-content\/uploads\/2025\/09\/types-of-sugar-light-brown-164-scaled.webp\" alt=\"\" width=\"800\" height=\"600\" \/><\/p>\n<p style=\"text-align: justify\" data-start=\"1974\" data-end=\"2485\">\u0110\u1ec3 c\u00f3 \u0111\u01b0\u1ee3c th\u00e0nh ph\u1ea9m Sanont\u014d, ng\u01b0\u1eddi Nh\u1eadt s\u1eed d\u1ee5ng \u0111\u01b0\u1eddng tr\u1eafng tinh luy\u1ec7n, sau \u0111\u00f3\u00a0<strong data-start=\"2055\" data-end=\"2116\">gia nhi\u1ec7t nhi\u1ec1u l\u1ea7n trong \u0111i\u1ec1u ki\u1ec7n ki\u1ec3m so\u00e1t nghi\u00eam ng\u1eb7t<\/strong>. M\u1ed7i l\u1ea7n gia nhi\u1ec7t gi\u00fap \u0111\u01b0\u1eddng \u0111\u1ea1t \u0111\u1ebfn m\u1ed9t c\u1ea5p \u0111\u1ed9 h\u01b0\u01a1ng v\u1ecb m\u1edbi: d\u1ea7n d\u1ea7n chuy\u1ec3n t\u1eeb ng\u1ecdt thanh thu\u1ea7n t\u00fay sang ng\u1ecdt d\u1ecbu, xen l\u1eabn h\u01b0\u01a1ng caramel nh\u1eb9. Cu\u1ed1i c\u00f9ng, s\u1ea3n ph\u1ea9m thu \u0111\u01b0\u1ee3c c\u00f3 m\u00e0u v\u00e0ng nh\u1ea1t, h\u1ea1t m\u1ecbn, \u0111\u1ed9 \u1ea9m \u1ed5n \u0111\u1ecbnh \u2013 ho\u00e0n h\u1ea3o cho c\u1ea3 ch\u1ebf bi\u1ebfn v\u00e0 l\u00e0m b\u00e1nh. \u0110\u00e2y ch\u00ednh l\u00e0 minh ch\u1ee9ng cho s\u1ef1 t\u1ec9 m\u1ec9 trong k\u1ef9 ngh\u1ec7 th\u1ef1c ph\u1ea9m Nh\u1eadt B\u1ea3n, n\u01a1i t\u1eebng chi ti\u1ebft nh\u1ecf \u0111\u1ec1u \u0111\u01b0\u1ee3c ch\u0103m ch\u00fat.<\/p>\n<p data-start=\"1974\" data-end=\"2485\"><img decoding=\"async\" class=\"aligncenter  wp-image-41875\" src=\"https:\/\/havamall.com\/wp-content\/uploads\/2025\/09\/Toasted-sugar-3.webp\" alt=\"\" width=\"800\" height=\"533\" \/><\/p>\n<p style=\"text-align: justify\" data-start=\"2540\" data-end=\"2916\">\u1ea8m th\u1ef1c Nh\u1eadt B\u1ea3n \u0111\u1ec1 cao s\u1ef1 tinh t\u1ebf, c\u00e2n b\u1eb1ng v\u00e0 Sanont\u014d g\u00f3p ph\u1ea7n quan tr\u1ecdng trong vi\u1ec7c \u0111\u1ea1t \u0111\u01b0\u1ee3c \u0111i\u1ec1u \u0111\u00f3. Lo\u1ea1i \u0111\u01b0\u1eddng n\u00e0y th\u01b0\u1eddng \u0111\u01b0\u1ee3c s\u1eed d\u1ee5ng trong\u00a0<strong data-start=\"2686\" data-end=\"2706\">c\u00e1c m\u00f3n kho, h\u1ea7m<\/strong>\u00a0nh\u01b0\u00a0<strong data-start=\"2711\" data-end=\"2723\">Nikujaga<\/strong>\u00a0(th\u1ecbt b\u00f2 h\u1ea7m khoai t\u00e2y),\u00a0<strong data-start=\"2749\" data-end=\"2759\">Kakuni<\/strong>\u00a0(th\u1ecbt ba ch\u1ec9 kho m\u1ec1m), hay\u00a0<strong data-start=\"2787\" data-end=\"2800\">Tsukudani<\/strong>\u00a0(th\u1ee9c \u0103n kho m\u1eb7n v\u1edbi n\u01b0\u1edbc t\u01b0\u01a1ng). Sanont\u014d gi\u00fap m\u00f3n \u0103n c\u00f3 m\u00e0u n\u00e2u \u00f3ng \u1ea3, h\u01b0\u01a1ng v\u1ecb tr\u00f2n \u0111\u1ea7y v\u00e0 v\u1ecb ng\u1ecdt m\u1eb7n h\u00e0i h\u00f2a.<\/p>\n<p data-start=\"2540\" data-end=\"2916\"><img loading=\"lazy\" decoding=\"async\" class=\"aligncenter\" src=\"https:\/\/havamall.com\/wp-content\/uploads\/2025\/09\/image.jpg\" alt=\"GOHAN LAB\/ 'Simmered and rolled' potatoes: To get just the right sweetness,  use this Japanese memory trick | The Asahi Shimbun: Breaking News, Japan  News and Analysis\" width=\"802\" height=\"451\" \/><\/p>\n<p style=\"text-align: justify\" data-start=\"2918\" data-end=\"3282\">Ngo\u00e0i ra, trong\u00a0<strong data-start=\"2934\" data-end=\"2963\">\u1ea9m th\u1ef1c n\u01b0\u1edbng v\u00e0 l\u00e0m b\u00e1nh<\/strong>, Sanont\u014d t\u1ea1o n\u00ean s\u1eafc v\u00e0ng h\u1ea5p d\u1eabn, gi\u1eef \u1ea9m cho b\u00e1nh, \u0111\u1ed3ng th\u1eddi mang \u0111\u1ebfn m\u00f9i th\u01a1m nh\u1eb9 c\u1ee7a caramel, khi\u1ebfn h\u01b0\u01a1ng v\u1ecb tr\u1edf n\u00ean g\u1ea7n g\u0169i, \u1ea5m \u00e1p. M\u1ed9t s\u1ed1 m\u00f3n b\u00e1nh truy\u1ec1n th\u1ed1ng Nh\u1eadt nh\u01b0\u00a0<strong data-start=\"3138\" data-end=\"3150\">Dorayaki<\/strong>\u00a0(b\u00e1nh r\u00e1n nh\u00e2n \u0111\u1eadu \u0111\u1ecf) hay\u00a0<strong data-start=\"3178\" data-end=\"3190\">Castella<\/strong>\u00a0(b\u00e1nh b\u00f4ng lan Nh\u1eadt) c\u0169ng th\u01b0\u1eddng s\u1eed d\u1ee5ng Sanont\u014d \u0111\u1ec3 \u0111\u1ea1t \u0111\u01b0\u1ee3c \u0111\u1ed9 ng\u1ecdt v\u00e0 k\u1ebft c\u1ea5u ho\u00e0n h\u1ea3o.<\/p>\n<p data-start=\"2918\" data-end=\"3282\"><img loading=\"lazy\" decoding=\"async\" class=\"aligncenter\" src=\"https:\/\/havamall.com\/wp-content\/uploads\/2025\/09\/92A0440.jpg\" alt=\"\u3069\u3089\u713c\u304d\uff0816\u500b\uff09\u3010\u9001\u6599\u7121\u6599\u3011 \u2013 \u7f8a\u7f8a YOYO AN FACTORY\" width=\"800\" height=\"533\" \/><\/p>\n<p style=\"text-align: justify\" data-start=\"3324\" data-end=\"3772\">V\u1ec1 n\u0103ng l\u01b0\u1ee3ng, Sanont\u014d t\u01b0\u01a1ng \u0111\u01b0\u01a1ng v\u1edbi \u0111\u01b0\u1eddng tr\u1eafng, nh\u01b0ng \u0111i\u1ec3m kh\u00e1c bi\u1ec7t n\u1eb1m \u1edf\u00a0<strong data-start=\"3403\" data-end=\"3426\">tr\u1ea3i nghi\u1ec7m v\u1ecb gi\u00e1c<\/strong>. Nh\u1edd \u0111\u01b0\u1ee3c gia nhi\u1ec7t nhi\u1ec1u l\u1ea7n, Sanont\u014d kh\u00f4ng ch\u1ec9 t\u1ea1o c\u1ea3m gi\u00e1c ng\u1ecdt d\u1ecbu, d\u1ec5 ch\u1ecbu m\u00e0 c\u00f2n g\u00f3p ph\u1ea7n gi\u00fap m\u00f3n \u0103n tr\u1edf n\u00ean \u0111\u1eadm \u0111\u00e0 v\u00e0 d\u1ec5 ti\u00eau h\u00f3a h\u01a1n. \u1ede Nh\u1eadt B\u1ea3n, nhi\u1ec1u b\u00e0 n\u1ed9i tr\u1ee3 tin r\u1eb1ng vi\u1ec7c s\u1eed d\u1ee5ng Sanont\u014d trong n\u1ea5u \u0103n h\u1eb1ng ng\u00e0y gi\u00fap b\u1eefa c\u01a1m gia \u0111\u00ecnh c\u00e2n b\u1eb1ng, v\u1eeba ngon mi\u1ec7ng v\u1eeba th\u00e2n thi\u1ec7n v\u1edbi s\u1ee9c kh\u1ecfe h\u01a1n so v\u1edbi vi\u1ec7c d\u00f9ng qu\u00e1 nhi\u1ec1u \u0111\u01b0\u1eddng tr\u1eafng.\u00a0<em><strong>\u0110\u01b0\u1eddng N\u00e2u M\u1eadt Sanont\u014d Nh\u1eadt B\u1ea3n 1 kg hi\u1ec7n \u0111\u00e3 c\u00f3 m\u1eb7t t\u1ea1i Havamall !<\/strong><\/em><\/p>","protected":false},"excerpt":{"rendered":"<p>TH\u00d4NG TIN CHUNG Th\u01b0\u01a1ng hi\u1ec7u Sanont\u014d (\u4e09\u6e29\u7cd6 \u2013 San On T\u014d) Xu\u1ea5t x\u1ee9 Nh\u1eadt B\u1ea3n Th\u00e0nh ph\u1ea7n \u0110\u01b0\u1eddng tinh luy\u1ec7n<\/p>","protected":false},"featured_media":41531,"comment_status":"open","ping_status":"closed","template":"","meta":[],"product_brand":[],"product_cat":[595,255,675,154,131],"product_tag":[],"class_list":{"0":"post-41530","1":"product","2":"type-product","3":"status-publish","4":"has-post-thumbnail","6":"product_cat-gia-vi-va-che-bien","7":"product_cat-nguyen-lieu-lam-banh","8":"product_cat-nhap-khau-nhat-ban","9":"product_cat-gia-vi","10":"product_cat-nguyen-lieu-lam-bep","12":"first","13":"instock","14":"sale","15":"shipping-taxable","16":"purchasable","17":"product-type-simple"},"_links":{"self":[{"href":"https:\/\/havamall.vn\/en\/wp-json\/wp\/v2\/product\/41530"}],"collection":[{"href":"https:\/\/havamall.vn\/en\/wp-json\/wp\/v2\/product"}],"about":[{"href":"https:\/\/havamall.vn\/en\/wp-json\/wp\/v2\/types\/product"}],"replies":[{"embeddable":true,"href":"https:\/\/havamall.vn\/en\/wp-json\/wp\/v2\/comments?post=41530"}],"version-history":[{"count":0,"href":"https:\/\/havamall.vn\/en\/wp-json\/wp\/v2\/product\/41530\/revisions"}],"wp:featuredmedia":[{"embeddable":true,"href":"https:\/\/havamall.vn\/en\/wp-json\/wp\/v2\/media\/41531"}],"wp:attachment":[{"href":"https:\/\/havamall.vn\/en\/wp-json\/wp\/v2\/media?parent=41530"}],"wp:term":[{"taxonomy":"product_brand","embeddable":true,"href":"https:\/\/havamall.vn\/en\/wp-json\/wp\/v2\/product_brand?post=41530"},{"taxonomy":"product_cat","embeddable":true,"href":"https:\/\/havamall.vn\/en\/wp-json\/wp\/v2\/product_cat?post=41530"},{"taxonomy":"product_tag","embeddable":true,"href":"https:\/\/havamall.vn\/en\/wp-json\/wp\/v2\/product_tag?post=41530"}],"curies":[{"name":"wp","href":"https:\/\/api.w.org\/{rel}","templated":true}]}}