{"id":41101,"date":"2025-08-25T14:27:48","date_gmt":"2025-08-25T07:27:48","guid":{"rendered":"https:\/\/havamall.vn\/?post_type=product&#038;p=41101"},"modified":"2025-08-25T14:48:50","modified_gmt":"2025-08-25T07:48:50","slug":"la-nhua-trang-tri-sushi-nhat-ban-50-la-sushi-plastic-baran-decoration-japan","status":"publish","type":"product","link":"https:\/\/havamall.vn\/en\/shop\/la-nhua-trang-tri-sushi-nhat-ban-50-la-sushi-plastic-baran-decoration-japan\/","title":{"rendered":"Set 50 L\u00e1 Nh\u1ef1a Trang Tr\u00ed Sushi Nh\u1eadt B\u1ea3n \u2013 Sushi Plastic Baran Decoration Japan"},"content":{"rendered":"<blockquote>\n<h2 data-start=\"255\" data-end=\"276\"><em><strong>TH\u00d4NG TIN CHUNG<\/strong><\/em><\/h2>\n<\/blockquote>\n<div class=\"_tableContainer_sk2ct_1\">\n<div class=\"_tableWrapper_sk2ct_13 group flex w-fit flex-col-reverse\">\n<table class=\"w-fit min-w-(--thread-content-width)\" style=\"width: 68.052%;height: 274px\" data-start=\"278\" data-end=\"700\">\n<tbody data-start=\"360\" data-end=\"700\">\n<tr data-start=\"360\" data-end=\"390\">\n<td style=\"text-align: center\" data-start=\"360\" data-end=\"374\" data-col-size=\"sm\">Th\u01b0\u01a1ng hi\u1ec7u<\/td>\n<td style=\"text-align: center\" data-col-size=\"md\" data-start=\"374\" data-end=\"390\">N\u1ed9i \u0111\u1ecba Nh\u1eadt<\/td>\n<\/tr>\n<tr data-start=\"391\" data-end=\"413\">\n<td style=\"text-align: center\" data-start=\"391\" data-end=\"401\" data-col-size=\"sm\">Xu\u1ea5t x\u1ee9<\/td>\n<td style=\"text-align: center\" data-col-size=\"md\" data-start=\"401\" data-end=\"413\">Nh\u1eadt B\u1ea3n<\/td>\n<\/tr>\n<tr data-start=\"414\" data-end=\"453\">\n<td style=\"text-align: center\" data-start=\"414\" data-end=\"427\" data-col-size=\"sm\">Th\u00e0nh ph\u1ea7n<\/td>\n<td style=\"text-align: center\" data-col-size=\"md\" data-start=\"427\" data-end=\"453\">Nh\u1ef1a an to\u00e0n th\u1ef1c ph\u1ea9m<\/td>\n<\/tr>\n<tr data-start=\"454\" data-end=\"554\">\n<td style=\"text-align: center\" data-start=\"454\" data-end=\"468\" data-col-size=\"sm\">H\u1ea1n s\u1eed d\u1ee5ng<\/td>\n<td style=\"text-align: center\" data-col-size=\"md\" data-start=\"468\" data-end=\"554\">Kh\u00f4ng gi\u1edbi h\u1ea1n (khuy\u1ebfn ngh\u1ecb s\u1eed d\u1ee5ng t\u1ed1t nh\u1ea5t trong v\u00f2ng 5 n\u0103m k\u1ec3 t\u1eeb ng\u00e0y s\u1ea3n xu\u1ea5t)<\/td>\n<\/tr>\n<tr data-start=\"555\" data-end=\"646\">\n<td style=\"text-align: center\" data-start=\"555\" data-end=\"566\" data-col-size=\"sm\">B\u1ea3o qu\u1ea3n<\/td>\n<td style=\"text-align: center\" data-col-size=\"md\" data-start=\"566\" data-end=\"646\">\u2013 \u0110\u1ec3 n\u01a1i kh\u00f4 r\u00e1o, tho\u00e1ng m\u00e1t<br \/>\n\u2013 Tr\u00e1nh \u00e1nh n\u1eafng tr\u1ef1c ti\u1ebfp v\u00e0 nhi\u1ec7t \u0111\u1ed9 cao<\/td>\n<\/tr>\n<tr data-start=\"647\" data-end=\"667\">\n<td style=\"text-align: center\" data-start=\"647\" data-end=\"658\" data-col-size=\"sm\">Quy c\u00e1ch<\/td>\n<td style=\"text-align: center\" data-col-size=\"md\" data-start=\"658\" data-end=\"667\">50 l\u00e1<\/td>\n<\/tr>\n<tr data-start=\"668\" data-end=\"700\">\n<td style=\"text-align: center\" data-start=\"668\" data-end=\"681\" data-col-size=\"sm\">K\u00edch th\u01b0\u1edbc<\/td>\n<td style=\"text-align: center\" data-col-size=\"md\" data-start=\"681\" data-end=\"700\">Xem tr\u00ean bao b\u00ec<\/td>\n<\/tr>\n<\/tbody>\n<\/table>\n<blockquote>\n<h3 data-start=\"730\" data-end=\"786\"><em><span style=\"font-size: 18pt\">Ngh\u1ec7 thu\u1eadt bento v\u00e0 vai tr\u00f2 c\u1ee7a l\u00e1 trang tr\u00ed sushi<\/span><\/em><\/h3>\n<\/blockquote>\n<p data-start=\"788\" data-end=\"1139\">Trong v\u0103n h\u00f3a \u1ea9m th\u1ef1c Nh\u1eadt B\u1ea3n, kh\u00f4ng ch\u1ec9 h\u01b0\u01a1ng v\u1ecb m\u00e0 h\u00ecnh th\u1ee9c tr\u00ecnh b\u00e0y c\u0169ng \u0111\u00f3ng vai tr\u00f2 v\u00f4 c\u00f9ng quan tr\u1ecdng. M\u1ed7i h\u1ed9p c\u01a1m bento hay ph\u1ea7n sushi \u0111\u1ec1u \u0111\u01b0\u1ee3c ch\u0103m ch\u00fat t\u1ec9 m\u1ec9, mang \u0111\u1ebfn tr\u1ea3i nghi\u1ec7m v\u1eeba ngon m\u1eaft v\u1eeba ngon mi\u1ec7ng. M\u1ed9t trong nh\u1eefng chi ti\u1ebft quen thu\u1ed9c, g\u00f3p ph\u1ea7n t\u1ea1o n\u00ean n\u00e9t tinh t\u1ebf \u1ea5y ch\u00ednh l\u00e0\u00a0<strong data-start=\"1087\" data-end=\"1114\">l\u00e1 nh\u1ef1a trang tr\u00ed sushi<\/strong>, hay c\u00f2n g\u1ecdi l\u00e0 baran.<\/p>\n<p data-start=\"788\" data-end=\"1139\"><img fetchpriority=\"high\" decoding=\"async\" class=\"aligncenter\" src=\"https:\/\/havamall.com\/wp-content\/uploads\/2025\/08\/91n9HvbPgqL.jpg\" alt=\"Japanese Sushi Grass Baran 1000 pcs with Mini Fish-shaped Bottles, for Bento Box, Garnish, Food Divider, Green, Made in Japan (1000Pcs Sushi Grass with fish bottle) (10 Bottle,1000 Grass) : Buy Online\" width=\"800\" height=\"757\" \/><\/p>\n<p data-start=\"1141\" data-end=\"1457\"><em><strong>Baran<\/strong>\u00a0<\/em>th\u01b0\u1eddng \u0111\u01b0\u1ee3c s\u1eed d\u1ee5ng \u0111\u1ec3 ng\u0103n c\u00e1ch c\u00e1c lo\u1ea1i th\u1ee9c \u0103n trong h\u1ed9p bento ho\u1eb7c khay sushi. V\u1edbi thi\u1ebft k\u1ebf \u0111\u01a1n gi\u1ea3n m\u00f4 ph\u1ecfng h\u00ecnh l\u00e1 tre, l\u00e1 nh\u1ef1a kh\u00f4ng ch\u1ec9 t\u1ea1o s\u1ef1 h\u00e0i h\u00f2a v\u1ec1 th\u1ecb gi\u00e1c m\u00e0 c\u00f2n gi\u00fap gi\u1eef cho m\u00f3n \u0103n g\u1ecdn g\u00e0ng, s\u1ea1ch s\u1ebd. \u0110\u00e2y l\u00e0 b\u00ed quy\u1ebft nh\u1ecf nh\u01b0ng l\u1ea1i mang \u0111\u1ebfn s\u1ef1 kh\u00e1c bi\u1ec7t l\u1edbn trong vi\u1ec7c tr\u00ecnh b\u00e0y \u1ea9m th\u1ef1c Nh\u1eadt.<\/p>\n<p data-start=\"1141\" data-end=\"1457\"><img decoding=\"async\" class=\"aligncenter wp-image-41786\" src=\"https:\/\/havamall.com\/wp-content\/uploads\/2025\/08\/71ZWsvwCzPL._UF8941000_QL80_.jpg\" alt=\"\" width=\"800\" height=\"800\" \/><\/p>\n<blockquote>\n<h3 data-start=\"1459\" data-end=\"1493\"><em><span style=\"font-size: 18pt\">Ngu\u1ed3n g\u1ed1c v\u00e0 \u00fd ngh\u0129a th\u1ea9m m\u1ef9<\/span><\/em><\/h3>\n<\/blockquote>\n<p data-start=\"1495\" data-end=\"1827\">Ban \u0111\u1ea7u, ng\u01b0\u1eddi Nh\u1eadt s\u1eed d\u1ee5ng l\u00e1 tre th\u1eadt \u0111\u1ec3 l\u00f3t v\u00e0 ng\u0103n c\u00e1ch th\u1ee9c \u0103n. Kh\u00f4ng ch\u1ec9 \u0111\u1eb9p m\u1eaft, l\u00e1 tre c\u00f2n c\u00f3 kh\u1ea3 n\u0103ng kh\u00e1ng khu\u1ea9n t\u1ef1 nhi\u00ean, gi\u00fap b\u1ea3o qu\u1ea3n th\u1ef1c ph\u1ea9m t\u1ed1t h\u01a1n. Tuy nhi\u00ean, c\u00f9ng v\u1edbi nh\u1ecbp s\u1ed1ng hi\u1ec7n \u0111\u1ea1i, l\u00e1 nh\u1ef1a baran ra \u0111\u1eddi nh\u01b0 m\u1ed9t gi\u1ea3i ph\u00e1p ti\u1ec7n l\u1ee3i, v\u1ec7 sinh v\u00e0 d\u1ec5 b\u1ea3o qu\u1ea3n, v\u1eabn gi\u1eef nguy\u00ean \u0111\u01b0\u1ee3c tinh th\u1ea7n th\u1ea9m m\u1ef9 truy\u1ec1n th\u1ed1ng.<\/p>\n<p data-start=\"1829\" data-end=\"2053\">Vi\u1ec7c s\u1eed d\u1ee5ng baran trong bento hay sushi kh\u00f4ng \u0111\u01a1n thu\u1ea7n ch\u1ec9 \u0111\u1ec3 trang tr\u00ed m\u00e0 c\u00f2n th\u1ec3 hi\u1ec7n s\u1ef1 t\u00f4n tr\u1ecdng \u0111\u1ed1i v\u1edbi ng\u01b0\u1eddi th\u01b0\u1edfng th\u1ee9c. M\u1ed7i chi ti\u1ebft nh\u1ecf trong h\u1ed9p c\u01a1m \u0111\u1ec1u ph\u1ea3n \u00e1nh tinh th\u1ea7n t\u1ec9 m\u1ec9 v\u00e0 tinh t\u1ebf c\u1ee7a v\u0103n h\u00f3a Nh\u1eadt B\u1ea3n.<\/p>\n<p data-start=\"1829\" data-end=\"2053\"><img decoding=\"async\" class=\"aligncenter wp-image-41787\" src=\"https:\/\/havamall.com\/wp-content\/uploads\/2025\/08\/l-intro-1636498763.jpg\" alt=\"\" width=\"800\" height=\"450\" \/><\/p>\n<blockquote>\n<h3 data-start=\"2055\" data-end=\"2083\"><span style=\"font-size: 18pt\"><em>\u1ee8ng d\u1ee5ng trong \u1ea9m th\u1ef1c<\/em><\/span><\/h3>\n<\/blockquote>\n<p data-start=\"2085\" data-end=\"2511\">L\u00e1 nh\u1ef1a trang tr\u00ed sushi c\u00f3 r\u1ea5t nhi\u1ec1u c\u00f4ng d\u1ee5ng th\u1ef1c t\u1ebf:<br data-start=\"2140\" data-end=\"2143\" \/>\u2013 Ng\u0103n c\u00e1ch c\u01a1m, c\u00e1 s\u1ed1ng, rau c\u1ee7 ho\u1eb7c c\u00e1c lo\u1ea1i th\u1ee9c \u0103n c\u00f3 h\u01b0\u01a1ng v\u1ecb m\u1ea1nh, gi\u00fap gi\u1eef tr\u1ecdn v\u1ecb t\u01b0\u01a1i ngon.<br data-start=\"2243\" data-end=\"2246\" \/>\u2013 T\u1ea1o \u0111i\u1ec3m nh\u1ea5n xanh m\u00e1t, gi\u00fap h\u1ed9p c\u01a1m bento v\u00e0 khay sushi tr\u1edf n\u00ean sinh \u0111\u1ed9ng, h\u1ea5p d\u1eabn h\u01a1n.<br data-start=\"2336\" data-end=\"2339\" \/>\u2013 D\u1ec5 d\u00e0ng s\u1eed d\u1ee5ng, kh\u00f4ng c\u1ea7n r\u1eeda hay s\u01a1 ch\u1ebf, ch\u1ec9 vi\u1ec7c \u0111\u1eb7t tr\u1ef1c ti\u1ebfp v\u00e0o h\u1ed9p ho\u1eb7c \u0111\u0129a.<br data-start=\"2424\" data-end=\"2427\" \/>\u2013 Th\u00edch h\u1ee3p cho nh\u00e0 h\u00e0ng Nh\u1eadt, ti\u1ec7c buffet ho\u1eb7c ngay c\u1ea3 h\u1ed9p c\u01a1m mang \u0111i h\u1eb1ng ng\u00e0y.<\/p>\n<p data-start=\"2085\" data-end=\"2511\"><img loading=\"lazy\" decoding=\"async\" class=\"aligncenter wp-image-41788\" src=\"https:\/\/havamall.com\/wp-content\/uploads\/2025\/08\/1628478063191.jpg\" alt=\"\" width=\"800\" height=\"600\" \/><\/p>\n<p data-start=\"2560\" data-end=\"2845\">Kh\u00f4ng gi\u1ed1ng nh\u01b0 c\u00e1c v\u1eadt d\u1ee5ng d\u00f9ng m\u1ed9t l\u1ea7n kh\u00e1c,\u00a0<em><strong>baran<\/strong>\u00a0<\/em>\u0111\u01b0\u1ee3c thi\u1ebft k\u1ebf ri\u00eang cho \u1ea9m th\u1ef1c, \u0111\u1ea3m b\u1ea3o an to\u00e0n khi ti\u1ebfp x\u00fac tr\u1ef1c ti\u1ebfp v\u1edbi th\u1ef1c ph\u1ea9m. Nh\u1edd s\u1ef1 ti\u1ec7n l\u1ee3i v\u00e0 t\u00ednh th\u1ea9m m\u1ef9 cao, baran ng\u00e0y c\u00e0ng \u0111\u01b0\u1ee3c \u01b0a chu\u1ed9ng kh\u00f4ng ch\u1ec9 t\u1ea1i Nh\u1eadt B\u1ea3n m\u00e0 c\u00f2n \u1edf nhi\u1ec1u qu\u1ed1c gia kh\u00e1c, trong \u0111\u00f3 c\u00f3 Vi\u1ec7t Nam.\u00a0S\u1eed d\u1ee5ng baran kh\u00f4ng ch\u1ec9 gi\u00fap m\u00f3n \u0103n g\u1ecdn g\u00e0ng, s\u1ea1ch \u0111\u1eb9p m\u00e0 c\u00f2n g\u00f3p ph\u1ea7n t\u00e1i hi\u1ec7n tinh th\u1ea7n \u1ea9m th\u1ef1c Nh\u1eadt \u2013 n\u01a1i m\u1ed7i chi ti\u1ebft, d\u00f9 nh\u1ecf nh\u1ea5t, c\u0169ng \u0111\u01b0\u1ee3c tr\u00e2n tr\u1ecdng.<\/p>\n<p data-start=\"3023\" data-end=\"3256\">L\u00e1 nh\u1ef1a trang tr\u00ed sushi mang \u0111\u1ebfn s\u1ef1 tinh t\u1ebf, ti\u1ec7n l\u1ee3i v\u00e0 s\u1ea1ch \u0111\u1eb9p cho b\u1ea5t k\u1ef3 ph\u1ea7n sushi hay h\u1ed9p c\u01a1m bento n\u00e0o. Nh\u1edd \u0111\u00f3, vi\u1ec7c th\u01b0\u1edfng th\u1ee9c m\u00f3n \u0103n tr\u1edf n\u00ean tr\u1ecdn v\u1eb9n c\u1ea3 v\u1ec1 h\u01b0\u01a1ng v\u1ecb l\u1eabn h\u00ecnh th\u1ee9c. S\u1ea3n ph\u1ea9m hi\u1ec7n \u0111ang \u0111\u01b0\u1ee3c b\u00e1n t\u1ea1i\u00a0<em><strong>Havamall<\/strong><\/em>.<\/p>\n<\/div>\n<\/div>","protected":false},"excerpt":{"rendered":"<p>TH\u00d4NG TIN CHUNG Th\u01b0\u01a1ng hi\u1ec7u N\u1ed9i \u0111\u1ecba Nh\u1eadt Xu\u1ea5t x\u1ee9 Nh\u1eadt B\u1ea3n Th\u00e0nh ph\u1ea7n Nh\u1ef1a an to\u00e0n th\u1ef1c ph\u1ea9m H\u1ea1n<\/p>","protected":false},"featured_media":41105,"comment_status":"open","ping_status":"closed","template":"","meta":[],"product_brand":[],"product_cat":[393,675],"product_tag":[],"class_list":{"0":"post-41101","1":"product","2":"type-product","3":"status-publish","4":"has-post-thumbnail","6":"product_cat-bep-phong-an","7":"product_cat-nhap-khau-nhat-ban","9":"first","10":"instock","11":"sale","12":"shipping-taxable","13":"purchasable","14":"product-type-simple"},"_links":{"self":[{"href":"https:\/\/havamall.vn\/en\/wp-json\/wp\/v2\/product\/41101"}],"collection":[{"href":"https:\/\/havamall.vn\/en\/wp-json\/wp\/v2\/product"}],"about":[{"href":"https:\/\/havamall.vn\/en\/wp-json\/wp\/v2\/types\/product"}],"replies":[{"embeddable":true,"href":"https:\/\/havamall.vn\/en\/wp-json\/wp\/v2\/comments?post=41101"}],"version-history":[{"count":0,"href":"https:\/\/havamall.vn\/en\/wp-json\/wp\/v2\/product\/41101\/revisions"}],"wp:featuredmedia":[{"embeddable":true,"href":"https:\/\/havamall.vn\/en\/wp-json\/wp\/v2\/media\/41105"}],"wp:attachment":[{"href":"https:\/\/havamall.vn\/en\/wp-json\/wp\/v2\/media?parent=41101"}],"wp:term":[{"taxonomy":"product_brand","embeddable":true,"href":"https:\/\/havamall.vn\/en\/wp-json\/wp\/v2\/product_brand?post=41101"},{"taxonomy":"product_cat","embeddable":true,"href":"https:\/\/havamall.vn\/en\/wp-json\/wp\/v2\/product_cat?post=41101"},{"taxonomy":"product_tag","embeddable":true,"href":"https:\/\/havamall.vn\/en\/wp-json\/wp\/v2\/product_tag?post=41101"}],"curies":[{"name":"wp","href":"https:\/\/api.w.org\/{rel}","templated":true}]}}