{"id":41096,"date":"2025-08-23T15:28:24","date_gmt":"2025-08-23T08:28:24","guid":{"rendered":"https:\/\/havamall.vn\/?post_type=product&#038;p=41096"},"modified":"2026-03-09T09:41:38","modified_gmt":"2026-03-09T02:41:38","slug":"41096","status":"publish","type":"product","link":"https:\/\/havamall.vn\/en\/shop\/41096\/","title":{"rendered":"Ph\u00f4 Mai Cheddar B\u00e0o S\u1ee3i Bottega Zelachi 500g \u2013 Bottega ZelachiShredded Yellow Cheddar Cheese 500g"},"content":{"rendered":"<blockquote>\n<h2><em><strong>TH\u00d4NG TIN CHUNG<\/strong><\/em><\/h2>\n<\/blockquote>\n<table style=\"width: 72.6007%; height: 150px;\">\n<tbody>\n<tr>\n<td><b>Th\u01b0\u01a1ng hi\u1ec7u<\/b><\/td>\n<td>Bottega Zelachi<\/td>\n<\/tr>\n<tr>\n<td><b>Xu\u1ea5t x\u1ee9<\/b><\/td>\n<td>Vi\u1ec7t Nam<\/td>\n<\/tr>\n<tr>\n<td><b>Th\u00e0nh ph\u1ea7n<\/b><\/td>\n<td>Xem tr\u00ean bao b\u00ec<\/td>\n<\/tr>\n<tr>\n<td><b>H\u1ea1n s\u1eed d\u1ee5ng<\/b><\/td>\n<td>Xem tr\u00ean bao b\u00ec<\/td>\n<\/tr>\n<tr>\n<td><b>B\u1ea3o qu\u1ea3n<\/b><\/td>\n<td>B\u1ea3o Qu\u1ea3n \u0111\u00f4ng l\u1ea1nh<\/td>\n<\/tr>\n<tr>\n<td><b>Kh\u1ed1i l\u01b0\u1ee3ng<\/b><\/td>\n<td>500g<\/td>\n<\/tr>\n<\/tbody>\n<\/table>\n<p data-start=\"408\" data-end=\"989\">Nh\u1eafc \u0111\u1ebfn ph\u00f4 mai, ng\u01b0\u1eddi ta th\u01b0\u1eddng nh\u1edb ngay \u0111\u1ebfn Cheddar \u2013 m\u1ed9t trong nh\u1eefng lo\u1ea1i ph\u00f4 mai l\u00e2u \u0111\u1eddi v\u00e0 n\u1ed5i ti\u1ebfng nh\u1ea5t th\u1ebf gi\u1edbi. Cheddar ra \u0111\u1eddi t\u1eeb th\u1ebf k\u1ef7 12 t\u1ea1i l\u00e0ng Cheddar, v\u00f9ng Somerset, Anh Qu\u1ed1c. V\u1edbi h\u01b0\u01a1ng v\u1ecb \u0111\u1eb7c tr\u01b0ng, m\u00e0u v\u00e0ng \u00f3ng \u1ea3 v\u00e0 k\u1ebft c\u1ea5u ch\u1eafc ch\u1eafn, Cheddar nhanh ch\u00f3ng tr\u1edf th\u00e0nh lo\u1ea1i ph\u00f4 mai \u0111\u01b0\u1ee3c y\u00eau th\u00edch v\u00e0 lan t\u1ecfa kh\u1eafp ch\u00e2u \u00c2u r\u1ed3i \u0111\u1ebfn nhi\u1ec1u qu\u1ed1c gia kh\u00e1c. Kh\u00f4ng ch\u1ec9 g\u1eafn li\u1ec1n v\u1edbi v\u0103n h\u00f3a \u1ea9m th\u1ef1c ph\u01b0\u01a1ng T\u00e2y, ph\u00f4 mai Cheddar c\u00f2n kh\u1eb3ng \u0111\u1ecbnh \u0111\u01b0\u1ee3c v\u1ecb tr\u00ed b\u1ec1n v\u1eefng c\u1ee7a m\u00ecnh nh\u1edd s\u1ef1 c\u00e2n b\u1eb1ng ho\u00e0n h\u1ea3o gi\u1eefa v\u1ecb b\u00e9o ng\u1eady v\u00e0 v\u1ecb m\u1eb7n d\u1ecbu, v\u1eeba d\u1ec5 \u0103n l\u1ea1i v\u1eeba d\u1ec5 k\u1ebft h\u1ee3p trong n\u1ea5u n\u01b0\u1edbng.<\/p>\n<p data-start=\"408\" data-end=\"989\"><img fetchpriority=\"high\" decoding=\"async\" class=\"aligncenter wp-image-41777\" src=\"https:\/\/havamall.com\/wp-content\/uploads\/2025\/08\/GettyImages-470340853.jpg\" alt=\"\" width=\"801\" height=\"534\" \/><\/p>\n<p data-start=\"991\" data-end=\"1533\">Ng\u00e0y nay, \u0111\u1ec3 \u0111\u00e1p \u1ee9ng nhu c\u1ea7u ti\u1ec7n l\u1ee3i trong ch\u1ebf bi\u1ebfn, nhi\u1ec1u th\u01b0\u01a1ng hi\u1ec7u \u0111\u00e3 mang \u0111\u1ebfn phi\u00ean b\u1ea3n ph\u00f4 mai Cheddar b\u00e0o s\u1ee3i, trong \u0111\u00f3\u00a0<strong data-start=\"1119\" data-end=\"1130\">Zelachi<\/strong>\u00a0l\u00e0 l\u1ef1a ch\u1ecdn \u0111\u01b0\u1ee3c nhi\u1ec1u ng\u01b0\u1eddi tin d\u00f9ng.\u00a0<strong data-start=\"1170\" data-end=\"1210\">Ph\u00f4 mai Cheddar b\u00e0o s\u1ee3i Zelachi 500g<\/strong>\u00a0\u0111\u01b0\u1ee3c s\u1ea3n xu\u1ea5t t\u1eeb ngu\u1ed3n s\u1eefa ch\u1ecdn l\u1ecdc, gi\u1eef nguy\u00ean h\u01b0\u01a1ng v\u1ecb truy\u1ec1n th\u1ed1ng c\u1ee7a Cheddar nh\u01b0ng \u0111\u01b0\u1ee3c x\u1eed l\u00fd v\u00e0 \u0111\u00f3ng g\u00f3i hi\u1ec7n \u0111\u1ea1i, gi\u00fap ng\u01b0\u1eddi ti\u00eau d\u00f9ng ti\u1ebft ki\u1ec7m th\u1eddi gian m\u00e0 v\u1eabn \u0111\u1ea3m b\u1ea3o \u0111\u01b0\u1ee3c ch\u1ea5t l\u01b0\u1ee3ng, \u0111i\u1ec3m n\u1ed5i b\u1eadt c\u1ee7a Zelachi ch\u00ednh l\u00e0 s\u1ef1 t\u01b0\u01a1i ngon, m\u00e0u v\u00e0ng t\u1ef1 nhi\u00ean b\u1eaft m\u1eaft c\u00f9ng \u0111\u1ed9 b\u00e9o m\u1eb7n v\u1eeba ph\u1ea3i, ph\u00f9 h\u1ee3p v\u1edbi nhi\u1ec1u kh\u1ea9u v\u1ecb.<\/p>\n<p data-start=\"991\" data-end=\"1533\"><img decoding=\"async\" class=\"aligncenter wp-image-41776\" src=\"https:\/\/havamall.com\/wp-content\/uploads\/2025\/08\/pho-mai-cheddar-co-vi-gi-scaled.jpg\" alt=\"\" width=\"800\" height=\"600\" \/><\/p>\n<p data-start=\"1535\" data-end=\"2031\">Ph\u00f4 mai Cheddar b\u00e0o s\u1ee3i Zelachi \u0111\u01b0\u1ee3c ch\u1ebf bi\u1ebfn theo quy tr\u00ecnh hi\u1ec7n \u0111\u1ea1i: ph\u00f4 mai nguy\u00ean kh\u1ed1i \u0111\u01b0\u1ee3c b\u00e0o nh\u1ecf th\u00e0nh nh\u1eefng s\u1ee3i \u0111\u1ec1u nhau, sau \u0111\u00f3 \u0111\u01b0\u1ee3c \u0111\u00f3ng g\u00f3i h\u00fat ch\u00e2n kh\u00f4ng \u0111\u1ec3 gi\u1eef tr\u1ecdn h\u01b0\u01a1ng v\u1ecb. Ch\u00ednh nh\u1edd c\u00f4ng \u0111o\u1ea1n n\u00e0y m\u00e0 ng\u01b0\u1eddi d\u00f9ng kh\u00f4ng c\u1ea7n t\u1ed1n c\u00f4ng s\u01a1 ch\u1ebf, ch\u1ec9 c\u1ea7n m\u1edf t\u00fai l\u00e0 \u0111\u00e3 c\u00f3 ngay nguy\u00ean li\u1ec7u \u0111\u1ec3 bi\u1ebfn t\u1ea5u th\u00e0nh nhi\u1ec1u m\u00f3n \u0103n h\u1ea5p d\u1eabn. Khi g\u1eb7p nhi\u1ec7t, nh\u1eefng s\u1ee3i ph\u00f4 mai Zelachi nhanh ch\u00f3ng tan ch\u1ea3y, t\u1ea1o th\u00e0nh l\u1edbp ph\u1ee7 m\u1ec1m m\u1ecbn, v\u00e0ng \u00f3ng v\u00e0 k\u00e9o s\u1ee3i b\u1eaft m\u1eaft, l\u00e0m m\u00f3n \u0103n tr\u1edf n\u00ean th\u01a1m ngon h\u01a1n g\u1ea5p b\u1ed9i.<\/p>\n<p data-start=\"1535\" data-end=\"2031\"><img decoding=\"async\" class=\"aligncenter wp-image-41778\" src=\"https:\/\/havamall.com\/wp-content\/uploads\/2025\/08\/ingredients-for-homemade-cheddar-cheese-spread.webp\" alt=\"\" width=\"800\" height=\"1000\" \/><\/p>\n<p data-start=\"2033\" data-end=\"2562\">V\u1edbi ph\u00f4 mai Cheddar b\u00e0o s\u1ee3i Zelachi, vi\u1ec7c n\u1ea5u n\u01b0\u1edbng tr\u1edf n\u00ean \u0111\u01a1n gi\u1ea3n m\u00e0 v\u1eabn phong ph\u00fa. B\u1ea1n c\u00f3 th\u1ec3 r\u1eafc ph\u00f4 mai l\u00ean m\u1eb7t b\u00e1nh pizza, ph\u1ee7 l\u00ean m\u00ec \u00dd ho\u1eb7c c\u00e1c m\u00f3n pasta, th\u00eam v\u00e0o b\u00e1nh m\u00ec n\u01b0\u1edbng, burger, hotdog hay th\u1eadm ch\u00ed k\u1ebft h\u1ee3p c\u00f9ng khoai t\u00e2y chi\u00ean \u0111\u1ec3 t\u1ea1o n\u00ean l\u1edbp ph\u1ee7 b\u00e9o ng\u1eady. V\u00e0o nh\u1eefng b\u1eefa s\u00e1ng v\u1ed9i v\u00e3, ch\u1ec9 c\u1ea7n th\u00eam m\u1ed9t \u00edt ph\u00f4 mai v\u00e0o tr\u1ee9ng \u1ed1p la hay tr\u1ee9ng chi\u00ean l\u00e0 \u0111\u00e3 c\u00f3 ngay m\u00f3n \u0103n gi\u00e0u n\u0103ng l\u01b0\u1ee3ng. C\u00f2n nh\u1eefng b\u1eefa t\u1ed1i sum v\u1ea7y, m\u1ed9t khay pasta \u0111\u00fat l\u00f2 v\u1edbi l\u1edbp ph\u00f4 mai Zelachi tan ch\u1ea3y s\u1ebd l\u00e0m c\u1ea3 gia \u0111\u00ecnh h\u00e0o h\u1ee9ng qu\u00e2y qu\u1ea7n b\u00ean nhau.<\/p>\n<p data-start=\"2033\" data-end=\"2562\"><img loading=\"lazy\" decoding=\"async\" class=\"aligncenter wp-image-41779\" src=\"https:\/\/havamall.com\/wp-content\/uploads\/2025\/08\/cheddar-cheese-buns-how-to-make-11.jpg\" alt=\"\" width=\"801\" height=\"534\" \/><\/p>\n<p data-start=\"2564\" data-end=\"2981\">Kh\u00f4ng ch\u1ec9 ngon, ph\u00f4 mai Cheddar c\u00f2n \u0111\u01b0\u1ee3c \u0111\u00e1nh gi\u00e1 cao v\u1ec1 gi\u00e1 tr\u1ecb dinh d\u01b0\u1ee1ng. Trong ph\u00f4 mai ch\u1ee9a nhi\u1ec1u protein ch\u1ea5t l\u01b0\u1ee3ng cao, canxi, ph\u1ed1t pho c\u00f9ng c\u00e1c vitamin nh\u00f3m B, gi\u00fap c\u01a1 th\u1ec3 kh\u1ecfe m\u1ea1nh, x\u01b0\u01a1ng ch\u1eafc ch\u1eafn v\u00e0 b\u1ed5 sung n\u0103ng l\u01b0\u1ee3ng hi\u1ec7u qu\u1ea3. \u0110\u1eb7c bi\u1ec7t v\u1edbi tr\u1ebb nh\u1ecf, ph\u00f4 mai Cheddar l\u00e0 ngu\u1ed3n d\u01b0\u1ee1ng ch\u1ea5t h\u1ed7 tr\u1ee3 ph\u00e1t tri\u1ec3n chi\u1ec1u cao v\u00e0 th\u1ec3 ch\u1ea5t, c\u00f2n v\u1edbi ng\u01b0\u1eddi l\u1edbn l\u1ea1i gi\u00fap b\u1ed5 sung n\u0103ng l\u01b0\u1ee3ng cho nh\u1eefng ng\u00e0y l\u00e0m vi\u1ec7c b\u1eadn r\u1ed9n.<\/p>\n<p data-start=\"2564\" data-end=\"2981\"><img loading=\"lazy\" decoding=\"async\" class=\"aligncenter wp-image-41780\" src=\"https:\/\/havamall.com\/wp-content\/uploads\/2025\/08\/broccoli-cheddar-soup-3.jpg\" alt=\"\" width=\"800\" height=\"1199\" \/><\/p>\n<p data-start=\"2983\" data-end=\"3235\"><strong data-start=\"2983\" data-end=\"3023\">Ph\u00f4 mai Cheddar b\u00e0o s\u1ee3i Zelachi 500g<\/strong>\u00a0\u0111\u01b0\u1ee3c \u0111\u00f3ng g\u00f3i ti\u1ec7n l\u1ee3i, ph\u00f9 h\u1ee3p \u0111\u1ec3 b\u1ea3o qu\u1ea3n trong t\u1ee7 l\u1ea1nh v\u00e0 s\u1eed d\u1ee5ng nhi\u1ec1u l\u1ea7n. Ch\u1ec9 c\u1ea7n m\u1ed9t g\u00f3i ph\u00f4 mai, b\u1ea1n \u0111\u00e3 c\u00f3 th\u1ec3 th\u1ecfa s\u1ee9c s\u00e1ng t\u1ea1o ra h\u00e0ng lo\u1ea1t m\u00f3n \u0103n mang phong c\u00e1ch \u00c2u ngay trong c\u0103n b\u1ebfp gia \u0111\u00ecnh m\u00ecnh.\u00a0\u0110\u1eb7t mua ngay h\u00f4m nay t\u1ea1i Havamall !<\/p>","protected":false},"excerpt":{"rendered":"<p>TH\u00d4NG TIN CHUNG Th\u01b0\u01a1ng hi\u1ec7u Bottega Zelachi Xu\u1ea5t x\u1ee9 Vi\u1ec7t Nam Th\u00e0nh ph\u1ea7n Xem tr\u00ean bao b\u00ec H\u1ea1n s\u1eed d\u1ee5ng<\/p>","protected":false},"featured_media":41097,"comment_status":"open","ping_status":"closed","template":"","meta":[],"product_brand":[],"product_cat":[677,275],"product_tag":[],"class_list":{"0":"post-41096","1":"product","2":"type-product","3":"status-publish","4":"has-post-thumbnail","6":"product_cat-cac-nuoc-khac","7":"product_cat-thuc-pham-dong-lanh","9":"first","10":"instock","11":"sale","12":"shipping-taxable","13":"purchasable","14":"product-type-simple"},"_links":{"self":[{"href":"https:\/\/havamall.vn\/en\/wp-json\/wp\/v2\/product\/41096"}],"collection":[{"href":"https:\/\/havamall.vn\/en\/wp-json\/wp\/v2\/product"}],"about":[{"href":"https:\/\/havamall.vn\/en\/wp-json\/wp\/v2\/types\/product"}],"replies":[{"embeddable":true,"href":"https:\/\/havamall.vn\/en\/wp-json\/wp\/v2\/comments?post=41096"}],"version-history":[{"count":0,"href":"https:\/\/havamall.vn\/en\/wp-json\/wp\/v2\/product\/41096\/revisions"}],"wp:featuredmedia":[{"embeddable":true,"href":"https:\/\/havamall.vn\/en\/wp-json\/wp\/v2\/media\/41097"}],"wp:attachment":[{"href":"https:\/\/havamall.vn\/en\/wp-json\/wp\/v2\/media?parent=41096"}],"wp:term":[{"taxonomy":"product_brand","embeddable":true,"href":"https:\/\/havamall.vn\/en\/wp-json\/wp\/v2\/product_brand?post=41096"},{"taxonomy":"product_cat","embeddable":true,"href":"https:\/\/havamall.vn\/en\/wp-json\/wp\/v2\/product_cat?post=41096"},{"taxonomy":"product_tag","embeddable":true,"href":"https:\/\/havamall.vn\/en\/wp-json\/wp\/v2\/product_tag?post=41096"}],"curies":[{"name":"wp","href":"https:\/\/api.w.org\/{rel}","templated":true}]}}