{"id":40726,"date":"2025-08-15T16:59:53","date_gmt":"2025-08-15T09:59:53","guid":{"rendered":"https:\/\/havamall.vn\/?post_type=product&#038;p=40726"},"modified":"2025-08-15T17:10:27","modified_gmt":"2025-08-15T10:10:27","slug":"gao-tuoi-huu-co-cho-be-tu-6-thang-bebi-rice-405g-organic-fresh-rice","status":"publish","type":"product","link":"https:\/\/havamall.vn\/en\/shop\/gao-tuoi-huu-co-cho-be-tu-6-thang-bebi-rice-405g-organic-fresh-rice\/","title":{"rendered":"G\u1ea1o T\u01b0\u01a1i H\u1eefu C\u01a1 Cho B\u00e9 T\u1eeb 6 Th\u00e1ng Bebi Rice 405g &#8211; Organic Fresh Rice"},"content":{"rendered":"<blockquote>\n<h2><em><strong>TH\u00d4NG TIN CHUNG<\/strong><\/em><\/h2>\n<\/blockquote>\n<table style=\"width: 70.4561%;height: 143px\">\n<tbody>\n<tr>\n<td><b>Th\u01b0\u01a1ng hi\u1ec7u<\/b><\/td>\n<td>Happi B\u00e9bi<\/td>\n<\/tr>\n<tr>\n<td><b>Xu\u1ea5t x\u1ee9<\/b><\/td>\n<td>Vi\u1ec7t Nam<\/td>\n<\/tr>\n<tr>\n<td><b>Th\u00e0nh ph\u1ea7n<\/b><\/td>\n<td>G\u1ea1o t\u01b0\u01a1i h\u1eefu c\u01a1 (30% c\u00e1m)<\/td>\n<\/tr>\n<tr>\n<td><b>H\u1ea1n s\u1eed d\u1ee5ng<\/b><\/td>\n<td>Xem tr\u00ean bao b\u00ec<\/td>\n<\/tr>\n<tr>\n<td><b>B\u1ea3o qu\u1ea3n<\/b><\/td>\n<td>N\u01a1i kh\u00f4 r\u00e1o, tho\u00e1ng m\u00e1t. Sau khi m\u1edf g\u00f3i, c\u1ea7n b\u1ea3o qu\u1ea3n k\u00edn \u0111\u1ec3 tr\u00e1nh \u1ea9m m\u1ed1c<\/td>\n<\/tr>\n<tr>\n<td><b>Kh\u1ed1i l\u01b0\u1ee3ng<\/b><\/td>\n<td>405g<\/td>\n<\/tr>\n<\/tbody>\n<\/table>\n<p>Khi b\u00e9 y\u00eau b\u1eaft \u0111\u1ea7u h\u00e0nh tr\u00ecnh \u0103n d\u1eb7m, vi\u1ec7c l\u1ef1a ch\u1ecdn ngu\u1ed3n th\u1ef1c ph\u1ea9m \u0111\u1ea7u ti\u00ean kh\u00f4ng ch\u1ec9 \u0111\u01a1n thu\u1ea7n l\u00e0 cung c\u1ea5p dinh d\u01b0\u1ee1ng m\u00e0 c\u00f2n l\u00e0 c\u00e1ch \u0111\u1ec3 b\u00e9 l\u00e0m quen v\u1edbi nh\u1eefng h\u01b0\u01a1ng v\u1ecb t\u1ef1 nhi\u00ean v\u00e0 tinh khi\u1ebft nh\u1ea5t. G\u1ea1o t\u01b0\u01a1i h\u1eefu c\u01a1\u00a0<em><strong>Bebi Rice<\/strong>\u00a0<\/em>ra \u0111\u1eddi v\u1edbi tri\u1ebft l\u00fd &#8220;Organic farm to Baby&#8221;, cam k\u1ebft mang \u0111\u1ebfn m\u1ed9t s\u1ea3n ph\u1ea9m ch\u1ea5t l\u01b0\u1ee3ng cao, an to\u00e0n v\u00e0 b\u1ed5 d\u01b0\u1ee1ng, kh\u1edfi \u0111\u1ea7u cho nh\u1eefng b\u1eefa \u0103n d\u1eb7m \u0111\u1ea7u ti\u00ean tr\u00e0n \u0111\u1ea7y y\u00eau th\u01b0\u01a1ng v\u00e0 s\u1ef1 an t\u00e2m.<\/p>\n<p><img fetchpriority=\"high\" decoding=\"async\" class=\"aligncenter\" src=\"https:\/\/havamall.com\/wp-content\/uploads\/2025\/08\/Rice_for_babies.jpg\" alt=\"Can Babies Eat Rice and Rice Cereal? - Solid Starts\" width=\"801\" height=\"601\" \/><\/p>\n<p>\u0110i\u1ec1u l\u00e0m n\u00ean s\u1ef1 kh\u00e1c bi\u1ec7t c\u1ee7a G\u1ea1o t\u01b0\u01a1i h\u1eefu c\u01a1 Bebi Rice ch\u00ednh l\u00e0 s\u1ef1 k\u1ebft h\u1ee3p gi\u1eefa ngu\u1ed3n nguy\u00ean li\u1ec7u t\u01b0\u01a1i m\u1edbi v\u00e0 quy tr\u00ecnh s\u1ea3n xu\u1ea5t t\u1ec9 m\u1ec9. S\u1ea3n ph\u1ea9m \u0111\u01b0\u1ee3c l\u00e0m t\u1eeb nh\u1eefng h\u1ea1t g\u1ea1o t\u01b0\u01a1i \u0111\u01b0\u1ee3c tuy\u1ec3n ch\u1ecdn k\u1ef9 l\u01b0\u1ee1ng, \u0111\u1ea3m b\u1ea3o \u0111\u1ed9 t\u01b0\u01a1i m\u1edbi v\u00e0 h\u01b0\u01a1ng th\u01a1m t\u1ef1 nhi\u00ean. G\u1ea1o \u0111\u01b0\u1ee3c xay x\u00e1t m\u1ed9t c\u00e1ch \u0111\u1eb7c bi\u1ec7t \u0111\u1ec3 gi\u1eef l\u1ea1i 30% l\u1edbp c\u00e1m. \u0110\u00e2y l\u00e0 m\u1ed9t \u0111i\u1ec3m n\u1ed5i b\u1eadt, b\u1edfi l\u1edbp c\u00e1m ch\u00ednh l\u00e0 n\u01a1i t\u1eadp trung nhi\u1ec1u ch\u1ea5t dinh d\u01b0\u1ee1ng quan tr\u1ecdng c\u1ee7a h\u1ea1t g\u1ea1o, m\u00e0 th\u00f4ng th\u01b0\u1eddng b\u1ecb lo\u1ea1i b\u1ecf trong qu\u00e1 tr\u00ecnh ch\u1ebf bi\u1ebfn g\u1ea1o tr\u1eafng.<\/p>\n<p>\u2013 S\u1ea3n ph\u1ea9m tu\u00e2n th\u1ee7 c\u00e1c ti\u00eau chu\u1ea9n h\u1eefu c\u01a1 qu\u1ed1c t\u1ebf, \u0111\u1ea3m b\u1ea3o h\u1ea1t g\u1ea1o \u0111\u01b0\u1ee3c canh t\u00e1c ho\u00e0n to\u00e0n t\u1ef1 nhi\u00ean, kh\u00f4ng s\u1eed d\u1ee5ng thu\u1ed1c tr\u1eeb s\u00e2u, ph\u00e2n b\u00f3n h\u00f3a h\u1ecdc hay c\u00e1c ch\u1ea5t \u0111\u1ed9c h\u1ea1i kh\u00e1c.<\/p>\n<p>\u2013 G\u1ea1o c\u00f3 \u0111\u1eb7c t\u00ednh &#8220;n\u1ea5u tr\u1ef1c ti\u1ebfp, kh\u00f4ng c\u1ea7n ng\u00e2m&#8221;, gi\u00fap c\u00e1c b\u1eadc cha m\u1eb9 ti\u1ebft ki\u1ec7m th\u1eddi gian \u0111\u00e1ng k\u1ec3, \u0111\u1ed3ng th\u1eddi v\u1eabn \u0111\u1ea3m b\u1ea3o ch\u00e1o n\u1ea5u ra c\u00f3 \u0111\u1ed9 s\u00e1nh m\u1ecbn ho\u00e0n h\u1ea3o, r\u1ea5t d\u1ec5 \u0103n v\u00e0 d\u1ec5 ti\u00eau h\u00f3a cho b\u00e9.<\/p>\n<p>\u2013 H\u01b0\u01a1ng v\u1ecb t\u1ef1 nhi\u00ean, ng\u1ecdt d\u1ecbu c\u1ee7a g\u1ea1o t\u01b0\u01a1i gi\u00fap nu\u00f4i d\u01b0\u1ee1ng v\u1ecb gi\u00e1c c\u1ee7a b\u00e9 ngay t\u1eeb nh\u1eefng ng\u00e0y \u0111\u1ea7u, h\u00ecnh th\u00e0nh th\u00f3i quen \u0103n u\u1ed1ng l\u00e0nh m\u1ea1nh v\u00e0 c\u1ea3m nh\u1eadn \u0111\u00fang v\u1ecb ngon c\u1ee7a th\u1ef1c ph\u1ea9m.<\/p>\n<p><img decoding=\"async\" class=\"aligncenter\" src=\"https:\/\/havamall.com\/wp-content\/uploads\/2025\/08\/cheesy-rice-balls-blw-2.webp\" alt=\"Cheesy Rice Balls - Baby Led Weaning Recipe\" width=\"799\" height=\"1065\" \/><\/p>\n<p>V\u1edbi ch\u1ea5t l\u01b0\u1ee3ng v\u01b0\u1ee3t tr\u1ed9i, G\u1ea1o t\u01b0\u01a1i h\u1eefu c\u01a1 Bebi Rice l\u00e0 nguy\u00ean li\u1ec7u n\u1ec1n t\u1ea3ng l\u00fd t\u01b0\u1edfng cho m\u1ed9t th\u1ef1c \u0111\u01a1n \u0103n d\u1eb7m \u0111a d\u1ea1ng.<\/p>\n<p>\u2013 Ch\u00e1o rau c\u1ee7: Ch\u00e1o g\u1ea1o c\u00f3 th\u1ec3 n\u1ea5u c\u00f9ng c\u00e1c lo\u1ea1i rau c\u1ee7 nghi\u1ec1n nhuy\u1ec5n nh\u01b0 c\u00e0 r\u1ed1t, b\u00ed \u0111\u1ecf \u0111\u1ec3 b\u1ed5 sung vitamin v\u00e0 kho\u00e1ng ch\u1ea5t.<\/p>\n<p>\u2013 Ch\u00e1o \u0111\u1ea1m: K\u1ebft h\u1ee3p ch\u00e1o g\u1ea1o v\u1edbi th\u1ecbt n\u1ea1c, c\u00e1, ho\u1eb7c \u0111\u1eadu \u0111\u1ec3 cung c\u1ea5p protein v\u00e0 s\u1eaft, gi\u00fap b\u00e9 ph\u00e1t tri\u1ec3n c\u01a1 b\u1eafp v\u00e0 h\u1ec7 mi\u1ec5n d\u1ecbch.<\/p>\n<p>\u2013 Ch\u00e1o ng\u0169 c\u1ed1c: C\u00f3 th\u1ec3 n\u1ea5u g\u1ea1o c\u00f9ng c\u00e1c lo\u1ea1i h\u1ea1t, \u0111\u1eadu \u0111\u1ec3 l\u00e0m phong ph\u00fa th\u00eam kh\u1ea9u v\u1ecb c\u1ee7a b\u00e9.<\/p>\n<p>\u2013 D\u00f9ng l\u00e0m nguy\u00ean li\u1ec7u cho b\u00e1nh: G\u1ea1o c\u00f3 th\u1ec3 xay th\u00e0nh b\u1ed9t \u0111\u1ec3 l\u00e0m c\u00e1c lo\u1ea1i b\u00e1nh \u0103n d\u1eb7m, mang \u0111\u1ebfn m\u1ed9t m\u00f3n \u0103n v\u1eb7t b\u1ed5 d\u01b0\u1ee1ng v\u00e0 h\u1ea5p d\u1eabn.<\/p>\n<p><img decoding=\"async\" class=\"aligncenter wp-image-41682\" src=\"https:\/\/havamall.com\/wp-content\/uploads\/2025\/08\/Xongdur_4794_1.jpg\" alt=\"\" width=\"800\" height=\"800\" \/><\/p>\n<p>Gi\u00e1 tr\u1ecb dinh d\u01b0\u1ee1ng c\u1ee7a G\u1ea1o t\u01b0\u01a1i h\u1eefu c\u01a1 Bebi Rice r\u1ea5t quan tr\u1ecdng \u0111\u1ed1i v\u1edbi s\u1ef1 ph\u00e1t tri\u1ec3n to\u00e0n di\u1ec7n c\u1ee7a tr\u1ebb. G\u1ea1o l\u00e0 ngu\u1ed3n cung c\u1ea5p carbohydrate ch\u00ednh, cung c\u1ea5p n\u0103ng l\u01b0\u1ee3ng d\u1ed3i d\u00e0o cho c\u00e1c ho\u1ea1t \u0111\u1ed9ng c\u1ee7a b\u00e9. L\u1edbp c\u00e1m g\u1ea1o c\u00f2n mang l\u1ea1i nhi\u1ec1u l\u1ee3i \u00edch kh\u00e1c. Ch\u1ea5t x\u01a1 trong c\u00e1m h\u1ed7 tr\u1ee3 h\u1ec7 ti\u00eau h\u00f3a ho\u1ea1t \u0111\u1ed9ng \u1ed5n \u0111\u1ecbnh, ng\u0103n ng\u1eeba t\u00e1o b\u00f3n. C\u00e1c vitamin v\u00e0 kho\u00e1ng ch\u1ea5t t\u1ef1 nhi\u00ean \u0111\u01b0\u1ee3c gi\u1eef l\u1ea1i gi\u00fap t\u0103ng c\u01b0\u1eddng s\u1ee9c \u0111\u1ec1 kh\u00e1ng v\u00e0 h\u1ed7 tr\u1ee3 qu\u00e1 tr\u00ecnh ph\u00e1t tri\u1ec3n c\u1ee7a c\u01a1 th\u1ec3. V\u1edbi l\u01b0\u1ee3ng ch\u1ea5t b\u00e9o, protein v\u00e0 n\u0103ng l\u01b0\u1ee3ng \u0111\u01b0\u1ee3c c\u00e2n b\u1eb1ng, G\u1ea1o t\u01b0\u01a1i h\u1eefu c\u01a1 Bebi Rice l\u00e0 m\u1ed9t l\u1ef1a ch\u1ecdn dinh d\u01b0\u1ee1ng v\u01b0\u1ee3t tr\u1ed9i, \u0111\u1ea3m b\u1ea3o b\u00e9 ph\u00e1t tri\u1ec3n kh\u1ecfe m\u1ea1nh v\u00e0 to\u00e0n di\u1ec7n.<\/p>\n<p><img loading=\"lazy\" decoding=\"async\" class=\"aligncenter\" src=\"https:\/\/havamall.com\/wp-content\/uploads\/2025\/08\/1-IMG_1849.jpg\" alt=\"Cheesy Vegetable and Brown Rice Pot for Babies - Happy Veggie Kitchen\" width=\"800\" height=\"535\" \/><\/p>\n<p><em><strong>G\u1ea1o t\u01b0\u01a1i h\u1eefu c\u01a1 Bebi Rice<\/strong><\/em>\u00a0l\u00e0 l\u1eddi cam k\u1ebft c\u1ee7a th\u01b0\u01a1ng hi\u1ec7u Happi B\u00e9bi v\u1ec1 m\u1ed9t kh\u1edfi \u0111\u1ea7u \u0103n d\u1eb7m an to\u00e0n v\u00e0 ch\u1ea5t l\u01b0\u1ee3ng. V\u1edbi s\u1ef1 tinh khi\u1ebft t\u1eeb ngu\u1ed3n g\u1ed1c h\u1eefu c\u01a1 v\u00e0 h\u01b0\u01a1ng v\u1ecb t\u01b0\u01a1i ngon t\u1ef1 nhi\u00ean, G\u1ea1o t\u01b0\u01a1i h\u1eefu c\u01a1 Bebi Rice x\u1ee9ng \u0111\u00e1ng l\u00e0 ng\u01b0\u1eddi b\u1ea1n \u0111\u1ed3ng h\u00e0nh tin c\u1eady c\u1ee7a m\u1ecdi gia \u0111\u00ecnh. S\u1ea3n ph\u1ea9m hi\u1ec7n \u0111ang \u0111\u01b0\u1ee3c b\u00e1n t\u1ea1i Havamall.<\/p>","protected":false},"excerpt":{"rendered":"<p>TH\u00d4NG TIN CHUNG Th\u01b0\u01a1ng hi\u1ec7u Happi B\u00e9bi Xu\u1ea5t x\u1ee9 Vi\u1ec7t Nam Th\u00e0nh ph\u1ea7n G\u1ea1o t\u01b0\u01a1i h\u1eefu c\u01a1 (30% c\u00e1m) H\u1ea1n<\/p>","protected":false},"featured_media":40727,"comment_status":"open","ping_status":"closed","template":"","meta":[],"product_brand":[],"product_cat":[677,397,668,256],"product_tag":[],"class_list":{"0":"post-40726","1":"product","2":"type-product","3":"status-publish","4":"has-post-thumbnail","6":"product_cat-cac-nuoc-khac","7":"product_cat-hang-me-be-do-choi","8":"product_cat-san-pham-theo-quoc-gia","9":"product_cat-thuc-pham-huu-co","11":"first","12":"instock","13":"sale","14":"shipping-taxable","15":"purchasable","16":"product-type-simple"},"_links":{"self":[{"href":"https:\/\/havamall.vn\/en\/wp-json\/wp\/v2\/product\/40726"}],"collection":[{"href":"https:\/\/havamall.vn\/en\/wp-json\/wp\/v2\/product"}],"about":[{"href":"https:\/\/havamall.vn\/en\/wp-json\/wp\/v2\/types\/product"}],"replies":[{"embeddable":true,"href":"https:\/\/havamall.vn\/en\/wp-json\/wp\/v2\/comments?post=40726"}],"version-history":[{"count":0,"href":"https:\/\/havamall.vn\/en\/wp-json\/wp\/v2\/product\/40726\/revisions"}],"wp:featuredmedia":[{"embeddable":true,"href":"https:\/\/havamall.vn\/en\/wp-json\/wp\/v2\/media\/40727"}],"wp:attachment":[{"href":"https:\/\/havamall.vn\/en\/wp-json\/wp\/v2\/media?parent=40726"}],"wp:term":[{"taxonomy":"product_brand","embeddable":true,"href":"https:\/\/havamall.vn\/en\/wp-json\/wp\/v2\/product_brand?post=40726"},{"taxonomy":"product_cat","embeddable":true,"href":"https:\/\/havamall.vn\/en\/wp-json\/wp\/v2\/product_cat?post=40726"},{"taxonomy":"product_tag","embeddable":true,"href":"https:\/\/havamall.vn\/en\/wp-json\/wp\/v2\/product_tag?post=40726"}],"curies":[{"name":"wp","href":"https:\/\/api.w.org\/{rel}","templated":true}]}}