{"id":40700,"date":"2025-08-15T14:46:01","date_gmt":"2025-08-15T07:46:01","guid":{"rendered":"https:\/\/havamall.vn\/?post_type=product&#038;p=40700"},"modified":"2025-08-15T15:13:09","modified_gmt":"2025-08-15T08:13:09","slug":"gao-vo-cam-mam-huu-co-cho-be-tu-6-thang-bebi-rice-405g-organic-baby-rice","status":"publish","type":"product","link":"https:\/\/havamall.vn\/en\/shop\/gao-vo-cam-mam-huu-co-cho-be-tu-6-thang-bebi-rice-405g-organic-baby-rice\/","title":{"rendered":"G\u1ea1o V\u1ee1 C\u00e1m M\u1ea7m H\u1eefu C\u01a1 Cho B\u00e9 T\u1eeb 6 Th\u00e1ng Bebi Rice 405g &#8211; Organic Baby Rice"},"content":{"rendered":"<blockquote>\n<h2><em><strong>TH\u00d4NG TIN CHUNG<\/strong><\/em><\/h2>\n<\/blockquote>\n<table style=\"width: 69.6394%;height: 160px\">\n<tbody>\n<tr>\n<td><b>Th\u01b0\u01a1ng hi\u1ec7u<\/b><\/td>\n<td>Happi B\u00e9bi<\/td>\n<\/tr>\n<tr>\n<td><b>Xu\u1ea5t x\u1ee9<\/b><\/td>\n<td>Vi\u1ec7t Nam<\/td>\n<\/tr>\n<tr>\n<td><b>Th\u00e0nh ph\u1ea7n<\/b><\/td>\n<td>G\u1ea1o t\u01b0\u01a1i (30% c\u00e1m)<\/td>\n<\/tr>\n<tr>\n<td><b>H\u1ea1n s\u1eed d\u1ee5ng<\/b><\/td>\n<td>Xem tr\u00ean bao b\u00ec<\/td>\n<\/tr>\n<tr>\n<td><b>B\u1ea3o qu\u1ea3n<\/b><\/td>\n<td>N\u01a1i kh\u00f4 r\u00e1o, tho\u00e1ng m\u00e1t. Sau khi m\u1edf g\u00f3i, c\u1ea7n b\u1ea3o qu\u1ea3n k\u00edn \u0111\u1ec3 tr\u00e1nh \u1ea9m m\u1ed1c<\/td>\n<\/tr>\n<tr>\n<td><b>Kh\u1ed1i l\u01b0\u1ee3ng<\/b><\/td>\n<td>405g<\/td>\n<\/tr>\n<\/tbody>\n<\/table>\n<p>Khi b\u00e9 b\u01b0\u1edbc v\u00e0o giai \u0111o\u1ea1n \u0103n d\u1eb7m, vi\u1ec7c l\u1ef1a ch\u1ecdn th\u1ef1c ph\u1ea9m \u0111\u1ea7u ti\u00ean kh\u00f4ng ch\u1ec9 l\u00e0 m\u1ed9t quy\u1ebft \u0111\u1ecbnh quan tr\u1ecdng m\u00e0 c\u00f2n l\u00e0 n\u1ec1n t\u1ea3ng cho th\u00f3i quen \u0103n u\u1ed1ng l\u00e0nh m\u1ea1nh trong t\u01b0\u01a1ng lai. G\u1ea1o \u0103n d\u1eb7m <em><strong>Happi B\u00e9bi Rice<\/strong><\/em>, v\u1edbi tri\u1ebft l\u00fd &#8220;<strong><em>Organic farm to Baby<\/em><\/strong>&#8220;, mang \u0111\u1ebfn m\u1ed9t gi\u1ea3i ph\u00e1p ho\u00e0n h\u1ea3o cho c\u00e1c b\u1eadc ph\u1ee5 huynh: m\u1ed9t lo\u1ea1i g\u1ea1o ch\u1ea5t l\u01b0\u1ee3ng cao, an to\u00e0n v\u00e0 gi\u00e0u dinh d\u01b0\u1ee1ng, gi\u00fap b\u00e9 c\u00f3 nh\u1eefng b\u1eefa \u0103n \u0111\u1ea7u ti\u00ean th\u1eadt ngon mi\u1ec7ng v\u00e0 b\u1ed5 d\u01b0\u1ee1ng.<\/p>\n<p><img fetchpriority=\"high\" decoding=\"async\" class=\"aligncenter size-full wp-image-40702\" src=\"https:\/\/havamall.com\/wp-content\/uploads\/2025\/08\/Homemade-Organic-Baby-Rice-Cereal-Recipe-2.jpg\" alt=\"\" width=\"800\" height=\"800\" srcset=\"https:\/\/havamall.vn\/wp-content\/uploads\/2025\/08\/Homemade-Organic-Baby-Rice-Cereal-Recipe-2.jpg 800w, https:\/\/havamall.vn\/wp-content\/uploads\/2025\/08\/Homemade-Organic-Baby-Rice-Cereal-Recipe-2-300x300.jpg 300w, https:\/\/havamall.vn\/wp-content\/uploads\/2025\/08\/Homemade-Organic-Baby-Rice-Cereal-Recipe-2-150x150.jpg 150w, https:\/\/havamall.vn\/wp-content\/uploads\/2025\/08\/Homemade-Organic-Baby-Rice-Cereal-Recipe-2-768x768.jpg 768w, https:\/\/havamall.vn\/wp-content\/uploads\/2025\/08\/Homemade-Organic-Baby-Rice-Cereal-Recipe-2-12x12.jpg 12w, https:\/\/havamall.vn\/wp-content\/uploads\/2025\/08\/Homemade-Organic-Baby-Rice-Cereal-Recipe-2-430x430.jpg 430w, https:\/\/havamall.vn\/wp-content\/uploads\/2025\/08\/Homemade-Organic-Baby-Rice-Cereal-Recipe-2-700x700.jpg 700w\" sizes=\"(max-width: 800px) 100vw, 800px\" \/><\/p>\n<p>S\u1ef1 kh\u00e1c bi\u1ec7t c\u1ee7a G\u1ea1o \u0103n d\u1eb7m Happi B\u00e9bi Rice \u0111\u1ebfn t\u1eeb quy tr\u00ecnh s\u1ea3n xu\u1ea5t v\u00e0 th\u00e0nh ph\u1ea7n \u0111\u1ed9c \u0111\u00e1o. S\u1ea3n ph\u1ea9m s\u1eed d\u1ee5ng ngu\u1ed3n g\u1ea1o t\u01b0\u01a1i \u0111\u01b0\u1ee3c tr\u1ed3ng v\u00e0 tuy\u1ec3n ch\u1ecdn k\u1ef9 l\u01b0\u1ee1ng, \u0111\u1ea3m b\u1ea3o 100% t\u1ef1 nhi\u00ean. \u0110i\u1ec3m n\u1ed5i b\u1eadt nh\u1ea5t ch\u00ednh l\u00e0 vi\u1ec7c gi\u1eef l\u1ea1i 30% l\u1edbp c\u00e1m. Trong khi c\u00e1c lo\u1ea1i g\u1ea1o th\u00f4ng th\u01b0\u1eddng b\u1ecb xay x\u00e1t \u0111\u1ec3 lo\u1ea1i b\u1ecf ho\u00e0n to\u00e0n l\u1edbp c\u00e1m, Happi B\u00e9bi \u0111\u00e3 \u00e1p d\u1ee5ng m\u1ed9t quy tr\u00ecnh \u0111\u1eb7c bi\u1ec7t \u0111\u1ec3 gi\u1eef l\u1ea1i m\u1ed9t ph\u1ea7n quan tr\u1ecdng c\u1ee7a l\u1edbp v\u1ecf n\u00e0y. Nh\u1edd \u0111\u00f3, g\u1ea1o v\u1eabn gi\u1eef \u0111\u01b0\u1ee3c m\u1ed9t l\u01b0\u1ee3ng l\u1edbn ch\u1ea5t dinh d\u01b0\u1ee1ng qu\u00fd gi\u00e1, trong \u0111\u00f3 bao g\u1ed3m vitamin nh\u00f3m B, kho\u00e1ng ch\u1ea5t v\u00e0 ch\u1ea5t x\u01a1.<\/p>\n<p>\u2013 Quy tr\u00ecnh s\u1ea3n xu\u1ea5t \u0111\u1ea3m b\u1ea3o ch\u1ea5t l\u01b0\u1ee3ng, t\u1eeb kh\u00e2u canh t\u00e1c \u0111\u1ebfn \u0111\u00f3ng g\u00f3i \u0111\u1ec1u tu\u00e2n th\u1ee7 c\u00e1c ti\u00eau chu\u1ea9n nghi\u00eam ng\u1eb7t, \u0111\u1ea3m b\u1ea3o m\u1ed7i h\u1ea1t g\u1ea1o \u0111\u1ec1u s\u1ea1ch v\u00e0 an to\u00e0n tuy\u1ec7t \u0111\u1ed1i cho b\u00e9.<\/p>\n<p>\u2013 S\u1ea3n ph\u1ea9m c\u00f3 \u0111\u1eb7c t\u00ednh &#8220;n\u1ea5u tr\u1ef1c ti\u1ebfp, kh\u00f4ng c\u1ea7n ng\u00e2m&#8221;, gi\u00fap ti\u1ebft ki\u1ec7m th\u1eddi gian cho c\u00e1c b\u00e0 m\u1eb9 b\u1eadn r\u1ed9n m\u00e0 v\u1eabn \u0111\u1ea3m b\u1ea3o \u0111\u1ed9 s\u00e1nh v\u00e0 m\u1ec1m m\u1ecbn c\u1ee7a ch\u00e1o.<\/p>\n<p>\u2013 H\u01b0\u01a1ng v\u1ecb t\u1ef1 nhi\u00ean, th\u01a1m ngon c\u1ee7a g\u1ea1o gi\u00fap nu\u00f4i d\u01b0\u1ee1ng v\u1ecb gi\u00e1c c\u1ee7a b\u00e9 m\u1ed9t c\u00e1ch l\u00e0nh m\u1ea1nh, kh\u00f4ng l\u00e0m b\u00e9 quen v\u1edbi c\u00e1c v\u1ecb ng\u1ecdt, m\u1eb7n nh\u00e2n t\u1ea1o.<\/p>\n<p><img decoding=\"async\" class=\"aligncenter wp-image-40712\" src=\"https:\/\/havamall.com\/wp-content\/uploads\/2025\/08\/brown-rice-congee-newspaper.jpg\" alt=\"\" width=\"800\" height=\"1000\" srcset=\"https:\/\/havamall.vn\/wp-content\/uploads\/2025\/08\/brown-rice-congee-newspaper.jpg 1200w, https:\/\/havamall.vn\/wp-content\/uploads\/2025\/08\/brown-rice-congee-newspaper-240x300.jpg 240w, https:\/\/havamall.vn\/wp-content\/uploads\/2025\/08\/brown-rice-congee-newspaper-640x800.jpg 640w, https:\/\/havamall.vn\/wp-content\/uploads\/2025\/08\/brown-rice-congee-newspaper-768x960.jpg 768w, https:\/\/havamall.vn\/wp-content\/uploads\/2025\/08\/brown-rice-congee-newspaper-10x12.jpg 10w, https:\/\/havamall.vn\/wp-content\/uploads\/2025\/08\/brown-rice-congee-newspaper-430x538.jpg 430w, https:\/\/havamall.vn\/wp-content\/uploads\/2025\/08\/brown-rice-congee-newspaper-700x875.jpg 700w, https:\/\/havamall.vn\/wp-content\/uploads\/2025\/08\/brown-rice-congee-newspaper-150x188.jpg 150w\" sizes=\"(max-width: 800px) 100vw, 800px\" \/><\/p>\n<p>G\u1ea1o \u0103n d\u1eb7m Happi B\u00e9bi Rice l\u00e0 n\u1ec1n t\u1ea3ng l\u00fd t\u01b0\u1edfng cho nhi\u1ec1u m\u00f3n \u0103n d\u1eb7m phong ph\u00fa v\u00e0 \u0111a d\u1ea1ng. L\u00e0 nguy\u00ean li\u1ec7u ch\u00ednh \u0111\u1ec3 n\u1ea5u ch\u00e1o, g\u1ea1o Happi B\u00e9bi Rice d\u1ec5 d\u00e0ng k\u1ebft h\u1ee3p v\u1edbi c\u00e1c lo\u1ea1i th\u1ef1c ph\u1ea9m kh\u00e1c \u0111\u1ec3 t\u1ea1o ra m\u1ed9t th\u1ef1c \u0111\u01a1n c\u00e2n b\u1eb1ng v\u00e0 \u0111\u1ea7y \u0111\u1ee7.<\/p>\n<p>\u2013 Ch\u00e1o rau c\u1ee7: Ch\u00e1o g\u1ea1o c\u00f3 th\u1ec3 n\u1ea5u c\u00f9ng c\u00e1c lo\u1ea1i rau c\u1ee7 nghi\u1ec1n nhuy\u1ec5n nh\u01b0 b\u00ed \u0111\u1ecf, c\u00e0 r\u1ed1t, khoai lang \u0111\u1ec3 b\u1ed5 sung vitamin v\u00e0 ch\u1ea5t x\u01a1.<\/p>\n<p>\u2013 Ch\u00e1o \u0111\u1ea1m: K\u1ebft h\u1ee3p ch\u00e1o g\u1ea1o v\u1edbi th\u1ecbt g\u00e0, th\u1ecbt heo, c\u00e1 ho\u1eb7c t\u00f4m xay nhuy\u1ec5n \u0111\u1ec3 cung c\u1ea5p protein v\u00e0 s\u1eaft cho s\u1ef1 ph\u00e1t tri\u1ec3n c\u1ee7a b\u00e9.<\/p>\n<p>\u2013 Ch\u00e1o ng\u0169 c\u1ed1c: C\u00f3 th\u1ec3 n\u1ea5u ch\u00e1o g\u1ea1o c\u00f9ng c\u00e1c lo\u1ea1i h\u1ea1t v\u00e0 \u0111\u1eadu \u0111\u1ec3 t\u1ea1o ra nh\u1eefng b\u1eefa \u0103n phong ph\u00fa v\u1ec1 h\u01b0\u01a1ng v\u1ecb v\u00e0 dinh d\u01b0\u1ee1ng.<\/p>\n<p>\u2013 N\u01b0\u1edbc ch\u00e1o: L\u1ea5y ph\u1ea7n n\u01b0\u1edbc ch\u00e1o \u0111\u1ec3 b\u00e9 u\u1ed1ng, gi\u00fap b\u1ed5 sung n\u0103ng l\u01b0\u1ee3ng v\u00e0 d\u01b0\u1ee1ng ch\u1ea5t m\u1ed9t c\u00e1ch nh\u1eb9 nh\u00e0ng.<\/p>\n<p><img decoding=\"async\" class=\"aligncenter wp-image-40713\" src=\"https:\/\/havamall.com\/wp-content\/uploads\/2025\/08\/syrup.jpg\" alt=\"\" width=\"800\" height=\"1200\" srcset=\"https:\/\/havamall.vn\/wp-content\/uploads\/2025\/08\/syrup.jpg 1000w, https:\/\/havamall.vn\/wp-content\/uploads\/2025\/08\/syrup-200x300.jpg 200w, https:\/\/havamall.vn\/wp-content\/uploads\/2025\/08\/syrup-533x800.jpg 533w, https:\/\/havamall.vn\/wp-content\/uploads\/2025\/08\/syrup-768x1152.jpg 768w, https:\/\/havamall.vn\/wp-content\/uploads\/2025\/08\/syrup-8x12.jpg 8w, https:\/\/havamall.vn\/wp-content\/uploads\/2025\/08\/syrup-430x645.jpg 430w, https:\/\/havamall.vn\/wp-content\/uploads\/2025\/08\/syrup-700x1050.jpg 700w, https:\/\/havamall.vn\/wp-content\/uploads\/2025\/08\/syrup-150x225.jpg 150w\" sizes=\"(max-width: 800px) 100vw, 800px\" \/><\/p>\n<p>Gi\u00e1 tr\u1ecb dinh d\u01b0\u1ee1ng c\u1ee7a G\u1ea1o \u0103n d\u1eb7m Happi B\u00e9bi Rice r\u1ea5t quan tr\u1ecdng \u0111\u1ed1i v\u1edbi s\u1ef1 ph\u00e1t tri\u1ec3n to\u00e0n di\u1ec7n c\u1ee7a tr\u1ebb nh\u1ecf. G\u1ea1o l\u00e0 ngu\u1ed3n cung c\u1ea5p carbohydrate ch\u00ednh, cung c\u1ea5p n\u0103ng l\u01b0\u1ee3ng c\u1ea7n thi\u1ebft cho c\u00e1c ho\u1ea1t \u0111\u1ed9ng h\u00e0ng ng\u00e0y c\u1ee7a b\u00e9. H\u00e0m l\u01b0\u1ee3ng ch\u1ea5t \u0111\u1ea1m (protein) v\u00e0 ch\u1ea5t b\u00e9o trong g\u1ea1o, \u0111\u1eb7c bi\u1ec7t l\u00e0 ph\u1ea7n \u0111\u01b0\u1ee3c gi\u1eef l\u1ea1i \u1edf l\u1edbp c\u00e1m, \u0111\u00f3ng vai tr\u00f2 quan tr\u1ecdng trong vi\u1ec7c x\u00e2y d\u1ef1ng t\u1ebf b\u00e0o, ph\u00e1t tri\u1ec3n tr\u00ed n\u00e3o v\u00e0 h\u1ea5p thu c\u00e1c vitamin tan trong d\u1ea7u. Ch\u1ea5t x\u01a1 c\u00f3 trong l\u1edbp c\u00e1m g\u1ea1o c\u00f2n h\u1ed7 tr\u1ee3 h\u1ec7 ti\u00eau h\u00f3a c\u1ee7a b\u00e9 ho\u1ea1t \u0111\u1ed9ng \u1ed5n \u0111\u1ecbnh, ng\u0103n ng\u1eeba t\u00ecnh tr\u1ea1ng t\u00e1o b\u00f3n. S\u1ef1 k\u1ebft h\u1ee3p c\u00e1c d\u01b0\u1ee1ng ch\u1ea5t n\u00e0y \u0111\u00e3 bi\u1ebfn g\u1ea1o Happi B\u00e9bi Rice tr\u1edf th\u00e0nh m\u1ed9t l\u1ef1a ch\u1ecdn dinh d\u01b0\u1ee1ng v\u01b0\u1ee3t tr\u1ed9i cho giai \u0111o\u1ea1n \u0103n d\u1eb7m, gi\u00fap b\u00e9 ph\u00e1t tri\u1ec3n kh\u1ecfe m\u1ea1nh v\u00e0 to\u00e0n di\u1ec7n.<\/p>\n<p><img loading=\"lazy\" decoding=\"async\" class=\"aligncenter\" src=\"https:\/\/havamall.com\/wp-content\/uploads\/2025\/08\/IMG_0196-77-2.jpg\" alt=\"Vegetable porridge for baby online\" width=\"800\" height=\"800\" \/><\/p>\n<p>G\u1ea1o \u0103n d\u1eb7m Happi B\u00e9bi Rice l\u00e0 s\u1ef1 l\u1ef1a ch\u1ecdn tin c\u1eady cho kh\u1edfi \u0111\u1ea7u \u0103n d\u1eb7m c\u1ee7a b\u00e9. V\u1edbi s\u1ef1 k\u1ebft h\u1ee3p gi\u1eefa ngu\u1ed3n g\u1ed1c t\u1ef1 nhi\u00ean, th\u00e0nh ph\u1ea7n dinh d\u01b0\u1ee1ng phong ph\u00fa v\u00e0 s\u1ef1 ti\u1ec7n l\u1ee3i trong ch\u1ebf bi\u1ebfn, mang \u0111\u1ebfn nh\u1eefng b\u1eefa \u0103n ngon mi\u1ec7ng, an to\u00e0n v\u00e0 tr\u00e0n \u0111\u1ea7y t\u00ecnh y\u00eau th\u01b0\u01a1ng. S\u1ea3n ph\u1ea9m hi\u1ec7n \u0111ang \u0111\u01b0\u1ee3c b\u00e1n t\u1ea1i Havamall.<\/p>","protected":false},"excerpt":{"rendered":"<p>TH\u00d4NG TIN CHUNG Th\u01b0\u01a1ng hi\u1ec7u Happi B\u00e9bi Xu\u1ea5t x\u1ee9 Vi\u1ec7t Nam Th\u00e0nh ph\u1ea7n G\u1ea1o t\u01b0\u01a1i (30% c\u00e1m) H\u1ea1n s\u1eed d\u1ee5ng<\/p>","protected":false},"featured_media":40701,"comment_status":"open","ping_status":"closed","template":"","meta":[],"product_brand":[],"product_cat":[677,397,256],"product_tag":[],"class_list":{"0":"post-40700","1":"product","2":"type-product","3":"status-publish","4":"has-post-thumbnail","6":"product_cat-cac-nuoc-khac","7":"product_cat-hang-me-be-do-choi","8":"product_cat-thuc-pham-huu-co","10":"first","11":"instock","12":"sale","13":"shipping-taxable","14":"purchasable","15":"product-type-simple"},"_links":{"self":[{"href":"https:\/\/havamall.vn\/en\/wp-json\/wp\/v2\/product\/40700"}],"collection":[{"href":"https:\/\/havamall.vn\/en\/wp-json\/wp\/v2\/product"}],"about":[{"href":"https:\/\/havamall.vn\/en\/wp-json\/wp\/v2\/types\/product"}],"replies":[{"embeddable":true,"href":"https:\/\/havamall.vn\/en\/wp-json\/wp\/v2\/comments?post=40700"}],"version-history":[{"count":0,"href":"https:\/\/havamall.vn\/en\/wp-json\/wp\/v2\/product\/40700\/revisions"}],"wp:featuredmedia":[{"embeddable":true,"href":"https:\/\/havamall.vn\/en\/wp-json\/wp\/v2\/media\/40701"}],"wp:attachment":[{"href":"https:\/\/havamall.vn\/en\/wp-json\/wp\/v2\/media?parent=40700"}],"wp:term":[{"taxonomy":"product_brand","embeddable":true,"href":"https:\/\/havamall.vn\/en\/wp-json\/wp\/v2\/product_brand?post=40700"},{"taxonomy":"product_cat","embeddable":true,"href":"https:\/\/havamall.vn\/en\/wp-json\/wp\/v2\/product_cat?post=40700"},{"taxonomy":"product_tag","embeddable":true,"href":"https:\/\/havamall.vn\/en\/wp-json\/wp\/v2\/product_tag?post=40700"}],"curies":[{"name":"wp","href":"https:\/\/api.w.org\/{rel}","templated":true}]}}